{"id":10834,"date":"2024-03-30T11:07:01","date_gmt":"2024-03-30T11:07:01","guid":{"rendered":"https:\/\/d2dhunting.com\/?page_id=10834"},"modified":"2024-03-31T15:23:29","modified_gmt":"2024-03-31T15:23:29","slug":"terminos-y-condiciones-generales","status":"publish","type":"page","link":"https:\/\/d2dhunting.com\/es\/terminos-y-condiciones-generales\/","title":{"rendered":"T\u00c9RMINOS Y CONDICIONES GENERALES"},"content":{"rendered":"\t\t<div data-elementor-type=\"wp-page\" data-elementor-id=\"10834\" class=\"elementor elementor-10834\" data-elementor-post-type=\"page\">\n\t\t\t\t<div class=\"elementor-element elementor-element-6215ac3c e-flex e-con-boxed e-con e-parent\" data-id=\"6215ac3c\" data-element_type=\"container\" data-e-type=\"container\">\n\t\t\t\t\t<div class=\"e-con-inner\">\n\t\t<div class=\"elementor-element elementor-element-4b8a214 e-flex e-con-boxed e-con e-child\" data-id=\"4b8a214\" data-element_type=\"container\" data-e-type=\"container\">\n\t\t\t\t\t<div class=\"e-con-inner\">\n\t\t\t\t\t<\/div>\n\t\t\t\t<\/div>\n\t\t\t\t<div class=\"elementor-element elementor-element-4f94629 elementor-widget elementor-widget-heading\" data-id=\"4f94629\" data-element_type=\"widget\" data-e-type=\"widget\" data-widget_type=\"heading.default\">\n\t\t\t\t<div class=\"elementor-widget-container\">\n\t\t\t\t\t<h2 class=\"elementor-heading-title elementor-size-default\"><h2 class=\"elementor-heading-title elementor-size-default elementor-inline-editing pen\" data-elementor-setting-key=\"title\" data-pen-placeholder=\"Teclea aqu\u00ed...\" style=\"--tw-border-spacing-x: 0;--tw-border-spacing-y: 0;--tw-translate-x: 0;--tw-translate-y: 0;--tw-rotate: 0;--tw-skew-x: 0;--tw-skew-y: 0;--tw-scale-x: 1;--tw-scale-y: 1;--tw-pan-x:;--tw-pan-y:;--tw-pinch-zoom:;--tw-scroll-snap-strictness: proximity;--tw-gradient-from-position:;--tw-gradient-via-position:;--tw-gradient-to-position:;--tw-ordinal:;--tw-slashed-zero:;--tw-numeric-figure:;--tw-numeric-spacing:;--tw-numeric-fraction:;--tw-ring-inset:;--tw-ring-offset-width: 0px;--tw-ring-offset-color: #fff;--tw-ring-offset-shadow: 0 0 #0000;--tw-ring-shadow: 0 0 #0000;--tw-shadow: 0 0 #0000;--tw-shadow-colored: 0 0 #0000;--tw-blur:;--tw-brightness:;--tw-contrast:;--tw-grayscale:;--tw-hue-rotate:;--tw-invert:;--tw-saturate:;--tw-sepia:;--tw-drop-shadow:;--tw-backdrop-blur:;--tw-backdrop-brightness:;--tw-backdrop-contrast:;--tw-backdrop-grayscale:;--tw-backdrop-hue-rotate:;--tw-backdrop-invert:;--tw-backdrop-opacity:;--tw-backdrop-saturate:;--tw-backdrop-sepia:;font-family: Designer, sans-serif;font-weight: 600;font-size: 40px\">T\u00c9RMINOS Y CONDICIONES GENERALES<\/h2><\/h2>\t\t\t\t<\/div>\n\t\t\t\t<\/div>\n\t\t\t\t<div class=\"elementor-element elementor-element-4280e7f7 elementor-widget elementor-widget-text-editor\" data-id=\"4280e7f7\" data-element_type=\"widget\" data-e-type=\"widget\" data-widget_type=\"text-editor.default\">\n\t\t\t\t<div class=\"elementor-widget-container\">\n\t\t\t\t\t\t\t\t\t<p><b>OBJETO<\/b><\/p>\n<p><span style=\"font-weight: 400;\">Este sitio web es propiedad y est\u00e1 gestionado por la empresa DAWN TO DUSK DISTRIBUCI\u00d3N, S.L. (en adelante &#8220;D2D\u201d o \u201cDawn to Dusk\u201d)<\/span><\/p>\n<p><span style=\"font-weight: 400;\">D2D ha dise\u00f1ado este sitio web para presentar los servicios ofrecidos por la entidad DAWN TO DUSK DISTRIBUCION S.L. as\u00ed como para recibir clientes potenciales y contactos comerciales en el \u00e1mbito del comercio electr\u00f3nico.<\/span><\/p>\n<p>\u00a0<\/p>\n<p><span style=\"font-weight: 400;\">En cumplimiento de la legislaci\u00f3n sobre Servicios de la Sociedad de la Informaci\u00f3n y de Comercio Electr\u00f3nico, D2D, como prestador de servicios y responsable del sitio web, pone a disposici\u00f3n de los usuarios sus datos completos as\u00ed como el resto del contenido de este documento informativo sobre las condiciones de uso del sitio.<\/span><\/p>\n<p><span style=\"font-weight: 400;\">DAWN TO DUSK DISTRIBUCI\u00d3N, S.L.<\/span><\/p>\n<p><span style=\"font-weight: 400;\">CIF: B-13957535<\/span><\/p>\n<p><span style=\"font-weight: 400;\">Carretera A1, Km.27,5<\/span><\/p>\n<p><span style=\"font-weight: 400;\">San Sebasti\u00e1n de los Reyes<\/span><\/p>\n<p><span style=\"font-weight: 400;\">28700 Madrid<\/span><\/p>\n<p><span style=\"font-weight: 400;\">E-mail:<\/span> <a href=\"mailto:info@d2dhunting.com\"><b>info@d2dhunting.com<\/b><\/a><\/p>\n<p><span style=\"font-weight: 400;\">Tel\u00e9fono: +34 614315805<\/span><\/p>\n<p><span style=\"font-weight: 400;\">Empresa inscrita en el Registro Mercantil de Madrid, Tomo: 45.536, Folio: 115, Hoja: M-800879, Inscripci\u00f3n: 1<\/span><\/p>\n<p><br \/><br \/><\/p>\n<p><b>DERECHOS Y OBLIGACIONES DEL USUARIO<\/b><\/p>\n<p>\u00a0<\/p>\n<p><span style=\"font-weight: 400;\">A toda persona que acceda a este sitio web y utilice de cualquiera de los servicios ofrecidos en el sitio web, se le atribuir\u00e1 la condici\u00f3n de Usuario. Dicha condici\u00f3n implica la observancia y cumplimiento riguroso de las disposiciones aqu\u00ed dispuestas y de cualquier otra disposici\u00f3n legal que resulte de aplicaci\u00f3n as\u00ed como la aceptaci\u00f3n expresa, voluntaria y sin reservas de estas Condiciones Generales.<\/span><\/p>\n<p>\u00a0<\/p>\n<p><span style=\"font-weight: 400;\">Este sitio web proporciona informaci\u00f3n sobre servicios destinados al conocimiento p\u00fablico, que en todo caso estar\u00e1n sujetos a los t\u00e9rminos y condiciones expresamente detallados en cada momento y accesibles desde este sitio web, y que estar\u00e1n sujetos a diversas disposiciones legales aplicables.<\/span><\/p>\n<p><span style=\"font-weight: 400;\">La utilizaci\u00f3n de los servicios de pago o que conlleven la asunci\u00f3n de obligaciones ofrecidos en el sitio web, implica la declaraci\u00f3n t\u00e1cita por parte del Usuario de su capacidad legal y poder de representaci\u00f3n para contratar.<\/span><\/p>\n<p><span style=\"font-weight: 400;\">Las condiciones de acceso a este sitio web estar\u00e1n supeditadas a la legalidad vigente, a las buenas pr\u00e1cticas y a los principios de buena fe y uso l\u00edcito y diligente por parte del usuario.<\/span><\/p>\n<p>\u00a0<\/p>\n<p><span style=\"font-weight: 400;\">Con car\u00e1cter general queda prohibido el efectuar cualquier tipo de modificaci\u00f3n o alteraci\u00f3n de los contenidos del sitio web, as\u00ed como toda acci\u00f3n que pudiera perjudicar de cualquier forma su integridad o funcionamiento.<\/span><\/p>\n<p>\u00a0<\/p>\n<p><span style=\"font-weight: 400;\">Queda terminantemente prohibido el uso de este sitio web con fines ilegales o no autorizados.<\/span><\/p>\n<p>\u00a0<\/p>\n<p><span style=\"font-weight: 400;\">Tanto el acceso a este sitio web como el uso que pueda hacerse de la informaci\u00f3n y contenidos incluidos en el mismo ser\u00e1n de la exclusiva responsabilidad del usuario.<\/span><\/p>\n<p>\u00a0<\/p>\n<p><span style=\"font-weight: 400;\">En caso de incumplimiento de las obligaciones expresadas en estas Condiciones Generales, se podr\u00e1 suprimir o suspender el acceso al sitio web del usuario que haya incumplido debiendo este adem\u00e1s responder de los da\u00f1os y perjuicios que su actuaci\u00f3n malintencionada o dolosa haya podido causar a D2D o a terceras partes.<\/span><\/p>\n<p><br \/><br \/><\/p>\n<p><b>RESPONSABILIDAD DE DAWN TO DUSK S.L.\u00a0<\/b><\/p>\n<p><span style=\"font-weight: 400;\">D2D se reserva el derecho a modificar cualquier tipo de informaci\u00f3n que pudiera aparecer en el sitio web, sin que exista obligaci\u00f3n de preavisar o poner en conocimiento de los usuarios dichas modificaciones m\u00e1s all\u00e1 de la propia publicaci\u00f3n en el sitio web.<\/span><\/p>\n<p><span style=\"font-weight: 400;\">Este sitio web ha sido dise\u00f1ado para funcionar de manera ininterrumpida. No obstante D2D se reserva el derecho a suspender el acceso a su sitio web, sin previo aviso, de forma discrecional y temporal, por motivos t\u00e9cnicos o por cualquier otra causa, pudiendo asimismo modificar unilateralmente tanto las condiciones de acceso como todo o parte de los contenidos incluidos en el mismo.<\/span><\/p>\n<p><span style=\"font-weight: 400;\">D2D no puede asumir responsabilidad por la imposibilidad temporal de acceso al sitio web o a parte de su informaci\u00f3n en un momento determinado.<\/span><\/p>\n<p><span style=\"font-weight: 400;\">Salvo actuaci\u00f3n negligente por su parte, D2D no se hace responsable por interpretaciones err\u00f3neas a que pueda dar lugar la informaci\u00f3n presentada en el sitio web, que en muchos casos ha sido traducida y simplificada para facilitar su comprensi\u00f3n.<\/span><\/p>\n<p><span style=\"font-weight: 400;\">De igual modo, D2D no responder\u00e1 por los eventuales da\u00f1os y perjuicios causados por hechos fortuitos, por informaci\u00f3n que haya sido manipulada o introducida por terceros, o por el uso ilegal o indebido que del sitio web o de los contenidos e informaciones accesibles o facilitados a trav\u00e9s de este, hay podido realizar alg\u00fan usuario.<\/span><\/p>\n<p><span style=\"font-weight: 400;\">Eventualmente, a trav\u00e9s de los hiperv\u00ednculos incluidos, el usuario podr\u00eda ser redirigido desde este sitio web a contenido de sitios web de terceros. D2D no puede controlar los contenidos introducidos por terceros en sus sitios web por lo que no asume responsabilidad alguna por los contenidos, informaciones, o servicios que pudieran aparecer en dichos sitios, los cuales se facilitan \u00fanicamente a efectos informativos y en ning\u00fan caso implican relaci\u00f3n alguna entre D2D y las personas o entidades titulares de dichos contenidos o titulares de los sitios donde se encuentren.<\/span><\/p>\n<p><span style=\"font-weight: 400;\">En cualquier caso, si tomara conocimiento de la existencia de cualquier contenido que pudiera atentar contra la legalidad, la moral o el buen gusto, D2D proceder\u00eda a la retirada inmediata del hiperv\u00ednculo.<\/span><\/p>\n<p><b>PROPIEDAD INTELECTUAL E INDUSTRIAL<\/b><\/p>\n<p><span style=\"font-weight: 400;\">Este sitio web, incluyendo a t\u00edtulo enunciativo pero no limitativo, su c\u00f3digo fuente, dise\u00f1o, programaci\u00f3n, estructuras de navegaci\u00f3n, edici\u00f3n, compilaci\u00f3n y dem\u00e1s elementos de funcionamiento as\u00ed como\u00a0 los dise\u00f1os, logotipos, textos, gr\u00e1ficos, contenidos, marcas, dise\u00f1os, logotipos, iconos, botones, software, nombres comerciales, nombres de dominio, y cualesquiera otros signos o elementos susceptibles de protecci\u00f3n por derechos de propiedad intelectual e industrial que formen parte del sitio web son propiedad de D2D, o de dominio p\u00fablico o, en su caso, de terceros que han autorizado debidamente su inclusi\u00f3n en el sitio web.<\/span><\/p>\n<p><span style=\"font-weight: 400;\">El sitio web as\u00ed como todos sus contenidos, sus p\u00e1ginas, y la informaci\u00f3n o elementos contenidos en las mismas, incluyendo textos, documentos, fotograf\u00edas, dibujos, representaciones gr\u00e1ficas, programas de software, as\u00ed como logotipos, marcas, nombres comerciales, u otros signos distintivos se encuentran debidamente protegidos por la normativa de propiedad intelectual e industrial e inscritos en los registros p\u00fablicos correspondientes siendo D2D titular o leg\u00edtimo licenciatario.<\/span><\/p>\n<p><span style=\"font-weight: 400;\">Como titular de los derechos de propiedad intelectual del sitio web, corresponde a D2D el ejercicio exclusivo de los derechos de explotaci\u00f3n de estos en cualquier forma, en especial, de reproducci\u00f3n, distribuci\u00f3n, comunicaci\u00f3n p\u00fablica y transformaci\u00f3n, de acuerdo con la legislaci\u00f3n espa\u00f1ola y de la Uni\u00f3n Europea.<\/span><\/p>\n<p><span style=\"font-weight: 400;\">Queda prohibida cualquier forma de explotaci\u00f3n, incluyendo todo tipo de reproducci\u00f3n total o parcial, distribuci\u00f3n, comercializaci\u00f3n, cesi\u00f3n a terceros, comunicaci\u00f3n p\u00fablica y transformaci\u00f3n, por cualquier medio y soporte, de los citados contenidos, creaciones y signos distintivos sin la previa y expresa autorizaci\u00f3n escrita de sus respectivos titulares.<\/span><\/p>\n<p><span style=\"font-weight: 400;\">Igualmente, salvo autorizaci\u00f3n expresa del titular, queda prohibido presentar las p\u00e1ginas del sitio web de D2D, o la informaci\u00f3n contenida en las mismas, bajo marcos, signos distintivos, marcas, o nombres comerciales de otra persona o entidad.<\/span><\/p>\n<p><span style=\"font-weight: 400;\">El incumplimiento de estas prohibiciones a trav\u00e9s de cualquier uso no autorizado previamente por D2D o los terceros correspondientes ser\u00e1 considerado un incumplimiento grave de los derechos de propiedad intelectual o industrial del autor y la infracci\u00f3n perseguida y sancionada por las acciones penales y civiles contempladas en la legislaci\u00f3n vigente.<\/span><\/p>\n<p><span style=\"font-weight: 400;\">Los dise\u00f1os, logotipos, texto y gr\u00e1ficos de terceros que pudieran aparecer en el sitio web, pertenecen a sus respectivos propietarios. D2D reconoce los correspondientes derechos de propiedad industrial e intelectual a favor de sus titulares, no implicando su menci\u00f3n o aparici\u00f3n en el sitio web la existencia de ning\u00fan derecho o responsabilidad de D2D sobre los mismos fuera de los l\u00edmites marcados en los correspondientes acuerdos de distribuci\u00f3n.<\/span><\/p>\n<p><b>COMUNICACIONES<\/b><\/p>\n<p><span style=\"font-weight: 400;\">Para cualquier comunicaci\u00f3n con D2D, cualquier usuario podr\u00e1 dirigirse a la empresa utilizando los datos incluidos en estas condiciones generales o a trav\u00e9s de la secci\u00f3n de contacto del sitio web.<\/span><\/p>\n<p><span style=\"font-weight: 400;\">Cualquier comunicaci\u00f3n deber\u00e1 hacer a trav\u00e9s de un sistema fehaciente (correo certificado o e-mail).<\/span><\/p>\n<p><span style=\"font-weight: 400;\">D2D se dirigir\u00e1 al usuario utilizando los datos de contacto proporcionados ya sea al registrarse en el sitio web o facilitados en su primera comunicaci\u00f3n.<\/span><\/p>\n<p><br \/><br \/><\/p>\n<p><b>LEY APLICABLE Y JURISDICCION<\/b><\/p>\n<p>\u00a0<\/p>\n<p><span style=\"font-weight: 400;\">Para la resoluci\u00f3n de todas las controversias o cuestiones relacionadas con el presente sitio web o de las actividades en \u00e9l desarrolladas, ser\u00e1 de aplicaci\u00f3n la legislaci\u00f3n espa\u00f1ola a la que las partes se someten expresamente, sea cual fuere el pa\u00eds de origen del usuario.<\/span><\/p>\n<p><span style=\"font-weight: 400;\">El mero acceso al sitio web y la utilizaci\u00f3n de los servicios en \u00e9l ofrecidos presupone la aceptaci\u00f3n expresa de dicha jurisdicci\u00f3n espa\u00f1ola.<\/span><\/p>\n<p><span style=\"font-weight: 400;\">As\u00ed mismo, las partes intervinientes acuerdan que todo litigio, discrepancia, cuesti\u00f3n o reclamaci\u00f3n resultante de la ejecuci\u00f3n o interpretaci\u00f3n de las presentes condiciones o relacionado con ellas, o de otros textos que pudiera haber en el sitio web, se intentar\u00e1n resolver de forma amistosa por lo que se obligan negociar de buena fe para resolver el litigio o controversia durante un plazo no inferior a un (1) mes contado desde la fecha en que una de las partes notifique por escrito a la otra su pretensi\u00f3n potencialmente litigiosa.<\/span><\/p>\n<p><span style=\"font-weight: 400;\">Si acabado el plazo persistiera la controversia, las partes la resolver\u00e1n definitivamente mediante sometimiento a los Juzgados y Tribunales de Madrid por ser \u00e9ste el domicilio de D2D, con renuncia expresa a cualquier otro fuero o demarcaci\u00f3n jurisdiccional que pudiera resultar competente, excepci\u00f3n hecha de aquellos casos en que la legislaci\u00f3n prevea un fuero preferente.<\/span><\/p>\t\t\t\t\t\t\t\t<\/div>\n\t\t\t\t<\/div>\n\t\t\t\t\t<\/div>\n\t\t\t\t<\/div>\n\t\t\t\t<\/div>\n\t\t","protected":false},"excerpt":{"rendered":"<p>T\u00c9RMINOS Y CONDICIONES GENERALES OBJETO Este sitio web es propiedad y est\u00e1 gestionado por la empresa DAWN TO DUSK DISTRIBUCI\u00d3N, S.L. (en adelante &#8220;D2D\u201d o \u201cDawn to Dusk\u201d) D2D ha dise\u00f1ado este sitio web para presentar los servicios ofrecidos por la entidad DAWN TO DUSK DISTRIBUCION S.L. as\u00ed como para recibir clientes potenciales y contactos [&hellip;]<\/p>\n","protected":false},"author":2,"featured_media":0,"parent":0,"menu_order":0,"comment_status":"closed","ping_status":"closed","template":"","meta":{"_acf_changed":false,"footnotes":""},"class_list":["post-10834","page","type-page","status-publish","hentry"],"acf":[],"yoast_head":"<!-- This site is optimized with the Yoast SEO plugin v27.2 - https:\/\/yoast.com\/product\/yoast-seo-wordpress\/ -->\n<title>T\u00c9RMINOS Y CONDICIONES GENERALES - D2D Hunting<\/title>\n<meta name=\"robots\" content=\"index, follow, max-snippet:-1, max-image-preview:large, max-video-preview:-1\" \/>\n<link rel=\"canonical\" href=\"https:\/\/d2dhunting.com\/es\/terminos-y-condiciones-generales\/\" \/>\n<meta property=\"og:locale\" content=\"es_ES\" \/>\n<meta property=\"og:type\" content=\"article\" \/>\n<meta property=\"og:title\" content=\"T\u00c9RMINOS Y CONDICIONES GENERALES - D2D Hunting\" \/>\n<meta property=\"og:description\" content=\"T\u00c9RMINOS Y CONDICIONES GENERALES OBJETO Este sitio web es propiedad y est\u00e1 gestionado por la empresa DAWN TO DUSK DISTRIBUCI\u00d3N, S.L. (en adelante &#8220;D2D\u201d o \u201cDawn to Dusk\u201d) D2D ha dise\u00f1ado este sitio web para presentar los servicios ofrecidos por la entidad DAWN TO DUSK DISTRIBUCION S.L. as\u00ed como para recibir clientes potenciales y contactos [&hellip;]\" \/>\n<meta property=\"og:url\" content=\"https:\/\/d2dhunting.com\/es\/terminos-y-condiciones-generales\/\" \/>\n<meta property=\"og:site_name\" content=\"D2D Hunting\" \/>\n<meta property=\"article:modified_time\" content=\"2024-03-31T15:23:29+00:00\" \/>\n<meta name=\"twitter:card\" content=\"summary_large_image\" \/>\n<meta name=\"twitter:label1\" content=\"Tiempo de lectura\" \/>\n\t<meta name=\"twitter:data1\" content=\"7 minutos\" \/>\n<script type=\"application\/ld+json\" class=\"yoast-schema-graph\">{\"@context\":\"https:\/\/schema.org\",\"@graph\":[{\"@type\":\"WebPage\",\"@id\":\"https:\/\/d2dhunting.com\/es\/terminos-y-condiciones-generales\/\",\"url\":\"https:\/\/d2dhunting.com\/es\/terminos-y-condiciones-generales\/\",\"name\":\"T\u00c9RMINOS Y CONDICIONES GENERALES - D2D Hunting\",\"isPartOf\":{\"@id\":\"https:\/\/d2dhunting.com\/#website\"},\"datePublished\":\"2024-03-30T11:07:01+00:00\",\"dateModified\":\"2024-03-31T15:23:29+00:00\",\"breadcrumb\":{\"@id\":\"https:\/\/d2dhunting.com\/es\/terminos-y-condiciones-generales\/#breadcrumb\"},\"inLanguage\":\"es\",\"potentialAction\":[{\"@type\":\"ReadAction\",\"target\":[\"https:\/\/d2dhunting.com\/es\/terminos-y-condiciones-generales\/\"]}]},{\"@type\":\"BreadcrumbList\",\"@id\":\"https:\/\/d2dhunting.com\/es\/terminos-y-condiciones-generales\/#breadcrumb\",\"itemListElement\":[{\"@type\":\"ListItem\",\"position\":1,\"name\":\"Home\",\"item\":\"https:\/\/d2dhunting.com\/es\/\"},{\"@type\":\"ListItem\",\"position\":2,\"name\":\"T\u00c9RMINOS Y CONDICIONES GENERALES\"}]},{\"@type\":\"WebSite\",\"@id\":\"https:\/\/d2dhunting.com\/#website\",\"url\":\"https:\/\/d2dhunting.com\/\",\"name\":\"D2D Hunting\",\"description\":\"D2D was born with the idea of promoting still stalk hunting, through the distribution of quality equipment for the hunter.\",\"publisher\":{\"@id\":\"https:\/\/d2dhunting.com\/#organization\"},\"potentialAction\":[{\"@type\":\"SearchAction\",\"target\":{\"@type\":\"EntryPoint\",\"urlTemplate\":\"https:\/\/d2dhunting.com\/?s={search_term_string}\"},\"query-input\":{\"@type\":\"PropertyValueSpecification\",\"valueRequired\":true,\"valueName\":\"search_term_string\"}}],\"inLanguage\":\"es\"},{\"@type\":\"Organization\",\"@id\":\"https:\/\/d2dhunting.com\/#organization\",\"name\":\"D2D Hunting\",\"url\":\"https:\/\/d2dhunting.com\/\",\"logo\":{\"@type\":\"ImageObject\",\"inLanguage\":\"es\",\"@id\":\"https:\/\/d2dhunting.com\/#\/schema\/logo\/image\/\",\"url\":\"https:\/\/d2dhunting.com\/wp-content\/uploads\/2023\/12\/Logo_Completo.png\",\"contentUrl\":\"https:\/\/d2dhunting.com\/wp-content\/uploads\/2023\/12\/Logo_Completo.png\",\"width\":740,\"height\":308,\"caption\":\"D2D Hunting\"},\"image\":{\"@id\":\"https:\/\/d2dhunting.com\/#\/schema\/logo\/image\/\"}}]}<\/script>\n<!-- \/ Yoast SEO plugin. -->","yoast_head_json":{"title":"T\u00c9RMINOS Y CONDICIONES GENERALES - D2D Hunting","robots":{"index":"index","follow":"follow","max-snippet":"max-snippet:-1","max-image-preview":"max-image-preview:large","max-video-preview":"max-video-preview:-1"},"canonical":"https:\/\/d2dhunting.com\/es\/terminos-y-condiciones-generales\/","og_locale":"es_ES","og_type":"article","og_title":"T\u00c9RMINOS Y CONDICIONES GENERALES - D2D Hunting","og_description":"T\u00c9RMINOS Y CONDICIONES GENERALES OBJETO Este sitio web es propiedad y est\u00e1 gestionado por la empresa DAWN TO DUSK DISTRIBUCI\u00d3N, S.L. (en adelante &#8220;D2D\u201d o \u201cDawn to Dusk\u201d) D2D ha dise\u00f1ado este sitio web para presentar los servicios ofrecidos por la entidad DAWN TO DUSK DISTRIBUCION S.L. as\u00ed como para recibir clientes potenciales y contactos [&hellip;]","og_url":"https:\/\/d2dhunting.com\/es\/terminos-y-condiciones-generales\/","og_site_name":"D2D Hunting","article_modified_time":"2024-03-31T15:23:29+00:00","twitter_card":"summary_large_image","twitter_misc":{"Tiempo de lectura":"7 minutos"},"schema":{"@context":"https:\/\/schema.org","@graph":[{"@type":"WebPage","@id":"https:\/\/d2dhunting.com\/es\/terminos-y-condiciones-generales\/","url":"https:\/\/d2dhunting.com\/es\/terminos-y-condiciones-generales\/","name":"T\u00c9RMINOS Y CONDICIONES GENERALES - D2D Hunting","isPartOf":{"@id":"https:\/\/d2dhunting.com\/#website"},"datePublished":"2024-03-30T11:07:01+00:00","dateModified":"2024-03-31T15:23:29+00:00","breadcrumb":{"@id":"https:\/\/d2dhunting.com\/es\/terminos-y-condiciones-generales\/#breadcrumb"},"inLanguage":"es","potentialAction":[{"@type":"ReadAction","target":["https:\/\/d2dhunting.com\/es\/terminos-y-condiciones-generales\/"]}]},{"@type":"BreadcrumbList","@id":"https:\/\/d2dhunting.com\/es\/terminos-y-condiciones-generales\/#breadcrumb","itemListElement":[{"@type":"ListItem","position":1,"name":"Home","item":"https:\/\/d2dhunting.com\/es\/"},{"@type":"ListItem","position":2,"name":"T\u00c9RMINOS Y CONDICIONES GENERALES"}]},{"@type":"WebSite","@id":"https:\/\/d2dhunting.com\/#website","url":"https:\/\/d2dhunting.com\/","name":"D2D Hunting","description":"D2D was born with the idea of promoting still stalk hunting, through the distribution of quality equipment for the hunter.","publisher":{"@id":"https:\/\/d2dhunting.com\/#organization"},"potentialAction":[{"@type":"SearchAction","target":{"@type":"EntryPoint","urlTemplate":"https:\/\/d2dhunting.com\/?s={search_term_string}"},"query-input":{"@type":"PropertyValueSpecification","valueRequired":true,"valueName":"search_term_string"}}],"inLanguage":"es"},{"@type":"Organization","@id":"https:\/\/d2dhunting.com\/#organization","name":"D2D Hunting","url":"https:\/\/d2dhunting.com\/","logo":{"@type":"ImageObject","inLanguage":"es","@id":"https:\/\/d2dhunting.com\/#\/schema\/logo\/image\/","url":"https:\/\/d2dhunting.com\/wp-content\/uploads\/2023\/12\/Logo_Completo.png","contentUrl":"https:\/\/d2dhunting.com\/wp-content\/uploads\/2023\/12\/Logo_Completo.png","width":740,"height":308,"caption":"D2D Hunting"},"image":{"@id":"https:\/\/d2dhunting.com\/#\/schema\/logo\/image\/"}}]}},"_links":{"self":[{"href":"https:\/\/d2dhunting.com\/es\/wp-json\/wp\/v2\/pages\/10834","targetHints":{"allow":["GET"]}}],"collection":[{"href":"https:\/\/d2dhunting.com\/es\/wp-json\/wp\/v2\/pages"}],"about":[{"href":"https:\/\/d2dhunting.com\/es\/wp-json\/wp\/v2\/types\/page"}],"author":[{"embeddable":true,"href":"https:\/\/d2dhunting.com\/es\/wp-json\/wp\/v2\/users\/2"}],"replies":[{"embeddable":true,"href":"https:\/\/d2dhunting.com\/es\/wp-json\/wp\/v2\/comments?post=10834"}],"version-history":[{"count":0,"href":"https:\/\/d2dhunting.com\/es\/wp-json\/wp\/v2\/pages\/10834\/revisions"}],"wp:attachment":[{"href":"https:\/\/d2dhunting.com\/es\/wp-json\/wp\/v2\/media?parent=10834"}],"curies":[{"name":"wp","href":"https:\/\/api.w.org\/{rel}","templated":true}]}}