{"id":4378,"date":"2023-11-14T17:52:11","date_gmt":"2023-11-14T17:52:11","guid":{"rendered":"https:\/\/d2dhunting.com\/?page_id=4378"},"modified":"2024-03-31T15:16:31","modified_gmt":"2024-03-31T15:16:31","slug":"privacy-policy","status":"publish","type":"page","link":"https:\/\/d2dhunting.com\/es\/privacy-policy\/","title":{"rendered":"POLITICA DE PRIVACIDAD"},"content":{"rendered":"\n<p>A los efectos previstos en el Reglamento Europeo de Protecci\u00f3n de Datos, Reglamento (UE) 2016\/679 (en adelante GDPR), DAWN TO DUSK DISTRIBUCI\u00d3N, S.L. le informa que cumple \u00edntegramente con la legislaci\u00f3n vigente en materia de protecci\u00f3n de datos de car\u00e1cter personal, as\u00ed como con los compromisos de confidencialidad inherentes a su actividad.<\/p>\n\n\n\n<p>DAWN TO DUSK DISTRIBUCI\u00d3N, S.L. le informa de la existencia de un Registro de Actividades, titularidad de DAWN TO DUSK DISTRIBUCI\u00d3N, S.L., con fines de gesti\u00f3n, comunicaci\u00f3n e informaci\u00f3n. Este Registro de Actividades est\u00e1 a disposici\u00f3n de los usuarios del sitio web para consultar su estado.<\/p>\n\n\n\n<p><strong>MEDIDAS Y NIVELES DE SEGURIDAD<\/strong><\/p>\n\n\n\n<p>DAWN TO DUSK DISTRIBUCI\u00d3N, S.L. ha adoptado las medidas necesarias para mantener el nivel de seguridad requerido, seg\u00fan la naturaleza de los datos personales tratados y las circunstancias del tratamiento, con el fin de evitar, en la medida de lo posible y siempre seg\u00fan el estado de la tecnolog\u00eda, su alteraci\u00f3n, p\u00e9rdida, tratamiento o acceso no autorizado.<\/p>\n\n\n\n<p>Nuestro sitio web se escanea regularmente en busca de brechas de seguridad y vulnerabilidades conocidas para que su visita a nuestro sitio sea lo m\u00e1s segura posible.<\/p>\n\n\n\n<p>Su informaci\u00f3n personal est\u00e1 contenida detr\u00e1s de redes seguras y solo es accesible por un n\u00famero limitado de personas que tienen derechos especiales de acceso a dichos sistemas y est\u00e1n obligadas a mantener la confidencialidad de la informaci\u00f3n.<\/p>\n\n\n\n<p>Implementamos una variedad de medidas de seguridad cuando un usuario realiza un pedido, ingresa, env\u00eda o accede a su informaci\u00f3n para mantener la seguridad de su informaci\u00f3n personal.<\/p>\n\n\n\n<p>Todas las transacciones se procesan a trav\u00e9s de un proveedor de puerta de enlace y no se almacenan ni procesan en nuestros servidores. Todos los datos est\u00e1n protegidos y encriptados durante su transferencia v\u00eda internet.<strong>&nbsp;<\/strong><\/p>\n\n\n\n<p><strong>\u00c1MBITO DE APLICACI\u00d3N<\/strong><\/p>\n\n\n\n<p>Con el fin de dar cumplimiento a la legislaci\u00f3n vigente en materia de protecci\u00f3n de datos, la estructura de ficheros, equipos y sistemas de informaci\u00f3n ser\u00e1 de aplicaci\u00f3n a todos los ficheros, temporales o permanentes, titularidad de DAWN TO DUSK DISTRIBUCI\u00d3N, S.L. que contengan datos de car\u00e1cter personal, as\u00ed como a cualquier equipo o sistema de informaci\u00f3n que los trate.<\/p>\n\n\n\n<p>Todo el personal contratado por DAWN TO DUSK DISTRIBUCI\u00d3N,S.L. y sus Encargados del Tratamiento est\u00e1n obligados al cumplimiento de la citada normativa, con especial atenci\u00f3n a sus funciones y obligaciones, que ser\u00e1n debidamente determinadas por DAWN TO DUSK DISTRIBUCI\u00d3N, S.L.<\/p>\n\n\n\n<p><strong>RECOGIDA DE DATOS<\/strong><\/p>\n\n\n\n<p>La aceptaci\u00f3n de las presentes condiciones requiere que el usuario facilite datos imprescindibles para la prestaci\u00f3n de sus servicios, que le ser\u00e1n solicitados personalmente a trav\u00e9s de formularios o de la p\u00e1gina web. En el momento de la recogida de datos, el usuario ser\u00e1 debidamente informado de sus derechos.<\/p>\n\n\n\n<p>Con el fin de garantizar que la informaci\u00f3n contenida en nuestros ficheros est\u00e9 siempre actualizada y libre de errores, rogamos a nuestros clientes y usuarios que nos comuniquen a la mayor brevedad posible cualquier modificaci\u00f3n o rectificaci\u00f3n de sus datos personales.<\/p>\n\n\n\n<p>Cuando el usuario se registra en nuestro sitio, realiza un pedido, completa un formulario o ingresa informaci\u00f3n en nuestro sitio es posible que se le pida que ingrese su nombre, direcci\u00f3n de correo electr\u00f3nico, direcci\u00f3n postal, n\u00famero de tel\u00e9fono u otros detalles para ayudarle con su experiencia.<\/p>\n\n\n\n<p>Podemos utilizar la informaci\u00f3n que recopilamos del usuario cuando se registra, realiza una compra, se suscribe a nuestro bolet\u00edn informativo, responde a una encuesta o comunicaci\u00f3n de marketing, navega por el sitio web o utiliza otras funciones del sitio de las siguientes maneras:<\/p>\n\n\n\n<ul class=\"wp-block-list\">\n<li>Para permitirnos brindarle un mejor servicio al responder a sus solicitudes de servicio al cliente.<\/li>\n\n\n\n<li>Para administrar un concurso, promoci\u00f3n, encuesta u otra funci\u00f3n del sitio.<\/li>\n\n\n\n<li>Para procesar r\u00e1pidamente sus transacciones.<\/li>\n\n\n\n<li>Para enviar correos electr\u00f3nicos peri\u00f3dicos relacionados con su pedido u otros productos y servicios.<\/li>\n<\/ul>\n\n\n\n<p><strong>BASE JUR\u00cdDICA PARA EL TRATAMIENTO<\/strong><\/p>\n\n\n\n<p>Todos los datos personales de los clientes y usuarios de DAWN TO DUSK DISTRIBUCI\u00d3N, S.L. son recogidos y tratados para las finalidades indicadas y sobre la base leg\u00edtima del consentimiento.&nbsp;<\/p>\n\n\n\n<p>Todos los datos solicitados son obligatorios para la celebraci\u00f3n y ejecuci\u00f3n de la relaci\u00f3n entre DAWN TO DUSK DISTRIBUCION SL. y el usuario del sitio web. En cuanto al env\u00edo de comunicaciones comerciales, la base legal tambi\u00e9n es el consentimiento.<\/p>\n\n\n\n<p><strong>RETENCI\u00d3N DE DATOS<\/strong><\/p>\n\n\n\n<p>Los datos personales de los usuarios del sitio web, recabados a trav\u00e9s de los formularios del sitio web, se conservar\u00e1n mientras persista la finalidad de la recogida, as\u00ed como durante los plazos legalmente establecidos para el mantenimiento de la informaci\u00f3n.<\/p>\n\n\n\n<p><strong>EJERCICIO DE DERECHOS<\/strong><\/p>\n\n\n\n<p>Los derechos de acceso, rectificaci\u00f3n, cancelaci\u00f3n, oposici\u00f3n, supresi\u00f3n, portabilidad y limitaci\u00f3n del tratamiento podr\u00e1n ser ejercitados por el usuario, o por quien le represente, mediante solicitud escrita y firmada dirigida a DAWN TO DUSK DISTRIBUCI\u00d3N, S.L., en CARRETERA A-I (BURGOS), Km. 27,5 San Sebasti\u00e1n de los Reyes 28700 Madrid, Espa\u00f1a.<\/p>\n\n\n\n<p>Alternativamente, los citados derechos podr\u00e1n ejercerse comunicando a la siguiente direcci\u00f3n de correo electr\u00f3nico <a href=\"mailto:info@d2dhunting.com\"><strong>info@d2dhunting.com<\/strong><\/a><strong>.<\/strong><strong>&nbsp;<\/strong><\/p>\n\n\n\n<p>En ambos casos, se deber\u00e1 adjuntar copia del DNI u otro documento v\u00e1lido que acredite la identidad del interesado.<\/p>\n\n\n\n<p>Asimismo, se informa que la tutela efectiva de los derechos mencionados anteriormente podr\u00e1 solicitarse a la Agencia Espa\u00f1ola de Protecci\u00f3n de Datos (AEPD).<\/p>\n\n\n\n<p><strong>CONSENTIMIENTO<\/strong><\/p>\n\n\n\n<p>El usuario prestar\u00e1 su consentimiento expreso para que DAWN TO DUSK DISTRIBUCI\u00d3N SL. utilice sus datos personales con el fin de cumplir correctamente con los servicios contratados.<\/p>\n\n\n\n<p>La cumplimentaci\u00f3n del formulario incluido en el sitio web o el env\u00edo de correos electr\u00f3nicos u otras comunicaciones a DAWN TO DUSK DISTRIBUCI\u00d3N, S.L. implica el consentimiento expreso del usuario del sitio web para la inclusi\u00f3n de sus datos de car\u00e1cter personal en dicho fichero, titularidad de DAWN TO DUSK DISTRIBUCI\u00d3N, S.L.<\/p>\n\n\n\n<p>En el momento de solicitar esta informaci\u00f3n, se informar\u00e1 al cliente o usuario del destinatario de la informaci\u00f3n, de la finalidad para la que se recogen los datos, de la identidad y direcci\u00f3n del Responsable del Fichero, y del derecho del usuario a ejercer los derechos de acceso, rectificaci\u00f3n, cancelaci\u00f3n, oposici\u00f3n, supresi\u00f3n, portabilidad y limitaci\u00f3n del tratamiento de sus datos.<\/p>\n\n\n\n<p><strong>CESI\u00d3N A TERCEROS<\/strong><\/p>\n\n\n\n<p>DAWN TO DUSK DISTRIBUCI\u00d3N, S.L. no cede datos personales sin el consentimiento expreso de sus titulares, que deber\u00e1 ser otorgado en cada ocasi\u00f3n, siendo cedidos \u00fanicamente para la finalidad indicada y siempre con el consentimiento del usuario.<\/p>\n\n\n\n<p>Esto no incluye a los socios de alojamiento de sitios web y otras partes que nos ayudan a operar nuestro sitio web, llevar a cabo nuestro negocio o prestarle servicios, siempre que esas partes acuerden mantener la confidencialidad de esta informaci\u00f3n.<\/p>\n\n\n\n<p>Tambi\u00e9n podemos divulgar su informaci\u00f3n cuando creamos que la divulgaci\u00f3n es apropiada para cumplir con la ley, hacer cumplir las pol\u00edticas de nuestro sitio o proteger nuestros derechos, propiedad o seguridad o los de otros.<\/p>\n\n\n\n<p><strong>CONFIDENCIALIDAD Y SECRETO PROFESIONAL<\/strong><\/p>\n\n\n\n<p>Los datos recabados en todas las comunicaciones privadas entre DAWN TO DUSK DISTRIBUCI\u00d3N, S.L. y los clientes o usuarios ser\u00e1n tratados con absoluta confidencialidad.<\/p>\n\n\n\n<p>DAWN TO DUSK DISTRIBUCI\u00d3N, S.L. se compromete a respetar tanto la obligaci\u00f3n de secreto de los datos de car\u00e1cter personal, como su deber de guardarlos, y a adoptar todas las medidas necesarias para evitar su alteraci\u00f3n, p\u00e9rdida, tratamiento o acceso no autorizado a los ficheros que contengan datos de car\u00e1cter personal, de acuerdo con lo establecido en el Reglamento Europeo de Protecci\u00f3n de Datos, Reglamento (UE) 2016\/679 (en adelante RGPD).<\/p>\n\n\n\n<p>Adem\u00e1s, tambi\u00e9n se considerar\u00e1 confidencial cualquier informaci\u00f3n intercambiada entre las partes, las que se acuerde que tengan tal naturaleza, o simplemente relacionadas con el contenido de dicha informaci\u00f3n. La visualizaci\u00f3n de los datos a trav\u00e9s de Internet no implicar\u00e1 el acceso directo a los mismos, salvo consentimiento expreso del titular para cada ocasi\u00f3n.<\/p>\n\n\n\n<p>Recomendamos que el cliente no facilite su identificaci\u00f3n, contrase\u00f1a, ni n\u00fameros de referencia facilitados por DAWN TO DUSK DISTRIBUCI\u00d3N, S.L. a ning\u00fan tercero.<\/p>\n\n\n\n<p>Asimismo, para garantizar que la protecci\u00f3n del secreto profesional se preserve en todas las comunicaciones, el cliente\/usuario no debe revelar informaci\u00f3n confidencial a terceros.<\/p>\n\n\n\n<p><strong>CAMBIOS EN LA POL\u00cdTICA DE SEGURIDAD Y PROTECCI\u00d3N DE DATOS<\/strong><\/p>\n\n\n\n<p>DAWN TO DUSK DISTRIBUCI\u00d3N, S.L. se reserva el derecho a modificar su pol\u00edtica de seguridad y protecci\u00f3n de datos con el objeto de adaptarla a novedades legislativas o jurisprudenciales, as\u00ed como las que pudieran derivarse de c\u00f3digos existentes en la materia, o de decisiones corporativas estrat\u00e9gicas.<\/p>\n\n\n\n<p>En caso de producirse, dichas modificaciones tendr\u00e1n efectos desde la fecha de su publicaci\u00f3n en el sitio web de DAWN TO DUSK DISTRIBUCI\u00d3N, S.L.<\/p>\n\n\n\n<p><strong>DATOS DE CONTACTO<\/strong><\/p>\n\n\n\n<p>El sitio web<a href=\"about:blank\"><strong>&nbsp;<\/strong><strong>www.d2dhunting.com<\/strong><\/a> est\u00e1 gestionado por DAWN TO DUSK DISTRIBUCI\u00d3N, S.L., con CIF B13957535.<\/p>\n\n\n\n<p>Los ficheros creados se encuentran ubicados en el domicilio social, que se establece a los efectos del presente Aviso Legal, en DAWN TO DUSK DISTRIBUCI\u00d3N, S.L., CARRETERA A-I (BURGOS), Km. 27,5 San Sebasti\u00e1n de los Reyes 28700 Madrid, Espa\u00f1a.<\/p>\n\n\n\n<p>Toda la informaci\u00f3n estar\u00e1 bajo la supervisi\u00f3n y control de DAWN TO DUSK DISTRIBUCI\u00d3N, S.L., quien asume la responsabilidad de la adopci\u00f3n de medidas de seguridad t\u00e9cnicas y organizativas para proteger la confidencialidad e integridad de la informaci\u00f3n, de conformidad con lo establecido en el Reglamento Europeo de Protecci\u00f3n de Datos, Reglamento (UE) 2016\/679, y dem\u00e1s legislaci\u00f3n aplicable.<\/p>\n\n\n\n<p>DAWN TO DUSK DISTRIBUCI\u00d3N, S.L., de conformidad con la Ley 34\/2002, de Servicios de la Sociedad de la Informaci\u00f3n y de Comercio Electr\u00f3nico, le informa que la interpretaci\u00f3n amplia de dicha Ley incluye entre estos servicios el suministro de informaci\u00f3n a trav\u00e9s de dichos medios. En todo caso, ser\u00e1 de aplicaci\u00f3n en este sentido el Reglamento Europeo de Protecci\u00f3n de Datos, el Reglamento (UE) 2016\/679, y su normativa de desarrollo, especialmente en lo que se refiere a la obtenci\u00f3n de datos personales, la informaci\u00f3n a los interesados, y la creaci\u00f3n y mantenimiento de ficheros de datos personales.<\/p>\n\n\n\n<p><\/p>\n\n\n\n<p><\/p>\n","protected":false},"excerpt":{"rendered":"<p>A los efectos previstos en el Reglamento Europeo de Protecci\u00f3n de Datos, Reglamento (UE) 2016\/679 (en adelante GDPR), DAWN TO DUSK DISTRIBUCI\u00d3N, S.L. le informa que cumple \u00edntegramente con la legislaci\u00f3n vigente en materia de protecci\u00f3n de datos de car\u00e1cter personal, as\u00ed como con los compromisos de confidencialidad inherentes a su actividad. DAWN TO DUSK [&hellip;]<\/p>\n","protected":false},"author":1,"featured_media":0,"parent":0,"menu_order":0,"comment_status":"closed","ping_status":"closed","template":"","meta":{"_acf_changed":false,"footnotes":""},"class_list":["post-4378","page","type-page","status-publish","hentry"],"acf":[],"yoast_head":"<!-- This site is optimized with the Yoast SEO plugin v27.2 - https:\/\/yoast.com\/product\/yoast-seo-wordpress\/ -->\n<title>POLITICA DE PRIVACIDAD - D2D Hunting<\/title>\n<meta name=\"robots\" content=\"index, follow, max-snippet:-1, max-image-preview:large, max-video-preview:-1\" \/>\n<link rel=\"canonical\" href=\"https:\/\/d2dhunting.com\/es\/privacy-policy\/\" \/>\n<meta property=\"og:locale\" content=\"es_ES\" \/>\n<meta property=\"og:type\" content=\"article\" \/>\n<meta property=\"og:title\" content=\"POLITICA DE PRIVACIDAD - D2D Hunting\" \/>\n<meta property=\"og:description\" content=\"A los efectos previstos en el Reglamento Europeo de Protecci\u00f3n de Datos, Reglamento (UE) 2016\/679 (en adelante GDPR), DAWN TO DUSK DISTRIBUCI\u00d3N, S.L. le informa que cumple \u00edntegramente con la legislaci\u00f3n vigente en materia de protecci\u00f3n de datos de car\u00e1cter personal, as\u00ed como con los compromisos de confidencialidad inherentes a su actividad. DAWN TO DUSK [&hellip;]\" \/>\n<meta property=\"og:url\" content=\"https:\/\/d2dhunting.com\/es\/privacy-policy\/\" \/>\n<meta property=\"og:site_name\" content=\"D2D Hunting\" \/>\n<meta property=\"article:modified_time\" content=\"2024-03-31T15:16:31+00:00\" \/>\n<meta name=\"twitter:card\" content=\"summary_large_image\" \/>\n<meta name=\"twitter:label1\" content=\"Tiempo de lectura\" \/>\n\t<meta name=\"twitter:data1\" content=\"8 minutos\" \/>\n<script type=\"application\/ld+json\" class=\"yoast-schema-graph\">{\"@context\":\"https:\/\/schema.org\",\"@graph\":[{\"@type\":\"WebPage\",\"@id\":\"https:\/\/d2dhunting.com\/es\/privacy-policy\/\",\"url\":\"https:\/\/d2dhunting.com\/es\/privacy-policy\/\",\"name\":\"POLITICA DE PRIVACIDAD - D2D Hunting\",\"isPartOf\":{\"@id\":\"https:\/\/d2dhunting.com\/#website\"},\"datePublished\":\"2023-11-14T17:52:11+00:00\",\"dateModified\":\"2024-03-31T15:16:31+00:00\",\"breadcrumb\":{\"@id\":\"https:\/\/d2dhunting.com\/es\/privacy-policy\/#breadcrumb\"},\"inLanguage\":\"es\",\"potentialAction\":[{\"@type\":\"ReadAction\",\"target\":[\"https:\/\/d2dhunting.com\/es\/privacy-policy\/\"]}]},{\"@type\":\"BreadcrumbList\",\"@id\":\"https:\/\/d2dhunting.com\/es\/privacy-policy\/#breadcrumb\",\"itemListElement\":[{\"@type\":\"ListItem\",\"position\":1,\"name\":\"Home\",\"item\":\"https:\/\/d2dhunting.com\/es\/\"},{\"@type\":\"ListItem\",\"position\":2,\"name\":\"POLITICA DE PRIVACIDAD\"}]},{\"@type\":\"WebSite\",\"@id\":\"https:\/\/d2dhunting.com\/#website\",\"url\":\"https:\/\/d2dhunting.com\/\",\"name\":\"D2D Hunting\",\"description\":\"D2D was born with the idea of promoting still stalk hunting, through the distribution of quality equipment for the hunter.\",\"publisher\":{\"@id\":\"https:\/\/d2dhunting.com\/#organization\"},\"potentialAction\":[{\"@type\":\"SearchAction\",\"target\":{\"@type\":\"EntryPoint\",\"urlTemplate\":\"https:\/\/d2dhunting.com\/?s={search_term_string}\"},\"query-input\":{\"@type\":\"PropertyValueSpecification\",\"valueRequired\":true,\"valueName\":\"search_term_string\"}}],\"inLanguage\":\"es\"},{\"@type\":\"Organization\",\"@id\":\"https:\/\/d2dhunting.com\/#organization\",\"name\":\"D2D Hunting\",\"url\":\"https:\/\/d2dhunting.com\/\",\"logo\":{\"@type\":\"ImageObject\",\"inLanguage\":\"es\",\"@id\":\"https:\/\/d2dhunting.com\/#\/schema\/logo\/image\/\",\"url\":\"https:\/\/d2dhunting.com\/wp-content\/uploads\/2023\/12\/Logo_Completo.png\",\"contentUrl\":\"https:\/\/d2dhunting.com\/wp-content\/uploads\/2023\/12\/Logo_Completo.png\",\"width\":740,\"height\":308,\"caption\":\"D2D Hunting\"},\"image\":{\"@id\":\"https:\/\/d2dhunting.com\/#\/schema\/logo\/image\/\"}}]}<\/script>\n<!-- \/ Yoast SEO plugin. -->","yoast_head_json":{"title":"POLITICA DE PRIVACIDAD - D2D Hunting","robots":{"index":"index","follow":"follow","max-snippet":"max-snippet:-1","max-image-preview":"max-image-preview:large","max-video-preview":"max-video-preview:-1"},"canonical":"https:\/\/d2dhunting.com\/es\/privacy-policy\/","og_locale":"es_ES","og_type":"article","og_title":"POLITICA DE PRIVACIDAD - D2D Hunting","og_description":"A los efectos previstos en el Reglamento Europeo de Protecci\u00f3n de Datos, Reglamento (UE) 2016\/679 (en adelante GDPR), DAWN TO DUSK DISTRIBUCI\u00d3N, S.L. le informa que cumple \u00edntegramente con la legislaci\u00f3n vigente en materia de protecci\u00f3n de datos de car\u00e1cter personal, as\u00ed como con los compromisos de confidencialidad inherentes a su actividad. DAWN TO DUSK [&hellip;]","og_url":"https:\/\/d2dhunting.com\/es\/privacy-policy\/","og_site_name":"D2D Hunting","article_modified_time":"2024-03-31T15:16:31+00:00","twitter_card":"summary_large_image","twitter_misc":{"Tiempo de lectura":"8 minutos"},"schema":{"@context":"https:\/\/schema.org","@graph":[{"@type":"WebPage","@id":"https:\/\/d2dhunting.com\/es\/privacy-policy\/","url":"https:\/\/d2dhunting.com\/es\/privacy-policy\/","name":"POLITICA DE PRIVACIDAD - D2D Hunting","isPartOf":{"@id":"https:\/\/d2dhunting.com\/#website"},"datePublished":"2023-11-14T17:52:11+00:00","dateModified":"2024-03-31T15:16:31+00:00","breadcrumb":{"@id":"https:\/\/d2dhunting.com\/es\/privacy-policy\/#breadcrumb"},"inLanguage":"es","potentialAction":[{"@type":"ReadAction","target":["https:\/\/d2dhunting.com\/es\/privacy-policy\/"]}]},{"@type":"BreadcrumbList","@id":"https:\/\/d2dhunting.com\/es\/privacy-policy\/#breadcrumb","itemListElement":[{"@type":"ListItem","position":1,"name":"Home","item":"https:\/\/d2dhunting.com\/es\/"},{"@type":"ListItem","position":2,"name":"POLITICA DE PRIVACIDAD"}]},{"@type":"WebSite","@id":"https:\/\/d2dhunting.com\/#website","url":"https:\/\/d2dhunting.com\/","name":"D2D Hunting","description":"D2D was born with the idea of promoting still stalk hunting, through the distribution of quality equipment for the hunter.","publisher":{"@id":"https:\/\/d2dhunting.com\/#organization"},"potentialAction":[{"@type":"SearchAction","target":{"@type":"EntryPoint","urlTemplate":"https:\/\/d2dhunting.com\/?s={search_term_string}"},"query-input":{"@type":"PropertyValueSpecification","valueRequired":true,"valueName":"search_term_string"}}],"inLanguage":"es"},{"@type":"Organization","@id":"https:\/\/d2dhunting.com\/#organization","name":"D2D Hunting","url":"https:\/\/d2dhunting.com\/","logo":{"@type":"ImageObject","inLanguage":"es","@id":"https:\/\/d2dhunting.com\/#\/schema\/logo\/image\/","url":"https:\/\/d2dhunting.com\/wp-content\/uploads\/2023\/12\/Logo_Completo.png","contentUrl":"https:\/\/d2dhunting.com\/wp-content\/uploads\/2023\/12\/Logo_Completo.png","width":740,"height":308,"caption":"D2D Hunting"},"image":{"@id":"https:\/\/d2dhunting.com\/#\/schema\/logo\/image\/"}}]}},"_links":{"self":[{"href":"https:\/\/d2dhunting.com\/es\/wp-json\/wp\/v2\/pages\/4378","targetHints":{"allow":["GET"]}}],"collection":[{"href":"https:\/\/d2dhunting.com\/es\/wp-json\/wp\/v2\/pages"}],"about":[{"href":"https:\/\/d2dhunting.com\/es\/wp-json\/wp\/v2\/types\/page"}],"author":[{"embeddable":true,"href":"https:\/\/d2dhunting.com\/es\/wp-json\/wp\/v2\/users\/1"}],"replies":[{"embeddable":true,"href":"https:\/\/d2dhunting.com\/es\/wp-json\/wp\/v2\/comments?post=4378"}],"version-history":[{"count":0,"href":"https:\/\/d2dhunting.com\/es\/wp-json\/wp\/v2\/pages\/4378\/revisions"}],"wp:attachment":[{"href":"https:\/\/d2dhunting.com\/es\/wp-json\/wp\/v2\/media?parent=4378"}],"curies":[{"name":"wp","href":"https:\/\/api.w.org\/{rel}","templated":true}]}}