{"id":4382,"date":"2023-12-29T11:27:23","date_gmt":"2023-12-29T11:27:23","guid":{"rendered":"https:\/\/d2dhunting.com\/puntos-de-venta\/"},"modified":"2024-05-20T08:35:05","modified_gmt":"2024-05-20T08:35:05","slug":"puntos-de-venta","status":"publish","type":"page","link":"https:\/\/d2dhunting.com\/es\/puntos-de-venta\/","title":{"rendered":"Tiendas"},"content":{"rendered":"\t\t<div data-elementor-type=\"wp-page\" data-elementor-id=\"4382\" class=\"elementor elementor-4382 elementor-757\" data-elementor-post-type=\"page\">\n\t\t\t\t<div class=\"elementor-element elementor-element-4f36fae e-flex e-con-boxed e-con e-parent\" data-id=\"4f36fae\" data-element_type=\"container\" data-e-type=\"container\" data-settings=\"{&quot;background_background&quot;:&quot;classic&quot;,&quot;background_motion_fx_motion_fx_scrolling&quot;:&quot;yes&quot;,&quot;background_motion_fx_translateY_effect&quot;:&quot;yes&quot;,&quot;background_motion_fx_translateY_speed&quot;:{&quot;unit&quot;:&quot;px&quot;,&quot;size&quot;:2,&quot;sizes&quot;:[]},&quot;background_motion_fx_range&quot;:&quot;page&quot;,&quot;background_motion_fx_translateY_affectedRange&quot;:{&quot;unit&quot;:&quot;%&quot;,&quot;size&quot;:&quot;&quot;,&quot;sizes&quot;:{&quot;start&quot;:0,&quot;end&quot;:100}},&quot;background_motion_fx_devices&quot;:[&quot;desktop&quot;,&quot;tablet&quot;,&quot;mobile&quot;]}\">\n\t\t\t\t\t<div class=\"e-con-inner\">\n\t\t<div class=\"elementor-element elementor-element-8489a67 e-flex e-con-boxed e-con e-child\" data-id=\"8489a67\" data-element_type=\"container\" data-e-type=\"container\">\n\t\t\t\t\t<div class=\"e-con-inner\">\n\t\t\t\t<div class=\"elementor-element elementor-element-f4c6ab7 elementor-widget__width-initial elementor-widget-mobile__width-inherit elementor-widget elementor-widget-heading\" data-id=\"f4c6ab7\" data-element_type=\"widget\" data-e-type=\"widget\" data-widget_type=\"heading.default\">\n\t\t\t\t<div class=\"elementor-widget-container\">\n\t\t\t\t\t<h2 class=\"elementor-heading-title elementor-size-default\">Los mejores productos cerca de ti<\/h2>\t\t\t\t<\/div>\n\t\t\t\t<\/div>\n\t\t\t\t\t<\/div>\n\t\t\t\t<\/div>\n\t\t\t\t\t<\/div>\n\t\t\t\t<\/div>\n\t\t<div class=\"elementor-element elementor-element-3530218 e-flex e-con-boxed e-con e-parent\" data-id=\"3530218\" data-element_type=\"container\" data-e-type=\"container\">\n\t\t\t\t\t<div class=\"e-con-inner\">\n\t\t<div class=\"elementor-element elementor-element-3b8d7e0 e-con-full e-flex e-con e-child\" data-id=\"3b8d7e0\" data-element_type=\"container\" data-e-type=\"container\">\n\t\t\t\t<div class=\"elementor-element elementor-element-ea337f1 elementor-widget elementor-widget-heading\" data-id=\"ea337f1\" data-element_type=\"widget\" data-e-type=\"widget\" data-widget_type=\"heading.default\">\n\t\t\t\t<div class=\"elementor-widget-container\">\n\t\t\t\t\t<h2 class=\"elementor-heading-title elementor-size-default\">ENCUENTRA TU TIENDA M\u00c1S CERCANA<\/h2>\t\t\t\t<\/div>\n\t\t\t\t<\/div>\n\t\t\t\t<\/div>\n\t\t\t\t\t<\/div>\n\t\t\t\t<\/div>\n\t\t<div class=\"elementor-element elementor-element-d3413fd e-flex e-con-boxed e-con e-parent\" data-id=\"d3413fd\" data-element_type=\"container\" data-e-type=\"container\" data-settings=\"{&quot;background_background&quot;:&quot;classic&quot;}\">\n\t\t\t\t\t<div class=\"e-con-inner\">\n\t\t\t\t<div class=\"elementor-element elementor-element-16a81f5 elementor-widget__width-initial elementor-widget-mobile__width-initial elementor-hidden-tablet elementor-hidden-mobile elementor-widget elementor-widget-html\" data-id=\"16a81f5\" data-element_type=\"widget\" data-e-type=\"widget\" data-widget_type=\"html.default\">\n\t\t\t\t<div class=\"elementor-widget-container\">\n\t\t\t\t\t<form id=\"searchForm\" class=\"slp_search_form edited\" action=\"\" onsubmit=\"cslmap.searchLocations(); return false;\"><div class=\"slp_search_container\">\n        <div id=\"address_search\" class=\"slp search_box\">            \n            <div id=\"addy_in_address\" class=\"search_item\"><label for=\"addressInput\" class=\"text length_7\">Direcci\u00f3n<\/label> \n                <input class=\"label_text length_7\" type=\"text\" id=\"addressInput\" name=\"addressInput\" size=\"50\" value=\"\">\n            <\/div>                                \n            <div class=\"search_item\">        \n                <div id=\"addy_in_radius\">\n                    <label for=\"radiusSelect\" class=\"text length_6\">Distancia<\/label>\n                    <select id=\"radiusSelect\">\n                        <option value=\"10\">10 km<\/option>\n                        <option value=\"25\">25 km<\/option>\n                        <option value=\"50\">50 km<\/option>\n                        <option value=\"100\">100 km<\/option>\n                        <option value=\"200\" selected=\"selected\">200 km<\/option>\n                        <option value=\"500\">500 km<\/option>\n                    <\/select>\n                <\/div>        \n                <div class=\"submitdealers\" id=\"radius_in_submit\"><input type=\"submit\" class=\"slp_ui_button\" value= \"ENCONTRAR\" id=\"addressSubmit\">\n                <\/div>    \n            <\/div>        \n        <\/div>\n    <\/div>\n<\/form>\t\t\t\t<\/div>\n\t\t\t\t<\/div>\n\t\t\t\t<div class=\"elementor-element elementor-element-5ffeb68 elementor-widget__width-initial elementor-widget-mobile__width-initial elementor-hidden-desktop elementor-widget elementor-widget-html\" data-id=\"5ffeb68\" data-element_type=\"widget\" data-e-type=\"widget\" data-widget_type=\"html.default\">\n\t\t\t\t<div class=\"elementor-widget-container\">\n\t\t\t\t\t<form id=\"searchForm\" class=\"slp_search_form edited\" action=\"\" onsubmit=\"cslmap.searchLocations(); return false;\"><div class=\"slp_search_container\">\n        <div id=\"address_search\" class=\"slp search_box\">            \n            <div id=\"addy_in_address\" class=\"search_item\"><label for=\"addressInput\" class=\"text length_7\">Address<\/label> \n                <input class=\"label_text length_7\" type=\"text\" id=\"addressInput\" name=\"addressInput\" size=\"50\" value=\"\">\n            <\/div>                                \n            <div class=\"search_item\">        \n                <div id=\"addy_in_radius\">\n                    <label for=\"radiusSelect\" class=\"text length_6\">Within<\/label>\n                    <select id=\"radiusSelect\">\n                        <option value=\"10\">10 km<\/option>\n                        <option value=\"25\">25 km<\/option>\n                        <option value=\"50\">50 km<\/option>\n                        <option value=\"100\">100 km<\/option>\n                        <option value=\"200\" selected=\"selected\">200 km<\/option>\n                        <option value=\"500\">500 km<\/option>\n                    <\/select>\n                <\/div>        \n            <\/div>   \n        <div class=\"search_item\">  \n            <div class=\"submitdealers\" id=\"radius_in_submit\"><input type=\"submit\" class=\"slp_ui_button\" value=\"Find Locations\" id=\"addressSubmit\">\n            <\/div>    \n        <\/div>\n    <\/div>\n<\/form>\t\t\t\t<\/div>\n\t\t\t\t<\/div>\n\t\t\t\t\t<\/div>\n\t\t\t\t<\/div>\n\t\t<div class=\"elementor-element elementor-element-c297d72 e-flex e-con-boxed e-con e-parent\" data-id=\"c297d72\" data-element_type=\"container\" data-e-type=\"container\" data-settings=\"{&quot;background_background&quot;:&quot;classic&quot;}\">\n\t\t\t\t\t<div class=\"e-con-inner\">\n\t\t\t\t<div class=\"elementor-element elementor-element-980d966 elementor-widget-mobile__width-initial elementor-widget elementor-widget-html\" data-id=\"980d966\" data-element_type=\"widget\" data-e-type=\"widget\" data-widget_type=\"html.default\">\n\t\t\t\t<div class=\"elementor-widget-container\">\n\t\t\t\t\t<div class=\"store_locator_plus hello-elementor\"><div id=\"sl_div\"><form id=\"searchForm\" class=\"slp_search_form\" action=\"\" onsubmit='cslmap.searchLocations(); return false;'  ><div class=\"slp_search_container\"><div id=\"address_search\" class=\"slp search_box\">            <div id='addy_in_address' class='search_item'><label for='addressInput' class='text length_7'>Address<\/label><input class='label_text length_7' type='text' id='addressInput' name='addressInput'  size='50' value='' \/><\/div>                                <div class=\"search_item\">        <div id='addy_in_radius'><label for='radiusSelect' class='text length_6'>Within<\/label><select id='radiusSelect'><option value='10' >10 km<\/option><option value='25' >25 km<\/option><option value='50' >50 km<\/option><option value='100' >100 km<\/option><option value='200'  selected='selected' >200 km<\/option><option value='500' >500 km<\/option><\/select><\/div>        <div id='radius_in_submit'><input type=\"submit\" class=\"slp_ui_button\" value='Find Locations' id='addressSubmit'\/><\/div>    <\/div>        <\/div><\/div><\/form><div id=\"map\" class=\"slp_map\"><\/div><div id=\"map_sidebar\" class=\"slp_results_container\"><div class=\"text_below_map\">Enter an address or postal code and press the button.<\/div><\/div><\/div><\/div>\t\t\t\t<\/div>\n\t\t\t\t<\/div>\n\t\t\t\t\t<\/div>\n\t\t\t\t<\/div>\n\t\t<div class=\"elementor-element elementor-element-535d25d e-con-full e-flex e-con e-parent\" data-id=\"535d25d\" data-element_type=\"container\" data-e-type=\"container\" data-settings=\"{&quot;background_background&quot;:&quot;classic&quot;}\">\n\t\t<div class=\"elementor-element elementor-element-bc6f214 e-flex e-con-boxed e-con e-child\" data-id=\"bc6f214\" data-element_type=\"container\" data-e-type=\"container\">\n\t\t\t\t\t<div class=\"e-con-inner\">\n\t\t\t\t<div class=\"elementor-element elementor-element-a8a91f2 elementor-widget__width-initial elementor-widget-mobile__width-inherit elementor-widget elementor-widget-heading\" data-id=\"a8a91f2\" data-element_type=\"widget\" data-e-type=\"widget\" data-widget_type=\"heading.default\">\n\t\t\t\t<div class=\"elementor-widget-container\">\n\t\t\t\t\t<h2 class=\"elementor-heading-title elementor-size-default\">HAZTE DISTRIBUID\u00f3R\nDE LAS MARCAS D2D<\/h2>\t\t\t\t<\/div>\n\t\t\t\t<\/div>\n\t\t\t\t<div class=\"elementor-element elementor-element-b87b407 elementor-widget elementor-widget-image\" data-id=\"b87b407\" data-element_type=\"widget\" data-e-type=\"widget\" data-widget_type=\"image.default\">\n\t\t\t\t<div class=\"elementor-widget-container\">\n\t\t\t\t\t\t\t\t\t\t\t\t\t\t\t<img decoding=\"async\" width=\"301\" height=\"102\" src=\"https:\/\/d2dhunting.com\/wp-content\/uploads\/2023\/12\/Grupo-112.png\" class=\"attachment-large size-large wp-image-1435\" alt=\"\" \/>\t\t\t\t\t\t\t\t\t\t\t\t\t\t\t<\/div>\n\t\t\t\t<\/div>\n\t\t\t\t<div class=\"elementor-element elementor-element-30b69a9 elementor-align-center elementor-widget elementor-widget-button\" data-id=\"30b69a9\" data-element_type=\"widget\" data-e-type=\"widget\" data-widget_type=\"button.default\">\n\t\t\t\t<div class=\"elementor-widget-container\">\n\t\t\t\t\t\t\t\t\t<div class=\"elementor-button-wrapper\">\n\t\t\t\t\t<a class=\"elementor-button elementor-button-link elementor-size-sm\" href=\"https:\/\/d2dhunting.com\/es\/alta-al-distribuidor\/\">\n\t\t\t\t\t\t<span class=\"elementor-button-content-wrapper\">\n\t\t\t\t\t\t\t\t\t<span class=\"elementor-button-text\">HAZTE DISTRIBUIDOR d2D<\/span>\n\t\t\t\t\t<\/span>\n\t\t\t\t\t<\/a>\n\t\t\t\t<\/div>\n\t\t\t\t\t\t\t\t<\/div>\n\t\t\t\t<\/div>\n\t\t\t\t\t<\/div>\n\t\t\t\t<\/div>\n\t\t<div class=\"elementor-element elementor-element-5b01df7 e-con-full e-flex e-con e-child\" data-id=\"5b01df7\" data-element_type=\"container\" data-e-type=\"container\" data-settings=\"{&quot;background_background&quot;:&quot;classic&quot;}\">\n\t\t<div class=\"elementor-element elementor-element-a82b772 e-flex e-con-boxed e-con e-child\" data-id=\"a82b772\" data-element_type=\"container\" data-e-type=\"container\">\n\t\t\t\t\t<div class=\"e-con-inner\">\n\t\t\t\t<div class=\"elementor-element elementor-element-35b3e27 elementor-widget elementor-widget-text-editor\" data-id=\"35b3e27\" data-element_type=\"widget\" data-e-type=\"widget\" data-widget_type=\"text-editor.default\">\n\t\t\t\t<div class=\"elementor-widget-container\">\n\t\t\t\t\t\t\t\t\t<p style=\"text-align: center;\">S\u00e9 el primero en enterarte<\/p>\t\t\t\t\t\t\t\t<\/div>\n\t\t\t\t<\/div>\n\t\t\t\t<div class=\"elementor-element elementor-element-f8c6da6 elementor-widget__width-initial elementor-button-align-stretch elementor-widget elementor-widget-form\" data-id=\"f8c6da6\" data-element_type=\"widget\" data-e-type=\"widget\" data-settings=\"{&quot;step_next_label&quot;:&quot;Siguiente&quot;,&quot;step_previous_label&quot;:&quot;Anterior&quot;,&quot;button_width&quot;:&quot;100&quot;,&quot;step_type&quot;:&quot;number_text&quot;,&quot;step_icon_shape&quot;:&quot;circle&quot;}\" data-widget_type=\"form.default\">\n\t\t\t\t<div class=\"elementor-widget-container\">\n\t\t\t\t\t\t\t<form class=\"elementor-form\" method=\"post\" name=\"Suscribir\">\n\t\t\t<input type=\"hidden\" name=\"post_id\" value=\"4382\"\/>\n\t\t\t<input type=\"hidden\" name=\"form_id\" value=\"f8c6da6\"\/>\n\t\t\t<input type=\"hidden\" name=\"referer_title\" value=\"Tiendas - D2D Hunting\" \/>\n\n\t\t\t\t\t\t\t<input type=\"hidden\" name=\"queried_id\" value=\"4382\"\/>\n\t\t\t\n\t\t\t<div class=\"elementor-form-fields-wrapper elementor-labels-\">\n\t\t\t\t\t\t\t\t<div class=\"elementor-field-type-email elementor-field-group elementor-column elementor-field-group-email elementor-col-100 elementor-field-required\">\n\t\t\t\t\t\t\t\t\t\t\t\t<label for=\"form-field-email\" class=\"elementor-field-label elementor-screen-only\">\n\t\t\t\t\t\t\t\tCorreo electr\u00f3nico\t\t\t\t\t\t\t<\/label>\n\t\t\t\t\t\t\t\t\t\t\t\t\t\t<input size=\"1\" type=\"email\" name=\"form_fields[email]\" id=\"form-field-email\" class=\"elementor-field elementor-size-sm  elementor-field-textual\" placeholder=\"Email\" required=\"required\">\n\t\t\t\t\t\t\t\t\t\t\t<\/div>\n\t\t\t\t\t\t\t\t<div class=\"elementor-field-type-acceptance elementor-field-group elementor-column elementor-field-group-field_bc3345b elementor-col-100 elementor-field-required\">\n\t\t\t\t\t\t\t<div class=\"elementor-field-subgroup\">\n\t\t\t<span class=\"elementor-field-option\">\n\t\t\t\t<input type=\"checkbox\" name=\"form_fields[field_bc3345b]\" id=\"form-field-field_bc3345b\" class=\"elementor-field elementor-size-sm  elementor-acceptance-field\" required=\"required\">\n\t\t\t\t<label for=\"form-field-field_bc3345b\">He le\u00eddo y aceptado <a href=\"https:\/\/d2dhunting.com\/es\/terminos-y-condiciones-generales\/\" style=\"color:white;\">CONDICIONES GENERALES<\/a>, las <a href=\"https:\/\/d2dhunting.com\/es\/condiciones-de-contrato\/\" style=\"color:white; y la <a href=\"https:\/\/d2dhunting.com\/es\/privacy-policy\/\" style=\"color:white;\">POLITICA DE PRIVACIDAD<\/a> y recibir comunicaciones comerciales de Dawn to Dask.\n<\/label>\t\t\t<\/span>\n\t\t<\/div>\n\t\t\t\t\t\t<\/div>\n\t\t\t\t\t\t\t\t<div class=\"elementor-field-group elementor-column elementor-field-type-submit elementor-col-100 e-form__buttons\">\n\t\t\t\t\t<button class=\"elementor-button elementor-size-sm\" type=\"submit\">\n\t\t\t\t\t\t<span class=\"elementor-button-content-wrapper\">\n\t\t\t\t\t\t\t\t\t\t\t\t\t\t\t\t\t\t\t\t\t\t<span class=\"elementor-button-text\">Enviar<\/span>\n\t\t\t\t\t\t\t\t\t\t\t\t\t<\/span>\n\t\t\t\t\t<\/button>\n\t\t\t\t<\/div>\n\t\t\t<\/div>\n\t\t<\/form>\n\t\t\t\t\t\t<\/div>\n\t\t\t\t<\/div>\n\t\t\t\t\t<\/div>\n\t\t\t\t<\/div>\n\t\t\t\t<\/div>\n\t\t\t\t<\/div>\n\t\t\t\t<\/div>\n\t\t","protected":false},"excerpt":{"rendered":"<p>Los mejores productos cerca de ti ENCUENTRA TU TIENDA M\u00c1S CERCANA Direcci\u00f3n Distancia 10 km25 km50 km100 km200 km500 km Address Within 10 km25 km50 km100 km200 km500 km HAZTE DISTRIBUID\u00f3R DE LAS MARCAS D2D HAZTE DISTRIBUIDOR d2D S\u00e9 el primero en enterarte<\/p>\n","protected":false},"author":2,"featured_media":0,"parent":0,"menu_order":0,"comment_status":"closed","ping_status":"closed","template":"","meta":{"_acf_changed":false,"footnotes":""},"class_list":["post-4382","page","type-page","status-publish","hentry"],"acf":[],"yoast_head":"<!-- This site is optimized with the Yoast SEO plugin v27.2 - https:\/\/yoast.com\/product\/yoast-seo-wordpress\/ -->\n<title>Tiendas - D2D Hunting<\/title>\n<meta name=\"robots\" content=\"index, follow, max-snippet:-1, max-image-preview:large, max-video-preview:-1\" \/>\n<link rel=\"canonical\" href=\"https:\/\/d2dhunting.com\/puntos-de-venta\/\" \/>\n<meta property=\"og:locale\" content=\"es_ES\" \/>\n<meta property=\"og:type\" content=\"article\" \/>\n<meta property=\"og:title\" content=\"Tiendas - D2D Hunting\" \/>\n<meta property=\"og:description\" content=\"Los mejores productos cerca de ti ENCUENTRA TU TIENDA M\u00c1S CERCANA Direcci\u00f3n Distancia 10 km25 km50 km100 km200 km500 km Address Within 10 km25 km50 km100 km200 km500 km HAZTE DISTRIBUID\u00f3R DE LAS MARCAS D2D HAZTE DISTRIBUIDOR d2D S\u00e9 el primero en enterarte\" \/>\n<meta property=\"og:url\" content=\"https:\/\/d2dhunting.com\/puntos-de-venta\/\" \/>\n<meta property=\"og:site_name\" content=\"D2D Hunting\" \/>\n<meta property=\"article:modified_time\" content=\"2024-05-20T08:35:05+00:00\" \/>\n<meta property=\"og:image\" content=\"https:\/\/d2dhunting.com\/wp-content\/uploads\/2023\/12\/Grupo-112.png\" \/>\n<meta name=\"twitter:card\" content=\"summary_large_image\" \/>\n<meta name=\"twitter:label1\" content=\"Tiempo de lectura\" \/>\n\t<meta name=\"twitter:data1\" content=\"1 minuto\" \/>\n<script type=\"application\/ld+json\" class=\"yoast-schema-graph\">{\"@context\":\"https:\/\/schema.org\",\"@graph\":[{\"@type\":\"WebPage\",\"@id\":\"https:\/\/d2dhunting.com\/puntos-de-venta\/\",\"url\":\"https:\/\/d2dhunting.com\/puntos-de-venta\/\",\"name\":\"Tiendas - D2D Hunting\",\"isPartOf\":{\"@id\":\"https:\/\/d2dhunting.com\/#website\"},\"primaryImageOfPage\":{\"@id\":\"https:\/\/d2dhunting.com\/puntos-de-venta\/#primaryimage\"},\"image\":{\"@id\":\"https:\/\/d2dhunting.com\/puntos-de-venta\/#primaryimage\"},\"thumbnailUrl\":\"https:\/\/d2dhunting.com\/wp-content\/uploads\/2023\/12\/Grupo-112.png\",\"datePublished\":\"2023-12-29T11:27:23+00:00\",\"dateModified\":\"2024-05-20T08:35:05+00:00\",\"breadcrumb\":{\"@id\":\"https:\/\/d2dhunting.com\/puntos-de-venta\/#breadcrumb\"},\"inLanguage\":\"es\",\"potentialAction\":[{\"@type\":\"ReadAction\",\"target\":[\"https:\/\/d2dhunting.com\/puntos-de-venta\/\"]}]},{\"@type\":\"ImageObject\",\"inLanguage\":\"es\",\"@id\":\"https:\/\/d2dhunting.com\/puntos-de-venta\/#primaryimage\",\"url\":\"https:\/\/d2dhunting.com\/wp-content\/uploads\/2023\/12\/Grupo-112.png\",\"contentUrl\":\"https:\/\/d2dhunting.com\/wp-content\/uploads\/2023\/12\/Grupo-112.png\"},{\"@type\":\"BreadcrumbList\",\"@id\":\"https:\/\/d2dhunting.com\/puntos-de-venta\/#breadcrumb\",\"itemListElement\":[{\"@type\":\"ListItem\",\"position\":1,\"name\":\"Home\",\"item\":\"https:\/\/d2dhunting.com\/es\/\"},{\"@type\":\"ListItem\",\"position\":2,\"name\":\"Tiendas\"}]},{\"@type\":\"WebSite\",\"@id\":\"https:\/\/d2dhunting.com\/#website\",\"url\":\"https:\/\/d2dhunting.com\/\",\"name\":\"D2D Hunting\",\"description\":\"D2D was born with the idea of promoting still stalk hunting, through the distribution of quality equipment for the hunter.\",\"publisher\":{\"@id\":\"https:\/\/d2dhunting.com\/#organization\"},\"potentialAction\":[{\"@type\":\"SearchAction\",\"target\":{\"@type\":\"EntryPoint\",\"urlTemplate\":\"https:\/\/d2dhunting.com\/?s={search_term_string}\"},\"query-input\":{\"@type\":\"PropertyValueSpecification\",\"valueRequired\":true,\"valueName\":\"search_term_string\"}}],\"inLanguage\":\"es\"},{\"@type\":\"Organization\",\"@id\":\"https:\/\/d2dhunting.com\/#organization\",\"name\":\"D2D Hunting\",\"url\":\"https:\/\/d2dhunting.com\/\",\"logo\":{\"@type\":\"ImageObject\",\"inLanguage\":\"es\",\"@id\":\"https:\/\/d2dhunting.com\/#\/schema\/logo\/image\/\",\"url\":\"https:\/\/d2dhunting.com\/wp-content\/uploads\/2023\/12\/Logo_Completo.png\",\"contentUrl\":\"https:\/\/d2dhunting.com\/wp-content\/uploads\/2023\/12\/Logo_Completo.png\",\"width\":740,\"height\":308,\"caption\":\"D2D Hunting\"},\"image\":{\"@id\":\"https:\/\/d2dhunting.com\/#\/schema\/logo\/image\/\"}}]}<\/script>\n<!-- \/ Yoast SEO plugin. -->","yoast_head_json":{"title":"Tiendas - D2D Hunting","robots":{"index":"index","follow":"follow","max-snippet":"max-snippet:-1","max-image-preview":"max-image-preview:large","max-video-preview":"max-video-preview:-1"},"canonical":"https:\/\/d2dhunting.com\/puntos-de-venta\/","og_locale":"es_ES","og_type":"article","og_title":"Tiendas - D2D Hunting","og_description":"Los mejores productos cerca de ti ENCUENTRA TU TIENDA M\u00c1S CERCANA Direcci\u00f3n Distancia 10 km25 km50 km100 km200 km500 km Address Within 10 km25 km50 km100 km200 km500 km HAZTE DISTRIBUID\u00f3R DE LAS MARCAS D2D HAZTE DISTRIBUIDOR d2D S\u00e9 el primero en enterarte","og_url":"https:\/\/d2dhunting.com\/puntos-de-venta\/","og_site_name":"D2D Hunting","article_modified_time":"2024-05-20T08:35:05+00:00","og_image":[{"url":"https:\/\/d2dhunting.com\/wp-content\/uploads\/2023\/12\/Grupo-112.png","type":"","width":"","height":""}],"twitter_card":"summary_large_image","twitter_misc":{"Tiempo de lectura":"1 minuto"},"schema":{"@context":"https:\/\/schema.org","@graph":[{"@type":"WebPage","@id":"https:\/\/d2dhunting.com\/puntos-de-venta\/","url":"https:\/\/d2dhunting.com\/puntos-de-venta\/","name":"Tiendas - D2D Hunting","isPartOf":{"@id":"https:\/\/d2dhunting.com\/#website"},"primaryImageOfPage":{"@id":"https:\/\/d2dhunting.com\/puntos-de-venta\/#primaryimage"},"image":{"@id":"https:\/\/d2dhunting.com\/puntos-de-venta\/#primaryimage"},"thumbnailUrl":"https:\/\/d2dhunting.com\/wp-content\/uploads\/2023\/12\/Grupo-112.png","datePublished":"2023-12-29T11:27:23+00:00","dateModified":"2024-05-20T08:35:05+00:00","breadcrumb":{"@id":"https:\/\/d2dhunting.com\/puntos-de-venta\/#breadcrumb"},"inLanguage":"es","potentialAction":[{"@type":"ReadAction","target":["https:\/\/d2dhunting.com\/puntos-de-venta\/"]}]},{"@type":"ImageObject","inLanguage":"es","@id":"https:\/\/d2dhunting.com\/puntos-de-venta\/#primaryimage","url":"https:\/\/d2dhunting.com\/wp-content\/uploads\/2023\/12\/Grupo-112.png","contentUrl":"https:\/\/d2dhunting.com\/wp-content\/uploads\/2023\/12\/Grupo-112.png"},{"@type":"BreadcrumbList","@id":"https:\/\/d2dhunting.com\/puntos-de-venta\/#breadcrumb","itemListElement":[{"@type":"ListItem","position":1,"name":"Home","item":"https:\/\/d2dhunting.com\/es\/"},{"@type":"ListItem","position":2,"name":"Tiendas"}]},{"@type":"WebSite","@id":"https:\/\/d2dhunting.com\/#website","url":"https:\/\/d2dhunting.com\/","name":"D2D Hunting","description":"D2D was born with the idea of promoting still stalk hunting, through the distribution of quality equipment for the hunter.","publisher":{"@id":"https:\/\/d2dhunting.com\/#organization"},"potentialAction":[{"@type":"SearchAction","target":{"@type":"EntryPoint","urlTemplate":"https:\/\/d2dhunting.com\/?s={search_term_string}"},"query-input":{"@type":"PropertyValueSpecification","valueRequired":true,"valueName":"search_term_string"}}],"inLanguage":"es"},{"@type":"Organization","@id":"https:\/\/d2dhunting.com\/#organization","name":"D2D Hunting","url":"https:\/\/d2dhunting.com\/","logo":{"@type":"ImageObject","inLanguage":"es","@id":"https:\/\/d2dhunting.com\/#\/schema\/logo\/image\/","url":"https:\/\/d2dhunting.com\/wp-content\/uploads\/2023\/12\/Logo_Completo.png","contentUrl":"https:\/\/d2dhunting.com\/wp-content\/uploads\/2023\/12\/Logo_Completo.png","width":740,"height":308,"caption":"D2D Hunting"},"image":{"@id":"https:\/\/d2dhunting.com\/#\/schema\/logo\/image\/"}}]}},"_links":{"self":[{"href":"https:\/\/d2dhunting.com\/es\/wp-json\/wp\/v2\/pages\/4382","targetHints":{"allow":["GET"]}}],"collection":[{"href":"https:\/\/d2dhunting.com\/es\/wp-json\/wp\/v2\/pages"}],"about":[{"href":"https:\/\/d2dhunting.com\/es\/wp-json\/wp\/v2\/types\/page"}],"author":[{"embeddable":true,"href":"https:\/\/d2dhunting.com\/es\/wp-json\/wp\/v2\/users\/2"}],"replies":[{"embeddable":true,"href":"https:\/\/d2dhunting.com\/es\/wp-json\/wp\/v2\/comments?post=4382"}],"version-history":[{"count":0,"href":"https:\/\/d2dhunting.com\/es\/wp-json\/wp\/v2\/pages\/4382\/revisions"}],"wp:attachment":[{"href":"https:\/\/d2dhunting.com\/es\/wp-json\/wp\/v2\/media?parent=4382"}],"curies":[{"name":"wp","href":"https:\/\/api.w.org\/{rel}","templated":true}]}}