{"id":7409,"date":"2024-02-23T12:02:57","date_gmt":"2024-02-23T12:02:57","guid":{"rendered":"https:\/\/d2dhunting.com\/365archery\/"},"modified":"2024-05-06T09:24:04","modified_gmt":"2024-05-06T09:24:04","slug":"365archery-dianas","status":"publish","type":"page","link":"https:\/\/d2dhunting.com\/es\/365archery-dianas\/","title":{"rendered":"365 Archery"},"content":{"rendered":"\t\t<div data-elementor-type=\"wp-page\" data-elementor-id=\"7409\" class=\"elementor elementor-7409 elementor-7400\" data-elementor-post-type=\"page\">\n\t\t\t\t<div class=\"elementor-element elementor-element-fd7ebc7 e-flex e-con-boxed e-con e-parent\" data-id=\"fd7ebc7\" data-element_type=\"container\" data-e-type=\"container\" data-settings=\"{&quot;background_background&quot;:&quot;slideshow&quot;,&quot;background_slideshow_gallery&quot;:[{&quot;id&quot;:8560,&quot;url&quot;:&quot;https:\\\/\\\/d2dhunting.com\\\/wp-content\\\/uploads\\\/2024\\\/03\\\/355buenaa-2.jpg&quot;},{&quot;id&quot;:6822,&quot;url&quot;:&quot;https:\\\/\\\/d2dhunting.com\\\/wp-content\\\/uploads\\\/2024\\\/01\\\/TARGETS-2.png&quot;},{&quot;id&quot;:8558,&quot;url&quot;:&quot;https:\\\/\\\/d2dhunting.com\\\/wp-content\\\/uploads\\\/2024\\\/03\\\/365-buena.jpeg&quot;},{&quot;id&quot;:6721,&quot;url&quot;:&quot;https:\\\/\\\/d2dhunting.com\\\/wp-content\\\/uploads\\\/2024\\\/02\\\/365_screenshot-2.webp&quot;}],&quot;background_slideshow_slide_duration&quot;:4000,&quot;background_slideshow_ken_burns&quot;:&quot;yes&quot;,&quot;background_slideshow_loop&quot;:&quot;yes&quot;,&quot;background_slideshow_slide_transition&quot;:&quot;fade&quot;,&quot;background_slideshow_transition_duration&quot;:500,&quot;background_slideshow_ken_burns_zoom_direction&quot;:&quot;in&quot;}\">\n\t\t\t\t\t<div class=\"e-con-inner\">\n\t\t\t\t<div class=\"elementor-element elementor-element-5a8c5e0 elementor-widget elementor-widget-heading\" data-id=\"5a8c5e0\" data-element_type=\"widget\" data-e-type=\"widget\" data-widget_type=\"heading.default\">\n\t\t\t\t<div class=\"elementor-widget-container\">\n\t\t\t\t\t<h2 class=\"elementor-heading-title elementor-size-default\">DURAN CASI<br>\nPARA SIEMPRE<\/h2>\t\t\t\t<\/div>\n\t\t\t\t<\/div>\n\t\t\t\t<div class=\"elementor-element elementor-element-0cbc95f elementor-widget elementor-widget-text-editor\" data-id=\"0cbc95f\" data-element_type=\"widget\" data-e-type=\"widget\" data-widget_type=\"text-editor.default\">\n\t\t\t\t<div class=\"elementor-widget-container\">\n\t\t\t\t\t\t\t\t\t<p>Las dianas de <em>365 Archery<\/em> son conocidas por su durabilidad y rendimiento excepcionales. Dise\u00f1adas para resistir las exigencias diarias de uso gracias al foam de excelente calidad del que est\u00e1n fabricadas.<\/p>\t\t\t\t\t\t\t\t<\/div>\n\t\t\t\t<\/div>\n\t\t\t\t\t<\/div>\n\t\t\t\t<\/div>\n\t\t<div class=\"elementor-element elementor-element-322705d e-flex e-con-boxed e-con e-parent\" data-id=\"322705d\" data-element_type=\"container\" data-e-type=\"container\">\n\t\t\t\t\t<div class=\"e-con-inner\">\n\t\t\t\t<div class=\"elementor-element elementor-element-a862b06 elementor-widget elementor-widget-image\" data-id=\"a862b06\" data-element_type=\"widget\" data-e-type=\"widget\" data-widget_type=\"image.default\">\n\t\t\t\t<div class=\"elementor-widget-container\">\n\t\t\t\t\t\t\t\t\t\t\t\t\t\t\t<img fetchpriority=\"high\" decoding=\"async\" width=\"300\" height=\"300\" src=\"https:\/\/d2dhunting.com\/wp-content\/uploads\/2024\/02\/365archeryyyyyyy-1.jpeg\" class=\"attachment-medium size-medium wp-image-7181\" alt=\"\" srcset=\"https:\/\/d2dhunting.com\/wp-content\/uploads\/2024\/02\/365archeryyyyyyy-1.jpeg 300w, https:\/\/d2dhunting.com\/wp-content\/uploads\/2024\/02\/365archeryyyyyyy-1-100x100.jpeg 100w, https:\/\/d2dhunting.com\/wp-content\/uploads\/2024\/02\/365archeryyyyyyy-1-150x150.jpeg 150w\" sizes=\"(max-width: 300px) 100vw, 300px\" \/>\t\t\t\t\t\t\t\t\t\t\t\t\t\t\t<\/div>\n\t\t\t\t<\/div>\n\t\t\t\t\t<\/div>\n\t\t\t\t<\/div>\n\t\t<div class=\"elementor-element elementor-element-72ba116 e-flex e-con-boxed e-con e-parent\" data-id=\"72ba116\" data-element_type=\"container\" data-e-type=\"container\">\n\t\t\t\t\t<div class=\"e-con-inner\">\n\t\t\t\t<div class=\"elementor-element elementor-element-faa90a4 elementor-widget elementor-widget-image\" data-id=\"faa90a4\" data-element_type=\"widget\" data-e-type=\"widget\" data-widget_type=\"image.default\">\n\t\t\t\t<div class=\"elementor-widget-container\">\n\t\t\t\t\t\t\t\t\t\t\t\t\t\t\t<img decoding=\"async\" width=\"768\" height=\"768\" src=\"https:\/\/d2dhunting.com\/wp-content\/uploads\/2024\/01\/365_Archery_High_Performance_Trio_Target_Systems_2__11295-768x768.jpeg\" class=\"attachment-medium_large size-medium_large wp-image-6046\" alt=\"\" srcset=\"https:\/\/d2dhunting.com\/wp-content\/uploads\/2024\/01\/365_Archery_High_Performance_Trio_Target_Systems_2__11295-768x768.jpeg 768w, https:\/\/d2dhunting.com\/wp-content\/uploads\/2024\/01\/365_Archery_High_Performance_Trio_Target_Systems_2__11295-300x300.jpeg 300w, https:\/\/d2dhunting.com\/wp-content\/uploads\/2024\/01\/365_Archery_High_Performance_Trio_Target_Systems_2__11295-100x100.jpeg 100w, https:\/\/d2dhunting.com\/wp-content\/uploads\/2024\/01\/365_Archery_High_Performance_Trio_Target_Systems_2__11295-600x600.jpeg 600w, https:\/\/d2dhunting.com\/wp-content\/uploads\/2024\/01\/365_Archery_High_Performance_Trio_Target_Systems_2__11295-1024x1024.jpeg 1024w, https:\/\/d2dhunting.com\/wp-content\/uploads\/2024\/01\/365_Archery_High_Performance_Trio_Target_Systems_2__11295-150x150.jpeg 150w, https:\/\/d2dhunting.com\/wp-content\/uploads\/2024\/01\/365_Archery_High_Performance_Trio_Target_Systems_2__11295.jpeg 1280w\" sizes=\"(max-width: 768px) 100vw, 768px\" \/>\t\t\t\t\t\t\t\t\t\t\t\t\t\t\t<\/div>\n\t\t\t\t<\/div>\n\t\t<div class=\"elementor-element elementor-element-1899968 e-con-full e-flex e-con e-child\" data-id=\"1899968\" data-element_type=\"container\" data-e-type=\"container\">\n\t\t\t\t<div class=\"elementor-element elementor-element-f5aeab0 elementor-widget__width-initial elementor-widget-mobile__width-inherit elementor-widget elementor-widget-heading\" data-id=\"f5aeab0\" data-element_type=\"widget\" data-e-type=\"widget\" data-widget_type=\"heading.default\">\n\t\t\t\t<div class=\"elementor-widget-container\">\n\t\t\t\t\t<h2 class=\"elementor-heading-title elementor-size-default\">Un modelo para cada necesidad<\/h2>\t\t\t\t<\/div>\n\t\t\t\t<\/div>\n\t\t\t\t<div class=\"elementor-element elementor-element-072da06 elementor-widget__width-initial elementor-widget-mobile__width-inherit elementor-widget elementor-widget-text-editor\" data-id=\"072da06\" data-element_type=\"widget\" data-e-type=\"widget\" data-widget_type=\"text-editor.default\">\n\t\t\t\t<div class=\"elementor-widget-container\">\n\t\t\t\t\t\t\t\t\t<p>Esta ser\u00e1 la \u00faltima diana que tendr\u00e1s que comprar. El dise\u00f1o de 365 Archery incorpora un novedoso cubo intercambiable que permite al arquero utilizar los\u00a0seis lados del n\u00facleo central antes de reemplazarlo, a diferencia de otras dianas que\u00a0normalmente solo se pueden disparar por dos lados<\/p>\t\t\t\t\t\t\t\t<\/div>\n\t\t\t\t<\/div>\n\t\t\t\t<\/div>\n\t\t\t\t\t<\/div>\n\t\t\t\t<\/div>\n\t\t<div class=\"elementor-element elementor-element-51a5304 e-flex e-con-boxed e-con e-parent\" data-id=\"51a5304\" data-element_type=\"container\" data-e-type=\"container\">\n\t\t\t\t\t<div class=\"e-con-inner\">\n\t\t\t\t<div class=\"elementor-element elementor-element-7c3c590 elementor-widget elementor-widget-spacer\" data-id=\"7c3c590\" data-element_type=\"widget\" data-e-type=\"widget\" data-widget_type=\"spacer.default\">\n\t\t\t\t<div class=\"elementor-widget-container\">\n\t\t\t\t\t\t\t<div class=\"elementor-spacer\">\n\t\t\t<div class=\"elementor-spacer-inner\"><\/div>\n\t\t<\/div>\n\t\t\t\t\t\t<\/div>\n\t\t\t\t<\/div>\n\t\t\t\t<div class=\"elementor-element elementor-element-59448a6 elementor-widget__width-initial elementor-widget elementor-widget-text-editor\" data-id=\"59448a6\" data-element_type=\"widget\" data-e-type=\"widget\" data-widget_type=\"text-editor.default\">\n\t\t\t\t<div class=\"elementor-widget-container\">\n\t\t\t\t\t\t\t\t\t<p>365 Archery se fundamenta en el principio de fabricar productos de alto rendimiento y calidad profesional que superan todas las expectativas. Con m\u00e1s de 20 a\u00f1os de experiencia en la industria de la venta y el mantenimiento de equipos de tiro con arco, conocemos cu\u00e1les son las \u00e1reas cr\u00edticas en la ingenier\u00eda de productos que requieren atenci\u00f3n. Esta experiencia, combinada con nuestra pasi\u00f3n por el campo, es lo que nos impulsa a fabricar productos innovadores y vanguardistas para la industria del tiro con arco. Nos enorgullece fabricar productos de calidad para personas que comparten esa misma pasi\u00f3n.<\/p><p>365 Archery tambi\u00e9n cree que para que el consumidor disfrute de los mejores resultados con nuestros productos es fundamental contar con el conocimiento y al asesoramiento de buenos profesionales. Es por este convencimiento por lo que los productos de 365 Archery tambi\u00e9n se comercializan a trav\u00e9s de distribuidores \u00a0profesionales cualificados \u00a0bien seleccionados que se asegurar\u00e1n que el usuario realice la elecci\u00f3n del equipo adecuado para el uso deseado y que, en caso de necesidad, brindar\u00e1n soporte r\u00e1pida y eficientemente.<\/p>\t\t\t\t\t\t\t\t<\/div>\n\t\t\t\t<\/div>\n\t\t\t\t<div class=\"elementor-element elementor-element-ce20a52 elementor-widget elementor-widget-spacer\" data-id=\"ce20a52\" data-element_type=\"widget\" data-e-type=\"widget\" data-widget_type=\"spacer.default\">\n\t\t\t\t<div class=\"elementor-widget-container\">\n\t\t\t\t\t\t\t<div class=\"elementor-spacer\">\n\t\t\t<div class=\"elementor-spacer-inner\"><\/div>\n\t\t<\/div>\n\t\t\t\t\t\t<\/div>\n\t\t\t\t<\/div>\n\t\t\t\t<div class=\"elementor-element elementor-element-92306d4 elementor-widget__width-initial elementor-widget elementor-widget-heading\" data-id=\"92306d4\" data-element_type=\"widget\" data-e-type=\"widget\" data-widget_type=\"heading.default\">\n\t\t\t\t<div class=\"elementor-widget-container\">\n\t\t\t\t\t<h2 class=\"elementor-heading-title elementor-size-default\">LAS DIANAS DE CALIDAD PROFESIONAL<\/h2>\t\t\t\t<\/div>\n\t\t\t\t<\/div>\n\t\t\t\t<div class=\"elementor-element elementor-element-495ec4e elementor-align-center elementor-widget elementor-widget-button\" data-id=\"495ec4e\" data-element_type=\"widget\" data-e-type=\"widget\" data-widget_type=\"button.default\">\n\t\t\t\t<div class=\"elementor-widget-container\">\n\t\t\t\t\t\t\t\t\t<div class=\"elementor-button-wrapper\">\n\t\t\t\t\t<a class=\"elementor-button elementor-button-link elementor-size-sm\" href=\"https:\/\/d2dhunting.com\/es\/producto-caza\/dianas\/\">\n\t\t\t\t\t\t<span class=\"elementor-button-content-wrapper\">\n\t\t\t\t\t\t\t\t\t<span class=\"elementor-button-text\">COMPRAR<\/span>\n\t\t\t\t\t<\/span>\n\t\t\t\t\t<\/a>\n\t\t\t\t<\/div>\n\t\t\t\t\t\t\t\t<\/div>\n\t\t\t\t<\/div>\n\t\t\t\t<div class=\"elementor-element elementor-element-7fc27ce elementor-widget elementor-widget-spacer\" data-id=\"7fc27ce\" data-element_type=\"widget\" data-e-type=\"widget\" data-widget_type=\"spacer.default\">\n\t\t\t\t<div class=\"elementor-widget-container\">\n\t\t\t\t\t\t\t<div class=\"elementor-spacer\">\n\t\t\t<div class=\"elementor-spacer-inner\"><\/div>\n\t\t<\/div>\n\t\t\t\t\t\t<\/div>\n\t\t\t\t<\/div>\n\t\t\t\t\t<\/div>\n\t\t\t\t<\/div>\n\t\t<div class=\"elementor-element elementor-element-7020a3c elementor-hidden-mobile e-flex e-con-boxed e-con e-parent\" data-id=\"7020a3c\" data-element_type=\"container\" data-e-type=\"container\" data-settings=\"{&quot;background_background&quot;:&quot;video&quot;,&quot;background_video_link&quot;:&quot;https:\\\/\\\/www.youtube.com\\\/watch?v=OvEr17DKAro&quot;,&quot;background_video_end&quot;:50}\">\n\t\t\t\t\t<div class=\"e-con-inner\">\n\t\t<div class=\"elementor-background-video-container elementor-hidden-mobile\">\n\t\t\t\t\t\t\t<div class=\"elementor-background-video-embed\" role=\"presentation\"><\/div>\n\t\t\t\t\t\t<\/div>\t\t\t<\/div>\n\t\t\t\t<\/div>\n\t\t<div class=\"elementor-element elementor-element-6d2a2e5 e-flex e-con-boxed e-con e-parent\" data-id=\"6d2a2e5\" data-element_type=\"container\" data-e-type=\"container\" data-settings=\"{&quot;background_background&quot;:&quot;classic&quot;}\">\n\t\t\t\t\t<div class=\"e-con-inner\">\n\t\t<div class=\"elementor-element elementor-element-af6299a e-con-full e-flex e-con e-child\" data-id=\"af6299a\" data-element_type=\"container\" data-e-type=\"container\">\n\t\t\t\t<\/div>\n\t\t<div class=\"elementor-element elementor-element-c998ae1 e-con-full e-flex e-con e-child\" data-id=\"c998ae1\" data-element_type=\"container\" data-e-type=\"container\">\n\t\t\t\t<div class=\"elementor-element elementor-element-a107238 elementor-widget elementor-widget-text-editor\" data-id=\"a107238\" data-element_type=\"widget\" data-e-type=\"widget\" data-widget_type=\"text-editor.default\">\n\t\t\t\t<div class=\"elementor-widget-container\">\n\t\t\t\t\t\t\t\t\t<p style=\"text-align: center;\">S\u00e9 el primero en enterarte<\/p>\t\t\t\t\t\t\t\t<\/div>\n\t\t\t\t<\/div>\n\t\t\t\t<div class=\"elementor-element elementor-element-9786a01 elementor-widget__width-initial elementor-button-align-stretch elementor-widget elementor-widget-global elementor-global-12939 elementor-widget-form\" data-id=\"9786a01\" data-element_type=\"widget\" data-e-type=\"widget\" data-settings=\"{&quot;step_next_label&quot;:&quot;Siguiente&quot;,&quot;step_previous_label&quot;:&quot;Anterior&quot;,&quot;button_width&quot;:&quot;100&quot;,&quot;step_type&quot;:&quot;number_text&quot;,&quot;step_icon_shape&quot;:&quot;circle&quot;}\" data-widget_type=\"form.default\">\n\t\t\t\t<div class=\"elementor-widget-container\">\n\t\t\t\t\t\t\t<form class=\"elementor-form\" method=\"post\" name=\"Suscribir\">\n\t\t\t<input type=\"hidden\" name=\"post_id\" value=\"7409\"\/>\n\t\t\t<input type=\"hidden\" name=\"form_id\" value=\"9786a01\"\/>\n\t\t\t<input type=\"hidden\" name=\"referer_title\" value=\"D2D Hunting\" \/>\n\n\t\t\t\n\t\t\t<div class=\"elementor-form-fields-wrapper elementor-labels-above\">\n\t\t\t\t\t\t\t\t<div class=\"elementor-field-type-email elementor-field-group elementor-column elementor-field-group-email elementor-col-100 elementor-field-required elementor-mark-required\">\n\t\t\t\t\t\t\t\t\t\t\t\t\t<input size=\"1\" type=\"email\" name=\"form_fields[email]\" id=\"form-field-email\" class=\"elementor-field elementor-size-sm  elementor-field-textual\" placeholder=\"Email\" required=\"required\">\n\t\t\t\t\t\t\t\t\t\t\t<\/div>\n\t\t\t\t\t\t\t\t<div class=\"elementor-field-type-acceptance elementor-field-group elementor-column elementor-field-group-field_bc3345b elementor-col-100 elementor-field-required elementor-mark-required\">\n\t\t\t\t\t\t\t<div class=\"elementor-field-subgroup\">\n\t\t\t<span class=\"elementor-field-option\">\n\t\t\t\t<input type=\"checkbox\" name=\"form_fields[field_bc3345b]\" id=\"form-field-field_bc3345b\" class=\"elementor-field elementor-size-sm  elementor-acceptance-field\" required=\"required\">\n\t\t\t\t<label for=\"form-field-field_bc3345b\">He le\u00eddo y aceptado <a href=\"https:\/\/d2dhunting.com\/es\/terminos-y-condiciones-generales\/\" style=\"color:white;\">CONDICIONES GENERALES<\/a>, las <a href=\"https:\/\/d2dhunting.com\/es\/condiciones-de-contrato\/\" style=\"color:white; y la <a href=\"https:\/\/d2dhunting.com\/es\/privacy-policy\/\" style=\"color:white;\">POLITICA DE PRIVACIDAD<\/a> y recibir comunicaciones comerciales de Dawn to Dusk.\n<\/label>\t\t\t<\/span>\n\t\t<\/div>\n\t\t\t\t\t\t<\/div>\n\t\t\t\t\t\t\t\t<div class=\"elementor-field-type-radio elementor-field-group elementor-column elementor-field-group-field_b655bfe elementor-col-100 elementor-field-required elementor-mark-required\">\n\t\t\t\t\t\t\t\t\t\t\t\t<label for=\"form-field-field_b655bfe\" class=\"elementor-field-label\">\n\t\t\t\t\t\t\t\tSelect Your Language\t\t\t\t\t\t\t<\/label>\n\t\t\t\t\t\t<div class=\"elementor-field-subgroup  elementor-subgroup-inline\"><span class=\"elementor-field-option\"><input type=\"radio\" value=\"Spanish\" id=\"form-field-field_b655bfe-0\" name=\"form_fields[field_b655bfe]\" required=\"required\"> <label for=\"form-field-field_b655bfe-0\">Spanish<\/label><\/span><span class=\"elementor-field-option\"><input type=\"radio\" value=\"English\" id=\"form-field-field_b655bfe-1\" name=\"form_fields[field_b655bfe]\" required=\"required\"> <label for=\"form-field-field_b655bfe-1\">English<\/label><\/span><span class=\"elementor-field-option\"><input type=\"radio\" value=\"French\" id=\"form-field-field_b655bfe-2\" name=\"form_fields[field_b655bfe]\" required=\"required\"> <label for=\"form-field-field_b655bfe-2\">French<\/label><\/span><\/div>\t\t\t\t<\/div>\n\t\t\t\t\t\t\t\t<div class=\"elementor-field-group elementor-column elementor-field-type-submit elementor-col-100 e-form__buttons\">\n\t\t\t\t\t<button class=\"elementor-button elementor-size-sm\" type=\"submit\">\n\t\t\t\t\t\t<span class=\"elementor-button-content-wrapper\">\n\t\t\t\t\t\t\t\t\t\t\t\t\t\t\t\t\t\t\t\t\t\t<span class=\"elementor-button-text\">Enviar<\/span>\n\t\t\t\t\t\t\t\t\t\t\t\t\t<\/span>\n\t\t\t\t\t<\/button>\n\t\t\t\t<\/div>\n\t\t\t<\/div>\n\t\t<\/form>\n\t\t\t\t\t\t<\/div>\n\t\t\t\t<\/div>\n\t\t\t\t<\/div>\n\t\t<div class=\"elementor-element elementor-element-ec4809a e-con-full e-flex e-con e-child\" data-id=\"ec4809a\" data-element_type=\"container\" data-e-type=\"container\">\n\t\t\t\t<\/div>\n\t\t\t\t\t<\/div>\n\t\t\t\t<\/div>\n\t\t\t\t<\/div>\n\t\t","protected":false},"excerpt":{"rendered":"<p>DURAN CASI PARA SIEMPRE Las dianas de 365 Archery son conocidas por su durabilidad y rendimiento excepcionales. Dise\u00f1adas para resistir las exigencias diarias de uso gracias al foam de excelente calidad del que est\u00e1n fabricadas. Un modelo para cada necesidad Esta ser\u00e1 la \u00faltima diana que tendr\u00e1s que comprar. El dise\u00f1o de 365 Archery incorpora [&hellip;]<\/p>\n","protected":false},"author":2,"featured_media":0,"parent":0,"menu_order":0,"comment_status":"closed","ping_status":"closed","template":"","meta":{"_acf_changed":false,"footnotes":""},"class_list":["post-7409","page","type-page","status-publish","hentry"],"acf":[],"yoast_head":"<!-- This site is optimized with the Yoast SEO plugin v27.2 - https:\/\/yoast.com\/product\/yoast-seo-wordpress\/ -->\n<title>365 Archery - D2D Hunting<\/title>\n<meta name=\"robots\" content=\"index, follow, max-snippet:-1, max-image-preview:large, max-video-preview:-1\" \/>\n<link rel=\"canonical\" href=\"https:\/\/d2dhunting.com\/es\/365archery-dianas\/\" \/>\n<meta property=\"og:locale\" content=\"es_ES\" \/>\n<meta property=\"og:type\" content=\"article\" \/>\n<meta property=\"og:title\" content=\"365 Archery - D2D Hunting\" \/>\n<meta property=\"og:description\" content=\"DURAN CASI PARA SIEMPRE Las dianas de 365 Archery son conocidas por su durabilidad y rendimiento excepcionales. Dise\u00f1adas para resistir las exigencias diarias de uso gracias al foam de excelente calidad del que est\u00e1n fabricadas. Un modelo para cada necesidad Esta ser\u00e1 la \u00faltima diana que tendr\u00e1s que comprar. El dise\u00f1o de 365 Archery incorpora [&hellip;]\" \/>\n<meta property=\"og:url\" content=\"https:\/\/d2dhunting.com\/es\/365archery-dianas\/\" \/>\n<meta property=\"og:site_name\" content=\"D2D Hunting\" \/>\n<meta property=\"article:modified_time\" content=\"2024-05-06T09:24:04+00:00\" \/>\n<meta property=\"og:image\" content=\"https:\/\/d2dhunting.com\/wp-content\/uploads\/2024\/02\/365archeryyyyyyy-1.jpeg\" \/>\n<meta name=\"twitter:card\" content=\"summary_large_image\" \/>\n<meta name=\"twitter:label1\" content=\"Tiempo de lectura\" \/>\n\t<meta name=\"twitter:data1\" content=\"2 minutos\" \/>\n<script type=\"application\/ld+json\" class=\"yoast-schema-graph\">{\"@context\":\"https:\/\/schema.org\",\"@graph\":[{\"@type\":\"WebPage\",\"@id\":\"https:\/\/d2dhunting.com\/es\/365archery-dianas\/\",\"url\":\"https:\/\/d2dhunting.com\/es\/365archery-dianas\/\",\"name\":\"365 Archery - D2D Hunting\",\"isPartOf\":{\"@id\":\"https:\/\/d2dhunting.com\/#website\"},\"primaryImageOfPage\":{\"@id\":\"https:\/\/d2dhunting.com\/es\/365archery-dianas\/#primaryimage\"},\"image\":{\"@id\":\"https:\/\/d2dhunting.com\/es\/365archery-dianas\/#primaryimage\"},\"thumbnailUrl\":\"https:\/\/d2dhunting.com\/wp-content\/uploads\/2024\/02\/365archeryyyyyyy-1.jpeg\",\"datePublished\":\"2024-02-23T12:02:57+00:00\",\"dateModified\":\"2024-05-06T09:24:04+00:00\",\"breadcrumb\":{\"@id\":\"https:\/\/d2dhunting.com\/es\/365archery-dianas\/#breadcrumb\"},\"inLanguage\":\"es\",\"potentialAction\":[{\"@type\":\"ReadAction\",\"target\":[\"https:\/\/d2dhunting.com\/es\/365archery-dianas\/\"]}]},{\"@type\":\"ImageObject\",\"inLanguage\":\"es\",\"@id\":\"https:\/\/d2dhunting.com\/es\/365archery-dianas\/#primaryimage\",\"url\":\"https:\/\/d2dhunting.com\/wp-content\/uploads\/2024\/02\/365archeryyyyyyy-1.jpeg\",\"contentUrl\":\"https:\/\/d2dhunting.com\/wp-content\/uploads\/2024\/02\/365archeryyyyyyy-1.jpeg\"},{\"@type\":\"BreadcrumbList\",\"@id\":\"https:\/\/d2dhunting.com\/es\/365archery-dianas\/#breadcrumb\",\"itemListElement\":[{\"@type\":\"ListItem\",\"position\":1,\"name\":\"Home\",\"item\":\"https:\/\/d2dhunting.com\/es\/\"},{\"@type\":\"ListItem\",\"position\":2,\"name\":\"365 Archery\"}]},{\"@type\":\"WebSite\",\"@id\":\"https:\/\/d2dhunting.com\/#website\",\"url\":\"https:\/\/d2dhunting.com\/\",\"name\":\"D2D Hunting\",\"description\":\"D2D was born with the idea of promoting still stalk hunting, through the distribution of quality equipment for the hunter.\",\"publisher\":{\"@id\":\"https:\/\/d2dhunting.com\/#organization\"},\"potentialAction\":[{\"@type\":\"SearchAction\",\"target\":{\"@type\":\"EntryPoint\",\"urlTemplate\":\"https:\/\/d2dhunting.com\/?s={search_term_string}\"},\"query-input\":{\"@type\":\"PropertyValueSpecification\",\"valueRequired\":true,\"valueName\":\"search_term_string\"}}],\"inLanguage\":\"es\"},{\"@type\":\"Organization\",\"@id\":\"https:\/\/d2dhunting.com\/#organization\",\"name\":\"D2D Hunting\",\"url\":\"https:\/\/d2dhunting.com\/\",\"logo\":{\"@type\":\"ImageObject\",\"inLanguage\":\"es\",\"@id\":\"https:\/\/d2dhunting.com\/#\/schema\/logo\/image\/\",\"url\":\"https:\/\/d2dhunting.com\/wp-content\/uploads\/2023\/12\/Logo_Completo.png\",\"contentUrl\":\"https:\/\/d2dhunting.com\/wp-content\/uploads\/2023\/12\/Logo_Completo.png\",\"width\":740,\"height\":308,\"caption\":\"D2D Hunting\"},\"image\":{\"@id\":\"https:\/\/d2dhunting.com\/#\/schema\/logo\/image\/\"}}]}<\/script>\n<!-- \/ Yoast SEO plugin. -->","yoast_head_json":{"title":"365 Archery - D2D Hunting","robots":{"index":"index","follow":"follow","max-snippet":"max-snippet:-1","max-image-preview":"max-image-preview:large","max-video-preview":"max-video-preview:-1"},"canonical":"https:\/\/d2dhunting.com\/es\/365archery-dianas\/","og_locale":"es_ES","og_type":"article","og_title":"365 Archery - D2D Hunting","og_description":"DURAN CASI PARA SIEMPRE Las dianas de 365 Archery son conocidas por su durabilidad y rendimiento excepcionales. Dise\u00f1adas para resistir las exigencias diarias de uso gracias al foam de excelente calidad del que est\u00e1n fabricadas. Un modelo para cada necesidad Esta ser\u00e1 la \u00faltima diana que tendr\u00e1s que comprar. El dise\u00f1o de 365 Archery incorpora [&hellip;]","og_url":"https:\/\/d2dhunting.com\/es\/365archery-dianas\/","og_site_name":"D2D Hunting","article_modified_time":"2024-05-06T09:24:04+00:00","og_image":[{"url":"https:\/\/d2dhunting.com\/wp-content\/uploads\/2024\/02\/365archeryyyyyyy-1.jpeg","type":"","width":"","height":""}],"twitter_card":"summary_large_image","twitter_misc":{"Tiempo de lectura":"2 minutos"},"schema":{"@context":"https:\/\/schema.org","@graph":[{"@type":"WebPage","@id":"https:\/\/d2dhunting.com\/es\/365archery-dianas\/","url":"https:\/\/d2dhunting.com\/es\/365archery-dianas\/","name":"365 Archery - D2D Hunting","isPartOf":{"@id":"https:\/\/d2dhunting.com\/#website"},"primaryImageOfPage":{"@id":"https:\/\/d2dhunting.com\/es\/365archery-dianas\/#primaryimage"},"image":{"@id":"https:\/\/d2dhunting.com\/es\/365archery-dianas\/#primaryimage"},"thumbnailUrl":"https:\/\/d2dhunting.com\/wp-content\/uploads\/2024\/02\/365archeryyyyyyy-1.jpeg","datePublished":"2024-02-23T12:02:57+00:00","dateModified":"2024-05-06T09:24:04+00:00","breadcrumb":{"@id":"https:\/\/d2dhunting.com\/es\/365archery-dianas\/#breadcrumb"},"inLanguage":"es","potentialAction":[{"@type":"ReadAction","target":["https:\/\/d2dhunting.com\/es\/365archery-dianas\/"]}]},{"@type":"ImageObject","inLanguage":"es","@id":"https:\/\/d2dhunting.com\/es\/365archery-dianas\/#primaryimage","url":"https:\/\/d2dhunting.com\/wp-content\/uploads\/2024\/02\/365archeryyyyyyy-1.jpeg","contentUrl":"https:\/\/d2dhunting.com\/wp-content\/uploads\/2024\/02\/365archeryyyyyyy-1.jpeg"},{"@type":"BreadcrumbList","@id":"https:\/\/d2dhunting.com\/es\/365archery-dianas\/#breadcrumb","itemListElement":[{"@type":"ListItem","position":1,"name":"Home","item":"https:\/\/d2dhunting.com\/es\/"},{"@type":"ListItem","position":2,"name":"365 Archery"}]},{"@type":"WebSite","@id":"https:\/\/d2dhunting.com\/#website","url":"https:\/\/d2dhunting.com\/","name":"D2D Hunting","description":"D2D was born with the idea of promoting still stalk hunting, through the distribution of quality equipment for the hunter.","publisher":{"@id":"https:\/\/d2dhunting.com\/#organization"},"potentialAction":[{"@type":"SearchAction","target":{"@type":"EntryPoint","urlTemplate":"https:\/\/d2dhunting.com\/?s={search_term_string}"},"query-input":{"@type":"PropertyValueSpecification","valueRequired":true,"valueName":"search_term_string"}}],"inLanguage":"es"},{"@type":"Organization","@id":"https:\/\/d2dhunting.com\/#organization","name":"D2D Hunting","url":"https:\/\/d2dhunting.com\/","logo":{"@type":"ImageObject","inLanguage":"es","@id":"https:\/\/d2dhunting.com\/#\/schema\/logo\/image\/","url":"https:\/\/d2dhunting.com\/wp-content\/uploads\/2023\/12\/Logo_Completo.png","contentUrl":"https:\/\/d2dhunting.com\/wp-content\/uploads\/2023\/12\/Logo_Completo.png","width":740,"height":308,"caption":"D2D Hunting"},"image":{"@id":"https:\/\/d2dhunting.com\/#\/schema\/logo\/image\/"}}]}},"_links":{"self":[{"href":"https:\/\/d2dhunting.com\/es\/wp-json\/wp\/v2\/pages\/7409","targetHints":{"allow":["GET"]}}],"collection":[{"href":"https:\/\/d2dhunting.com\/es\/wp-json\/wp\/v2\/pages"}],"about":[{"href":"https:\/\/d2dhunting.com\/es\/wp-json\/wp\/v2\/types\/page"}],"author":[{"embeddable":true,"href":"https:\/\/d2dhunting.com\/es\/wp-json\/wp\/v2\/users\/2"}],"replies":[{"embeddable":true,"href":"https:\/\/d2dhunting.com\/es\/wp-json\/wp\/v2\/comments?post=7409"}],"version-history":[{"count":0,"href":"https:\/\/d2dhunting.com\/es\/wp-json\/wp\/v2\/pages\/7409\/revisions"}],"wp:attachment":[{"href":"https:\/\/d2dhunting.com\/es\/wp-json\/wp\/v2\/media?parent=7409"}],"curies":[{"name":"wp","href":"https:\/\/api.w.org\/{rel}","templated":true}]}}