{"id":8128,"date":"2024-02-29T12:15:49","date_gmt":"2024-02-29T12:15:49","guid":{"rendered":"https:\/\/d2dhunting.com\/?page_id=8128"},"modified":"2024-03-31T08:09:18","modified_gmt":"2024-03-31T08:09:18","slug":"politica-de-cookies","status":"publish","type":"page","link":"https:\/\/d2dhunting.com\/es\/politica-de-cookies\/","title":{"rendered":"POLITICA DE COOKIES"},"content":{"rendered":"\t\t<div data-elementor-type=\"wp-page\" data-elementor-id=\"8128\" class=\"elementor elementor-8128\" data-elementor-post-type=\"page\">\n\t\t\t\t<div class=\"elementor-element elementor-element-298019e e-flex e-con-boxed e-con e-parent\" data-id=\"298019e\" data-element_type=\"container\" data-e-type=\"container\">\n\t\t\t\t\t<div class=\"e-con-inner\">\n\t\t\t\t<div class=\"elementor-element elementor-element-65b35405 elementor-widget elementor-widget-text-editor\" data-id=\"65b35405\" data-element_type=\"widget\" data-e-type=\"widget\" data-widget_type=\"text-editor.default\">\n\t\t\t\t<div class=\"elementor-widget-container\">\n\t\t\t\t\t\t\t\t\t<p><b>AVISO<\/b><\/p>\n<p><span style=\"font-weight: 400;\">DAWN TO DUSK DISTRIBUCION S.L. informa a los usuarios, a trav\u00e9s de este aviso, que este sitio web utiliza cookies para facilitar la navegaci\u00f3n del usuario por las diferentes pantallas y p\u00e1ginas del sitio y para una mayor eficacia y personalizaci\u00f3n de los servicios ofrecidos.<\/span><\/p>\n<p><span style=\"font-weight: 400;\">El usuario, al acceder al sitio web, acepta y autoriza expresamente el uso de cookies, de acuerdo con nuestra Pol\u00edtica de Privacidad.<\/span><\/p>\n<p><br \/><br \/><\/p>\n<p><b>\u00bfQU\u00c9 SON LAS COOKIES?<\/b><\/p>\n<p>\u00a0<\/p>\n<p><span style=\"font-weight: 400;\">Una cookie es un archivo de texto muy peque\u00f1o que un servidor web puede almacenar en el navegador de un ordenador para recordar alg\u00fan tipo de informaci\u00f3n sobre el usuario. La cookie identifica de forma \u00fanica el ordenador y solo puede ser le\u00edda por el sitio web que la envi\u00f3 al ordenador.<\/span><\/p>\n<p>\u00a0<\/p>\n<p><span style=\"font-weight: 400;\">Una cookie no es un archivo ejecutable ni un programa y, por lo tanto, no puede propagar ni contener un virus u otro software malicioso, ni puede tener m\u00e1s de 4.000 caracteres.<\/span><\/p>\n<p><br \/><br \/><\/p>\n<p><b>\u00bfPARA QU\u00c9 SE UTILIZAN LAS COOKIES?<\/b><\/p>\n<p>\u00a0<\/p>\n<p><span style=\"font-weight: 400;\">La finalidad del uso de cookies es recordar las preferencias del usuario (idioma, pa\u00eds, inicio de sesi\u00f3n, caracter\u00edsticas de su navegador, informaci\u00f3n sobre el uso de nuestro sitio web, etc.).<\/span><\/p>\n<p>\u00a0<\/p>\n<p><span style=\"font-weight: 400;\">Al recordar las preferencias de un usuario, no tendremos que, por ejemplo, preguntarle por su pa\u00eds cada vez que visite nuestro sitio. Conoceremos el sistema operativo y las caracter\u00edsticas del navegador del dispositivo que est\u00e1 utilizando para poder brindarle una mejor experiencia de navegaci\u00f3n.<\/span><\/p>\n<p>\u00a0<\/p>\n<p><span style=\"font-weight: 400;\">Las cookies pueden ayudar a nuestro sitio web a reconocer el navegador del usuario como un visitante anterior y, por lo tanto, guardar y recordar las preferencias que se pudieran haber establecido mientras el usuario navegaba por el sitio, personalizar las p\u00e1ginas de inicio, identificar qu\u00e9 partes de un sitio se han visitado o realizar un seguimiento de las selecciones en un &#8220;carrito de compras&#8221;, entre otros.<\/span><\/p>\n<p>\u00a0<\/p>\n<p><span style=\"font-weight: 400;\">DAWN TO DUSK DISTRIBUCION S.L. puede utilizar cookies con la finalidad de reconocer a los usuarios que han accedido al sitio web y ofrecerles un mejor y m\u00e1s personalizado servicio. Tambi\u00e9n se pueden utilizar para obtener informaci\u00f3n sobre la fecha y hora de la \u00faltima visita del usuario, medir algunos par\u00e1metros de tr\u00e1fico dentro del propio sitio y estimar el n\u00famero de visitas, con objeto de poder enfocar y ajustar los servicios y promociones ofrecidos de manera m\u00e1s efectiva.<\/span><\/p>\n<p>\u00a0<\/p>\n<p><span style=\"font-weight: 400;\">Normalmente los sitios web utilizan cookies para obtener informaci\u00f3n estad\u00edstica sobre sus p\u00e1ginas web. En este sentido, es importante recalcar que la informaci\u00f3n recopilada sobre sus movimientos y el uso de nuestro sitio web es informaci\u00f3n de car\u00e1cter estad\u00edstico y que en ning\u00fan caso se utilizar\u00e1n cookies para recopilar informaci\u00f3n personal.<\/span><\/p>\n<p><br \/><br \/><\/p>\n<p><b>TIPOS DE COOKIES<\/b><\/p>\n<p>\u00a0<\/p>\n<p><span style=\"font-weight: 400;\">Las cookies se pueden clasificar seg\u00fan la entidad que las gestiona, el tiempo que permanecen activas o seg\u00fan su finalidad.\u00a0<\/span><\/p>\n<p>\u00a0<\/p>\n<p><span style=\"font-weight: 400;\">En algunas ocasiones podremos comprobar que una misma cookie puede estar incluida en m\u00e1s de una categor\u00eda.<\/span><\/p>\n<p>\u00a0<\/p>\n<p><span style=\"font-weight: 400;\">Seg\u00fan su propiedad<\/span><\/p>\n<p>\u00a0<\/p>\n<ul>\n<li style=\"font-weight: 400;\" aria-level=\"1\"><span style=\"font-weight: 400;\">Cookies propias: Son aquellas que se env\u00edan al ordenador del usuario desde un equipo o dominio gestionado por DAWN TO DUSK DISTRIBUCION S.L.<\/span><\/li>\n<\/ul>\n<p>\u00a0<\/p>\n<ul>\n<li style=\"font-weight: 400;\" aria-level=\"1\"><span style=\"font-weight: 400;\">Cookies de terceros: Son aquellas que se env\u00edan al ordenador del usuario desde un equipo o dominio que no es gestionado por el DAWN TO DUSK DISTRIBUCION, S.L., sino por otra entidad que trata los datos obtenidos a trav\u00e9s de las cookies.<\/span><\/li>\n<\/ul>\n<p>\u00a0<\/p>\n<p><span style=\"font-weight: 400;\">Seg\u00fan su vida \u00fatil<\/span><\/p>\n<p>\u00a0<\/p>\n<ul>\n<li style=\"font-weight: 400;\" aria-level=\"1\"><span style=\"font-weight: 400;\">Cookies de sesi\u00f3n: son aquellas que recogen datos mientras el usuario est\u00e1 navegando por el sitio web.<\/span><\/li>\n<\/ul>\n<p>\u00a0<\/p>\n<ul>\n<li style=\"font-weight: 400;\" aria-level=\"1\"><span style=\"font-weight: 400;\">Cookies persistentes: Son aquellas en las que los datos permanecen almacenados en el terminal y pueden ser accedidos y tratados durante un periodo definido por el responsable de la cookie, que puede ir desde unos minutos hasta varios a\u00f1os.<\/span><\/li>\n<\/ul>\n<p><span style=\"font-weight: 400;\">\u00a0<\/span><\/p>\n<p><span style=\"font-weight: 400;\">Seg\u00fan su prop\u00f3sito<\/span><\/p>\n<p>\u00a0<\/p>\n<ul>\n<li style=\"font-weight: 400;\" aria-level=\"1\"><span style=\"font-weight: 400;\">Cookies t\u00e9cnicas: Son aquellas que se utilizan internamente y son necesarias para el funcionamiento de la web.<\/span><\/li>\n<\/ul>\n<p>\u00a0<\/p>\n<ul>\n<li style=\"font-weight: 400;\" aria-level=\"1\"><span style=\"font-weight: 400;\">Cookies anal\u00edticas: Son aquellas que permiten la recopilaci\u00f3n de informaci\u00f3n estad\u00edstica sobre la actividad de los usuarios. Esta informaci\u00f3n se recopila de forma an\u00f3nima y permite optimizar la navegaci\u00f3n en el sitio web con el fin de garantizar un mejor servicio al usuario.<\/span><\/li>\n<\/ul>\n<p>\u00a0<\/p>\n<ul>\n<li style=\"font-weight: 400;\" aria-level=\"1\"><span style=\"font-weight: 400;\">Cookies de personalizaci\u00f3n: Son aquellas que permiten al usuario acceder al servicio con unas caracter\u00edsticas de car\u00e1cter general predefinidas seg\u00fan una serie de criterios en el terminal del usuario como el idioma, el tipo de navegador a trav\u00e9s del cual accede al servicio, la configuraci\u00f3n regional desde la que accede al servicio, etc.<\/span><\/li>\n<\/ul>\n<p>\u00a0<\/p>\n<ul>\n<li style=\"font-weight: 400;\" aria-level=\"1\"><span style=\"font-weight: 400;\">Cookies publicitarias: Son aquellas que permiten gestionar, de la forma m\u00e1s eficaz posible, los espacios publicitarios que, en su caso, el editor haya incluido en un sitio web, aplicaci\u00f3n o plataforma desde la que preste el servicio solicitado en base a criterios como el contenido editado o la frecuencia con la que se muestran los anuncios.<\/span><\/li>\n<\/ul>\n<p>\u00a0<\/p>\n<ul>\n<li style=\"font-weight: 400;\" aria-level=\"1\"><span style=\"font-weight: 400;\">Cookies de publicidad comportamental: Estas cookies permiten la gesti\u00f3n, de la forma m\u00e1s eficaz posible, de los espacios publicitarios que, en su caso, el editor haya incluido en una p\u00e1gina web, aplicaci\u00f3n o plataforma desde la que se preste el servicio solicitado. Estas cookies almacenan informaci\u00f3n sobre el comportamiento del usuario obtenida a trav\u00e9s de la observaci\u00f3n continuada de sus h\u00e1bitos de navegaci\u00f3n, lo que permite el desarrollo de un perfil espec\u00edfico para mostrar publicidad en base a los mismos.<\/span><\/li>\n<\/ul>\n<p><br \/><br \/><\/p>\n<p><b>FINALIDAD DE LAS COOKIES<\/b><\/p>\n<p>\u00a0<\/p>\n<p><span style=\"font-weight: 400;\">A continuaci\u00f3n se muestra una lista de las cookies que puede encontrar en nuestro sitio web y una breve descripci\u00f3n de su finalidad. Tenga la seguridad de que ninguna de estas cookies retiene informaci\u00f3n de identificaci\u00f3n personal sobre usted.\u00a0<\/span><\/p>\n<p>\u00a0<\/p>\n<p><span style=\"font-weight: 400;\">Algunas cookies personalizan su visita, otras recuerdan sus preferencias, mientras que otras solo nos proporcionan estad\u00edsticas de visitantes.<\/span><\/p>\n<p>\u00a0<\/p>\n<p><b>SALVAGUARDAS<\/b><\/p>\n<p>\u00a0<\/p>\n<p><span style=\"font-weight: 400;\">El usuario puede configurar su navegador para que acepte, o no, las cookies que recibe o para que el navegador le avise cuando un servidor quiera guardar o eliminar una cookie de su ordenador.\u00a0<\/span><\/p>\n<p>\u00a0<\/p>\n<p><span style=\"font-weight: 400;\">En caso de desear retirar su consentimiento sobre cookies de terceros previamente aceptadas, el usuario puede encontrar las instrucciones en la configuraci\u00f3n de seguridad de su navegador Web.<\/span><\/p>\n<p>\u00a0<\/p>\n<p><span style=\"font-weight: 400;\">En el caso de las cookies de Google Analytics, esta empresa almacena las cookies en servidores ubicados en Estados Unidos y se compromete a no compartirlas con terceros, salvo en los casos en que sea necesario para el funcionamiento del sistema o cuando la ley as\u00ed lo exija. Si desea evitar que Google Analytics recopile estad\u00edsticas de seguridad, el usuario puede acceder al siguiente enlace: https:\/\/tools.google.com\/dlpage\/gaoptout<\/span><\/p>\n<p>\u00a0<\/p>\n<p><span style=\"font-weight: 400;\">A trav\u00e9s de la secci\u00f3n &#8220;Ayuda&#8221; en la barra de herramientas de la mayor\u00eda de los navegadores, el usuario puede cambiar la configuraci\u00f3n de su ordenador. De hacerlo, sin embargo, es posible que algunas funciones de nuestros servicios en l\u00ednea no funcionen o que sea m\u00e1s dif\u00edcil acceder a ellas si rechaza todas las cookies.<\/span><\/p>\n<p>\u00a0<\/p>\n<p><span style=\"font-weight: 400;\">Muchos navegadores permiten al usuario activar un modo privado en el que las cookies siempre se eliminan despu\u00e9s de su visita. Dependiendo de cada navegador, este modo privado puede tener diferentes nombres (InPrivate, Inc\u00f3gnito, Navegaci\u00f3n Privada, etc.).<\/span><\/p>\n<p>\u00a0<\/p>\n<p><span style=\"font-weight: 400;\">Incluso si el navegador est\u00e1 en &#8220;modo privado&#8221;, el usuario podr\u00e1 seguir visitando el sitio web. Sin embargo, la experiencia del usuario puede no ser \u00f3ptima y es posible que algunas utilidades no funcionen.<\/span><\/p>\n<p>\u00a0<\/p>\n<p><span style=\"font-weight: 400;\">Adem\u00e1s, el usuario tambi\u00e9n puede gestionar el almacenamiento de cookies en su navegador a trav\u00e9s de herramientas como Ghostery. www.ghostery.com\/<\/span><\/p>\n<p>\u00a0<\/p>\n<p><span style=\"font-weight: 400;\">DAWN TO DUSK DISTRIBUCI\u00d3N S.L agradece a los usuarios que hayan activado la aceptaci\u00f3n de cookies. Esto nos ayuda a obtener datos m\u00e1s precisos que nos permiten mejorar el contenido y el dise\u00f1o de nuestra web para adaptarla a sus preferencias.<\/span><\/p>\n<p>\u00a0<\/p>\n<p><span style=\"font-weight: 400;\">DAWN TO DUSK DISTRIBUCI\u00d3N, S.L tiene tambi\u00e9n presencia en portales y servicios de terceros por lo que, si desea conocer las condiciones de privacidad y uso de cookies, deber\u00e1 consultar las pol\u00edticas facilitadas por los mismos:<\/span><\/p>\n<p>\u00a0<\/p>\n<p><span style=\"font-weight: 400;\">Facebook:<\/span><\/p>\n<p><span style=\"font-weight: 400;\">https:\/\/es-es.facebook.com\/help\/cookies<\/span><\/p>\n<p>\u00a0<\/p>\n<p><span style=\"font-weight: 400;\">Twitter:<\/span><\/p>\n<p><span style=\"font-weight: 400;\">https:\/\/twitter.com\/privacy<\/span><\/p>\n<p>\u00a0<\/p>\n<p><span style=\"font-weight: 400;\">YouTube: https:\/\/www.google.es\/intl\/es\/policies\/technologies\/cookies\/<\/span><\/p>\n<p>\u00a0<\/p>\n<p><span style=\"font-weight: 400;\">LinkedIn:<\/span><\/p>\n<p><span style=\"font-weight: 400;\">http:\/\/www.linkedin.com\/legal\/privacy-policy<\/span><\/p>\n<p>\u00a0<\/p>\n<p><span style=\"font-weight: 400;\">Google+: https:\/\/www.google.es\/intl\/es\/policies\/technologies\/cookies\/<\/span><\/p>\n<p>\u00a0<\/p>\n<p><span style=\"font-weight: 400;\">Instagram:<\/span><\/p>\n<p><span style=\"font-weight: 400;\">https:\/\/www.instagram.com\/legal\/cookies\/<\/span><\/p>\n<p><br \/><br \/><\/p>\n<p><b>ACTUALIZACION DE LA POL\u00cdTICA DE COOKIES<\/b><\/p>\n<p>\u00a0<\/p>\n<p><span style=\"font-weight: 400;\">La Pol\u00edtica de Cookies de este sitio web puede ser actualizada, por lo que recomendamos a los usuarios que la revisen cada vez que accedan al sitio web para estar debidamente informado sobre c\u00f3mo y con qu\u00e9 finalidad utilizamos las cookies.<\/span><\/p>\n<p>\u00a0<\/p>\n<p><span style=\"font-weight: 400;\">El plazo de conservaci\u00f3n de los datos obtenidos para las distintas finalidades en los t\u00e9rminos establecidos en el art\u00edculo 13.2 a) del RGPD y en relaci\u00f3n con el resto de informaci\u00f3n requerida en el citado art\u00edculo, est\u00e1 contemplado en nuestra Pol\u00edtica de Privacidad.<\/span><\/p>\t\t\t\t\t\t\t\t<\/div>\n\t\t\t\t<\/div>\n\t\t\t\t\t<\/div>\n\t\t\t\t<\/div>\n\t\t\t\t<\/div>\n\t\t","protected":false},"excerpt":{"rendered":"<p>AVISO DAWN TO DUSK DISTRIBUCION S.L. informa a los usuarios, a trav\u00e9s de este aviso, que este sitio web utiliza cookies para facilitar la navegaci\u00f3n del usuario por las diferentes pantallas y p\u00e1ginas del sitio y para una mayor eficacia y personalizaci\u00f3n de los servicios ofrecidos. El usuario, al acceder al sitio web, acepta y [&hellip;]<\/p>\n","protected":false},"author":2,"featured_media":0,"parent":0,"menu_order":0,"comment_status":"closed","ping_status":"closed","template":"","meta":{"_acf_changed":false,"footnotes":""},"class_list":["post-8128","page","type-page","status-publish","hentry"],"acf":[],"yoast_head":"<!-- This site is optimized with the Yoast SEO plugin v27.2 - https:\/\/yoast.com\/product\/yoast-seo-wordpress\/ -->\n<title>POLITICA DE COOKIES - D2D Hunting<\/title>\n<meta name=\"robots\" content=\"index, follow, max-snippet:-1, max-image-preview:large, max-video-preview:-1\" \/>\n<link rel=\"canonical\" href=\"https:\/\/d2dhunting.com\/es\/politica-de-cookies\/\" \/>\n<meta property=\"og:locale\" content=\"es_ES\" \/>\n<meta property=\"og:type\" content=\"article\" \/>\n<meta property=\"og:title\" content=\"POLITICA DE COOKIES - D2D Hunting\" \/>\n<meta property=\"og:description\" content=\"AVISO DAWN TO DUSK DISTRIBUCION S.L. informa a los usuarios, a trav\u00e9s de este aviso, que este sitio web utiliza cookies para facilitar la navegaci\u00f3n del usuario por las diferentes pantallas y p\u00e1ginas del sitio y para una mayor eficacia y personalizaci\u00f3n de los servicios ofrecidos. El usuario, al acceder al sitio web, acepta y [&hellip;]\" \/>\n<meta property=\"og:url\" content=\"https:\/\/d2dhunting.com\/es\/politica-de-cookies\/\" \/>\n<meta property=\"og:site_name\" content=\"D2D Hunting\" \/>\n<meta property=\"article:modified_time\" content=\"2024-03-31T08:09:18+00:00\" \/>\n<meta name=\"twitter:card\" content=\"summary_large_image\" \/>\n<meta name=\"twitter:label1\" content=\"Tiempo de lectura\" \/>\n\t<meta name=\"twitter:data1\" content=\"7 minutos\" \/>\n<script type=\"application\/ld+json\" class=\"yoast-schema-graph\">{\"@context\":\"https:\/\/schema.org\",\"@graph\":[{\"@type\":\"WebPage\",\"@id\":\"https:\/\/d2dhunting.com\/es\/politica-de-cookies\/\",\"url\":\"https:\/\/d2dhunting.com\/es\/politica-de-cookies\/\",\"name\":\"POLITICA DE COOKIES - D2D Hunting\",\"isPartOf\":{\"@id\":\"https:\/\/d2dhunting.com\/#website\"},\"datePublished\":\"2024-02-29T12:15:49+00:00\",\"dateModified\":\"2024-03-31T08:09:18+00:00\",\"breadcrumb\":{\"@id\":\"https:\/\/d2dhunting.com\/es\/politica-de-cookies\/#breadcrumb\"},\"inLanguage\":\"es\",\"potentialAction\":[{\"@type\":\"ReadAction\",\"target\":[\"https:\/\/d2dhunting.com\/es\/politica-de-cookies\/\"]}]},{\"@type\":\"BreadcrumbList\",\"@id\":\"https:\/\/d2dhunting.com\/es\/politica-de-cookies\/#breadcrumb\",\"itemListElement\":[{\"@type\":\"ListItem\",\"position\":1,\"name\":\"Home\",\"item\":\"https:\/\/d2dhunting.com\/es\/\"},{\"@type\":\"ListItem\",\"position\":2,\"name\":\"POLITICA DE COOKIES\"}]},{\"@type\":\"WebSite\",\"@id\":\"https:\/\/d2dhunting.com\/#website\",\"url\":\"https:\/\/d2dhunting.com\/\",\"name\":\"D2D Hunting\",\"description\":\"D2D was born with the idea of promoting still stalk hunting, through the distribution of quality equipment for the hunter.\",\"publisher\":{\"@id\":\"https:\/\/d2dhunting.com\/#organization\"},\"potentialAction\":[{\"@type\":\"SearchAction\",\"target\":{\"@type\":\"EntryPoint\",\"urlTemplate\":\"https:\/\/d2dhunting.com\/?s={search_term_string}\"},\"query-input\":{\"@type\":\"PropertyValueSpecification\",\"valueRequired\":true,\"valueName\":\"search_term_string\"}}],\"inLanguage\":\"es\"},{\"@type\":\"Organization\",\"@id\":\"https:\/\/d2dhunting.com\/#organization\",\"name\":\"D2D Hunting\",\"url\":\"https:\/\/d2dhunting.com\/\",\"logo\":{\"@type\":\"ImageObject\",\"inLanguage\":\"es\",\"@id\":\"https:\/\/d2dhunting.com\/#\/schema\/logo\/image\/\",\"url\":\"https:\/\/d2dhunting.com\/wp-content\/uploads\/2023\/12\/Logo_Completo.png\",\"contentUrl\":\"https:\/\/d2dhunting.com\/wp-content\/uploads\/2023\/12\/Logo_Completo.png\",\"width\":740,\"height\":308,\"caption\":\"D2D Hunting\"},\"image\":{\"@id\":\"https:\/\/d2dhunting.com\/#\/schema\/logo\/image\/\"}}]}<\/script>\n<!-- \/ Yoast SEO plugin. -->","yoast_head_json":{"title":"POLITICA DE COOKIES - D2D Hunting","robots":{"index":"index","follow":"follow","max-snippet":"max-snippet:-1","max-image-preview":"max-image-preview:large","max-video-preview":"max-video-preview:-1"},"canonical":"https:\/\/d2dhunting.com\/es\/politica-de-cookies\/","og_locale":"es_ES","og_type":"article","og_title":"POLITICA DE COOKIES - D2D Hunting","og_description":"AVISO DAWN TO DUSK DISTRIBUCION S.L. informa a los usuarios, a trav\u00e9s de este aviso, que este sitio web utiliza cookies para facilitar la navegaci\u00f3n del usuario por las diferentes pantallas y p\u00e1ginas del sitio y para una mayor eficacia y personalizaci\u00f3n de los servicios ofrecidos. El usuario, al acceder al sitio web, acepta y [&hellip;]","og_url":"https:\/\/d2dhunting.com\/es\/politica-de-cookies\/","og_site_name":"D2D Hunting","article_modified_time":"2024-03-31T08:09:18+00:00","twitter_card":"summary_large_image","twitter_misc":{"Tiempo de lectura":"7 minutos"},"schema":{"@context":"https:\/\/schema.org","@graph":[{"@type":"WebPage","@id":"https:\/\/d2dhunting.com\/es\/politica-de-cookies\/","url":"https:\/\/d2dhunting.com\/es\/politica-de-cookies\/","name":"POLITICA DE COOKIES - D2D Hunting","isPartOf":{"@id":"https:\/\/d2dhunting.com\/#website"},"datePublished":"2024-02-29T12:15:49+00:00","dateModified":"2024-03-31T08:09:18+00:00","breadcrumb":{"@id":"https:\/\/d2dhunting.com\/es\/politica-de-cookies\/#breadcrumb"},"inLanguage":"es","potentialAction":[{"@type":"ReadAction","target":["https:\/\/d2dhunting.com\/es\/politica-de-cookies\/"]}]},{"@type":"BreadcrumbList","@id":"https:\/\/d2dhunting.com\/es\/politica-de-cookies\/#breadcrumb","itemListElement":[{"@type":"ListItem","position":1,"name":"Home","item":"https:\/\/d2dhunting.com\/es\/"},{"@type":"ListItem","position":2,"name":"POLITICA DE COOKIES"}]},{"@type":"WebSite","@id":"https:\/\/d2dhunting.com\/#website","url":"https:\/\/d2dhunting.com\/","name":"D2D Hunting","description":"D2D was born with the idea of promoting still stalk hunting, through the distribution of quality equipment for the hunter.","publisher":{"@id":"https:\/\/d2dhunting.com\/#organization"},"potentialAction":[{"@type":"SearchAction","target":{"@type":"EntryPoint","urlTemplate":"https:\/\/d2dhunting.com\/?s={search_term_string}"},"query-input":{"@type":"PropertyValueSpecification","valueRequired":true,"valueName":"search_term_string"}}],"inLanguage":"es"},{"@type":"Organization","@id":"https:\/\/d2dhunting.com\/#organization","name":"D2D Hunting","url":"https:\/\/d2dhunting.com\/","logo":{"@type":"ImageObject","inLanguage":"es","@id":"https:\/\/d2dhunting.com\/#\/schema\/logo\/image\/","url":"https:\/\/d2dhunting.com\/wp-content\/uploads\/2023\/12\/Logo_Completo.png","contentUrl":"https:\/\/d2dhunting.com\/wp-content\/uploads\/2023\/12\/Logo_Completo.png","width":740,"height":308,"caption":"D2D Hunting"},"image":{"@id":"https:\/\/d2dhunting.com\/#\/schema\/logo\/image\/"}}]}},"_links":{"self":[{"href":"https:\/\/d2dhunting.com\/es\/wp-json\/wp\/v2\/pages\/8128","targetHints":{"allow":["GET"]}}],"collection":[{"href":"https:\/\/d2dhunting.com\/es\/wp-json\/wp\/v2\/pages"}],"about":[{"href":"https:\/\/d2dhunting.com\/es\/wp-json\/wp\/v2\/types\/page"}],"author":[{"embeddable":true,"href":"https:\/\/d2dhunting.com\/es\/wp-json\/wp\/v2\/users\/2"}],"replies":[{"embeddable":true,"href":"https:\/\/d2dhunting.com\/es\/wp-json\/wp\/v2\/comments?post=8128"}],"version-history":[{"count":0,"href":"https:\/\/d2dhunting.com\/es\/wp-json\/wp\/v2\/pages\/8128\/revisions"}],"wp:attachment":[{"href":"https:\/\/d2dhunting.com\/es\/wp-json\/wp\/v2\/media?parent=8128"}],"curies":[{"name":"wp","href":"https:\/\/api.w.org\/{rel}","templated":true}]}}