{"id":11033,"date":"2024-02-26T12:12:02","date_gmt":"2024-02-26T12:12:02","guid":{"rendered":"https:\/\/d2dhunting.com\/product\/spy-high-saw-blade\/"},"modified":"2024-03-31T09:44:50","modified_gmt":"2024-03-31T09:44:50","slug":"spy-high-saw-blade","status":"publish","type":"product","link":"https:\/\/d2dhunting.com\/es\/product\/spy-high-saw-blade\/","title":{"rendered":"Spy High Saw Blade"},"content":{"rendered":"<p>Para quienes no usan trailcams y solo quieren utilizar nuestro sistema para podar o desbrozar, este kit es una buena soluci\u00f3n. El conjunto incluye una hoja de sierra de muy alta calidad y dos p\u00e9rtigas telesc\u00f3picas extensibles de 61 a 122cm. Las p\u00e9rtiga viene con un adaptador exclusivo que permite alojar encajar la sierra. Podr\u00e1 cortar ramas de los \u00e1rboles desde el suelo alcanzando hasta 2,5m metros por encima de su envergadura con los brazos extendidos hacia arriba. Una gran herramienta que elimina la necesidad de escaleras. Se pueden tambi\u00e9n adquirir p\u00e9rtigas adicionales si desea llegar a\u00fan m\u00e1s alto.<\/p>\n","protected":false},"excerpt":{"rendered":"<p>Para quienes no usan trailcams y solo quieren utilizar nuestro sistema para podar o desbrozar, este kit es una buena soluci\u00f3n. El conjunto incluye una hoja de sierra de muy alta calidad y dos p\u00e9rtigas telesc\u00f3picas extensibles de 61 a 122cm. Las p\u00e9rtiga viene con un adaptador exclusivo que permite alojar encajar la sierra. Podr\u00e1 [&hellip;]<\/p>\n","protected":false},"featured_media":7621,"template":"","meta":{"_acf_changed":false},"pwb-brand":[159],"product_brand":[],"product_cat":[226],"product_tag":[],"giftcard-category":[],"class_list":{"0":"post-11033","1":"product","2":"type-product","3":"status-publish","4":"has-post-thumbnail","6":"pwb-brand-spy-high","7":"product_cat-spy-high-es","9":"first","10":"instock","11":"taxable","12":"shipping-taxable","13":"purchasable","14":"product-type-simple"},"acf":[],"yoast_head":"<!-- This site is optimized with the Yoast SEO plugin v27.2 - https:\/\/yoast.com\/product\/yoast-seo-wordpress\/ -->\n<title>Spy High Saw Blade - D2D Hunting<\/title>\n<meta name=\"robots\" content=\"index, follow, max-snippet:-1, max-image-preview:large, max-video-preview:-1\" \/>\n<link rel=\"canonical\" href=\"https:\/\/d2dhunting.com\/es\/product\/spy-high-saw-blade\/\" \/>\n<meta property=\"og:locale\" content=\"es_ES\" \/>\n<meta property=\"og:type\" content=\"article\" \/>\n<meta property=\"og:title\" content=\"Spy High Saw Blade - D2D Hunting\" \/>\n<meta property=\"og:description\" content=\"Para quienes no usan trailcams y solo quieren utilizar nuestro sistema para podar o desbrozar, este kit es una buena soluci\u00f3n. El conjunto incluye una hoja de sierra de muy alta calidad y dos p\u00e9rtigas telesc\u00f3picas extensibles de 61 a 122cm. Las p\u00e9rtiga viene con un adaptador exclusivo que permite alojar encajar la sierra. Podr\u00e1 [&hellip;]\" \/>\n<meta property=\"og:url\" content=\"https:\/\/d2dhunting.com\/es\/product\/spy-high-saw-blade\/\" \/>\n<meta property=\"og:site_name\" content=\"D2D Hunting\" \/>\n<meta property=\"article:modified_time\" content=\"2024-03-31T09:44:50+00:00\" \/>\n<meta property=\"og:image\" content=\"https:\/\/d2dhunting.com\/wp-content\/uploads\/2024\/02\/Spy-High-Saw-Blade-2.jpeg\" \/>\n\t<meta property=\"og:image:width\" content=\"800\" \/>\n\t<meta property=\"og:image:height\" content=\"532\" \/>\n\t<meta property=\"og:image:type\" content=\"image\/jpeg\" \/>\n<meta name=\"twitter:card\" content=\"summary_large_image\" \/>\n<meta name=\"twitter:label1\" content=\"Tiempo de lectura\" \/>\n\t<meta name=\"twitter:data1\" content=\"1 minuto\" \/>\n<script type=\"application\/ld+json\" class=\"yoast-schema-graph\">{\"@context\":\"https:\/\/schema.org\",\"@graph\":[{\"@type\":[\"WebPage\",\"CollectionPage\"],\"@id\":\"https:\/\/d2dhunting.com\/es\/product\/spy-high-saw-blade\/\",\"url\":\"https:\/\/d2dhunting.com\/es\/product\/spy-high-saw-blade\/\",\"name\":\"Spy High Saw Blade - D2D Hunting\",\"isPartOf\":{\"@id\":\"https:\/\/d2dhunting.com\/#website\"},\"primaryImageOfPage\":{\"@id\":\"https:\/\/d2dhunting.com\/es\/product\/spy-high-saw-blade\/#primaryimage\"},\"image\":{\"@id\":\"https:\/\/d2dhunting.com\/es\/product\/spy-high-saw-blade\/#primaryimage\"},\"thumbnailUrl\":\"https:\/\/d2dhunting.com\/wp-content\/uploads\/2024\/02\/Spy-High-Saw-Blade-2.jpeg\",\"datePublished\":\"2024-02-26T12:12:02+00:00\",\"dateModified\":\"2024-03-31T09:44:50+00:00\",\"breadcrumb\":{\"@id\":\"https:\/\/d2dhunting.com\/es\/product\/spy-high-saw-blade\/#breadcrumb\"},\"inLanguage\":\"es\"},{\"@type\":\"ImageObject\",\"inLanguage\":\"es\",\"@id\":\"https:\/\/d2dhunting.com\/es\/product\/spy-high-saw-blade\/#primaryimage\",\"url\":\"https:\/\/d2dhunting.com\/wp-content\/uploads\/2024\/02\/Spy-High-Saw-Blade-2.jpeg\",\"contentUrl\":\"https:\/\/d2dhunting.com\/wp-content\/uploads\/2024\/02\/Spy-High-Saw-Blade-2.jpeg\",\"width\":800,\"height\":532},{\"@type\":\"BreadcrumbList\",\"@id\":\"https:\/\/d2dhunting.com\/es\/product\/spy-high-saw-blade\/#breadcrumb\",\"itemListElement\":[{\"@type\":\"ListItem\",\"position\":1,\"name\":\"Home\",\"item\":\"https:\/\/d2dhunting.com\/es\/\"},{\"@type\":\"ListItem\",\"position\":2,\"name\":\"Tienda ES\",\"item\":\"https:\/\/d2dhunting.com\/es\/tienda-2\/\"},{\"@type\":\"ListItem\",\"position\":3,\"name\":\"Spy High Saw Blade\"}]},{\"@type\":\"WebSite\",\"@id\":\"https:\/\/d2dhunting.com\/#website\",\"url\":\"https:\/\/d2dhunting.com\/\",\"name\":\"D2D Hunting\",\"description\":\"D2D was born with the idea of promoting still stalk hunting, through the distribution of quality equipment for the hunter.\",\"publisher\":{\"@id\":\"https:\/\/d2dhunting.com\/#organization\"},\"potentialAction\":[{\"@type\":\"SearchAction\",\"target\":{\"@type\":\"EntryPoint\",\"urlTemplate\":\"https:\/\/d2dhunting.com\/?s={search_term_string}\"},\"query-input\":{\"@type\":\"PropertyValueSpecification\",\"valueRequired\":true,\"valueName\":\"search_term_string\"}}],\"inLanguage\":\"es\"},{\"@type\":\"Organization\",\"@id\":\"https:\/\/d2dhunting.com\/#organization\",\"name\":\"D2D Hunting\",\"url\":\"https:\/\/d2dhunting.com\/\",\"logo\":{\"@type\":\"ImageObject\",\"inLanguage\":\"es\",\"@id\":\"https:\/\/d2dhunting.com\/#\/schema\/logo\/image\/\",\"url\":\"https:\/\/d2dhunting.com\/wp-content\/uploads\/2023\/12\/Logo_Completo.png\",\"contentUrl\":\"https:\/\/d2dhunting.com\/wp-content\/uploads\/2023\/12\/Logo_Completo.png\",\"width\":740,\"height\":308,\"caption\":\"D2D Hunting\"},\"image\":{\"@id\":\"https:\/\/d2dhunting.com\/#\/schema\/logo\/image\/\"}}]}<\/script>\n<!-- \/ Yoast SEO plugin. -->","yoast_head_json":{"title":"Spy High Saw Blade - D2D Hunting","robots":{"index":"index","follow":"follow","max-snippet":"max-snippet:-1","max-image-preview":"max-image-preview:large","max-video-preview":"max-video-preview:-1"},"canonical":"https:\/\/d2dhunting.com\/es\/product\/spy-high-saw-blade\/","og_locale":"es_ES","og_type":"article","og_title":"Spy High Saw Blade - D2D Hunting","og_description":"Para quienes no usan trailcams y solo quieren utilizar nuestro sistema para podar o desbrozar, este kit es una buena soluci\u00f3n. El conjunto incluye una hoja de sierra de muy alta calidad y dos p\u00e9rtigas telesc\u00f3picas extensibles de 61 a 122cm. Las p\u00e9rtiga viene con un adaptador exclusivo que permite alojar encajar la sierra. Podr\u00e1 [&hellip;]","og_url":"https:\/\/d2dhunting.com\/es\/product\/spy-high-saw-blade\/","og_site_name":"D2D Hunting","article_modified_time":"2024-03-31T09:44:50+00:00","og_image":[{"width":800,"height":532,"url":"https:\/\/d2dhunting.com\/wp-content\/uploads\/2024\/02\/Spy-High-Saw-Blade-2.jpeg","type":"image\/jpeg"}],"twitter_card":"summary_large_image","twitter_misc":{"Tiempo de lectura":"1 minuto"},"schema":{"@context":"https:\/\/schema.org","@graph":[{"@type":["WebPage","CollectionPage"],"@id":"https:\/\/d2dhunting.com\/es\/product\/spy-high-saw-blade\/","url":"https:\/\/d2dhunting.com\/es\/product\/spy-high-saw-blade\/","name":"Spy High Saw Blade - D2D Hunting","isPartOf":{"@id":"https:\/\/d2dhunting.com\/#website"},"primaryImageOfPage":{"@id":"https:\/\/d2dhunting.com\/es\/product\/spy-high-saw-blade\/#primaryimage"},"image":{"@id":"https:\/\/d2dhunting.com\/es\/product\/spy-high-saw-blade\/#primaryimage"},"thumbnailUrl":"https:\/\/d2dhunting.com\/wp-content\/uploads\/2024\/02\/Spy-High-Saw-Blade-2.jpeg","datePublished":"2024-02-26T12:12:02+00:00","dateModified":"2024-03-31T09:44:50+00:00","breadcrumb":{"@id":"https:\/\/d2dhunting.com\/es\/product\/spy-high-saw-blade\/#breadcrumb"},"inLanguage":"es"},{"@type":"ImageObject","inLanguage":"es","@id":"https:\/\/d2dhunting.com\/es\/product\/spy-high-saw-blade\/#primaryimage","url":"https:\/\/d2dhunting.com\/wp-content\/uploads\/2024\/02\/Spy-High-Saw-Blade-2.jpeg","contentUrl":"https:\/\/d2dhunting.com\/wp-content\/uploads\/2024\/02\/Spy-High-Saw-Blade-2.jpeg","width":800,"height":532},{"@type":"BreadcrumbList","@id":"https:\/\/d2dhunting.com\/es\/product\/spy-high-saw-blade\/#breadcrumb","itemListElement":[{"@type":"ListItem","position":1,"name":"Home","item":"https:\/\/d2dhunting.com\/es\/"},{"@type":"ListItem","position":2,"name":"Tienda ES","item":"https:\/\/d2dhunting.com\/es\/tienda-2\/"},{"@type":"ListItem","position":3,"name":"Spy High Saw Blade"}]},{"@type":"WebSite","@id":"https:\/\/d2dhunting.com\/#website","url":"https:\/\/d2dhunting.com\/","name":"D2D Hunting","description":"D2D was born with the idea of promoting still stalk hunting, through the distribution of quality equipment for the hunter.","publisher":{"@id":"https:\/\/d2dhunting.com\/#organization"},"potentialAction":[{"@type":"SearchAction","target":{"@type":"EntryPoint","urlTemplate":"https:\/\/d2dhunting.com\/?s={search_term_string}"},"query-input":{"@type":"PropertyValueSpecification","valueRequired":true,"valueName":"search_term_string"}}],"inLanguage":"es"},{"@type":"Organization","@id":"https:\/\/d2dhunting.com\/#organization","name":"D2D Hunting","url":"https:\/\/d2dhunting.com\/","logo":{"@type":"ImageObject","inLanguage":"es","@id":"https:\/\/d2dhunting.com\/#\/schema\/logo\/image\/","url":"https:\/\/d2dhunting.com\/wp-content\/uploads\/2023\/12\/Logo_Completo.png","contentUrl":"https:\/\/d2dhunting.com\/wp-content\/uploads\/2023\/12\/Logo_Completo.png","width":740,"height":308,"caption":"D2D Hunting"},"image":{"@id":"https:\/\/d2dhunting.com\/#\/schema\/logo\/image\/"}}]}},"brands":[{"id":159,"name":"Spy High","slug":"spy-high"}],"_links":{"self":[{"href":"https:\/\/d2dhunting.com\/es\/wp-json\/wp\/v2\/product\/11033","targetHints":{"allow":["GET"]}}],"collection":[{"href":"https:\/\/d2dhunting.com\/es\/wp-json\/wp\/v2\/product"}],"about":[{"href":"https:\/\/d2dhunting.com\/es\/wp-json\/wp\/v2\/types\/product"}],"wp:featuredmedia":[{"embeddable":true,"href":"https:\/\/d2dhunting.com\/es\/wp-json\/wp\/v2\/media\/7621"}],"wp:attachment":[{"href":"https:\/\/d2dhunting.com\/es\/wp-json\/wp\/v2\/media?parent=11033"}],"wp:term":[{"taxonomy":"pwb-brand","embeddable":true,"href":"https:\/\/d2dhunting.com\/es\/wp-json\/wp\/v2\/pwb-brand?post=11033"},{"taxonomy":"product_brand","embeddable":true,"href":"https:\/\/d2dhunting.com\/es\/wp-json\/wp\/v2\/product_brand?post=11033"},{"taxonomy":"product_cat","embeddable":true,"href":"https:\/\/d2dhunting.com\/es\/wp-json\/wp\/v2\/product_cat?post=11033"},{"taxonomy":"product_tag","embeddable":true,"href":"https:\/\/d2dhunting.com\/es\/wp-json\/wp\/v2\/product_tag?post=11033"},{"taxonomy":"giftcard-category","embeddable":true,"href":"https:\/\/d2dhunting.com\/es\/wp-json\/wp\/v2\/giftcard-category?post=11033"}],"curies":[{"name":"wp","href":"https:\/\/api.w.org\/{rel}","templated":true}]}}