{"id":11041,"date":"2024-02-26T11:14:29","date_gmt":"2024-02-26T11:14:29","guid":{"rendered":"https:\/\/d2dhunting.com\/product\/spy-high-universal-camera-attachment-5-pack\/"},"modified":"2025-05-14T11:01:10","modified_gmt":"2025-05-14T11:01:10","slug":"spy-high-universal-camera-attachment-5-pack","status":"publish","type":"product","link":"https:\/\/d2dhunting.com\/es\/product\/spy-high-universal-camera-attachment-5-pack\/","title":{"rendered":"Spy High Universal Camera Attachment 5 Pack"},"content":{"rendered":"<p>El adaptador universal para el soporte de c\u00e1mara se utiliza montar c\u00e1maras que llevan un inserto roscado 1\/4&#8243; &#8211; 20. Si la c\u00e1mara incorpora ning\u00fan inserto roscado, le sugerimos que utilice cuerdas el\u00e1sticas de 8&#8243; o bridas (no incluidas) para asegurar su c\u00e1mara a nuestro soporte de montaje. Este pack incluye:<br \/>\n5 Adaptadores Universales<br \/>\n10 Cuerdas El\u00e1sticas<\/p>\n","protected":false},"excerpt":{"rendered":"<p>El adaptador universal para el soporte de c\u00e1mara se utiliza montar c\u00e1maras que llevan un inserto roscado 1\/4&#8243; &#8211; 20. Si la c\u00e1mara incorpora ning\u00fan inserto roscado, le sugerimos que utilice cuerdas el\u00e1sticas de 8&#8243; o bridas (no incluidas) para asegurar su c\u00e1mara a nuestro soporte de montaje. Este pack incluye: 5 Adaptadores Universales 10 [&hellip;]<\/p>\n","protected":false},"featured_media":7578,"template":"","meta":{"_acf_changed":false},"pwb-brand":[159],"product_brand":[],"product_cat":[226],"product_tag":[],"giftcard-category":[],"class_list":{"0":"post-11041","1":"product","2":"type-product","3":"status-publish","4":"has-post-thumbnail","6":"pwb-brand-spy-high","7":"product_cat-spy-high-es","9":"first","10":"instock","11":"taxable","12":"shipping-taxable","13":"purchasable","14":"product-type-simple"},"acf":[],"yoast_head":"<!-- This site is optimized with the Yoast SEO plugin v27.2 - https:\/\/yoast.com\/product\/yoast-seo-wordpress\/ -->\n<title>Spy High Universal Camera Attachment 5 Pack - D2D Hunting<\/title>\n<meta name=\"robots\" content=\"index, follow, max-snippet:-1, max-image-preview:large, max-video-preview:-1\" \/>\n<link rel=\"canonical\" href=\"https:\/\/d2dhunting.com\/es\/product\/spy-high-universal-camera-attachment-5-pack\/\" \/>\n<meta property=\"og:locale\" content=\"es_ES\" \/>\n<meta property=\"og:type\" content=\"article\" \/>\n<meta property=\"og:title\" content=\"Spy High Universal Camera Attachment 5 Pack - D2D Hunting\" \/>\n<meta property=\"og:description\" content=\"El adaptador universal para el soporte de c\u00e1mara se utiliza montar c\u00e1maras que llevan un inserto roscado 1\/4&#8243; &#8211; 20. Si la c\u00e1mara incorpora ning\u00fan inserto roscado, le sugerimos que utilice cuerdas el\u00e1sticas de 8&#8243; o bridas (no incluidas) para asegurar su c\u00e1mara a nuestro soporte de montaje. Este pack incluye: 5 Adaptadores Universales 10 [&hellip;]\" \/>\n<meta property=\"og:url\" content=\"https:\/\/d2dhunting.com\/es\/product\/spy-high-universal-camera-attachment-5-pack\/\" \/>\n<meta property=\"og:site_name\" content=\"D2D Hunting\" \/>\n<meta property=\"article:modified_time\" content=\"2025-05-14T11:01:10+00:00\" \/>\n<meta property=\"og:image\" content=\"https:\/\/d2dhunting.com\/wp-content\/uploads\/2024\/02\/ultima-5-noseq-spy-high-10-ud.png\" \/>\n\t<meta property=\"og:image:width\" content=\"1152\" \/>\n\t<meta property=\"og:image:height\" content=\"648\" \/>\n\t<meta property=\"og:image:type\" content=\"image\/png\" \/>\n<meta name=\"twitter:card\" content=\"summary_large_image\" \/>\n<meta name=\"twitter:label1\" content=\"Tiempo de lectura\" \/>\n\t<meta name=\"twitter:data1\" content=\"1 minuto\" \/>\n<script type=\"application\/ld+json\" class=\"yoast-schema-graph\">{\"@context\":\"https:\/\/schema.org\",\"@graph\":[{\"@type\":[\"WebPage\",\"CollectionPage\"],\"@id\":\"https:\/\/d2dhunting.com\/es\/product\/spy-high-universal-camera-attachment-5-pack\/\",\"url\":\"https:\/\/d2dhunting.com\/es\/product\/spy-high-universal-camera-attachment-5-pack\/\",\"name\":\"Spy High Universal Camera Attachment 5 Pack - D2D Hunting\",\"isPartOf\":{\"@id\":\"https:\/\/d2dhunting.com\/#website\"},\"primaryImageOfPage\":{\"@id\":\"https:\/\/d2dhunting.com\/es\/product\/spy-high-universal-camera-attachment-5-pack\/#primaryimage\"},\"image\":{\"@id\":\"https:\/\/d2dhunting.com\/es\/product\/spy-high-universal-camera-attachment-5-pack\/#primaryimage\"},\"thumbnailUrl\":\"https:\/\/d2dhunting.com\/wp-content\/uploads\/2024\/02\/ultima-5-noseq-spy-high-10-ud.png\",\"datePublished\":\"2024-02-26T11:14:29+00:00\",\"dateModified\":\"2025-05-14T11:01:10+00:00\",\"breadcrumb\":{\"@id\":\"https:\/\/d2dhunting.com\/es\/product\/spy-high-universal-camera-attachment-5-pack\/#breadcrumb\"},\"inLanguage\":\"es\"},{\"@type\":\"ImageObject\",\"inLanguage\":\"es\",\"@id\":\"https:\/\/d2dhunting.com\/es\/product\/spy-high-universal-camera-attachment-5-pack\/#primaryimage\",\"url\":\"https:\/\/d2dhunting.com\/wp-content\/uploads\/2024\/02\/ultima-5-noseq-spy-high-10-ud.png\",\"contentUrl\":\"https:\/\/d2dhunting.com\/wp-content\/uploads\/2024\/02\/ultima-5-noseq-spy-high-10-ud.png\",\"width\":1152,\"height\":648},{\"@type\":\"BreadcrumbList\",\"@id\":\"https:\/\/d2dhunting.com\/es\/product\/spy-high-universal-camera-attachment-5-pack\/#breadcrumb\",\"itemListElement\":[{\"@type\":\"ListItem\",\"position\":1,\"name\":\"Home\",\"item\":\"https:\/\/d2dhunting.com\/es\/\"},{\"@type\":\"ListItem\",\"position\":2,\"name\":\"Tienda ES\",\"item\":\"https:\/\/d2dhunting.com\/es\/tienda-2\/\"},{\"@type\":\"ListItem\",\"position\":3,\"name\":\"Spy High Universal Camera Attachment 5 Pack\"}]},{\"@type\":\"WebSite\",\"@id\":\"https:\/\/d2dhunting.com\/#website\",\"url\":\"https:\/\/d2dhunting.com\/\",\"name\":\"D2D Hunting\",\"description\":\"D2D was born with the idea of promoting still stalk hunting, through the distribution of quality equipment for the hunter.\",\"publisher\":{\"@id\":\"https:\/\/d2dhunting.com\/#organization\"},\"potentialAction\":[{\"@type\":\"SearchAction\",\"target\":{\"@type\":\"EntryPoint\",\"urlTemplate\":\"https:\/\/d2dhunting.com\/?s={search_term_string}\"},\"query-input\":{\"@type\":\"PropertyValueSpecification\",\"valueRequired\":true,\"valueName\":\"search_term_string\"}}],\"inLanguage\":\"es\"},{\"@type\":\"Organization\",\"@id\":\"https:\/\/d2dhunting.com\/#organization\",\"name\":\"D2D Hunting\",\"url\":\"https:\/\/d2dhunting.com\/\",\"logo\":{\"@type\":\"ImageObject\",\"inLanguage\":\"es\",\"@id\":\"https:\/\/d2dhunting.com\/#\/schema\/logo\/image\/\",\"url\":\"https:\/\/d2dhunting.com\/wp-content\/uploads\/2023\/12\/Logo_Completo.png\",\"contentUrl\":\"https:\/\/d2dhunting.com\/wp-content\/uploads\/2023\/12\/Logo_Completo.png\",\"width\":740,\"height\":308,\"caption\":\"D2D Hunting\"},\"image\":{\"@id\":\"https:\/\/d2dhunting.com\/#\/schema\/logo\/image\/\"}}]}<\/script>\n<!-- \/ Yoast SEO plugin. -->","yoast_head_json":{"title":"Spy High Universal Camera Attachment 5 Pack - D2D Hunting","robots":{"index":"index","follow":"follow","max-snippet":"max-snippet:-1","max-image-preview":"max-image-preview:large","max-video-preview":"max-video-preview:-1"},"canonical":"https:\/\/d2dhunting.com\/es\/product\/spy-high-universal-camera-attachment-5-pack\/","og_locale":"es_ES","og_type":"article","og_title":"Spy High Universal Camera Attachment 5 Pack - D2D Hunting","og_description":"El adaptador universal para el soporte de c\u00e1mara se utiliza montar c\u00e1maras que llevan un inserto roscado 1\/4&#8243; &#8211; 20. Si la c\u00e1mara incorpora ning\u00fan inserto roscado, le sugerimos que utilice cuerdas el\u00e1sticas de 8&#8243; o bridas (no incluidas) para asegurar su c\u00e1mara a nuestro soporte de montaje. Este pack incluye: 5 Adaptadores Universales 10 [&hellip;]","og_url":"https:\/\/d2dhunting.com\/es\/product\/spy-high-universal-camera-attachment-5-pack\/","og_site_name":"D2D Hunting","article_modified_time":"2025-05-14T11:01:10+00:00","og_image":[{"width":1152,"height":648,"url":"https:\/\/d2dhunting.com\/wp-content\/uploads\/2024\/02\/ultima-5-noseq-spy-high-10-ud.png","type":"image\/png"}],"twitter_card":"summary_large_image","twitter_misc":{"Tiempo de lectura":"1 minuto"},"schema":{"@context":"https:\/\/schema.org","@graph":[{"@type":["WebPage","CollectionPage"],"@id":"https:\/\/d2dhunting.com\/es\/product\/spy-high-universal-camera-attachment-5-pack\/","url":"https:\/\/d2dhunting.com\/es\/product\/spy-high-universal-camera-attachment-5-pack\/","name":"Spy High Universal Camera Attachment 5 Pack - D2D Hunting","isPartOf":{"@id":"https:\/\/d2dhunting.com\/#website"},"primaryImageOfPage":{"@id":"https:\/\/d2dhunting.com\/es\/product\/spy-high-universal-camera-attachment-5-pack\/#primaryimage"},"image":{"@id":"https:\/\/d2dhunting.com\/es\/product\/spy-high-universal-camera-attachment-5-pack\/#primaryimage"},"thumbnailUrl":"https:\/\/d2dhunting.com\/wp-content\/uploads\/2024\/02\/ultima-5-noseq-spy-high-10-ud.png","datePublished":"2024-02-26T11:14:29+00:00","dateModified":"2025-05-14T11:01:10+00:00","breadcrumb":{"@id":"https:\/\/d2dhunting.com\/es\/product\/spy-high-universal-camera-attachment-5-pack\/#breadcrumb"},"inLanguage":"es"},{"@type":"ImageObject","inLanguage":"es","@id":"https:\/\/d2dhunting.com\/es\/product\/spy-high-universal-camera-attachment-5-pack\/#primaryimage","url":"https:\/\/d2dhunting.com\/wp-content\/uploads\/2024\/02\/ultima-5-noseq-spy-high-10-ud.png","contentUrl":"https:\/\/d2dhunting.com\/wp-content\/uploads\/2024\/02\/ultima-5-noseq-spy-high-10-ud.png","width":1152,"height":648},{"@type":"BreadcrumbList","@id":"https:\/\/d2dhunting.com\/es\/product\/spy-high-universal-camera-attachment-5-pack\/#breadcrumb","itemListElement":[{"@type":"ListItem","position":1,"name":"Home","item":"https:\/\/d2dhunting.com\/es\/"},{"@type":"ListItem","position":2,"name":"Tienda ES","item":"https:\/\/d2dhunting.com\/es\/tienda-2\/"},{"@type":"ListItem","position":3,"name":"Spy High Universal Camera Attachment 5 Pack"}]},{"@type":"WebSite","@id":"https:\/\/d2dhunting.com\/#website","url":"https:\/\/d2dhunting.com\/","name":"D2D Hunting","description":"D2D was born with the idea of promoting still stalk hunting, through the distribution of quality equipment for the hunter.","publisher":{"@id":"https:\/\/d2dhunting.com\/#organization"},"potentialAction":[{"@type":"SearchAction","target":{"@type":"EntryPoint","urlTemplate":"https:\/\/d2dhunting.com\/?s={search_term_string}"},"query-input":{"@type":"PropertyValueSpecification","valueRequired":true,"valueName":"search_term_string"}}],"inLanguage":"es"},{"@type":"Organization","@id":"https:\/\/d2dhunting.com\/#organization","name":"D2D Hunting","url":"https:\/\/d2dhunting.com\/","logo":{"@type":"ImageObject","inLanguage":"es","@id":"https:\/\/d2dhunting.com\/#\/schema\/logo\/image\/","url":"https:\/\/d2dhunting.com\/wp-content\/uploads\/2023\/12\/Logo_Completo.png","contentUrl":"https:\/\/d2dhunting.com\/wp-content\/uploads\/2023\/12\/Logo_Completo.png","width":740,"height":308,"caption":"D2D Hunting"},"image":{"@id":"https:\/\/d2dhunting.com\/#\/schema\/logo\/image\/"}}]}},"brands":[{"id":159,"name":"Spy High","slug":"spy-high"}],"_links":{"self":[{"href":"https:\/\/d2dhunting.com\/es\/wp-json\/wp\/v2\/product\/11041","targetHints":{"allow":["GET"]}}],"collection":[{"href":"https:\/\/d2dhunting.com\/es\/wp-json\/wp\/v2\/product"}],"about":[{"href":"https:\/\/d2dhunting.com\/es\/wp-json\/wp\/v2\/types\/product"}],"wp:featuredmedia":[{"embeddable":true,"href":"https:\/\/d2dhunting.com\/es\/wp-json\/wp\/v2\/media\/7578"}],"wp:attachment":[{"href":"https:\/\/d2dhunting.com\/es\/wp-json\/wp\/v2\/media?parent=11041"}],"wp:term":[{"taxonomy":"pwb-brand","embeddable":true,"href":"https:\/\/d2dhunting.com\/es\/wp-json\/wp\/v2\/pwb-brand?post=11041"},{"taxonomy":"product_brand","embeddable":true,"href":"https:\/\/d2dhunting.com\/es\/wp-json\/wp\/v2\/product_brand?post=11041"},{"taxonomy":"product_cat","embeddable":true,"href":"https:\/\/d2dhunting.com\/es\/wp-json\/wp\/v2\/product_cat?post=11041"},{"taxonomy":"product_tag","embeddable":true,"href":"https:\/\/d2dhunting.com\/es\/wp-json\/wp\/v2\/product_tag?post=11041"},{"taxonomy":"giftcard-category","embeddable":true,"href":"https:\/\/d2dhunting.com\/es\/wp-json\/wp\/v2\/giftcard-category?post=11041"}],"curies":[{"name":"wp","href":"https:\/\/api.w.org\/{rel}","templated":true}]}}