{"id":11042,"date":"2024-02-26T11:05:58","date_gmt":"2024-02-26T11:05:58","guid":{"rendered":"https:\/\/d2dhunting.com\/product\/spy-high-camera-mount-tree-attachment-5-pack\/"},"modified":"2024-09-27T13:01:54","modified_gmt":"2024-09-27T13:01:54","slug":"spy-high-camera-mount-tree-attachment-5-pack","status":"publish","type":"product","link":"https:\/\/d2dhunting.com\/es\/product\/spy-high-camera-mount-tree-attachment-5-pack\/","title":{"rendered":"Spy High Camera Mount &#038; Tree Attachment 5 Pack"},"content":{"rendered":"<p>Si est\u00e1 utilizando varias c\u00e1maras en el campo, es posible que desee tener algunos acoples para \u00e1rbol y soportes de c\u00e1mara adicionales. Este paquete incluye:<br \/>\n5- Soportes para c\u00e1mara (base)<br \/>\n5- Accesorios de \u00e1rbol (acople)<\/p>\n<p>NOTA: La mayor\u00eda de las c\u00e1maras tienen un inserto roscado en la base de 1\/4-20, sin embargo, si la suya tiene el inserto roscado en la parte de atr\u00e1s, o si no trae inserto, necesitar\u00e1 adquirir por separado un adaptador universal para cada soporte de c\u00e1mara.<\/p>\n","protected":false},"excerpt":{"rendered":"<p>Si est\u00e1 utilizando varias c\u00e1maras en el campo, es posible que desee tener algunos acoples para \u00e1rbol y soportes de c\u00e1mara adicionales. Este paquete incluye: 5- Soportes para c\u00e1mara (base) 5- Accesorios de \u00e1rbol (acople) NOTA: La mayor\u00eda de las c\u00e1maras tienen un inserto roscado en la base de 1\/4-20, sin embargo, si la suya [&hellip;]<\/p>\n","protected":false},"featured_media":7575,"template":"","meta":{"_acf_changed":false},"pwb-brand":[159],"product_brand":[],"product_cat":[226],"product_tag":[],"giftcard-category":[],"class_list":{"0":"post-11042","1":"product","2":"type-product","3":"status-publish","4":"has-post-thumbnail","6":"pwb-brand-spy-high","7":"product_cat-spy-high-es","9":"first","10":"instock","11":"taxable","12":"shipping-taxable","13":"purchasable","14":"product-type-simple"},"acf":[],"yoast_head":"<!-- This site is optimized with the Yoast SEO plugin v27.2 - https:\/\/yoast.com\/product\/yoast-seo-wordpress\/ -->\n<title>Spy High Camera Mount &amp; Tree Attachment 5 Pack - D2D Hunting<\/title>\n<meta name=\"robots\" content=\"index, follow, max-snippet:-1, max-image-preview:large, max-video-preview:-1\" \/>\n<link rel=\"canonical\" href=\"https:\/\/d2dhunting.com\/es\/product\/spy-high-camera-mount-tree-attachment-5-pack\/\" \/>\n<meta property=\"og:locale\" content=\"es_ES\" \/>\n<meta property=\"og:type\" content=\"article\" \/>\n<meta property=\"og:title\" content=\"Spy High Camera Mount &amp; Tree Attachment 5 Pack - D2D Hunting\" \/>\n<meta property=\"og:description\" content=\"Si est\u00e1 utilizando varias c\u00e1maras en el campo, es posible que desee tener algunos acoples para \u00e1rbol y soportes de c\u00e1mara adicionales. Este paquete incluye: 5- Soportes para c\u00e1mara (base) 5- Accesorios de \u00e1rbol (acople) NOTA: La mayor\u00eda de las c\u00e1maras tienen un inserto roscado en la base de 1\/4-20, sin embargo, si la suya [&hellip;]\" \/>\n<meta property=\"og:url\" content=\"https:\/\/d2dhunting.com\/es\/product\/spy-high-camera-mount-tree-attachment-5-pack\/\" \/>\n<meta property=\"og:site_name\" content=\"D2D Hunting\" \/>\n<meta property=\"article:modified_time\" content=\"2024-09-27T13:01:54+00:00\" \/>\n<meta property=\"og:image\" content=\"https:\/\/d2dhunting.com\/wp-content\/uploads\/2024\/02\/spy-high_camera-mount-5-pack-transparent-e1692571643223.png\" \/>\n\t<meta property=\"og:image:width\" content=\"626\" \/>\n\t<meta property=\"og:image:height\" content=\"447\" \/>\n\t<meta property=\"og:image:type\" content=\"image\/png\" \/>\n<meta name=\"twitter:card\" content=\"summary_large_image\" \/>\n<meta name=\"twitter:label1\" content=\"Tiempo de lectura\" \/>\n\t<meta name=\"twitter:data1\" content=\"1 minuto\" \/>\n<script type=\"application\/ld+json\" class=\"yoast-schema-graph\">{\"@context\":\"https:\/\/schema.org\",\"@graph\":[{\"@type\":[\"WebPage\",\"CollectionPage\"],\"@id\":\"https:\/\/d2dhunting.com\/es\/product\/spy-high-camera-mount-tree-attachment-5-pack\/\",\"url\":\"https:\/\/d2dhunting.com\/es\/product\/spy-high-camera-mount-tree-attachment-5-pack\/\",\"name\":\"Spy High Camera Mount & Tree Attachment 5 Pack - D2D Hunting\",\"isPartOf\":{\"@id\":\"https:\/\/d2dhunting.com\/#website\"},\"primaryImageOfPage\":{\"@id\":\"https:\/\/d2dhunting.com\/es\/product\/spy-high-camera-mount-tree-attachment-5-pack\/#primaryimage\"},\"image\":{\"@id\":\"https:\/\/d2dhunting.com\/es\/product\/spy-high-camera-mount-tree-attachment-5-pack\/#primaryimage\"},\"thumbnailUrl\":\"https:\/\/d2dhunting.com\/wp-content\/uploads\/2024\/02\/spy-high_camera-mount-5-pack-transparent-e1692571643223.png\",\"datePublished\":\"2024-02-26T11:05:58+00:00\",\"dateModified\":\"2024-09-27T13:01:54+00:00\",\"breadcrumb\":{\"@id\":\"https:\/\/d2dhunting.com\/es\/product\/spy-high-camera-mount-tree-attachment-5-pack\/#breadcrumb\"},\"inLanguage\":\"es\"},{\"@type\":\"ImageObject\",\"inLanguage\":\"es\",\"@id\":\"https:\/\/d2dhunting.com\/es\/product\/spy-high-camera-mount-tree-attachment-5-pack\/#primaryimage\",\"url\":\"https:\/\/d2dhunting.com\/wp-content\/uploads\/2024\/02\/spy-high_camera-mount-5-pack-transparent-e1692571643223.png\",\"contentUrl\":\"https:\/\/d2dhunting.com\/wp-content\/uploads\/2024\/02\/spy-high_camera-mount-5-pack-transparent-e1692571643223.png\",\"width\":626,\"height\":447},{\"@type\":\"BreadcrumbList\",\"@id\":\"https:\/\/d2dhunting.com\/es\/product\/spy-high-camera-mount-tree-attachment-5-pack\/#breadcrumb\",\"itemListElement\":[{\"@type\":\"ListItem\",\"position\":1,\"name\":\"Home\",\"item\":\"https:\/\/d2dhunting.com\/es\/\"},{\"@type\":\"ListItem\",\"position\":2,\"name\":\"Tienda ES\",\"item\":\"https:\/\/d2dhunting.com\/es\/tienda-2\/\"},{\"@type\":\"ListItem\",\"position\":3,\"name\":\"Spy High Camera Mount &#038; Tree Attachment 5 Pack\"}]},{\"@type\":\"WebSite\",\"@id\":\"https:\/\/d2dhunting.com\/#website\",\"url\":\"https:\/\/d2dhunting.com\/\",\"name\":\"D2D Hunting\",\"description\":\"D2D was born with the idea of promoting still stalk hunting, through the distribution of quality equipment for the hunter.\",\"publisher\":{\"@id\":\"https:\/\/d2dhunting.com\/#organization\"},\"potentialAction\":[{\"@type\":\"SearchAction\",\"target\":{\"@type\":\"EntryPoint\",\"urlTemplate\":\"https:\/\/d2dhunting.com\/?s={search_term_string}\"},\"query-input\":{\"@type\":\"PropertyValueSpecification\",\"valueRequired\":true,\"valueName\":\"search_term_string\"}}],\"inLanguage\":\"es\"},{\"@type\":\"Organization\",\"@id\":\"https:\/\/d2dhunting.com\/#organization\",\"name\":\"D2D Hunting\",\"url\":\"https:\/\/d2dhunting.com\/\",\"logo\":{\"@type\":\"ImageObject\",\"inLanguage\":\"es\",\"@id\":\"https:\/\/d2dhunting.com\/#\/schema\/logo\/image\/\",\"url\":\"https:\/\/d2dhunting.com\/wp-content\/uploads\/2023\/12\/Logo_Completo.png\",\"contentUrl\":\"https:\/\/d2dhunting.com\/wp-content\/uploads\/2023\/12\/Logo_Completo.png\",\"width\":740,\"height\":308,\"caption\":\"D2D Hunting\"},\"image\":{\"@id\":\"https:\/\/d2dhunting.com\/#\/schema\/logo\/image\/\"}}]}<\/script>\n<!-- \/ Yoast SEO plugin. -->","yoast_head_json":{"title":"Spy High Camera Mount & Tree Attachment 5 Pack - D2D Hunting","robots":{"index":"index","follow":"follow","max-snippet":"max-snippet:-1","max-image-preview":"max-image-preview:large","max-video-preview":"max-video-preview:-1"},"canonical":"https:\/\/d2dhunting.com\/es\/product\/spy-high-camera-mount-tree-attachment-5-pack\/","og_locale":"es_ES","og_type":"article","og_title":"Spy High Camera Mount & Tree Attachment 5 Pack - D2D Hunting","og_description":"Si est\u00e1 utilizando varias c\u00e1maras en el campo, es posible que desee tener algunos acoples para \u00e1rbol y soportes de c\u00e1mara adicionales. Este paquete incluye: 5- Soportes para c\u00e1mara (base) 5- Accesorios de \u00e1rbol (acople) NOTA: La mayor\u00eda de las c\u00e1maras tienen un inserto roscado en la base de 1\/4-20, sin embargo, si la suya [&hellip;]","og_url":"https:\/\/d2dhunting.com\/es\/product\/spy-high-camera-mount-tree-attachment-5-pack\/","og_site_name":"D2D Hunting","article_modified_time":"2024-09-27T13:01:54+00:00","og_image":[{"width":626,"height":447,"url":"https:\/\/d2dhunting.com\/wp-content\/uploads\/2024\/02\/spy-high_camera-mount-5-pack-transparent-e1692571643223.png","type":"image\/png"}],"twitter_card":"summary_large_image","twitter_misc":{"Tiempo de lectura":"1 minuto"},"schema":{"@context":"https:\/\/schema.org","@graph":[{"@type":["WebPage","CollectionPage"],"@id":"https:\/\/d2dhunting.com\/es\/product\/spy-high-camera-mount-tree-attachment-5-pack\/","url":"https:\/\/d2dhunting.com\/es\/product\/spy-high-camera-mount-tree-attachment-5-pack\/","name":"Spy High Camera Mount & Tree Attachment 5 Pack - D2D Hunting","isPartOf":{"@id":"https:\/\/d2dhunting.com\/#website"},"primaryImageOfPage":{"@id":"https:\/\/d2dhunting.com\/es\/product\/spy-high-camera-mount-tree-attachment-5-pack\/#primaryimage"},"image":{"@id":"https:\/\/d2dhunting.com\/es\/product\/spy-high-camera-mount-tree-attachment-5-pack\/#primaryimage"},"thumbnailUrl":"https:\/\/d2dhunting.com\/wp-content\/uploads\/2024\/02\/spy-high_camera-mount-5-pack-transparent-e1692571643223.png","datePublished":"2024-02-26T11:05:58+00:00","dateModified":"2024-09-27T13:01:54+00:00","breadcrumb":{"@id":"https:\/\/d2dhunting.com\/es\/product\/spy-high-camera-mount-tree-attachment-5-pack\/#breadcrumb"},"inLanguage":"es"},{"@type":"ImageObject","inLanguage":"es","@id":"https:\/\/d2dhunting.com\/es\/product\/spy-high-camera-mount-tree-attachment-5-pack\/#primaryimage","url":"https:\/\/d2dhunting.com\/wp-content\/uploads\/2024\/02\/spy-high_camera-mount-5-pack-transparent-e1692571643223.png","contentUrl":"https:\/\/d2dhunting.com\/wp-content\/uploads\/2024\/02\/spy-high_camera-mount-5-pack-transparent-e1692571643223.png","width":626,"height":447},{"@type":"BreadcrumbList","@id":"https:\/\/d2dhunting.com\/es\/product\/spy-high-camera-mount-tree-attachment-5-pack\/#breadcrumb","itemListElement":[{"@type":"ListItem","position":1,"name":"Home","item":"https:\/\/d2dhunting.com\/es\/"},{"@type":"ListItem","position":2,"name":"Tienda ES","item":"https:\/\/d2dhunting.com\/es\/tienda-2\/"},{"@type":"ListItem","position":3,"name":"Spy High Camera Mount &#038; Tree Attachment 5 Pack"}]},{"@type":"WebSite","@id":"https:\/\/d2dhunting.com\/#website","url":"https:\/\/d2dhunting.com\/","name":"D2D Hunting","description":"D2D was born with the idea of promoting still stalk hunting, through the distribution of quality equipment for the hunter.","publisher":{"@id":"https:\/\/d2dhunting.com\/#organization"},"potentialAction":[{"@type":"SearchAction","target":{"@type":"EntryPoint","urlTemplate":"https:\/\/d2dhunting.com\/?s={search_term_string}"},"query-input":{"@type":"PropertyValueSpecification","valueRequired":true,"valueName":"search_term_string"}}],"inLanguage":"es"},{"@type":"Organization","@id":"https:\/\/d2dhunting.com\/#organization","name":"D2D Hunting","url":"https:\/\/d2dhunting.com\/","logo":{"@type":"ImageObject","inLanguage":"es","@id":"https:\/\/d2dhunting.com\/#\/schema\/logo\/image\/","url":"https:\/\/d2dhunting.com\/wp-content\/uploads\/2023\/12\/Logo_Completo.png","contentUrl":"https:\/\/d2dhunting.com\/wp-content\/uploads\/2023\/12\/Logo_Completo.png","width":740,"height":308,"caption":"D2D Hunting"},"image":{"@id":"https:\/\/d2dhunting.com\/#\/schema\/logo\/image\/"}}]}},"brands":[{"id":159,"name":"Spy High","slug":"spy-high"}],"_links":{"self":[{"href":"https:\/\/d2dhunting.com\/es\/wp-json\/wp\/v2\/product\/11042","targetHints":{"allow":["GET"]}}],"collection":[{"href":"https:\/\/d2dhunting.com\/es\/wp-json\/wp\/v2\/product"}],"about":[{"href":"https:\/\/d2dhunting.com\/es\/wp-json\/wp\/v2\/types\/product"}],"wp:featuredmedia":[{"embeddable":true,"href":"https:\/\/d2dhunting.com\/es\/wp-json\/wp\/v2\/media\/7575"}],"wp:attachment":[{"href":"https:\/\/d2dhunting.com\/es\/wp-json\/wp\/v2\/media?parent=11042"}],"wp:term":[{"taxonomy":"pwb-brand","embeddable":true,"href":"https:\/\/d2dhunting.com\/es\/wp-json\/wp\/v2\/pwb-brand?post=11042"},{"taxonomy":"product_brand","embeddable":true,"href":"https:\/\/d2dhunting.com\/es\/wp-json\/wp\/v2\/product_brand?post=11042"},{"taxonomy":"product_cat","embeddable":true,"href":"https:\/\/d2dhunting.com\/es\/wp-json\/wp\/v2\/product_cat?post=11042"},{"taxonomy":"product_tag","embeddable":true,"href":"https:\/\/d2dhunting.com\/es\/wp-json\/wp\/v2\/product_tag?post=11042"},{"taxonomy":"giftcard-category","embeddable":true,"href":"https:\/\/d2dhunting.com\/es\/wp-json\/wp\/v2\/giftcard-category?post=11042"}],"curies":[{"name":"wp","href":"https:\/\/api.w.org\/{rel}","templated":true}]}}