{"id":11043,"date":"2024-02-26T10:50:12","date_gmt":"2024-02-26T10:50:12","guid":{"rendered":"https:\/\/d2dhunting.com\/product\/spy-high-complete-mounting-system\/"},"modified":"2026-04-22T17:09:20","modified_gmt":"2026-04-22T17:09:20","slug":"spy-high-complete-mounting-system","status":"publish","type":"product","link":"https:\/\/d2dhunting.com\/es\/product\/spy-high-complete-mounting-system\/","title":{"rendered":"Spy High Complete Mounting System"},"content":{"rendered":"<p>El sistema de montaje Spy High es una forma novedosa y \u00fanica de colocar y manipular sus c\u00e1maras de fototrampeo en un \u00e1rbol a una altura incre\u00edble y desde el suelo \u00a1Sin necesidad de subir escaleras ni trepar! Se evita as\u00ed el riesgo de ca\u00eddas y disminuye enormemente la posibilidad de que alguien vea, vandalice o robe su equipo de monitoreo.<\/p>\n<p>Cada p\u00e9rtiga es extensible de 61cm a 122cm y se pueden conectar entre s\u00ed permitiendo al usuario montar c\u00e1maras hasta una altura de 4, 90cm (en funci\u00f3n de su altura y envergadura) sin usar escaleras ni tener que trepar. Un sistema de bayoneta en el extremo de las p\u00e9rtigas permite una conexi\u00f3n s\u00f3lida que evita que se giren o suelten. La longitud de las p\u00e9rtigas se ajusta f\u00e1cilmente en incrementos de 15cm quedando bloqueados de manera segura en cada posici\u00f3n.<\/p>\n<p>Los acoples para los \u00e1rboles se insertan con un click en las p\u00e9rtigas y as\u00ed pueden ser atornillados en la posici\u00f3n deseada de la c\u00e1mara con unos cuantos giros de la p\u00e9rtiga. Estas piezas est\u00e1n construidas en un nylon super resistente y son pr\u00e1cticamente imposibles de destruir, aplastar o deformar.<\/p>\n<p>El soporte de montaje de la c\u00e1mara simplemente se atornilla en la parte posterior o inferior de su c\u00e1mara de fototrampeo (dependiendo del modelo de c\u00e1mara, tendr\u00e1 el anclaje en la base o en la parte posterior debiendo en este segundo caso emplear el adaptador universal tambi\u00e9n incluido en el pack). Una vez montada, se inserta con un click en el extremo de la p\u00e9rtiga. Los soportes est\u00e1n equipados con una bola de goma que permite que la montura gire para poder ajustar f\u00e1cilmente la c\u00e1mara. Estos soportes tambi\u00e9n est\u00e1n fabricados en un material de nylon super resistente.<\/p>\n<p>Tambi\u00e9n se incluye nuestro soporte l\u00e1ser (con su correspondiente puntero l\u00e1ser). El soporte l\u00e1ser se ajusta alrededor del extremo de nuestra p\u00e9rtiga y sostiene el puntero l\u00e1ser. Us\u00e1dolo como gu\u00eda podremos dirigir la lente de nuestra c\u00e1mara hasta dejarla en la posici\u00f3n deseada para la toma de fotos y v\u00eddeos. El punto de luz verde del l\u00e1ser se ver\u00e1 en el suelo, indicando el punto exacto hacie el que est\u00e1 enfocando la c\u00e1mara y permiti\u00e9ndonos hacer los ajustes deseados moviendo el soporte de la c\u00e1mara con la p\u00e9rtiga. Aseg\u00farese de encender el puntero (con un simple giro) antes de levantarlo con la p\u00e9rtiga para ajustar la c\u00e1mara en el \u00e1rbol.<\/p>\n<p>Con un solo click, podr\u00e1 tambi\u00e9n cambiar e instalar en la p\u00e9rtiga la hoja de sierra incluida. Con ella podr\u00e1 podar y recortar ramas u otros obst\u00e1culos que pudieran tapar el objetivo de la c\u00e1mara evitando as\u00ed im\u00e1genes no deseadas. Este accesorio se desmonta f\u00e1cilmente empujando la palanca de nailon reforzado con fibra de vidrio pero debemos siempre tener cuidado al colocar y quitar la hoja de sierra para evitar accidentes.<\/p>\n<p>El pack incluye tambi\u00e9n un adaptador para taladro que le permitir\u00e1 si lo desea, atornillar los acoples al \u00e1rbol de manera a\u00fan m\u00e1s r\u00e1pida.<\/p>\n<p>&nbsp;<\/p>\n","protected":false},"excerpt":{"rendered":"<p>El sistema de montaje Spy High es una forma novedosa y \u00fanica de colocar y manipular sus c\u00e1maras de fototrampeo en un \u00e1rbol a una altura incre\u00edble y desde el suelo \u00a1Sin necesidad de subir escaleras ni trepar! Se evita as\u00ed el riesgo de ca\u00eddas y disminuye enormemente la posibilidad de que alguien vea, vandalice [&hellip;]<\/p>\n","protected":false},"featured_media":6161,"template":"","meta":{"_acf_changed":false},"pwb-brand":[159],"product_brand":[],"product_cat":[2282,226],"product_tag":[1350],"giftcard-category":[],"class_list":{"0":"post-11043","1":"product","2":"type-product","3":"status-publish","4":"has-post-thumbnail","6":"pwb-brand-spy-high","7":"product_cat-black-friday-es","8":"product_cat-spy-high-es","9":"product_tag-spy-en-es","11":"first","12":"instock","13":"taxable","14":"shipping-taxable","15":"purchasable","16":"product-type-simple"},"acf":[],"yoast_head":"<!-- This site is optimized with the Yoast SEO plugin v27.2 - https:\/\/yoast.com\/product\/yoast-seo-wordpress\/ -->\n<title>Spy High Complete Mounting System - D2D Hunting<\/title>\n<meta name=\"robots\" content=\"index, follow, max-snippet:-1, max-image-preview:large, max-video-preview:-1\" \/>\n<link rel=\"canonical\" href=\"https:\/\/d2dhunting.com\/es\/product\/spy-high-complete-mounting-system\/\" \/>\n<meta property=\"og:locale\" content=\"es_ES\" \/>\n<meta property=\"og:type\" content=\"article\" \/>\n<meta property=\"og:title\" content=\"Spy High Complete Mounting System - D2D Hunting\" \/>\n<meta property=\"og:description\" content=\"El sistema de montaje Spy High es una forma novedosa y \u00fanica de colocar y manipular sus c\u00e1maras de fototrampeo en un \u00e1rbol a una altura incre\u00edble y desde el suelo \u00a1Sin necesidad de subir escaleras ni trepar! Se evita as\u00ed el riesgo de ca\u00eddas y disminuye enormemente la posibilidad de que alguien vea, vandalice [&hellip;]\" \/>\n<meta property=\"og:url\" content=\"https:\/\/d2dhunting.com\/es\/product\/spy-high-complete-mounting-system\/\" \/>\n<meta property=\"og:site_name\" content=\"D2D Hunting\" \/>\n<meta property=\"article:modified_time\" content=\"2026-04-22T17:09:20+00:00\" \/>\n<meta property=\"og:image\" content=\"https:\/\/d2dhunting.com\/wp-content\/uploads\/2024\/02\/SPY-HIGH.webp\" \/>\n\t<meta property=\"og:image:width\" content=\"2560\" \/>\n\t<meta property=\"og:image:height\" content=\"2560\" \/>\n\t<meta property=\"og:image:type\" content=\"image\/webp\" \/>\n<meta name=\"twitter:card\" content=\"summary_large_image\" \/>\n<meta name=\"twitter:label1\" content=\"Tiempo de lectura\" \/>\n\t<meta name=\"twitter:data1\" content=\"3 minutos\" \/>\n<script type=\"application\/ld+json\" class=\"yoast-schema-graph\">{\"@context\":\"https:\/\/schema.org\",\"@graph\":[{\"@type\":[\"WebPage\",\"CollectionPage\"],\"@id\":\"https:\/\/d2dhunting.com\/es\/product\/spy-high-complete-mounting-system\/\",\"url\":\"https:\/\/d2dhunting.com\/es\/product\/spy-high-complete-mounting-system\/\",\"name\":\"Spy High Complete Mounting System - D2D Hunting\",\"isPartOf\":{\"@id\":\"https:\/\/d2dhunting.com\/#website\"},\"primaryImageOfPage\":{\"@id\":\"https:\/\/d2dhunting.com\/es\/product\/spy-high-complete-mounting-system\/#primaryimage\"},\"image\":{\"@id\":\"https:\/\/d2dhunting.com\/es\/product\/spy-high-complete-mounting-system\/#primaryimage\"},\"thumbnailUrl\":\"https:\/\/d2dhunting.com\/wp-content\/uploads\/2024\/02\/SPY-HIGH.webp\",\"datePublished\":\"2024-02-26T10:50:12+00:00\",\"dateModified\":\"2026-04-22T17:09:20+00:00\",\"breadcrumb\":{\"@id\":\"https:\/\/d2dhunting.com\/es\/product\/spy-high-complete-mounting-system\/#breadcrumb\"},\"inLanguage\":\"es\"},{\"@type\":\"ImageObject\",\"inLanguage\":\"es\",\"@id\":\"https:\/\/d2dhunting.com\/es\/product\/spy-high-complete-mounting-system\/#primaryimage\",\"url\":\"https:\/\/d2dhunting.com\/wp-content\/uploads\/2024\/02\/SPY-HIGH.webp\",\"contentUrl\":\"https:\/\/d2dhunting.com\/wp-content\/uploads\/2024\/02\/SPY-HIGH.webp\",\"width\":2560,\"height\":2560},{\"@type\":\"BreadcrumbList\",\"@id\":\"https:\/\/d2dhunting.com\/es\/product\/spy-high-complete-mounting-system\/#breadcrumb\",\"itemListElement\":[{\"@type\":\"ListItem\",\"position\":1,\"name\":\"Home\",\"item\":\"https:\/\/d2dhunting.com\/es\/\"},{\"@type\":\"ListItem\",\"position\":2,\"name\":\"Tienda ES\",\"item\":\"https:\/\/d2dhunting.com\/es\/tienda-2\/\"},{\"@type\":\"ListItem\",\"position\":3,\"name\":\"Spy High Complete Mounting System\"}]},{\"@type\":\"WebSite\",\"@id\":\"https:\/\/d2dhunting.com\/#website\",\"url\":\"https:\/\/d2dhunting.com\/\",\"name\":\"D2D Hunting\",\"description\":\"D2D was born with the idea of promoting still stalk hunting, through the distribution of quality equipment for the hunter.\",\"publisher\":{\"@id\":\"https:\/\/d2dhunting.com\/#organization\"},\"potentialAction\":[{\"@type\":\"SearchAction\",\"target\":{\"@type\":\"EntryPoint\",\"urlTemplate\":\"https:\/\/d2dhunting.com\/?s={search_term_string}\"},\"query-input\":{\"@type\":\"PropertyValueSpecification\",\"valueRequired\":true,\"valueName\":\"search_term_string\"}}],\"inLanguage\":\"es\"},{\"@type\":\"Organization\",\"@id\":\"https:\/\/d2dhunting.com\/#organization\",\"name\":\"D2D Hunting\",\"url\":\"https:\/\/d2dhunting.com\/\",\"logo\":{\"@type\":\"ImageObject\",\"inLanguage\":\"es\",\"@id\":\"https:\/\/d2dhunting.com\/#\/schema\/logo\/image\/\",\"url\":\"https:\/\/d2dhunting.com\/wp-content\/uploads\/2023\/12\/Logo_Completo.png\",\"contentUrl\":\"https:\/\/d2dhunting.com\/wp-content\/uploads\/2023\/12\/Logo_Completo.png\",\"width\":740,\"height\":308,\"caption\":\"D2D Hunting\"},\"image\":{\"@id\":\"https:\/\/d2dhunting.com\/#\/schema\/logo\/image\/\"}}]}<\/script>\n<!-- \/ Yoast SEO plugin. -->","yoast_head_json":{"title":"Spy High Complete Mounting System - D2D Hunting","robots":{"index":"index","follow":"follow","max-snippet":"max-snippet:-1","max-image-preview":"max-image-preview:large","max-video-preview":"max-video-preview:-1"},"canonical":"https:\/\/d2dhunting.com\/es\/product\/spy-high-complete-mounting-system\/","og_locale":"es_ES","og_type":"article","og_title":"Spy High Complete Mounting System - D2D Hunting","og_description":"El sistema de montaje Spy High es una forma novedosa y \u00fanica de colocar y manipular sus c\u00e1maras de fototrampeo en un \u00e1rbol a una altura incre\u00edble y desde el suelo \u00a1Sin necesidad de subir escaleras ni trepar! Se evita as\u00ed el riesgo de ca\u00eddas y disminuye enormemente la posibilidad de que alguien vea, vandalice [&hellip;]","og_url":"https:\/\/d2dhunting.com\/es\/product\/spy-high-complete-mounting-system\/","og_site_name":"D2D Hunting","article_modified_time":"2026-04-22T17:09:20+00:00","og_image":[{"width":2560,"height":2560,"url":"https:\/\/d2dhunting.com\/wp-content\/uploads\/2024\/02\/SPY-HIGH.webp","type":"image\/webp"}],"twitter_card":"summary_large_image","twitter_misc":{"Tiempo de lectura":"3 minutos"},"schema":{"@context":"https:\/\/schema.org","@graph":[{"@type":["WebPage","CollectionPage"],"@id":"https:\/\/d2dhunting.com\/es\/product\/spy-high-complete-mounting-system\/","url":"https:\/\/d2dhunting.com\/es\/product\/spy-high-complete-mounting-system\/","name":"Spy High Complete Mounting System - D2D Hunting","isPartOf":{"@id":"https:\/\/d2dhunting.com\/#website"},"primaryImageOfPage":{"@id":"https:\/\/d2dhunting.com\/es\/product\/spy-high-complete-mounting-system\/#primaryimage"},"image":{"@id":"https:\/\/d2dhunting.com\/es\/product\/spy-high-complete-mounting-system\/#primaryimage"},"thumbnailUrl":"https:\/\/d2dhunting.com\/wp-content\/uploads\/2024\/02\/SPY-HIGH.webp","datePublished":"2024-02-26T10:50:12+00:00","dateModified":"2026-04-22T17:09:20+00:00","breadcrumb":{"@id":"https:\/\/d2dhunting.com\/es\/product\/spy-high-complete-mounting-system\/#breadcrumb"},"inLanguage":"es"},{"@type":"ImageObject","inLanguage":"es","@id":"https:\/\/d2dhunting.com\/es\/product\/spy-high-complete-mounting-system\/#primaryimage","url":"https:\/\/d2dhunting.com\/wp-content\/uploads\/2024\/02\/SPY-HIGH.webp","contentUrl":"https:\/\/d2dhunting.com\/wp-content\/uploads\/2024\/02\/SPY-HIGH.webp","width":2560,"height":2560},{"@type":"BreadcrumbList","@id":"https:\/\/d2dhunting.com\/es\/product\/spy-high-complete-mounting-system\/#breadcrumb","itemListElement":[{"@type":"ListItem","position":1,"name":"Home","item":"https:\/\/d2dhunting.com\/es\/"},{"@type":"ListItem","position":2,"name":"Tienda ES","item":"https:\/\/d2dhunting.com\/es\/tienda-2\/"},{"@type":"ListItem","position":3,"name":"Spy High Complete Mounting System"}]},{"@type":"WebSite","@id":"https:\/\/d2dhunting.com\/#website","url":"https:\/\/d2dhunting.com\/","name":"D2D Hunting","description":"D2D was born with the idea of promoting still stalk hunting, through the distribution of quality equipment for the hunter.","publisher":{"@id":"https:\/\/d2dhunting.com\/#organization"},"potentialAction":[{"@type":"SearchAction","target":{"@type":"EntryPoint","urlTemplate":"https:\/\/d2dhunting.com\/?s={search_term_string}"},"query-input":{"@type":"PropertyValueSpecification","valueRequired":true,"valueName":"search_term_string"}}],"inLanguage":"es"},{"@type":"Organization","@id":"https:\/\/d2dhunting.com\/#organization","name":"D2D Hunting","url":"https:\/\/d2dhunting.com\/","logo":{"@type":"ImageObject","inLanguage":"es","@id":"https:\/\/d2dhunting.com\/#\/schema\/logo\/image\/","url":"https:\/\/d2dhunting.com\/wp-content\/uploads\/2023\/12\/Logo_Completo.png","contentUrl":"https:\/\/d2dhunting.com\/wp-content\/uploads\/2023\/12\/Logo_Completo.png","width":740,"height":308,"caption":"D2D Hunting"},"image":{"@id":"https:\/\/d2dhunting.com\/#\/schema\/logo\/image\/"}}]}},"brands":[{"id":159,"name":"Spy High","slug":"spy-high"}],"_links":{"self":[{"href":"https:\/\/d2dhunting.com\/es\/wp-json\/wp\/v2\/product\/11043","targetHints":{"allow":["GET"]}}],"collection":[{"href":"https:\/\/d2dhunting.com\/es\/wp-json\/wp\/v2\/product"}],"about":[{"href":"https:\/\/d2dhunting.com\/es\/wp-json\/wp\/v2\/types\/product"}],"wp:featuredmedia":[{"embeddable":true,"href":"https:\/\/d2dhunting.com\/es\/wp-json\/wp\/v2\/media\/6161"}],"wp:attachment":[{"href":"https:\/\/d2dhunting.com\/es\/wp-json\/wp\/v2\/media?parent=11043"}],"wp:term":[{"taxonomy":"pwb-brand","embeddable":true,"href":"https:\/\/d2dhunting.com\/es\/wp-json\/wp\/v2\/pwb-brand?post=11043"},{"taxonomy":"product_brand","embeddable":true,"href":"https:\/\/d2dhunting.com\/es\/wp-json\/wp\/v2\/product_brand?post=11043"},{"taxonomy":"product_cat","embeddable":true,"href":"https:\/\/d2dhunting.com\/es\/wp-json\/wp\/v2\/product_cat?post=11043"},{"taxonomy":"product_tag","embeddable":true,"href":"https:\/\/d2dhunting.com\/es\/wp-json\/wp\/v2\/product_tag?post=11043"},{"taxonomy":"giftcard-category","embeddable":true,"href":"https:\/\/d2dhunting.com\/es\/wp-json\/wp\/v2\/giftcard-category?post=11043"}],"curies":[{"name":"wp","href":"https:\/\/api.w.org\/{rel}","templated":true}]}}