{"id":11814,"date":"2024-04-15T08:14:24","date_gmt":"2024-04-15T08:14:24","guid":{"rendered":"https:\/\/d2dhunting.com\/product\/high-performance-trio-target-system-10-core\/"},"modified":"2026-03-17T08:14:45","modified_gmt":"2026-03-17T08:14:45","slug":"high-performance-trio-target-system-10-core","status":"publish","type":"product","link":"https:\/\/d2dhunting.com\/es\/product\/high-performance-trio-target-system-10-core\/","title":{"rendered":"High Performance Trio Target System (10&#8243; core)"},"content":{"rendered":"<p>Sistema Trio. Parapeto de Alto Rendimiento<\/p>\n<p>Las dianas 365 Archery Trio se han convertido en una referencia de la industria de los parapetos de espuma autorreparable de alta calidad. Nuestra f\u00f3rmula especial de espuma patentada permite una muy f\u00e1cil extracci\u00f3n de las flechas y una enorme longevidad.<\/p>\n<p>Cada parapeto consta de un n\u00facleo reemplazable de 10&#8243; (25cm) de 6 lados que se puede girar para mostrar diferentes patrones con m\u00faltiples puntos. Esta capacidad de rotar el n\u00facleo del parapeto aumenta dr\u00e1sticamente su vida \u00fatil ofreciendo adem\u00e1s una de las extracciones de flechas m\u00e1s f\u00e1ciles del mercado.<\/p>\n<p>El marco del parapeto que sujeta y rodea al n\u00facleo central ofrece un \u00e1rea de impacto aumentada que proporciona seguridad adicional para eso tiros err\u00e1ticos -que todo arquero sabe que ocurren de vez en cuando- eliminando la necesidad de colocar redes o parapetos adicionales por detr\u00e1s de la diana.<\/p>\n<p>Con el sistema de n\u00facleo central intercambiable de 365 Archery, ya no es necesario sustituir todo el parapeto una vez desgastada la diana. Simplemente retire el n\u00facleo viejo y deslice un nuevo n\u00facleo por una fracci\u00f3n del precio de un parapeto nuevo completo.<\/p>\n<p>El HP Trio Target se ofrece en tres tama\u00f1os siendo todos ellos aptos para puntas de caza y ballestas.<\/p>\n<p>Cada sistema consta de un marco negro de 5&#8243; (13cm) de grosor, un n\u00facleo intercambiable de 10&#8243; (25cm) y una base.<\/p>\n","protected":false},"excerpt":{"rendered":"<p>Sistema Trio. Parapeto de Alto Rendimiento Las dianas 365 Archery Trio se han convertido en una referencia de la industria de los parapetos de espuma autorreparable de alta calidad. Nuestra f\u00f3rmula especial de espuma patentada permite una muy f\u00e1cil extracci\u00f3n de las flechas y una enorme longevidad. Cada parapeto consta de un n\u00facleo reemplazable de [&hellip;]<\/p>\n","protected":false},"featured_media":11805,"template":"","meta":{"_acf_changed":false},"pwb-brand":[160],"product_brand":[],"product_cat":[2282,250],"product_tag":[1832,1343],"giftcard-category":[],"class_list":{"0":"post-11814","1":"product","2":"type-product","3":"status-publish","4":"has-post-thumbnail","6":"pwb-brand-365-archery","7":"product_cat-black-friday-es","8":"product_cat-dianas","9":"product_tag-3target-es","10":"product_tag-manual-es","12":"first","13":"instock","14":"taxable","15":"shipping-taxable","16":"purchasable","17":"product-type-variable"},"acf":[],"yoast_head":"<!-- This site is optimized with the Yoast SEO plugin v27.2 - https:\/\/yoast.com\/product\/yoast-seo-wordpress\/ -->\n<title>High Performance Trio Target System (10&quot; core) - D2D Hunting<\/title>\n<meta name=\"robots\" content=\"index, follow, max-snippet:-1, max-image-preview:large, max-video-preview:-1\" \/>\n<link rel=\"canonical\" href=\"https:\/\/d2dhunting.com\/es\/product\/high-performance-trio-target-system-10-core\/\" \/>\n<meta property=\"og:locale\" content=\"es_ES\" \/>\n<meta property=\"og:type\" content=\"article\" \/>\n<meta property=\"og:title\" content=\"High Performance Trio Target System (10&quot; core) - D2D Hunting\" \/>\n<meta property=\"og:description\" content=\"Sistema Trio. Parapeto de Alto Rendimiento Las dianas 365 Archery Trio se han convertido en una referencia de la industria de los parapetos de espuma autorreparable de alta calidad. Nuestra f\u00f3rmula especial de espuma patentada permite una muy f\u00e1cil extracci\u00f3n de las flechas y una enorme longevidad. Cada parapeto consta de un n\u00facleo reemplazable de [&hellip;]\" \/>\n<meta property=\"og:url\" content=\"https:\/\/d2dhunting.com\/es\/product\/high-performance-trio-target-system-10-core\/\" \/>\n<meta property=\"og:site_name\" content=\"D2D Hunting\" \/>\n<meta property=\"article:modified_time\" content=\"2026-03-17T08:14:45+00:00\" \/>\n<meta property=\"og:image\" content=\"https:\/\/d2dhunting.com\/wp-content\/uploads\/2024\/04\/High_Performance_Trio_Target__46695.jpeg\" \/>\n\t<meta property=\"og:image:width\" content=\"1280\" \/>\n\t<meta property=\"og:image:height\" content=\"1280\" \/>\n\t<meta property=\"og:image:type\" content=\"image\/jpeg\" \/>\n<meta name=\"twitter:card\" content=\"summary_large_image\" \/>\n<meta name=\"twitter:label1\" content=\"Tiempo de lectura\" \/>\n\t<meta name=\"twitter:data1\" content=\"2 minutos\" \/>\n<script type=\"application\/ld+json\" class=\"yoast-schema-graph\">{\"@context\":\"https:\/\/schema.org\",\"@graph\":[{\"@type\":[\"WebPage\",\"CollectionPage\"],\"@id\":\"https:\/\/d2dhunting.com\/es\/product\/high-performance-trio-target-system-10-core\/\",\"url\":\"https:\/\/d2dhunting.com\/es\/product\/high-performance-trio-target-system-10-core\/\",\"name\":\"High Performance Trio Target System (10\\\" core) - D2D Hunting\",\"isPartOf\":{\"@id\":\"https:\/\/d2dhunting.com\/#website\"},\"primaryImageOfPage\":{\"@id\":\"https:\/\/d2dhunting.com\/es\/product\/high-performance-trio-target-system-10-core\/#primaryimage\"},\"image\":{\"@id\":\"https:\/\/d2dhunting.com\/es\/product\/high-performance-trio-target-system-10-core\/#primaryimage\"},\"thumbnailUrl\":\"https:\/\/d2dhunting.com\/wp-content\/uploads\/2024\/04\/High_Performance_Trio_Target__46695.jpeg\",\"datePublished\":\"2024-04-15T08:14:24+00:00\",\"dateModified\":\"2026-03-17T08:14:45+00:00\",\"breadcrumb\":{\"@id\":\"https:\/\/d2dhunting.com\/es\/product\/high-performance-trio-target-system-10-core\/#breadcrumb\"},\"inLanguage\":\"es\"},{\"@type\":\"ImageObject\",\"inLanguage\":\"es\",\"@id\":\"https:\/\/d2dhunting.com\/es\/product\/high-performance-trio-target-system-10-core\/#primaryimage\",\"url\":\"https:\/\/d2dhunting.com\/wp-content\/uploads\/2024\/04\/High_Performance_Trio_Target__46695.jpeg\",\"contentUrl\":\"https:\/\/d2dhunting.com\/wp-content\/uploads\/2024\/04\/High_Performance_Trio_Target__46695.jpeg\",\"width\":1280,\"height\":1280},{\"@type\":\"BreadcrumbList\",\"@id\":\"https:\/\/d2dhunting.com\/es\/product\/high-performance-trio-target-system-10-core\/#breadcrumb\",\"itemListElement\":[{\"@type\":\"ListItem\",\"position\":1,\"name\":\"Home\",\"item\":\"https:\/\/d2dhunting.com\/es\/\"},{\"@type\":\"ListItem\",\"position\":2,\"name\":\"Tienda ES\",\"item\":\"https:\/\/d2dhunting.com\/es\/tienda-2\/\"},{\"@type\":\"ListItem\",\"position\":3,\"name\":\"High Performance Trio Target System (10&#8243; core)\"}]},{\"@type\":\"WebSite\",\"@id\":\"https:\/\/d2dhunting.com\/#website\",\"url\":\"https:\/\/d2dhunting.com\/\",\"name\":\"D2D Hunting\",\"description\":\"D2D was born with the idea of promoting still stalk hunting, through the distribution of quality equipment for the hunter.\",\"publisher\":{\"@id\":\"https:\/\/d2dhunting.com\/#organization\"},\"potentialAction\":[{\"@type\":\"SearchAction\",\"target\":{\"@type\":\"EntryPoint\",\"urlTemplate\":\"https:\/\/d2dhunting.com\/?s={search_term_string}\"},\"query-input\":{\"@type\":\"PropertyValueSpecification\",\"valueRequired\":true,\"valueName\":\"search_term_string\"}}],\"inLanguage\":\"es\"},{\"@type\":\"Organization\",\"@id\":\"https:\/\/d2dhunting.com\/#organization\",\"name\":\"D2D Hunting\",\"url\":\"https:\/\/d2dhunting.com\/\",\"logo\":{\"@type\":\"ImageObject\",\"inLanguage\":\"es\",\"@id\":\"https:\/\/d2dhunting.com\/#\/schema\/logo\/image\/\",\"url\":\"https:\/\/d2dhunting.com\/wp-content\/uploads\/2023\/12\/Logo_Completo.png\",\"contentUrl\":\"https:\/\/d2dhunting.com\/wp-content\/uploads\/2023\/12\/Logo_Completo.png\",\"width\":740,\"height\":308,\"caption\":\"D2D Hunting\"},\"image\":{\"@id\":\"https:\/\/d2dhunting.com\/#\/schema\/logo\/image\/\"}}]}<\/script>\n<!-- \/ Yoast SEO plugin. -->","yoast_head_json":{"title":"High Performance Trio Target System (10\" core) - D2D Hunting","robots":{"index":"index","follow":"follow","max-snippet":"max-snippet:-1","max-image-preview":"max-image-preview:large","max-video-preview":"max-video-preview:-1"},"canonical":"https:\/\/d2dhunting.com\/es\/product\/high-performance-trio-target-system-10-core\/","og_locale":"es_ES","og_type":"article","og_title":"High Performance Trio Target System (10\" core) - D2D Hunting","og_description":"Sistema Trio. Parapeto de Alto Rendimiento Las dianas 365 Archery Trio se han convertido en una referencia de la industria de los parapetos de espuma autorreparable de alta calidad. Nuestra f\u00f3rmula especial de espuma patentada permite una muy f\u00e1cil extracci\u00f3n de las flechas y una enorme longevidad. Cada parapeto consta de un n\u00facleo reemplazable de [&hellip;]","og_url":"https:\/\/d2dhunting.com\/es\/product\/high-performance-trio-target-system-10-core\/","og_site_name":"D2D Hunting","article_modified_time":"2026-03-17T08:14:45+00:00","og_image":[{"width":1280,"height":1280,"url":"https:\/\/d2dhunting.com\/wp-content\/uploads\/2024\/04\/High_Performance_Trio_Target__46695.jpeg","type":"image\/jpeg"}],"twitter_card":"summary_large_image","twitter_misc":{"Tiempo de lectura":"2 minutos"},"schema":{"@context":"https:\/\/schema.org","@graph":[{"@type":["WebPage","CollectionPage"],"@id":"https:\/\/d2dhunting.com\/es\/product\/high-performance-trio-target-system-10-core\/","url":"https:\/\/d2dhunting.com\/es\/product\/high-performance-trio-target-system-10-core\/","name":"High Performance Trio Target System (10\" core) - D2D Hunting","isPartOf":{"@id":"https:\/\/d2dhunting.com\/#website"},"primaryImageOfPage":{"@id":"https:\/\/d2dhunting.com\/es\/product\/high-performance-trio-target-system-10-core\/#primaryimage"},"image":{"@id":"https:\/\/d2dhunting.com\/es\/product\/high-performance-trio-target-system-10-core\/#primaryimage"},"thumbnailUrl":"https:\/\/d2dhunting.com\/wp-content\/uploads\/2024\/04\/High_Performance_Trio_Target__46695.jpeg","datePublished":"2024-04-15T08:14:24+00:00","dateModified":"2026-03-17T08:14:45+00:00","breadcrumb":{"@id":"https:\/\/d2dhunting.com\/es\/product\/high-performance-trio-target-system-10-core\/#breadcrumb"},"inLanguage":"es"},{"@type":"ImageObject","inLanguage":"es","@id":"https:\/\/d2dhunting.com\/es\/product\/high-performance-trio-target-system-10-core\/#primaryimage","url":"https:\/\/d2dhunting.com\/wp-content\/uploads\/2024\/04\/High_Performance_Trio_Target__46695.jpeg","contentUrl":"https:\/\/d2dhunting.com\/wp-content\/uploads\/2024\/04\/High_Performance_Trio_Target__46695.jpeg","width":1280,"height":1280},{"@type":"BreadcrumbList","@id":"https:\/\/d2dhunting.com\/es\/product\/high-performance-trio-target-system-10-core\/#breadcrumb","itemListElement":[{"@type":"ListItem","position":1,"name":"Home","item":"https:\/\/d2dhunting.com\/es\/"},{"@type":"ListItem","position":2,"name":"Tienda ES","item":"https:\/\/d2dhunting.com\/es\/tienda-2\/"},{"@type":"ListItem","position":3,"name":"High Performance Trio Target System (10&#8243; core)"}]},{"@type":"WebSite","@id":"https:\/\/d2dhunting.com\/#website","url":"https:\/\/d2dhunting.com\/","name":"D2D Hunting","description":"D2D was born with the idea of promoting still stalk hunting, through the distribution of quality equipment for the hunter.","publisher":{"@id":"https:\/\/d2dhunting.com\/#organization"},"potentialAction":[{"@type":"SearchAction","target":{"@type":"EntryPoint","urlTemplate":"https:\/\/d2dhunting.com\/?s={search_term_string}"},"query-input":{"@type":"PropertyValueSpecification","valueRequired":true,"valueName":"search_term_string"}}],"inLanguage":"es"},{"@type":"Organization","@id":"https:\/\/d2dhunting.com\/#organization","name":"D2D Hunting","url":"https:\/\/d2dhunting.com\/","logo":{"@type":"ImageObject","inLanguage":"es","@id":"https:\/\/d2dhunting.com\/#\/schema\/logo\/image\/","url":"https:\/\/d2dhunting.com\/wp-content\/uploads\/2023\/12\/Logo_Completo.png","contentUrl":"https:\/\/d2dhunting.com\/wp-content\/uploads\/2023\/12\/Logo_Completo.png","width":740,"height":308,"caption":"D2D Hunting"},"image":{"@id":"https:\/\/d2dhunting.com\/#\/schema\/logo\/image\/"}}]}},"brands":[{"id":160,"name":"365 archery","slug":"365-archery"}],"_links":{"self":[{"href":"https:\/\/d2dhunting.com\/es\/wp-json\/wp\/v2\/product\/11814","targetHints":{"allow":["GET"]}}],"collection":[{"href":"https:\/\/d2dhunting.com\/es\/wp-json\/wp\/v2\/product"}],"about":[{"href":"https:\/\/d2dhunting.com\/es\/wp-json\/wp\/v2\/types\/product"}],"wp:featuredmedia":[{"embeddable":true,"href":"https:\/\/d2dhunting.com\/es\/wp-json\/wp\/v2\/media\/11805"}],"wp:attachment":[{"href":"https:\/\/d2dhunting.com\/es\/wp-json\/wp\/v2\/media?parent=11814"}],"wp:term":[{"taxonomy":"pwb-brand","embeddable":true,"href":"https:\/\/d2dhunting.com\/es\/wp-json\/wp\/v2\/pwb-brand?post=11814"},{"taxonomy":"product_brand","embeddable":true,"href":"https:\/\/d2dhunting.com\/es\/wp-json\/wp\/v2\/product_brand?post=11814"},{"taxonomy":"product_cat","embeddable":true,"href":"https:\/\/d2dhunting.com\/es\/wp-json\/wp\/v2\/product_cat?post=11814"},{"taxonomy":"product_tag","embeddable":true,"href":"https:\/\/d2dhunting.com\/es\/wp-json\/wp\/v2\/product_tag?post=11814"},{"taxonomy":"giftcard-category","embeddable":true,"href":"https:\/\/d2dhunting.com\/es\/wp-json\/wp\/v2\/giftcard-category?post=11814"}],"curies":[{"name":"wp","href":"https:\/\/api.w.org\/{rel}","templated":true}]}}