{"id":11829,"date":"2024-04-15T08:39:30","date_gmt":"2024-04-15T08:39:30","guid":{"rendered":"https:\/\/d2dhunting.com\/product\/high-performance-xl-trio-target-system-14-core\/"},"modified":"2025-11-28T08:26:52","modified_gmt":"2025-11-28T08:26:52","slug":"high-performance-xl-trio-target-system-14-core","status":"publish","type":"product","link":"https:\/\/d2dhunting.com\/es\/product\/high-performance-xl-trio-target-system-14-core\/","title":{"rendered":"High Performance XL Trio Target System (14&#8243; core)"},"content":{"rendered":"<div id=\"docs-editor-container\" dir=\"ltr\">\n<div id=\"docs-editor\" class=\"\">\n<div role=\"navigation\" aria-label=\"Barra de pesta\u00f1as de la hoja\">Sistema Trio XL. Parapeto de Alto Rendimiento.<\/div>\n<div role=\"navigation\" aria-label=\"Barra de pesta\u00f1as de la hoja\"><\/div>\n<div role=\"navigation\" aria-label=\"Barra de pesta\u00f1as de la hoja\">El Sistema Trio XL de 365 Archery utiliza la misma espuma autorreparable de alta gama que la popular l\u00ednea de parapetos Trio, pero con un n\u00facleo intercambiable m\u00e1s grande de 14&#8243; (36cm).<\/div>\n<div role=\"navigation\" aria-label=\"Barra de pesta\u00f1as de la hoja\"><\/div>\n<div role=\"navigation\" aria-label=\"Barra de pesta\u00f1as de la hoja\">Este nuevo dise\u00f1o permite una mayor vida \u00fatil del n\u00facleo y un mayor aprovechamiento de sus 6 lados.<\/div>\n<div role=\"navigation\" aria-label=\"Barra de pesta\u00f1as de la hoja\"><\/div>\n<div role=\"navigation\" aria-label=\"Barra de pesta\u00f1as de la hoja\">El Trio XL Target est\u00e1 disponible en los 3 tama\u00f1os m\u00e1s populares: 24&#8243;, 36&#8243; y 48&#8243; (61cm, 92cm, 122cm).<\/div>\n<div role=\"navigation\" aria-label=\"Barra de pesta\u00f1as de la hoja\"><\/div>\n<div role=\"navigation\" aria-label=\"Barra de pesta\u00f1as de la hoja\">La espuma patentada autorreparable de 365 Archery proporciona una potencia de parada extraordinaria incluso contra flechas disparadas con ballestas.<\/div>\n<div role=\"navigation\" aria-label=\"Barra de pesta\u00f1as de la hoja\"><\/div>\n<div role=\"navigation\" aria-label=\"Barra de pesta\u00f1as de la hoja\">El marco del parapeto que sujeta y rodea al n\u00facleo central ofrece un \u00e1rea de impacto aumentada que proporciona seguridad adicional para eso tiros err\u00e1ticos -que todo arquero sabe que ocurren de vez en cuando- eliminando la necesidad de colocar redes o parapetos adicionales por detr\u00e1s de la diana.<\/div>\n<div role=\"navigation\" aria-label=\"Barra de pesta\u00f1as de la hoja\"><\/div>\n<div role=\"navigation\" aria-label=\"Barra de pesta\u00f1as de la hoja\">El sistema se completa con una base que proporciona un soporte adicional al parapeto permitiendo disparar con seguridad sin necesidad de anclarlo al suelo.<\/div>\n<div role=\"navigation\" aria-label=\"Barra de pesta\u00f1as de la hoja\"><\/div>\n<div role=\"navigation\" aria-label=\"Barra de pesta\u00f1as de la hoja\">Cuando se hayan disparado los seis lados hasta desgastarlos, simplemente puede comprar un nuevo n\u00facleo central a una fracci\u00f3n del precio de un parapeto nuevo completo.<\/div>\n<div role=\"navigation\" aria-label=\"Barra de pesta\u00f1as de la hoja\"><\/div>\n<div role=\"navigation\" aria-label=\"Barra de pesta\u00f1as de la hoja\">Recomendado para uso intensivo y ballestas.<\/div>\n<\/div>\n<\/div>\n<div><\/div>\n","protected":false},"excerpt":{"rendered":"<p>Sistema Trio XL. Parapeto de Alto Rendimiento. El Sistema Trio XL de 365 Archery utiliza la misma espuma autorreparable de alta gama que la popular l\u00ednea de parapetos Trio, pero con un n\u00facleo intercambiable m\u00e1s grande de 14&#8243; (36cm). Este nuevo dise\u00f1o permite una mayor vida \u00fatil del n\u00facleo y un mayor aprovechamiento de sus [&hellip;]<\/p>\n","protected":false},"featured_media":11824,"template":"","meta":{"_acf_changed":false},"pwb-brand":[160],"product_brand":[],"product_cat":[250],"product_tag":[1832,1343],"giftcard-category":[],"class_list":{"0":"post-11829","1":"product","2":"type-product","3":"status-publish","4":"has-post-thumbnail","6":"pwb-brand-365-archery","7":"product_cat-dianas","8":"product_tag-3target-es","9":"product_tag-manual-es","11":"first","12":"instock","13":"taxable","14":"shipping-taxable","15":"purchasable","16":"product-type-variable"},"acf":[],"yoast_head":"<!-- This site is optimized with the Yoast SEO plugin v27.2 - https:\/\/yoast.com\/product\/yoast-seo-wordpress\/ -->\n<title>High Performance XL Trio Target System (14&quot; core) - D2D Hunting<\/title>\n<meta name=\"robots\" content=\"index, follow, max-snippet:-1, max-image-preview:large, max-video-preview:-1\" \/>\n<link rel=\"canonical\" href=\"https:\/\/d2dhunting.com\/es\/product\/high-performance-xl-trio-target-system-14-core\/\" \/>\n<meta property=\"og:locale\" content=\"es_ES\" \/>\n<meta property=\"og:type\" content=\"article\" \/>\n<meta property=\"og:title\" content=\"High Performance XL Trio Target System (14&quot; core) - D2D Hunting\" \/>\n<meta property=\"og:description\" content=\"Sistema Trio XL. Parapeto de Alto Rendimiento. El Sistema Trio XL de 365 Archery utiliza la misma espuma autorreparable de alta gama que la popular l\u00ednea de parapetos Trio, pero con un n\u00facleo intercambiable m\u00e1s grande de 14&#8243; (36cm). Este nuevo dise\u00f1o permite una mayor vida \u00fatil del n\u00facleo y un mayor aprovechamiento de sus [&hellip;]\" \/>\n<meta property=\"og:url\" content=\"https:\/\/d2dhunting.com\/es\/product\/high-performance-xl-trio-target-system-14-core\/\" \/>\n<meta property=\"og:site_name\" content=\"D2D Hunting\" \/>\n<meta property=\"article:modified_time\" content=\"2025-11-28T08:26:52+00:00\" \/>\n<meta property=\"og:image\" content=\"https:\/\/d2dhunting.com\/wp-content\/uploads\/2024\/04\/3524.jpeg\" \/>\n\t<meta property=\"og:image:width\" content=\"1280\" \/>\n\t<meta property=\"og:image:height\" content=\"1280\" \/>\n\t<meta property=\"og:image:type\" content=\"image\/jpeg\" \/>\n<meta name=\"twitter:card\" content=\"summary_large_image\" \/>\n<meta name=\"twitter:label1\" content=\"Tiempo de lectura\" \/>\n\t<meta name=\"twitter:data1\" content=\"2 minutos\" \/>\n<script type=\"application\/ld+json\" class=\"yoast-schema-graph\">{\"@context\":\"https:\/\/schema.org\",\"@graph\":[{\"@type\":[\"WebPage\",\"CollectionPage\"],\"@id\":\"https:\/\/d2dhunting.com\/es\/product\/high-performance-xl-trio-target-system-14-core\/\",\"url\":\"https:\/\/d2dhunting.com\/es\/product\/high-performance-xl-trio-target-system-14-core\/\",\"name\":\"High Performance XL Trio Target System (14\\\" core) - D2D Hunting\",\"isPartOf\":{\"@id\":\"https:\/\/d2dhunting.com\/#website\"},\"primaryImageOfPage\":{\"@id\":\"https:\/\/d2dhunting.com\/es\/product\/high-performance-xl-trio-target-system-14-core\/#primaryimage\"},\"image\":{\"@id\":\"https:\/\/d2dhunting.com\/es\/product\/high-performance-xl-trio-target-system-14-core\/#primaryimage\"},\"thumbnailUrl\":\"https:\/\/d2dhunting.com\/wp-content\/uploads\/2024\/04\/3524.jpeg\",\"datePublished\":\"2024-04-15T08:39:30+00:00\",\"dateModified\":\"2025-11-28T08:26:52+00:00\",\"breadcrumb\":{\"@id\":\"https:\/\/d2dhunting.com\/es\/product\/high-performance-xl-trio-target-system-14-core\/#breadcrumb\"},\"inLanguage\":\"es\"},{\"@type\":\"ImageObject\",\"inLanguage\":\"es\",\"@id\":\"https:\/\/d2dhunting.com\/es\/product\/high-performance-xl-trio-target-system-14-core\/#primaryimage\",\"url\":\"https:\/\/d2dhunting.com\/wp-content\/uploads\/2024\/04\/3524.jpeg\",\"contentUrl\":\"https:\/\/d2dhunting.com\/wp-content\/uploads\/2024\/04\/3524.jpeg\",\"width\":1280,\"height\":1280},{\"@type\":\"BreadcrumbList\",\"@id\":\"https:\/\/d2dhunting.com\/es\/product\/high-performance-xl-trio-target-system-14-core\/#breadcrumb\",\"itemListElement\":[{\"@type\":\"ListItem\",\"position\":1,\"name\":\"Home\",\"item\":\"https:\/\/d2dhunting.com\/es\/\"},{\"@type\":\"ListItem\",\"position\":2,\"name\":\"Tienda ES\",\"item\":\"https:\/\/d2dhunting.com\/es\/tienda-2\/\"},{\"@type\":\"ListItem\",\"position\":3,\"name\":\"High Performance XL Trio Target System (14&#8243; core)\"}]},{\"@type\":\"WebSite\",\"@id\":\"https:\/\/d2dhunting.com\/#website\",\"url\":\"https:\/\/d2dhunting.com\/\",\"name\":\"D2D Hunting\",\"description\":\"D2D was born with the idea of promoting still stalk hunting, through the distribution of quality equipment for the hunter.\",\"publisher\":{\"@id\":\"https:\/\/d2dhunting.com\/#organization\"},\"potentialAction\":[{\"@type\":\"SearchAction\",\"target\":{\"@type\":\"EntryPoint\",\"urlTemplate\":\"https:\/\/d2dhunting.com\/?s={search_term_string}\"},\"query-input\":{\"@type\":\"PropertyValueSpecification\",\"valueRequired\":true,\"valueName\":\"search_term_string\"}}],\"inLanguage\":\"es\"},{\"@type\":\"Organization\",\"@id\":\"https:\/\/d2dhunting.com\/#organization\",\"name\":\"D2D Hunting\",\"url\":\"https:\/\/d2dhunting.com\/\",\"logo\":{\"@type\":\"ImageObject\",\"inLanguage\":\"es\",\"@id\":\"https:\/\/d2dhunting.com\/#\/schema\/logo\/image\/\",\"url\":\"https:\/\/d2dhunting.com\/wp-content\/uploads\/2023\/12\/Logo_Completo.png\",\"contentUrl\":\"https:\/\/d2dhunting.com\/wp-content\/uploads\/2023\/12\/Logo_Completo.png\",\"width\":740,\"height\":308,\"caption\":\"D2D Hunting\"},\"image\":{\"@id\":\"https:\/\/d2dhunting.com\/#\/schema\/logo\/image\/\"}}]}<\/script>\n<!-- \/ Yoast SEO plugin. -->","yoast_head_json":{"title":"High Performance XL Trio Target System (14\" core) - D2D Hunting","robots":{"index":"index","follow":"follow","max-snippet":"max-snippet:-1","max-image-preview":"max-image-preview:large","max-video-preview":"max-video-preview:-1"},"canonical":"https:\/\/d2dhunting.com\/es\/product\/high-performance-xl-trio-target-system-14-core\/","og_locale":"es_ES","og_type":"article","og_title":"High Performance XL Trio Target System (14\" core) - D2D Hunting","og_description":"Sistema Trio XL. Parapeto de Alto Rendimiento. El Sistema Trio XL de 365 Archery utiliza la misma espuma autorreparable de alta gama que la popular l\u00ednea de parapetos Trio, pero con un n\u00facleo intercambiable m\u00e1s grande de 14&#8243; (36cm). Este nuevo dise\u00f1o permite una mayor vida \u00fatil del n\u00facleo y un mayor aprovechamiento de sus [&hellip;]","og_url":"https:\/\/d2dhunting.com\/es\/product\/high-performance-xl-trio-target-system-14-core\/","og_site_name":"D2D Hunting","article_modified_time":"2025-11-28T08:26:52+00:00","og_image":[{"width":1280,"height":1280,"url":"https:\/\/d2dhunting.com\/wp-content\/uploads\/2024\/04\/3524.jpeg","type":"image\/jpeg"}],"twitter_card":"summary_large_image","twitter_misc":{"Tiempo de lectura":"2 minutos"},"schema":{"@context":"https:\/\/schema.org","@graph":[{"@type":["WebPage","CollectionPage"],"@id":"https:\/\/d2dhunting.com\/es\/product\/high-performance-xl-trio-target-system-14-core\/","url":"https:\/\/d2dhunting.com\/es\/product\/high-performance-xl-trio-target-system-14-core\/","name":"High Performance XL Trio Target System (14\" core) - D2D Hunting","isPartOf":{"@id":"https:\/\/d2dhunting.com\/#website"},"primaryImageOfPage":{"@id":"https:\/\/d2dhunting.com\/es\/product\/high-performance-xl-trio-target-system-14-core\/#primaryimage"},"image":{"@id":"https:\/\/d2dhunting.com\/es\/product\/high-performance-xl-trio-target-system-14-core\/#primaryimage"},"thumbnailUrl":"https:\/\/d2dhunting.com\/wp-content\/uploads\/2024\/04\/3524.jpeg","datePublished":"2024-04-15T08:39:30+00:00","dateModified":"2025-11-28T08:26:52+00:00","breadcrumb":{"@id":"https:\/\/d2dhunting.com\/es\/product\/high-performance-xl-trio-target-system-14-core\/#breadcrumb"},"inLanguage":"es"},{"@type":"ImageObject","inLanguage":"es","@id":"https:\/\/d2dhunting.com\/es\/product\/high-performance-xl-trio-target-system-14-core\/#primaryimage","url":"https:\/\/d2dhunting.com\/wp-content\/uploads\/2024\/04\/3524.jpeg","contentUrl":"https:\/\/d2dhunting.com\/wp-content\/uploads\/2024\/04\/3524.jpeg","width":1280,"height":1280},{"@type":"BreadcrumbList","@id":"https:\/\/d2dhunting.com\/es\/product\/high-performance-xl-trio-target-system-14-core\/#breadcrumb","itemListElement":[{"@type":"ListItem","position":1,"name":"Home","item":"https:\/\/d2dhunting.com\/es\/"},{"@type":"ListItem","position":2,"name":"Tienda ES","item":"https:\/\/d2dhunting.com\/es\/tienda-2\/"},{"@type":"ListItem","position":3,"name":"High Performance XL Trio Target System (14&#8243; core)"}]},{"@type":"WebSite","@id":"https:\/\/d2dhunting.com\/#website","url":"https:\/\/d2dhunting.com\/","name":"D2D Hunting","description":"D2D was born with the idea of promoting still stalk hunting, through the distribution of quality equipment for the hunter.","publisher":{"@id":"https:\/\/d2dhunting.com\/#organization"},"potentialAction":[{"@type":"SearchAction","target":{"@type":"EntryPoint","urlTemplate":"https:\/\/d2dhunting.com\/?s={search_term_string}"},"query-input":{"@type":"PropertyValueSpecification","valueRequired":true,"valueName":"search_term_string"}}],"inLanguage":"es"},{"@type":"Organization","@id":"https:\/\/d2dhunting.com\/#organization","name":"D2D Hunting","url":"https:\/\/d2dhunting.com\/","logo":{"@type":"ImageObject","inLanguage":"es","@id":"https:\/\/d2dhunting.com\/#\/schema\/logo\/image\/","url":"https:\/\/d2dhunting.com\/wp-content\/uploads\/2023\/12\/Logo_Completo.png","contentUrl":"https:\/\/d2dhunting.com\/wp-content\/uploads\/2023\/12\/Logo_Completo.png","width":740,"height":308,"caption":"D2D Hunting"},"image":{"@id":"https:\/\/d2dhunting.com\/#\/schema\/logo\/image\/"}}]}},"brands":[{"id":160,"name":"365 archery","slug":"365-archery"}],"_links":{"self":[{"href":"https:\/\/d2dhunting.com\/es\/wp-json\/wp\/v2\/product\/11829","targetHints":{"allow":["GET"]}}],"collection":[{"href":"https:\/\/d2dhunting.com\/es\/wp-json\/wp\/v2\/product"}],"about":[{"href":"https:\/\/d2dhunting.com\/es\/wp-json\/wp\/v2\/types\/product"}],"wp:featuredmedia":[{"embeddable":true,"href":"https:\/\/d2dhunting.com\/es\/wp-json\/wp\/v2\/media\/11824"}],"wp:attachment":[{"href":"https:\/\/d2dhunting.com\/es\/wp-json\/wp\/v2\/media?parent=11829"}],"wp:term":[{"taxonomy":"pwb-brand","embeddable":true,"href":"https:\/\/d2dhunting.com\/es\/wp-json\/wp\/v2\/pwb-brand?post=11829"},{"taxonomy":"product_brand","embeddable":true,"href":"https:\/\/d2dhunting.com\/es\/wp-json\/wp\/v2\/product_brand?post=11829"},{"taxonomy":"product_cat","embeddable":true,"href":"https:\/\/d2dhunting.com\/es\/wp-json\/wp\/v2\/product_cat?post=11829"},{"taxonomy":"product_tag","embeddable":true,"href":"https:\/\/d2dhunting.com\/es\/wp-json\/wp\/v2\/product_tag?post=11829"},{"taxonomy":"giftcard-category","embeddable":true,"href":"https:\/\/d2dhunting.com\/es\/wp-json\/wp\/v2\/giftcard-category?post=11829"}],"curies":[{"name":"wp","href":"https:\/\/api.w.org\/{rel}","templated":true}]}}