{"id":11845,"date":"2024-04-15T08:57:05","date_gmt":"2024-04-15T08:57:05","guid":{"rendered":"https:\/\/d2dhunting.com\/product\/replacement-core-for-standard-targets-10\/"},"modified":"2025-11-24T13:14:51","modified_gmt":"2025-11-24T13:14:51","slug":"replacement-core-for-standard-targets-10","status":"publish","type":"product","link":"https:\/\/d2dhunting.com\/es\/product\/replacement-core-for-standard-targets-10\/","title":{"rendered":"Replacement Core for standard Targets (10&#8243;)  (14&#8243;)"},"content":{"rendered":"<p>N\u00facleo XL (14&#8243;x14&#8243;x14&#8243;) (36 x 36 x 36cm) Las 6 caras del cubo incluyen: &#8211; 2 lados con 1 punto (15cm en \u00d8) &#8211; 2 lados con 3 puntos (10cm de \u00d8) &#8211; 2 lados con 4 puntos (7cm de \u00d8)Repuesto de N\u00facleo intercambiable<\/p>\n<p>Los cubos o n\u00facleos de repuesto est\u00e1n disponibles en 2 tama\u00f1os para los parapetos est\u00e1ndar (10&#8243;\/ 25cm) o para los parapetos XL (14&#8243;\/36cm).<\/p>\n<p>Con el sistema de centro intercambiables de 365 Archery, ya no es necesario sustituir todo el parapeto cuando se desgastan las dianas tras mucho tiempo de uso intensivo. Simplemente retire el n\u00facleo viejo y deslice un nuevo n\u00facleo por una fracci\u00f3n del precio de un parapeto nuevo completo.<\/p>\n<p>Los n\u00facleos 365 Archery est\u00e1n fabricados de la misma mezcla patentada de espuma autorreparable que empleamos en todos nuestros parapetos y por la que es conocida 365 Archery. Es un material dise\u00f1ado para soportar el abuso de puntas de caza y ballestas.<\/p>\n","protected":false},"excerpt":{"rendered":"<p>N\u00facleo XL (14&#8243;x14&#8243;x14&#8243;) (36 x 36 x 36cm) Las 6 caras del cubo incluyen: &#8211; 2 lados con 1 punto (15cm en \u00d8) &#8211; 2 lados con 3 puntos (10cm de \u00d8) &#8211; 2 lados con 4 puntos (7cm de \u00d8)Repuesto de N\u00facleo intercambiable Los cubos o n\u00facleos de repuesto est\u00e1n disponibles en 2 tama\u00f1os [&hellip;]<\/p>\n","protected":false},"featured_media":11838,"template":"","meta":{"_acf_changed":false},"pwb-brand":[160],"product_brand":[],"product_cat":[250],"product_tag":[1834,1343],"giftcard-category":[],"class_list":{"0":"post-11845","1":"product","2":"type-product","3":"status-publish","4":"has-post-thumbnail","6":"pwb-brand-365-archery","7":"product_cat-dianas","8":"product_tag-cubo-es","9":"product_tag-manual-es","11":"first","12":"instock","13":"taxable","14":"shipping-taxable","15":"purchasable","16":"product-type-variable"},"acf":[],"yoast_head":"<!-- This site is optimized with the Yoast SEO plugin v27.2 - https:\/\/yoast.com\/product\/yoast-seo-wordpress\/ -->\n<title>Replacement Core for standard Targets (10&quot;) (14&quot;) - D2D Hunting<\/title>\n<meta name=\"robots\" content=\"index, follow, max-snippet:-1, max-image-preview:large, max-video-preview:-1\" \/>\n<link rel=\"canonical\" href=\"https:\/\/d2dhunting.com\/es\/product\/replacement-core-for-standard-targets-10\/\" \/>\n<meta property=\"og:locale\" content=\"es_ES\" \/>\n<meta property=\"og:type\" content=\"article\" \/>\n<meta property=\"og:title\" content=\"Replacement Core for standard Targets (10&quot;) (14&quot;) - D2D Hunting\" \/>\n<meta property=\"og:description\" content=\"N\u00facleo XL (14&#8243;x14&#8243;x14&#8243;) (36 x 36 x 36cm) Las 6 caras del cubo incluyen: &#8211; 2 lados con 1 punto (15cm en \u00d8) &#8211; 2 lados con 3 puntos (10cm de \u00d8) &#8211; 2 lados con 4 puntos (7cm de \u00d8)Repuesto de N\u00facleo intercambiable Los cubos o n\u00facleos de repuesto est\u00e1n disponibles en 2 tama\u00f1os [&hellip;]\" \/>\n<meta property=\"og:url\" content=\"https:\/\/d2dhunting.com\/es\/product\/replacement-core-for-standard-targets-10\/\" \/>\n<meta property=\"og:site_name\" content=\"D2D Hunting\" \/>\n<meta property=\"article:modified_time\" content=\"2025-11-24T13:14:51+00:00\" \/>\n<meta property=\"og:image\" content=\"https:\/\/d2dhunting.com\/wp-content\/uploads\/2024\/04\/Trio_Core_Replacements_1__51408.jpeg\" \/>\n\t<meta property=\"og:image:width\" content=\"1280\" \/>\n\t<meta property=\"og:image:height\" content=\"1280\" \/>\n\t<meta property=\"og:image:type\" content=\"image\/jpeg\" \/>\n<meta name=\"twitter:card\" content=\"summary_large_image\" \/>\n<meta name=\"twitter:label1\" content=\"Tiempo de lectura\" \/>\n\t<meta name=\"twitter:data1\" content=\"1 minuto\" \/>\n<script type=\"application\/ld+json\" class=\"yoast-schema-graph\">{\"@context\":\"https:\/\/schema.org\",\"@graph\":[{\"@type\":[\"WebPage\",\"CollectionPage\"],\"@id\":\"https:\/\/d2dhunting.com\/es\/product\/replacement-core-for-standard-targets-10\/\",\"url\":\"https:\/\/d2dhunting.com\/es\/product\/replacement-core-for-standard-targets-10\/\",\"name\":\"Replacement Core for standard Targets (10\\\") (14\\\") - D2D Hunting\",\"isPartOf\":{\"@id\":\"https:\/\/d2dhunting.com\/#website\"},\"primaryImageOfPage\":{\"@id\":\"https:\/\/d2dhunting.com\/es\/product\/replacement-core-for-standard-targets-10\/#primaryimage\"},\"image\":{\"@id\":\"https:\/\/d2dhunting.com\/es\/product\/replacement-core-for-standard-targets-10\/#primaryimage\"},\"thumbnailUrl\":\"https:\/\/d2dhunting.com\/wp-content\/uploads\/2024\/04\/Trio_Core_Replacements_1__51408.jpeg\",\"datePublished\":\"2024-04-15T08:57:05+00:00\",\"dateModified\":\"2025-11-24T13:14:51+00:00\",\"breadcrumb\":{\"@id\":\"https:\/\/d2dhunting.com\/es\/product\/replacement-core-for-standard-targets-10\/#breadcrumb\"},\"inLanguage\":\"es\"},{\"@type\":\"ImageObject\",\"inLanguage\":\"es\",\"@id\":\"https:\/\/d2dhunting.com\/es\/product\/replacement-core-for-standard-targets-10\/#primaryimage\",\"url\":\"https:\/\/d2dhunting.com\/wp-content\/uploads\/2024\/04\/Trio_Core_Replacements_1__51408.jpeg\",\"contentUrl\":\"https:\/\/d2dhunting.com\/wp-content\/uploads\/2024\/04\/Trio_Core_Replacements_1__51408.jpeg\",\"width\":1280,\"height\":1280},{\"@type\":\"BreadcrumbList\",\"@id\":\"https:\/\/d2dhunting.com\/es\/product\/replacement-core-for-standard-targets-10\/#breadcrumb\",\"itemListElement\":[{\"@type\":\"ListItem\",\"position\":1,\"name\":\"Home\",\"item\":\"https:\/\/d2dhunting.com\/es\/\"},{\"@type\":\"ListItem\",\"position\":2,\"name\":\"Tienda ES\",\"item\":\"https:\/\/d2dhunting.com\/es\/tienda-2\/\"},{\"@type\":\"ListItem\",\"position\":3,\"name\":\"Replacement Core for standard Targets (10&#8243;) (14&#8243;)\"}]},{\"@type\":\"WebSite\",\"@id\":\"https:\/\/d2dhunting.com\/#website\",\"url\":\"https:\/\/d2dhunting.com\/\",\"name\":\"D2D Hunting\",\"description\":\"D2D was born with the idea of promoting still stalk hunting, through the distribution of quality equipment for the hunter.\",\"publisher\":{\"@id\":\"https:\/\/d2dhunting.com\/#organization\"},\"potentialAction\":[{\"@type\":\"SearchAction\",\"target\":{\"@type\":\"EntryPoint\",\"urlTemplate\":\"https:\/\/d2dhunting.com\/?s={search_term_string}\"},\"query-input\":{\"@type\":\"PropertyValueSpecification\",\"valueRequired\":true,\"valueName\":\"search_term_string\"}}],\"inLanguage\":\"es\"},{\"@type\":\"Organization\",\"@id\":\"https:\/\/d2dhunting.com\/#organization\",\"name\":\"D2D Hunting\",\"url\":\"https:\/\/d2dhunting.com\/\",\"logo\":{\"@type\":\"ImageObject\",\"inLanguage\":\"es\",\"@id\":\"https:\/\/d2dhunting.com\/#\/schema\/logo\/image\/\",\"url\":\"https:\/\/d2dhunting.com\/wp-content\/uploads\/2023\/12\/Logo_Completo.png\",\"contentUrl\":\"https:\/\/d2dhunting.com\/wp-content\/uploads\/2023\/12\/Logo_Completo.png\",\"width\":740,\"height\":308,\"caption\":\"D2D Hunting\"},\"image\":{\"@id\":\"https:\/\/d2dhunting.com\/#\/schema\/logo\/image\/\"}}]}<\/script>\n<!-- \/ Yoast SEO plugin. -->","yoast_head_json":{"title":"Replacement Core for standard Targets (10\") (14\") - D2D Hunting","robots":{"index":"index","follow":"follow","max-snippet":"max-snippet:-1","max-image-preview":"max-image-preview:large","max-video-preview":"max-video-preview:-1"},"canonical":"https:\/\/d2dhunting.com\/es\/product\/replacement-core-for-standard-targets-10\/","og_locale":"es_ES","og_type":"article","og_title":"Replacement Core for standard Targets (10\") (14\") - D2D Hunting","og_description":"N\u00facleo XL (14&#8243;x14&#8243;x14&#8243;) (36 x 36 x 36cm) Las 6 caras del cubo incluyen: &#8211; 2 lados con 1 punto (15cm en \u00d8) &#8211; 2 lados con 3 puntos (10cm de \u00d8) &#8211; 2 lados con 4 puntos (7cm de \u00d8)Repuesto de N\u00facleo intercambiable Los cubos o n\u00facleos de repuesto est\u00e1n disponibles en 2 tama\u00f1os [&hellip;]","og_url":"https:\/\/d2dhunting.com\/es\/product\/replacement-core-for-standard-targets-10\/","og_site_name":"D2D Hunting","article_modified_time":"2025-11-24T13:14:51+00:00","og_image":[{"width":1280,"height":1280,"url":"https:\/\/d2dhunting.com\/wp-content\/uploads\/2024\/04\/Trio_Core_Replacements_1__51408.jpeg","type":"image\/jpeg"}],"twitter_card":"summary_large_image","twitter_misc":{"Tiempo de lectura":"1 minuto"},"schema":{"@context":"https:\/\/schema.org","@graph":[{"@type":["WebPage","CollectionPage"],"@id":"https:\/\/d2dhunting.com\/es\/product\/replacement-core-for-standard-targets-10\/","url":"https:\/\/d2dhunting.com\/es\/product\/replacement-core-for-standard-targets-10\/","name":"Replacement Core for standard Targets (10\") (14\") - D2D Hunting","isPartOf":{"@id":"https:\/\/d2dhunting.com\/#website"},"primaryImageOfPage":{"@id":"https:\/\/d2dhunting.com\/es\/product\/replacement-core-for-standard-targets-10\/#primaryimage"},"image":{"@id":"https:\/\/d2dhunting.com\/es\/product\/replacement-core-for-standard-targets-10\/#primaryimage"},"thumbnailUrl":"https:\/\/d2dhunting.com\/wp-content\/uploads\/2024\/04\/Trio_Core_Replacements_1__51408.jpeg","datePublished":"2024-04-15T08:57:05+00:00","dateModified":"2025-11-24T13:14:51+00:00","breadcrumb":{"@id":"https:\/\/d2dhunting.com\/es\/product\/replacement-core-for-standard-targets-10\/#breadcrumb"},"inLanguage":"es"},{"@type":"ImageObject","inLanguage":"es","@id":"https:\/\/d2dhunting.com\/es\/product\/replacement-core-for-standard-targets-10\/#primaryimage","url":"https:\/\/d2dhunting.com\/wp-content\/uploads\/2024\/04\/Trio_Core_Replacements_1__51408.jpeg","contentUrl":"https:\/\/d2dhunting.com\/wp-content\/uploads\/2024\/04\/Trio_Core_Replacements_1__51408.jpeg","width":1280,"height":1280},{"@type":"BreadcrumbList","@id":"https:\/\/d2dhunting.com\/es\/product\/replacement-core-for-standard-targets-10\/#breadcrumb","itemListElement":[{"@type":"ListItem","position":1,"name":"Home","item":"https:\/\/d2dhunting.com\/es\/"},{"@type":"ListItem","position":2,"name":"Tienda ES","item":"https:\/\/d2dhunting.com\/es\/tienda-2\/"},{"@type":"ListItem","position":3,"name":"Replacement Core for standard Targets (10&#8243;) (14&#8243;)"}]},{"@type":"WebSite","@id":"https:\/\/d2dhunting.com\/#website","url":"https:\/\/d2dhunting.com\/","name":"D2D Hunting","description":"D2D was born with the idea of promoting still stalk hunting, through the distribution of quality equipment for the hunter.","publisher":{"@id":"https:\/\/d2dhunting.com\/#organization"},"potentialAction":[{"@type":"SearchAction","target":{"@type":"EntryPoint","urlTemplate":"https:\/\/d2dhunting.com\/?s={search_term_string}"},"query-input":{"@type":"PropertyValueSpecification","valueRequired":true,"valueName":"search_term_string"}}],"inLanguage":"es"},{"@type":"Organization","@id":"https:\/\/d2dhunting.com\/#organization","name":"D2D Hunting","url":"https:\/\/d2dhunting.com\/","logo":{"@type":"ImageObject","inLanguage":"es","@id":"https:\/\/d2dhunting.com\/#\/schema\/logo\/image\/","url":"https:\/\/d2dhunting.com\/wp-content\/uploads\/2023\/12\/Logo_Completo.png","contentUrl":"https:\/\/d2dhunting.com\/wp-content\/uploads\/2023\/12\/Logo_Completo.png","width":740,"height":308,"caption":"D2D Hunting"},"image":{"@id":"https:\/\/d2dhunting.com\/#\/schema\/logo\/image\/"}}]}},"brands":[{"id":160,"name":"365 archery","slug":"365-archery"}],"_links":{"self":[{"href":"https:\/\/d2dhunting.com\/es\/wp-json\/wp\/v2\/product\/11845","targetHints":{"allow":["GET"]}}],"collection":[{"href":"https:\/\/d2dhunting.com\/es\/wp-json\/wp\/v2\/product"}],"about":[{"href":"https:\/\/d2dhunting.com\/es\/wp-json\/wp\/v2\/types\/product"}],"wp:featuredmedia":[{"embeddable":true,"href":"https:\/\/d2dhunting.com\/es\/wp-json\/wp\/v2\/media\/11838"}],"wp:attachment":[{"href":"https:\/\/d2dhunting.com\/es\/wp-json\/wp\/v2\/media?parent=11845"}],"wp:term":[{"taxonomy":"pwb-brand","embeddable":true,"href":"https:\/\/d2dhunting.com\/es\/wp-json\/wp\/v2\/pwb-brand?post=11845"},{"taxonomy":"product_brand","embeddable":true,"href":"https:\/\/d2dhunting.com\/es\/wp-json\/wp\/v2\/product_brand?post=11845"},{"taxonomy":"product_cat","embeddable":true,"href":"https:\/\/d2dhunting.com\/es\/wp-json\/wp\/v2\/product_cat?post=11845"},{"taxonomy":"product_tag","embeddable":true,"href":"https:\/\/d2dhunting.com\/es\/wp-json\/wp\/v2\/product_tag?post=11845"},{"taxonomy":"giftcard-category","embeddable":true,"href":"https:\/\/d2dhunting.com\/es\/wp-json\/wp\/v2\/giftcard-category?post=11845"}],"curies":[{"name":"wp","href":"https:\/\/api.w.org\/{rel}","templated":true}]}}