{"id":12222,"date":"2024-04-18T11:13:29","date_gmt":"2024-04-18T11:13:29","guid":{"rendered":"https:\/\/d2dhunting.com\/product\/method-2-saddle\/"},"modified":"2025-01-16T17:24:11","modified_gmt":"2025-01-16T17:24:11","slug":"method-2-saddle","status":"publish","type":"product","link":"https:\/\/d2dhunting.com\/es\/product\/method-2-saddle\/","title":{"rendered":"Method 2 Saddle"},"content":{"rendered":"<p>EL METHOD 2 SADDLE<br \/>\nLO MEJOR DE AMBOS MUNDOS<\/p>\n<p>Inspirado por la necesidad de eliminar la elecci\u00f3n entre aerodin\u00e1mica o c\u00f3modidad, el saddle Method 2 es ultracompacto mientras andamos por el bosque pero de despliega para ofrecer mayor superficie de apoyo cuando estamos en el \u00e1rbol que los dise\u00f1os tradicionales.<\/p>\n<p>El Method 2 incorpora nuestro sistema patentado de sujeci\u00f3n magn\u00e9tica que hace que desplegar los dos paneles sea r\u00e1pido y f\u00e1cil. Esto permite un ajuste independiente del soporte superior e inferior, lo que convierte a este saddle en la opci\u00f3n m\u00e1s personalizable.<\/p>\n<p>El Method 2 es un ssaddle de dos paneles con cintur\u00f3n de cuerda, sin metal, patentado.<\/p>\n<p>Fabricado en los EE. UU.<\/p>\n<p>Disponible en talla REG y XL.<\/p>\n","protected":false},"excerpt":{"rendered":"<p>EL METHOD 2 SADDLE LO MEJOR DE AMBOS MUNDOS Inspirado por la necesidad de eliminar la elecci\u00f3n entre aerodin\u00e1mica o c\u00f3modidad, el saddle Method 2 es ultracompacto mientras andamos por el bosque pero de despliega para ofrecer mayor superficie de apoyo cuando estamos en el \u00e1rbol que los dise\u00f1os tradicionales. El Method 2 incorpora nuestro [&hellip;]<\/p>\n","protected":false},"featured_media":12211,"template":"","meta":{"_acf_changed":false},"pwb-brand":[837],"product_brand":[],"product_cat":[3441,1001,229],"product_tag":[],"giftcard-category":[],"class_list":{"0":"post-12222","1":"product","2":"type-product","3":"status-publish","4":"has-post-thumbnail","6":"pwb-brand-latitude","7":"product_cat-outlet-es","8":"product_cat-saddle","9":"product_cat-saddles-and-starter-kits-es","11":"first","12":"instock","13":"sale","14":"taxable","15":"shipping-taxable","16":"purchasable","17":"product-type-variable"},"acf":[],"yoast_head":"<!-- This site is optimized with the Yoast SEO plugin v27.2 - https:\/\/yoast.com\/product\/yoast-seo-wordpress\/ -->\n<title>Method 2 Saddle - D2D Hunting<\/title>\n<meta name=\"robots\" content=\"index, follow, max-snippet:-1, max-image-preview:large, max-video-preview:-1\" \/>\n<link rel=\"canonical\" href=\"https:\/\/d2dhunting.com\/es\/product\/method-2-saddle\/\" \/>\n<meta property=\"og:locale\" content=\"es_ES\" \/>\n<meta property=\"og:type\" content=\"article\" \/>\n<meta property=\"og:title\" content=\"Method 2 Saddle - D2D Hunting\" \/>\n<meta property=\"og:description\" content=\"EL METHOD 2 SADDLE LO MEJOR DE AMBOS MUNDOS Inspirado por la necesidad de eliminar la elecci\u00f3n entre aerodin\u00e1mica o c\u00f3modidad, el saddle Method 2 es ultracompacto mientras andamos por el bosque pero de despliega para ofrecer mayor superficie de apoyo cuando estamos en el \u00e1rbol que los dise\u00f1os tradicionales. El Method 2 incorpora nuestro [&hellip;]\" \/>\n<meta property=\"og:url\" content=\"https:\/\/d2dhunting.com\/es\/product\/method-2-saddle\/\" \/>\n<meta property=\"og:site_name\" content=\"D2D Hunting\" \/>\n<meta property=\"article:modified_time\" content=\"2025-01-16T17:24:11+00:00\" \/>\n<meta property=\"og:image\" content=\"https:\/\/d2dhunting.com\/wp-content\/uploads\/2024\/04\/Method-2-1-O-2-FOTOOpen-scaled.jpeg\" \/>\n\t<meta property=\"og:image:width\" content=\"2560\" \/>\n\t<meta property=\"og:image:height\" content=\"1732\" \/>\n\t<meta property=\"og:image:type\" content=\"image\/jpeg\" \/>\n<meta name=\"twitter:card\" content=\"summary_large_image\" \/>\n<meta name=\"twitter:label1\" content=\"Tiempo de lectura\" \/>\n\t<meta name=\"twitter:data1\" content=\"1 minuto\" \/>\n<script type=\"application\/ld+json\" class=\"yoast-schema-graph\">{\"@context\":\"https:\/\/schema.org\",\"@graph\":[{\"@type\":[\"WebPage\",\"CollectionPage\"],\"@id\":\"https:\/\/d2dhunting.com\/es\/product\/method-2-saddle\/\",\"url\":\"https:\/\/d2dhunting.com\/es\/product\/method-2-saddle\/\",\"name\":\"Method 2 Saddle - D2D Hunting\",\"isPartOf\":{\"@id\":\"https:\/\/d2dhunting.com\/#website\"},\"primaryImageOfPage\":{\"@id\":\"https:\/\/d2dhunting.com\/es\/product\/method-2-saddle\/#primaryimage\"},\"image\":{\"@id\":\"https:\/\/d2dhunting.com\/es\/product\/method-2-saddle\/#primaryimage\"},\"thumbnailUrl\":\"https:\/\/d2dhunting.com\/wp-content\/uploads\/2024\/04\/Method-2-1-O-2-FOTOOpen-scaled.jpeg\",\"datePublished\":\"2024-04-18T11:13:29+00:00\",\"dateModified\":\"2025-01-16T17:24:11+00:00\",\"breadcrumb\":{\"@id\":\"https:\/\/d2dhunting.com\/es\/product\/method-2-saddle\/#breadcrumb\"},\"inLanguage\":\"es\"},{\"@type\":\"ImageObject\",\"inLanguage\":\"es\",\"@id\":\"https:\/\/d2dhunting.com\/es\/product\/method-2-saddle\/#primaryimage\",\"url\":\"https:\/\/d2dhunting.com\/wp-content\/uploads\/2024\/04\/Method-2-1-O-2-FOTOOpen-scaled.jpeg\",\"contentUrl\":\"https:\/\/d2dhunting.com\/wp-content\/uploads\/2024\/04\/Method-2-1-O-2-FOTOOpen-scaled.jpeg\",\"width\":2560,\"height\":1732},{\"@type\":\"BreadcrumbList\",\"@id\":\"https:\/\/d2dhunting.com\/es\/product\/method-2-saddle\/#breadcrumb\",\"itemListElement\":[{\"@type\":\"ListItem\",\"position\":1,\"name\":\"Home\",\"item\":\"https:\/\/d2dhunting.com\/es\/\"},{\"@type\":\"ListItem\",\"position\":2,\"name\":\"Tienda ES\",\"item\":\"https:\/\/d2dhunting.com\/es\/tienda-2\/\"},{\"@type\":\"ListItem\",\"position\":3,\"name\":\"Method 2 Saddle\"}]},{\"@type\":\"WebSite\",\"@id\":\"https:\/\/d2dhunting.com\/#website\",\"url\":\"https:\/\/d2dhunting.com\/\",\"name\":\"D2D Hunting\",\"description\":\"D2D was born with the idea of promoting still stalk hunting, through the distribution of quality equipment for the hunter.\",\"publisher\":{\"@id\":\"https:\/\/d2dhunting.com\/#organization\"},\"potentialAction\":[{\"@type\":\"SearchAction\",\"target\":{\"@type\":\"EntryPoint\",\"urlTemplate\":\"https:\/\/d2dhunting.com\/?s={search_term_string}\"},\"query-input\":{\"@type\":\"PropertyValueSpecification\",\"valueRequired\":true,\"valueName\":\"search_term_string\"}}],\"inLanguage\":\"es\"},{\"@type\":\"Organization\",\"@id\":\"https:\/\/d2dhunting.com\/#organization\",\"name\":\"D2D Hunting\",\"url\":\"https:\/\/d2dhunting.com\/\",\"logo\":{\"@type\":\"ImageObject\",\"inLanguage\":\"es\",\"@id\":\"https:\/\/d2dhunting.com\/#\/schema\/logo\/image\/\",\"url\":\"https:\/\/d2dhunting.com\/wp-content\/uploads\/2023\/12\/Logo_Completo.png\",\"contentUrl\":\"https:\/\/d2dhunting.com\/wp-content\/uploads\/2023\/12\/Logo_Completo.png\",\"width\":740,\"height\":308,\"caption\":\"D2D Hunting\"},\"image\":{\"@id\":\"https:\/\/d2dhunting.com\/#\/schema\/logo\/image\/\"}}]}<\/script>\n<!-- \/ Yoast SEO plugin. -->","yoast_head_json":{"title":"Method 2 Saddle - D2D Hunting","robots":{"index":"index","follow":"follow","max-snippet":"max-snippet:-1","max-image-preview":"max-image-preview:large","max-video-preview":"max-video-preview:-1"},"canonical":"https:\/\/d2dhunting.com\/es\/product\/method-2-saddle\/","og_locale":"es_ES","og_type":"article","og_title":"Method 2 Saddle - D2D Hunting","og_description":"EL METHOD 2 SADDLE LO MEJOR DE AMBOS MUNDOS Inspirado por la necesidad de eliminar la elecci\u00f3n entre aerodin\u00e1mica o c\u00f3modidad, el saddle Method 2 es ultracompacto mientras andamos por el bosque pero de despliega para ofrecer mayor superficie de apoyo cuando estamos en el \u00e1rbol que los dise\u00f1os tradicionales. El Method 2 incorpora nuestro [&hellip;]","og_url":"https:\/\/d2dhunting.com\/es\/product\/method-2-saddle\/","og_site_name":"D2D Hunting","article_modified_time":"2025-01-16T17:24:11+00:00","og_image":[{"width":2560,"height":1732,"url":"https:\/\/d2dhunting.com\/wp-content\/uploads\/2024\/04\/Method-2-1-O-2-FOTOOpen-scaled.jpeg","type":"image\/jpeg"}],"twitter_card":"summary_large_image","twitter_misc":{"Tiempo de lectura":"1 minuto"},"schema":{"@context":"https:\/\/schema.org","@graph":[{"@type":["WebPage","CollectionPage"],"@id":"https:\/\/d2dhunting.com\/es\/product\/method-2-saddle\/","url":"https:\/\/d2dhunting.com\/es\/product\/method-2-saddle\/","name":"Method 2 Saddle - D2D Hunting","isPartOf":{"@id":"https:\/\/d2dhunting.com\/#website"},"primaryImageOfPage":{"@id":"https:\/\/d2dhunting.com\/es\/product\/method-2-saddle\/#primaryimage"},"image":{"@id":"https:\/\/d2dhunting.com\/es\/product\/method-2-saddle\/#primaryimage"},"thumbnailUrl":"https:\/\/d2dhunting.com\/wp-content\/uploads\/2024\/04\/Method-2-1-O-2-FOTOOpen-scaled.jpeg","datePublished":"2024-04-18T11:13:29+00:00","dateModified":"2025-01-16T17:24:11+00:00","breadcrumb":{"@id":"https:\/\/d2dhunting.com\/es\/product\/method-2-saddle\/#breadcrumb"},"inLanguage":"es"},{"@type":"ImageObject","inLanguage":"es","@id":"https:\/\/d2dhunting.com\/es\/product\/method-2-saddle\/#primaryimage","url":"https:\/\/d2dhunting.com\/wp-content\/uploads\/2024\/04\/Method-2-1-O-2-FOTOOpen-scaled.jpeg","contentUrl":"https:\/\/d2dhunting.com\/wp-content\/uploads\/2024\/04\/Method-2-1-O-2-FOTOOpen-scaled.jpeg","width":2560,"height":1732},{"@type":"BreadcrumbList","@id":"https:\/\/d2dhunting.com\/es\/product\/method-2-saddle\/#breadcrumb","itemListElement":[{"@type":"ListItem","position":1,"name":"Home","item":"https:\/\/d2dhunting.com\/es\/"},{"@type":"ListItem","position":2,"name":"Tienda ES","item":"https:\/\/d2dhunting.com\/es\/tienda-2\/"},{"@type":"ListItem","position":3,"name":"Method 2 Saddle"}]},{"@type":"WebSite","@id":"https:\/\/d2dhunting.com\/#website","url":"https:\/\/d2dhunting.com\/","name":"D2D Hunting","description":"D2D was born with the idea of promoting still stalk hunting, through the distribution of quality equipment for the hunter.","publisher":{"@id":"https:\/\/d2dhunting.com\/#organization"},"potentialAction":[{"@type":"SearchAction","target":{"@type":"EntryPoint","urlTemplate":"https:\/\/d2dhunting.com\/?s={search_term_string}"},"query-input":{"@type":"PropertyValueSpecification","valueRequired":true,"valueName":"search_term_string"}}],"inLanguage":"es"},{"@type":"Organization","@id":"https:\/\/d2dhunting.com\/#organization","name":"D2D Hunting","url":"https:\/\/d2dhunting.com\/","logo":{"@type":"ImageObject","inLanguage":"es","@id":"https:\/\/d2dhunting.com\/#\/schema\/logo\/image\/","url":"https:\/\/d2dhunting.com\/wp-content\/uploads\/2023\/12\/Logo_Completo.png","contentUrl":"https:\/\/d2dhunting.com\/wp-content\/uploads\/2023\/12\/Logo_Completo.png","width":740,"height":308,"caption":"D2D Hunting"},"image":{"@id":"https:\/\/d2dhunting.com\/#\/schema\/logo\/image\/"}}]}},"brands":[{"id":837,"name":"LATITUDE","slug":"latitude"}],"_links":{"self":[{"href":"https:\/\/d2dhunting.com\/es\/wp-json\/wp\/v2\/product\/12222","targetHints":{"allow":["GET"]}}],"collection":[{"href":"https:\/\/d2dhunting.com\/es\/wp-json\/wp\/v2\/product"}],"about":[{"href":"https:\/\/d2dhunting.com\/es\/wp-json\/wp\/v2\/types\/product"}],"wp:featuredmedia":[{"embeddable":true,"href":"https:\/\/d2dhunting.com\/es\/wp-json\/wp\/v2\/media\/12211"}],"wp:attachment":[{"href":"https:\/\/d2dhunting.com\/es\/wp-json\/wp\/v2\/media?parent=12222"}],"wp:term":[{"taxonomy":"pwb-brand","embeddable":true,"href":"https:\/\/d2dhunting.com\/es\/wp-json\/wp\/v2\/pwb-brand?post=12222"},{"taxonomy":"product_brand","embeddable":true,"href":"https:\/\/d2dhunting.com\/es\/wp-json\/wp\/v2\/product_brand?post=12222"},{"taxonomy":"product_cat","embeddable":true,"href":"https:\/\/d2dhunting.com\/es\/wp-json\/wp\/v2\/product_cat?post=12222"},{"taxonomy":"product_tag","embeddable":true,"href":"https:\/\/d2dhunting.com\/es\/wp-json\/wp\/v2\/product_tag?post=12222"},{"taxonomy":"giftcard-category","embeddable":true,"href":"https:\/\/d2dhunting.com\/es\/wp-json\/wp\/v2\/giftcard-category?post=12222"}],"curies":[{"name":"wp","href":"https:\/\/api.w.org\/{rel}","templated":true}]}}