{"id":12267,"date":"2024-04-18T13:29:19","date_gmt":"2024-04-18T13:29:19","guid":{"rendered":"https:\/\/d2dhunting.com\/product\/x-wing-platform\/"},"modified":"2025-01-16T17:02:21","modified_gmt":"2025-01-16T17:02:21","slug":"x-wing-platform","status":"publish","type":"product","link":"https:\/\/d2dhunting.com\/es\/product\/x-wing-platform\/","title":{"rendered":"X Wing Platform"},"content":{"rendered":"<p>PLATAFORMA X WING<\/p>\n<p>Dise\u00f1o alado: Frente al dise\u00f1o tradicional, las alas facilitan una postura m\u00e1s estable para el tiro con los pies m\u00e1s separados y adem\u00e1s permiten pegarse m\u00e1s al \u00e1rbol para una mejor ocultaci\u00f3n.<\/p>\n<p>Capacidad para pivotar: Optimizada para la estabilidad de los pies, la plataforma X-Wing proporciona un mejor soporte y maniobrabilidad alrededor del \u00e1rbol. Los bordes perpendiculares tanto en las alas como en la secci\u00f3n central ofrecen una sujeci\u00f3n \u00f3ptima para pivotar y estabilizar el tiro.<\/p>\n<p>Colocaci\u00f3n de los bordes orientados hacia atr\u00e1s: durante las pruebas de dise\u00f1o, nos dimos cuenta de que era posible aflojar una plataforma asegurada al \u00e1rbol si se aplicaba peso sobre los bordes traseros ubicados detr\u00e1s del punto de pivote en el poste. Aplicamos pues un dise\u00f1o de estos bordes traseros, pendiente de patente, que hace imposible descolocar la plataforma cuando se aplica carga.<\/p>\n","protected":false},"excerpt":{"rendered":"<p>PLATAFORMA X WING Dise\u00f1o alado: Frente al dise\u00f1o tradicional, las alas facilitan una postura m\u00e1s estable para el tiro con los pies m\u00e1s separados y adem\u00e1s permiten pegarse m\u00e1s al \u00e1rbol para una mejor ocultaci\u00f3n. Capacidad para pivotar: Optimizada para la estabilidad de los pies, la plataforma X-Wing proporciona un mejor soporte y maniobrabilidad alrededor [&hellip;]<\/p>\n","protected":false},"featured_media":12262,"template":"","meta":{"_acf_changed":false},"pwb-brand":[837],"product_brand":[],"product_cat":[201,1001],"product_tag":[1820],"giftcard-category":[],"class_list":{"0":"post-12267","1":"product","2":"type-product","3":"status-publish","4":"has-post-thumbnail","6":"pwb-brand-latitude","7":"product_cat-plataformas-y-peldanos","8":"product_cat-saddle","9":"product_tag-xwing-es","11":"first","12":"instock","13":"taxable","14":"shipping-taxable","15":"purchasable","16":"product-type-simple"},"acf":[],"yoast_head":"<!-- This site is optimized with the Yoast SEO plugin v27.2 - https:\/\/yoast.com\/product\/yoast-seo-wordpress\/ -->\n<title>X Wing Platform - D2D Hunting<\/title>\n<meta name=\"robots\" content=\"index, follow, max-snippet:-1, max-image-preview:large, max-video-preview:-1\" \/>\n<link rel=\"canonical\" href=\"https:\/\/d2dhunting.com\/es\/product\/x-wing-platform\/\" \/>\n<meta property=\"og:locale\" content=\"es_ES\" \/>\n<meta property=\"og:type\" content=\"article\" \/>\n<meta property=\"og:title\" content=\"X Wing Platform - D2D Hunting\" \/>\n<meta property=\"og:description\" content=\"PLATAFORMA X WING Dise\u00f1o alado: Frente al dise\u00f1o tradicional, las alas facilitan una postura m\u00e1s estable para el tiro con los pies m\u00e1s separados y adem\u00e1s permiten pegarse m\u00e1s al \u00e1rbol para una mejor ocultaci\u00f3n. Capacidad para pivotar: Optimizada para la estabilidad de los pies, la plataforma X-Wing proporciona un mejor soporte y maniobrabilidad alrededor [&hellip;]\" \/>\n<meta property=\"og:url\" content=\"https:\/\/d2dhunting.com\/es\/product\/x-wing-platform\/\" \/>\n<meta property=\"og:site_name\" content=\"D2D Hunting\" \/>\n<meta property=\"article:modified_time\" content=\"2025-01-16T17:02:21+00:00\" \/>\n<meta property=\"og:image\" content=\"https:\/\/d2dhunting.com\/wp-content\/uploads\/2024\/04\/X-Wing-Platform-Open.png\" \/>\n\t<meta property=\"og:image:width\" content=\"2255\" \/>\n\t<meta property=\"og:image:height\" content=\"2250\" \/>\n\t<meta property=\"og:image:type\" content=\"image\/png\" \/>\n<meta name=\"twitter:card\" content=\"summary_large_image\" \/>\n<meta name=\"twitter:label1\" content=\"Tiempo de lectura\" \/>\n\t<meta name=\"twitter:data1\" content=\"1 minuto\" \/>\n<script type=\"application\/ld+json\" class=\"yoast-schema-graph\">{\"@context\":\"https:\/\/schema.org\",\"@graph\":[{\"@type\":[\"WebPage\",\"CollectionPage\"],\"@id\":\"https:\/\/d2dhunting.com\/es\/product\/x-wing-platform\/\",\"url\":\"https:\/\/d2dhunting.com\/es\/product\/x-wing-platform\/\",\"name\":\"X Wing Platform - D2D Hunting\",\"isPartOf\":{\"@id\":\"https:\/\/d2dhunting.com\/#website\"},\"primaryImageOfPage\":{\"@id\":\"https:\/\/d2dhunting.com\/es\/product\/x-wing-platform\/#primaryimage\"},\"image\":{\"@id\":\"https:\/\/d2dhunting.com\/es\/product\/x-wing-platform\/#primaryimage\"},\"thumbnailUrl\":\"https:\/\/d2dhunting.com\/wp-content\/uploads\/2024\/04\/X-Wing-Platform-Open.png\",\"datePublished\":\"2024-04-18T13:29:19+00:00\",\"dateModified\":\"2025-01-16T17:02:21+00:00\",\"breadcrumb\":{\"@id\":\"https:\/\/d2dhunting.com\/es\/product\/x-wing-platform\/#breadcrumb\"},\"inLanguage\":\"es\"},{\"@type\":\"ImageObject\",\"inLanguage\":\"es\",\"@id\":\"https:\/\/d2dhunting.com\/es\/product\/x-wing-platform\/#primaryimage\",\"url\":\"https:\/\/d2dhunting.com\/wp-content\/uploads\/2024\/04\/X-Wing-Platform-Open.png\",\"contentUrl\":\"https:\/\/d2dhunting.com\/wp-content\/uploads\/2024\/04\/X-Wing-Platform-Open.png\",\"width\":2255,\"height\":2250},{\"@type\":\"BreadcrumbList\",\"@id\":\"https:\/\/d2dhunting.com\/es\/product\/x-wing-platform\/#breadcrumb\",\"itemListElement\":[{\"@type\":\"ListItem\",\"position\":1,\"name\":\"Home\",\"item\":\"https:\/\/d2dhunting.com\/es\/\"},{\"@type\":\"ListItem\",\"position\":2,\"name\":\"Tienda ES\",\"item\":\"https:\/\/d2dhunting.com\/es\/tienda-2\/\"},{\"@type\":\"ListItem\",\"position\":3,\"name\":\"X Wing Platform\"}]},{\"@type\":\"WebSite\",\"@id\":\"https:\/\/d2dhunting.com\/#website\",\"url\":\"https:\/\/d2dhunting.com\/\",\"name\":\"D2D Hunting\",\"description\":\"D2D was born with the idea of promoting still stalk hunting, through the distribution of quality equipment for the hunter.\",\"publisher\":{\"@id\":\"https:\/\/d2dhunting.com\/#organization\"},\"potentialAction\":[{\"@type\":\"SearchAction\",\"target\":{\"@type\":\"EntryPoint\",\"urlTemplate\":\"https:\/\/d2dhunting.com\/?s={search_term_string}\"},\"query-input\":{\"@type\":\"PropertyValueSpecification\",\"valueRequired\":true,\"valueName\":\"search_term_string\"}}],\"inLanguage\":\"es\"},{\"@type\":\"Organization\",\"@id\":\"https:\/\/d2dhunting.com\/#organization\",\"name\":\"D2D Hunting\",\"url\":\"https:\/\/d2dhunting.com\/\",\"logo\":{\"@type\":\"ImageObject\",\"inLanguage\":\"es\",\"@id\":\"https:\/\/d2dhunting.com\/#\/schema\/logo\/image\/\",\"url\":\"https:\/\/d2dhunting.com\/wp-content\/uploads\/2023\/12\/Logo_Completo.png\",\"contentUrl\":\"https:\/\/d2dhunting.com\/wp-content\/uploads\/2023\/12\/Logo_Completo.png\",\"width\":740,\"height\":308,\"caption\":\"D2D Hunting\"},\"image\":{\"@id\":\"https:\/\/d2dhunting.com\/#\/schema\/logo\/image\/\"}}]}<\/script>\n<!-- \/ Yoast SEO plugin. -->","yoast_head_json":{"title":"X Wing Platform - D2D Hunting","robots":{"index":"index","follow":"follow","max-snippet":"max-snippet:-1","max-image-preview":"max-image-preview:large","max-video-preview":"max-video-preview:-1"},"canonical":"https:\/\/d2dhunting.com\/es\/product\/x-wing-platform\/","og_locale":"es_ES","og_type":"article","og_title":"X Wing Platform - D2D Hunting","og_description":"PLATAFORMA X WING Dise\u00f1o alado: Frente al dise\u00f1o tradicional, las alas facilitan una postura m\u00e1s estable para el tiro con los pies m\u00e1s separados y adem\u00e1s permiten pegarse m\u00e1s al \u00e1rbol para una mejor ocultaci\u00f3n. Capacidad para pivotar: Optimizada para la estabilidad de los pies, la plataforma X-Wing proporciona un mejor soporte y maniobrabilidad alrededor [&hellip;]","og_url":"https:\/\/d2dhunting.com\/es\/product\/x-wing-platform\/","og_site_name":"D2D Hunting","article_modified_time":"2025-01-16T17:02:21+00:00","og_image":[{"width":2255,"height":2250,"url":"https:\/\/d2dhunting.com\/wp-content\/uploads\/2024\/04\/X-Wing-Platform-Open.png","type":"image\/png"}],"twitter_card":"summary_large_image","twitter_misc":{"Tiempo de lectura":"1 minuto"},"schema":{"@context":"https:\/\/schema.org","@graph":[{"@type":["WebPage","CollectionPage"],"@id":"https:\/\/d2dhunting.com\/es\/product\/x-wing-platform\/","url":"https:\/\/d2dhunting.com\/es\/product\/x-wing-platform\/","name":"X Wing Platform - D2D Hunting","isPartOf":{"@id":"https:\/\/d2dhunting.com\/#website"},"primaryImageOfPage":{"@id":"https:\/\/d2dhunting.com\/es\/product\/x-wing-platform\/#primaryimage"},"image":{"@id":"https:\/\/d2dhunting.com\/es\/product\/x-wing-platform\/#primaryimage"},"thumbnailUrl":"https:\/\/d2dhunting.com\/wp-content\/uploads\/2024\/04\/X-Wing-Platform-Open.png","datePublished":"2024-04-18T13:29:19+00:00","dateModified":"2025-01-16T17:02:21+00:00","breadcrumb":{"@id":"https:\/\/d2dhunting.com\/es\/product\/x-wing-platform\/#breadcrumb"},"inLanguage":"es"},{"@type":"ImageObject","inLanguage":"es","@id":"https:\/\/d2dhunting.com\/es\/product\/x-wing-platform\/#primaryimage","url":"https:\/\/d2dhunting.com\/wp-content\/uploads\/2024\/04\/X-Wing-Platform-Open.png","contentUrl":"https:\/\/d2dhunting.com\/wp-content\/uploads\/2024\/04\/X-Wing-Platform-Open.png","width":2255,"height":2250},{"@type":"BreadcrumbList","@id":"https:\/\/d2dhunting.com\/es\/product\/x-wing-platform\/#breadcrumb","itemListElement":[{"@type":"ListItem","position":1,"name":"Home","item":"https:\/\/d2dhunting.com\/es\/"},{"@type":"ListItem","position":2,"name":"Tienda ES","item":"https:\/\/d2dhunting.com\/es\/tienda-2\/"},{"@type":"ListItem","position":3,"name":"X Wing Platform"}]},{"@type":"WebSite","@id":"https:\/\/d2dhunting.com\/#website","url":"https:\/\/d2dhunting.com\/","name":"D2D Hunting","description":"D2D was born with the idea of promoting still stalk hunting, through the distribution of quality equipment for the hunter.","publisher":{"@id":"https:\/\/d2dhunting.com\/#organization"},"potentialAction":[{"@type":"SearchAction","target":{"@type":"EntryPoint","urlTemplate":"https:\/\/d2dhunting.com\/?s={search_term_string}"},"query-input":{"@type":"PropertyValueSpecification","valueRequired":true,"valueName":"search_term_string"}}],"inLanguage":"es"},{"@type":"Organization","@id":"https:\/\/d2dhunting.com\/#organization","name":"D2D Hunting","url":"https:\/\/d2dhunting.com\/","logo":{"@type":"ImageObject","inLanguage":"es","@id":"https:\/\/d2dhunting.com\/#\/schema\/logo\/image\/","url":"https:\/\/d2dhunting.com\/wp-content\/uploads\/2023\/12\/Logo_Completo.png","contentUrl":"https:\/\/d2dhunting.com\/wp-content\/uploads\/2023\/12\/Logo_Completo.png","width":740,"height":308,"caption":"D2D Hunting"},"image":{"@id":"https:\/\/d2dhunting.com\/#\/schema\/logo\/image\/"}}]}},"brands":[{"id":837,"name":"LATITUDE","slug":"latitude"}],"_links":{"self":[{"href":"https:\/\/d2dhunting.com\/es\/wp-json\/wp\/v2\/product\/12267","targetHints":{"allow":["GET"]}}],"collection":[{"href":"https:\/\/d2dhunting.com\/es\/wp-json\/wp\/v2\/product"}],"about":[{"href":"https:\/\/d2dhunting.com\/es\/wp-json\/wp\/v2\/types\/product"}],"wp:featuredmedia":[{"embeddable":true,"href":"https:\/\/d2dhunting.com\/es\/wp-json\/wp\/v2\/media\/12262"}],"wp:attachment":[{"href":"https:\/\/d2dhunting.com\/es\/wp-json\/wp\/v2\/media?parent=12267"}],"wp:term":[{"taxonomy":"pwb-brand","embeddable":true,"href":"https:\/\/d2dhunting.com\/es\/wp-json\/wp\/v2\/pwb-brand?post=12267"},{"taxonomy":"product_brand","embeddable":true,"href":"https:\/\/d2dhunting.com\/es\/wp-json\/wp\/v2\/product_brand?post=12267"},{"taxonomy":"product_cat","embeddable":true,"href":"https:\/\/d2dhunting.com\/es\/wp-json\/wp\/v2\/product_cat?post=12267"},{"taxonomy":"product_tag","embeddable":true,"href":"https:\/\/d2dhunting.com\/es\/wp-json\/wp\/v2\/product_tag?post=12267"},{"taxonomy":"giftcard-category","embeddable":true,"href":"https:\/\/d2dhunting.com\/es\/wp-json\/wp\/v2\/giftcard-category?post=12267"}],"curies":[{"name":"wp","href":"https:\/\/api.w.org\/{rel}","templated":true}]}}