{"id":12310,"date":"2024-04-18T14:30:01","date_gmt":"2024-04-18T14:30:01","guid":{"rendered":"https:\/\/d2dhunting.com\/product\/amsteel-single-step-aider\/"},"modified":"2025-06-25T14:03:39","modified_gmt":"2025-06-25T14:03:39","slug":"amsteel-single-step-aider","status":"publish","type":"product","link":"https:\/\/d2dhunting.com\/es\/product\/amsteel-single-step-aider\/","title":{"rendered":"Amsteel Single Step Aider"},"content":{"rendered":"<p><span data-sheets-root=\"1\" data-sheets-value=\"{&quot;1&quot;:2,&quot;2&quot;:&quot;AMSTEEL SINGLE STEP AIDER\\n\\nEl aider o \\&quot;ayuda\\&quot; es un solo escal\u00f3n de cuerda Amsteel que se a\u00f1ade al pelda\u00f1o para hacer que sea m\u00e1s f\u00e1cil comenzar a subir hasta el treestand o saddle.\\n\\nTambi\u00e9n sirven para subir a\u00fan m\u00e1s alto cuando la situaci\u00f3n lo requiera, sin tener que cargar con el volumen de llevar pelda\u00f1os adicionales. Con estos escalones de amsteel a\u00f1adidos, se duplica el alcance de cada pelda\u00f1o.&quot;}\" data-sheets-userformat=\"{&quot;2&quot;:14847,&quot;3&quot;:{&quot;1&quot;:1},&quot;4&quot;:{&quot;1&quot;:2,&quot;2&quot;:14277081},&quot;5&quot;:{&quot;1&quot;:[{&quot;1&quot;:2,&quot;2&quot;:0,&quot;5&quot;:{&quot;1&quot;:2,&quot;2&quot;:16731934}},{&quot;1&quot;:0,&quot;2&quot;:0,&quot;3&quot;:3},{&quot;1&quot;:1,&quot;2&quot;:0,&quot;4&quot;:1}]},&quot;6&quot;:{&quot;1&quot;:[{&quot;1&quot;:2,&quot;2&quot;:0,&quot;5&quot;:{&quot;1&quot;:2,&quot;2&quot;:16731934}},{&quot;1&quot;:0,&quot;2&quot;:0,&quot;3&quot;:3},{&quot;1&quot;:1,&quot;2&quot;:0,&quot;4&quot;:1}]},&quot;7&quot;:{&quot;1&quot;:[{&quot;1&quot;:2,&quot;2&quot;:0,&quot;5&quot;:{&quot;1&quot;:2,&quot;2&quot;:16731934}},{&quot;1&quot;:0,&quot;2&quot;:0,&quot;3&quot;:3},{&quot;1&quot;:1,&quot;2&quot;:0,&quot;4&quot;:1}]},&quot;8&quot;:{&quot;1&quot;:[{&quot;1&quot;:2,&quot;2&quot;:0,&quot;5&quot;:{&quot;1&quot;:2,&quot;2&quot;:16731934}},{&quot;1&quot;:0,&quot;2&quot;:0,&quot;3&quot;:3},{&quot;1&quot;:1,&quot;2&quot;:0,&quot;4&quot;:1}]},&quot;9&quot;:0,&quot;10&quot;:1,&quot;11&quot;:4,&quot;14&quot;:{&quot;1&quot;:2,&quot;2&quot;:0},&quot;15&quot;:&quot;Calibri&quot;,&quot;16&quot;:11}\">AMSTEEL SINGLE STEP AIDER<\/span><\/p>\n<p>El aider o &#8220;ayuda&#8221; es un solo escal\u00f3n de cuerda Amsteel que se a\u00f1ade al pelda\u00f1o para hacer que sea m\u00e1s f\u00e1cil comenzar a subir hasta el treestand o saddle.<\/p>\n<p>Tambi\u00e9n sirven para subir a\u00fan m\u00e1s alto cuando la situaci\u00f3n lo requiera, sin tener que cargar con el volumen de llevar pelda\u00f1os adicionales. Con estos escalones de amsteel a\u00f1adidos, se duplica el alcance de cada pelda\u00f1o.<\/p>\n","protected":false},"excerpt":{"rendered":"<p>AMSTEEL SINGLE STEP AIDER El aider o &#8220;ayuda&#8221; es un solo escal\u00f3n de cuerda Amsteel que se a\u00f1ade al pelda\u00f1o para hacer que sea m\u00e1s f\u00e1cil comenzar a subir hasta el treestand o saddle. Tambi\u00e9n sirven para subir a\u00fan m\u00e1s alto cuando la situaci\u00f3n lo requiera, sin tener que cargar con el volumen de llevar [&hellip;]<\/p>\n","protected":false},"featured_media":12307,"template":"","meta":{"_acf_changed":false},"pwb-brand":[837],"product_brand":[],"product_cat":[201,1001],"product_tag":[],"giftcard-category":[],"class_list":{"0":"post-12310","1":"product","2":"type-product","3":"status-publish","4":"has-post-thumbnail","6":"pwb-brand-latitude","7":"product_cat-plataformas-y-peldanos","8":"product_cat-saddle","10":"first","11":"instock","12":"taxable","13":"shipping-taxable","14":"purchasable","15":"product-type-simple"},"acf":[],"yoast_head":"<!-- This site is optimized with the Yoast SEO plugin v27.2 - https:\/\/yoast.com\/product\/yoast-seo-wordpress\/ -->\n<title>Amsteel Single Step Aider - D2D Hunting<\/title>\n<meta name=\"robots\" content=\"index, follow, max-snippet:-1, max-image-preview:large, max-video-preview:-1\" \/>\n<link rel=\"canonical\" href=\"https:\/\/d2dhunting.com\/es\/product\/amsteel-single-step-aider\/\" \/>\n<meta property=\"og:locale\" content=\"es_ES\" \/>\n<meta property=\"og:type\" content=\"article\" \/>\n<meta property=\"og:title\" content=\"Amsteel Single Step Aider - D2D Hunting\" \/>\n<meta property=\"og:description\" content=\"AMSTEEL SINGLE STEP AIDER El aider o &#8220;ayuda&#8221; es un solo escal\u00f3n de cuerda Amsteel que se a\u00f1ade al pelda\u00f1o para hacer que sea m\u00e1s f\u00e1cil comenzar a subir hasta el treestand o saddle. Tambi\u00e9n sirven para subir a\u00fan m\u00e1s alto cuando la situaci\u00f3n lo requiera, sin tener que cargar con el volumen de llevar [&hellip;]\" \/>\n<meta property=\"og:url\" content=\"https:\/\/d2dhunting.com\/es\/product\/amsteel-single-step-aider\/\" \/>\n<meta property=\"og:site_name\" content=\"D2D Hunting\" \/>\n<meta property=\"article:modified_time\" content=\"2025-06-25T14:03:39+00:00\" \/>\n<meta property=\"og:image\" content=\"https:\/\/d2dhunting.com\/wp-content\/uploads\/2024\/04\/amsteel-single-step-aider-default-title-latitude-outdoors-30057551626314.jpg\" \/>\n\t<meta property=\"og:image:width\" content=\"1000\" \/>\n\t<meta property=\"og:image:height\" content=\"1000\" \/>\n\t<meta property=\"og:image:type\" content=\"image\/jpeg\" \/>\n<meta name=\"twitter:card\" content=\"summary_large_image\" \/>\n<meta name=\"twitter:label1\" content=\"Tiempo de lectura\" \/>\n\t<meta name=\"twitter:data1\" content=\"1 minuto\" \/>\n<script type=\"application\/ld+json\" class=\"yoast-schema-graph\">{\"@context\":\"https:\/\/schema.org\",\"@graph\":[{\"@type\":[\"WebPage\",\"CollectionPage\"],\"@id\":\"https:\/\/d2dhunting.com\/es\/product\/amsteel-single-step-aider\/\",\"url\":\"https:\/\/d2dhunting.com\/es\/product\/amsteel-single-step-aider\/\",\"name\":\"Amsteel Single Step Aider - D2D Hunting\",\"isPartOf\":{\"@id\":\"https:\/\/d2dhunting.com\/#website\"},\"primaryImageOfPage\":{\"@id\":\"https:\/\/d2dhunting.com\/es\/product\/amsteel-single-step-aider\/#primaryimage\"},\"image\":{\"@id\":\"https:\/\/d2dhunting.com\/es\/product\/amsteel-single-step-aider\/#primaryimage\"},\"thumbnailUrl\":\"https:\/\/d2dhunting.com\/wp-content\/uploads\/2024\/04\/amsteel-single-step-aider-default-title-latitude-outdoors-30057551626314.jpg\",\"datePublished\":\"2024-04-18T14:30:01+00:00\",\"dateModified\":\"2025-06-25T14:03:39+00:00\",\"breadcrumb\":{\"@id\":\"https:\/\/d2dhunting.com\/es\/product\/amsteel-single-step-aider\/#breadcrumb\"},\"inLanguage\":\"es\"},{\"@type\":\"ImageObject\",\"inLanguage\":\"es\",\"@id\":\"https:\/\/d2dhunting.com\/es\/product\/amsteel-single-step-aider\/#primaryimage\",\"url\":\"https:\/\/d2dhunting.com\/wp-content\/uploads\/2024\/04\/amsteel-single-step-aider-default-title-latitude-outdoors-30057551626314.jpg\",\"contentUrl\":\"https:\/\/d2dhunting.com\/wp-content\/uploads\/2024\/04\/amsteel-single-step-aider-default-title-latitude-outdoors-30057551626314.jpg\",\"width\":1000,\"height\":1000},{\"@type\":\"BreadcrumbList\",\"@id\":\"https:\/\/d2dhunting.com\/es\/product\/amsteel-single-step-aider\/#breadcrumb\",\"itemListElement\":[{\"@type\":\"ListItem\",\"position\":1,\"name\":\"Home\",\"item\":\"https:\/\/d2dhunting.com\/es\/\"},{\"@type\":\"ListItem\",\"position\":2,\"name\":\"Tienda ES\",\"item\":\"https:\/\/d2dhunting.com\/es\/tienda-2\/\"},{\"@type\":\"ListItem\",\"position\":3,\"name\":\"Amsteel Single Step Aider\"}]},{\"@type\":\"WebSite\",\"@id\":\"https:\/\/d2dhunting.com\/#website\",\"url\":\"https:\/\/d2dhunting.com\/\",\"name\":\"D2D Hunting\",\"description\":\"D2D was born with the idea of promoting still stalk hunting, through the distribution of quality equipment for the hunter.\",\"publisher\":{\"@id\":\"https:\/\/d2dhunting.com\/#organization\"},\"potentialAction\":[{\"@type\":\"SearchAction\",\"target\":{\"@type\":\"EntryPoint\",\"urlTemplate\":\"https:\/\/d2dhunting.com\/?s={search_term_string}\"},\"query-input\":{\"@type\":\"PropertyValueSpecification\",\"valueRequired\":true,\"valueName\":\"search_term_string\"}}],\"inLanguage\":\"es\"},{\"@type\":\"Organization\",\"@id\":\"https:\/\/d2dhunting.com\/#organization\",\"name\":\"D2D Hunting\",\"url\":\"https:\/\/d2dhunting.com\/\",\"logo\":{\"@type\":\"ImageObject\",\"inLanguage\":\"es\",\"@id\":\"https:\/\/d2dhunting.com\/#\/schema\/logo\/image\/\",\"url\":\"https:\/\/d2dhunting.com\/wp-content\/uploads\/2023\/12\/Logo_Completo.png\",\"contentUrl\":\"https:\/\/d2dhunting.com\/wp-content\/uploads\/2023\/12\/Logo_Completo.png\",\"width\":740,\"height\":308,\"caption\":\"D2D Hunting\"},\"image\":{\"@id\":\"https:\/\/d2dhunting.com\/#\/schema\/logo\/image\/\"}}]}<\/script>\n<!-- \/ Yoast SEO plugin. -->","yoast_head_json":{"title":"Amsteel Single Step Aider - D2D Hunting","robots":{"index":"index","follow":"follow","max-snippet":"max-snippet:-1","max-image-preview":"max-image-preview:large","max-video-preview":"max-video-preview:-1"},"canonical":"https:\/\/d2dhunting.com\/es\/product\/amsteel-single-step-aider\/","og_locale":"es_ES","og_type":"article","og_title":"Amsteel Single Step Aider - D2D Hunting","og_description":"AMSTEEL SINGLE STEP AIDER El aider o &#8220;ayuda&#8221; es un solo escal\u00f3n de cuerda Amsteel que se a\u00f1ade al pelda\u00f1o para hacer que sea m\u00e1s f\u00e1cil comenzar a subir hasta el treestand o saddle. Tambi\u00e9n sirven para subir a\u00fan m\u00e1s alto cuando la situaci\u00f3n lo requiera, sin tener que cargar con el volumen de llevar [&hellip;]","og_url":"https:\/\/d2dhunting.com\/es\/product\/amsteel-single-step-aider\/","og_site_name":"D2D Hunting","article_modified_time":"2025-06-25T14:03:39+00:00","og_image":[{"width":1000,"height":1000,"url":"https:\/\/d2dhunting.com\/wp-content\/uploads\/2024\/04\/amsteel-single-step-aider-default-title-latitude-outdoors-30057551626314.jpg","type":"image\/jpeg"}],"twitter_card":"summary_large_image","twitter_misc":{"Tiempo de lectura":"1 minuto"},"schema":{"@context":"https:\/\/schema.org","@graph":[{"@type":["WebPage","CollectionPage"],"@id":"https:\/\/d2dhunting.com\/es\/product\/amsteel-single-step-aider\/","url":"https:\/\/d2dhunting.com\/es\/product\/amsteel-single-step-aider\/","name":"Amsteel Single Step Aider - D2D Hunting","isPartOf":{"@id":"https:\/\/d2dhunting.com\/#website"},"primaryImageOfPage":{"@id":"https:\/\/d2dhunting.com\/es\/product\/amsteel-single-step-aider\/#primaryimage"},"image":{"@id":"https:\/\/d2dhunting.com\/es\/product\/amsteel-single-step-aider\/#primaryimage"},"thumbnailUrl":"https:\/\/d2dhunting.com\/wp-content\/uploads\/2024\/04\/amsteel-single-step-aider-default-title-latitude-outdoors-30057551626314.jpg","datePublished":"2024-04-18T14:30:01+00:00","dateModified":"2025-06-25T14:03:39+00:00","breadcrumb":{"@id":"https:\/\/d2dhunting.com\/es\/product\/amsteel-single-step-aider\/#breadcrumb"},"inLanguage":"es"},{"@type":"ImageObject","inLanguage":"es","@id":"https:\/\/d2dhunting.com\/es\/product\/amsteel-single-step-aider\/#primaryimage","url":"https:\/\/d2dhunting.com\/wp-content\/uploads\/2024\/04\/amsteel-single-step-aider-default-title-latitude-outdoors-30057551626314.jpg","contentUrl":"https:\/\/d2dhunting.com\/wp-content\/uploads\/2024\/04\/amsteel-single-step-aider-default-title-latitude-outdoors-30057551626314.jpg","width":1000,"height":1000},{"@type":"BreadcrumbList","@id":"https:\/\/d2dhunting.com\/es\/product\/amsteel-single-step-aider\/#breadcrumb","itemListElement":[{"@type":"ListItem","position":1,"name":"Home","item":"https:\/\/d2dhunting.com\/es\/"},{"@type":"ListItem","position":2,"name":"Tienda ES","item":"https:\/\/d2dhunting.com\/es\/tienda-2\/"},{"@type":"ListItem","position":3,"name":"Amsteel Single Step Aider"}]},{"@type":"WebSite","@id":"https:\/\/d2dhunting.com\/#website","url":"https:\/\/d2dhunting.com\/","name":"D2D Hunting","description":"D2D was born with the idea of promoting still stalk hunting, through the distribution of quality equipment for the hunter.","publisher":{"@id":"https:\/\/d2dhunting.com\/#organization"},"potentialAction":[{"@type":"SearchAction","target":{"@type":"EntryPoint","urlTemplate":"https:\/\/d2dhunting.com\/?s={search_term_string}"},"query-input":{"@type":"PropertyValueSpecification","valueRequired":true,"valueName":"search_term_string"}}],"inLanguage":"es"},{"@type":"Organization","@id":"https:\/\/d2dhunting.com\/#organization","name":"D2D Hunting","url":"https:\/\/d2dhunting.com\/","logo":{"@type":"ImageObject","inLanguage":"es","@id":"https:\/\/d2dhunting.com\/#\/schema\/logo\/image\/","url":"https:\/\/d2dhunting.com\/wp-content\/uploads\/2023\/12\/Logo_Completo.png","contentUrl":"https:\/\/d2dhunting.com\/wp-content\/uploads\/2023\/12\/Logo_Completo.png","width":740,"height":308,"caption":"D2D Hunting"},"image":{"@id":"https:\/\/d2dhunting.com\/#\/schema\/logo\/image\/"}}]}},"brands":[{"id":837,"name":"LATITUDE","slug":"latitude"}],"_links":{"self":[{"href":"https:\/\/d2dhunting.com\/es\/wp-json\/wp\/v2\/product\/12310","targetHints":{"allow":["GET"]}}],"collection":[{"href":"https:\/\/d2dhunting.com\/es\/wp-json\/wp\/v2\/product"}],"about":[{"href":"https:\/\/d2dhunting.com\/es\/wp-json\/wp\/v2\/types\/product"}],"wp:featuredmedia":[{"embeddable":true,"href":"https:\/\/d2dhunting.com\/es\/wp-json\/wp\/v2\/media\/12307"}],"wp:attachment":[{"href":"https:\/\/d2dhunting.com\/es\/wp-json\/wp\/v2\/media?parent=12310"}],"wp:term":[{"taxonomy":"pwb-brand","embeddable":true,"href":"https:\/\/d2dhunting.com\/es\/wp-json\/wp\/v2\/pwb-brand?post=12310"},{"taxonomy":"product_brand","embeddable":true,"href":"https:\/\/d2dhunting.com\/es\/wp-json\/wp\/v2\/product_brand?post=12310"},{"taxonomy":"product_cat","embeddable":true,"href":"https:\/\/d2dhunting.com\/es\/wp-json\/wp\/v2\/product_cat?post=12310"},{"taxonomy":"product_tag","embeddable":true,"href":"https:\/\/d2dhunting.com\/es\/wp-json\/wp\/v2\/product_tag?post=12310"},{"taxonomy":"giftcard-category","embeddable":true,"href":"https:\/\/d2dhunting.com\/es\/wp-json\/wp\/v2\/giftcard-category?post=12310"}],"curies":[{"name":"wp","href":"https:\/\/api.w.org\/{rel}","templated":true}]}}