{"id":12348,"date":"2024-04-18T15:35:48","date_gmt":"2024-04-18T15:35:48","guid":{"rendered":"https:\/\/d2dhunting.com\/product\/latitude-oval-carabiner\/"},"modified":"2025-01-17T08:34:53","modified_gmt":"2025-01-17T08:34:53","slug":"latitude-oval-carabiner","status":"publish","type":"product","link":"https:\/\/d2dhunting.com\/es\/product\/latitude-oval-carabiner\/","title":{"rendered":"Latitude Oval Carabiner"},"content":{"rendered":"<p><span data-sheets-root=\"1\" data-sheets-value=\"{&quot;1&quot;:2,&quot;2&quot;:&quot;Mosquet\u00f3n Ovalado Latitude\\n\\nEl vers\u00e1til mosquet\u00f3n ovalado con rosca de seguridad de Latitude Outdoors combina una forma sim\u00e9trica probada con un dise\u00f1o moderno y libre de enganches. El cierre de seguridad a rosca reduce la posibilidad de fallos del sistema de apertura y el dise\u00f1o compacto permite que sea operado con una sola mano.&quot;}\" data-sheets-userformat=\"{&quot;2&quot;:14847,&quot;3&quot;:{&quot;1&quot;:1},&quot;4&quot;:{&quot;1&quot;:2,&quot;2&quot;:14277081},&quot;5&quot;:{&quot;1&quot;:[{&quot;1&quot;:2,&quot;2&quot;:0,&quot;5&quot;:{&quot;1&quot;:2,&quot;2&quot;:16731934}},{&quot;1&quot;:0,&quot;2&quot;:0,&quot;3&quot;:3},{&quot;1&quot;:1,&quot;2&quot;:0,&quot;4&quot;:1}]},&quot;6&quot;:{&quot;1&quot;:[{&quot;1&quot;:2,&quot;2&quot;:0,&quot;5&quot;:{&quot;1&quot;:2,&quot;2&quot;:16731934}},{&quot;1&quot;:0,&quot;2&quot;:0,&quot;3&quot;:3},{&quot;1&quot;:1,&quot;2&quot;:0,&quot;4&quot;:1}]},&quot;7&quot;:{&quot;1&quot;:[{&quot;1&quot;:2,&quot;2&quot;:0,&quot;5&quot;:{&quot;1&quot;:2,&quot;2&quot;:16731934}},{&quot;1&quot;:0,&quot;2&quot;:0,&quot;3&quot;:3},{&quot;1&quot;:1,&quot;2&quot;:0,&quot;4&quot;:1}]},&quot;8&quot;:{&quot;1&quot;:[{&quot;1&quot;:2,&quot;2&quot;:0,&quot;5&quot;:{&quot;1&quot;:2,&quot;2&quot;:16731934}},{&quot;1&quot;:0,&quot;2&quot;:0,&quot;3&quot;:3},{&quot;1&quot;:1,&quot;2&quot;:0,&quot;4&quot;:1}]},&quot;9&quot;:0,&quot;10&quot;:1,&quot;11&quot;:4,&quot;14&quot;:{&quot;1&quot;:2,&quot;2&quot;:0},&quot;15&quot;:&quot;Calibri&quot;,&quot;16&quot;:11}\">Mosquet\u00f3n Ovalado Latitude<\/span><\/p>\n<p>El vers\u00e1til mosquet\u00f3n ovalado con rosca de seguridad de Latitude Outdoors combina una forma sim\u00e9trica probada con un dise\u00f1o moderno y libre de enganches. El cierre de seguridad a rosca reduce la posibilidad de fallos del sistema de apertura y el dise\u00f1o compacto permite que sea operado con una sola mano.<\/p>\n","protected":false},"excerpt":{"rendered":"<p>Mosquet\u00f3n Ovalado Latitude El vers\u00e1til mosquet\u00f3n ovalado con rosca de seguridad de Latitude Outdoors combina una forma sim\u00e9trica probada con un dise\u00f1o moderno y libre de enganches. El cierre de seguridad a rosca reduce la posibilidad de fallos del sistema de apertura y el dise\u00f1o compacto permite que sea operado con una sola mano.<\/p>\n","protected":false},"featured_media":12347,"template":"","meta":{"_acf_changed":false},"pwb-brand":[837],"product_brand":[],"product_cat":[228,1001],"product_tag":[],"giftcard-category":[],"class_list":{"0":"post-12348","1":"product","2":"type-product","3":"status-publish","4":"has-post-thumbnail","6":"pwb-brand-latitude","7":"product_cat-saddle-accessories-es","8":"product_cat-saddle","10":"first","11":"instock","12":"taxable","13":"shipping-taxable","14":"purchasable","15":"product-type-simple"},"acf":[],"yoast_head":"<!-- This site is optimized with the Yoast SEO plugin v27.2 - https:\/\/yoast.com\/product\/yoast-seo-wordpress\/ -->\n<title>Latitude Oval Carabiner - D2D Hunting<\/title>\n<meta name=\"robots\" content=\"index, follow, max-snippet:-1, max-image-preview:large, max-video-preview:-1\" \/>\n<link rel=\"canonical\" href=\"https:\/\/d2dhunting.com\/es\/product\/latitude-oval-carabiner\/\" \/>\n<meta property=\"og:locale\" content=\"es_ES\" \/>\n<meta property=\"og:type\" content=\"article\" \/>\n<meta property=\"og:title\" content=\"Latitude Oval Carabiner - D2D Hunting\" \/>\n<meta property=\"og:description\" content=\"Mosquet\u00f3n Ovalado Latitude El vers\u00e1til mosquet\u00f3n ovalado con rosca de seguridad de Latitude Outdoors combina una forma sim\u00e9trica probada con un dise\u00f1o moderno y libre de enganches. El cierre de seguridad a rosca reduce la posibilidad de fallos del sistema de apertura y el dise\u00f1o compacto permite que sea operado con una sola mano.\" \/>\n<meta property=\"og:url\" content=\"https:\/\/d2dhunting.com\/es\/product\/latitude-oval-carabiner\/\" \/>\n<meta property=\"og:site_name\" content=\"D2D Hunting\" \/>\n<meta property=\"article:modified_time\" content=\"2025-01-17T08:34:53+00:00\" \/>\n<meta property=\"og:image\" content=\"https:\/\/d2dhunting.com\/wp-content\/uploads\/2024\/04\/latitude-oval-carabiner-default-title-latitude-outdoors-30057549135946.jpeg\" \/>\n\t<meta property=\"og:image:width\" content=\"2251\" \/>\n\t<meta property=\"og:image:height\" content=\"2250\" \/>\n\t<meta property=\"og:image:type\" content=\"image\/jpeg\" \/>\n<meta name=\"twitter:card\" content=\"summary_large_image\" \/>\n<meta name=\"twitter:label1\" content=\"Tiempo de lectura\" \/>\n\t<meta name=\"twitter:data1\" content=\"1 minuto\" \/>\n<script type=\"application\/ld+json\" class=\"yoast-schema-graph\">{\"@context\":\"https:\/\/schema.org\",\"@graph\":[{\"@type\":[\"WebPage\",\"CollectionPage\"],\"@id\":\"https:\/\/d2dhunting.com\/es\/product\/latitude-oval-carabiner\/\",\"url\":\"https:\/\/d2dhunting.com\/es\/product\/latitude-oval-carabiner\/\",\"name\":\"Latitude Oval Carabiner - D2D Hunting\",\"isPartOf\":{\"@id\":\"https:\/\/d2dhunting.com\/#website\"},\"primaryImageOfPage\":{\"@id\":\"https:\/\/d2dhunting.com\/es\/product\/latitude-oval-carabiner\/#primaryimage\"},\"image\":{\"@id\":\"https:\/\/d2dhunting.com\/es\/product\/latitude-oval-carabiner\/#primaryimage\"},\"thumbnailUrl\":\"https:\/\/d2dhunting.com\/wp-content\/uploads\/2024\/04\/latitude-oval-carabiner-default-title-latitude-outdoors-30057549135946.jpeg\",\"datePublished\":\"2024-04-18T15:35:48+00:00\",\"dateModified\":\"2025-01-17T08:34:53+00:00\",\"breadcrumb\":{\"@id\":\"https:\/\/d2dhunting.com\/es\/product\/latitude-oval-carabiner\/#breadcrumb\"},\"inLanguage\":\"es\"},{\"@type\":\"ImageObject\",\"inLanguage\":\"es\",\"@id\":\"https:\/\/d2dhunting.com\/es\/product\/latitude-oval-carabiner\/#primaryimage\",\"url\":\"https:\/\/d2dhunting.com\/wp-content\/uploads\/2024\/04\/latitude-oval-carabiner-default-title-latitude-outdoors-30057549135946.jpeg\",\"contentUrl\":\"https:\/\/d2dhunting.com\/wp-content\/uploads\/2024\/04\/latitude-oval-carabiner-default-title-latitude-outdoors-30057549135946.jpeg\",\"width\":2251,\"height\":2250},{\"@type\":\"BreadcrumbList\",\"@id\":\"https:\/\/d2dhunting.com\/es\/product\/latitude-oval-carabiner\/#breadcrumb\",\"itemListElement\":[{\"@type\":\"ListItem\",\"position\":1,\"name\":\"Home\",\"item\":\"https:\/\/d2dhunting.com\/es\/\"},{\"@type\":\"ListItem\",\"position\":2,\"name\":\"Tienda ES\",\"item\":\"https:\/\/d2dhunting.com\/es\/tienda-2\/\"},{\"@type\":\"ListItem\",\"position\":3,\"name\":\"Latitude Oval Carabiner\"}]},{\"@type\":\"WebSite\",\"@id\":\"https:\/\/d2dhunting.com\/#website\",\"url\":\"https:\/\/d2dhunting.com\/\",\"name\":\"D2D Hunting\",\"description\":\"D2D was born with the idea of promoting still stalk hunting, through the distribution of quality equipment for the hunter.\",\"publisher\":{\"@id\":\"https:\/\/d2dhunting.com\/#organization\"},\"potentialAction\":[{\"@type\":\"SearchAction\",\"target\":{\"@type\":\"EntryPoint\",\"urlTemplate\":\"https:\/\/d2dhunting.com\/?s={search_term_string}\"},\"query-input\":{\"@type\":\"PropertyValueSpecification\",\"valueRequired\":true,\"valueName\":\"search_term_string\"}}],\"inLanguage\":\"es\"},{\"@type\":\"Organization\",\"@id\":\"https:\/\/d2dhunting.com\/#organization\",\"name\":\"D2D Hunting\",\"url\":\"https:\/\/d2dhunting.com\/\",\"logo\":{\"@type\":\"ImageObject\",\"inLanguage\":\"es\",\"@id\":\"https:\/\/d2dhunting.com\/#\/schema\/logo\/image\/\",\"url\":\"https:\/\/d2dhunting.com\/wp-content\/uploads\/2023\/12\/Logo_Completo.png\",\"contentUrl\":\"https:\/\/d2dhunting.com\/wp-content\/uploads\/2023\/12\/Logo_Completo.png\",\"width\":740,\"height\":308,\"caption\":\"D2D Hunting\"},\"image\":{\"@id\":\"https:\/\/d2dhunting.com\/#\/schema\/logo\/image\/\"}}]}<\/script>\n<!-- \/ Yoast SEO plugin. -->","yoast_head_json":{"title":"Latitude Oval Carabiner - D2D Hunting","robots":{"index":"index","follow":"follow","max-snippet":"max-snippet:-1","max-image-preview":"max-image-preview:large","max-video-preview":"max-video-preview:-1"},"canonical":"https:\/\/d2dhunting.com\/es\/product\/latitude-oval-carabiner\/","og_locale":"es_ES","og_type":"article","og_title":"Latitude Oval Carabiner - D2D Hunting","og_description":"Mosquet\u00f3n Ovalado Latitude El vers\u00e1til mosquet\u00f3n ovalado con rosca de seguridad de Latitude Outdoors combina una forma sim\u00e9trica probada con un dise\u00f1o moderno y libre de enganches. El cierre de seguridad a rosca reduce la posibilidad de fallos del sistema de apertura y el dise\u00f1o compacto permite que sea operado con una sola mano.","og_url":"https:\/\/d2dhunting.com\/es\/product\/latitude-oval-carabiner\/","og_site_name":"D2D Hunting","article_modified_time":"2025-01-17T08:34:53+00:00","og_image":[{"width":2251,"height":2250,"url":"https:\/\/d2dhunting.com\/wp-content\/uploads\/2024\/04\/latitude-oval-carabiner-default-title-latitude-outdoors-30057549135946.jpeg","type":"image\/jpeg"}],"twitter_card":"summary_large_image","twitter_misc":{"Tiempo de lectura":"1 minuto"},"schema":{"@context":"https:\/\/schema.org","@graph":[{"@type":["WebPage","CollectionPage"],"@id":"https:\/\/d2dhunting.com\/es\/product\/latitude-oval-carabiner\/","url":"https:\/\/d2dhunting.com\/es\/product\/latitude-oval-carabiner\/","name":"Latitude Oval Carabiner - D2D Hunting","isPartOf":{"@id":"https:\/\/d2dhunting.com\/#website"},"primaryImageOfPage":{"@id":"https:\/\/d2dhunting.com\/es\/product\/latitude-oval-carabiner\/#primaryimage"},"image":{"@id":"https:\/\/d2dhunting.com\/es\/product\/latitude-oval-carabiner\/#primaryimage"},"thumbnailUrl":"https:\/\/d2dhunting.com\/wp-content\/uploads\/2024\/04\/latitude-oval-carabiner-default-title-latitude-outdoors-30057549135946.jpeg","datePublished":"2024-04-18T15:35:48+00:00","dateModified":"2025-01-17T08:34:53+00:00","breadcrumb":{"@id":"https:\/\/d2dhunting.com\/es\/product\/latitude-oval-carabiner\/#breadcrumb"},"inLanguage":"es"},{"@type":"ImageObject","inLanguage":"es","@id":"https:\/\/d2dhunting.com\/es\/product\/latitude-oval-carabiner\/#primaryimage","url":"https:\/\/d2dhunting.com\/wp-content\/uploads\/2024\/04\/latitude-oval-carabiner-default-title-latitude-outdoors-30057549135946.jpeg","contentUrl":"https:\/\/d2dhunting.com\/wp-content\/uploads\/2024\/04\/latitude-oval-carabiner-default-title-latitude-outdoors-30057549135946.jpeg","width":2251,"height":2250},{"@type":"BreadcrumbList","@id":"https:\/\/d2dhunting.com\/es\/product\/latitude-oval-carabiner\/#breadcrumb","itemListElement":[{"@type":"ListItem","position":1,"name":"Home","item":"https:\/\/d2dhunting.com\/es\/"},{"@type":"ListItem","position":2,"name":"Tienda ES","item":"https:\/\/d2dhunting.com\/es\/tienda-2\/"},{"@type":"ListItem","position":3,"name":"Latitude Oval Carabiner"}]},{"@type":"WebSite","@id":"https:\/\/d2dhunting.com\/#website","url":"https:\/\/d2dhunting.com\/","name":"D2D Hunting","description":"D2D was born with the idea of promoting still stalk hunting, through the distribution of quality equipment for the hunter.","publisher":{"@id":"https:\/\/d2dhunting.com\/#organization"},"potentialAction":[{"@type":"SearchAction","target":{"@type":"EntryPoint","urlTemplate":"https:\/\/d2dhunting.com\/?s={search_term_string}"},"query-input":{"@type":"PropertyValueSpecification","valueRequired":true,"valueName":"search_term_string"}}],"inLanguage":"es"},{"@type":"Organization","@id":"https:\/\/d2dhunting.com\/#organization","name":"D2D Hunting","url":"https:\/\/d2dhunting.com\/","logo":{"@type":"ImageObject","inLanguage":"es","@id":"https:\/\/d2dhunting.com\/#\/schema\/logo\/image\/","url":"https:\/\/d2dhunting.com\/wp-content\/uploads\/2023\/12\/Logo_Completo.png","contentUrl":"https:\/\/d2dhunting.com\/wp-content\/uploads\/2023\/12\/Logo_Completo.png","width":740,"height":308,"caption":"D2D Hunting"},"image":{"@id":"https:\/\/d2dhunting.com\/#\/schema\/logo\/image\/"}}]}},"brands":[{"id":837,"name":"LATITUDE","slug":"latitude"}],"_links":{"self":[{"href":"https:\/\/d2dhunting.com\/es\/wp-json\/wp\/v2\/product\/12348","targetHints":{"allow":["GET"]}}],"collection":[{"href":"https:\/\/d2dhunting.com\/es\/wp-json\/wp\/v2\/product"}],"about":[{"href":"https:\/\/d2dhunting.com\/es\/wp-json\/wp\/v2\/types\/product"}],"wp:featuredmedia":[{"embeddable":true,"href":"https:\/\/d2dhunting.com\/es\/wp-json\/wp\/v2\/media\/12347"}],"wp:attachment":[{"href":"https:\/\/d2dhunting.com\/es\/wp-json\/wp\/v2\/media?parent=12348"}],"wp:term":[{"taxonomy":"pwb-brand","embeddable":true,"href":"https:\/\/d2dhunting.com\/es\/wp-json\/wp\/v2\/pwb-brand?post=12348"},{"taxonomy":"product_brand","embeddable":true,"href":"https:\/\/d2dhunting.com\/es\/wp-json\/wp\/v2\/product_brand?post=12348"},{"taxonomy":"product_cat","embeddable":true,"href":"https:\/\/d2dhunting.com\/es\/wp-json\/wp\/v2\/product_cat?post=12348"},{"taxonomy":"product_tag","embeddable":true,"href":"https:\/\/d2dhunting.com\/es\/wp-json\/wp\/v2\/product_tag?post=12348"},{"taxonomy":"giftcard-category","embeddable":true,"href":"https:\/\/d2dhunting.com\/es\/wp-json\/wp\/v2\/giftcard-category?post=12348"}],"curies":[{"name":"wp","href":"https:\/\/api.w.org\/{rel}","templated":true}]}}