{"id":12368,"date":"2024-04-18T17:34:41","date_gmt":"2024-04-18T17:34:41","guid":{"rendered":"https:\/\/d2dhunting.com\/product\/classic-dump-pouch\/"},"modified":"2025-01-17T08:21:16","modified_gmt":"2025-01-17T08:21:16","slug":"classic-dump-pouch","status":"publish","type":"product","link":"https:\/\/d2dhunting.com\/es\/product\/classic-dump-pouch\/","title":{"rendered":"Classic Dump Pouch"},"content":{"rendered":"<p><span data-sheets-root=\"1\" data-sheets-value=\"{&quot;1&quot;:2,&quot;2&quot;:&quot;CLASSIC DUMP POUCH\\nBolsa de Accesorios\\n\\nSimplifica el acceso a tu equipo. Nuestras bolsas son ligeras, f\u00e1ciles de transportar y se acoplan sin problemas a nuestros saddles. Con aberturas extra anchas, ya no hay problemas para acceder a las cuerdas o a cualquier otro equipo.\\n\\nM\u00e1s peque\u00f1a que la bolsa de Method, la bolsa Classic es perfecta para una configuraci\u00f3n liviana cuando solo se necesita llevar encima lo esencial. \u00a1Dimensionada para alojar dos cuerdas de 8 mm!\\n&quot;}\" data-sheets-userformat=\"{&quot;2&quot;:14847,&quot;3&quot;:{&quot;1&quot;:1},&quot;4&quot;:{&quot;1&quot;:2,&quot;2&quot;:15724527},&quot;5&quot;:{&quot;1&quot;:[{&quot;1&quot;:2,&quot;2&quot;:0,&quot;5&quot;:{&quot;1&quot;:2,&quot;2&quot;:16731934}},{&quot;1&quot;:0,&quot;2&quot;:0,&quot;3&quot;:3},{&quot;1&quot;:1,&quot;2&quot;:0,&quot;4&quot;:1}]},&quot;6&quot;:{&quot;1&quot;:[{&quot;1&quot;:2,&quot;2&quot;:0,&quot;5&quot;:{&quot;1&quot;:2,&quot;2&quot;:16731934}},{&quot;1&quot;:0,&quot;2&quot;:0,&quot;3&quot;:3},{&quot;1&quot;:1,&quot;2&quot;:0,&quot;4&quot;:1}]},&quot;7&quot;:{&quot;1&quot;:[{&quot;1&quot;:2,&quot;2&quot;:0,&quot;5&quot;:{&quot;1&quot;:2,&quot;2&quot;:16731934}},{&quot;1&quot;:0,&quot;2&quot;:0,&quot;3&quot;:3},{&quot;1&quot;:1,&quot;2&quot;:0,&quot;4&quot;:1}]},&quot;8&quot;:{&quot;1&quot;:[{&quot;1&quot;:2,&quot;2&quot;:0,&quot;5&quot;:{&quot;1&quot;:2,&quot;2&quot;:16731934}},{&quot;1&quot;:0,&quot;2&quot;:0,&quot;3&quot;:3},{&quot;1&quot;:1,&quot;2&quot;:0,&quot;4&quot;:1}]},&quot;9&quot;:0,&quot;10&quot;:1,&quot;11&quot;:4,&quot;14&quot;:{&quot;1&quot;:2,&quot;2&quot;:0},&quot;15&quot;:&quot;Calibri&quot;,&quot;16&quot;:11}\">CLASSIC DUMP POUCH<br \/>\nBolsa de Accesorios<\/span><\/p>\n<p>Simplifica el acceso a tu equipo. Nuestras bolsas son ligeras, f\u00e1ciles de transportar y se acoplan sin problemas a nuestros saddles. Con aberturas extra anchas, ya no hay problemas para acceder a las cuerdas o a cualquier otro equipo.<\/p>\n<p>M\u00e1s peque\u00f1a que la bolsa de Method, la bolsa Classic es perfecta para una configuraci\u00f3n liviana cuando solo se necesita llevar encima lo esencial. \u00a1Dimensionada para alojar dos cuerdas de 8 mm!<\/p>\n","protected":false},"excerpt":{"rendered":"<p>CLASSIC DUMP POUCH Bolsa de Accesorios Simplifica el acceso a tu equipo. Nuestras bolsas son ligeras, f\u00e1ciles de transportar y se acoplan sin problemas a nuestros saddles. Con aberturas extra anchas, ya no hay problemas para acceder a las cuerdas o a cualquier otro equipo. M\u00e1s peque\u00f1a que la bolsa de Method, la bolsa Classic [&hellip;]<\/p>\n","protected":false},"featured_media":12363,"template":"","meta":{"_acf_changed":false},"pwb-brand":[],"product_brand":[],"product_cat":[228,1001],"product_tag":[],"giftcard-category":[],"class_list":{"0":"post-12368","1":"product","2":"type-product","3":"status-publish","4":"has-post-thumbnail","6":"product_cat-saddle-accessories-es","7":"product_cat-saddle","9":"first","10":"instock","11":"taxable","12":"shipping-taxable","13":"purchasable","14":"product-type-simple"},"acf":[],"yoast_head":"<!-- This site is optimized with the Yoast SEO plugin v27.2 - https:\/\/yoast.com\/product\/yoast-seo-wordpress\/ -->\n<title>Classic Dump Pouch - D2D Hunting<\/title>\n<meta name=\"robots\" content=\"index, follow, max-snippet:-1, max-image-preview:large, max-video-preview:-1\" \/>\n<link rel=\"canonical\" href=\"https:\/\/d2dhunting.com\/es\/product\/classic-dump-pouch\/\" \/>\n<meta property=\"og:locale\" content=\"es_ES\" \/>\n<meta property=\"og:type\" content=\"article\" \/>\n<meta property=\"og:title\" content=\"Classic Dump Pouch - D2D Hunting\" \/>\n<meta property=\"og:description\" content=\"CLASSIC DUMP POUCH Bolsa de Accesorios Simplifica el acceso a tu equipo. Nuestras bolsas son ligeras, f\u00e1ciles de transportar y se acoplan sin problemas a nuestros saddles. Con aberturas extra anchas, ya no hay problemas para acceder a las cuerdas o a cualquier otro equipo. M\u00e1s peque\u00f1a que la bolsa de Method, la bolsa Classic [&hellip;]\" \/>\n<meta property=\"og:url\" content=\"https:\/\/d2dhunting.com\/es\/product\/classic-dump-pouch\/\" \/>\n<meta property=\"og:site_name\" content=\"D2D Hunting\" \/>\n<meta property=\"article:modified_time\" content=\"2025-01-17T08:21:16+00:00\" \/>\n<meta property=\"og:image\" content=\"https:\/\/d2dhunting.com\/wp-content\/uploads\/2024\/04\/classic-dump-pouch-default-title-latitude-outdoors-30057546580042-Large.jpeg\" \/>\n\t<meta property=\"og:image:width\" content=\"1280\" \/>\n\t<meta property=\"og:image:height\" content=\"1024\" \/>\n\t<meta property=\"og:image:type\" content=\"image\/jpeg\" \/>\n<meta name=\"twitter:card\" content=\"summary_large_image\" \/>\n<meta name=\"twitter:label1\" content=\"Tiempo de lectura\" \/>\n\t<meta name=\"twitter:data1\" content=\"1 minuto\" \/>\n<script type=\"application\/ld+json\" class=\"yoast-schema-graph\">{\"@context\":\"https:\/\/schema.org\",\"@graph\":[{\"@type\":[\"WebPage\",\"CollectionPage\"],\"@id\":\"https:\/\/d2dhunting.com\/es\/product\/classic-dump-pouch\/\",\"url\":\"https:\/\/d2dhunting.com\/es\/product\/classic-dump-pouch\/\",\"name\":\"Classic Dump Pouch - D2D Hunting\",\"isPartOf\":{\"@id\":\"https:\/\/d2dhunting.com\/#website\"},\"primaryImageOfPage\":{\"@id\":\"https:\/\/d2dhunting.com\/es\/product\/classic-dump-pouch\/#primaryimage\"},\"image\":{\"@id\":\"https:\/\/d2dhunting.com\/es\/product\/classic-dump-pouch\/#primaryimage\"},\"thumbnailUrl\":\"https:\/\/d2dhunting.com\/wp-content\/uploads\/2024\/04\/classic-dump-pouch-default-title-latitude-outdoors-30057546580042-Large.jpeg\",\"datePublished\":\"2024-04-18T17:34:41+00:00\",\"dateModified\":\"2025-01-17T08:21:16+00:00\",\"breadcrumb\":{\"@id\":\"https:\/\/d2dhunting.com\/es\/product\/classic-dump-pouch\/#breadcrumb\"},\"inLanguage\":\"es\"},{\"@type\":\"ImageObject\",\"inLanguage\":\"es\",\"@id\":\"https:\/\/d2dhunting.com\/es\/product\/classic-dump-pouch\/#primaryimage\",\"url\":\"https:\/\/d2dhunting.com\/wp-content\/uploads\/2024\/04\/classic-dump-pouch-default-title-latitude-outdoors-30057546580042-Large.jpeg\",\"contentUrl\":\"https:\/\/d2dhunting.com\/wp-content\/uploads\/2024\/04\/classic-dump-pouch-default-title-latitude-outdoors-30057546580042-Large.jpeg\",\"width\":1280,\"height\":1024},{\"@type\":\"BreadcrumbList\",\"@id\":\"https:\/\/d2dhunting.com\/es\/product\/classic-dump-pouch\/#breadcrumb\",\"itemListElement\":[{\"@type\":\"ListItem\",\"position\":1,\"name\":\"Home\",\"item\":\"https:\/\/d2dhunting.com\/es\/\"},{\"@type\":\"ListItem\",\"position\":2,\"name\":\"Tienda ES\",\"item\":\"https:\/\/d2dhunting.com\/es\/tienda-2\/\"},{\"@type\":\"ListItem\",\"position\":3,\"name\":\"Classic Dump Pouch\"}]},{\"@type\":\"WebSite\",\"@id\":\"https:\/\/d2dhunting.com\/#website\",\"url\":\"https:\/\/d2dhunting.com\/\",\"name\":\"D2D Hunting\",\"description\":\"D2D was born with the idea of promoting still stalk hunting, through the distribution of quality equipment for the hunter.\",\"publisher\":{\"@id\":\"https:\/\/d2dhunting.com\/#organization\"},\"potentialAction\":[{\"@type\":\"SearchAction\",\"target\":{\"@type\":\"EntryPoint\",\"urlTemplate\":\"https:\/\/d2dhunting.com\/?s={search_term_string}\"},\"query-input\":{\"@type\":\"PropertyValueSpecification\",\"valueRequired\":true,\"valueName\":\"search_term_string\"}}],\"inLanguage\":\"es\"},{\"@type\":\"Organization\",\"@id\":\"https:\/\/d2dhunting.com\/#organization\",\"name\":\"D2D Hunting\",\"url\":\"https:\/\/d2dhunting.com\/\",\"logo\":{\"@type\":\"ImageObject\",\"inLanguage\":\"es\",\"@id\":\"https:\/\/d2dhunting.com\/#\/schema\/logo\/image\/\",\"url\":\"https:\/\/d2dhunting.com\/wp-content\/uploads\/2023\/12\/Logo_Completo.png\",\"contentUrl\":\"https:\/\/d2dhunting.com\/wp-content\/uploads\/2023\/12\/Logo_Completo.png\",\"width\":740,\"height\":308,\"caption\":\"D2D Hunting\"},\"image\":{\"@id\":\"https:\/\/d2dhunting.com\/#\/schema\/logo\/image\/\"}}]}<\/script>\n<!-- \/ Yoast SEO plugin. -->","yoast_head_json":{"title":"Classic Dump Pouch - D2D Hunting","robots":{"index":"index","follow":"follow","max-snippet":"max-snippet:-1","max-image-preview":"max-image-preview:large","max-video-preview":"max-video-preview:-1"},"canonical":"https:\/\/d2dhunting.com\/es\/product\/classic-dump-pouch\/","og_locale":"es_ES","og_type":"article","og_title":"Classic Dump Pouch - D2D Hunting","og_description":"CLASSIC DUMP POUCH Bolsa de Accesorios Simplifica el acceso a tu equipo. Nuestras bolsas son ligeras, f\u00e1ciles de transportar y se acoplan sin problemas a nuestros saddles. Con aberturas extra anchas, ya no hay problemas para acceder a las cuerdas o a cualquier otro equipo. M\u00e1s peque\u00f1a que la bolsa de Method, la bolsa Classic [&hellip;]","og_url":"https:\/\/d2dhunting.com\/es\/product\/classic-dump-pouch\/","og_site_name":"D2D Hunting","article_modified_time":"2025-01-17T08:21:16+00:00","og_image":[{"width":1280,"height":1024,"url":"https:\/\/d2dhunting.com\/wp-content\/uploads\/2024\/04\/classic-dump-pouch-default-title-latitude-outdoors-30057546580042-Large.jpeg","type":"image\/jpeg"}],"twitter_card":"summary_large_image","twitter_misc":{"Tiempo de lectura":"1 minuto"},"schema":{"@context":"https:\/\/schema.org","@graph":[{"@type":["WebPage","CollectionPage"],"@id":"https:\/\/d2dhunting.com\/es\/product\/classic-dump-pouch\/","url":"https:\/\/d2dhunting.com\/es\/product\/classic-dump-pouch\/","name":"Classic Dump Pouch - D2D Hunting","isPartOf":{"@id":"https:\/\/d2dhunting.com\/#website"},"primaryImageOfPage":{"@id":"https:\/\/d2dhunting.com\/es\/product\/classic-dump-pouch\/#primaryimage"},"image":{"@id":"https:\/\/d2dhunting.com\/es\/product\/classic-dump-pouch\/#primaryimage"},"thumbnailUrl":"https:\/\/d2dhunting.com\/wp-content\/uploads\/2024\/04\/classic-dump-pouch-default-title-latitude-outdoors-30057546580042-Large.jpeg","datePublished":"2024-04-18T17:34:41+00:00","dateModified":"2025-01-17T08:21:16+00:00","breadcrumb":{"@id":"https:\/\/d2dhunting.com\/es\/product\/classic-dump-pouch\/#breadcrumb"},"inLanguage":"es"},{"@type":"ImageObject","inLanguage":"es","@id":"https:\/\/d2dhunting.com\/es\/product\/classic-dump-pouch\/#primaryimage","url":"https:\/\/d2dhunting.com\/wp-content\/uploads\/2024\/04\/classic-dump-pouch-default-title-latitude-outdoors-30057546580042-Large.jpeg","contentUrl":"https:\/\/d2dhunting.com\/wp-content\/uploads\/2024\/04\/classic-dump-pouch-default-title-latitude-outdoors-30057546580042-Large.jpeg","width":1280,"height":1024},{"@type":"BreadcrumbList","@id":"https:\/\/d2dhunting.com\/es\/product\/classic-dump-pouch\/#breadcrumb","itemListElement":[{"@type":"ListItem","position":1,"name":"Home","item":"https:\/\/d2dhunting.com\/es\/"},{"@type":"ListItem","position":2,"name":"Tienda ES","item":"https:\/\/d2dhunting.com\/es\/tienda-2\/"},{"@type":"ListItem","position":3,"name":"Classic Dump Pouch"}]},{"@type":"WebSite","@id":"https:\/\/d2dhunting.com\/#website","url":"https:\/\/d2dhunting.com\/","name":"D2D Hunting","description":"D2D was born with the idea of promoting still stalk hunting, through the distribution of quality equipment for the hunter.","publisher":{"@id":"https:\/\/d2dhunting.com\/#organization"},"potentialAction":[{"@type":"SearchAction","target":{"@type":"EntryPoint","urlTemplate":"https:\/\/d2dhunting.com\/?s={search_term_string}"},"query-input":{"@type":"PropertyValueSpecification","valueRequired":true,"valueName":"search_term_string"}}],"inLanguage":"es"},{"@type":"Organization","@id":"https:\/\/d2dhunting.com\/#organization","name":"D2D Hunting","url":"https:\/\/d2dhunting.com\/","logo":{"@type":"ImageObject","inLanguage":"es","@id":"https:\/\/d2dhunting.com\/#\/schema\/logo\/image\/","url":"https:\/\/d2dhunting.com\/wp-content\/uploads\/2023\/12\/Logo_Completo.png","contentUrl":"https:\/\/d2dhunting.com\/wp-content\/uploads\/2023\/12\/Logo_Completo.png","width":740,"height":308,"caption":"D2D Hunting"},"image":{"@id":"https:\/\/d2dhunting.com\/#\/schema\/logo\/image\/"}}]}},"brands":[],"_links":{"self":[{"href":"https:\/\/d2dhunting.com\/es\/wp-json\/wp\/v2\/product\/12368","targetHints":{"allow":["GET"]}}],"collection":[{"href":"https:\/\/d2dhunting.com\/es\/wp-json\/wp\/v2\/product"}],"about":[{"href":"https:\/\/d2dhunting.com\/es\/wp-json\/wp\/v2\/types\/product"}],"wp:featuredmedia":[{"embeddable":true,"href":"https:\/\/d2dhunting.com\/es\/wp-json\/wp\/v2\/media\/12363"}],"wp:attachment":[{"href":"https:\/\/d2dhunting.com\/es\/wp-json\/wp\/v2\/media?parent=12368"}],"wp:term":[{"taxonomy":"pwb-brand","embeddable":true,"href":"https:\/\/d2dhunting.com\/es\/wp-json\/wp\/v2\/pwb-brand?post=12368"},{"taxonomy":"product_brand","embeddable":true,"href":"https:\/\/d2dhunting.com\/es\/wp-json\/wp\/v2\/product_brand?post=12368"},{"taxonomy":"product_cat","embeddable":true,"href":"https:\/\/d2dhunting.com\/es\/wp-json\/wp\/v2\/product_cat?post=12368"},{"taxonomy":"product_tag","embeddable":true,"href":"https:\/\/d2dhunting.com\/es\/wp-json\/wp\/v2\/product_tag?post=12368"},{"taxonomy":"giftcard-category","embeddable":true,"href":"https:\/\/d2dhunting.com\/es\/wp-json\/wp\/v2\/giftcard-category?post=12368"}],"curies":[{"name":"wp","href":"https:\/\/api.w.org\/{rel}","templated":true}]}}