{"id":12387,"date":"2024-04-18T17:58:37","date_gmt":"2024-04-18T17:58:37","guid":{"rendered":"https:\/\/d2dhunting.com\/product\/back-band\/"},"modified":"2025-03-12T10:05:30","modified_gmt":"2025-03-12T10:05:30","slug":"back-band","status":"publish","type":"product","link":"https:\/\/d2dhunting.com\/es\/product\/back-band\/","title":{"rendered":"Back Band"},"content":{"rendered":"<p>BACK BAND<br \/>\nBanda de Sujeci\u00f3n Lumbar<\/p>\n<p>Maximizar la comodidad en el \u00e1rbol se traduce en menos menos movimientos, una menor probabilidad de ser detectado y capitalizar la oportunidad que ha estado esperando cuando finalmente se presente.<\/p>\n<p>Con solo 3 onzas (85 gr) y m\u00e1s peque\u00f1o que un tel\u00e9fono celular, agregar la Back Band a su sistema no tiene ninguna contraindicaci\u00f3n ni por peso ni por tama\u00f1o.<\/p>\n<p>La banda lumbar est\u00e1 contorneada para adaptarse a la forma natural del cuerpo, se engancha en el mosquet\u00f3n en un instante y se ajusta f\u00e1cilmente para encontrar el soporte adicional que necesita donde lo necesita. Compatible con todos los saddles, este es un art\u00edculo imprescindible si usa un saddle de un solo panel y muy pr\u00e1ctico si desea realizar largas esperas con uno de dos paneles.<\/p>\n","protected":false},"excerpt":{"rendered":"<p>BACK BAND Banda de Sujeci\u00f3n Lumbar Maximizar la comodidad en el \u00e1rbol se traduce en menos menos movimientos, una menor probabilidad de ser detectado y capitalizar la oportunidad que ha estado esperando cuando finalmente se presente. Con solo 3 onzas (85 gr) y m\u00e1s peque\u00f1o que un tel\u00e9fono celular, agregar la Back Band a su [&hellip;]<\/p>\n","protected":false},"featured_media":12382,"template":"","meta":{"_acf_changed":false},"pwb-brand":[837],"product_brand":[],"product_cat":[228,1001],"product_tag":[],"giftcard-category":[],"class_list":{"0":"post-12387","1":"product","2":"type-product","3":"status-publish","4":"has-post-thumbnail","6":"pwb-brand-latitude","7":"product_cat-saddle-accessories-es","8":"product_cat-saddle","10":"first","11":"instock","12":"taxable","13":"shipping-taxable","14":"purchasable","15":"product-type-variable"},"acf":[],"yoast_head":"<!-- This site is optimized with the Yoast SEO plugin v27.2 - https:\/\/yoast.com\/product\/yoast-seo-wordpress\/ -->\n<title>Back Band - D2D Hunting<\/title>\n<meta name=\"description\" content=\"Banda de Sujeci\u00f3n Lumbar. Maximiza la comodidad en el \u00e1rbol se traduce en menos menos movimientos, una menor probabilidad de ser detectado...\" \/>\n<meta name=\"robots\" content=\"index, follow, max-snippet:-1, max-image-preview:large, max-video-preview:-1\" \/>\n<link rel=\"canonical\" href=\"https:\/\/d2dhunting.com\/es\/product\/back-band\/\" \/>\n<meta property=\"og:locale\" content=\"es_ES\" \/>\n<meta property=\"og:type\" content=\"article\" \/>\n<meta property=\"og:title\" content=\"Back Band - D2D Hunting\" \/>\n<meta property=\"og:description\" content=\"Banda de Sujeci\u00f3n Lumbar. Maximiza la comodidad en el \u00e1rbol se traduce en menos menos movimientos, una menor probabilidad de ser detectado...\" \/>\n<meta property=\"og:url\" content=\"https:\/\/d2dhunting.com\/es\/product\/back-band\/\" \/>\n<meta property=\"og:site_name\" content=\"D2D Hunting\" \/>\n<meta property=\"article:modified_time\" content=\"2025-03-12T10:05:30+00:00\" \/>\n<meta property=\"og:image\" content=\"https:\/\/d2dhunting.com\/wp-content\/uploads\/2024\/04\/back-band-reg-latitude-outdoors-30057545662538.png\" \/>\n\t<meta property=\"og:image:width\" content=\"2247\" \/>\n\t<meta property=\"og:image:height\" content=\"2243\" \/>\n\t<meta property=\"og:image:type\" content=\"image\/png\" \/>\n<meta name=\"twitter:card\" content=\"summary_large_image\" \/>\n<meta name=\"twitter:label1\" content=\"Tiempo de lectura\" \/>\n\t<meta name=\"twitter:data1\" content=\"1 minuto\" \/>\n<script type=\"application\/ld+json\" class=\"yoast-schema-graph\">{\"@context\":\"https:\/\/schema.org\",\"@graph\":[{\"@type\":[\"WebPage\",\"CollectionPage\"],\"@id\":\"https:\/\/d2dhunting.com\/es\/product\/back-band\/\",\"url\":\"https:\/\/d2dhunting.com\/es\/product\/back-band\/\",\"name\":\"Back Band - D2D Hunting\",\"isPartOf\":{\"@id\":\"https:\/\/d2dhunting.com\/#website\"},\"primaryImageOfPage\":{\"@id\":\"https:\/\/d2dhunting.com\/es\/product\/back-band\/#primaryimage\"},\"image\":{\"@id\":\"https:\/\/d2dhunting.com\/es\/product\/back-band\/#primaryimage\"},\"thumbnailUrl\":\"https:\/\/d2dhunting.com\/wp-content\/uploads\/2024\/04\/back-band-reg-latitude-outdoors-30057545662538.png\",\"datePublished\":\"2024-04-18T17:58:37+00:00\",\"dateModified\":\"2025-03-12T10:05:30+00:00\",\"description\":\"Banda de Sujeci\u00f3n Lumbar. Maximiza la comodidad en el \u00e1rbol se traduce en menos menos movimientos, una menor probabilidad de ser detectado...\",\"breadcrumb\":{\"@id\":\"https:\/\/d2dhunting.com\/es\/product\/back-band\/#breadcrumb\"},\"inLanguage\":\"es\"},{\"@type\":\"ImageObject\",\"inLanguage\":\"es\",\"@id\":\"https:\/\/d2dhunting.com\/es\/product\/back-band\/#primaryimage\",\"url\":\"https:\/\/d2dhunting.com\/wp-content\/uploads\/2024\/04\/back-band-reg-latitude-outdoors-30057545662538.png\",\"contentUrl\":\"https:\/\/d2dhunting.com\/wp-content\/uploads\/2024\/04\/back-band-reg-latitude-outdoors-30057545662538.png\",\"width\":2247,\"height\":2243},{\"@type\":\"BreadcrumbList\",\"@id\":\"https:\/\/d2dhunting.com\/es\/product\/back-band\/#breadcrumb\",\"itemListElement\":[{\"@type\":\"ListItem\",\"position\":1,\"name\":\"Home\",\"item\":\"https:\/\/d2dhunting.com\/es\/\"},{\"@type\":\"ListItem\",\"position\":2,\"name\":\"Tienda ES\",\"item\":\"https:\/\/d2dhunting.com\/es\/tienda-2\/\"},{\"@type\":\"ListItem\",\"position\":3,\"name\":\"Back Band\"}]},{\"@type\":\"WebSite\",\"@id\":\"https:\/\/d2dhunting.com\/#website\",\"url\":\"https:\/\/d2dhunting.com\/\",\"name\":\"D2D Hunting\",\"description\":\"D2D was born with the idea of promoting still stalk hunting, through the distribution of quality equipment for the hunter.\",\"publisher\":{\"@id\":\"https:\/\/d2dhunting.com\/#organization\"},\"potentialAction\":[{\"@type\":\"SearchAction\",\"target\":{\"@type\":\"EntryPoint\",\"urlTemplate\":\"https:\/\/d2dhunting.com\/?s={search_term_string}\"},\"query-input\":{\"@type\":\"PropertyValueSpecification\",\"valueRequired\":true,\"valueName\":\"search_term_string\"}}],\"inLanguage\":\"es\"},{\"@type\":\"Organization\",\"@id\":\"https:\/\/d2dhunting.com\/#organization\",\"name\":\"D2D Hunting\",\"url\":\"https:\/\/d2dhunting.com\/\",\"logo\":{\"@type\":\"ImageObject\",\"inLanguage\":\"es\",\"@id\":\"https:\/\/d2dhunting.com\/#\/schema\/logo\/image\/\",\"url\":\"https:\/\/d2dhunting.com\/wp-content\/uploads\/2023\/12\/Logo_Completo.png\",\"contentUrl\":\"https:\/\/d2dhunting.com\/wp-content\/uploads\/2023\/12\/Logo_Completo.png\",\"width\":740,\"height\":308,\"caption\":\"D2D Hunting\"},\"image\":{\"@id\":\"https:\/\/d2dhunting.com\/#\/schema\/logo\/image\/\"}}]}<\/script>\n<!-- \/ Yoast SEO plugin. -->","yoast_head_json":{"title":"Back Band - D2D Hunting","description":"Banda de Sujeci\u00f3n Lumbar. Maximiza la comodidad en el \u00e1rbol se traduce en menos menos movimientos, una menor probabilidad de ser detectado...","robots":{"index":"index","follow":"follow","max-snippet":"max-snippet:-1","max-image-preview":"max-image-preview:large","max-video-preview":"max-video-preview:-1"},"canonical":"https:\/\/d2dhunting.com\/es\/product\/back-band\/","og_locale":"es_ES","og_type":"article","og_title":"Back Band - D2D Hunting","og_description":"Banda de Sujeci\u00f3n Lumbar. Maximiza la comodidad en el \u00e1rbol se traduce en menos menos movimientos, una menor probabilidad de ser detectado...","og_url":"https:\/\/d2dhunting.com\/es\/product\/back-band\/","og_site_name":"D2D Hunting","article_modified_time":"2025-03-12T10:05:30+00:00","og_image":[{"width":2247,"height":2243,"url":"https:\/\/d2dhunting.com\/wp-content\/uploads\/2024\/04\/back-band-reg-latitude-outdoors-30057545662538.png","type":"image\/png"}],"twitter_card":"summary_large_image","twitter_misc":{"Tiempo de lectura":"1 minuto"},"schema":{"@context":"https:\/\/schema.org","@graph":[{"@type":["WebPage","CollectionPage"],"@id":"https:\/\/d2dhunting.com\/es\/product\/back-band\/","url":"https:\/\/d2dhunting.com\/es\/product\/back-band\/","name":"Back Band - D2D Hunting","isPartOf":{"@id":"https:\/\/d2dhunting.com\/#website"},"primaryImageOfPage":{"@id":"https:\/\/d2dhunting.com\/es\/product\/back-band\/#primaryimage"},"image":{"@id":"https:\/\/d2dhunting.com\/es\/product\/back-band\/#primaryimage"},"thumbnailUrl":"https:\/\/d2dhunting.com\/wp-content\/uploads\/2024\/04\/back-band-reg-latitude-outdoors-30057545662538.png","datePublished":"2024-04-18T17:58:37+00:00","dateModified":"2025-03-12T10:05:30+00:00","description":"Banda de Sujeci\u00f3n Lumbar. Maximiza la comodidad en el \u00e1rbol se traduce en menos menos movimientos, una menor probabilidad de ser detectado...","breadcrumb":{"@id":"https:\/\/d2dhunting.com\/es\/product\/back-band\/#breadcrumb"},"inLanguage":"es"},{"@type":"ImageObject","inLanguage":"es","@id":"https:\/\/d2dhunting.com\/es\/product\/back-band\/#primaryimage","url":"https:\/\/d2dhunting.com\/wp-content\/uploads\/2024\/04\/back-band-reg-latitude-outdoors-30057545662538.png","contentUrl":"https:\/\/d2dhunting.com\/wp-content\/uploads\/2024\/04\/back-band-reg-latitude-outdoors-30057545662538.png","width":2247,"height":2243},{"@type":"BreadcrumbList","@id":"https:\/\/d2dhunting.com\/es\/product\/back-band\/#breadcrumb","itemListElement":[{"@type":"ListItem","position":1,"name":"Home","item":"https:\/\/d2dhunting.com\/es\/"},{"@type":"ListItem","position":2,"name":"Tienda ES","item":"https:\/\/d2dhunting.com\/es\/tienda-2\/"},{"@type":"ListItem","position":3,"name":"Back Band"}]},{"@type":"WebSite","@id":"https:\/\/d2dhunting.com\/#website","url":"https:\/\/d2dhunting.com\/","name":"D2D Hunting","description":"D2D was born with the idea of promoting still stalk hunting, through the distribution of quality equipment for the hunter.","publisher":{"@id":"https:\/\/d2dhunting.com\/#organization"},"potentialAction":[{"@type":"SearchAction","target":{"@type":"EntryPoint","urlTemplate":"https:\/\/d2dhunting.com\/?s={search_term_string}"},"query-input":{"@type":"PropertyValueSpecification","valueRequired":true,"valueName":"search_term_string"}}],"inLanguage":"es"},{"@type":"Organization","@id":"https:\/\/d2dhunting.com\/#organization","name":"D2D Hunting","url":"https:\/\/d2dhunting.com\/","logo":{"@type":"ImageObject","inLanguage":"es","@id":"https:\/\/d2dhunting.com\/#\/schema\/logo\/image\/","url":"https:\/\/d2dhunting.com\/wp-content\/uploads\/2023\/12\/Logo_Completo.png","contentUrl":"https:\/\/d2dhunting.com\/wp-content\/uploads\/2023\/12\/Logo_Completo.png","width":740,"height":308,"caption":"D2D Hunting"},"image":{"@id":"https:\/\/d2dhunting.com\/#\/schema\/logo\/image\/"}}]}},"brands":[{"id":837,"name":"LATITUDE","slug":"latitude"}],"_links":{"self":[{"href":"https:\/\/d2dhunting.com\/es\/wp-json\/wp\/v2\/product\/12387","targetHints":{"allow":["GET"]}}],"collection":[{"href":"https:\/\/d2dhunting.com\/es\/wp-json\/wp\/v2\/product"}],"about":[{"href":"https:\/\/d2dhunting.com\/es\/wp-json\/wp\/v2\/types\/product"}],"wp:featuredmedia":[{"embeddable":true,"href":"https:\/\/d2dhunting.com\/es\/wp-json\/wp\/v2\/media\/12382"}],"wp:attachment":[{"href":"https:\/\/d2dhunting.com\/es\/wp-json\/wp\/v2\/media?parent=12387"}],"wp:term":[{"taxonomy":"pwb-brand","embeddable":true,"href":"https:\/\/d2dhunting.com\/es\/wp-json\/wp\/v2\/pwb-brand?post=12387"},{"taxonomy":"product_brand","embeddable":true,"href":"https:\/\/d2dhunting.com\/es\/wp-json\/wp\/v2\/product_brand?post=12387"},{"taxonomy":"product_cat","embeddable":true,"href":"https:\/\/d2dhunting.com\/es\/wp-json\/wp\/v2\/product_cat?post=12387"},{"taxonomy":"product_tag","embeddable":true,"href":"https:\/\/d2dhunting.com\/es\/wp-json\/wp\/v2\/product_tag?post=12387"},{"taxonomy":"giftcard-category","embeddable":true,"href":"https:\/\/d2dhunting.com\/es\/wp-json\/wp\/v2\/giftcard-category?post=12387"}],"curies":[{"name":"wp","href":"https:\/\/api.w.org\/{rel}","templated":true}]}}