{"id":13546,"date":"2024-05-08T08:11:49","date_gmt":"2024-05-08T08:11:49","guid":{"rendered":"https:\/\/d2dhunting.com\/product\/anti-micro-l-body-bag-1-unit\/"},"modified":"2026-05-09T05:48:54","modified_gmt":"2026-05-09T05:48:54","slug":"anti-micro-l-body-bag-1-unit","status":"publish","type":"product","link":"https:\/\/d2dhunting.com\/es\/product\/anti-micro-l-body-bag-1-unit\/","title":{"rendered":"ANTI-MICRO L BODY BAG (1 Unidad)"},"content":{"rendered":"<p><span data-sheets-root=\"1\" data-sheets-value=\"{&quot;1&quot;:2,&quot;2&quot;:&quot;Contiene una bolsa el\u00e1stica grande (L) para animales enteros de tama\u00f1o medio. 31 x 183 cm.\\n\\nComo cazadores, procesamos animales en condiciones poco sanitarias. El clima c\u00e1lido y los ambientes sucios llenos de hojas, pelos y otros desechos contaminan la superficie de nuestra carne de caza. En estas condiciones, los organismos nocivos comienzan r\u00e1pidamente su crecimiento en la superficie de la carne.\\n\\nLas bolsas de algod\u00f3n \/ poli\u00e9ster Koola Buck est\u00e1n impregnadas en una mezcla patentada de \u00e1cidos naturales sin sabor derivados de frutas y otros inhibidores bacterianos.\\n\\nProteja su carne reduciendo las bacterias 8 veces m\u00e1s que con las bolsas est\u00e1ndar.\\n\\nGarantice la seguridad y la calidad de la carne que alimenta a su familia con las bolsas de caza Koola Buck.&quot;}\" data-sheets-userformat=\"{&quot;2&quot;:14829,&quot;3&quot;:{&quot;1&quot;:0,&quot;3&quot;:1},&quot;5&quot;:{&quot;1&quot;:[{&quot;1&quot;:2,&quot;2&quot;:0,&quot;5&quot;:{&quot;1&quot;:2,&quot;2&quot;:16731934}},{&quot;1&quot;:0,&quot;2&quot;:0,&quot;3&quot;:3},{&quot;1&quot;:1,&quot;2&quot;:0,&quot;4&quot;:1}]},&quot;6&quot;:{&quot;1&quot;:[{&quot;1&quot;:2,&quot;2&quot;:0,&quot;5&quot;:{&quot;1&quot;:2,&quot;2&quot;:16731934}},{&quot;1&quot;:0,&quot;2&quot;:0,&quot;3&quot;:3},{&quot;1&quot;:1,&quot;2&quot;:0,&quot;4&quot;:1}]},&quot;8&quot;:{&quot;1&quot;:[{&quot;1&quot;:2,&quot;2&quot;:0,&quot;5&quot;:{&quot;1&quot;:2,&quot;2&quot;:16731934}},{&quot;1&quot;:0,&quot;2&quot;:0,&quot;3&quot;:3},{&quot;1&quot;:1,&quot;2&quot;:0,&quot;4&quot;:1}]},&quot;9&quot;:0,&quot;10&quot;:1,&quot;11&quot;:4,&quot;14&quot;:{&quot;1&quot;:3,&quot;3&quot;:1},&quot;15&quot;:&quot;Calibri&quot;,&quot;16&quot;:11}\">Contiene una bolsa el\u00e1stica grande (L) para animales enteros de tama\u00f1o medio. 31 x 183 cm.<\/span><\/p>\n<p>Como cazadores, procesamos animales en condiciones poco sanitarias. El clima c\u00e1lido y los ambientes sucios llenos de hojas, pelos y otros desechos contaminan la superficie de nuestra carne de caza. En estas condiciones, los organismos nocivos comienzan r\u00e1pidamente su crecimiento en la superficie de la carne.<\/p>\n<p>Las bolsas de algod\u00f3n \/ poli\u00e9ster Koola Buck est\u00e1n impregnadas en una mezcla patentada de \u00e1cidos naturales sin sabor derivados de frutas y otros inhibidores bacterianos.<\/p>\n<p>Proteja su carne reduciendo las bacterias 8 veces m\u00e1s que con las bolsas est\u00e1ndar.<\/p>\n<p>Garantice la seguridad y la calidad de la carne que alimenta a su familia con las bolsas de caza Koola Buck.<\/p>\n","protected":false},"excerpt":{"rendered":"<p>Contiene una bolsa el\u00e1stica grande (L) para animales enteros de tama\u00f1o medio. 31 x 183 cm. Como cazadores, procesamos animales en condiciones poco sanitarias. El clima c\u00e1lido y los ambientes sucios llenos de hojas, pelos y otros desechos contaminan la superficie de nuestra carne de caza. En estas condiciones, los organismos nocivos comienzan r\u00e1pidamente su [&hellip;]<\/p>\n","protected":false},"featured_media":13539,"template":"","meta":{"_acf_changed":false},"pwb-brand":[],"product_brand":[],"product_cat":[1094,2282,1213],"product_tag":[1343],"giftcard-category":[],"class_list":{"0":"post-13546","1":"product","2":"type-product","3":"status-publish","4":"has-post-thumbnail","6":"product_cat-anti-microbial-es","7":"product_cat-black-friday-es","8":"product_cat-koola-bugs-es","9":"product_tag-manual-es","11":"first","12":"instock","13":"sale","14":"taxable","15":"shipping-taxable","16":"purchasable","17":"product-type-simple"},"acf":[],"yoast_head":"<!-- This site is optimized with the Yoast SEO plugin v27.2 - https:\/\/yoast.com\/product\/yoast-seo-wordpress\/ -->\n<title>ANTI-MICRO L BODY BAG (1 Unidad) - D2D Hunting<\/title>\n<meta name=\"robots\" content=\"index, follow, max-snippet:-1, max-image-preview:large, max-video-preview:-1\" \/>\n<link rel=\"canonical\" href=\"https:\/\/d2dhunting.com\/es\/product\/anti-micro-l-body-bag-1-unit\/\" \/>\n<meta property=\"og:locale\" content=\"es_ES\" \/>\n<meta property=\"og:type\" content=\"article\" \/>\n<meta property=\"og:title\" content=\"ANTI-MICRO L BODY BAG (1 Unidad) - D2D Hunting\" \/>\n<meta property=\"og:description\" content=\"Contiene una bolsa el\u00e1stica grande (L) para animales enteros de tama\u00f1o medio. 31 x 183 cm. Como cazadores, procesamos animales en condiciones poco sanitarias. El clima c\u00e1lido y los ambientes sucios llenos de hojas, pelos y otros desechos contaminan la superficie de nuestra carne de caza. En estas condiciones, los organismos nocivos comienzan r\u00e1pidamente su [&hellip;]\" \/>\n<meta property=\"og:url\" content=\"https:\/\/d2dhunting.com\/es\/product\/anti-micro-l-body-bag-1-unit\/\" \/>\n<meta property=\"og:site_name\" content=\"D2D Hunting\" \/>\n<meta property=\"article:modified_time\" content=\"2026-05-09T05:48:54+00:00\" \/>\n<meta property=\"og:image\" content=\"https:\/\/d2dhunting.com\/wp-content\/uploads\/2024\/05\/ANTI-MICRO-L-BODY-BAG-1.webp\" \/>\n\t<meta property=\"og:image:width\" content=\"600\" \/>\n\t<meta property=\"og:image:height\" content=\"600\" \/>\n\t<meta property=\"og:image:type\" content=\"image\/webp\" \/>\n<meta name=\"twitter:card\" content=\"summary_large_image\" \/>\n<meta name=\"twitter:label1\" content=\"Tiempo de lectura\" \/>\n\t<meta name=\"twitter:data1\" content=\"1 minuto\" \/>\n<script type=\"application\/ld+json\" class=\"yoast-schema-graph\">{\"@context\":\"https:\/\/schema.org\",\"@graph\":[{\"@type\":[\"WebPage\",\"CollectionPage\"],\"@id\":\"https:\/\/d2dhunting.com\/es\/product\/anti-micro-l-body-bag-1-unit\/\",\"url\":\"https:\/\/d2dhunting.com\/es\/product\/anti-micro-l-body-bag-1-unit\/\",\"name\":\"ANTI-MICRO L BODY BAG (1 Unidad) - D2D Hunting\",\"isPartOf\":{\"@id\":\"https:\/\/d2dhunting.com\/#website\"},\"primaryImageOfPage\":{\"@id\":\"https:\/\/d2dhunting.com\/es\/product\/anti-micro-l-body-bag-1-unit\/#primaryimage\"},\"image\":{\"@id\":\"https:\/\/d2dhunting.com\/es\/product\/anti-micro-l-body-bag-1-unit\/#primaryimage\"},\"thumbnailUrl\":\"https:\/\/d2dhunting.com\/wp-content\/uploads\/2024\/05\/ANTI-MICRO-L-BODY-BAG-1.webp\",\"datePublished\":\"2024-05-08T08:11:49+00:00\",\"dateModified\":\"2026-05-09T05:48:54+00:00\",\"breadcrumb\":{\"@id\":\"https:\/\/d2dhunting.com\/es\/product\/anti-micro-l-body-bag-1-unit\/#breadcrumb\"},\"inLanguage\":\"es\"},{\"@type\":\"ImageObject\",\"inLanguage\":\"es\",\"@id\":\"https:\/\/d2dhunting.com\/es\/product\/anti-micro-l-body-bag-1-unit\/#primaryimage\",\"url\":\"https:\/\/d2dhunting.com\/wp-content\/uploads\/2024\/05\/ANTI-MICRO-L-BODY-BAG-1.webp\",\"contentUrl\":\"https:\/\/d2dhunting.com\/wp-content\/uploads\/2024\/05\/ANTI-MICRO-L-BODY-BAG-1.webp\",\"width\":600,\"height\":600},{\"@type\":\"BreadcrumbList\",\"@id\":\"https:\/\/d2dhunting.com\/es\/product\/anti-micro-l-body-bag-1-unit\/#breadcrumb\",\"itemListElement\":[{\"@type\":\"ListItem\",\"position\":1,\"name\":\"Home\",\"item\":\"https:\/\/d2dhunting.com\/es\/\"},{\"@type\":\"ListItem\",\"position\":2,\"name\":\"Tienda ES\",\"item\":\"https:\/\/d2dhunting.com\/es\/tienda-2\/\"},{\"@type\":\"ListItem\",\"position\":3,\"name\":\"ANTI-MICRO L BODY BAG (1 Unidad)\"}]},{\"@type\":\"WebSite\",\"@id\":\"https:\/\/d2dhunting.com\/#website\",\"url\":\"https:\/\/d2dhunting.com\/\",\"name\":\"D2D Hunting\",\"description\":\"D2D was born with the idea of promoting still stalk hunting, through the distribution of quality equipment for the hunter.\",\"publisher\":{\"@id\":\"https:\/\/d2dhunting.com\/#organization\"},\"potentialAction\":[{\"@type\":\"SearchAction\",\"target\":{\"@type\":\"EntryPoint\",\"urlTemplate\":\"https:\/\/d2dhunting.com\/?s={search_term_string}\"},\"query-input\":{\"@type\":\"PropertyValueSpecification\",\"valueRequired\":true,\"valueName\":\"search_term_string\"}}],\"inLanguage\":\"es\"},{\"@type\":\"Organization\",\"@id\":\"https:\/\/d2dhunting.com\/#organization\",\"name\":\"D2D Hunting\",\"url\":\"https:\/\/d2dhunting.com\/\",\"logo\":{\"@type\":\"ImageObject\",\"inLanguage\":\"es\",\"@id\":\"https:\/\/d2dhunting.com\/#\/schema\/logo\/image\/\",\"url\":\"https:\/\/d2dhunting.com\/wp-content\/uploads\/2023\/12\/Logo_Completo.png\",\"contentUrl\":\"https:\/\/d2dhunting.com\/wp-content\/uploads\/2023\/12\/Logo_Completo.png\",\"width\":740,\"height\":308,\"caption\":\"D2D Hunting\"},\"image\":{\"@id\":\"https:\/\/d2dhunting.com\/#\/schema\/logo\/image\/\"}}]}<\/script>\n<!-- \/ Yoast SEO plugin. -->","yoast_head_json":{"title":"ANTI-MICRO L BODY BAG (1 Unidad) - D2D Hunting","robots":{"index":"index","follow":"follow","max-snippet":"max-snippet:-1","max-image-preview":"max-image-preview:large","max-video-preview":"max-video-preview:-1"},"canonical":"https:\/\/d2dhunting.com\/es\/product\/anti-micro-l-body-bag-1-unit\/","og_locale":"es_ES","og_type":"article","og_title":"ANTI-MICRO L BODY BAG (1 Unidad) - D2D Hunting","og_description":"Contiene una bolsa el\u00e1stica grande (L) para animales enteros de tama\u00f1o medio. 31 x 183 cm. Como cazadores, procesamos animales en condiciones poco sanitarias. El clima c\u00e1lido y los ambientes sucios llenos de hojas, pelos y otros desechos contaminan la superficie de nuestra carne de caza. En estas condiciones, los organismos nocivos comienzan r\u00e1pidamente su [&hellip;]","og_url":"https:\/\/d2dhunting.com\/es\/product\/anti-micro-l-body-bag-1-unit\/","og_site_name":"D2D Hunting","article_modified_time":"2026-05-09T05:48:54+00:00","og_image":[{"width":600,"height":600,"url":"https:\/\/d2dhunting.com\/wp-content\/uploads\/2024\/05\/ANTI-MICRO-L-BODY-BAG-1.webp","type":"image\/webp"}],"twitter_card":"summary_large_image","twitter_misc":{"Tiempo de lectura":"1 minuto"},"schema":{"@context":"https:\/\/schema.org","@graph":[{"@type":["WebPage","CollectionPage"],"@id":"https:\/\/d2dhunting.com\/es\/product\/anti-micro-l-body-bag-1-unit\/","url":"https:\/\/d2dhunting.com\/es\/product\/anti-micro-l-body-bag-1-unit\/","name":"ANTI-MICRO L BODY BAG (1 Unidad) - D2D Hunting","isPartOf":{"@id":"https:\/\/d2dhunting.com\/#website"},"primaryImageOfPage":{"@id":"https:\/\/d2dhunting.com\/es\/product\/anti-micro-l-body-bag-1-unit\/#primaryimage"},"image":{"@id":"https:\/\/d2dhunting.com\/es\/product\/anti-micro-l-body-bag-1-unit\/#primaryimage"},"thumbnailUrl":"https:\/\/d2dhunting.com\/wp-content\/uploads\/2024\/05\/ANTI-MICRO-L-BODY-BAG-1.webp","datePublished":"2024-05-08T08:11:49+00:00","dateModified":"2026-05-09T05:48:54+00:00","breadcrumb":{"@id":"https:\/\/d2dhunting.com\/es\/product\/anti-micro-l-body-bag-1-unit\/#breadcrumb"},"inLanguage":"es"},{"@type":"ImageObject","inLanguage":"es","@id":"https:\/\/d2dhunting.com\/es\/product\/anti-micro-l-body-bag-1-unit\/#primaryimage","url":"https:\/\/d2dhunting.com\/wp-content\/uploads\/2024\/05\/ANTI-MICRO-L-BODY-BAG-1.webp","contentUrl":"https:\/\/d2dhunting.com\/wp-content\/uploads\/2024\/05\/ANTI-MICRO-L-BODY-BAG-1.webp","width":600,"height":600},{"@type":"BreadcrumbList","@id":"https:\/\/d2dhunting.com\/es\/product\/anti-micro-l-body-bag-1-unit\/#breadcrumb","itemListElement":[{"@type":"ListItem","position":1,"name":"Home","item":"https:\/\/d2dhunting.com\/es\/"},{"@type":"ListItem","position":2,"name":"Tienda ES","item":"https:\/\/d2dhunting.com\/es\/tienda-2\/"},{"@type":"ListItem","position":3,"name":"ANTI-MICRO L BODY BAG (1 Unidad)"}]},{"@type":"WebSite","@id":"https:\/\/d2dhunting.com\/#website","url":"https:\/\/d2dhunting.com\/","name":"D2D Hunting","description":"D2D was born with the idea of promoting still stalk hunting, through the distribution of quality equipment for the hunter.","publisher":{"@id":"https:\/\/d2dhunting.com\/#organization"},"potentialAction":[{"@type":"SearchAction","target":{"@type":"EntryPoint","urlTemplate":"https:\/\/d2dhunting.com\/?s={search_term_string}"},"query-input":{"@type":"PropertyValueSpecification","valueRequired":true,"valueName":"search_term_string"}}],"inLanguage":"es"},{"@type":"Organization","@id":"https:\/\/d2dhunting.com\/#organization","name":"D2D Hunting","url":"https:\/\/d2dhunting.com\/","logo":{"@type":"ImageObject","inLanguage":"es","@id":"https:\/\/d2dhunting.com\/#\/schema\/logo\/image\/","url":"https:\/\/d2dhunting.com\/wp-content\/uploads\/2023\/12\/Logo_Completo.png","contentUrl":"https:\/\/d2dhunting.com\/wp-content\/uploads\/2023\/12\/Logo_Completo.png","width":740,"height":308,"caption":"D2D Hunting"},"image":{"@id":"https:\/\/d2dhunting.com\/#\/schema\/logo\/image\/"}}]}},"brands":[],"_links":{"self":[{"href":"https:\/\/d2dhunting.com\/es\/wp-json\/wp\/v2\/product\/13546","targetHints":{"allow":["GET"]}}],"collection":[{"href":"https:\/\/d2dhunting.com\/es\/wp-json\/wp\/v2\/product"}],"about":[{"href":"https:\/\/d2dhunting.com\/es\/wp-json\/wp\/v2\/types\/product"}],"wp:featuredmedia":[{"embeddable":true,"href":"https:\/\/d2dhunting.com\/es\/wp-json\/wp\/v2\/media\/13539"}],"wp:attachment":[{"href":"https:\/\/d2dhunting.com\/es\/wp-json\/wp\/v2\/media?parent=13546"}],"wp:term":[{"taxonomy":"pwb-brand","embeddable":true,"href":"https:\/\/d2dhunting.com\/es\/wp-json\/wp\/v2\/pwb-brand?post=13546"},{"taxonomy":"product_brand","embeddable":true,"href":"https:\/\/d2dhunting.com\/es\/wp-json\/wp\/v2\/product_brand?post=13546"},{"taxonomy":"product_cat","embeddable":true,"href":"https:\/\/d2dhunting.com\/es\/wp-json\/wp\/v2\/product_cat?post=13546"},{"taxonomy":"product_tag","embeddable":true,"href":"https:\/\/d2dhunting.com\/es\/wp-json\/wp\/v2\/product_tag?post=13546"},{"taxonomy":"giftcard-category","embeddable":true,"href":"https:\/\/d2dhunting.com\/es\/wp-json\/wp\/v2\/giftcard-category?post=13546"}],"curies":[{"name":"wp","href":"https:\/\/api.w.org\/{rel}","templated":true}]}}