{"id":13634,"date":"2024-05-08T13:49:37","date_gmt":"2024-05-08T13:49:37","guid":{"rendered":"https:\/\/d2dhunting.com\/product\/premium-heavy-duty-l-qrt-4-units\/"},"modified":"2024-12-02T09:09:16","modified_gmt":"2024-12-02T09:09:16","slug":"premium-heavy-duty-l-qrt-4-units","status":"publish","type":"product","link":"https:\/\/d2dhunting.com\/es\/product\/premium-heavy-duty-l-qrt-4-units\/","title":{"rendered":"PREMIUM HEAVY DUTY L QRT (4 Unidades)"},"content":{"rendered":"<p><span data-sheets-root=\"1\" data-sheets-value=\"{&quot;1&quot;:2,&quot;2&quot;:&quot;Nuestras nuevas bolsas de caza Premium Heavy Duty de alta resistencia son perfectas para un uso intensivo y cacer\u00edas extremas.\\n\\nSon bolsas de alta resistencia est\u00e1n hechas de una mezcla extrafuerte de un tejido muy tupido a base de algod\u00f3n y poli\u00e9ster. Tienen un fondo con costura doble y por su elasticidad se ajustan perfectamente al contenido.\\n\\nLas bolsas han sido dise\u00f1adas para adaptarse a cuartos enteros de piezas de tama\u00f1o medio. Si van deshuesados, puede caber m\u00e1s de un cuarto en cada bolsa.\\n\\nCada paquete de 4 incluye 4 bolsas el\u00e1sticas selladas al vac\u00edo para mantener su higiene y facilitar el transporte.&quot;}\" data-sheets-userformat=\"{&quot;2&quot;:14829,&quot;3&quot;:{&quot;1&quot;:0,&quot;3&quot;:1},&quot;5&quot;:{&quot;1&quot;:[{&quot;1&quot;:2,&quot;2&quot;:0,&quot;5&quot;:{&quot;1&quot;:2,&quot;2&quot;:16731934}},{&quot;1&quot;:0,&quot;2&quot;:0,&quot;3&quot;:3},{&quot;1&quot;:1,&quot;2&quot;:0,&quot;4&quot;:1}]},&quot;6&quot;:{&quot;1&quot;:[{&quot;1&quot;:2,&quot;2&quot;:0,&quot;5&quot;:{&quot;1&quot;:2,&quot;2&quot;:16731934}},{&quot;1&quot;:0,&quot;2&quot;:0,&quot;3&quot;:3},{&quot;1&quot;:1,&quot;2&quot;:0,&quot;4&quot;:1}]},&quot;8&quot;:{&quot;1&quot;:[{&quot;1&quot;:2,&quot;2&quot;:0,&quot;5&quot;:{&quot;1&quot;:2,&quot;2&quot;:16731934}},{&quot;1&quot;:0,&quot;2&quot;:0,&quot;3&quot;:3},{&quot;1&quot;:1,&quot;2&quot;:0,&quot;4&quot;:1}]},&quot;9&quot;:0,&quot;10&quot;:1,&quot;11&quot;:4,&quot;14&quot;:{&quot;1&quot;:3,&quot;3&quot;:1},&quot;15&quot;:&quot;Calibri&quot;,&quot;16&quot;:11}\">Nuestras nuevas bolsas de caza Premium Heavy Duty de alta resistencia son perfectas para un uso intensivo y cacer\u00edas extremas.<\/span><\/p>\n<p>Son bolsas de alta resistencia est\u00e1n hechas de una mezcla extrafuerte de un tejido muy tupido a base de algod\u00f3n y poli\u00e9ster. Tienen un fondo con costura doble y por su elasticidad se ajustan perfectamente al contenido.<\/p>\n<p>Las bolsas han sido dise\u00f1adas para adaptarse a cuartos enteros de piezas de tama\u00f1o medio. Si van deshuesados, puede caber m\u00e1s de un cuarto en cada bolsa.<\/p>\n<p>Cada paquete de 4 incluye 4 bolsas el\u00e1sticas selladas al vac\u00edo para mantener su higiene y facilitar el transporte.<\/p>\n","protected":false},"excerpt":{"rendered":"<p>Nuestras nuevas bolsas de caza Premium Heavy Duty de alta resistencia son perfectas para un uso intensivo y cacer\u00edas extremas. Son bolsas de alta resistencia est\u00e1n hechas de una mezcla extrafuerte de un tejido muy tupido a base de algod\u00f3n y poli\u00e9ster. Tienen un fondo con costura doble y por su elasticidad se ajustan perfectamente [&hellip;]<\/p>\n","protected":false},"featured_media":13633,"template":"","meta":{"_acf_changed":false},"pwb-brand":[],"product_brand":[],"product_cat":[2282,1213,1096],"product_tag":[1343],"giftcard-category":[],"class_list":{"0":"post-13634","1":"product","2":"type-product","3":"status-publish","4":"has-post-thumbnail","6":"product_cat-black-friday-es","7":"product_cat-koola-bugs-es","8":"product_cat-premium-heavy-duty-es","9":"product_tag-manual-es","11":"first","12":"instock","13":"sale","14":"taxable","15":"shipping-taxable","16":"purchasable","17":"product-type-simple"},"acf":[],"yoast_head":"<!-- This site is optimized with the Yoast SEO plugin v27.2 - https:\/\/yoast.com\/product\/yoast-seo-wordpress\/ -->\n<title>PREMIUM HEAVY DUTY L QRT (4 Unidades) - D2D Hunting<\/title>\n<meta name=\"robots\" content=\"index, follow, max-snippet:-1, max-image-preview:large, max-video-preview:-1\" \/>\n<link rel=\"canonical\" href=\"https:\/\/d2dhunting.com\/es\/product\/premium-heavy-duty-l-qrt-4-units\/\" \/>\n<meta property=\"og:locale\" content=\"es_ES\" \/>\n<meta property=\"og:type\" content=\"article\" \/>\n<meta property=\"og:title\" content=\"PREMIUM HEAVY DUTY L QRT (4 Unidades) - D2D Hunting\" \/>\n<meta property=\"og:description\" content=\"Nuestras nuevas bolsas de caza Premium Heavy Duty de alta resistencia son perfectas para un uso intensivo y cacer\u00edas extremas. Son bolsas de alta resistencia est\u00e1n hechas de una mezcla extrafuerte de un tejido muy tupido a base de algod\u00f3n y poli\u00e9ster. Tienen un fondo con costura doble y por su elasticidad se ajustan perfectamente [&hellip;]\" \/>\n<meta property=\"og:url\" content=\"https:\/\/d2dhunting.com\/es\/product\/premium-heavy-duty-l-qrt-4-units\/\" \/>\n<meta property=\"og:site_name\" content=\"D2D Hunting\" \/>\n<meta property=\"article:modified_time\" content=\"2024-12-02T09:09:16+00:00\" \/>\n<meta property=\"og:image\" content=\"https:\/\/d2dhunting.com\/wp-content\/uploads\/2024\/05\/PREMIUM-HEAVY-DUTY-L-QRT-1.webp\" \/>\n\t<meta property=\"og:image:width\" content=\"500\" \/>\n\t<meta property=\"og:image:height\" content=\"500\" \/>\n\t<meta property=\"og:image:type\" content=\"image\/webp\" \/>\n<meta name=\"twitter:card\" content=\"summary_large_image\" \/>\n<meta name=\"twitter:label1\" content=\"Tiempo de lectura\" \/>\n\t<meta name=\"twitter:data1\" content=\"1 minuto\" \/>\n<script type=\"application\/ld+json\" class=\"yoast-schema-graph\">{\"@context\":\"https:\/\/schema.org\",\"@graph\":[{\"@type\":[\"WebPage\",\"CollectionPage\"],\"@id\":\"https:\/\/d2dhunting.com\/es\/product\/premium-heavy-duty-l-qrt-4-units\/\",\"url\":\"https:\/\/d2dhunting.com\/es\/product\/premium-heavy-duty-l-qrt-4-units\/\",\"name\":\"PREMIUM HEAVY DUTY L QRT (4 Unidades) - D2D Hunting\",\"isPartOf\":{\"@id\":\"https:\/\/d2dhunting.com\/#website\"},\"primaryImageOfPage\":{\"@id\":\"https:\/\/d2dhunting.com\/es\/product\/premium-heavy-duty-l-qrt-4-units\/#primaryimage\"},\"image\":{\"@id\":\"https:\/\/d2dhunting.com\/es\/product\/premium-heavy-duty-l-qrt-4-units\/#primaryimage\"},\"thumbnailUrl\":\"https:\/\/d2dhunting.com\/wp-content\/uploads\/2024\/05\/PREMIUM-HEAVY-DUTY-L-QRT-1.webp\",\"datePublished\":\"2024-05-08T13:49:37+00:00\",\"dateModified\":\"2024-12-02T09:09:16+00:00\",\"breadcrumb\":{\"@id\":\"https:\/\/d2dhunting.com\/es\/product\/premium-heavy-duty-l-qrt-4-units\/#breadcrumb\"},\"inLanguage\":\"es\"},{\"@type\":\"ImageObject\",\"inLanguage\":\"es\",\"@id\":\"https:\/\/d2dhunting.com\/es\/product\/premium-heavy-duty-l-qrt-4-units\/#primaryimage\",\"url\":\"https:\/\/d2dhunting.com\/wp-content\/uploads\/2024\/05\/PREMIUM-HEAVY-DUTY-L-QRT-1.webp\",\"contentUrl\":\"https:\/\/d2dhunting.com\/wp-content\/uploads\/2024\/05\/PREMIUM-HEAVY-DUTY-L-QRT-1.webp\",\"width\":500,\"height\":500},{\"@type\":\"BreadcrumbList\",\"@id\":\"https:\/\/d2dhunting.com\/es\/product\/premium-heavy-duty-l-qrt-4-units\/#breadcrumb\",\"itemListElement\":[{\"@type\":\"ListItem\",\"position\":1,\"name\":\"Home\",\"item\":\"https:\/\/d2dhunting.com\/es\/\"},{\"@type\":\"ListItem\",\"position\":2,\"name\":\"Tienda ES\",\"item\":\"https:\/\/d2dhunting.com\/es\/tienda-2\/\"},{\"@type\":\"ListItem\",\"position\":3,\"name\":\"PREMIUM HEAVY DUTY L QRT (4 Unidades)\"}]},{\"@type\":\"WebSite\",\"@id\":\"https:\/\/d2dhunting.com\/#website\",\"url\":\"https:\/\/d2dhunting.com\/\",\"name\":\"D2D Hunting\",\"description\":\"D2D was born with the idea of promoting still stalk hunting, through the distribution of quality equipment for the hunter.\",\"publisher\":{\"@id\":\"https:\/\/d2dhunting.com\/#organization\"},\"potentialAction\":[{\"@type\":\"SearchAction\",\"target\":{\"@type\":\"EntryPoint\",\"urlTemplate\":\"https:\/\/d2dhunting.com\/?s={search_term_string}\"},\"query-input\":{\"@type\":\"PropertyValueSpecification\",\"valueRequired\":true,\"valueName\":\"search_term_string\"}}],\"inLanguage\":\"es\"},{\"@type\":\"Organization\",\"@id\":\"https:\/\/d2dhunting.com\/#organization\",\"name\":\"D2D Hunting\",\"url\":\"https:\/\/d2dhunting.com\/\",\"logo\":{\"@type\":\"ImageObject\",\"inLanguage\":\"es\",\"@id\":\"https:\/\/d2dhunting.com\/#\/schema\/logo\/image\/\",\"url\":\"https:\/\/d2dhunting.com\/wp-content\/uploads\/2023\/12\/Logo_Completo.png\",\"contentUrl\":\"https:\/\/d2dhunting.com\/wp-content\/uploads\/2023\/12\/Logo_Completo.png\",\"width\":740,\"height\":308,\"caption\":\"D2D Hunting\"},\"image\":{\"@id\":\"https:\/\/d2dhunting.com\/#\/schema\/logo\/image\/\"}}]}<\/script>\n<!-- \/ Yoast SEO plugin. -->","yoast_head_json":{"title":"PREMIUM HEAVY DUTY L QRT (4 Unidades) - D2D Hunting","robots":{"index":"index","follow":"follow","max-snippet":"max-snippet:-1","max-image-preview":"max-image-preview:large","max-video-preview":"max-video-preview:-1"},"canonical":"https:\/\/d2dhunting.com\/es\/product\/premium-heavy-duty-l-qrt-4-units\/","og_locale":"es_ES","og_type":"article","og_title":"PREMIUM HEAVY DUTY L QRT (4 Unidades) - D2D Hunting","og_description":"Nuestras nuevas bolsas de caza Premium Heavy Duty de alta resistencia son perfectas para un uso intensivo y cacer\u00edas extremas. Son bolsas de alta resistencia est\u00e1n hechas de una mezcla extrafuerte de un tejido muy tupido a base de algod\u00f3n y poli\u00e9ster. Tienen un fondo con costura doble y por su elasticidad se ajustan perfectamente [&hellip;]","og_url":"https:\/\/d2dhunting.com\/es\/product\/premium-heavy-duty-l-qrt-4-units\/","og_site_name":"D2D Hunting","article_modified_time":"2024-12-02T09:09:16+00:00","og_image":[{"width":500,"height":500,"url":"https:\/\/d2dhunting.com\/wp-content\/uploads\/2024\/05\/PREMIUM-HEAVY-DUTY-L-QRT-1.webp","type":"image\/webp"}],"twitter_card":"summary_large_image","twitter_misc":{"Tiempo de lectura":"1 minuto"},"schema":{"@context":"https:\/\/schema.org","@graph":[{"@type":["WebPage","CollectionPage"],"@id":"https:\/\/d2dhunting.com\/es\/product\/premium-heavy-duty-l-qrt-4-units\/","url":"https:\/\/d2dhunting.com\/es\/product\/premium-heavy-duty-l-qrt-4-units\/","name":"PREMIUM HEAVY DUTY L QRT (4 Unidades) - D2D Hunting","isPartOf":{"@id":"https:\/\/d2dhunting.com\/#website"},"primaryImageOfPage":{"@id":"https:\/\/d2dhunting.com\/es\/product\/premium-heavy-duty-l-qrt-4-units\/#primaryimage"},"image":{"@id":"https:\/\/d2dhunting.com\/es\/product\/premium-heavy-duty-l-qrt-4-units\/#primaryimage"},"thumbnailUrl":"https:\/\/d2dhunting.com\/wp-content\/uploads\/2024\/05\/PREMIUM-HEAVY-DUTY-L-QRT-1.webp","datePublished":"2024-05-08T13:49:37+00:00","dateModified":"2024-12-02T09:09:16+00:00","breadcrumb":{"@id":"https:\/\/d2dhunting.com\/es\/product\/premium-heavy-duty-l-qrt-4-units\/#breadcrumb"},"inLanguage":"es"},{"@type":"ImageObject","inLanguage":"es","@id":"https:\/\/d2dhunting.com\/es\/product\/premium-heavy-duty-l-qrt-4-units\/#primaryimage","url":"https:\/\/d2dhunting.com\/wp-content\/uploads\/2024\/05\/PREMIUM-HEAVY-DUTY-L-QRT-1.webp","contentUrl":"https:\/\/d2dhunting.com\/wp-content\/uploads\/2024\/05\/PREMIUM-HEAVY-DUTY-L-QRT-1.webp","width":500,"height":500},{"@type":"BreadcrumbList","@id":"https:\/\/d2dhunting.com\/es\/product\/premium-heavy-duty-l-qrt-4-units\/#breadcrumb","itemListElement":[{"@type":"ListItem","position":1,"name":"Home","item":"https:\/\/d2dhunting.com\/es\/"},{"@type":"ListItem","position":2,"name":"Tienda ES","item":"https:\/\/d2dhunting.com\/es\/tienda-2\/"},{"@type":"ListItem","position":3,"name":"PREMIUM HEAVY DUTY L QRT (4 Unidades)"}]},{"@type":"WebSite","@id":"https:\/\/d2dhunting.com\/#website","url":"https:\/\/d2dhunting.com\/","name":"D2D Hunting","description":"D2D was born with the idea of promoting still stalk hunting, through the distribution of quality equipment for the hunter.","publisher":{"@id":"https:\/\/d2dhunting.com\/#organization"},"potentialAction":[{"@type":"SearchAction","target":{"@type":"EntryPoint","urlTemplate":"https:\/\/d2dhunting.com\/?s={search_term_string}"},"query-input":{"@type":"PropertyValueSpecification","valueRequired":true,"valueName":"search_term_string"}}],"inLanguage":"es"},{"@type":"Organization","@id":"https:\/\/d2dhunting.com\/#organization","name":"D2D Hunting","url":"https:\/\/d2dhunting.com\/","logo":{"@type":"ImageObject","inLanguage":"es","@id":"https:\/\/d2dhunting.com\/#\/schema\/logo\/image\/","url":"https:\/\/d2dhunting.com\/wp-content\/uploads\/2023\/12\/Logo_Completo.png","contentUrl":"https:\/\/d2dhunting.com\/wp-content\/uploads\/2023\/12\/Logo_Completo.png","width":740,"height":308,"caption":"D2D Hunting"},"image":{"@id":"https:\/\/d2dhunting.com\/#\/schema\/logo\/image\/"}}]}},"brands":[],"_links":{"self":[{"href":"https:\/\/d2dhunting.com\/es\/wp-json\/wp\/v2\/product\/13634","targetHints":{"allow":["GET"]}}],"collection":[{"href":"https:\/\/d2dhunting.com\/es\/wp-json\/wp\/v2\/product"}],"about":[{"href":"https:\/\/d2dhunting.com\/es\/wp-json\/wp\/v2\/types\/product"}],"wp:featuredmedia":[{"embeddable":true,"href":"https:\/\/d2dhunting.com\/es\/wp-json\/wp\/v2\/media\/13633"}],"wp:attachment":[{"href":"https:\/\/d2dhunting.com\/es\/wp-json\/wp\/v2\/media?parent=13634"}],"wp:term":[{"taxonomy":"pwb-brand","embeddable":true,"href":"https:\/\/d2dhunting.com\/es\/wp-json\/wp\/v2\/pwb-brand?post=13634"},{"taxonomy":"product_brand","embeddable":true,"href":"https:\/\/d2dhunting.com\/es\/wp-json\/wp\/v2\/product_brand?post=13634"},{"taxonomy":"product_cat","embeddable":true,"href":"https:\/\/d2dhunting.com\/es\/wp-json\/wp\/v2\/product_cat?post=13634"},{"taxonomy":"product_tag","embeddable":true,"href":"https:\/\/d2dhunting.com\/es\/wp-json\/wp\/v2\/product_tag?post=13634"},{"taxonomy":"giftcard-category","embeddable":true,"href":"https:\/\/d2dhunting.com\/es\/wp-json\/wp\/v2\/giftcard-category?post=13634"}],"curies":[{"name":"wp","href":"https:\/\/api.w.org\/{rel}","templated":true}]}}