{"id":13739,"date":"2024-05-13T10:46:35","date_gmt":"2024-05-13T10:46:35","guid":{"rendered":"https:\/\/d2dhunting.com\/product\/standard-l-qrt-bag-5-units\/"},"modified":"2025-07-22T10:05:11","modified_gmt":"2025-07-22T10:05:11","slug":"standard-l-qrt-bag-5-units","status":"publish","type":"product","link":"https:\/\/d2dhunting.com\/es\/product\/standard-l-qrt-bag-5-units\/","title":{"rendered":"STANDARD L QRT BAG (5 Unidades)"},"content":{"rendered":"<p><span data-sheets-root=\"1\" data-sheets-value=\"{&quot;1&quot;:2,&quot;2&quot;:&quot;PAQUETE DE 5 - Koola Buck ha agregado una quinta bolsa a su kit de 4 bolsas est\u00e1ndar. Esto permite llevar no solo los cuatro cuartos, sino tambi\u00e9n lomos, solomillos y otros cortes.\\n\\nEstas bolsas son grandes, de alta calidad, confeccionadas con un tejido muy tupido a base de algod\u00f3n y poli\u00e9ster. Son muy duraderas y por su elasticidad de adaptan perfectamente a la forma del contenido.\\n\\nLas bolsas se pueden lavar despu\u00e9s de su uso, secar, almacenar y usar en la pr\u00f3xima cacer\u00eda.\\n\\nSe presentan en un envase que contiene las 5 bolsas sellado al vac\u00edo para mantener su higiene y facilitar el transporte.&quot;}\" data-sheets-userformat=\"{&quot;2&quot;:14829,&quot;3&quot;:{&quot;1&quot;:0,&quot;3&quot;:1},&quot;5&quot;:{&quot;1&quot;:[{&quot;1&quot;:2,&quot;2&quot;:0,&quot;5&quot;:{&quot;1&quot;:2,&quot;2&quot;:16731934}},{&quot;1&quot;:0,&quot;2&quot;:0,&quot;3&quot;:3},{&quot;1&quot;:1,&quot;2&quot;:0,&quot;4&quot;:1}]},&quot;6&quot;:{&quot;1&quot;:[{&quot;1&quot;:2,&quot;2&quot;:0,&quot;5&quot;:{&quot;1&quot;:2,&quot;2&quot;:16731934}},{&quot;1&quot;:0,&quot;2&quot;:0,&quot;3&quot;:3},{&quot;1&quot;:1,&quot;2&quot;:0,&quot;4&quot;:1}]},&quot;8&quot;:{&quot;1&quot;:[{&quot;1&quot;:2,&quot;2&quot;:0,&quot;5&quot;:{&quot;1&quot;:2,&quot;2&quot;:16731934}},{&quot;1&quot;:0,&quot;2&quot;:0,&quot;3&quot;:3},{&quot;1&quot;:1,&quot;2&quot;:0,&quot;4&quot;:1}]},&quot;9&quot;:0,&quot;10&quot;:1,&quot;11&quot;:4,&quot;14&quot;:{&quot;1&quot;:3,&quot;3&quot;:1},&quot;15&quot;:&quot;Calibri&quot;,&quot;16&quot;:11}\">PAQUETE DE 5 &#8211; Koola Buck ha agregado una quinta bolsa a su kit de 4 bolsas est\u00e1ndar. Esto permite llevar no solo los cuatro cuartos, sino tambi\u00e9n lomos, solomillos y otros cortes.<\/span><\/p>\n<p>Estas bolsas son grandes, de alta calidad, confeccionadas con un tejido muy tupido a base de algod\u00f3n y poli\u00e9ster. Son muy duraderas y por su elasticidad de adaptan perfectamente a la forma del contenido.<\/p>\n<p>Las bolsas se pueden lavar despu\u00e9s de su uso, secar, almacenar y usar en la pr\u00f3xima cacer\u00eda.<\/p>\n<p>Se presentan en un envase que contiene las 5 bolsas sellado al vac\u00edo para mantener su higiene y facilitar el transporte.<\/p>\n","protected":false},"excerpt":{"rendered":"<p>PAQUETE DE 5 &#8211; Koola Buck ha agregado una quinta bolsa a su kit de 4 bolsas est\u00e1ndar. Esto permite llevar no solo los cuatro cuartos, sino tambi\u00e9n lomos, solomillos y otros cortes. Estas bolsas son grandes, de alta calidad, confeccionadas con un tejido muy tupido a base de algod\u00f3n y poli\u00e9ster. Son muy duraderas [&hellip;]<\/p>\n","protected":false},"featured_media":13738,"template":"","meta":{"_acf_changed":false},"pwb-brand":[],"product_brand":[],"product_cat":[2282,1213,1095],"product_tag":[1343],"giftcard-category":[],"class_list":{"0":"post-13739","1":"product","2":"type-product","3":"status-publish","4":"has-post-thumbnail","6":"product_cat-black-friday-es","7":"product_cat-koola-bugs-es","8":"product_cat-original-es","9":"product_tag-manual-es","11":"first","12":"instock","13":"sale","14":"taxable","15":"shipping-taxable","16":"purchasable","17":"product-type-simple"},"acf":[],"yoast_head":"<!-- This site is optimized with the Yoast SEO plugin v27.2 - https:\/\/yoast.com\/product\/yoast-seo-wordpress\/ -->\n<title>STANDARD L QRT BAG (5 Unidades) - D2D Hunting<\/title>\n<meta name=\"robots\" content=\"index, follow, max-snippet:-1, max-image-preview:large, max-video-preview:-1\" \/>\n<link rel=\"canonical\" href=\"https:\/\/d2dhunting.com\/es\/product\/standard-l-qrt-bag-5-units\/\" \/>\n<meta property=\"og:locale\" content=\"es_ES\" \/>\n<meta property=\"og:type\" content=\"article\" \/>\n<meta property=\"og:title\" content=\"STANDARD L QRT BAG (5 Unidades) - D2D Hunting\" \/>\n<meta property=\"og:description\" content=\"PAQUETE DE 5 &#8211; Koola Buck ha agregado una quinta bolsa a su kit de 4 bolsas est\u00e1ndar. Esto permite llevar no solo los cuatro cuartos, sino tambi\u00e9n lomos, solomillos y otros cortes. Estas bolsas son grandes, de alta calidad, confeccionadas con un tejido muy tupido a base de algod\u00f3n y poli\u00e9ster. Son muy duraderas [&hellip;]\" \/>\n<meta property=\"og:url\" content=\"https:\/\/d2dhunting.com\/es\/product\/standard-l-qrt-bag-5-units\/\" \/>\n<meta property=\"og:site_name\" content=\"D2D Hunting\" \/>\n<meta property=\"article:modified_time\" content=\"2025-07-22T10:05:11+00:00\" \/>\n<meta property=\"og:image\" content=\"https:\/\/d2dhunting.com\/wp-content\/uploads\/2024\/05\/5-Pack-Large-Game-Bags-l.webp\" \/>\n\t<meta property=\"og:image:width\" content=\"600\" \/>\n\t<meta property=\"og:image:height\" content=\"600\" \/>\n\t<meta property=\"og:image:type\" content=\"image\/webp\" \/>\n<meta name=\"twitter:card\" content=\"summary_large_image\" \/>\n<meta name=\"twitter:label1\" content=\"Tiempo de lectura\" \/>\n\t<meta name=\"twitter:data1\" content=\"1 minuto\" \/>\n<script type=\"application\/ld+json\" class=\"yoast-schema-graph\">{\"@context\":\"https:\/\/schema.org\",\"@graph\":[{\"@type\":[\"WebPage\",\"CollectionPage\"],\"@id\":\"https:\/\/d2dhunting.com\/es\/product\/standard-l-qrt-bag-5-units\/\",\"url\":\"https:\/\/d2dhunting.com\/es\/product\/standard-l-qrt-bag-5-units\/\",\"name\":\"STANDARD L QRT BAG (5 Unidades) - D2D Hunting\",\"isPartOf\":{\"@id\":\"https:\/\/d2dhunting.com\/#website\"},\"primaryImageOfPage\":{\"@id\":\"https:\/\/d2dhunting.com\/es\/product\/standard-l-qrt-bag-5-units\/#primaryimage\"},\"image\":{\"@id\":\"https:\/\/d2dhunting.com\/es\/product\/standard-l-qrt-bag-5-units\/#primaryimage\"},\"thumbnailUrl\":\"https:\/\/d2dhunting.com\/wp-content\/uploads\/2024\/05\/5-Pack-Large-Game-Bags-l.webp\",\"datePublished\":\"2024-05-13T10:46:35+00:00\",\"dateModified\":\"2025-07-22T10:05:11+00:00\",\"breadcrumb\":{\"@id\":\"https:\/\/d2dhunting.com\/es\/product\/standard-l-qrt-bag-5-units\/#breadcrumb\"},\"inLanguage\":\"es\"},{\"@type\":\"ImageObject\",\"inLanguage\":\"es\",\"@id\":\"https:\/\/d2dhunting.com\/es\/product\/standard-l-qrt-bag-5-units\/#primaryimage\",\"url\":\"https:\/\/d2dhunting.com\/wp-content\/uploads\/2024\/05\/5-Pack-Large-Game-Bags-l.webp\",\"contentUrl\":\"https:\/\/d2dhunting.com\/wp-content\/uploads\/2024\/05\/5-Pack-Large-Game-Bags-l.webp\",\"width\":600,\"height\":600},{\"@type\":\"BreadcrumbList\",\"@id\":\"https:\/\/d2dhunting.com\/es\/product\/standard-l-qrt-bag-5-units\/#breadcrumb\",\"itemListElement\":[{\"@type\":\"ListItem\",\"position\":1,\"name\":\"Home\",\"item\":\"https:\/\/d2dhunting.com\/es\/\"},{\"@type\":\"ListItem\",\"position\":2,\"name\":\"Tienda ES\",\"item\":\"https:\/\/d2dhunting.com\/es\/tienda-2\/\"},{\"@type\":\"ListItem\",\"position\":3,\"name\":\"STANDARD L QRT BAG (5 Unidades)\"}]},{\"@type\":\"WebSite\",\"@id\":\"https:\/\/d2dhunting.com\/#website\",\"url\":\"https:\/\/d2dhunting.com\/\",\"name\":\"D2D Hunting\",\"description\":\"D2D was born with the idea of promoting still stalk hunting, through the distribution of quality equipment for the hunter.\",\"publisher\":{\"@id\":\"https:\/\/d2dhunting.com\/#organization\"},\"potentialAction\":[{\"@type\":\"SearchAction\",\"target\":{\"@type\":\"EntryPoint\",\"urlTemplate\":\"https:\/\/d2dhunting.com\/?s={search_term_string}\"},\"query-input\":{\"@type\":\"PropertyValueSpecification\",\"valueRequired\":true,\"valueName\":\"search_term_string\"}}],\"inLanguage\":\"es\"},{\"@type\":\"Organization\",\"@id\":\"https:\/\/d2dhunting.com\/#organization\",\"name\":\"D2D Hunting\",\"url\":\"https:\/\/d2dhunting.com\/\",\"logo\":{\"@type\":\"ImageObject\",\"inLanguage\":\"es\",\"@id\":\"https:\/\/d2dhunting.com\/#\/schema\/logo\/image\/\",\"url\":\"https:\/\/d2dhunting.com\/wp-content\/uploads\/2023\/12\/Logo_Completo.png\",\"contentUrl\":\"https:\/\/d2dhunting.com\/wp-content\/uploads\/2023\/12\/Logo_Completo.png\",\"width\":740,\"height\":308,\"caption\":\"D2D Hunting\"},\"image\":{\"@id\":\"https:\/\/d2dhunting.com\/#\/schema\/logo\/image\/\"}}]}<\/script>\n<!-- \/ Yoast SEO plugin. -->","yoast_head_json":{"title":"STANDARD L QRT BAG (5 Unidades) - D2D Hunting","robots":{"index":"index","follow":"follow","max-snippet":"max-snippet:-1","max-image-preview":"max-image-preview:large","max-video-preview":"max-video-preview:-1"},"canonical":"https:\/\/d2dhunting.com\/es\/product\/standard-l-qrt-bag-5-units\/","og_locale":"es_ES","og_type":"article","og_title":"STANDARD L QRT BAG (5 Unidades) - D2D Hunting","og_description":"PAQUETE DE 5 &#8211; Koola Buck ha agregado una quinta bolsa a su kit de 4 bolsas est\u00e1ndar. Esto permite llevar no solo los cuatro cuartos, sino tambi\u00e9n lomos, solomillos y otros cortes. Estas bolsas son grandes, de alta calidad, confeccionadas con un tejido muy tupido a base de algod\u00f3n y poli\u00e9ster. Son muy duraderas [&hellip;]","og_url":"https:\/\/d2dhunting.com\/es\/product\/standard-l-qrt-bag-5-units\/","og_site_name":"D2D Hunting","article_modified_time":"2025-07-22T10:05:11+00:00","og_image":[{"width":600,"height":600,"url":"https:\/\/d2dhunting.com\/wp-content\/uploads\/2024\/05\/5-Pack-Large-Game-Bags-l.webp","type":"image\/webp"}],"twitter_card":"summary_large_image","twitter_misc":{"Tiempo de lectura":"1 minuto"},"schema":{"@context":"https:\/\/schema.org","@graph":[{"@type":["WebPage","CollectionPage"],"@id":"https:\/\/d2dhunting.com\/es\/product\/standard-l-qrt-bag-5-units\/","url":"https:\/\/d2dhunting.com\/es\/product\/standard-l-qrt-bag-5-units\/","name":"STANDARD L QRT BAG (5 Unidades) - D2D Hunting","isPartOf":{"@id":"https:\/\/d2dhunting.com\/#website"},"primaryImageOfPage":{"@id":"https:\/\/d2dhunting.com\/es\/product\/standard-l-qrt-bag-5-units\/#primaryimage"},"image":{"@id":"https:\/\/d2dhunting.com\/es\/product\/standard-l-qrt-bag-5-units\/#primaryimage"},"thumbnailUrl":"https:\/\/d2dhunting.com\/wp-content\/uploads\/2024\/05\/5-Pack-Large-Game-Bags-l.webp","datePublished":"2024-05-13T10:46:35+00:00","dateModified":"2025-07-22T10:05:11+00:00","breadcrumb":{"@id":"https:\/\/d2dhunting.com\/es\/product\/standard-l-qrt-bag-5-units\/#breadcrumb"},"inLanguage":"es"},{"@type":"ImageObject","inLanguage":"es","@id":"https:\/\/d2dhunting.com\/es\/product\/standard-l-qrt-bag-5-units\/#primaryimage","url":"https:\/\/d2dhunting.com\/wp-content\/uploads\/2024\/05\/5-Pack-Large-Game-Bags-l.webp","contentUrl":"https:\/\/d2dhunting.com\/wp-content\/uploads\/2024\/05\/5-Pack-Large-Game-Bags-l.webp","width":600,"height":600},{"@type":"BreadcrumbList","@id":"https:\/\/d2dhunting.com\/es\/product\/standard-l-qrt-bag-5-units\/#breadcrumb","itemListElement":[{"@type":"ListItem","position":1,"name":"Home","item":"https:\/\/d2dhunting.com\/es\/"},{"@type":"ListItem","position":2,"name":"Tienda ES","item":"https:\/\/d2dhunting.com\/es\/tienda-2\/"},{"@type":"ListItem","position":3,"name":"STANDARD L QRT BAG (5 Unidades)"}]},{"@type":"WebSite","@id":"https:\/\/d2dhunting.com\/#website","url":"https:\/\/d2dhunting.com\/","name":"D2D Hunting","description":"D2D was born with the idea of promoting still stalk hunting, through the distribution of quality equipment for the hunter.","publisher":{"@id":"https:\/\/d2dhunting.com\/#organization"},"potentialAction":[{"@type":"SearchAction","target":{"@type":"EntryPoint","urlTemplate":"https:\/\/d2dhunting.com\/?s={search_term_string}"},"query-input":{"@type":"PropertyValueSpecification","valueRequired":true,"valueName":"search_term_string"}}],"inLanguage":"es"},{"@type":"Organization","@id":"https:\/\/d2dhunting.com\/#organization","name":"D2D Hunting","url":"https:\/\/d2dhunting.com\/","logo":{"@type":"ImageObject","inLanguage":"es","@id":"https:\/\/d2dhunting.com\/#\/schema\/logo\/image\/","url":"https:\/\/d2dhunting.com\/wp-content\/uploads\/2023\/12\/Logo_Completo.png","contentUrl":"https:\/\/d2dhunting.com\/wp-content\/uploads\/2023\/12\/Logo_Completo.png","width":740,"height":308,"caption":"D2D Hunting"},"image":{"@id":"https:\/\/d2dhunting.com\/#\/schema\/logo\/image\/"}}]}},"brands":[],"_links":{"self":[{"href":"https:\/\/d2dhunting.com\/es\/wp-json\/wp\/v2\/product\/13739","targetHints":{"allow":["GET"]}}],"collection":[{"href":"https:\/\/d2dhunting.com\/es\/wp-json\/wp\/v2\/product"}],"about":[{"href":"https:\/\/d2dhunting.com\/es\/wp-json\/wp\/v2\/types\/product"}],"wp:featuredmedia":[{"embeddable":true,"href":"https:\/\/d2dhunting.com\/es\/wp-json\/wp\/v2\/media\/13738"}],"wp:attachment":[{"href":"https:\/\/d2dhunting.com\/es\/wp-json\/wp\/v2\/media?parent=13739"}],"wp:term":[{"taxonomy":"pwb-brand","embeddable":true,"href":"https:\/\/d2dhunting.com\/es\/wp-json\/wp\/v2\/pwb-brand?post=13739"},{"taxonomy":"product_brand","embeddable":true,"href":"https:\/\/d2dhunting.com\/es\/wp-json\/wp\/v2\/product_brand?post=13739"},{"taxonomy":"product_cat","embeddable":true,"href":"https:\/\/d2dhunting.com\/es\/wp-json\/wp\/v2\/product_cat?post=13739"},{"taxonomy":"product_tag","embeddable":true,"href":"https:\/\/d2dhunting.com\/es\/wp-json\/wp\/v2\/product_tag?post=13739"},{"taxonomy":"giftcard-category","embeddable":true,"href":"https:\/\/d2dhunting.com\/es\/wp-json\/wp\/v2\/giftcard-category?post=13739"}],"curies":[{"name":"wp","href":"https:\/\/api.w.org\/{rel}","templated":true}]}}