{"id":13760,"date":"2024-05-13T10:58:48","date_gmt":"2024-05-13T10:58:48","guid":{"rendered":"https:\/\/d2dhunting.com\/product\/synthetic-blood-red-bag-5-units\/"},"modified":"2024-12-02T08:54:55","modified_gmt":"2024-12-02T08:54:55","slug":"synthetic-blood-red-bag-5-units","status":"publish","type":"product","link":"https:\/\/d2dhunting.com\/es\/product\/synthetic-blood-red-bag-5-units\/","title":{"rendered":"SYNTHETIC BLOOD RED BAG (5 Unidades)"},"content":{"rendered":"<p><span data-sheets-root=\"1\" data-sheets-value=\"{&quot;1&quot;:2,&quot;2&quot;:&quot;Las bolsas Blood Red de Koola Buck son del color de la sangre permitiendo as\u00ed evitar el antiest\u00e9tico aspecto manchado que suele quedar en las bolsas blancas una vez que han sido usadas.\\n\\nEstas bolsas han sido dise\u00f1adas para los cuatro cuartos deshuesados as\u00ed como para lomos, solomillos y otros cortes.&quot;}\" data-sheets-userformat=\"{&quot;2&quot;:14829,&quot;3&quot;:{&quot;1&quot;:0,&quot;3&quot;:1},&quot;5&quot;:{&quot;1&quot;:[{&quot;1&quot;:2,&quot;2&quot;:0,&quot;5&quot;:{&quot;1&quot;:2,&quot;2&quot;:16731934}},{&quot;1&quot;:0,&quot;2&quot;:0,&quot;3&quot;:3},{&quot;1&quot;:1,&quot;2&quot;:0,&quot;4&quot;:1}]},&quot;6&quot;:{&quot;1&quot;:[{&quot;1&quot;:2,&quot;2&quot;:0,&quot;5&quot;:{&quot;1&quot;:2,&quot;2&quot;:16731934}},{&quot;1&quot;:0,&quot;2&quot;:0,&quot;3&quot;:3},{&quot;1&quot;:1,&quot;2&quot;:0,&quot;4&quot;:1}]},&quot;8&quot;:{&quot;1&quot;:[{&quot;1&quot;:2,&quot;2&quot;:0,&quot;5&quot;:{&quot;1&quot;:2,&quot;2&quot;:16731934}},{&quot;1&quot;:0,&quot;2&quot;:0,&quot;3&quot;:3},{&quot;1&quot;:1,&quot;2&quot;:0,&quot;4&quot;:1}]},&quot;9&quot;:0,&quot;10&quot;:1,&quot;11&quot;:4,&quot;14&quot;:{&quot;1&quot;:3,&quot;3&quot;:1},&quot;15&quot;:&quot;Calibri&quot;,&quot;16&quot;:11}\">Las bolsas Blood Red de Koola Buck son del color de la sangre permitiendo as\u00ed evitar el antiest\u00e9tico aspecto manchado que suele quedar en las bolsas blancas una vez que han sido usadas.<\/span><\/p>\n<p>Estas bolsas han sido dise\u00f1adas para los cuatro cuartos deshuesados as\u00ed como para lomos, solomillos y otros cortes.<\/p>\n","protected":false},"excerpt":{"rendered":"<p>Las bolsas Blood Red de Koola Buck son del color de la sangre permitiendo as\u00ed evitar el antiest\u00e9tico aspecto manchado que suele quedar en las bolsas blancas una vez que han sido usadas. Estas bolsas han sido dise\u00f1adas para los cuatro cuartos deshuesados as\u00ed como para lomos, solomillos y otros cortes.<\/p>\n","protected":false},"featured_media":13759,"template":"","meta":{"_acf_changed":false},"pwb-brand":[],"product_brand":[],"product_cat":[2282,1097,1213],"product_tag":[1343],"giftcard-category":[],"class_list":{"0":"post-13760","1":"product","2":"type-product","3":"status-publish","4":"has-post-thumbnail","6":"product_cat-black-friday-es","7":"product_cat-rojas-reutilizables","8":"product_cat-koola-bugs-es","9":"product_tag-manual-es","11":"first","12":"instock","13":"sale","14":"taxable","15":"shipping-taxable","16":"purchasable","17":"product-type-simple"},"acf":[],"yoast_head":"<!-- This site is optimized with the Yoast SEO plugin v27.2 - https:\/\/yoast.com\/product\/yoast-seo-wordpress\/ -->\n<title>SYNTHETIC BLOOD RED BAG (5 Unidades) - D2D Hunting<\/title>\n<meta name=\"robots\" content=\"index, follow, max-snippet:-1, max-image-preview:large, max-video-preview:-1\" \/>\n<link rel=\"canonical\" href=\"https:\/\/d2dhunting.com\/es\/product\/synthetic-blood-red-bag-5-units\/\" \/>\n<meta property=\"og:locale\" content=\"es_ES\" \/>\n<meta property=\"og:type\" content=\"article\" \/>\n<meta property=\"og:title\" content=\"SYNTHETIC BLOOD RED BAG (5 Unidades) - D2D Hunting\" \/>\n<meta property=\"og:description\" content=\"Las bolsas Blood Red de Koola Buck son del color de la sangre permitiendo as\u00ed evitar el antiest\u00e9tico aspecto manchado que suele quedar en las bolsas blancas una vez que han sido usadas. Estas bolsas han sido dise\u00f1adas para los cuatro cuartos deshuesados as\u00ed como para lomos, solomillos y otros cortes.\" \/>\n<meta property=\"og:url\" content=\"https:\/\/d2dhunting.com\/es\/product\/synthetic-blood-red-bag-5-units\/\" \/>\n<meta property=\"og:site_name\" content=\"D2D Hunting\" \/>\n<meta property=\"article:modified_time\" content=\"2024-12-02T08:54:55+00:00\" \/>\n<meta property=\"og:image\" content=\"https:\/\/d2dhunting.com\/wp-content\/uploads\/2024\/05\/SYNTHETIC-BLOOD-RED-BAG-5-Units.webp\" \/>\n\t<meta property=\"og:image:width\" content=\"1110\" \/>\n\t<meta property=\"og:image:height\" content=\"1051\" \/>\n\t<meta property=\"og:image:type\" content=\"image\/webp\" \/>\n<meta name=\"twitter:card\" content=\"summary_large_image\" \/>\n<meta name=\"twitter:label1\" content=\"Tiempo de lectura\" \/>\n\t<meta name=\"twitter:data1\" content=\"1 minuto\" \/>\n<script type=\"application\/ld+json\" class=\"yoast-schema-graph\">{\"@context\":\"https:\/\/schema.org\",\"@graph\":[{\"@type\":[\"WebPage\",\"CollectionPage\"],\"@id\":\"https:\/\/d2dhunting.com\/es\/product\/synthetic-blood-red-bag-5-units\/\",\"url\":\"https:\/\/d2dhunting.com\/es\/product\/synthetic-blood-red-bag-5-units\/\",\"name\":\"SYNTHETIC BLOOD RED BAG (5 Unidades) - D2D Hunting\",\"isPartOf\":{\"@id\":\"https:\/\/d2dhunting.com\/#website\"},\"primaryImageOfPage\":{\"@id\":\"https:\/\/d2dhunting.com\/es\/product\/synthetic-blood-red-bag-5-units\/#primaryimage\"},\"image\":{\"@id\":\"https:\/\/d2dhunting.com\/es\/product\/synthetic-blood-red-bag-5-units\/#primaryimage\"},\"thumbnailUrl\":\"https:\/\/d2dhunting.com\/wp-content\/uploads\/2024\/05\/SYNTHETIC-BLOOD-RED-BAG-5-Units.webp\",\"datePublished\":\"2024-05-13T10:58:48+00:00\",\"dateModified\":\"2024-12-02T08:54:55+00:00\",\"breadcrumb\":{\"@id\":\"https:\/\/d2dhunting.com\/es\/product\/synthetic-blood-red-bag-5-units\/#breadcrumb\"},\"inLanguage\":\"es\"},{\"@type\":\"ImageObject\",\"inLanguage\":\"es\",\"@id\":\"https:\/\/d2dhunting.com\/es\/product\/synthetic-blood-red-bag-5-units\/#primaryimage\",\"url\":\"https:\/\/d2dhunting.com\/wp-content\/uploads\/2024\/05\/SYNTHETIC-BLOOD-RED-BAG-5-Units.webp\",\"contentUrl\":\"https:\/\/d2dhunting.com\/wp-content\/uploads\/2024\/05\/SYNTHETIC-BLOOD-RED-BAG-5-Units.webp\",\"width\":1110,\"height\":1051},{\"@type\":\"BreadcrumbList\",\"@id\":\"https:\/\/d2dhunting.com\/es\/product\/synthetic-blood-red-bag-5-units\/#breadcrumb\",\"itemListElement\":[{\"@type\":\"ListItem\",\"position\":1,\"name\":\"Home\",\"item\":\"https:\/\/d2dhunting.com\/es\/\"},{\"@type\":\"ListItem\",\"position\":2,\"name\":\"Tienda ES\",\"item\":\"https:\/\/d2dhunting.com\/es\/tienda-2\/\"},{\"@type\":\"ListItem\",\"position\":3,\"name\":\"SYNTHETIC BLOOD RED BAG (5 Unidades)\"}]},{\"@type\":\"WebSite\",\"@id\":\"https:\/\/d2dhunting.com\/#website\",\"url\":\"https:\/\/d2dhunting.com\/\",\"name\":\"D2D Hunting\",\"description\":\"D2D was born with the idea of promoting still stalk hunting, through the distribution of quality equipment for the hunter.\",\"publisher\":{\"@id\":\"https:\/\/d2dhunting.com\/#organization\"},\"potentialAction\":[{\"@type\":\"SearchAction\",\"target\":{\"@type\":\"EntryPoint\",\"urlTemplate\":\"https:\/\/d2dhunting.com\/?s={search_term_string}\"},\"query-input\":{\"@type\":\"PropertyValueSpecification\",\"valueRequired\":true,\"valueName\":\"search_term_string\"}}],\"inLanguage\":\"es\"},{\"@type\":\"Organization\",\"@id\":\"https:\/\/d2dhunting.com\/#organization\",\"name\":\"D2D Hunting\",\"url\":\"https:\/\/d2dhunting.com\/\",\"logo\":{\"@type\":\"ImageObject\",\"inLanguage\":\"es\",\"@id\":\"https:\/\/d2dhunting.com\/#\/schema\/logo\/image\/\",\"url\":\"https:\/\/d2dhunting.com\/wp-content\/uploads\/2023\/12\/Logo_Completo.png\",\"contentUrl\":\"https:\/\/d2dhunting.com\/wp-content\/uploads\/2023\/12\/Logo_Completo.png\",\"width\":740,\"height\":308,\"caption\":\"D2D Hunting\"},\"image\":{\"@id\":\"https:\/\/d2dhunting.com\/#\/schema\/logo\/image\/\"}}]}<\/script>\n<!-- \/ Yoast SEO plugin. -->","yoast_head_json":{"title":"SYNTHETIC BLOOD RED BAG (5 Unidades) - D2D Hunting","robots":{"index":"index","follow":"follow","max-snippet":"max-snippet:-1","max-image-preview":"max-image-preview:large","max-video-preview":"max-video-preview:-1"},"canonical":"https:\/\/d2dhunting.com\/es\/product\/synthetic-blood-red-bag-5-units\/","og_locale":"es_ES","og_type":"article","og_title":"SYNTHETIC BLOOD RED BAG (5 Unidades) - D2D Hunting","og_description":"Las bolsas Blood Red de Koola Buck son del color de la sangre permitiendo as\u00ed evitar el antiest\u00e9tico aspecto manchado que suele quedar en las bolsas blancas una vez que han sido usadas. Estas bolsas han sido dise\u00f1adas para los cuatro cuartos deshuesados as\u00ed como para lomos, solomillos y otros cortes.","og_url":"https:\/\/d2dhunting.com\/es\/product\/synthetic-blood-red-bag-5-units\/","og_site_name":"D2D Hunting","article_modified_time":"2024-12-02T08:54:55+00:00","og_image":[{"width":1110,"height":1051,"url":"https:\/\/d2dhunting.com\/wp-content\/uploads\/2024\/05\/SYNTHETIC-BLOOD-RED-BAG-5-Units.webp","type":"image\/webp"}],"twitter_card":"summary_large_image","twitter_misc":{"Tiempo de lectura":"1 minuto"},"schema":{"@context":"https:\/\/schema.org","@graph":[{"@type":["WebPage","CollectionPage"],"@id":"https:\/\/d2dhunting.com\/es\/product\/synthetic-blood-red-bag-5-units\/","url":"https:\/\/d2dhunting.com\/es\/product\/synthetic-blood-red-bag-5-units\/","name":"SYNTHETIC BLOOD RED BAG (5 Unidades) - D2D Hunting","isPartOf":{"@id":"https:\/\/d2dhunting.com\/#website"},"primaryImageOfPage":{"@id":"https:\/\/d2dhunting.com\/es\/product\/synthetic-blood-red-bag-5-units\/#primaryimage"},"image":{"@id":"https:\/\/d2dhunting.com\/es\/product\/synthetic-blood-red-bag-5-units\/#primaryimage"},"thumbnailUrl":"https:\/\/d2dhunting.com\/wp-content\/uploads\/2024\/05\/SYNTHETIC-BLOOD-RED-BAG-5-Units.webp","datePublished":"2024-05-13T10:58:48+00:00","dateModified":"2024-12-02T08:54:55+00:00","breadcrumb":{"@id":"https:\/\/d2dhunting.com\/es\/product\/synthetic-blood-red-bag-5-units\/#breadcrumb"},"inLanguage":"es"},{"@type":"ImageObject","inLanguage":"es","@id":"https:\/\/d2dhunting.com\/es\/product\/synthetic-blood-red-bag-5-units\/#primaryimage","url":"https:\/\/d2dhunting.com\/wp-content\/uploads\/2024\/05\/SYNTHETIC-BLOOD-RED-BAG-5-Units.webp","contentUrl":"https:\/\/d2dhunting.com\/wp-content\/uploads\/2024\/05\/SYNTHETIC-BLOOD-RED-BAG-5-Units.webp","width":1110,"height":1051},{"@type":"BreadcrumbList","@id":"https:\/\/d2dhunting.com\/es\/product\/synthetic-blood-red-bag-5-units\/#breadcrumb","itemListElement":[{"@type":"ListItem","position":1,"name":"Home","item":"https:\/\/d2dhunting.com\/es\/"},{"@type":"ListItem","position":2,"name":"Tienda ES","item":"https:\/\/d2dhunting.com\/es\/tienda-2\/"},{"@type":"ListItem","position":3,"name":"SYNTHETIC BLOOD RED BAG (5 Unidades)"}]},{"@type":"WebSite","@id":"https:\/\/d2dhunting.com\/#website","url":"https:\/\/d2dhunting.com\/","name":"D2D Hunting","description":"D2D was born with the idea of promoting still stalk hunting, through the distribution of quality equipment for the hunter.","publisher":{"@id":"https:\/\/d2dhunting.com\/#organization"},"potentialAction":[{"@type":"SearchAction","target":{"@type":"EntryPoint","urlTemplate":"https:\/\/d2dhunting.com\/?s={search_term_string}"},"query-input":{"@type":"PropertyValueSpecification","valueRequired":true,"valueName":"search_term_string"}}],"inLanguage":"es"},{"@type":"Organization","@id":"https:\/\/d2dhunting.com\/#organization","name":"D2D Hunting","url":"https:\/\/d2dhunting.com\/","logo":{"@type":"ImageObject","inLanguage":"es","@id":"https:\/\/d2dhunting.com\/#\/schema\/logo\/image\/","url":"https:\/\/d2dhunting.com\/wp-content\/uploads\/2023\/12\/Logo_Completo.png","contentUrl":"https:\/\/d2dhunting.com\/wp-content\/uploads\/2023\/12\/Logo_Completo.png","width":740,"height":308,"caption":"D2D Hunting"},"image":{"@id":"https:\/\/d2dhunting.com\/#\/schema\/logo\/image\/"}}]}},"brands":[],"_links":{"self":[{"href":"https:\/\/d2dhunting.com\/es\/wp-json\/wp\/v2\/product\/13760","targetHints":{"allow":["GET"]}}],"collection":[{"href":"https:\/\/d2dhunting.com\/es\/wp-json\/wp\/v2\/product"}],"about":[{"href":"https:\/\/d2dhunting.com\/es\/wp-json\/wp\/v2\/types\/product"}],"wp:featuredmedia":[{"embeddable":true,"href":"https:\/\/d2dhunting.com\/es\/wp-json\/wp\/v2\/media\/13759"}],"wp:attachment":[{"href":"https:\/\/d2dhunting.com\/es\/wp-json\/wp\/v2\/media?parent=13760"}],"wp:term":[{"taxonomy":"pwb-brand","embeddable":true,"href":"https:\/\/d2dhunting.com\/es\/wp-json\/wp\/v2\/pwb-brand?post=13760"},{"taxonomy":"product_brand","embeddable":true,"href":"https:\/\/d2dhunting.com\/es\/wp-json\/wp\/v2\/product_brand?post=13760"},{"taxonomy":"product_cat","embeddable":true,"href":"https:\/\/d2dhunting.com\/es\/wp-json\/wp\/v2\/product_cat?post=13760"},{"taxonomy":"product_tag","embeddable":true,"href":"https:\/\/d2dhunting.com\/es\/wp-json\/wp\/v2\/product_tag?post=13760"},{"taxonomy":"giftcard-category","embeddable":true,"href":"https:\/\/d2dhunting.com\/es\/wp-json\/wp\/v2\/giftcard-category?post=13760"}],"curies":[{"name":"wp","href":"https:\/\/api.w.org\/{rel}","templated":true}]}}