{"id":14677,"date":"2024-07-17T10:08:56","date_gmt":"2024-07-17T10:08:56","guid":{"rendered":"https:\/\/d2dhunting.com\/product\/mega-kit\/"},"modified":"2026-03-01T17:49:00","modified_gmt":"2026-03-01T17:49:00","slug":"mega-kit","status":"publish","type":"product","link":"https:\/\/d2dhunting.com\/es\/product\/mega-kit\/","title":{"rendered":"SPECIAL OFFER MEGA KIT"},"content":{"rendered":"<p><strong>EL MEGA KIT INCLUYE:<\/strong><\/p>\n<p>Incluye todo lo necesario para iniciarse en la caza desde saddle aparejado y listo seg\u00fan sale del paquete<\/p>\n<p>Inspirado por la necesidad de eliminar la elecci\u00f3n entre aerodin\u00e1mica o c\u00f3modidad, el saddle Method 2 es ultracompacto mientras andamos por el bosque pero de despliega para ofrecer mayor superficie de apoyo cuando estamos en el \u00e1rbol que los dise\u00f1os tradicionales.<\/p>\n<p>El Method 2 incorpora nuestro sistema patentado de sujeci\u00f3n magn\u00e9tica que hace que desplegar los dos paneles sea r\u00e1pido y f\u00e1cil. Esto permite un ajuste independiente del soporte superior e inferior, lo que convierte a este saddle en la opci\u00f3n m\u00e1s personalizable.<\/p>\n<p>El Method 2 es un ssaddle de dos paneles con cintur\u00f3n de cuerda, sin metal, patentado.<\/p>\n<p>Fabricado en los EE. UU.<\/p>\n<p>Disponible en talla REG y XL.<\/p>\n<p>En el kit se incluyen la bolsa de accesorios Method y cuerdas de sujeci\u00f3n y ascenso (Tether y Lineman) de primera calidad. Los componentes adicionales incluyen mosquetones de primera calidad y cordinos montados con sistema deslizante autoblocante para operar con una sola mano, as\u00ed como cinchas extra\u00edbles para las piernas.&#8221;<\/p>\n<p><strong>PELDA\u00d1OS DE CARBONO CARBON SS &#8211; PACK DE 3<\/strong><\/p>\n<p>Pelda\u00f1os 100% libres de metal.<\/p>\n<p>Los nuevos pelda\u00f1os Carbon SS est\u00e1n fabricados con un compuesto de fibra de carbono patentado, que acerca por primera vez, la tecnolog\u00eda aeroespacial moderna al bosque.<\/p>\n<p>La construcci\u00f3n es de una sola pieza, sin partes m\u00f3viles. Los pelda\u00f1os se apilan creando un conjunto de muy bajo perfil. El sistema de fijaci\u00f3n con cuerda Amsteel (pendiente de patente) es de muy f\u00e1cil uso y alta resistencia.<\/p>\n<p>Con un peso de solo 19 onzas (538 g.) cada uno y fabricados en USA, estos palos han sido pensados para el cazador m\u00f3vil, ya sea desde treestand o saddle.<\/p>\n<p>Y para subir a\u00fan m\u00e1s alto cuando la situaci\u00f3n lo requiera, sin tener que cargar con el volumen de llevar pelda\u00f1os adicionales, recomendamos el uso de nuestros aiders. Con estos escalones de amsteel a\u00f1adidos, se duplica el alcance de cada pelda\u00f1o. (Se venden por separado)<\/p>\n<p><strong>PLATAFORMA PROFILE<\/strong><\/p>\n<p>La Plataforma Profile es la primera plataforma de caza en silla de su clase, que ofrece un perfil compacto inigualable. Con un borde delantero en \u00e1ngulo para eliminar la fatiga del pie y un mando de ajuste de f\u00e1cil acceso que se puede accionar con el pie, la Plataforma Profile garantiza la m\u00e1xima comodidad y capacidad de carga. Su dise\u00f1o de poste empotrado y su perfil ultrafino la convierten en la plataforma m\u00e1s compacta del mercado. Con una banda de rodadura de tracci\u00f3n que proporciona agarre en todas las condiciones meteorol\u00f3gicas, la Plataforma Profile es perfecta para los cazadores que priorizan la movilidad pero no quieren sacrificar la comodidad.<\/p>\n","protected":false},"excerpt":{"rendered":"<p>EL MEGA KIT INCLUYE: Incluye todo lo necesario para iniciarse en la caza desde saddle aparejado y listo seg\u00fan sale del paquete Inspirado por la necesidad de eliminar la elecci\u00f3n entre aerodin\u00e1mica o c\u00f3modidad, el saddle Method 2 es ultracompacto mientras andamos por el bosque pero de despliega para ofrecer mayor superficie de apoyo cuando [&hellip;]<\/p>\n","protected":false},"featured_media":17180,"template":"","meta":{"_acf_changed":false},"pwb-brand":[837],"product_brand":[],"product_cat":[2282,1001,229],"product_tag":[],"giftcard-category":[],"class_list":{"0":"post-14677","1":"product","2":"type-product","3":"status-publish","4":"has-post-thumbnail","6":"pwb-brand-latitude","7":"product_cat-black-friday-es","8":"product_cat-saddle","9":"product_cat-saddles-and-starter-kits-es","11":"first","12":"instock","13":"taxable","14":"shipping-taxable","15":"purchasable","16":"product-type-variable"},"acf":[],"yoast_head":"<!-- This site is optimized with the Yoast SEO plugin v27.2 - https:\/\/yoast.com\/product\/yoast-seo-wordpress\/ -->\n<title>SPECIAL OFFER MEGA KIT - D2D Hunting<\/title>\n<meta name=\"robots\" content=\"index, follow, max-snippet:-1, max-image-preview:large, max-video-preview:-1\" \/>\n<link rel=\"canonical\" href=\"https:\/\/d2dhunting.com\/es\/product\/mega-kit\/\" \/>\n<meta property=\"og:locale\" content=\"es_ES\" \/>\n<meta property=\"og:type\" content=\"article\" \/>\n<meta property=\"og:title\" content=\"SPECIAL OFFER MEGA KIT - D2D Hunting\" \/>\n<meta property=\"og:description\" content=\"EL MEGA KIT INCLUYE: Incluye todo lo necesario para iniciarse en la caza desde saddle aparejado y listo seg\u00fan sale del paquete Inspirado por la necesidad de eliminar la elecci\u00f3n entre aerodin\u00e1mica o c\u00f3modidad, el saddle Method 2 es ultracompacto mientras andamos por el bosque pero de despliega para ofrecer mayor superficie de apoyo cuando [&hellip;]\" \/>\n<meta property=\"og:url\" content=\"https:\/\/d2dhunting.com\/es\/product\/mega-kit\/\" \/>\n<meta property=\"og:site_name\" content=\"D2D Hunting\" \/>\n<meta property=\"article:modified_time\" content=\"2026-03-01T17:49:00+00:00\" \/>\n<meta property=\"og:image\" content=\"https:\/\/d2dhunting.com\/wp-content\/uploads\/2024\/07\/kit-saddle.png\" \/>\n\t<meta property=\"og:image:width\" content=\"1000\" \/>\n\t<meta property=\"og:image:height\" content=\"739\" \/>\n\t<meta property=\"og:image:type\" content=\"image\/png\" \/>\n<meta name=\"twitter:card\" content=\"summary_large_image\" \/>\n<meta name=\"twitter:label1\" content=\"Tiempo de lectura\" \/>\n\t<meta name=\"twitter:data1\" content=\"3 minutos\" \/>\n<script type=\"application\/ld+json\" class=\"yoast-schema-graph\">{\"@context\":\"https:\/\/schema.org\",\"@graph\":[{\"@type\":[\"WebPage\",\"CollectionPage\"],\"@id\":\"https:\/\/d2dhunting.com\/es\/product\/mega-kit\/\",\"url\":\"https:\/\/d2dhunting.com\/es\/product\/mega-kit\/\",\"name\":\"SPECIAL OFFER MEGA KIT - D2D Hunting\",\"isPartOf\":{\"@id\":\"https:\/\/d2dhunting.com\/#website\"},\"primaryImageOfPage\":{\"@id\":\"https:\/\/d2dhunting.com\/es\/product\/mega-kit\/#primaryimage\"},\"image\":{\"@id\":\"https:\/\/d2dhunting.com\/es\/product\/mega-kit\/#primaryimage\"},\"thumbnailUrl\":\"https:\/\/d2dhunting.com\/wp-content\/uploads\/2024\/07\/kit-saddle.png\",\"datePublished\":\"2024-07-17T10:08:56+00:00\",\"dateModified\":\"2026-03-01T17:49:00+00:00\",\"breadcrumb\":{\"@id\":\"https:\/\/d2dhunting.com\/es\/product\/mega-kit\/#breadcrumb\"},\"inLanguage\":\"es\"},{\"@type\":\"ImageObject\",\"inLanguage\":\"es\",\"@id\":\"https:\/\/d2dhunting.com\/es\/product\/mega-kit\/#primaryimage\",\"url\":\"https:\/\/d2dhunting.com\/wp-content\/uploads\/2024\/07\/kit-saddle.png\",\"contentUrl\":\"https:\/\/d2dhunting.com\/wp-content\/uploads\/2024\/07\/kit-saddle.png\",\"width\":1000,\"height\":739},{\"@type\":\"BreadcrumbList\",\"@id\":\"https:\/\/d2dhunting.com\/es\/product\/mega-kit\/#breadcrumb\",\"itemListElement\":[{\"@type\":\"ListItem\",\"position\":1,\"name\":\"Home\",\"item\":\"https:\/\/d2dhunting.com\/es\/\"},{\"@type\":\"ListItem\",\"position\":2,\"name\":\"Tienda ES\",\"item\":\"https:\/\/d2dhunting.com\/es\/tienda-2\/\"},{\"@type\":\"ListItem\",\"position\":3,\"name\":\"SPECIAL OFFER MEGA KIT\"}]},{\"@type\":\"WebSite\",\"@id\":\"https:\/\/d2dhunting.com\/#website\",\"url\":\"https:\/\/d2dhunting.com\/\",\"name\":\"D2D Hunting\",\"description\":\"D2D was born with the idea of promoting still stalk hunting, through the distribution of quality equipment for the hunter.\",\"publisher\":{\"@id\":\"https:\/\/d2dhunting.com\/#organization\"},\"potentialAction\":[{\"@type\":\"SearchAction\",\"target\":{\"@type\":\"EntryPoint\",\"urlTemplate\":\"https:\/\/d2dhunting.com\/?s={search_term_string}\"},\"query-input\":{\"@type\":\"PropertyValueSpecification\",\"valueRequired\":true,\"valueName\":\"search_term_string\"}}],\"inLanguage\":\"es\"},{\"@type\":\"Organization\",\"@id\":\"https:\/\/d2dhunting.com\/#organization\",\"name\":\"D2D Hunting\",\"url\":\"https:\/\/d2dhunting.com\/\",\"logo\":{\"@type\":\"ImageObject\",\"inLanguage\":\"es\",\"@id\":\"https:\/\/d2dhunting.com\/#\/schema\/logo\/image\/\",\"url\":\"https:\/\/d2dhunting.com\/wp-content\/uploads\/2023\/12\/Logo_Completo.png\",\"contentUrl\":\"https:\/\/d2dhunting.com\/wp-content\/uploads\/2023\/12\/Logo_Completo.png\",\"width\":740,\"height\":308,\"caption\":\"D2D Hunting\"},\"image\":{\"@id\":\"https:\/\/d2dhunting.com\/#\/schema\/logo\/image\/\"}}]}<\/script>\n<!-- \/ Yoast SEO plugin. -->","yoast_head_json":{"title":"SPECIAL OFFER MEGA KIT - D2D Hunting","robots":{"index":"index","follow":"follow","max-snippet":"max-snippet:-1","max-image-preview":"max-image-preview:large","max-video-preview":"max-video-preview:-1"},"canonical":"https:\/\/d2dhunting.com\/es\/product\/mega-kit\/","og_locale":"es_ES","og_type":"article","og_title":"SPECIAL OFFER MEGA KIT - D2D Hunting","og_description":"EL MEGA KIT INCLUYE: Incluye todo lo necesario para iniciarse en la caza desde saddle aparejado y listo seg\u00fan sale del paquete Inspirado por la necesidad de eliminar la elecci\u00f3n entre aerodin\u00e1mica o c\u00f3modidad, el saddle Method 2 es ultracompacto mientras andamos por el bosque pero de despliega para ofrecer mayor superficie de apoyo cuando [&hellip;]","og_url":"https:\/\/d2dhunting.com\/es\/product\/mega-kit\/","og_site_name":"D2D Hunting","article_modified_time":"2026-03-01T17:49:00+00:00","og_image":[{"width":1000,"height":739,"url":"https:\/\/d2dhunting.com\/wp-content\/uploads\/2024\/07\/kit-saddle.png","type":"image\/png"}],"twitter_card":"summary_large_image","twitter_misc":{"Tiempo de lectura":"3 minutos"},"schema":{"@context":"https:\/\/schema.org","@graph":[{"@type":["WebPage","CollectionPage"],"@id":"https:\/\/d2dhunting.com\/es\/product\/mega-kit\/","url":"https:\/\/d2dhunting.com\/es\/product\/mega-kit\/","name":"SPECIAL OFFER MEGA KIT - D2D Hunting","isPartOf":{"@id":"https:\/\/d2dhunting.com\/#website"},"primaryImageOfPage":{"@id":"https:\/\/d2dhunting.com\/es\/product\/mega-kit\/#primaryimage"},"image":{"@id":"https:\/\/d2dhunting.com\/es\/product\/mega-kit\/#primaryimage"},"thumbnailUrl":"https:\/\/d2dhunting.com\/wp-content\/uploads\/2024\/07\/kit-saddle.png","datePublished":"2024-07-17T10:08:56+00:00","dateModified":"2026-03-01T17:49:00+00:00","breadcrumb":{"@id":"https:\/\/d2dhunting.com\/es\/product\/mega-kit\/#breadcrumb"},"inLanguage":"es"},{"@type":"ImageObject","inLanguage":"es","@id":"https:\/\/d2dhunting.com\/es\/product\/mega-kit\/#primaryimage","url":"https:\/\/d2dhunting.com\/wp-content\/uploads\/2024\/07\/kit-saddle.png","contentUrl":"https:\/\/d2dhunting.com\/wp-content\/uploads\/2024\/07\/kit-saddle.png","width":1000,"height":739},{"@type":"BreadcrumbList","@id":"https:\/\/d2dhunting.com\/es\/product\/mega-kit\/#breadcrumb","itemListElement":[{"@type":"ListItem","position":1,"name":"Home","item":"https:\/\/d2dhunting.com\/es\/"},{"@type":"ListItem","position":2,"name":"Tienda ES","item":"https:\/\/d2dhunting.com\/es\/tienda-2\/"},{"@type":"ListItem","position":3,"name":"SPECIAL OFFER MEGA KIT"}]},{"@type":"WebSite","@id":"https:\/\/d2dhunting.com\/#website","url":"https:\/\/d2dhunting.com\/","name":"D2D Hunting","description":"D2D was born with the idea of promoting still stalk hunting, through the distribution of quality equipment for the hunter.","publisher":{"@id":"https:\/\/d2dhunting.com\/#organization"},"potentialAction":[{"@type":"SearchAction","target":{"@type":"EntryPoint","urlTemplate":"https:\/\/d2dhunting.com\/?s={search_term_string}"},"query-input":{"@type":"PropertyValueSpecification","valueRequired":true,"valueName":"search_term_string"}}],"inLanguage":"es"},{"@type":"Organization","@id":"https:\/\/d2dhunting.com\/#organization","name":"D2D Hunting","url":"https:\/\/d2dhunting.com\/","logo":{"@type":"ImageObject","inLanguage":"es","@id":"https:\/\/d2dhunting.com\/#\/schema\/logo\/image\/","url":"https:\/\/d2dhunting.com\/wp-content\/uploads\/2023\/12\/Logo_Completo.png","contentUrl":"https:\/\/d2dhunting.com\/wp-content\/uploads\/2023\/12\/Logo_Completo.png","width":740,"height":308,"caption":"D2D Hunting"},"image":{"@id":"https:\/\/d2dhunting.com\/#\/schema\/logo\/image\/"}}]}},"brands":[{"id":837,"name":"LATITUDE","slug":"latitude"}],"_links":{"self":[{"href":"https:\/\/d2dhunting.com\/es\/wp-json\/wp\/v2\/product\/14677","targetHints":{"allow":["GET"]}}],"collection":[{"href":"https:\/\/d2dhunting.com\/es\/wp-json\/wp\/v2\/product"}],"about":[{"href":"https:\/\/d2dhunting.com\/es\/wp-json\/wp\/v2\/types\/product"}],"wp:featuredmedia":[{"embeddable":true,"href":"https:\/\/d2dhunting.com\/es\/wp-json\/wp\/v2\/media\/17180"}],"wp:attachment":[{"href":"https:\/\/d2dhunting.com\/es\/wp-json\/wp\/v2\/media?parent=14677"}],"wp:term":[{"taxonomy":"pwb-brand","embeddable":true,"href":"https:\/\/d2dhunting.com\/es\/wp-json\/wp\/v2\/pwb-brand?post=14677"},{"taxonomy":"product_brand","embeddable":true,"href":"https:\/\/d2dhunting.com\/es\/wp-json\/wp\/v2\/product_brand?post=14677"},{"taxonomy":"product_cat","embeddable":true,"href":"https:\/\/d2dhunting.com\/es\/wp-json\/wp\/v2\/product_cat?post=14677"},{"taxonomy":"product_tag","embeddable":true,"href":"https:\/\/d2dhunting.com\/es\/wp-json\/wp\/v2\/product_tag?post=14677"},{"taxonomy":"giftcard-category","embeddable":true,"href":"https:\/\/d2dhunting.com\/es\/wp-json\/wp\/v2\/giftcard-category?post=14677"}],"curies":[{"name":"wp","href":"https:\/\/api.w.org\/{rel}","templated":true}]}}