{"id":15285,"date":"2024-08-13T12:20:49","date_gmt":"2024-08-13T12:20:49","guid":{"rendered":"https:\/\/d2dhunting.com\/product\/grizzly-blanket\/"},"modified":"2024-09-19T10:01:26","modified_gmt":"2024-09-19T10:01:26","slug":"grizzly-blanket","status":"publish","type":"product","link":"https:\/\/d2dhunting.com\/es\/product\/grizzly-blanket\/","title":{"rendered":"Grizzly Blanket"},"content":{"rendered":"<p>Descubre la manta Grizzly Outdoor: una manta multifuncional y duradera que se convierte f\u00e1cilmente en una capa o en un vivac para dormir, ideal para cualquier aventura al aire libre. Equipada con amarres seguros, es perfecta y c\u00f3moda en cualquier condici\u00f3n.<\/p>\n<p>La manta Grizzly Outdoor es la mejor compa\u00f1era y ha sido dise\u00f1ada para revolucionar las experiencias en la naturaleza de cualquier aventurero. Esta no es una manta m\u00e1s; Es un elemento esencial resistente, vers\u00e1til e ingenioso.<\/p>\n<p>Elaborada con el esp\u00edritu de las actividades al aire libre en mente, la manta Grizzly Outdoor destaca por su excepcional versatilidad y comodidad. Pasa f\u00e1cilmente de una manta tradicional a una capa protectora o a un acogedor vivac para dormir, gracias a sus broches incorporados. Esta caracter\u00edstica la convierte en un elemento indispensable para cualquier acampada improvisada, expedici\u00f3n de senderismo o d\u00eda de picnic en el parque.<\/p>\n<p>Lo que distingue a la manta Grizzly Outdoor es su atenci\u00f3n al detalle en el dise\u00f1o. Viene equipada con m\u00faltiples opciones de amarre, lo que garantiza que permanezca en su lugar incluso en las condiciones de viento m\u00e1s desafiantes. Esta caracter\u00edstica es perfecta para mantener la manta asegurada, ya sea para cubrinos en una playa ventosa, descansar en la cima de una monta\u00f1a o sentarnos junto a una fogata de campamento.<\/p>\n<p>La manta Grizzly es m\u00e1s que un art\u00edculo funcional; Es tu zona de confort port\u00e1til. Ofrece un refugio acogedor para una siesta r\u00e1pida bajo las estrellas o un c\u00e1lido abrazo mientras nos reunimos alrededor del fuego con amigos y familiares. Su durabilidad y adaptabilidad la hacen apta para todas tus actividades al aire libre, aportando un toque de comodidad y fiabilidad all\u00e1 donde te lleven tus aventuras.<\/p>\n<p>Abraza la naturaleza salvaje como nunca antes con la manta Grizzly Outdoor, dise\u00f1ada para el aventurero que todos llevamos dentro. No es solo una manta; Es un potenciador de la experiencia, listo para acompa\u00f1arte en todos tus viajes al aire libre.<\/p>\n","protected":false},"excerpt":{"rendered":"<p>Descubre la manta Grizzly Outdoor: una manta multifuncional y duradera que se convierte f\u00e1cilmente en una capa o en un vivac para dormir, ideal para cualquier aventura al aire libre. Equipada con amarres seguros, es perfecta y c\u00f3moda en cualquier condici\u00f3n. La manta Grizzly Outdoor es la mejor compa\u00f1era y ha sido dise\u00f1ada para revolucionar [&hellip;]<\/p>\n","protected":false},"featured_media":15270,"template":"","meta":{"_acf_changed":false},"pwb-brand":[1403],"product_brand":[],"product_cat":[1440,1404],"product_tag":[],"giftcard-category":[],"class_list":{"0":"post-15285","1":"product","2":"type-product","3":"status-publish","4":"has-post-thumbnail","6":"pwb-brand-grizzly","7":"product_cat-bolsas","8":"product_cat-neveras-y-a","10":"first","11":"instock","12":"taxable","13":"shipping-taxable","14":"purchasable","15":"product-type-simple"},"acf":[],"yoast_head":"<!-- This site is optimized with the Yoast SEO plugin v27.2 - https:\/\/yoast.com\/product\/yoast-seo-wordpress\/ -->\n<title>Grizzly Blanket - D2D Hunting<\/title>\n<meta name=\"robots\" content=\"index, follow, max-snippet:-1, max-image-preview:large, max-video-preview:-1\" \/>\n<link rel=\"canonical\" href=\"https:\/\/d2dhunting.com\/es\/product\/grizzly-blanket\/\" \/>\n<meta property=\"og:locale\" content=\"es_ES\" \/>\n<meta property=\"og:type\" content=\"article\" \/>\n<meta property=\"og:title\" content=\"Grizzly Blanket - D2D Hunting\" \/>\n<meta property=\"og:description\" content=\"Descubre la manta Grizzly Outdoor: una manta multifuncional y duradera que se convierte f\u00e1cilmente en una capa o en un vivac para dormir, ideal para cualquier aventura al aire libre. Equipada con amarres seguros, es perfecta y c\u00f3moda en cualquier condici\u00f3n. La manta Grizzly Outdoor es la mejor compa\u00f1era y ha sido dise\u00f1ada para revolucionar [&hellip;]\" \/>\n<meta property=\"og:url\" content=\"https:\/\/d2dhunting.com\/es\/product\/grizzly-blanket\/\" \/>\n<meta property=\"og:site_name\" content=\"D2D Hunting\" \/>\n<meta property=\"article:modified_time\" content=\"2024-09-19T10:01:26+00:00\" \/>\n<meta property=\"og:image\" content=\"https:\/\/d2dhunting.com\/wp-content\/uploads\/2024\/08\/GrizzlyBlanket960x540-7.webp\" \/>\n\t<meta property=\"og:image:width\" content=\"950\" \/>\n\t<meta property=\"og:image:height\" content=\"534\" \/>\n\t<meta property=\"og:image:type\" content=\"image\/webp\" \/>\n<meta name=\"twitter:card\" content=\"summary_large_image\" \/>\n<meta name=\"twitter:label1\" content=\"Tiempo de lectura\" \/>\n\t<meta name=\"twitter:data1\" content=\"2 minutos\" \/>\n<script type=\"application\/ld+json\" class=\"yoast-schema-graph\">{\"@context\":\"https:\/\/schema.org\",\"@graph\":[{\"@type\":[\"WebPage\",\"CollectionPage\"],\"@id\":\"https:\/\/d2dhunting.com\/es\/product\/grizzly-blanket\/\",\"url\":\"https:\/\/d2dhunting.com\/es\/product\/grizzly-blanket\/\",\"name\":\"Grizzly Blanket - D2D Hunting\",\"isPartOf\":{\"@id\":\"https:\/\/d2dhunting.com\/#website\"},\"primaryImageOfPage\":{\"@id\":\"https:\/\/d2dhunting.com\/es\/product\/grizzly-blanket\/#primaryimage\"},\"image\":{\"@id\":\"https:\/\/d2dhunting.com\/es\/product\/grizzly-blanket\/#primaryimage\"},\"thumbnailUrl\":\"https:\/\/d2dhunting.com\/wp-content\/uploads\/2024\/08\/GrizzlyBlanket960x540-7.webp\",\"datePublished\":\"2024-08-13T12:20:49+00:00\",\"dateModified\":\"2024-09-19T10:01:26+00:00\",\"breadcrumb\":{\"@id\":\"https:\/\/d2dhunting.com\/es\/product\/grizzly-blanket\/#breadcrumb\"},\"inLanguage\":\"es\"},{\"@type\":\"ImageObject\",\"inLanguage\":\"es\",\"@id\":\"https:\/\/d2dhunting.com\/es\/product\/grizzly-blanket\/#primaryimage\",\"url\":\"https:\/\/d2dhunting.com\/wp-content\/uploads\/2024\/08\/GrizzlyBlanket960x540-7.webp\",\"contentUrl\":\"https:\/\/d2dhunting.com\/wp-content\/uploads\/2024\/08\/GrizzlyBlanket960x540-7.webp\",\"width\":950,\"height\":534},{\"@type\":\"BreadcrumbList\",\"@id\":\"https:\/\/d2dhunting.com\/es\/product\/grizzly-blanket\/#breadcrumb\",\"itemListElement\":[{\"@type\":\"ListItem\",\"position\":1,\"name\":\"Home\",\"item\":\"https:\/\/d2dhunting.com\/es\/\"},{\"@type\":\"ListItem\",\"position\":2,\"name\":\"Tienda ES\",\"item\":\"https:\/\/d2dhunting.com\/es\/tienda-2\/\"},{\"@type\":\"ListItem\",\"position\":3,\"name\":\"Grizzly Blanket\"}]},{\"@type\":\"WebSite\",\"@id\":\"https:\/\/d2dhunting.com\/#website\",\"url\":\"https:\/\/d2dhunting.com\/\",\"name\":\"D2D Hunting\",\"description\":\"D2D was born with the idea of promoting still stalk hunting, through the distribution of quality equipment for the hunter.\",\"publisher\":{\"@id\":\"https:\/\/d2dhunting.com\/#organization\"},\"potentialAction\":[{\"@type\":\"SearchAction\",\"target\":{\"@type\":\"EntryPoint\",\"urlTemplate\":\"https:\/\/d2dhunting.com\/?s={search_term_string}\"},\"query-input\":{\"@type\":\"PropertyValueSpecification\",\"valueRequired\":true,\"valueName\":\"search_term_string\"}}],\"inLanguage\":\"es\"},{\"@type\":\"Organization\",\"@id\":\"https:\/\/d2dhunting.com\/#organization\",\"name\":\"D2D Hunting\",\"url\":\"https:\/\/d2dhunting.com\/\",\"logo\":{\"@type\":\"ImageObject\",\"inLanguage\":\"es\",\"@id\":\"https:\/\/d2dhunting.com\/#\/schema\/logo\/image\/\",\"url\":\"https:\/\/d2dhunting.com\/wp-content\/uploads\/2023\/12\/Logo_Completo.png\",\"contentUrl\":\"https:\/\/d2dhunting.com\/wp-content\/uploads\/2023\/12\/Logo_Completo.png\",\"width\":740,\"height\":308,\"caption\":\"D2D Hunting\"},\"image\":{\"@id\":\"https:\/\/d2dhunting.com\/#\/schema\/logo\/image\/\"}}]}<\/script>\n<!-- \/ Yoast SEO plugin. -->","yoast_head_json":{"title":"Grizzly Blanket - D2D Hunting","robots":{"index":"index","follow":"follow","max-snippet":"max-snippet:-1","max-image-preview":"max-image-preview:large","max-video-preview":"max-video-preview:-1"},"canonical":"https:\/\/d2dhunting.com\/es\/product\/grizzly-blanket\/","og_locale":"es_ES","og_type":"article","og_title":"Grizzly Blanket - D2D Hunting","og_description":"Descubre la manta Grizzly Outdoor: una manta multifuncional y duradera que se convierte f\u00e1cilmente en una capa o en un vivac para dormir, ideal para cualquier aventura al aire libre. Equipada con amarres seguros, es perfecta y c\u00f3moda en cualquier condici\u00f3n. La manta Grizzly Outdoor es la mejor compa\u00f1era y ha sido dise\u00f1ada para revolucionar [&hellip;]","og_url":"https:\/\/d2dhunting.com\/es\/product\/grizzly-blanket\/","og_site_name":"D2D Hunting","article_modified_time":"2024-09-19T10:01:26+00:00","og_image":[{"width":950,"height":534,"url":"https:\/\/d2dhunting.com\/wp-content\/uploads\/2024\/08\/GrizzlyBlanket960x540-7.webp","type":"image\/webp"}],"twitter_card":"summary_large_image","twitter_misc":{"Tiempo de lectura":"2 minutos"},"schema":{"@context":"https:\/\/schema.org","@graph":[{"@type":["WebPage","CollectionPage"],"@id":"https:\/\/d2dhunting.com\/es\/product\/grizzly-blanket\/","url":"https:\/\/d2dhunting.com\/es\/product\/grizzly-blanket\/","name":"Grizzly Blanket - D2D Hunting","isPartOf":{"@id":"https:\/\/d2dhunting.com\/#website"},"primaryImageOfPage":{"@id":"https:\/\/d2dhunting.com\/es\/product\/grizzly-blanket\/#primaryimage"},"image":{"@id":"https:\/\/d2dhunting.com\/es\/product\/grizzly-blanket\/#primaryimage"},"thumbnailUrl":"https:\/\/d2dhunting.com\/wp-content\/uploads\/2024\/08\/GrizzlyBlanket960x540-7.webp","datePublished":"2024-08-13T12:20:49+00:00","dateModified":"2024-09-19T10:01:26+00:00","breadcrumb":{"@id":"https:\/\/d2dhunting.com\/es\/product\/grizzly-blanket\/#breadcrumb"},"inLanguage":"es"},{"@type":"ImageObject","inLanguage":"es","@id":"https:\/\/d2dhunting.com\/es\/product\/grizzly-blanket\/#primaryimage","url":"https:\/\/d2dhunting.com\/wp-content\/uploads\/2024\/08\/GrizzlyBlanket960x540-7.webp","contentUrl":"https:\/\/d2dhunting.com\/wp-content\/uploads\/2024\/08\/GrizzlyBlanket960x540-7.webp","width":950,"height":534},{"@type":"BreadcrumbList","@id":"https:\/\/d2dhunting.com\/es\/product\/grizzly-blanket\/#breadcrumb","itemListElement":[{"@type":"ListItem","position":1,"name":"Home","item":"https:\/\/d2dhunting.com\/es\/"},{"@type":"ListItem","position":2,"name":"Tienda ES","item":"https:\/\/d2dhunting.com\/es\/tienda-2\/"},{"@type":"ListItem","position":3,"name":"Grizzly Blanket"}]},{"@type":"WebSite","@id":"https:\/\/d2dhunting.com\/#website","url":"https:\/\/d2dhunting.com\/","name":"D2D Hunting","description":"D2D was born with the idea of promoting still stalk hunting, through the distribution of quality equipment for the hunter.","publisher":{"@id":"https:\/\/d2dhunting.com\/#organization"},"potentialAction":[{"@type":"SearchAction","target":{"@type":"EntryPoint","urlTemplate":"https:\/\/d2dhunting.com\/?s={search_term_string}"},"query-input":{"@type":"PropertyValueSpecification","valueRequired":true,"valueName":"search_term_string"}}],"inLanguage":"es"},{"@type":"Organization","@id":"https:\/\/d2dhunting.com\/#organization","name":"D2D Hunting","url":"https:\/\/d2dhunting.com\/","logo":{"@type":"ImageObject","inLanguage":"es","@id":"https:\/\/d2dhunting.com\/#\/schema\/logo\/image\/","url":"https:\/\/d2dhunting.com\/wp-content\/uploads\/2023\/12\/Logo_Completo.png","contentUrl":"https:\/\/d2dhunting.com\/wp-content\/uploads\/2023\/12\/Logo_Completo.png","width":740,"height":308,"caption":"D2D Hunting"},"image":{"@id":"https:\/\/d2dhunting.com\/#\/schema\/logo\/image\/"}}]}},"brands":[{"id":1403,"name":"GRIZZLY","slug":"grizzly"}],"_links":{"self":[{"href":"https:\/\/d2dhunting.com\/es\/wp-json\/wp\/v2\/product\/15285","targetHints":{"allow":["GET"]}}],"collection":[{"href":"https:\/\/d2dhunting.com\/es\/wp-json\/wp\/v2\/product"}],"about":[{"href":"https:\/\/d2dhunting.com\/es\/wp-json\/wp\/v2\/types\/product"}],"wp:featuredmedia":[{"embeddable":true,"href":"https:\/\/d2dhunting.com\/es\/wp-json\/wp\/v2\/media\/15270"}],"wp:attachment":[{"href":"https:\/\/d2dhunting.com\/es\/wp-json\/wp\/v2\/media?parent=15285"}],"wp:term":[{"taxonomy":"pwb-brand","embeddable":true,"href":"https:\/\/d2dhunting.com\/es\/wp-json\/wp\/v2\/pwb-brand?post=15285"},{"taxonomy":"product_brand","embeddable":true,"href":"https:\/\/d2dhunting.com\/es\/wp-json\/wp\/v2\/product_brand?post=15285"},{"taxonomy":"product_cat","embeddable":true,"href":"https:\/\/d2dhunting.com\/es\/wp-json\/wp\/v2\/product_cat?post=15285"},{"taxonomy":"product_tag","embeddable":true,"href":"https:\/\/d2dhunting.com\/es\/wp-json\/wp\/v2\/product_tag?post=15285"},{"taxonomy":"giftcard-category","embeddable":true,"href":"https:\/\/d2dhunting.com\/es\/wp-json\/wp\/v2\/giftcard-category?post=15285"}],"curies":[{"name":"wp","href":"https:\/\/api.w.org\/{rel}","templated":true}]}}