{"id":15528,"date":"2024-08-13T20:22:37","date_gmt":"2024-08-13T20:22:37","guid":{"rendered":"https:\/\/d2dhunting.com\/product\/grizzly-grip-32\/"},"modified":"2025-07-14T10:49:02","modified_gmt":"2025-07-14T10:49:02","slug":"grizzly-grip-32","status":"publish","type":"product","link":"https:\/\/d2dhunting.com\/es\/product\/grizzly-grip-32\/","title":{"rendered":"Grizzly Grip 32"},"content":{"rendered":"<p>Una versi\u00f3n m\u00e1s grande de la mejor. La Grizzly Grip Cup de 32oz (950ml) es un monstruo y, al igual que su contraparte m\u00e1s peque\u00f1a, tiene un agarre de dise\u00f1o ergon\u00f3mico y un fondo de goma, adem\u00e1s de aislamiento de doble pared para mantener las bebidas fr\u00edas fr\u00edas y calientes calientes. La construcci\u00f3n en acero inoxidable significa que est\u00e1 hecho para durar. Es anti-condensaci\u00f3n, libre de BPA y viene con una tapa de pol\u00edmero ahumado. La Copa Grizzly de 32 onzas, cuando mas es mejor.<\/p>\n","protected":false},"excerpt":{"rendered":"<p>Una versi\u00f3n m\u00e1s grande de la mejor. La Grizzly Grip Cup de 32oz (950ml) es un monstruo y, al igual que su contraparte m\u00e1s peque\u00f1a, tiene un agarre de dise\u00f1o ergon\u00f3mico y un fondo de goma, adem\u00e1s de aislamiento de doble pared para mantener las bebidas fr\u00edas fr\u00edas y calientes calientes. La construcci\u00f3n en acero [&hellip;]<\/p>\n","protected":false},"featured_media":17452,"template":"","meta":{"_acf_changed":false},"pwb-brand":[1403],"product_brand":[],"product_cat":[1404,1442],"product_tag":[1574],"giftcard-category":[],"class_list":{"0":"post-15528","1":"product","2":"type-product","3":"status-publish","4":"has-post-thumbnail","6":"pwb-brand-grizzly","7":"product_cat-neveras-y-a","8":"product_cat-vasos-y-tazas","9":"product_tag-grip-32-es","11":"first","12":"instock","13":"taxable","14":"shipping-taxable","15":"purchasable","16":"product-type-variable"},"acf":[],"yoast_head":"<!-- This site is optimized with the Yoast SEO plugin v27.2 - https:\/\/yoast.com\/product\/yoast-seo-wordpress\/ -->\n<title>Grizzly Grip 32 - D2D Hunting<\/title>\n<meta name=\"robots\" content=\"index, follow, max-snippet:-1, max-image-preview:large, max-video-preview:-1\" \/>\n<link rel=\"canonical\" href=\"https:\/\/d2dhunting.com\/es\/product\/grizzly-grip-32\/\" \/>\n<meta property=\"og:locale\" content=\"es_ES\" \/>\n<meta property=\"og:type\" content=\"article\" \/>\n<meta property=\"og:title\" content=\"Grizzly Grip 32 - D2D Hunting\" \/>\n<meta property=\"og:description\" content=\"Una versi\u00f3n m\u00e1s grande de la mejor. La Grizzly Grip Cup de 32oz (950ml) es un monstruo y, al igual que su contraparte m\u00e1s peque\u00f1a, tiene un agarre de dise\u00f1o ergon\u00f3mico y un fondo de goma, adem\u00e1s de aislamiento de doble pared para mantener las bebidas fr\u00edas fr\u00edas y calientes calientes. La construcci\u00f3n en acero [&hellip;]\" \/>\n<meta property=\"og:url\" content=\"https:\/\/d2dhunting.com\/es\/product\/grizzly-grip-32\/\" \/>\n<meta property=\"og:site_name\" content=\"D2D Hunting\" \/>\n<meta property=\"article:modified_time\" content=\"2025-07-14T10:49:02+00:00\" \/>\n<meta property=\"og:image\" content=\"https:\/\/d2dhunting.com\/wp-content\/uploads\/2024\/08\/GripCup-Coral-3.webp\" \/>\n\t<meta property=\"og:image:width\" content=\"1100\" \/>\n\t<meta property=\"og:image:height\" content=\"1100\" \/>\n\t<meta property=\"og:image:type\" content=\"image\/webp\" \/>\n<meta name=\"twitter:card\" content=\"summary_large_image\" \/>\n<meta name=\"twitter:label1\" content=\"Tiempo de lectura\" \/>\n\t<meta name=\"twitter:data1\" content=\"1 minuto\" \/>\n<script type=\"application\/ld+json\" class=\"yoast-schema-graph\">{\"@context\":\"https:\/\/schema.org\",\"@graph\":[{\"@type\":[\"WebPage\",\"CollectionPage\"],\"@id\":\"https:\/\/d2dhunting.com\/es\/product\/grizzly-grip-32\/\",\"url\":\"https:\/\/d2dhunting.com\/es\/product\/grizzly-grip-32\/\",\"name\":\"Grizzly Grip 32 - D2D Hunting\",\"isPartOf\":{\"@id\":\"https:\/\/d2dhunting.com\/#website\"},\"primaryImageOfPage\":{\"@id\":\"https:\/\/d2dhunting.com\/es\/product\/grizzly-grip-32\/#primaryimage\"},\"image\":{\"@id\":\"https:\/\/d2dhunting.com\/es\/product\/grizzly-grip-32\/#primaryimage\"},\"thumbnailUrl\":\"https:\/\/d2dhunting.com\/wp-content\/uploads\/2024\/08\/GripCup-Coral-3.webp\",\"datePublished\":\"2024-08-13T20:22:37+00:00\",\"dateModified\":\"2025-07-14T10:49:02+00:00\",\"breadcrumb\":{\"@id\":\"https:\/\/d2dhunting.com\/es\/product\/grizzly-grip-32\/#breadcrumb\"},\"inLanguage\":\"es\"},{\"@type\":\"ImageObject\",\"inLanguage\":\"es\",\"@id\":\"https:\/\/d2dhunting.com\/es\/product\/grizzly-grip-32\/#primaryimage\",\"url\":\"https:\/\/d2dhunting.com\/wp-content\/uploads\/2024\/08\/GripCup-Coral-3.webp\",\"contentUrl\":\"https:\/\/d2dhunting.com\/wp-content\/uploads\/2024\/08\/GripCup-Coral-3.webp\",\"width\":1100,\"height\":1100},{\"@type\":\"BreadcrumbList\",\"@id\":\"https:\/\/d2dhunting.com\/es\/product\/grizzly-grip-32\/#breadcrumb\",\"itemListElement\":[{\"@type\":\"ListItem\",\"position\":1,\"name\":\"Home\",\"item\":\"https:\/\/d2dhunting.com\/es\/\"},{\"@type\":\"ListItem\",\"position\":2,\"name\":\"Tienda ES\",\"item\":\"https:\/\/d2dhunting.com\/es\/tienda-2\/\"},{\"@type\":\"ListItem\",\"position\":3,\"name\":\"Grizzly Grip 32\"}]},{\"@type\":\"WebSite\",\"@id\":\"https:\/\/d2dhunting.com\/#website\",\"url\":\"https:\/\/d2dhunting.com\/\",\"name\":\"D2D Hunting\",\"description\":\"D2D was born with the idea of promoting still stalk hunting, through the distribution of quality equipment for the hunter.\",\"publisher\":{\"@id\":\"https:\/\/d2dhunting.com\/#organization\"},\"potentialAction\":[{\"@type\":\"SearchAction\",\"target\":{\"@type\":\"EntryPoint\",\"urlTemplate\":\"https:\/\/d2dhunting.com\/?s={search_term_string}\"},\"query-input\":{\"@type\":\"PropertyValueSpecification\",\"valueRequired\":true,\"valueName\":\"search_term_string\"}}],\"inLanguage\":\"es\"},{\"@type\":\"Organization\",\"@id\":\"https:\/\/d2dhunting.com\/#organization\",\"name\":\"D2D Hunting\",\"url\":\"https:\/\/d2dhunting.com\/\",\"logo\":{\"@type\":\"ImageObject\",\"inLanguage\":\"es\",\"@id\":\"https:\/\/d2dhunting.com\/#\/schema\/logo\/image\/\",\"url\":\"https:\/\/d2dhunting.com\/wp-content\/uploads\/2023\/12\/Logo_Completo.png\",\"contentUrl\":\"https:\/\/d2dhunting.com\/wp-content\/uploads\/2023\/12\/Logo_Completo.png\",\"width\":740,\"height\":308,\"caption\":\"D2D Hunting\"},\"image\":{\"@id\":\"https:\/\/d2dhunting.com\/#\/schema\/logo\/image\/\"}}]}<\/script>\n<!-- \/ Yoast SEO plugin. -->","yoast_head_json":{"title":"Grizzly Grip 32 - D2D Hunting","robots":{"index":"index","follow":"follow","max-snippet":"max-snippet:-1","max-image-preview":"max-image-preview:large","max-video-preview":"max-video-preview:-1"},"canonical":"https:\/\/d2dhunting.com\/es\/product\/grizzly-grip-32\/","og_locale":"es_ES","og_type":"article","og_title":"Grizzly Grip 32 - D2D Hunting","og_description":"Una versi\u00f3n m\u00e1s grande de la mejor. La Grizzly Grip Cup de 32oz (950ml) es un monstruo y, al igual que su contraparte m\u00e1s peque\u00f1a, tiene un agarre de dise\u00f1o ergon\u00f3mico y un fondo de goma, adem\u00e1s de aislamiento de doble pared para mantener las bebidas fr\u00edas fr\u00edas y calientes calientes. La construcci\u00f3n en acero [&hellip;]","og_url":"https:\/\/d2dhunting.com\/es\/product\/grizzly-grip-32\/","og_site_name":"D2D Hunting","article_modified_time":"2025-07-14T10:49:02+00:00","og_image":[{"width":1100,"height":1100,"url":"https:\/\/d2dhunting.com\/wp-content\/uploads\/2024\/08\/GripCup-Coral-3.webp","type":"image\/webp"}],"twitter_card":"summary_large_image","twitter_misc":{"Tiempo de lectura":"1 minuto"},"schema":{"@context":"https:\/\/schema.org","@graph":[{"@type":["WebPage","CollectionPage"],"@id":"https:\/\/d2dhunting.com\/es\/product\/grizzly-grip-32\/","url":"https:\/\/d2dhunting.com\/es\/product\/grizzly-grip-32\/","name":"Grizzly Grip 32 - D2D Hunting","isPartOf":{"@id":"https:\/\/d2dhunting.com\/#website"},"primaryImageOfPage":{"@id":"https:\/\/d2dhunting.com\/es\/product\/grizzly-grip-32\/#primaryimage"},"image":{"@id":"https:\/\/d2dhunting.com\/es\/product\/grizzly-grip-32\/#primaryimage"},"thumbnailUrl":"https:\/\/d2dhunting.com\/wp-content\/uploads\/2024\/08\/GripCup-Coral-3.webp","datePublished":"2024-08-13T20:22:37+00:00","dateModified":"2025-07-14T10:49:02+00:00","breadcrumb":{"@id":"https:\/\/d2dhunting.com\/es\/product\/grizzly-grip-32\/#breadcrumb"},"inLanguage":"es"},{"@type":"ImageObject","inLanguage":"es","@id":"https:\/\/d2dhunting.com\/es\/product\/grizzly-grip-32\/#primaryimage","url":"https:\/\/d2dhunting.com\/wp-content\/uploads\/2024\/08\/GripCup-Coral-3.webp","contentUrl":"https:\/\/d2dhunting.com\/wp-content\/uploads\/2024\/08\/GripCup-Coral-3.webp","width":1100,"height":1100},{"@type":"BreadcrumbList","@id":"https:\/\/d2dhunting.com\/es\/product\/grizzly-grip-32\/#breadcrumb","itemListElement":[{"@type":"ListItem","position":1,"name":"Home","item":"https:\/\/d2dhunting.com\/es\/"},{"@type":"ListItem","position":2,"name":"Tienda ES","item":"https:\/\/d2dhunting.com\/es\/tienda-2\/"},{"@type":"ListItem","position":3,"name":"Grizzly Grip 32"}]},{"@type":"WebSite","@id":"https:\/\/d2dhunting.com\/#website","url":"https:\/\/d2dhunting.com\/","name":"D2D Hunting","description":"D2D was born with the idea of promoting still stalk hunting, through the distribution of quality equipment for the hunter.","publisher":{"@id":"https:\/\/d2dhunting.com\/#organization"},"potentialAction":[{"@type":"SearchAction","target":{"@type":"EntryPoint","urlTemplate":"https:\/\/d2dhunting.com\/?s={search_term_string}"},"query-input":{"@type":"PropertyValueSpecification","valueRequired":true,"valueName":"search_term_string"}}],"inLanguage":"es"},{"@type":"Organization","@id":"https:\/\/d2dhunting.com\/#organization","name":"D2D Hunting","url":"https:\/\/d2dhunting.com\/","logo":{"@type":"ImageObject","inLanguage":"es","@id":"https:\/\/d2dhunting.com\/#\/schema\/logo\/image\/","url":"https:\/\/d2dhunting.com\/wp-content\/uploads\/2023\/12\/Logo_Completo.png","contentUrl":"https:\/\/d2dhunting.com\/wp-content\/uploads\/2023\/12\/Logo_Completo.png","width":740,"height":308,"caption":"D2D Hunting"},"image":{"@id":"https:\/\/d2dhunting.com\/#\/schema\/logo\/image\/"}}]}},"brands":[{"id":1403,"name":"GRIZZLY","slug":"grizzly"}],"_links":{"self":[{"href":"https:\/\/d2dhunting.com\/es\/wp-json\/wp\/v2\/product\/15528","targetHints":{"allow":["GET"]}}],"collection":[{"href":"https:\/\/d2dhunting.com\/es\/wp-json\/wp\/v2\/product"}],"about":[{"href":"https:\/\/d2dhunting.com\/es\/wp-json\/wp\/v2\/types\/product"}],"wp:featuredmedia":[{"embeddable":true,"href":"https:\/\/d2dhunting.com\/es\/wp-json\/wp\/v2\/media\/17452"}],"wp:attachment":[{"href":"https:\/\/d2dhunting.com\/es\/wp-json\/wp\/v2\/media?parent=15528"}],"wp:term":[{"taxonomy":"pwb-brand","embeddable":true,"href":"https:\/\/d2dhunting.com\/es\/wp-json\/wp\/v2\/pwb-brand?post=15528"},{"taxonomy":"product_brand","embeddable":true,"href":"https:\/\/d2dhunting.com\/es\/wp-json\/wp\/v2\/product_brand?post=15528"},{"taxonomy":"product_cat","embeddable":true,"href":"https:\/\/d2dhunting.com\/es\/wp-json\/wp\/v2\/product_cat?post=15528"},{"taxonomy":"product_tag","embeddable":true,"href":"https:\/\/d2dhunting.com\/es\/wp-json\/wp\/v2\/product_tag?post=15528"},{"taxonomy":"giftcard-category","embeddable":true,"href":"https:\/\/d2dhunting.com\/es\/wp-json\/wp\/v2\/giftcard-category?post=15528"}],"curies":[{"name":"wp","href":"https:\/\/api.w.org\/{rel}","templated":true}]}}