{"id":15602,"date":"2024-08-14T08:40:07","date_gmt":"2024-08-14T08:40:07","guid":{"rendered":"https:\/\/d2dhunting.com\/product\/grizzly-grip-rocks\/"},"modified":"2025-06-20T09:15:44","modified_gmt":"2025-06-20T09:15:44","slug":"grizzly-grip-rocks","status":"publish","type":"product","link":"https:\/\/d2dhunting.com\/es\/product\/grizzly-grip-rocks\/","title":{"rendered":"Grizzly Grip Rocks"},"content":{"rendered":"<p>Mant\u00e9n tu caf\u00e9 de la ma\u00f1ana caliente y tus bebidas fr\u00edas con el Grizzly Grip Rocks de 11oz. (325ml). El aislamiento al vac\u00edo de doble pared Grip Rocks mantendr\u00e1 calientes tus bebidas calientes,y fr\u00edas tus bebidas fr\u00edas, a lo largo de largas charlas junto al fuego con amigos. El Grizzly Grip Rocks es de acero inoxidable y no transpira. Incluye una tapa TwistTop de pol\u00edmero ahumado a prueba de salpicaduras. Tiene un acabado de pintura en polvo texturizada o en inox cepillado. Tendr\u00e1s un gran agarre de tu taza gracias al dise\u00f1o ergon\u00f3mico de sus ranuras de sujeci\u00f3n, y el fondo de goma mantendr\u00e1 tu copa donde quieres que est\u00e9. Disfruta de tu whisky nocturno junto al fuego y rell\u00e9nala con caf\u00e9 a la ma\u00f1ana siguiente.<\/p>\n","protected":false},"excerpt":{"rendered":"<p>Mant\u00e9n tu caf\u00e9 de la ma\u00f1ana caliente y tus bebidas fr\u00edas con el Grizzly Grip Rocks de 11oz. (325ml). El aislamiento al vac\u00edo de doble pared Grip Rocks mantendr\u00e1 calientes tus bebidas calientes,y fr\u00edas tus bebidas fr\u00edas, a lo largo de largas charlas junto al fuego con amigos. El Grizzly Grip Rocks es de acero [&hellip;]<\/p>\n","protected":false},"featured_media":15601,"template":"","meta":{"_acf_changed":false},"pwb-brand":[1403],"product_brand":[],"product_cat":[1404,1442],"product_tag":[],"giftcard-category":[],"class_list":{"0":"post-15602","1":"product","2":"type-product","3":"status-publish","4":"has-post-thumbnail","6":"pwb-brand-grizzly","7":"product_cat-neveras-y-a","8":"product_cat-vasos-y-tazas","10":"first","11":"instock","12":"taxable","13":"shipping-taxable","14":"purchasable","15":"product-type-simple"},"acf":[],"yoast_head":"<!-- This site is optimized with the Yoast SEO plugin v27.2 - https:\/\/yoast.com\/product\/yoast-seo-wordpress\/ -->\n<title>Grizzly Grip Rocks - D2D Hunting<\/title>\n<meta name=\"robots\" content=\"index, follow, max-snippet:-1, max-image-preview:large, max-video-preview:-1\" \/>\n<link rel=\"canonical\" href=\"https:\/\/d2dhunting.com\/es\/product\/grizzly-grip-rocks\/\" \/>\n<meta property=\"og:locale\" content=\"es_ES\" \/>\n<meta property=\"og:type\" content=\"article\" \/>\n<meta property=\"og:title\" content=\"Grizzly Grip Rocks - D2D Hunting\" \/>\n<meta property=\"og:description\" content=\"Mant\u00e9n tu caf\u00e9 de la ma\u00f1ana caliente y tus bebidas fr\u00edas con el Grizzly Grip Rocks de 11oz. (325ml). El aislamiento al vac\u00edo de doble pared Grip Rocks mantendr\u00e1 calientes tus bebidas calientes,y fr\u00edas tus bebidas fr\u00edas, a lo largo de largas charlas junto al fuego con amigos. El Grizzly Grip Rocks es de acero [&hellip;]\" \/>\n<meta property=\"og:url\" content=\"https:\/\/d2dhunting.com\/es\/product\/grizzly-grip-rocks\/\" \/>\n<meta property=\"og:site_name\" content=\"D2D Hunting\" \/>\n<meta property=\"article:modified_time\" content=\"2025-06-20T09:15:44+00:00\" \/>\n<meta property=\"og:image\" content=\"https:\/\/d2dhunting.com\/wp-content\/uploads\/2024\/08\/GrizzlyGripRocks-Stainless-1.webp\" \/>\n\t<meta property=\"og:image:width\" content=\"1000\" \/>\n\t<meta property=\"og:image:height\" content=\"1000\" \/>\n\t<meta property=\"og:image:type\" content=\"image\/webp\" \/>\n<meta name=\"twitter:card\" content=\"summary_large_image\" \/>\n<meta name=\"twitter:label1\" content=\"Tiempo de lectura\" \/>\n\t<meta name=\"twitter:data1\" content=\"1 minuto\" \/>\n<script type=\"application\/ld+json\" class=\"yoast-schema-graph\">{\"@context\":\"https:\/\/schema.org\",\"@graph\":[{\"@type\":[\"WebPage\",\"CollectionPage\"],\"@id\":\"https:\/\/d2dhunting.com\/es\/product\/grizzly-grip-rocks\/\",\"url\":\"https:\/\/d2dhunting.com\/es\/product\/grizzly-grip-rocks\/\",\"name\":\"Grizzly Grip Rocks - D2D Hunting\",\"isPartOf\":{\"@id\":\"https:\/\/d2dhunting.com\/#website\"},\"primaryImageOfPage\":{\"@id\":\"https:\/\/d2dhunting.com\/es\/product\/grizzly-grip-rocks\/#primaryimage\"},\"image\":{\"@id\":\"https:\/\/d2dhunting.com\/es\/product\/grizzly-grip-rocks\/#primaryimage\"},\"thumbnailUrl\":\"https:\/\/d2dhunting.com\/wp-content\/uploads\/2024\/08\/GrizzlyGripRocks-Stainless-1.webp\",\"datePublished\":\"2024-08-14T08:40:07+00:00\",\"dateModified\":\"2025-06-20T09:15:44+00:00\",\"breadcrumb\":{\"@id\":\"https:\/\/d2dhunting.com\/es\/product\/grizzly-grip-rocks\/#breadcrumb\"},\"inLanguage\":\"es\"},{\"@type\":\"ImageObject\",\"inLanguage\":\"es\",\"@id\":\"https:\/\/d2dhunting.com\/es\/product\/grizzly-grip-rocks\/#primaryimage\",\"url\":\"https:\/\/d2dhunting.com\/wp-content\/uploads\/2024\/08\/GrizzlyGripRocks-Stainless-1.webp\",\"contentUrl\":\"https:\/\/d2dhunting.com\/wp-content\/uploads\/2024\/08\/GrizzlyGripRocks-Stainless-1.webp\",\"width\":1000,\"height\":1000},{\"@type\":\"BreadcrumbList\",\"@id\":\"https:\/\/d2dhunting.com\/es\/product\/grizzly-grip-rocks\/#breadcrumb\",\"itemListElement\":[{\"@type\":\"ListItem\",\"position\":1,\"name\":\"Home\",\"item\":\"https:\/\/d2dhunting.com\/es\/\"},{\"@type\":\"ListItem\",\"position\":2,\"name\":\"Tienda ES\",\"item\":\"https:\/\/d2dhunting.com\/es\/tienda-2\/\"},{\"@type\":\"ListItem\",\"position\":3,\"name\":\"Grizzly Grip Rocks\"}]},{\"@type\":\"WebSite\",\"@id\":\"https:\/\/d2dhunting.com\/#website\",\"url\":\"https:\/\/d2dhunting.com\/\",\"name\":\"D2D Hunting\",\"description\":\"D2D was born with the idea of promoting still stalk hunting, through the distribution of quality equipment for the hunter.\",\"publisher\":{\"@id\":\"https:\/\/d2dhunting.com\/#organization\"},\"potentialAction\":[{\"@type\":\"SearchAction\",\"target\":{\"@type\":\"EntryPoint\",\"urlTemplate\":\"https:\/\/d2dhunting.com\/?s={search_term_string}\"},\"query-input\":{\"@type\":\"PropertyValueSpecification\",\"valueRequired\":true,\"valueName\":\"search_term_string\"}}],\"inLanguage\":\"es\"},{\"@type\":\"Organization\",\"@id\":\"https:\/\/d2dhunting.com\/#organization\",\"name\":\"D2D Hunting\",\"url\":\"https:\/\/d2dhunting.com\/\",\"logo\":{\"@type\":\"ImageObject\",\"inLanguage\":\"es\",\"@id\":\"https:\/\/d2dhunting.com\/#\/schema\/logo\/image\/\",\"url\":\"https:\/\/d2dhunting.com\/wp-content\/uploads\/2023\/12\/Logo_Completo.png\",\"contentUrl\":\"https:\/\/d2dhunting.com\/wp-content\/uploads\/2023\/12\/Logo_Completo.png\",\"width\":740,\"height\":308,\"caption\":\"D2D Hunting\"},\"image\":{\"@id\":\"https:\/\/d2dhunting.com\/#\/schema\/logo\/image\/\"}}]}<\/script>\n<!-- \/ Yoast SEO plugin. -->","yoast_head_json":{"title":"Grizzly Grip Rocks - D2D Hunting","robots":{"index":"index","follow":"follow","max-snippet":"max-snippet:-1","max-image-preview":"max-image-preview:large","max-video-preview":"max-video-preview:-1"},"canonical":"https:\/\/d2dhunting.com\/es\/product\/grizzly-grip-rocks\/","og_locale":"es_ES","og_type":"article","og_title":"Grizzly Grip Rocks - D2D Hunting","og_description":"Mant\u00e9n tu caf\u00e9 de la ma\u00f1ana caliente y tus bebidas fr\u00edas con el Grizzly Grip Rocks de 11oz. (325ml). El aislamiento al vac\u00edo de doble pared Grip Rocks mantendr\u00e1 calientes tus bebidas calientes,y fr\u00edas tus bebidas fr\u00edas, a lo largo de largas charlas junto al fuego con amigos. El Grizzly Grip Rocks es de acero [&hellip;]","og_url":"https:\/\/d2dhunting.com\/es\/product\/grizzly-grip-rocks\/","og_site_name":"D2D Hunting","article_modified_time":"2025-06-20T09:15:44+00:00","og_image":[{"width":1000,"height":1000,"url":"https:\/\/d2dhunting.com\/wp-content\/uploads\/2024\/08\/GrizzlyGripRocks-Stainless-1.webp","type":"image\/webp"}],"twitter_card":"summary_large_image","twitter_misc":{"Tiempo de lectura":"1 minuto"},"schema":{"@context":"https:\/\/schema.org","@graph":[{"@type":["WebPage","CollectionPage"],"@id":"https:\/\/d2dhunting.com\/es\/product\/grizzly-grip-rocks\/","url":"https:\/\/d2dhunting.com\/es\/product\/grizzly-grip-rocks\/","name":"Grizzly Grip Rocks - D2D Hunting","isPartOf":{"@id":"https:\/\/d2dhunting.com\/#website"},"primaryImageOfPage":{"@id":"https:\/\/d2dhunting.com\/es\/product\/grizzly-grip-rocks\/#primaryimage"},"image":{"@id":"https:\/\/d2dhunting.com\/es\/product\/grizzly-grip-rocks\/#primaryimage"},"thumbnailUrl":"https:\/\/d2dhunting.com\/wp-content\/uploads\/2024\/08\/GrizzlyGripRocks-Stainless-1.webp","datePublished":"2024-08-14T08:40:07+00:00","dateModified":"2025-06-20T09:15:44+00:00","breadcrumb":{"@id":"https:\/\/d2dhunting.com\/es\/product\/grizzly-grip-rocks\/#breadcrumb"},"inLanguage":"es"},{"@type":"ImageObject","inLanguage":"es","@id":"https:\/\/d2dhunting.com\/es\/product\/grizzly-grip-rocks\/#primaryimage","url":"https:\/\/d2dhunting.com\/wp-content\/uploads\/2024\/08\/GrizzlyGripRocks-Stainless-1.webp","contentUrl":"https:\/\/d2dhunting.com\/wp-content\/uploads\/2024\/08\/GrizzlyGripRocks-Stainless-1.webp","width":1000,"height":1000},{"@type":"BreadcrumbList","@id":"https:\/\/d2dhunting.com\/es\/product\/grizzly-grip-rocks\/#breadcrumb","itemListElement":[{"@type":"ListItem","position":1,"name":"Home","item":"https:\/\/d2dhunting.com\/es\/"},{"@type":"ListItem","position":2,"name":"Tienda ES","item":"https:\/\/d2dhunting.com\/es\/tienda-2\/"},{"@type":"ListItem","position":3,"name":"Grizzly Grip Rocks"}]},{"@type":"WebSite","@id":"https:\/\/d2dhunting.com\/#website","url":"https:\/\/d2dhunting.com\/","name":"D2D Hunting","description":"D2D was born with the idea of promoting still stalk hunting, through the distribution of quality equipment for the hunter.","publisher":{"@id":"https:\/\/d2dhunting.com\/#organization"},"potentialAction":[{"@type":"SearchAction","target":{"@type":"EntryPoint","urlTemplate":"https:\/\/d2dhunting.com\/?s={search_term_string}"},"query-input":{"@type":"PropertyValueSpecification","valueRequired":true,"valueName":"search_term_string"}}],"inLanguage":"es"},{"@type":"Organization","@id":"https:\/\/d2dhunting.com\/#organization","name":"D2D Hunting","url":"https:\/\/d2dhunting.com\/","logo":{"@type":"ImageObject","inLanguage":"es","@id":"https:\/\/d2dhunting.com\/#\/schema\/logo\/image\/","url":"https:\/\/d2dhunting.com\/wp-content\/uploads\/2023\/12\/Logo_Completo.png","contentUrl":"https:\/\/d2dhunting.com\/wp-content\/uploads\/2023\/12\/Logo_Completo.png","width":740,"height":308,"caption":"D2D Hunting"},"image":{"@id":"https:\/\/d2dhunting.com\/#\/schema\/logo\/image\/"}}]}},"brands":[{"id":1403,"name":"GRIZZLY","slug":"grizzly"}],"_links":{"self":[{"href":"https:\/\/d2dhunting.com\/es\/wp-json\/wp\/v2\/product\/15602","targetHints":{"allow":["GET"]}}],"collection":[{"href":"https:\/\/d2dhunting.com\/es\/wp-json\/wp\/v2\/product"}],"about":[{"href":"https:\/\/d2dhunting.com\/es\/wp-json\/wp\/v2\/types\/product"}],"wp:featuredmedia":[{"embeddable":true,"href":"https:\/\/d2dhunting.com\/es\/wp-json\/wp\/v2\/media\/15601"}],"wp:attachment":[{"href":"https:\/\/d2dhunting.com\/es\/wp-json\/wp\/v2\/media?parent=15602"}],"wp:term":[{"taxonomy":"pwb-brand","embeddable":true,"href":"https:\/\/d2dhunting.com\/es\/wp-json\/wp\/v2\/pwb-brand?post=15602"},{"taxonomy":"product_brand","embeddable":true,"href":"https:\/\/d2dhunting.com\/es\/wp-json\/wp\/v2\/product_brand?post=15602"},{"taxonomy":"product_cat","embeddable":true,"href":"https:\/\/d2dhunting.com\/es\/wp-json\/wp\/v2\/product_cat?post=15602"},{"taxonomy":"product_tag","embeddable":true,"href":"https:\/\/d2dhunting.com\/es\/wp-json\/wp\/v2\/product_tag?post=15602"},{"taxonomy":"giftcard-category","embeddable":true,"href":"https:\/\/d2dhunting.com\/es\/wp-json\/wp\/v2\/giftcard-category?post=15602"}],"curies":[{"name":"wp","href":"https:\/\/api.w.org\/{rel}","templated":true}]}}