{"id":15725,"date":"2024-08-19T10:13:25","date_gmt":"2024-08-19T10:13:25","guid":{"rendered":"https:\/\/d2dhunting.com\/product\/maverick-saddle-kit-reg\/"},"modified":"2025-12-22T09:33:25","modified_gmt":"2025-12-22T09:33:25","slug":"maverick-saddle-kit-reg","status":"publish","type":"product","link":"https:\/\/d2dhunting.com\/es\/product\/maverick-saddle-kit-reg\/","title":{"rendered":"Maverick Saddle KIT (REG)"},"content":{"rendered":"<p>EL MAVERICK STARTER KIT<br \/>\nIncluye todo lo necesario para iniciarse en la caza desde saddle y est\u00e1 aparejado y listo seg\u00fan sale del paquete<\/p>\n<p>El Maverick es la opci\u00f3n ligera y compacta definitiva. Con solo 595gr.(21oz), es uno de los saddles m\u00e1s ligeros del mercado. El Maverick cuenta con nuestro Chasis Cradle (pendiente de patente), construido con correas de 4 pulgadas que brindan una superficie de apoyo 2 veces mayor y una mejora sustancial en la comodidad en comparaci\u00f3n con cualquier otra opci\u00f3n de saddle de un panel disponible actualmente.<\/p>\n<p>El dise\u00f1o tambi\u00e9n cuenta con una configuraci\u00f3n compacta optimizada que le permite plegar la secci\u00f3n inferior del saddle para evitar esa sensaci\u00f3n de pa\u00f1al ca\u00eddo mientras vas andando por el monte.<\/p>\n<p>En el kit se incluyen la bolsa de accesorios Method y cuerdas de sujeci\u00f3n y ascenso (Tether y Lineman) de primera calidad. Los componentes adicionales incluyen mosquetones de primera calidad y cordinos montados con sistema deslizante autoblocante para operar con una sola mano, as\u00ed como cinchas extra\u00edbles para las piernas.<\/p>\n","protected":false},"excerpt":{"rendered":"<p>EL MAVERICK STARTER KIT Incluye todo lo necesario para iniciarse en la caza desde saddle y est\u00e1 aparejado y listo seg\u00fan sale del paquete El Maverick es la opci\u00f3n ligera y compacta definitiva. Con solo 595gr.(21oz), es uno de los saddles m\u00e1s ligeros del mercado. El Maverick cuenta con nuestro Chasis Cradle (pendiente de patente), [&hellip;]<\/p>\n","protected":false},"featured_media":15724,"template":"","meta":{"_acf_changed":false},"pwb-brand":[837],"product_brand":[],"product_cat":[1001,229],"product_tag":[],"giftcard-category":[],"class_list":{"0":"post-15725","1":"product","2":"type-product","3":"status-publish","4":"has-post-thumbnail","6":"pwb-brand-latitude","7":"product_cat-saddle","8":"product_cat-saddles-and-starter-kits-es","10":"first","11":"instock","12":"taxable","13":"shipping-taxable","14":"purchasable","15":"product-type-simple"},"acf":[],"yoast_head":"<!-- This site is optimized with the Yoast SEO plugin v27.2 - https:\/\/yoast.com\/product\/yoast-seo-wordpress\/ -->\n<title>Maverick Saddle KIT (REG) - D2D Hunting<\/title>\n<meta name=\"robots\" content=\"index, follow, max-snippet:-1, max-image-preview:large, max-video-preview:-1\" \/>\n<link rel=\"canonical\" href=\"https:\/\/d2dhunting.com\/es\/product\/maverick-saddle-kit-reg\/\" \/>\n<meta property=\"og:locale\" content=\"es_ES\" \/>\n<meta property=\"og:type\" content=\"article\" \/>\n<meta property=\"og:title\" content=\"Maverick Saddle KIT (REG) - D2D Hunting\" \/>\n<meta property=\"og:description\" content=\"EL MAVERICK STARTER KIT Incluye todo lo necesario para iniciarse en la caza desde saddle y est\u00e1 aparejado y listo seg\u00fan sale del paquete El Maverick es la opci\u00f3n ligera y compacta definitiva. Con solo 595gr.(21oz), es uno de los saddles m\u00e1s ligeros del mercado. El Maverick cuenta con nuestro Chasis Cradle (pendiente de patente), [&hellip;]\" \/>\n<meta property=\"og:url\" content=\"https:\/\/d2dhunting.com\/es\/product\/maverick-saddle-kit-reg\/\" \/>\n<meta property=\"og:site_name\" content=\"D2D Hunting\" \/>\n<meta property=\"article:modified_time\" content=\"2025-12-22T09:33:25+00:00\" \/>\n<meta property=\"og:image\" content=\"https:\/\/d2dhunting.com\/wp-content\/uploads\/2024\/08\/MAVERICKKIT_MOCKUP.png\" \/>\n\t<meta property=\"og:image:width\" content=\"1080\" \/>\n\t<meta property=\"og:image:height\" content=\"1080\" \/>\n\t<meta property=\"og:image:type\" content=\"image\/png\" \/>\n<meta name=\"twitter:card\" content=\"summary_large_image\" \/>\n<meta name=\"twitter:label1\" content=\"Tiempo de lectura\" \/>\n\t<meta name=\"twitter:data1\" content=\"1 minuto\" \/>\n<script type=\"application\/ld+json\" class=\"yoast-schema-graph\">{\"@context\":\"https:\/\/schema.org\",\"@graph\":[{\"@type\":[\"WebPage\",\"CollectionPage\"],\"@id\":\"https:\/\/d2dhunting.com\/es\/product\/maverick-saddle-kit-reg\/\",\"url\":\"https:\/\/d2dhunting.com\/es\/product\/maverick-saddle-kit-reg\/\",\"name\":\"Maverick Saddle KIT (REG) - D2D Hunting\",\"isPartOf\":{\"@id\":\"https:\/\/d2dhunting.com\/#website\"},\"primaryImageOfPage\":{\"@id\":\"https:\/\/d2dhunting.com\/es\/product\/maverick-saddle-kit-reg\/#primaryimage\"},\"image\":{\"@id\":\"https:\/\/d2dhunting.com\/es\/product\/maverick-saddle-kit-reg\/#primaryimage\"},\"thumbnailUrl\":\"https:\/\/d2dhunting.com\/wp-content\/uploads\/2024\/08\/MAVERICKKIT_MOCKUP.png\",\"datePublished\":\"2024-08-19T10:13:25+00:00\",\"dateModified\":\"2025-12-22T09:33:25+00:00\",\"breadcrumb\":{\"@id\":\"https:\/\/d2dhunting.com\/es\/product\/maverick-saddle-kit-reg\/#breadcrumb\"},\"inLanguage\":\"es\"},{\"@type\":\"ImageObject\",\"inLanguage\":\"es\",\"@id\":\"https:\/\/d2dhunting.com\/es\/product\/maverick-saddle-kit-reg\/#primaryimage\",\"url\":\"https:\/\/d2dhunting.com\/wp-content\/uploads\/2024\/08\/MAVERICKKIT_MOCKUP.png\",\"contentUrl\":\"https:\/\/d2dhunting.com\/wp-content\/uploads\/2024\/08\/MAVERICKKIT_MOCKUP.png\",\"width\":1080,\"height\":1080},{\"@type\":\"BreadcrumbList\",\"@id\":\"https:\/\/d2dhunting.com\/es\/product\/maverick-saddle-kit-reg\/#breadcrumb\",\"itemListElement\":[{\"@type\":\"ListItem\",\"position\":1,\"name\":\"Home\",\"item\":\"https:\/\/d2dhunting.com\/es\/\"},{\"@type\":\"ListItem\",\"position\":2,\"name\":\"Tienda ES\",\"item\":\"https:\/\/d2dhunting.com\/es\/tienda-2\/\"},{\"@type\":\"ListItem\",\"position\":3,\"name\":\"Maverick Saddle KIT (REG)\"}]},{\"@type\":\"WebSite\",\"@id\":\"https:\/\/d2dhunting.com\/#website\",\"url\":\"https:\/\/d2dhunting.com\/\",\"name\":\"D2D Hunting\",\"description\":\"D2D was born with the idea of promoting still stalk hunting, through the distribution of quality equipment for the hunter.\",\"publisher\":{\"@id\":\"https:\/\/d2dhunting.com\/#organization\"},\"potentialAction\":[{\"@type\":\"SearchAction\",\"target\":{\"@type\":\"EntryPoint\",\"urlTemplate\":\"https:\/\/d2dhunting.com\/?s={search_term_string}\"},\"query-input\":{\"@type\":\"PropertyValueSpecification\",\"valueRequired\":true,\"valueName\":\"search_term_string\"}}],\"inLanguage\":\"es\"},{\"@type\":\"Organization\",\"@id\":\"https:\/\/d2dhunting.com\/#organization\",\"name\":\"D2D Hunting\",\"url\":\"https:\/\/d2dhunting.com\/\",\"logo\":{\"@type\":\"ImageObject\",\"inLanguage\":\"es\",\"@id\":\"https:\/\/d2dhunting.com\/#\/schema\/logo\/image\/\",\"url\":\"https:\/\/d2dhunting.com\/wp-content\/uploads\/2023\/12\/Logo_Completo.png\",\"contentUrl\":\"https:\/\/d2dhunting.com\/wp-content\/uploads\/2023\/12\/Logo_Completo.png\",\"width\":740,\"height\":308,\"caption\":\"D2D Hunting\"},\"image\":{\"@id\":\"https:\/\/d2dhunting.com\/#\/schema\/logo\/image\/\"}}]}<\/script>\n<!-- \/ Yoast SEO plugin. -->","yoast_head_json":{"title":"Maverick Saddle KIT (REG) - D2D Hunting","robots":{"index":"index","follow":"follow","max-snippet":"max-snippet:-1","max-image-preview":"max-image-preview:large","max-video-preview":"max-video-preview:-1"},"canonical":"https:\/\/d2dhunting.com\/es\/product\/maverick-saddle-kit-reg\/","og_locale":"es_ES","og_type":"article","og_title":"Maverick Saddle KIT (REG) - D2D Hunting","og_description":"EL MAVERICK STARTER KIT Incluye todo lo necesario para iniciarse en la caza desde saddle y est\u00e1 aparejado y listo seg\u00fan sale del paquete El Maverick es la opci\u00f3n ligera y compacta definitiva. Con solo 595gr.(21oz), es uno de los saddles m\u00e1s ligeros del mercado. El Maverick cuenta con nuestro Chasis Cradle (pendiente de patente), [&hellip;]","og_url":"https:\/\/d2dhunting.com\/es\/product\/maverick-saddle-kit-reg\/","og_site_name":"D2D Hunting","article_modified_time":"2025-12-22T09:33:25+00:00","og_image":[{"width":1080,"height":1080,"url":"https:\/\/d2dhunting.com\/wp-content\/uploads\/2024\/08\/MAVERICKKIT_MOCKUP.png","type":"image\/png"}],"twitter_card":"summary_large_image","twitter_misc":{"Tiempo de lectura":"1 minuto"},"schema":{"@context":"https:\/\/schema.org","@graph":[{"@type":["WebPage","CollectionPage"],"@id":"https:\/\/d2dhunting.com\/es\/product\/maverick-saddle-kit-reg\/","url":"https:\/\/d2dhunting.com\/es\/product\/maverick-saddle-kit-reg\/","name":"Maverick Saddle KIT (REG) - D2D Hunting","isPartOf":{"@id":"https:\/\/d2dhunting.com\/#website"},"primaryImageOfPage":{"@id":"https:\/\/d2dhunting.com\/es\/product\/maverick-saddle-kit-reg\/#primaryimage"},"image":{"@id":"https:\/\/d2dhunting.com\/es\/product\/maverick-saddle-kit-reg\/#primaryimage"},"thumbnailUrl":"https:\/\/d2dhunting.com\/wp-content\/uploads\/2024\/08\/MAVERICKKIT_MOCKUP.png","datePublished":"2024-08-19T10:13:25+00:00","dateModified":"2025-12-22T09:33:25+00:00","breadcrumb":{"@id":"https:\/\/d2dhunting.com\/es\/product\/maverick-saddle-kit-reg\/#breadcrumb"},"inLanguage":"es"},{"@type":"ImageObject","inLanguage":"es","@id":"https:\/\/d2dhunting.com\/es\/product\/maverick-saddle-kit-reg\/#primaryimage","url":"https:\/\/d2dhunting.com\/wp-content\/uploads\/2024\/08\/MAVERICKKIT_MOCKUP.png","contentUrl":"https:\/\/d2dhunting.com\/wp-content\/uploads\/2024\/08\/MAVERICKKIT_MOCKUP.png","width":1080,"height":1080},{"@type":"BreadcrumbList","@id":"https:\/\/d2dhunting.com\/es\/product\/maverick-saddle-kit-reg\/#breadcrumb","itemListElement":[{"@type":"ListItem","position":1,"name":"Home","item":"https:\/\/d2dhunting.com\/es\/"},{"@type":"ListItem","position":2,"name":"Tienda ES","item":"https:\/\/d2dhunting.com\/es\/tienda-2\/"},{"@type":"ListItem","position":3,"name":"Maverick Saddle KIT (REG)"}]},{"@type":"WebSite","@id":"https:\/\/d2dhunting.com\/#website","url":"https:\/\/d2dhunting.com\/","name":"D2D Hunting","description":"D2D was born with the idea of promoting still stalk hunting, through the distribution of quality equipment for the hunter.","publisher":{"@id":"https:\/\/d2dhunting.com\/#organization"},"potentialAction":[{"@type":"SearchAction","target":{"@type":"EntryPoint","urlTemplate":"https:\/\/d2dhunting.com\/?s={search_term_string}"},"query-input":{"@type":"PropertyValueSpecification","valueRequired":true,"valueName":"search_term_string"}}],"inLanguage":"es"},{"@type":"Organization","@id":"https:\/\/d2dhunting.com\/#organization","name":"D2D Hunting","url":"https:\/\/d2dhunting.com\/","logo":{"@type":"ImageObject","inLanguage":"es","@id":"https:\/\/d2dhunting.com\/#\/schema\/logo\/image\/","url":"https:\/\/d2dhunting.com\/wp-content\/uploads\/2023\/12\/Logo_Completo.png","contentUrl":"https:\/\/d2dhunting.com\/wp-content\/uploads\/2023\/12\/Logo_Completo.png","width":740,"height":308,"caption":"D2D Hunting"},"image":{"@id":"https:\/\/d2dhunting.com\/#\/schema\/logo\/image\/"}}]}},"brands":[{"id":837,"name":"LATITUDE","slug":"latitude"}],"_links":{"self":[{"href":"https:\/\/d2dhunting.com\/es\/wp-json\/wp\/v2\/product\/15725","targetHints":{"allow":["GET"]}}],"collection":[{"href":"https:\/\/d2dhunting.com\/es\/wp-json\/wp\/v2\/product"}],"about":[{"href":"https:\/\/d2dhunting.com\/es\/wp-json\/wp\/v2\/types\/product"}],"wp:featuredmedia":[{"embeddable":true,"href":"https:\/\/d2dhunting.com\/es\/wp-json\/wp\/v2\/media\/15724"}],"wp:attachment":[{"href":"https:\/\/d2dhunting.com\/es\/wp-json\/wp\/v2\/media?parent=15725"}],"wp:term":[{"taxonomy":"pwb-brand","embeddable":true,"href":"https:\/\/d2dhunting.com\/es\/wp-json\/wp\/v2\/pwb-brand?post=15725"},{"taxonomy":"product_brand","embeddable":true,"href":"https:\/\/d2dhunting.com\/es\/wp-json\/wp\/v2\/product_brand?post=15725"},{"taxonomy":"product_cat","embeddable":true,"href":"https:\/\/d2dhunting.com\/es\/wp-json\/wp\/v2\/product_cat?post=15725"},{"taxonomy":"product_tag","embeddable":true,"href":"https:\/\/d2dhunting.com\/es\/wp-json\/wp\/v2\/product_tag?post=15725"},{"taxonomy":"giftcard-category","embeddable":true,"href":"https:\/\/d2dhunting.com\/es\/wp-json\/wp\/v2\/giftcard-category?post=15725"}],"curies":[{"name":"wp","href":"https:\/\/api.w.org\/{rel}","templated":true}]}}