{"id":15742,"date":"2024-08-19T11:04:56","date_gmt":"2024-08-19T11:04:56","guid":{"rendered":"https:\/\/d2dhunting.com\/product\/latitude-standard-carabiner\/"},"modified":"2025-01-16T09:25:39","modified_gmt":"2025-01-16T09:25:39","slug":"latitude-standard-carabiner","status":"publish","type":"product","link":"https:\/\/d2dhunting.com\/es\/product\/latitude-standard-carabiner\/","title":{"rendered":"Latitude Standard Carabiner"},"content":{"rendered":"<p>Mosquet\u00f3n Est\u00e1ndar Latitude<\/p>\n<p>El vers\u00e1til mosquet\u00f3n est\u00e1ndar Latitude ha sido dise\u00f1ado por Latitude Outdoors para ser el mosquet\u00f3n perfecto para todas las aplicaciones de caza desde saddle. El cierre de seguridad a rosca reduce la posibilidad de fallos del sistema de apertura y el dise\u00f1o compacto permite que sea operado con una sola mano.<\/p>\n","protected":false},"excerpt":{"rendered":"<p>Mosquet\u00f3n Est\u00e1ndar Latitude El vers\u00e1til mosquet\u00f3n est\u00e1ndar Latitude ha sido dise\u00f1ado por Latitude Outdoors para ser el mosquet\u00f3n perfecto para todas las aplicaciones de caza desde saddle. El cierre de seguridad a rosca reduce la posibilidad de fallos del sistema de apertura y el dise\u00f1o compacto permite que sea operado con una sola mano.<\/p>\n","protected":false},"featured_media":15741,"template":"","meta":{"_acf_changed":false},"pwb-brand":[837],"product_brand":[],"product_cat":[228,1001],"product_tag":[],"giftcard-category":[],"class_list":{"0":"post-15742","1":"product","2":"type-product","3":"status-publish","4":"has-post-thumbnail","6":"pwb-brand-latitude","7":"product_cat-saddle-accessories-es","8":"product_cat-saddle","10":"first","11":"instock","12":"taxable","13":"shipping-taxable","14":"purchasable","15":"product-type-simple"},"acf":[],"yoast_head":"<!-- This site is optimized with the Yoast SEO plugin v27.2 - https:\/\/yoast.com\/product\/yoast-seo-wordpress\/ -->\n<title>Latitude Standard Carabiner - D2D Hunting<\/title>\n<meta name=\"robots\" content=\"index, follow, max-snippet:-1, max-image-preview:large, max-video-preview:-1\" \/>\n<link rel=\"canonical\" href=\"https:\/\/d2dhunting.com\/es\/product\/latitude-standard-carabiner\/\" \/>\n<meta property=\"og:locale\" content=\"es_ES\" \/>\n<meta property=\"og:type\" content=\"article\" \/>\n<meta property=\"og:title\" content=\"Latitude Standard Carabiner - D2D Hunting\" \/>\n<meta property=\"og:description\" content=\"Mosquet\u00f3n Est\u00e1ndar Latitude El vers\u00e1til mosquet\u00f3n est\u00e1ndar Latitude ha sido dise\u00f1ado por Latitude Outdoors para ser el mosquet\u00f3n perfecto para todas las aplicaciones de caza desde saddle. El cierre de seguridad a rosca reduce la posibilidad de fallos del sistema de apertura y el dise\u00f1o compacto permite que sea operado con una sola mano.\" \/>\n<meta property=\"og:url\" content=\"https:\/\/d2dhunting.com\/es\/product\/latitude-standard-carabiner\/\" \/>\n<meta property=\"og:site_name\" content=\"D2D Hunting\" \/>\n<meta property=\"article:modified_time\" content=\"2025-01-16T09:25:39+00:00\" \/>\n<meta property=\"og:image\" content=\"https:\/\/d2dhunting.com\/wp-content\/uploads\/2024\/08\/latitude-standard-carabiner-default-title-latitude-outdoors-30057549234250.jpeg\" \/>\n\t<meta property=\"og:image:width\" content=\"2254\" \/>\n\t<meta property=\"og:image:height\" content=\"2251\" \/>\n\t<meta property=\"og:image:type\" content=\"image\/jpeg\" \/>\n<meta name=\"twitter:card\" content=\"summary_large_image\" \/>\n<meta name=\"twitter:label1\" content=\"Tiempo de lectura\" \/>\n\t<meta name=\"twitter:data1\" content=\"1 minuto\" \/>\n<script type=\"application\/ld+json\" class=\"yoast-schema-graph\">{\"@context\":\"https:\/\/schema.org\",\"@graph\":[{\"@type\":[\"WebPage\",\"CollectionPage\"],\"@id\":\"https:\/\/d2dhunting.com\/es\/product\/latitude-standard-carabiner\/\",\"url\":\"https:\/\/d2dhunting.com\/es\/product\/latitude-standard-carabiner\/\",\"name\":\"Latitude Standard Carabiner - D2D Hunting\",\"isPartOf\":{\"@id\":\"https:\/\/d2dhunting.com\/#website\"},\"primaryImageOfPage\":{\"@id\":\"https:\/\/d2dhunting.com\/es\/product\/latitude-standard-carabiner\/#primaryimage\"},\"image\":{\"@id\":\"https:\/\/d2dhunting.com\/es\/product\/latitude-standard-carabiner\/#primaryimage\"},\"thumbnailUrl\":\"https:\/\/d2dhunting.com\/wp-content\/uploads\/2024\/08\/latitude-standard-carabiner-default-title-latitude-outdoors-30057549234250.jpeg\",\"datePublished\":\"2024-08-19T11:04:56+00:00\",\"dateModified\":\"2025-01-16T09:25:39+00:00\",\"breadcrumb\":{\"@id\":\"https:\/\/d2dhunting.com\/es\/product\/latitude-standard-carabiner\/#breadcrumb\"},\"inLanguage\":\"es\"},{\"@type\":\"ImageObject\",\"inLanguage\":\"es\",\"@id\":\"https:\/\/d2dhunting.com\/es\/product\/latitude-standard-carabiner\/#primaryimage\",\"url\":\"https:\/\/d2dhunting.com\/wp-content\/uploads\/2024\/08\/latitude-standard-carabiner-default-title-latitude-outdoors-30057549234250.jpeg\",\"contentUrl\":\"https:\/\/d2dhunting.com\/wp-content\/uploads\/2024\/08\/latitude-standard-carabiner-default-title-latitude-outdoors-30057549234250.jpeg\",\"width\":2254,\"height\":2251},{\"@type\":\"BreadcrumbList\",\"@id\":\"https:\/\/d2dhunting.com\/es\/product\/latitude-standard-carabiner\/#breadcrumb\",\"itemListElement\":[{\"@type\":\"ListItem\",\"position\":1,\"name\":\"Home\",\"item\":\"https:\/\/d2dhunting.com\/es\/\"},{\"@type\":\"ListItem\",\"position\":2,\"name\":\"Tienda ES\",\"item\":\"https:\/\/d2dhunting.com\/es\/tienda-2\/\"},{\"@type\":\"ListItem\",\"position\":3,\"name\":\"Latitude Standard Carabiner\"}]},{\"@type\":\"WebSite\",\"@id\":\"https:\/\/d2dhunting.com\/#website\",\"url\":\"https:\/\/d2dhunting.com\/\",\"name\":\"D2D Hunting\",\"description\":\"D2D was born with the idea of promoting still stalk hunting, through the distribution of quality equipment for the hunter.\",\"publisher\":{\"@id\":\"https:\/\/d2dhunting.com\/#organization\"},\"potentialAction\":[{\"@type\":\"SearchAction\",\"target\":{\"@type\":\"EntryPoint\",\"urlTemplate\":\"https:\/\/d2dhunting.com\/?s={search_term_string}\"},\"query-input\":{\"@type\":\"PropertyValueSpecification\",\"valueRequired\":true,\"valueName\":\"search_term_string\"}}],\"inLanguage\":\"es\"},{\"@type\":\"Organization\",\"@id\":\"https:\/\/d2dhunting.com\/#organization\",\"name\":\"D2D Hunting\",\"url\":\"https:\/\/d2dhunting.com\/\",\"logo\":{\"@type\":\"ImageObject\",\"inLanguage\":\"es\",\"@id\":\"https:\/\/d2dhunting.com\/#\/schema\/logo\/image\/\",\"url\":\"https:\/\/d2dhunting.com\/wp-content\/uploads\/2023\/12\/Logo_Completo.png\",\"contentUrl\":\"https:\/\/d2dhunting.com\/wp-content\/uploads\/2023\/12\/Logo_Completo.png\",\"width\":740,\"height\":308,\"caption\":\"D2D Hunting\"},\"image\":{\"@id\":\"https:\/\/d2dhunting.com\/#\/schema\/logo\/image\/\"}}]}<\/script>\n<!-- \/ Yoast SEO plugin. -->","yoast_head_json":{"title":"Latitude Standard Carabiner - D2D Hunting","robots":{"index":"index","follow":"follow","max-snippet":"max-snippet:-1","max-image-preview":"max-image-preview:large","max-video-preview":"max-video-preview:-1"},"canonical":"https:\/\/d2dhunting.com\/es\/product\/latitude-standard-carabiner\/","og_locale":"es_ES","og_type":"article","og_title":"Latitude Standard Carabiner - D2D Hunting","og_description":"Mosquet\u00f3n Est\u00e1ndar Latitude El vers\u00e1til mosquet\u00f3n est\u00e1ndar Latitude ha sido dise\u00f1ado por Latitude Outdoors para ser el mosquet\u00f3n perfecto para todas las aplicaciones de caza desde saddle. El cierre de seguridad a rosca reduce la posibilidad de fallos del sistema de apertura y el dise\u00f1o compacto permite que sea operado con una sola mano.","og_url":"https:\/\/d2dhunting.com\/es\/product\/latitude-standard-carabiner\/","og_site_name":"D2D Hunting","article_modified_time":"2025-01-16T09:25:39+00:00","og_image":[{"width":2254,"height":2251,"url":"https:\/\/d2dhunting.com\/wp-content\/uploads\/2024\/08\/latitude-standard-carabiner-default-title-latitude-outdoors-30057549234250.jpeg","type":"image\/jpeg"}],"twitter_card":"summary_large_image","twitter_misc":{"Tiempo de lectura":"1 minuto"},"schema":{"@context":"https:\/\/schema.org","@graph":[{"@type":["WebPage","CollectionPage"],"@id":"https:\/\/d2dhunting.com\/es\/product\/latitude-standard-carabiner\/","url":"https:\/\/d2dhunting.com\/es\/product\/latitude-standard-carabiner\/","name":"Latitude Standard Carabiner - D2D Hunting","isPartOf":{"@id":"https:\/\/d2dhunting.com\/#website"},"primaryImageOfPage":{"@id":"https:\/\/d2dhunting.com\/es\/product\/latitude-standard-carabiner\/#primaryimage"},"image":{"@id":"https:\/\/d2dhunting.com\/es\/product\/latitude-standard-carabiner\/#primaryimage"},"thumbnailUrl":"https:\/\/d2dhunting.com\/wp-content\/uploads\/2024\/08\/latitude-standard-carabiner-default-title-latitude-outdoors-30057549234250.jpeg","datePublished":"2024-08-19T11:04:56+00:00","dateModified":"2025-01-16T09:25:39+00:00","breadcrumb":{"@id":"https:\/\/d2dhunting.com\/es\/product\/latitude-standard-carabiner\/#breadcrumb"},"inLanguage":"es"},{"@type":"ImageObject","inLanguage":"es","@id":"https:\/\/d2dhunting.com\/es\/product\/latitude-standard-carabiner\/#primaryimage","url":"https:\/\/d2dhunting.com\/wp-content\/uploads\/2024\/08\/latitude-standard-carabiner-default-title-latitude-outdoors-30057549234250.jpeg","contentUrl":"https:\/\/d2dhunting.com\/wp-content\/uploads\/2024\/08\/latitude-standard-carabiner-default-title-latitude-outdoors-30057549234250.jpeg","width":2254,"height":2251},{"@type":"BreadcrumbList","@id":"https:\/\/d2dhunting.com\/es\/product\/latitude-standard-carabiner\/#breadcrumb","itemListElement":[{"@type":"ListItem","position":1,"name":"Home","item":"https:\/\/d2dhunting.com\/es\/"},{"@type":"ListItem","position":2,"name":"Tienda ES","item":"https:\/\/d2dhunting.com\/es\/tienda-2\/"},{"@type":"ListItem","position":3,"name":"Latitude Standard Carabiner"}]},{"@type":"WebSite","@id":"https:\/\/d2dhunting.com\/#website","url":"https:\/\/d2dhunting.com\/","name":"D2D Hunting","description":"D2D was born with the idea of promoting still stalk hunting, through the distribution of quality equipment for the hunter.","publisher":{"@id":"https:\/\/d2dhunting.com\/#organization"},"potentialAction":[{"@type":"SearchAction","target":{"@type":"EntryPoint","urlTemplate":"https:\/\/d2dhunting.com\/?s={search_term_string}"},"query-input":{"@type":"PropertyValueSpecification","valueRequired":true,"valueName":"search_term_string"}}],"inLanguage":"es"},{"@type":"Organization","@id":"https:\/\/d2dhunting.com\/#organization","name":"D2D Hunting","url":"https:\/\/d2dhunting.com\/","logo":{"@type":"ImageObject","inLanguage":"es","@id":"https:\/\/d2dhunting.com\/#\/schema\/logo\/image\/","url":"https:\/\/d2dhunting.com\/wp-content\/uploads\/2023\/12\/Logo_Completo.png","contentUrl":"https:\/\/d2dhunting.com\/wp-content\/uploads\/2023\/12\/Logo_Completo.png","width":740,"height":308,"caption":"D2D Hunting"},"image":{"@id":"https:\/\/d2dhunting.com\/#\/schema\/logo\/image\/"}}]}},"brands":[{"id":837,"name":"LATITUDE","slug":"latitude"}],"_links":{"self":[{"href":"https:\/\/d2dhunting.com\/es\/wp-json\/wp\/v2\/product\/15742","targetHints":{"allow":["GET"]}}],"collection":[{"href":"https:\/\/d2dhunting.com\/es\/wp-json\/wp\/v2\/product"}],"about":[{"href":"https:\/\/d2dhunting.com\/es\/wp-json\/wp\/v2\/types\/product"}],"wp:featuredmedia":[{"embeddable":true,"href":"https:\/\/d2dhunting.com\/es\/wp-json\/wp\/v2\/media\/15741"}],"wp:attachment":[{"href":"https:\/\/d2dhunting.com\/es\/wp-json\/wp\/v2\/media?parent=15742"}],"wp:term":[{"taxonomy":"pwb-brand","embeddable":true,"href":"https:\/\/d2dhunting.com\/es\/wp-json\/wp\/v2\/pwb-brand?post=15742"},{"taxonomy":"product_brand","embeddable":true,"href":"https:\/\/d2dhunting.com\/es\/wp-json\/wp\/v2\/product_brand?post=15742"},{"taxonomy":"product_cat","embeddable":true,"href":"https:\/\/d2dhunting.com\/es\/wp-json\/wp\/v2\/product_cat?post=15742"},{"taxonomy":"product_tag","embeddable":true,"href":"https:\/\/d2dhunting.com\/es\/wp-json\/wp\/v2\/product_tag?post=15742"},{"taxonomy":"giftcard-category","embeddable":true,"href":"https:\/\/d2dhunting.com\/es\/wp-json\/wp\/v2\/giftcard-category?post=15742"}],"curies":[{"name":"wp","href":"https:\/\/api.w.org\/{rel}","templated":true}]}}