{"id":16154,"date":"2024-09-02T11:58:06","date_gmt":"2024-09-02T11:58:06","guid":{"rendered":"https:\/\/d2dhunting.com\/?post_type=product&#038;p=16154"},"modified":"2025-03-21T10:48:10","modified_gmt":"2025-03-21T10:48:10","slug":"grizzly-dry-goods-tray-copia-2","status":"publish","type":"product","link":"https:\/\/d2dhunting.com\/es\/product\/grizzly-dry-goods-tray-copia-2\/","title":{"rendered":"Grizzly Dry Goods Tray"},"content":{"rendered":"<p>No siempre querr\u00e1s que todo lo que llevas en la nevera est\u00e9 en el hielo. Mant\u00e9n los productos secos secos con la bandeja para productos de Grizzly. Este accesorio de la nevera Grizzly RotoTough\u2122 est\u00e1 dise\u00f1ado para colgar del borde a lo largo de la parte superior de tu nevera Grizzly para mantener el contenido seco.<\/p>\n","protected":false},"excerpt":{"rendered":"<p>No siempre querr\u00e1s que todo lo que llevas en la nevera est\u00e9 en el hielo. Mant\u00e9n los productos secos secos con la bandeja para productos de Grizzly. Este accesorio de la nevera Grizzly RotoTough\u2122 est\u00e1 dise\u00f1ado para colgar del borde a lo largo de la parte superior de tu nevera Grizzly para mantener el contenido [&hellip;]<\/p>\n","protected":false},"featured_media":15632,"template":"","meta":{"_acf_changed":false},"pwb-brand":[1403],"product_brand":[],"product_cat":[1443,1404],"product_tag":[],"giftcard-category":[],"class_list":{"0":"post-16154","1":"product","2":"type-product","3":"status-publish","4":"has-post-thumbnail","6":"pwb-brand-grizzly","7":"product_cat-accessories-es","8":"product_cat-neveras-y-a","10":"first","11":"instock","12":"taxable","13":"shipping-taxable","14":"purchasable","15":"product-type-variable"},"acf":[],"yoast_head":"<!-- This site is optimized with the Yoast SEO plugin v27.2 - https:\/\/yoast.com\/product\/yoast-seo-wordpress\/ -->\n<title>Grizzly Dry Goods Tray - D2D Hunting<\/title>\n<meta name=\"robots\" content=\"index, follow, max-snippet:-1, max-image-preview:large, max-video-preview:-1\" \/>\n<link rel=\"canonical\" href=\"https:\/\/d2dhunting.com\/es\/product\/grizzly-dry-goods-tray-copia-2\/\" \/>\n<meta property=\"og:locale\" content=\"es_ES\" \/>\n<meta property=\"og:type\" content=\"article\" \/>\n<meta property=\"og:title\" content=\"Grizzly Dry Goods Tray - D2D Hunting\" \/>\n<meta property=\"og:description\" content=\"No siempre querr\u00e1s que todo lo que llevas en la nevera est\u00e9 en el hielo. Mant\u00e9n los productos secos secos con la bandeja para productos de Grizzly. Este accesorio de la nevera Grizzly RotoTough\u2122 est\u00e1 dise\u00f1ado para colgar del borde a lo largo de la parte superior de tu nevera Grizzly para mantener el contenido [&hellip;]\" \/>\n<meta property=\"og:url\" content=\"https:\/\/d2dhunting.com\/es\/product\/grizzly-dry-goods-tray-copia-2\/\" \/>\n<meta property=\"og:site_name\" content=\"D2D Hunting\" \/>\n<meta property=\"article:modified_time\" content=\"2025-03-21T10:48:10+00:00\" \/>\n<meta property=\"og:image\" content=\"https:\/\/d2dhunting.com\/wp-content\/uploads\/2024\/08\/Dry-goods-100-compressor.webp\" \/>\n\t<meta property=\"og:image:width\" content=\"600\" \/>\n\t<meta property=\"og:image:height\" content=\"338\" \/>\n\t<meta property=\"og:image:type\" content=\"image\/webp\" \/>\n<meta name=\"twitter:card\" content=\"summary_large_image\" \/>\n<meta name=\"twitter:label1\" content=\"Tiempo de lectura\" \/>\n\t<meta name=\"twitter:data1\" content=\"1 minuto\" \/>\n<script type=\"application\/ld+json\" class=\"yoast-schema-graph\">{\"@context\":\"https:\/\/schema.org\",\"@graph\":[{\"@type\":[\"WebPage\",\"CollectionPage\"],\"@id\":\"https:\/\/d2dhunting.com\/es\/product\/grizzly-dry-goods-tray-copia-2\/\",\"url\":\"https:\/\/d2dhunting.com\/es\/product\/grizzly-dry-goods-tray-copia-2\/\",\"name\":\"Grizzly Dry Goods Tray - D2D Hunting\",\"isPartOf\":{\"@id\":\"https:\/\/d2dhunting.com\/#website\"},\"primaryImageOfPage\":{\"@id\":\"https:\/\/d2dhunting.com\/es\/product\/grizzly-dry-goods-tray-copia-2\/#primaryimage\"},\"image\":{\"@id\":\"https:\/\/d2dhunting.com\/es\/product\/grizzly-dry-goods-tray-copia-2\/#primaryimage\"},\"thumbnailUrl\":\"https:\/\/d2dhunting.com\/wp-content\/uploads\/2024\/08\/Dry-goods-100-compressor.webp\",\"datePublished\":\"2024-09-02T11:58:06+00:00\",\"dateModified\":\"2025-03-21T10:48:10+00:00\",\"breadcrumb\":{\"@id\":\"https:\/\/d2dhunting.com\/es\/product\/grizzly-dry-goods-tray-copia-2\/#breadcrumb\"},\"inLanguage\":\"es\"},{\"@type\":\"ImageObject\",\"inLanguage\":\"es\",\"@id\":\"https:\/\/d2dhunting.com\/es\/product\/grizzly-dry-goods-tray-copia-2\/#primaryimage\",\"url\":\"https:\/\/d2dhunting.com\/wp-content\/uploads\/2024\/08\/Dry-goods-100-compressor.webp\",\"contentUrl\":\"https:\/\/d2dhunting.com\/wp-content\/uploads\/2024\/08\/Dry-goods-100-compressor.webp\",\"width\":600,\"height\":338},{\"@type\":\"BreadcrumbList\",\"@id\":\"https:\/\/d2dhunting.com\/es\/product\/grizzly-dry-goods-tray-copia-2\/#breadcrumb\",\"itemListElement\":[{\"@type\":\"ListItem\",\"position\":1,\"name\":\"Home\",\"item\":\"https:\/\/d2dhunting.com\/es\/\"},{\"@type\":\"ListItem\",\"position\":2,\"name\":\"Tienda ES\",\"item\":\"https:\/\/d2dhunting.com\/es\/tienda-2\/\"},{\"@type\":\"ListItem\",\"position\":3,\"name\":\"Grizzly Dry Goods Tray\"}]},{\"@type\":\"WebSite\",\"@id\":\"https:\/\/d2dhunting.com\/#website\",\"url\":\"https:\/\/d2dhunting.com\/\",\"name\":\"D2D Hunting\",\"description\":\"D2D was born with the idea of promoting still stalk hunting, through the distribution of quality equipment for the hunter.\",\"publisher\":{\"@id\":\"https:\/\/d2dhunting.com\/#organization\"},\"potentialAction\":[{\"@type\":\"SearchAction\",\"target\":{\"@type\":\"EntryPoint\",\"urlTemplate\":\"https:\/\/d2dhunting.com\/?s={search_term_string}\"},\"query-input\":{\"@type\":\"PropertyValueSpecification\",\"valueRequired\":true,\"valueName\":\"search_term_string\"}}],\"inLanguage\":\"es\"},{\"@type\":\"Organization\",\"@id\":\"https:\/\/d2dhunting.com\/#organization\",\"name\":\"D2D Hunting\",\"url\":\"https:\/\/d2dhunting.com\/\",\"logo\":{\"@type\":\"ImageObject\",\"inLanguage\":\"es\",\"@id\":\"https:\/\/d2dhunting.com\/#\/schema\/logo\/image\/\",\"url\":\"https:\/\/d2dhunting.com\/wp-content\/uploads\/2023\/12\/Logo_Completo.png\",\"contentUrl\":\"https:\/\/d2dhunting.com\/wp-content\/uploads\/2023\/12\/Logo_Completo.png\",\"width\":740,\"height\":308,\"caption\":\"D2D Hunting\"},\"image\":{\"@id\":\"https:\/\/d2dhunting.com\/#\/schema\/logo\/image\/\"}}]}<\/script>\n<!-- \/ Yoast SEO plugin. -->","yoast_head_json":{"title":"Grizzly Dry Goods Tray - D2D Hunting","robots":{"index":"index","follow":"follow","max-snippet":"max-snippet:-1","max-image-preview":"max-image-preview:large","max-video-preview":"max-video-preview:-1"},"canonical":"https:\/\/d2dhunting.com\/es\/product\/grizzly-dry-goods-tray-copia-2\/","og_locale":"es_ES","og_type":"article","og_title":"Grizzly Dry Goods Tray - D2D Hunting","og_description":"No siempre querr\u00e1s que todo lo que llevas en la nevera est\u00e9 en el hielo. Mant\u00e9n los productos secos secos con la bandeja para productos de Grizzly. Este accesorio de la nevera Grizzly RotoTough\u2122 est\u00e1 dise\u00f1ado para colgar del borde a lo largo de la parte superior de tu nevera Grizzly para mantener el contenido [&hellip;]","og_url":"https:\/\/d2dhunting.com\/es\/product\/grizzly-dry-goods-tray-copia-2\/","og_site_name":"D2D Hunting","article_modified_time":"2025-03-21T10:48:10+00:00","og_image":[{"width":600,"height":338,"url":"https:\/\/d2dhunting.com\/wp-content\/uploads\/2024\/08\/Dry-goods-100-compressor.webp","type":"image\/webp"}],"twitter_card":"summary_large_image","twitter_misc":{"Tiempo de lectura":"1 minuto"},"schema":{"@context":"https:\/\/schema.org","@graph":[{"@type":["WebPage","CollectionPage"],"@id":"https:\/\/d2dhunting.com\/es\/product\/grizzly-dry-goods-tray-copia-2\/","url":"https:\/\/d2dhunting.com\/es\/product\/grizzly-dry-goods-tray-copia-2\/","name":"Grizzly Dry Goods Tray - D2D Hunting","isPartOf":{"@id":"https:\/\/d2dhunting.com\/#website"},"primaryImageOfPage":{"@id":"https:\/\/d2dhunting.com\/es\/product\/grizzly-dry-goods-tray-copia-2\/#primaryimage"},"image":{"@id":"https:\/\/d2dhunting.com\/es\/product\/grizzly-dry-goods-tray-copia-2\/#primaryimage"},"thumbnailUrl":"https:\/\/d2dhunting.com\/wp-content\/uploads\/2024\/08\/Dry-goods-100-compressor.webp","datePublished":"2024-09-02T11:58:06+00:00","dateModified":"2025-03-21T10:48:10+00:00","breadcrumb":{"@id":"https:\/\/d2dhunting.com\/es\/product\/grizzly-dry-goods-tray-copia-2\/#breadcrumb"},"inLanguage":"es"},{"@type":"ImageObject","inLanguage":"es","@id":"https:\/\/d2dhunting.com\/es\/product\/grizzly-dry-goods-tray-copia-2\/#primaryimage","url":"https:\/\/d2dhunting.com\/wp-content\/uploads\/2024\/08\/Dry-goods-100-compressor.webp","contentUrl":"https:\/\/d2dhunting.com\/wp-content\/uploads\/2024\/08\/Dry-goods-100-compressor.webp","width":600,"height":338},{"@type":"BreadcrumbList","@id":"https:\/\/d2dhunting.com\/es\/product\/grizzly-dry-goods-tray-copia-2\/#breadcrumb","itemListElement":[{"@type":"ListItem","position":1,"name":"Home","item":"https:\/\/d2dhunting.com\/es\/"},{"@type":"ListItem","position":2,"name":"Tienda ES","item":"https:\/\/d2dhunting.com\/es\/tienda-2\/"},{"@type":"ListItem","position":3,"name":"Grizzly Dry Goods Tray"}]},{"@type":"WebSite","@id":"https:\/\/d2dhunting.com\/#website","url":"https:\/\/d2dhunting.com\/","name":"D2D Hunting","description":"D2D was born with the idea of promoting still stalk hunting, through the distribution of quality equipment for the hunter.","publisher":{"@id":"https:\/\/d2dhunting.com\/#organization"},"potentialAction":[{"@type":"SearchAction","target":{"@type":"EntryPoint","urlTemplate":"https:\/\/d2dhunting.com\/?s={search_term_string}"},"query-input":{"@type":"PropertyValueSpecification","valueRequired":true,"valueName":"search_term_string"}}],"inLanguage":"es"},{"@type":"Organization","@id":"https:\/\/d2dhunting.com\/#organization","name":"D2D Hunting","url":"https:\/\/d2dhunting.com\/","logo":{"@type":"ImageObject","inLanguage":"es","@id":"https:\/\/d2dhunting.com\/#\/schema\/logo\/image\/","url":"https:\/\/d2dhunting.com\/wp-content\/uploads\/2023\/12\/Logo_Completo.png","contentUrl":"https:\/\/d2dhunting.com\/wp-content\/uploads\/2023\/12\/Logo_Completo.png","width":740,"height":308,"caption":"D2D Hunting"},"image":{"@id":"https:\/\/d2dhunting.com\/#\/schema\/logo\/image\/"}}]}},"brands":[{"id":1403,"name":"GRIZZLY","slug":"grizzly"}],"_links":{"self":[{"href":"https:\/\/d2dhunting.com\/es\/wp-json\/wp\/v2\/product\/16154","targetHints":{"allow":["GET"]}}],"collection":[{"href":"https:\/\/d2dhunting.com\/es\/wp-json\/wp\/v2\/product"}],"about":[{"href":"https:\/\/d2dhunting.com\/es\/wp-json\/wp\/v2\/types\/product"}],"wp:featuredmedia":[{"embeddable":true,"href":"https:\/\/d2dhunting.com\/es\/wp-json\/wp\/v2\/media\/15632"}],"wp:attachment":[{"href":"https:\/\/d2dhunting.com\/es\/wp-json\/wp\/v2\/media?parent=16154"}],"wp:term":[{"taxonomy":"pwb-brand","embeddable":true,"href":"https:\/\/d2dhunting.com\/es\/wp-json\/wp\/v2\/pwb-brand?post=16154"},{"taxonomy":"product_brand","embeddable":true,"href":"https:\/\/d2dhunting.com\/es\/wp-json\/wp\/v2\/product_brand?post=16154"},{"taxonomy":"product_cat","embeddable":true,"href":"https:\/\/d2dhunting.com\/es\/wp-json\/wp\/v2\/product_cat?post=16154"},{"taxonomy":"product_tag","embeddable":true,"href":"https:\/\/d2dhunting.com\/es\/wp-json\/wp\/v2\/product_tag?post=16154"},{"taxonomy":"giftcard-category","embeddable":true,"href":"https:\/\/d2dhunting.com\/es\/wp-json\/wp\/v2\/giftcard-category?post=16154"}],"curies":[{"name":"wp","href":"https:\/\/api.w.org\/{rel}","templated":true}]}}