{"id":16177,"date":"2024-09-02T12:01:12","date_gmt":"2024-09-02T12:01:12","guid":{"rendered":"https:\/\/d2dhunting.com\/?post_type=product&#038;p=16177"},"modified":"2025-06-20T09:15:48","modified_gmt":"2025-06-20T09:15:48","slug":"grizzly-camp-cup-copia","status":"publish","type":"product","link":"https:\/\/d2dhunting.com\/es\/product\/grizzly-camp-cup-copia\/","title":{"rendered":"Grizzly Camp Cup"},"content":{"rendered":"<p>La taza Grizzly Grip Camp de 11oz (325ml) va a donde t\u00fa vayas. Ya sea preparando tu caf\u00e9 sobre un fuego mientras sale el sol o en la oficina antes de un gran d\u00eda, la taza Grizzly Grip Camp Cup hace que beberlo sea mucho m\u00e1s placentero. El aislamiento al vac\u00edo de doble pared mantendr\u00e1 tu caf\u00e9 agradable y caliente, y es perfecta para otras bebidas fr\u00edas o calientes en cualquier momento del d\u00eda, sin importar d\u00f3nde te encuentres o qu\u00e9 est\u00e9s haciendo. Tendr\u00e1s un agarre s\u00f3lido con el asa y el dise\u00f1o ergon\u00f3mico, y el fondo de goma mantendr\u00e1 tu taza donde quieres que est\u00e9. La tapa a prueba de salpicaduras evita derrames.<\/p>\n","protected":false},"excerpt":{"rendered":"<p>La taza Grizzly Grip Camp de 11oz (325ml) va a donde t\u00fa vayas. Ya sea preparando tu caf\u00e9 sobre un fuego mientras sale el sol o en la oficina antes de un gran d\u00eda, la taza Grizzly Grip Camp Cup hace que beberlo sea mucho m\u00e1s placentero. El aislamiento al vac\u00edo de doble pared mantendr\u00e1 [&hellip;]<\/p>\n","protected":false},"featured_media":15589,"template":"","meta":{"_acf_changed":false},"pwb-brand":[1403],"product_brand":[],"product_cat":[1404,1442],"product_tag":[],"giftcard-category":[],"class_list":{"0":"post-16177","1":"product","2":"type-product","3":"status-publish","4":"has-post-thumbnail","6":"pwb-brand-grizzly","7":"product_cat-neveras-y-a","8":"product_cat-vasos-y-tazas","10":"first","11":"instock","12":"taxable","13":"shipping-taxable","14":"purchasable","15":"product-type-variable"},"acf":[],"yoast_head":"<!-- This site is optimized with the Yoast SEO plugin v27.2 - https:\/\/yoast.com\/product\/yoast-seo-wordpress\/ -->\n<title>Grizzly Camp Cup - D2D Hunting<\/title>\n<meta name=\"robots\" content=\"index, follow, max-snippet:-1, max-image-preview:large, max-video-preview:-1\" \/>\n<link rel=\"canonical\" href=\"https:\/\/d2dhunting.com\/es\/product\/grizzly-camp-cup-copia\/\" \/>\n<meta property=\"og:locale\" content=\"es_ES\" \/>\n<meta property=\"og:type\" content=\"article\" \/>\n<meta property=\"og:title\" content=\"Grizzly Camp Cup - D2D Hunting\" \/>\n<meta property=\"og:description\" content=\"La taza Grizzly Grip Camp de 11oz (325ml) va a donde t\u00fa vayas. Ya sea preparando tu caf\u00e9 sobre un fuego mientras sale el sol o en la oficina antes de un gran d\u00eda, la taza Grizzly Grip Camp Cup hace que beberlo sea mucho m\u00e1s placentero. El aislamiento al vac\u00edo de doble pared mantendr\u00e1 [&hellip;]\" \/>\n<meta property=\"og:url\" content=\"https:\/\/d2dhunting.com\/es\/product\/grizzly-camp-cup-copia\/\" \/>\n<meta property=\"og:site_name\" content=\"D2D Hunting\" \/>\n<meta property=\"article:modified_time\" content=\"2025-06-20T09:15:48+00:00\" \/>\n<meta property=\"og:image\" content=\"https:\/\/d2dhunting.com\/wp-content\/uploads\/2024\/08\/21723_source_1707919806.jpg\" \/>\n\t<meta property=\"og:image:width\" content=\"1280\" \/>\n\t<meta property=\"og:image:height\" content=\"1280\" \/>\n\t<meta property=\"og:image:type\" content=\"image\/jpeg\" \/>\n<meta name=\"twitter:card\" content=\"summary_large_image\" \/>\n<meta name=\"twitter:label1\" content=\"Tiempo de lectura\" \/>\n\t<meta name=\"twitter:data1\" content=\"1 minuto\" \/>\n<script type=\"application\/ld+json\" class=\"yoast-schema-graph\">{\"@context\":\"https:\/\/schema.org\",\"@graph\":[{\"@type\":[\"WebPage\",\"CollectionPage\"],\"@id\":\"https:\/\/d2dhunting.com\/es\/product\/grizzly-camp-cup-copia\/\",\"url\":\"https:\/\/d2dhunting.com\/es\/product\/grizzly-camp-cup-copia\/\",\"name\":\"Grizzly Camp Cup - D2D Hunting\",\"isPartOf\":{\"@id\":\"https:\/\/d2dhunting.com\/#website\"},\"primaryImageOfPage\":{\"@id\":\"https:\/\/d2dhunting.com\/es\/product\/grizzly-camp-cup-copia\/#primaryimage\"},\"image\":{\"@id\":\"https:\/\/d2dhunting.com\/es\/product\/grizzly-camp-cup-copia\/#primaryimage\"},\"thumbnailUrl\":\"https:\/\/d2dhunting.com\/wp-content\/uploads\/2024\/08\/21723_source_1707919806.jpg\",\"datePublished\":\"2024-09-02T12:01:12+00:00\",\"dateModified\":\"2025-06-20T09:15:48+00:00\",\"breadcrumb\":{\"@id\":\"https:\/\/d2dhunting.com\/es\/product\/grizzly-camp-cup-copia\/#breadcrumb\"},\"inLanguage\":\"es\"},{\"@type\":\"ImageObject\",\"inLanguage\":\"es\",\"@id\":\"https:\/\/d2dhunting.com\/es\/product\/grizzly-camp-cup-copia\/#primaryimage\",\"url\":\"https:\/\/d2dhunting.com\/wp-content\/uploads\/2024\/08\/21723_source_1707919806.jpg\",\"contentUrl\":\"https:\/\/d2dhunting.com\/wp-content\/uploads\/2024\/08\/21723_source_1707919806.jpg\",\"width\":1280,\"height\":1280},{\"@type\":\"BreadcrumbList\",\"@id\":\"https:\/\/d2dhunting.com\/es\/product\/grizzly-camp-cup-copia\/#breadcrumb\",\"itemListElement\":[{\"@type\":\"ListItem\",\"position\":1,\"name\":\"Home\",\"item\":\"https:\/\/d2dhunting.com\/es\/\"},{\"@type\":\"ListItem\",\"position\":2,\"name\":\"Tienda ES\",\"item\":\"https:\/\/d2dhunting.com\/es\/tienda-2\/\"},{\"@type\":\"ListItem\",\"position\":3,\"name\":\"Grizzly Camp Cup\"}]},{\"@type\":\"WebSite\",\"@id\":\"https:\/\/d2dhunting.com\/#website\",\"url\":\"https:\/\/d2dhunting.com\/\",\"name\":\"D2D Hunting\",\"description\":\"D2D was born with the idea of promoting still stalk hunting, through the distribution of quality equipment for the hunter.\",\"publisher\":{\"@id\":\"https:\/\/d2dhunting.com\/#organization\"},\"potentialAction\":[{\"@type\":\"SearchAction\",\"target\":{\"@type\":\"EntryPoint\",\"urlTemplate\":\"https:\/\/d2dhunting.com\/?s={search_term_string}\"},\"query-input\":{\"@type\":\"PropertyValueSpecification\",\"valueRequired\":true,\"valueName\":\"search_term_string\"}}],\"inLanguage\":\"es\"},{\"@type\":\"Organization\",\"@id\":\"https:\/\/d2dhunting.com\/#organization\",\"name\":\"D2D Hunting\",\"url\":\"https:\/\/d2dhunting.com\/\",\"logo\":{\"@type\":\"ImageObject\",\"inLanguage\":\"es\",\"@id\":\"https:\/\/d2dhunting.com\/#\/schema\/logo\/image\/\",\"url\":\"https:\/\/d2dhunting.com\/wp-content\/uploads\/2023\/12\/Logo_Completo.png\",\"contentUrl\":\"https:\/\/d2dhunting.com\/wp-content\/uploads\/2023\/12\/Logo_Completo.png\",\"width\":740,\"height\":308,\"caption\":\"D2D Hunting\"},\"image\":{\"@id\":\"https:\/\/d2dhunting.com\/#\/schema\/logo\/image\/\"}}]}<\/script>\n<!-- \/ Yoast SEO plugin. -->","yoast_head_json":{"title":"Grizzly Camp Cup - D2D Hunting","robots":{"index":"index","follow":"follow","max-snippet":"max-snippet:-1","max-image-preview":"max-image-preview:large","max-video-preview":"max-video-preview:-1"},"canonical":"https:\/\/d2dhunting.com\/es\/product\/grizzly-camp-cup-copia\/","og_locale":"es_ES","og_type":"article","og_title":"Grizzly Camp Cup - D2D Hunting","og_description":"La taza Grizzly Grip Camp de 11oz (325ml) va a donde t\u00fa vayas. Ya sea preparando tu caf\u00e9 sobre un fuego mientras sale el sol o en la oficina antes de un gran d\u00eda, la taza Grizzly Grip Camp Cup hace que beberlo sea mucho m\u00e1s placentero. El aislamiento al vac\u00edo de doble pared mantendr\u00e1 [&hellip;]","og_url":"https:\/\/d2dhunting.com\/es\/product\/grizzly-camp-cup-copia\/","og_site_name":"D2D Hunting","article_modified_time":"2025-06-20T09:15:48+00:00","og_image":[{"width":1280,"height":1280,"url":"https:\/\/d2dhunting.com\/wp-content\/uploads\/2024\/08\/21723_source_1707919806.jpg","type":"image\/jpeg"}],"twitter_card":"summary_large_image","twitter_misc":{"Tiempo de lectura":"1 minuto"},"schema":{"@context":"https:\/\/schema.org","@graph":[{"@type":["WebPage","CollectionPage"],"@id":"https:\/\/d2dhunting.com\/es\/product\/grizzly-camp-cup-copia\/","url":"https:\/\/d2dhunting.com\/es\/product\/grizzly-camp-cup-copia\/","name":"Grizzly Camp Cup - D2D Hunting","isPartOf":{"@id":"https:\/\/d2dhunting.com\/#website"},"primaryImageOfPage":{"@id":"https:\/\/d2dhunting.com\/es\/product\/grizzly-camp-cup-copia\/#primaryimage"},"image":{"@id":"https:\/\/d2dhunting.com\/es\/product\/grizzly-camp-cup-copia\/#primaryimage"},"thumbnailUrl":"https:\/\/d2dhunting.com\/wp-content\/uploads\/2024\/08\/21723_source_1707919806.jpg","datePublished":"2024-09-02T12:01:12+00:00","dateModified":"2025-06-20T09:15:48+00:00","breadcrumb":{"@id":"https:\/\/d2dhunting.com\/es\/product\/grizzly-camp-cup-copia\/#breadcrumb"},"inLanguage":"es"},{"@type":"ImageObject","inLanguage":"es","@id":"https:\/\/d2dhunting.com\/es\/product\/grizzly-camp-cup-copia\/#primaryimage","url":"https:\/\/d2dhunting.com\/wp-content\/uploads\/2024\/08\/21723_source_1707919806.jpg","contentUrl":"https:\/\/d2dhunting.com\/wp-content\/uploads\/2024\/08\/21723_source_1707919806.jpg","width":1280,"height":1280},{"@type":"BreadcrumbList","@id":"https:\/\/d2dhunting.com\/es\/product\/grizzly-camp-cup-copia\/#breadcrumb","itemListElement":[{"@type":"ListItem","position":1,"name":"Home","item":"https:\/\/d2dhunting.com\/es\/"},{"@type":"ListItem","position":2,"name":"Tienda ES","item":"https:\/\/d2dhunting.com\/es\/tienda-2\/"},{"@type":"ListItem","position":3,"name":"Grizzly Camp Cup"}]},{"@type":"WebSite","@id":"https:\/\/d2dhunting.com\/#website","url":"https:\/\/d2dhunting.com\/","name":"D2D Hunting","description":"D2D was born with the idea of promoting still stalk hunting, through the distribution of quality equipment for the hunter.","publisher":{"@id":"https:\/\/d2dhunting.com\/#organization"},"potentialAction":[{"@type":"SearchAction","target":{"@type":"EntryPoint","urlTemplate":"https:\/\/d2dhunting.com\/?s={search_term_string}"},"query-input":{"@type":"PropertyValueSpecification","valueRequired":true,"valueName":"search_term_string"}}],"inLanguage":"es"},{"@type":"Organization","@id":"https:\/\/d2dhunting.com\/#organization","name":"D2D Hunting","url":"https:\/\/d2dhunting.com\/","logo":{"@type":"ImageObject","inLanguage":"es","@id":"https:\/\/d2dhunting.com\/#\/schema\/logo\/image\/","url":"https:\/\/d2dhunting.com\/wp-content\/uploads\/2023\/12\/Logo_Completo.png","contentUrl":"https:\/\/d2dhunting.com\/wp-content\/uploads\/2023\/12\/Logo_Completo.png","width":740,"height":308,"caption":"D2D Hunting"},"image":{"@id":"https:\/\/d2dhunting.com\/#\/schema\/logo\/image\/"}}]}},"brands":[{"id":1403,"name":"GRIZZLY","slug":"grizzly"}],"_links":{"self":[{"href":"https:\/\/d2dhunting.com\/es\/wp-json\/wp\/v2\/product\/16177","targetHints":{"allow":["GET"]}}],"collection":[{"href":"https:\/\/d2dhunting.com\/es\/wp-json\/wp\/v2\/product"}],"about":[{"href":"https:\/\/d2dhunting.com\/es\/wp-json\/wp\/v2\/types\/product"}],"wp:featuredmedia":[{"embeddable":true,"href":"https:\/\/d2dhunting.com\/es\/wp-json\/wp\/v2\/media\/15589"}],"wp:attachment":[{"href":"https:\/\/d2dhunting.com\/es\/wp-json\/wp\/v2\/media?parent=16177"}],"wp:term":[{"taxonomy":"pwb-brand","embeddable":true,"href":"https:\/\/d2dhunting.com\/es\/wp-json\/wp\/v2\/pwb-brand?post=16177"},{"taxonomy":"product_brand","embeddable":true,"href":"https:\/\/d2dhunting.com\/es\/wp-json\/wp\/v2\/product_brand?post=16177"},{"taxonomy":"product_cat","embeddable":true,"href":"https:\/\/d2dhunting.com\/es\/wp-json\/wp\/v2\/product_cat?post=16177"},{"taxonomy":"product_tag","embeddable":true,"href":"https:\/\/d2dhunting.com\/es\/wp-json\/wp\/v2\/product_tag?post=16177"},{"taxonomy":"giftcard-category","embeddable":true,"href":"https:\/\/d2dhunting.com\/es\/wp-json\/wp\/v2\/giftcard-category?post=16177"}],"curies":[{"name":"wp","href":"https:\/\/api.w.org\/{rel}","templated":true}]}}