{"id":16270,"date":"2024-09-02T12:21:51","date_gmt":"2024-09-02T12:21:51","guid":{"rendered":"https:\/\/d2dhunting.com\/?post_type=product&#038;p=16270"},"modified":"2024-12-02T08:42:51","modified_gmt":"2024-12-02T08:42:51","slug":"kenai-lunch-box-copia","status":"publish","type":"product","link":"https:\/\/d2dhunting.com\/es\/product\/kenai-lunch-box-copia\/","title":{"rendered":"Kenai Lunch Box"},"content":{"rendered":"<p>El almuerzo es una parte importante de nuestro d\u00eda. Es la comida que nos da energ\u00eda durante el resto del d\u00eda. Por eso nos propusimos crear la fiambrera definitiva, con aislamiento de espuma EVA para mantener el contenido fr\u00edo durante horas. El dise\u00f1o elegante y moderno es perfecto para la oficina y su recubrimiento exterior duro y resistente la hace apta para salidas de fin de semana. Un forro integral interior de TPU antimicrobiano hace que la limpieza sea muy f\u00e1cil, las cremalleras resistentes al agua y los anillos en D est\u00e1n cosidos y soldados a la fiambrera para enganchar de forma segura una correa de hombro.<\/p>\n","protected":false},"excerpt":{"rendered":"<p>El almuerzo es una parte importante de nuestro d\u00eda. Es la comida que nos da energ\u00eda durante el resto del d\u00eda. Por eso nos propusimos crear la fiambrera definitiva, con aislamiento de espuma EVA para mantener el contenido fr\u00edo durante horas. El dise\u00f1o elegante y moderno es perfecto para la oficina y su recubrimiento exterior [&hellip;]<\/p>\n","protected":false},"featured_media":15291,"template":"","meta":{"_acf_changed":false},"pwb-brand":[1403],"product_brand":[],"product_cat":[2282,1440,1404],"product_tag":[],"giftcard-category":[],"class_list":{"0":"post-16270","1":"product","2":"type-product","3":"status-publish","4":"has-post-thumbnail","6":"pwb-brand-grizzly","7":"product_cat-black-friday-es","8":"product_cat-bolsas","9":"product_cat-neveras-y-a","11":"first","12":"instock","13":"taxable","14":"shipping-taxable","15":"purchasable","16":"product-type-variable"},"acf":[],"yoast_head":"<!-- This site is optimized with the Yoast SEO plugin v27.2 - https:\/\/yoast.com\/product\/yoast-seo-wordpress\/ -->\n<title>Kenai Lunch Box - D2D Hunting<\/title>\n<meta name=\"robots\" content=\"index, follow, max-snippet:-1, max-image-preview:large, max-video-preview:-1\" \/>\n<link rel=\"canonical\" href=\"https:\/\/d2dhunting.com\/es\/product\/kenai-lunch-box-copia\/\" \/>\n<meta property=\"og:locale\" content=\"es_ES\" \/>\n<meta property=\"og:type\" content=\"article\" \/>\n<meta property=\"og:title\" content=\"Kenai Lunch Box - D2D Hunting\" \/>\n<meta property=\"og:description\" content=\"El almuerzo es una parte importante de nuestro d\u00eda. Es la comida que nos da energ\u00eda durante el resto del d\u00eda. Por eso nos propusimos crear la fiambrera definitiva, con aislamiento de espuma EVA para mantener el contenido fr\u00edo durante horas. El dise\u00f1o elegante y moderno es perfecto para la oficina y su recubrimiento exterior [&hellip;]\" \/>\n<meta property=\"og:url\" content=\"https:\/\/d2dhunting.com\/es\/product\/kenai-lunch-box-copia\/\" \/>\n<meta property=\"og:site_name\" content=\"D2D Hunting\" \/>\n<meta property=\"article:modified_time\" content=\"2024-12-02T08:42:51+00:00\" \/>\n<meta property=\"og:image\" content=\"https:\/\/d2dhunting.com\/wp-content\/uploads\/2024\/08\/KenaiLunchBoxGREEN-Strap_clipped_rev_1_clipped_rev_1.webp\" \/>\n\t<meta property=\"og:image:width\" content=\"950\" \/>\n\t<meta property=\"og:image:height\" content=\"534\" \/>\n\t<meta property=\"og:image:type\" content=\"image\/webp\" \/>\n<meta name=\"twitter:card\" content=\"summary_large_image\" \/>\n<meta name=\"twitter:label1\" content=\"Tiempo de lectura\" \/>\n\t<meta name=\"twitter:data1\" content=\"1 minuto\" \/>\n<script type=\"application\/ld+json\" class=\"yoast-schema-graph\">{\"@context\":\"https:\/\/schema.org\",\"@graph\":[{\"@type\":[\"WebPage\",\"CollectionPage\"],\"@id\":\"https:\/\/d2dhunting.com\/es\/product\/kenai-lunch-box-copia\/\",\"url\":\"https:\/\/d2dhunting.com\/es\/product\/kenai-lunch-box-copia\/\",\"name\":\"Kenai Lunch Box - D2D Hunting\",\"isPartOf\":{\"@id\":\"https:\/\/d2dhunting.com\/#website\"},\"primaryImageOfPage\":{\"@id\":\"https:\/\/d2dhunting.com\/es\/product\/kenai-lunch-box-copia\/#primaryimage\"},\"image\":{\"@id\":\"https:\/\/d2dhunting.com\/es\/product\/kenai-lunch-box-copia\/#primaryimage\"},\"thumbnailUrl\":\"https:\/\/d2dhunting.com\/wp-content\/uploads\/2024\/08\/KenaiLunchBoxGREEN-Strap_clipped_rev_1_clipped_rev_1.webp\",\"datePublished\":\"2024-09-02T12:21:51+00:00\",\"dateModified\":\"2024-12-02T08:42:51+00:00\",\"breadcrumb\":{\"@id\":\"https:\/\/d2dhunting.com\/es\/product\/kenai-lunch-box-copia\/#breadcrumb\"},\"inLanguage\":\"es\"},{\"@type\":\"ImageObject\",\"inLanguage\":\"es\",\"@id\":\"https:\/\/d2dhunting.com\/es\/product\/kenai-lunch-box-copia\/#primaryimage\",\"url\":\"https:\/\/d2dhunting.com\/wp-content\/uploads\/2024\/08\/KenaiLunchBoxGREEN-Strap_clipped_rev_1_clipped_rev_1.webp\",\"contentUrl\":\"https:\/\/d2dhunting.com\/wp-content\/uploads\/2024\/08\/KenaiLunchBoxGREEN-Strap_clipped_rev_1_clipped_rev_1.webp\",\"width\":950,\"height\":534},{\"@type\":\"BreadcrumbList\",\"@id\":\"https:\/\/d2dhunting.com\/es\/product\/kenai-lunch-box-copia\/#breadcrumb\",\"itemListElement\":[{\"@type\":\"ListItem\",\"position\":1,\"name\":\"Home\",\"item\":\"https:\/\/d2dhunting.com\/es\/\"},{\"@type\":\"ListItem\",\"position\":2,\"name\":\"Tienda ES\",\"item\":\"https:\/\/d2dhunting.com\/es\/tienda-2\/\"},{\"@type\":\"ListItem\",\"position\":3,\"name\":\"Kenai Lunch Box\"}]},{\"@type\":\"WebSite\",\"@id\":\"https:\/\/d2dhunting.com\/#website\",\"url\":\"https:\/\/d2dhunting.com\/\",\"name\":\"D2D Hunting\",\"description\":\"D2D was born with the idea of promoting still stalk hunting, through the distribution of quality equipment for the hunter.\",\"publisher\":{\"@id\":\"https:\/\/d2dhunting.com\/#organization\"},\"potentialAction\":[{\"@type\":\"SearchAction\",\"target\":{\"@type\":\"EntryPoint\",\"urlTemplate\":\"https:\/\/d2dhunting.com\/?s={search_term_string}\"},\"query-input\":{\"@type\":\"PropertyValueSpecification\",\"valueRequired\":true,\"valueName\":\"search_term_string\"}}],\"inLanguage\":\"es\"},{\"@type\":\"Organization\",\"@id\":\"https:\/\/d2dhunting.com\/#organization\",\"name\":\"D2D Hunting\",\"url\":\"https:\/\/d2dhunting.com\/\",\"logo\":{\"@type\":\"ImageObject\",\"inLanguage\":\"es\",\"@id\":\"https:\/\/d2dhunting.com\/#\/schema\/logo\/image\/\",\"url\":\"https:\/\/d2dhunting.com\/wp-content\/uploads\/2023\/12\/Logo_Completo.png\",\"contentUrl\":\"https:\/\/d2dhunting.com\/wp-content\/uploads\/2023\/12\/Logo_Completo.png\",\"width\":740,\"height\":308,\"caption\":\"D2D Hunting\"},\"image\":{\"@id\":\"https:\/\/d2dhunting.com\/#\/schema\/logo\/image\/\"}}]}<\/script>\n<!-- \/ Yoast SEO plugin. -->","yoast_head_json":{"title":"Kenai Lunch Box - D2D Hunting","robots":{"index":"index","follow":"follow","max-snippet":"max-snippet:-1","max-image-preview":"max-image-preview:large","max-video-preview":"max-video-preview:-1"},"canonical":"https:\/\/d2dhunting.com\/es\/product\/kenai-lunch-box-copia\/","og_locale":"es_ES","og_type":"article","og_title":"Kenai Lunch Box - D2D Hunting","og_description":"El almuerzo es una parte importante de nuestro d\u00eda. Es la comida que nos da energ\u00eda durante el resto del d\u00eda. Por eso nos propusimos crear la fiambrera definitiva, con aislamiento de espuma EVA para mantener el contenido fr\u00edo durante horas. El dise\u00f1o elegante y moderno es perfecto para la oficina y su recubrimiento exterior [&hellip;]","og_url":"https:\/\/d2dhunting.com\/es\/product\/kenai-lunch-box-copia\/","og_site_name":"D2D Hunting","article_modified_time":"2024-12-02T08:42:51+00:00","og_image":[{"width":950,"height":534,"url":"https:\/\/d2dhunting.com\/wp-content\/uploads\/2024\/08\/KenaiLunchBoxGREEN-Strap_clipped_rev_1_clipped_rev_1.webp","type":"image\/webp"}],"twitter_card":"summary_large_image","twitter_misc":{"Tiempo de lectura":"1 minuto"},"schema":{"@context":"https:\/\/schema.org","@graph":[{"@type":["WebPage","CollectionPage"],"@id":"https:\/\/d2dhunting.com\/es\/product\/kenai-lunch-box-copia\/","url":"https:\/\/d2dhunting.com\/es\/product\/kenai-lunch-box-copia\/","name":"Kenai Lunch Box - D2D Hunting","isPartOf":{"@id":"https:\/\/d2dhunting.com\/#website"},"primaryImageOfPage":{"@id":"https:\/\/d2dhunting.com\/es\/product\/kenai-lunch-box-copia\/#primaryimage"},"image":{"@id":"https:\/\/d2dhunting.com\/es\/product\/kenai-lunch-box-copia\/#primaryimage"},"thumbnailUrl":"https:\/\/d2dhunting.com\/wp-content\/uploads\/2024\/08\/KenaiLunchBoxGREEN-Strap_clipped_rev_1_clipped_rev_1.webp","datePublished":"2024-09-02T12:21:51+00:00","dateModified":"2024-12-02T08:42:51+00:00","breadcrumb":{"@id":"https:\/\/d2dhunting.com\/es\/product\/kenai-lunch-box-copia\/#breadcrumb"},"inLanguage":"es"},{"@type":"ImageObject","inLanguage":"es","@id":"https:\/\/d2dhunting.com\/es\/product\/kenai-lunch-box-copia\/#primaryimage","url":"https:\/\/d2dhunting.com\/wp-content\/uploads\/2024\/08\/KenaiLunchBoxGREEN-Strap_clipped_rev_1_clipped_rev_1.webp","contentUrl":"https:\/\/d2dhunting.com\/wp-content\/uploads\/2024\/08\/KenaiLunchBoxGREEN-Strap_clipped_rev_1_clipped_rev_1.webp","width":950,"height":534},{"@type":"BreadcrumbList","@id":"https:\/\/d2dhunting.com\/es\/product\/kenai-lunch-box-copia\/#breadcrumb","itemListElement":[{"@type":"ListItem","position":1,"name":"Home","item":"https:\/\/d2dhunting.com\/es\/"},{"@type":"ListItem","position":2,"name":"Tienda ES","item":"https:\/\/d2dhunting.com\/es\/tienda-2\/"},{"@type":"ListItem","position":3,"name":"Kenai Lunch Box"}]},{"@type":"WebSite","@id":"https:\/\/d2dhunting.com\/#website","url":"https:\/\/d2dhunting.com\/","name":"D2D Hunting","description":"D2D was born with the idea of promoting still stalk hunting, through the distribution of quality equipment for the hunter.","publisher":{"@id":"https:\/\/d2dhunting.com\/#organization"},"potentialAction":[{"@type":"SearchAction","target":{"@type":"EntryPoint","urlTemplate":"https:\/\/d2dhunting.com\/?s={search_term_string}"},"query-input":{"@type":"PropertyValueSpecification","valueRequired":true,"valueName":"search_term_string"}}],"inLanguage":"es"},{"@type":"Organization","@id":"https:\/\/d2dhunting.com\/#organization","name":"D2D Hunting","url":"https:\/\/d2dhunting.com\/","logo":{"@type":"ImageObject","inLanguage":"es","@id":"https:\/\/d2dhunting.com\/#\/schema\/logo\/image\/","url":"https:\/\/d2dhunting.com\/wp-content\/uploads\/2023\/12\/Logo_Completo.png","contentUrl":"https:\/\/d2dhunting.com\/wp-content\/uploads\/2023\/12\/Logo_Completo.png","width":740,"height":308,"caption":"D2D Hunting"},"image":{"@id":"https:\/\/d2dhunting.com\/#\/schema\/logo\/image\/"}}]}},"brands":[{"id":1403,"name":"GRIZZLY","slug":"grizzly"}],"_links":{"self":[{"href":"https:\/\/d2dhunting.com\/es\/wp-json\/wp\/v2\/product\/16270","targetHints":{"allow":["GET"]}}],"collection":[{"href":"https:\/\/d2dhunting.com\/es\/wp-json\/wp\/v2\/product"}],"about":[{"href":"https:\/\/d2dhunting.com\/es\/wp-json\/wp\/v2\/types\/product"}],"wp:featuredmedia":[{"embeddable":true,"href":"https:\/\/d2dhunting.com\/es\/wp-json\/wp\/v2\/media\/15291"}],"wp:attachment":[{"href":"https:\/\/d2dhunting.com\/es\/wp-json\/wp\/v2\/media?parent=16270"}],"wp:term":[{"taxonomy":"pwb-brand","embeddable":true,"href":"https:\/\/d2dhunting.com\/es\/wp-json\/wp\/v2\/pwb-brand?post=16270"},{"taxonomy":"product_brand","embeddable":true,"href":"https:\/\/d2dhunting.com\/es\/wp-json\/wp\/v2\/product_brand?post=16270"},{"taxonomy":"product_cat","embeddable":true,"href":"https:\/\/d2dhunting.com\/es\/wp-json\/wp\/v2\/product_cat?post=16270"},{"taxonomy":"product_tag","embeddable":true,"href":"https:\/\/d2dhunting.com\/es\/wp-json\/wp\/v2\/product_tag?post=16270"},{"taxonomy":"giftcard-category","embeddable":true,"href":"https:\/\/d2dhunting.com\/es\/wp-json\/wp\/v2\/giftcard-category?post=16270"}],"curies":[{"name":"wp","href":"https:\/\/api.w.org\/{rel}","templated":true}]}}