{"id":16277,"date":"2024-09-02T12:23:05","date_gmt":"2024-09-02T12:23:05","guid":{"rendered":"https:\/\/d2dhunting.com\/?post_type=product&#038;p=16277"},"modified":"2025-02-04T17:29:54","modified_gmt":"2025-02-04T17:29:54","slug":"dry-bag-20l-blaze-copia","status":"publish","type":"product","link":"https:\/\/d2dhunting.com\/es\/product\/dry-bag-20l-blaze-copia\/","title":{"rendered":"Dry Bag 20L Blaze"},"content":{"rendered":"<p>Una bolsa estanca es necesaria para mantener tu equipo seco cuando est\u00e1s haciendo senderismo, en el agua o de caza. Proteje tu equipo y mant\u00e9n la comodidad sin importar las condiciones con nuestras bolsas Grizzly estancas duraderas y de alta calidad.<br \/>\nLa bolsa estanca Grizzly de 20 litros es exactamente lo que necesitas. Nuestro cierre herm\u00e9tico enrollable garantiza la m\u00e1xima protecci\u00f3n, mientras que el tejido de TPU duradero garantiza que esta bolsa pueda recibir una paliza y mantener su integridad. La mochila desmontable, las correas para los hombros y el asa lateral permiten un f\u00e1cil transporte ya sea bajo los cielos m\u00e1s soleados, como en las condiciones m\u00e1s duras imaginables.<\/p>\n","protected":false},"excerpt":{"rendered":"<p>Una bolsa estanca es necesaria para mantener tu equipo seco cuando est\u00e1s haciendo senderismo, en el agua o de caza. Proteje tu equipo y mant\u00e9n la comodidad sin importar las condiciones con nuestras bolsas Grizzly estancas duraderas y de alta calidad. La bolsa estanca Grizzly de 20 litros es exactamente lo que necesitas. Nuestro cierre [&hellip;]<\/p>\n","protected":false},"featured_media":15260,"template":"","meta":{"_acf_changed":false},"pwb-brand":[1403],"product_brand":[],"product_cat":[1440,1404],"product_tag":[],"giftcard-category":[],"class_list":{"0":"post-16277","1":"product","2":"type-product","3":"status-publish","4":"has-post-thumbnail","6":"pwb-brand-grizzly","7":"product_cat-bolsas","8":"product_cat-neveras-y-a","10":"first","11":"instock","12":"taxable","13":"shipping-taxable","14":"purchasable","15":"product-type-variable"},"acf":[],"yoast_head":"<!-- This site is optimized with the Yoast SEO plugin v27.2 - https:\/\/yoast.com\/product\/yoast-seo-wordpress\/ -->\n<title>Dry Bag 20L Blaze - D2D Hunting<\/title>\n<meta name=\"robots\" content=\"index, follow, max-snippet:-1, max-image-preview:large, max-video-preview:-1\" \/>\n<link rel=\"canonical\" href=\"https:\/\/d2dhunting.com\/es\/product\/dry-bag-20l-blaze-copia\/\" \/>\n<meta property=\"og:locale\" content=\"es_ES\" \/>\n<meta property=\"og:type\" content=\"article\" \/>\n<meta property=\"og:title\" content=\"Dry Bag 20L Blaze - D2D Hunting\" \/>\n<meta property=\"og:description\" content=\"Una bolsa estanca es necesaria para mantener tu equipo seco cuando est\u00e1s haciendo senderismo, en el agua o de caza. Proteje tu equipo y mant\u00e9n la comodidad sin importar las condiciones con nuestras bolsas Grizzly estancas duraderas y de alta calidad. La bolsa estanca Grizzly de 20 litros es exactamente lo que necesitas. Nuestro cierre [&hellip;]\" \/>\n<meta property=\"og:url\" content=\"https:\/\/d2dhunting.com\/es\/product\/dry-bag-20l-blaze-copia\/\" \/>\n<meta property=\"og:site_name\" content=\"D2D Hunting\" \/>\n<meta property=\"article:modified_time\" content=\"2025-02-04T17:29:54+00:00\" \/>\n<meta property=\"og:image\" content=\"https:\/\/d2dhunting.com\/wp-content\/uploads\/2024\/08\/20.webp\" \/>\n\t<meta property=\"og:image:width\" content=\"1100\" \/>\n\t<meta property=\"og:image:height\" content=\"576\" \/>\n\t<meta property=\"og:image:type\" content=\"image\/webp\" \/>\n<meta name=\"twitter:card\" content=\"summary_large_image\" \/>\n<meta name=\"twitter:label1\" content=\"Tiempo de lectura\" \/>\n\t<meta name=\"twitter:data1\" content=\"1 minuto\" \/>\n<script type=\"application\/ld+json\" class=\"yoast-schema-graph\">{\"@context\":\"https:\/\/schema.org\",\"@graph\":[{\"@type\":[\"WebPage\",\"CollectionPage\"],\"@id\":\"https:\/\/d2dhunting.com\/es\/product\/dry-bag-20l-blaze-copia\/\",\"url\":\"https:\/\/d2dhunting.com\/es\/product\/dry-bag-20l-blaze-copia\/\",\"name\":\"Dry Bag 20L Blaze - D2D Hunting\",\"isPartOf\":{\"@id\":\"https:\/\/d2dhunting.com\/#website\"},\"primaryImageOfPage\":{\"@id\":\"https:\/\/d2dhunting.com\/es\/product\/dry-bag-20l-blaze-copia\/#primaryimage\"},\"image\":{\"@id\":\"https:\/\/d2dhunting.com\/es\/product\/dry-bag-20l-blaze-copia\/#primaryimage\"},\"thumbnailUrl\":\"https:\/\/d2dhunting.com\/wp-content\/uploads\/2024\/08\/20.webp\",\"datePublished\":\"2024-09-02T12:23:05+00:00\",\"dateModified\":\"2025-02-04T17:29:54+00:00\",\"breadcrumb\":{\"@id\":\"https:\/\/d2dhunting.com\/es\/product\/dry-bag-20l-blaze-copia\/#breadcrumb\"},\"inLanguage\":\"es\"},{\"@type\":\"ImageObject\",\"inLanguage\":\"es\",\"@id\":\"https:\/\/d2dhunting.com\/es\/product\/dry-bag-20l-blaze-copia\/#primaryimage\",\"url\":\"https:\/\/d2dhunting.com\/wp-content\/uploads\/2024\/08\/20.webp\",\"contentUrl\":\"https:\/\/d2dhunting.com\/wp-content\/uploads\/2024\/08\/20.webp\",\"width\":1100,\"height\":576},{\"@type\":\"BreadcrumbList\",\"@id\":\"https:\/\/d2dhunting.com\/es\/product\/dry-bag-20l-blaze-copia\/#breadcrumb\",\"itemListElement\":[{\"@type\":\"ListItem\",\"position\":1,\"name\":\"Home\",\"item\":\"https:\/\/d2dhunting.com\/es\/\"},{\"@type\":\"ListItem\",\"position\":2,\"name\":\"Tienda ES\",\"item\":\"https:\/\/d2dhunting.com\/es\/tienda-2\/\"},{\"@type\":\"ListItem\",\"position\":3,\"name\":\"Dry Bag 20L Blaze\"}]},{\"@type\":\"WebSite\",\"@id\":\"https:\/\/d2dhunting.com\/#website\",\"url\":\"https:\/\/d2dhunting.com\/\",\"name\":\"D2D Hunting\",\"description\":\"D2D was born with the idea of promoting still stalk hunting, through the distribution of quality equipment for the hunter.\",\"publisher\":{\"@id\":\"https:\/\/d2dhunting.com\/#organization\"},\"potentialAction\":[{\"@type\":\"SearchAction\",\"target\":{\"@type\":\"EntryPoint\",\"urlTemplate\":\"https:\/\/d2dhunting.com\/?s={search_term_string}\"},\"query-input\":{\"@type\":\"PropertyValueSpecification\",\"valueRequired\":true,\"valueName\":\"search_term_string\"}}],\"inLanguage\":\"es\"},{\"@type\":\"Organization\",\"@id\":\"https:\/\/d2dhunting.com\/#organization\",\"name\":\"D2D Hunting\",\"url\":\"https:\/\/d2dhunting.com\/\",\"logo\":{\"@type\":\"ImageObject\",\"inLanguage\":\"es\",\"@id\":\"https:\/\/d2dhunting.com\/#\/schema\/logo\/image\/\",\"url\":\"https:\/\/d2dhunting.com\/wp-content\/uploads\/2023\/12\/Logo_Completo.png\",\"contentUrl\":\"https:\/\/d2dhunting.com\/wp-content\/uploads\/2023\/12\/Logo_Completo.png\",\"width\":740,\"height\":308,\"caption\":\"D2D Hunting\"},\"image\":{\"@id\":\"https:\/\/d2dhunting.com\/#\/schema\/logo\/image\/\"}}]}<\/script>\n<!-- \/ Yoast SEO plugin. -->","yoast_head_json":{"title":"Dry Bag 20L Blaze - D2D Hunting","robots":{"index":"index","follow":"follow","max-snippet":"max-snippet:-1","max-image-preview":"max-image-preview:large","max-video-preview":"max-video-preview:-1"},"canonical":"https:\/\/d2dhunting.com\/es\/product\/dry-bag-20l-blaze-copia\/","og_locale":"es_ES","og_type":"article","og_title":"Dry Bag 20L Blaze - D2D Hunting","og_description":"Una bolsa estanca es necesaria para mantener tu equipo seco cuando est\u00e1s haciendo senderismo, en el agua o de caza. Proteje tu equipo y mant\u00e9n la comodidad sin importar las condiciones con nuestras bolsas Grizzly estancas duraderas y de alta calidad. La bolsa estanca Grizzly de 20 litros es exactamente lo que necesitas. Nuestro cierre [&hellip;]","og_url":"https:\/\/d2dhunting.com\/es\/product\/dry-bag-20l-blaze-copia\/","og_site_name":"D2D Hunting","article_modified_time":"2025-02-04T17:29:54+00:00","og_image":[{"width":1100,"height":576,"url":"https:\/\/d2dhunting.com\/wp-content\/uploads\/2024\/08\/20.webp","type":"image\/webp"}],"twitter_card":"summary_large_image","twitter_misc":{"Tiempo de lectura":"1 minuto"},"schema":{"@context":"https:\/\/schema.org","@graph":[{"@type":["WebPage","CollectionPage"],"@id":"https:\/\/d2dhunting.com\/es\/product\/dry-bag-20l-blaze-copia\/","url":"https:\/\/d2dhunting.com\/es\/product\/dry-bag-20l-blaze-copia\/","name":"Dry Bag 20L Blaze - D2D Hunting","isPartOf":{"@id":"https:\/\/d2dhunting.com\/#website"},"primaryImageOfPage":{"@id":"https:\/\/d2dhunting.com\/es\/product\/dry-bag-20l-blaze-copia\/#primaryimage"},"image":{"@id":"https:\/\/d2dhunting.com\/es\/product\/dry-bag-20l-blaze-copia\/#primaryimage"},"thumbnailUrl":"https:\/\/d2dhunting.com\/wp-content\/uploads\/2024\/08\/20.webp","datePublished":"2024-09-02T12:23:05+00:00","dateModified":"2025-02-04T17:29:54+00:00","breadcrumb":{"@id":"https:\/\/d2dhunting.com\/es\/product\/dry-bag-20l-blaze-copia\/#breadcrumb"},"inLanguage":"es"},{"@type":"ImageObject","inLanguage":"es","@id":"https:\/\/d2dhunting.com\/es\/product\/dry-bag-20l-blaze-copia\/#primaryimage","url":"https:\/\/d2dhunting.com\/wp-content\/uploads\/2024\/08\/20.webp","contentUrl":"https:\/\/d2dhunting.com\/wp-content\/uploads\/2024\/08\/20.webp","width":1100,"height":576},{"@type":"BreadcrumbList","@id":"https:\/\/d2dhunting.com\/es\/product\/dry-bag-20l-blaze-copia\/#breadcrumb","itemListElement":[{"@type":"ListItem","position":1,"name":"Home","item":"https:\/\/d2dhunting.com\/es\/"},{"@type":"ListItem","position":2,"name":"Tienda ES","item":"https:\/\/d2dhunting.com\/es\/tienda-2\/"},{"@type":"ListItem","position":3,"name":"Dry Bag 20L Blaze"}]},{"@type":"WebSite","@id":"https:\/\/d2dhunting.com\/#website","url":"https:\/\/d2dhunting.com\/","name":"D2D Hunting","description":"D2D was born with the idea of promoting still stalk hunting, through the distribution of quality equipment for the hunter.","publisher":{"@id":"https:\/\/d2dhunting.com\/#organization"},"potentialAction":[{"@type":"SearchAction","target":{"@type":"EntryPoint","urlTemplate":"https:\/\/d2dhunting.com\/?s={search_term_string}"},"query-input":{"@type":"PropertyValueSpecification","valueRequired":true,"valueName":"search_term_string"}}],"inLanguage":"es"},{"@type":"Organization","@id":"https:\/\/d2dhunting.com\/#organization","name":"D2D Hunting","url":"https:\/\/d2dhunting.com\/","logo":{"@type":"ImageObject","inLanguage":"es","@id":"https:\/\/d2dhunting.com\/#\/schema\/logo\/image\/","url":"https:\/\/d2dhunting.com\/wp-content\/uploads\/2023\/12\/Logo_Completo.png","contentUrl":"https:\/\/d2dhunting.com\/wp-content\/uploads\/2023\/12\/Logo_Completo.png","width":740,"height":308,"caption":"D2D Hunting"},"image":{"@id":"https:\/\/d2dhunting.com\/#\/schema\/logo\/image\/"}}]}},"brands":[{"id":1403,"name":"GRIZZLY","slug":"grizzly"}],"_links":{"self":[{"href":"https:\/\/d2dhunting.com\/es\/wp-json\/wp\/v2\/product\/16277","targetHints":{"allow":["GET"]}}],"collection":[{"href":"https:\/\/d2dhunting.com\/es\/wp-json\/wp\/v2\/product"}],"about":[{"href":"https:\/\/d2dhunting.com\/es\/wp-json\/wp\/v2\/types\/product"}],"wp:featuredmedia":[{"embeddable":true,"href":"https:\/\/d2dhunting.com\/es\/wp-json\/wp\/v2\/media\/15260"}],"wp:attachment":[{"href":"https:\/\/d2dhunting.com\/es\/wp-json\/wp\/v2\/media?parent=16277"}],"wp:term":[{"taxonomy":"pwb-brand","embeddable":true,"href":"https:\/\/d2dhunting.com\/es\/wp-json\/wp\/v2\/pwb-brand?post=16277"},{"taxonomy":"product_brand","embeddable":true,"href":"https:\/\/d2dhunting.com\/es\/wp-json\/wp\/v2\/product_brand?post=16277"},{"taxonomy":"product_cat","embeddable":true,"href":"https:\/\/d2dhunting.com\/es\/wp-json\/wp\/v2\/product_cat?post=16277"},{"taxonomy":"product_tag","embeddable":true,"href":"https:\/\/d2dhunting.com\/es\/wp-json\/wp\/v2\/product_tag?post=16277"},{"taxonomy":"giftcard-category","embeddable":true,"href":"https:\/\/d2dhunting.com\/es\/wp-json\/wp\/v2\/giftcard-category?post=16277"}],"curies":[{"name":"wp","href":"https:\/\/api.w.org\/{rel}","templated":true}]}}