{"id":16377,"date":"2024-09-02T12:52:57","date_gmt":"2024-09-02T12:52:57","guid":{"rendered":"https:\/\/d2dhunting.com\/?post_type=product&#038;p=16377"},"modified":"2024-12-02T08:08:17","modified_gmt":"2024-12-02T08:08:17","slug":"grizzly-20-copia","status":"publish","type":"product","link":"https:\/\/d2dhunting.com\/es\/product\/grizzly-20-copia\/","title":{"rendered":"Grizzly 20"},"content":{"rendered":"<p>La Grizzly 20 tiene el tama\u00f1o justo para una aventura incre\u00edble en pareja o con un buen amigo. Es lo suficientemente grande como para acomodar lo esencial, pero lo suficientemente peque\u00f1a como para almacenarse y transportarse con facilidad. El asa de acero inoxidable con empu\u00f1adura de espuma permite una transici\u00f3n suave del barco a la playa o del campamento al coche.<\/p>\n","protected":false},"excerpt":{"rendered":"<p>La Grizzly 20 tiene el tama\u00f1o justo para una aventura incre\u00edble en pareja o con un buen amigo. Es lo suficientemente grande como para acomodar lo esencial, pero lo suficientemente peque\u00f1a como para almacenarse y transportarse con facilidad. El asa de acero inoxidable con empu\u00f1adura de espuma permite una transici\u00f3n suave del barco a la [&hellip;]<\/p>\n","protected":false},"featured_media":16439,"template":"","meta":{"_acf_changed":false},"pwb-brand":[1403],"product_brand":[],"product_cat":[2282,1404,1407],"product_tag":[],"giftcard-category":[],"class_list":{"0":"post-16377","1":"product","2":"type-product","3":"status-publish","4":"has-post-thumbnail","6":"pwb-brand-grizzly","7":"product_cat-black-friday-es","8":"product_cat-neveras-y-a","9":"product_cat-hard-side-coolers-es","11":"first","12":"instock","13":"taxable","14":"shipping-taxable","15":"purchasable","16":"product-type-variable"},"acf":[],"yoast_head":"<!-- This site is optimized with the Yoast SEO plugin v27.2 - https:\/\/yoast.com\/product\/yoast-seo-wordpress\/ -->\n<title>Grizzly 20 - D2D Hunting<\/title>\n<meta name=\"robots\" content=\"index, follow, max-snippet:-1, max-image-preview:large, max-video-preview:-1\" \/>\n<link rel=\"canonical\" href=\"https:\/\/d2dhunting.com\/es\/product\/grizzly-20-copia\/\" \/>\n<meta property=\"og:locale\" content=\"es_ES\" \/>\n<meta property=\"og:type\" content=\"article\" \/>\n<meta property=\"og:title\" content=\"Grizzly 20 - D2D Hunting\" \/>\n<meta property=\"og:description\" content=\"La Grizzly 20 tiene el tama\u00f1o justo para una aventura incre\u00edble en pareja o con un buen amigo. Es lo suficientemente grande como para acomodar lo esencial, pero lo suficientemente peque\u00f1a como para almacenarse y transportarse con facilidad. El asa de acero inoxidable con empu\u00f1adura de espuma permite una transici\u00f3n suave del barco a la [&hellip;]\" \/>\n<meta property=\"og:url\" content=\"https:\/\/d2dhunting.com\/es\/product\/grizzly-20-copia\/\" \/>\n<meta property=\"og:site_name\" content=\"D2D Hunting\" \/>\n<meta property=\"article:modified_time\" content=\"2024-12-02T08:08:17+00:00\" \/>\n<meta property=\"og:image\" content=\"https:\/\/d2dhunting.com\/wp-content\/uploads\/2024\/09\/G20-CLOSED-TAN_Camera_FRONT-1.png\" \/>\n\t<meta property=\"og:image:width\" content=\"3000\" \/>\n\t<meta property=\"og:image:height\" content=\"1688\" \/>\n\t<meta property=\"og:image:type\" content=\"image\/png\" \/>\n<meta name=\"twitter:card\" content=\"summary_large_image\" \/>\n<meta name=\"twitter:label1\" content=\"Tiempo de lectura\" \/>\n\t<meta name=\"twitter:data1\" content=\"1 minuto\" \/>\n<script type=\"application\/ld+json\" class=\"yoast-schema-graph\">{\"@context\":\"https:\/\/schema.org\",\"@graph\":[{\"@type\":[\"WebPage\",\"CollectionPage\"],\"@id\":\"https:\/\/d2dhunting.com\/es\/product\/grizzly-20-copia\/\",\"url\":\"https:\/\/d2dhunting.com\/es\/product\/grizzly-20-copia\/\",\"name\":\"Grizzly 20 - D2D Hunting\",\"isPartOf\":{\"@id\":\"https:\/\/d2dhunting.com\/#website\"},\"primaryImageOfPage\":{\"@id\":\"https:\/\/d2dhunting.com\/es\/product\/grizzly-20-copia\/#primaryimage\"},\"image\":{\"@id\":\"https:\/\/d2dhunting.com\/es\/product\/grizzly-20-copia\/#primaryimage\"},\"thumbnailUrl\":\"https:\/\/d2dhunting.com\/wp-content\/uploads\/2024\/09\/G20-CLOSED-TAN_Camera_FRONT-1.png\",\"datePublished\":\"2024-09-02T12:52:57+00:00\",\"dateModified\":\"2024-12-02T08:08:17+00:00\",\"breadcrumb\":{\"@id\":\"https:\/\/d2dhunting.com\/es\/product\/grizzly-20-copia\/#breadcrumb\"},\"inLanguage\":\"es\"},{\"@type\":\"ImageObject\",\"inLanguage\":\"es\",\"@id\":\"https:\/\/d2dhunting.com\/es\/product\/grizzly-20-copia\/#primaryimage\",\"url\":\"https:\/\/d2dhunting.com\/wp-content\/uploads\/2024\/09\/G20-CLOSED-TAN_Camera_FRONT-1.png\",\"contentUrl\":\"https:\/\/d2dhunting.com\/wp-content\/uploads\/2024\/09\/G20-CLOSED-TAN_Camera_FRONT-1.png\",\"width\":3000,\"height\":1688},{\"@type\":\"BreadcrumbList\",\"@id\":\"https:\/\/d2dhunting.com\/es\/product\/grizzly-20-copia\/#breadcrumb\",\"itemListElement\":[{\"@type\":\"ListItem\",\"position\":1,\"name\":\"Home\",\"item\":\"https:\/\/d2dhunting.com\/es\/\"},{\"@type\":\"ListItem\",\"position\":2,\"name\":\"Tienda ES\",\"item\":\"https:\/\/d2dhunting.com\/es\/tienda-2\/\"},{\"@type\":\"ListItem\",\"position\":3,\"name\":\"Grizzly 20\"}]},{\"@type\":\"WebSite\",\"@id\":\"https:\/\/d2dhunting.com\/#website\",\"url\":\"https:\/\/d2dhunting.com\/\",\"name\":\"D2D Hunting\",\"description\":\"D2D was born with the idea of promoting still stalk hunting, through the distribution of quality equipment for the hunter.\",\"publisher\":{\"@id\":\"https:\/\/d2dhunting.com\/#organization\"},\"potentialAction\":[{\"@type\":\"SearchAction\",\"target\":{\"@type\":\"EntryPoint\",\"urlTemplate\":\"https:\/\/d2dhunting.com\/?s={search_term_string}\"},\"query-input\":{\"@type\":\"PropertyValueSpecification\",\"valueRequired\":true,\"valueName\":\"search_term_string\"}}],\"inLanguage\":\"es\"},{\"@type\":\"Organization\",\"@id\":\"https:\/\/d2dhunting.com\/#organization\",\"name\":\"D2D Hunting\",\"url\":\"https:\/\/d2dhunting.com\/\",\"logo\":{\"@type\":\"ImageObject\",\"inLanguage\":\"es\",\"@id\":\"https:\/\/d2dhunting.com\/#\/schema\/logo\/image\/\",\"url\":\"https:\/\/d2dhunting.com\/wp-content\/uploads\/2023\/12\/Logo_Completo.png\",\"contentUrl\":\"https:\/\/d2dhunting.com\/wp-content\/uploads\/2023\/12\/Logo_Completo.png\",\"width\":740,\"height\":308,\"caption\":\"D2D Hunting\"},\"image\":{\"@id\":\"https:\/\/d2dhunting.com\/#\/schema\/logo\/image\/\"}}]}<\/script>\n<!-- \/ Yoast SEO plugin. -->","yoast_head_json":{"title":"Grizzly 20 - D2D Hunting","robots":{"index":"index","follow":"follow","max-snippet":"max-snippet:-1","max-image-preview":"max-image-preview:large","max-video-preview":"max-video-preview:-1"},"canonical":"https:\/\/d2dhunting.com\/es\/product\/grizzly-20-copia\/","og_locale":"es_ES","og_type":"article","og_title":"Grizzly 20 - D2D Hunting","og_description":"La Grizzly 20 tiene el tama\u00f1o justo para una aventura incre\u00edble en pareja o con un buen amigo. Es lo suficientemente grande como para acomodar lo esencial, pero lo suficientemente peque\u00f1a como para almacenarse y transportarse con facilidad. El asa de acero inoxidable con empu\u00f1adura de espuma permite una transici\u00f3n suave del barco a la [&hellip;]","og_url":"https:\/\/d2dhunting.com\/es\/product\/grizzly-20-copia\/","og_site_name":"D2D Hunting","article_modified_time":"2024-12-02T08:08:17+00:00","og_image":[{"width":3000,"height":1688,"url":"https:\/\/d2dhunting.com\/wp-content\/uploads\/2024\/09\/G20-CLOSED-TAN_Camera_FRONT-1.png","type":"image\/png"}],"twitter_card":"summary_large_image","twitter_misc":{"Tiempo de lectura":"1 minuto"},"schema":{"@context":"https:\/\/schema.org","@graph":[{"@type":["WebPage","CollectionPage"],"@id":"https:\/\/d2dhunting.com\/es\/product\/grizzly-20-copia\/","url":"https:\/\/d2dhunting.com\/es\/product\/grizzly-20-copia\/","name":"Grizzly 20 - D2D Hunting","isPartOf":{"@id":"https:\/\/d2dhunting.com\/#website"},"primaryImageOfPage":{"@id":"https:\/\/d2dhunting.com\/es\/product\/grizzly-20-copia\/#primaryimage"},"image":{"@id":"https:\/\/d2dhunting.com\/es\/product\/grizzly-20-copia\/#primaryimage"},"thumbnailUrl":"https:\/\/d2dhunting.com\/wp-content\/uploads\/2024\/09\/G20-CLOSED-TAN_Camera_FRONT-1.png","datePublished":"2024-09-02T12:52:57+00:00","dateModified":"2024-12-02T08:08:17+00:00","breadcrumb":{"@id":"https:\/\/d2dhunting.com\/es\/product\/grizzly-20-copia\/#breadcrumb"},"inLanguage":"es"},{"@type":"ImageObject","inLanguage":"es","@id":"https:\/\/d2dhunting.com\/es\/product\/grizzly-20-copia\/#primaryimage","url":"https:\/\/d2dhunting.com\/wp-content\/uploads\/2024\/09\/G20-CLOSED-TAN_Camera_FRONT-1.png","contentUrl":"https:\/\/d2dhunting.com\/wp-content\/uploads\/2024\/09\/G20-CLOSED-TAN_Camera_FRONT-1.png","width":3000,"height":1688},{"@type":"BreadcrumbList","@id":"https:\/\/d2dhunting.com\/es\/product\/grizzly-20-copia\/#breadcrumb","itemListElement":[{"@type":"ListItem","position":1,"name":"Home","item":"https:\/\/d2dhunting.com\/es\/"},{"@type":"ListItem","position":2,"name":"Tienda ES","item":"https:\/\/d2dhunting.com\/es\/tienda-2\/"},{"@type":"ListItem","position":3,"name":"Grizzly 20"}]},{"@type":"WebSite","@id":"https:\/\/d2dhunting.com\/#website","url":"https:\/\/d2dhunting.com\/","name":"D2D Hunting","description":"D2D was born with the idea of promoting still stalk hunting, through the distribution of quality equipment for the hunter.","publisher":{"@id":"https:\/\/d2dhunting.com\/#organization"},"potentialAction":[{"@type":"SearchAction","target":{"@type":"EntryPoint","urlTemplate":"https:\/\/d2dhunting.com\/?s={search_term_string}"},"query-input":{"@type":"PropertyValueSpecification","valueRequired":true,"valueName":"search_term_string"}}],"inLanguage":"es"},{"@type":"Organization","@id":"https:\/\/d2dhunting.com\/#organization","name":"D2D Hunting","url":"https:\/\/d2dhunting.com\/","logo":{"@type":"ImageObject","inLanguage":"es","@id":"https:\/\/d2dhunting.com\/#\/schema\/logo\/image\/","url":"https:\/\/d2dhunting.com\/wp-content\/uploads\/2023\/12\/Logo_Completo.png","contentUrl":"https:\/\/d2dhunting.com\/wp-content\/uploads\/2023\/12\/Logo_Completo.png","width":740,"height":308,"caption":"D2D Hunting"},"image":{"@id":"https:\/\/d2dhunting.com\/#\/schema\/logo\/image\/"}}]}},"brands":[{"id":1403,"name":"GRIZZLY","slug":"grizzly"}],"_links":{"self":[{"href":"https:\/\/d2dhunting.com\/es\/wp-json\/wp\/v2\/product\/16377","targetHints":{"allow":["GET"]}}],"collection":[{"href":"https:\/\/d2dhunting.com\/es\/wp-json\/wp\/v2\/product"}],"about":[{"href":"https:\/\/d2dhunting.com\/es\/wp-json\/wp\/v2\/types\/product"}],"wp:featuredmedia":[{"embeddable":true,"href":"https:\/\/d2dhunting.com\/es\/wp-json\/wp\/v2\/media\/16439"}],"wp:attachment":[{"href":"https:\/\/d2dhunting.com\/es\/wp-json\/wp\/v2\/media?parent=16377"}],"wp:term":[{"taxonomy":"pwb-brand","embeddable":true,"href":"https:\/\/d2dhunting.com\/es\/wp-json\/wp\/v2\/pwb-brand?post=16377"},{"taxonomy":"product_brand","embeddable":true,"href":"https:\/\/d2dhunting.com\/es\/wp-json\/wp\/v2\/product_brand?post=16377"},{"taxonomy":"product_cat","embeddable":true,"href":"https:\/\/d2dhunting.com\/es\/wp-json\/wp\/v2\/product_cat?post=16377"},{"taxonomy":"product_tag","embeddable":true,"href":"https:\/\/d2dhunting.com\/es\/wp-json\/wp\/v2\/product_tag?post=16377"},{"taxonomy":"giftcard-category","embeddable":true,"href":"https:\/\/d2dhunting.com\/es\/wp-json\/wp\/v2\/giftcard-category?post=16377"}],"curies":[{"name":"wp","href":"https:\/\/api.w.org\/{rel}","templated":true}]}}