{"id":16772,"date":"2024-10-07T08:39:20","date_gmt":"2024-10-07T08:39:20","guid":{"rendered":"https:\/\/d2dhunting.com\/product\/relax-2-man-ls\/"},"modified":"2026-01-12T16:01:25","modified_gmt":"2026-01-12T16:01:25","slug":"relax-2-man-ls","status":"publish","type":"product","link":"https:\/\/d2dhunting.com\/es\/product\/relax-2-man-ls\/","title":{"rendered":"RELAX\u2122 2-MAN LS"},"content":{"rendered":"<p>El nuevo dise\u00f1o del stand de escalera Relax\u2122 2-Man LS para 2 personas proporciona una comodidad adicional en las esperas que antes se hac\u00edan largas e inc\u00f3modas. Cuenta con un asiento de malla TearTuff\u2122 que permite acomodar a dos personas, una plataforma de 16&#8243; (41 cm) de profundidad que facilita el acceso y garantiza disponer de mucho espacio tanto para usted como para su acompa\u00f1ante y con un riel de tiro acolchado y abatible.<\/p>\n<p>El puesto tiene una altura total hasta la barandilla de tiro de 5,13m (16&#8217;10&#8221;), una gran altura para que ambos cazadores permanezcan ocultos en el \u00e1rbol. \u00a1Si\u00e9ntese y &#8220;rel\u00e1jese&#8221; en su pr\u00f3xima espera desde la comodidad del stand de escalera Relax\u2122 2-Man\u2014LS! \u00a1El sistema de correas Lockdown\u2122 recientemente integrado es una caracter\u00edstica de seguridad sin la que no querr\u00e1 cazar! Este sistema permite al cazador sujetar de forma segura el stand al \u00e1rbol sin tener que abandonar el suelo. Ya no tendr\u00e1s que pensar en qui\u00e9n sostiene la base de la escalera en esa primera subida inicial. El nuevo dise\u00f1o del Relax\u2122 2-Man\u2014LS permite al usuario cazar de manera m\u00e1s segura e inteligente.<\/p>\n","protected":false},"excerpt":{"rendered":"<p>El nuevo dise\u00f1o del stand de escalera Relax\u2122 2-Man LS para 2 personas proporciona una comodidad adicional en las esperas que antes se hac\u00edan largas e inc\u00f3modas. Cuenta con un asiento de malla TearTuff\u2122 que permite acomodar a dos personas, una plataforma de 16&#8243; (41 cm) de profundidad que facilita el acceso y garantiza disponer [&hellip;]<\/p>\n","protected":false},"featured_media":16765,"template":"","meta":{"_acf_changed":false},"pwb-brand":[32],"product_brand":[],"product_cat":[135,133],"product_tag":[3203],"giftcard-category":[],"class_list":{"0":"post-16772","1":"product","2":"type-product","3":"status-publish","4":"has-post-thumbnail","6":"pwb-brand-rivers-edge","7":"product_cat-2-man-es","8":"product_cat-ladder-stands-es","9":"product_tag-ladders-es","11":"first","12":"outofstock","13":"taxable","14":"shipping-taxable","15":"purchasable","16":"product-type-simple"},"acf":[],"yoast_head":"<!-- This site is optimized with the Yoast SEO plugin v27.2 - https:\/\/yoast.com\/product\/yoast-seo-wordpress\/ -->\n<title>RELAX\u2122 2-MAN LS - D2D Hunting<\/title>\n<meta name=\"robots\" content=\"index, follow, max-snippet:-1, max-image-preview:large, max-video-preview:-1\" \/>\n<link rel=\"canonical\" href=\"https:\/\/d2dhunting.com\/es\/product\/relax-2-man-ls\/\" \/>\n<meta property=\"og:locale\" content=\"es_ES\" \/>\n<meta property=\"og:type\" content=\"article\" \/>\n<meta property=\"og:title\" content=\"RELAX\u2122 2-MAN LS - D2D Hunting\" \/>\n<meta property=\"og:description\" content=\"El nuevo dise\u00f1o del stand de escalera Relax\u2122 2-Man LS para 2 personas proporciona una comodidad adicional en las esperas que antes se hac\u00edan largas e inc\u00f3modas. Cuenta con un asiento de malla TearTuff\u2122 que permite acomodar a dos personas, una plataforma de 16&#8243; (41 cm) de profundidad que facilita el acceso y garantiza disponer [&hellip;]\" \/>\n<meta property=\"og:url\" content=\"https:\/\/d2dhunting.com\/es\/product\/relax-2-man-ls\/\" \/>\n<meta property=\"og:site_name\" content=\"D2D Hunting\" \/>\n<meta property=\"article:modified_time\" content=\"2026-01-12T16:01:25+00:00\" \/>\n<meta property=\"og:image\" content=\"https:\/\/d2dhunting.com\/wp-content\/uploads\/2024\/10\/RELAX-2-MAN-LS.webp\" \/>\n\t<meta property=\"og:image:width\" content=\"900\" \/>\n\t<meta property=\"og:image:height\" content=\"900\" \/>\n\t<meta property=\"og:image:type\" content=\"image\/webp\" \/>\n<meta name=\"twitter:card\" content=\"summary_large_image\" \/>\n<meta name=\"twitter:label1\" content=\"Tiempo de lectura\" \/>\n\t<meta name=\"twitter:data1\" content=\"2 minutos\" \/>\n<script type=\"application\/ld+json\" class=\"yoast-schema-graph\">{\"@context\":\"https:\/\/schema.org\",\"@graph\":[{\"@type\":[\"WebPage\",\"CollectionPage\"],\"@id\":\"https:\/\/d2dhunting.com\/es\/product\/relax-2-man-ls\/\",\"url\":\"https:\/\/d2dhunting.com\/es\/product\/relax-2-man-ls\/\",\"name\":\"RELAX\u2122 2-MAN LS - D2D Hunting\",\"isPartOf\":{\"@id\":\"https:\/\/d2dhunting.com\/#website\"},\"primaryImageOfPage\":{\"@id\":\"https:\/\/d2dhunting.com\/es\/product\/relax-2-man-ls\/#primaryimage\"},\"image\":{\"@id\":\"https:\/\/d2dhunting.com\/es\/product\/relax-2-man-ls\/#primaryimage\"},\"thumbnailUrl\":\"https:\/\/d2dhunting.com\/wp-content\/uploads\/2024\/10\/RELAX-2-MAN-LS.webp\",\"datePublished\":\"2024-10-07T08:39:20+00:00\",\"dateModified\":\"2026-01-12T16:01:25+00:00\",\"breadcrumb\":{\"@id\":\"https:\/\/d2dhunting.com\/es\/product\/relax-2-man-ls\/#breadcrumb\"},\"inLanguage\":\"es\"},{\"@type\":\"ImageObject\",\"inLanguage\":\"es\",\"@id\":\"https:\/\/d2dhunting.com\/es\/product\/relax-2-man-ls\/#primaryimage\",\"url\":\"https:\/\/d2dhunting.com\/wp-content\/uploads\/2024\/10\/RELAX-2-MAN-LS.webp\",\"contentUrl\":\"https:\/\/d2dhunting.com\/wp-content\/uploads\/2024\/10\/RELAX-2-MAN-LS.webp\",\"width\":900,\"height\":900},{\"@type\":\"BreadcrumbList\",\"@id\":\"https:\/\/d2dhunting.com\/es\/product\/relax-2-man-ls\/#breadcrumb\",\"itemListElement\":[{\"@type\":\"ListItem\",\"position\":1,\"name\":\"Home\",\"item\":\"https:\/\/d2dhunting.com\/es\/\"},{\"@type\":\"ListItem\",\"position\":2,\"name\":\"Tienda ES\",\"item\":\"https:\/\/d2dhunting.com\/es\/tienda-2\/\"},{\"@type\":\"ListItem\",\"position\":3,\"name\":\"RELAX\u2122 2-MAN LS\"}]},{\"@type\":\"WebSite\",\"@id\":\"https:\/\/d2dhunting.com\/#website\",\"url\":\"https:\/\/d2dhunting.com\/\",\"name\":\"D2D Hunting\",\"description\":\"D2D was born with the idea of promoting still stalk hunting, through the distribution of quality equipment for the hunter.\",\"publisher\":{\"@id\":\"https:\/\/d2dhunting.com\/#organization\"},\"potentialAction\":[{\"@type\":\"SearchAction\",\"target\":{\"@type\":\"EntryPoint\",\"urlTemplate\":\"https:\/\/d2dhunting.com\/?s={search_term_string}\"},\"query-input\":{\"@type\":\"PropertyValueSpecification\",\"valueRequired\":true,\"valueName\":\"search_term_string\"}}],\"inLanguage\":\"es\"},{\"@type\":\"Organization\",\"@id\":\"https:\/\/d2dhunting.com\/#organization\",\"name\":\"D2D Hunting\",\"url\":\"https:\/\/d2dhunting.com\/\",\"logo\":{\"@type\":\"ImageObject\",\"inLanguage\":\"es\",\"@id\":\"https:\/\/d2dhunting.com\/#\/schema\/logo\/image\/\",\"url\":\"https:\/\/d2dhunting.com\/wp-content\/uploads\/2023\/12\/Logo_Completo.png\",\"contentUrl\":\"https:\/\/d2dhunting.com\/wp-content\/uploads\/2023\/12\/Logo_Completo.png\",\"width\":740,\"height\":308,\"caption\":\"D2D Hunting\"},\"image\":{\"@id\":\"https:\/\/d2dhunting.com\/#\/schema\/logo\/image\/\"}}]}<\/script>\n<!-- \/ Yoast SEO plugin. -->","yoast_head_json":{"title":"RELAX\u2122 2-MAN LS - D2D Hunting","robots":{"index":"index","follow":"follow","max-snippet":"max-snippet:-1","max-image-preview":"max-image-preview:large","max-video-preview":"max-video-preview:-1"},"canonical":"https:\/\/d2dhunting.com\/es\/product\/relax-2-man-ls\/","og_locale":"es_ES","og_type":"article","og_title":"RELAX\u2122 2-MAN LS - D2D Hunting","og_description":"El nuevo dise\u00f1o del stand de escalera Relax\u2122 2-Man LS para 2 personas proporciona una comodidad adicional en las esperas que antes se hac\u00edan largas e inc\u00f3modas. Cuenta con un asiento de malla TearTuff\u2122 que permite acomodar a dos personas, una plataforma de 16&#8243; (41 cm) de profundidad que facilita el acceso y garantiza disponer [&hellip;]","og_url":"https:\/\/d2dhunting.com\/es\/product\/relax-2-man-ls\/","og_site_name":"D2D Hunting","article_modified_time":"2026-01-12T16:01:25+00:00","og_image":[{"width":900,"height":900,"url":"https:\/\/d2dhunting.com\/wp-content\/uploads\/2024\/10\/RELAX-2-MAN-LS.webp","type":"image\/webp"}],"twitter_card":"summary_large_image","twitter_misc":{"Tiempo de lectura":"2 minutos"},"schema":{"@context":"https:\/\/schema.org","@graph":[{"@type":["WebPage","CollectionPage"],"@id":"https:\/\/d2dhunting.com\/es\/product\/relax-2-man-ls\/","url":"https:\/\/d2dhunting.com\/es\/product\/relax-2-man-ls\/","name":"RELAX\u2122 2-MAN LS - D2D Hunting","isPartOf":{"@id":"https:\/\/d2dhunting.com\/#website"},"primaryImageOfPage":{"@id":"https:\/\/d2dhunting.com\/es\/product\/relax-2-man-ls\/#primaryimage"},"image":{"@id":"https:\/\/d2dhunting.com\/es\/product\/relax-2-man-ls\/#primaryimage"},"thumbnailUrl":"https:\/\/d2dhunting.com\/wp-content\/uploads\/2024\/10\/RELAX-2-MAN-LS.webp","datePublished":"2024-10-07T08:39:20+00:00","dateModified":"2026-01-12T16:01:25+00:00","breadcrumb":{"@id":"https:\/\/d2dhunting.com\/es\/product\/relax-2-man-ls\/#breadcrumb"},"inLanguage":"es"},{"@type":"ImageObject","inLanguage":"es","@id":"https:\/\/d2dhunting.com\/es\/product\/relax-2-man-ls\/#primaryimage","url":"https:\/\/d2dhunting.com\/wp-content\/uploads\/2024\/10\/RELAX-2-MAN-LS.webp","contentUrl":"https:\/\/d2dhunting.com\/wp-content\/uploads\/2024\/10\/RELAX-2-MAN-LS.webp","width":900,"height":900},{"@type":"BreadcrumbList","@id":"https:\/\/d2dhunting.com\/es\/product\/relax-2-man-ls\/#breadcrumb","itemListElement":[{"@type":"ListItem","position":1,"name":"Home","item":"https:\/\/d2dhunting.com\/es\/"},{"@type":"ListItem","position":2,"name":"Tienda ES","item":"https:\/\/d2dhunting.com\/es\/tienda-2\/"},{"@type":"ListItem","position":3,"name":"RELAX\u2122 2-MAN LS"}]},{"@type":"WebSite","@id":"https:\/\/d2dhunting.com\/#website","url":"https:\/\/d2dhunting.com\/","name":"D2D Hunting","description":"D2D was born with the idea of promoting still stalk hunting, through the distribution of quality equipment for the hunter.","publisher":{"@id":"https:\/\/d2dhunting.com\/#organization"},"potentialAction":[{"@type":"SearchAction","target":{"@type":"EntryPoint","urlTemplate":"https:\/\/d2dhunting.com\/?s={search_term_string}"},"query-input":{"@type":"PropertyValueSpecification","valueRequired":true,"valueName":"search_term_string"}}],"inLanguage":"es"},{"@type":"Organization","@id":"https:\/\/d2dhunting.com\/#organization","name":"D2D Hunting","url":"https:\/\/d2dhunting.com\/","logo":{"@type":"ImageObject","inLanguage":"es","@id":"https:\/\/d2dhunting.com\/#\/schema\/logo\/image\/","url":"https:\/\/d2dhunting.com\/wp-content\/uploads\/2023\/12\/Logo_Completo.png","contentUrl":"https:\/\/d2dhunting.com\/wp-content\/uploads\/2023\/12\/Logo_Completo.png","width":740,"height":308,"caption":"D2D Hunting"},"image":{"@id":"https:\/\/d2dhunting.com\/#\/schema\/logo\/image\/"}}]}},"brands":[{"id":32,"name":"Rivers Edge","slug":"rivers-edge"}],"_links":{"self":[{"href":"https:\/\/d2dhunting.com\/es\/wp-json\/wp\/v2\/product\/16772","targetHints":{"allow":["GET"]}}],"collection":[{"href":"https:\/\/d2dhunting.com\/es\/wp-json\/wp\/v2\/product"}],"about":[{"href":"https:\/\/d2dhunting.com\/es\/wp-json\/wp\/v2\/types\/product"}],"wp:featuredmedia":[{"embeddable":true,"href":"https:\/\/d2dhunting.com\/es\/wp-json\/wp\/v2\/media\/16765"}],"wp:attachment":[{"href":"https:\/\/d2dhunting.com\/es\/wp-json\/wp\/v2\/media?parent=16772"}],"wp:term":[{"taxonomy":"pwb-brand","embeddable":true,"href":"https:\/\/d2dhunting.com\/es\/wp-json\/wp\/v2\/pwb-brand?post=16772"},{"taxonomy":"product_brand","embeddable":true,"href":"https:\/\/d2dhunting.com\/es\/wp-json\/wp\/v2\/product_brand?post=16772"},{"taxonomy":"product_cat","embeddable":true,"href":"https:\/\/d2dhunting.com\/es\/wp-json\/wp\/v2\/product_cat?post=16772"},{"taxonomy":"product_tag","embeddable":true,"href":"https:\/\/d2dhunting.com\/es\/wp-json\/wp\/v2\/product_tag?post=16772"},{"taxonomy":"giftcard-category","embeddable":true,"href":"https:\/\/d2dhunting.com\/es\/wp-json\/wp\/v2\/giftcard-category?post=16772"}],"curies":[{"name":"wp","href":"https:\/\/api.w.org\/{rel}","templated":true}]}}