{"id":16823,"date":"2024-10-07T13:20:20","date_gmt":"2024-10-07T13:20:20","guid":{"rendered":"https:\/\/d2dhunting.com\/product\/overwatch-crater-harvest\/"},"modified":"2025-03-20T18:58:41","modified_gmt":"2025-03-20T18:58:41","slug":"overwatch-crater-harvest","status":"publish","type":"product","link":"https:\/\/d2dhunting.com\/es\/product\/overwatch-crater-harvest\/","title":{"rendered":"BLIND OVERWATCH CRATER\u2122 HARVEST"},"content":{"rendered":"<p>El blind de caza Overwatch est\u00e1 equipado con un tejido de visi\u00f3n unidireccional View-Through, lo que garantiza que te mantengas oculto de tu presa mientras mantienes una visi\u00f3n clara de tu entorno. Incluso los m\u00e1s m\u00ednimos movimientos pueden arruinar una cacer\u00eda, pero este blind te mantiene oculto a plena vista. Las ventanas de disparo frontales panor\u00e1micas, silenciosas y ajustables crean un observatorio perfecto, lo que te permite jugar el lance con facilidad. El Overwatch incluye con una ventana trasera para \u00e1ngulos de visi\u00f3n adicionales. Su tejido HD de 150 denier apretado, resistente al agua, con un revestimiento interior neflugro garantiza que te mantengas seco y oculto incluso en condiciones clim\u00e1ticas impredecibles. Este blind incluye paneles de seguridad desmontables de color naranja fluor, permitiendo ser visible para otros cazadores mientras permaneces oculto de tu presa. Adem\u00e1s, el blind incluye presillas porta-ramas para una mayor ocultaci\u00f3n opcional, lo que le permite mezclarse sin problemas con su entorno. Con el Overwatch se incluye una bolsa de transporte con correas tipo mochila, 12 estacas para el suelo y cuerdas de amarre de vientos.<\/p>\n","protected":false},"excerpt":{"rendered":"<p>El blind de caza Overwatch est\u00e1 equipado con un tejido de visi\u00f3n unidireccional, garantiza que te mantengas oculto de tu presa mientras mantienes&#8230;<\/p>\n","protected":false},"featured_media":16808,"template":"","meta":{"_acf_changed":false},"pwb-brand":[31],"product_brand":[],"product_cat":[115,123],"product_tag":[2269,1836],"giftcard-category":[],"class_list":{"0":"post-16823","1":"product","2":"type-product","3":"status-publish","4":"has-post-thumbnail","6":"pwb-brand-barronett","7":"product_cat-blinds-es","8":"product_cat-transparentes","9":"product_tag-coming-soon-es","10":"product_tag-pentagon-es","12":"first","13":"instock","14":"taxable","15":"shipping-taxable","16":"purchasable","17":"product-type-simple"},"acf":[],"yoast_head":"<!-- This site is optimized with the Yoast SEO plugin v27.2 - https:\/\/yoast.com\/product\/yoast-seo-wordpress\/ -->\n<title>BLIND OVERWATCH CRATER\u2122 HARVEST - D2D Hunting<\/title>\n<meta name=\"description\" content=\"El blind de caza Overwatch est\u00e1 equipado con un tejido de visi\u00f3n unidireccional, garantiza que te mantengas oculto de tu presa mientras mantienes...\" \/>\n<meta name=\"robots\" content=\"index, follow, max-snippet:-1, max-image-preview:large, max-video-preview:-1\" \/>\n<link rel=\"canonical\" href=\"https:\/\/d2dhunting.com\/es\/product\/overwatch-crater-harvest\/\" \/>\n<meta property=\"og:locale\" content=\"es_ES\" \/>\n<meta property=\"og:type\" content=\"article\" \/>\n<meta property=\"og:title\" content=\"BLIND OVERWATCH CRATER\u2122 HARVEST - D2D Hunting\" \/>\n<meta property=\"og:description\" content=\"El blind de caza Overwatch est\u00e1 equipado con un tejido de visi\u00f3n unidireccional, garantiza que te mantengas oculto de tu presa mientras mantienes...\" \/>\n<meta property=\"og:url\" content=\"https:\/\/d2dhunting.com\/es\/product\/overwatch-crater-harvest\/\" \/>\n<meta property=\"og:site_name\" content=\"D2D Hunting\" \/>\n<meta property=\"article:modified_time\" content=\"2025-03-20T18:58:41+00:00\" \/>\n<meta property=\"og:image\" content=\"https:\/\/d2dhunting.com\/wp-content\/uploads\/2024\/10\/VR400CH.webp\" \/>\n\t<meta property=\"og:image:width\" content=\"720\" \/>\n\t<meta property=\"og:image:height\" content=\"720\" \/>\n\t<meta property=\"og:image:type\" content=\"image\/webp\" \/>\n<meta name=\"twitter:card\" content=\"summary_large_image\" \/>\n<meta name=\"twitter:label1\" content=\"Tiempo de lectura\" \/>\n\t<meta name=\"twitter:data1\" content=\"2 minutos\" \/>\n<script type=\"application\/ld+json\" class=\"yoast-schema-graph\">{\"@context\":\"https:\/\/schema.org\",\"@graph\":[{\"@type\":[\"WebPage\",\"CollectionPage\"],\"@id\":\"https:\/\/d2dhunting.com\/es\/product\/overwatch-crater-harvest\/\",\"url\":\"https:\/\/d2dhunting.com\/es\/product\/overwatch-crater-harvest\/\",\"name\":\"BLIND OVERWATCH CRATER\u2122 HARVEST - D2D Hunting\",\"isPartOf\":{\"@id\":\"https:\/\/d2dhunting.com\/#website\"},\"primaryImageOfPage\":{\"@id\":\"https:\/\/d2dhunting.com\/es\/product\/overwatch-crater-harvest\/#primaryimage\"},\"image\":{\"@id\":\"https:\/\/d2dhunting.com\/es\/product\/overwatch-crater-harvest\/#primaryimage\"},\"thumbnailUrl\":\"https:\/\/d2dhunting.com\/wp-content\/uploads\/2024\/10\/VR400CH.webp\",\"datePublished\":\"2024-10-07T13:20:20+00:00\",\"dateModified\":\"2025-03-20T18:58:41+00:00\",\"description\":\"El blind de caza Overwatch est\u00e1 equipado con un tejido de visi\u00f3n unidireccional, garantiza que te mantengas oculto de tu presa mientras mantienes...\",\"breadcrumb\":{\"@id\":\"https:\/\/d2dhunting.com\/es\/product\/overwatch-crater-harvest\/#breadcrumb\"},\"inLanguage\":\"es\"},{\"@type\":\"ImageObject\",\"inLanguage\":\"es\",\"@id\":\"https:\/\/d2dhunting.com\/es\/product\/overwatch-crater-harvest\/#primaryimage\",\"url\":\"https:\/\/d2dhunting.com\/wp-content\/uploads\/2024\/10\/VR400CH.webp\",\"contentUrl\":\"https:\/\/d2dhunting.com\/wp-content\/uploads\/2024\/10\/VR400CH.webp\",\"width\":720,\"height\":720},{\"@type\":\"BreadcrumbList\",\"@id\":\"https:\/\/d2dhunting.com\/es\/product\/overwatch-crater-harvest\/#breadcrumb\",\"itemListElement\":[{\"@type\":\"ListItem\",\"position\":1,\"name\":\"Home\",\"item\":\"https:\/\/d2dhunting.com\/es\/\"},{\"@type\":\"ListItem\",\"position\":2,\"name\":\"Tienda ES\",\"item\":\"https:\/\/d2dhunting.com\/es\/tienda-2\/\"},{\"@type\":\"ListItem\",\"position\":3,\"name\":\"BLIND OVERWATCH CRATER\u2122 HARVEST\"}]},{\"@type\":\"WebSite\",\"@id\":\"https:\/\/d2dhunting.com\/#website\",\"url\":\"https:\/\/d2dhunting.com\/\",\"name\":\"D2D Hunting\",\"description\":\"D2D was born with the idea of promoting still stalk hunting, through the distribution of quality equipment for the hunter.\",\"publisher\":{\"@id\":\"https:\/\/d2dhunting.com\/#organization\"},\"potentialAction\":[{\"@type\":\"SearchAction\",\"target\":{\"@type\":\"EntryPoint\",\"urlTemplate\":\"https:\/\/d2dhunting.com\/?s={search_term_string}\"},\"query-input\":{\"@type\":\"PropertyValueSpecification\",\"valueRequired\":true,\"valueName\":\"search_term_string\"}}],\"inLanguage\":\"es\"},{\"@type\":\"Organization\",\"@id\":\"https:\/\/d2dhunting.com\/#organization\",\"name\":\"D2D Hunting\",\"url\":\"https:\/\/d2dhunting.com\/\",\"logo\":{\"@type\":\"ImageObject\",\"inLanguage\":\"es\",\"@id\":\"https:\/\/d2dhunting.com\/#\/schema\/logo\/image\/\",\"url\":\"https:\/\/d2dhunting.com\/wp-content\/uploads\/2023\/12\/Logo_Completo.png\",\"contentUrl\":\"https:\/\/d2dhunting.com\/wp-content\/uploads\/2023\/12\/Logo_Completo.png\",\"width\":740,\"height\":308,\"caption\":\"D2D Hunting\"},\"image\":{\"@id\":\"https:\/\/d2dhunting.com\/#\/schema\/logo\/image\/\"}}]}<\/script>\n<!-- \/ Yoast SEO plugin. -->","yoast_head_json":{"title":"BLIND OVERWATCH CRATER\u2122 HARVEST - D2D Hunting","description":"El blind de caza Overwatch est\u00e1 equipado con un tejido de visi\u00f3n unidireccional, garantiza que te mantengas oculto de tu presa mientras mantienes...","robots":{"index":"index","follow":"follow","max-snippet":"max-snippet:-1","max-image-preview":"max-image-preview:large","max-video-preview":"max-video-preview:-1"},"canonical":"https:\/\/d2dhunting.com\/es\/product\/overwatch-crater-harvest\/","og_locale":"es_ES","og_type":"article","og_title":"BLIND OVERWATCH CRATER\u2122 HARVEST - D2D Hunting","og_description":"El blind de caza Overwatch est\u00e1 equipado con un tejido de visi\u00f3n unidireccional, garantiza que te mantengas oculto de tu presa mientras mantienes...","og_url":"https:\/\/d2dhunting.com\/es\/product\/overwatch-crater-harvest\/","og_site_name":"D2D Hunting","article_modified_time":"2025-03-20T18:58:41+00:00","og_image":[{"width":720,"height":720,"url":"https:\/\/d2dhunting.com\/wp-content\/uploads\/2024\/10\/VR400CH.webp","type":"image\/webp"}],"twitter_card":"summary_large_image","twitter_misc":{"Tiempo de lectura":"2 minutos"},"schema":{"@context":"https:\/\/schema.org","@graph":[{"@type":["WebPage","CollectionPage"],"@id":"https:\/\/d2dhunting.com\/es\/product\/overwatch-crater-harvest\/","url":"https:\/\/d2dhunting.com\/es\/product\/overwatch-crater-harvest\/","name":"BLIND OVERWATCH CRATER\u2122 HARVEST - D2D Hunting","isPartOf":{"@id":"https:\/\/d2dhunting.com\/#website"},"primaryImageOfPage":{"@id":"https:\/\/d2dhunting.com\/es\/product\/overwatch-crater-harvest\/#primaryimage"},"image":{"@id":"https:\/\/d2dhunting.com\/es\/product\/overwatch-crater-harvest\/#primaryimage"},"thumbnailUrl":"https:\/\/d2dhunting.com\/wp-content\/uploads\/2024\/10\/VR400CH.webp","datePublished":"2024-10-07T13:20:20+00:00","dateModified":"2025-03-20T18:58:41+00:00","description":"El blind de caza Overwatch est\u00e1 equipado con un tejido de visi\u00f3n unidireccional, garantiza que te mantengas oculto de tu presa mientras mantienes...","breadcrumb":{"@id":"https:\/\/d2dhunting.com\/es\/product\/overwatch-crater-harvest\/#breadcrumb"},"inLanguage":"es"},{"@type":"ImageObject","inLanguage":"es","@id":"https:\/\/d2dhunting.com\/es\/product\/overwatch-crater-harvest\/#primaryimage","url":"https:\/\/d2dhunting.com\/wp-content\/uploads\/2024\/10\/VR400CH.webp","contentUrl":"https:\/\/d2dhunting.com\/wp-content\/uploads\/2024\/10\/VR400CH.webp","width":720,"height":720},{"@type":"BreadcrumbList","@id":"https:\/\/d2dhunting.com\/es\/product\/overwatch-crater-harvest\/#breadcrumb","itemListElement":[{"@type":"ListItem","position":1,"name":"Home","item":"https:\/\/d2dhunting.com\/es\/"},{"@type":"ListItem","position":2,"name":"Tienda ES","item":"https:\/\/d2dhunting.com\/es\/tienda-2\/"},{"@type":"ListItem","position":3,"name":"BLIND OVERWATCH CRATER\u2122 HARVEST"}]},{"@type":"WebSite","@id":"https:\/\/d2dhunting.com\/#website","url":"https:\/\/d2dhunting.com\/","name":"D2D Hunting","description":"D2D was born with the idea of promoting still stalk hunting, through the distribution of quality equipment for the hunter.","publisher":{"@id":"https:\/\/d2dhunting.com\/#organization"},"potentialAction":[{"@type":"SearchAction","target":{"@type":"EntryPoint","urlTemplate":"https:\/\/d2dhunting.com\/?s={search_term_string}"},"query-input":{"@type":"PropertyValueSpecification","valueRequired":true,"valueName":"search_term_string"}}],"inLanguage":"es"},{"@type":"Organization","@id":"https:\/\/d2dhunting.com\/#organization","name":"D2D Hunting","url":"https:\/\/d2dhunting.com\/","logo":{"@type":"ImageObject","inLanguage":"es","@id":"https:\/\/d2dhunting.com\/#\/schema\/logo\/image\/","url":"https:\/\/d2dhunting.com\/wp-content\/uploads\/2023\/12\/Logo_Completo.png","contentUrl":"https:\/\/d2dhunting.com\/wp-content\/uploads\/2023\/12\/Logo_Completo.png","width":740,"height":308,"caption":"D2D Hunting"},"image":{"@id":"https:\/\/d2dhunting.com\/#\/schema\/logo\/image\/"}}]}},"brands":[{"id":31,"name":"Barronett","slug":"barronett"}],"_links":{"self":[{"href":"https:\/\/d2dhunting.com\/es\/wp-json\/wp\/v2\/product\/16823","targetHints":{"allow":["GET"]}}],"collection":[{"href":"https:\/\/d2dhunting.com\/es\/wp-json\/wp\/v2\/product"}],"about":[{"href":"https:\/\/d2dhunting.com\/es\/wp-json\/wp\/v2\/types\/product"}],"wp:featuredmedia":[{"embeddable":true,"href":"https:\/\/d2dhunting.com\/es\/wp-json\/wp\/v2\/media\/16808"}],"wp:attachment":[{"href":"https:\/\/d2dhunting.com\/es\/wp-json\/wp\/v2\/media?parent=16823"}],"wp:term":[{"taxonomy":"pwb-brand","embeddable":true,"href":"https:\/\/d2dhunting.com\/es\/wp-json\/wp\/v2\/pwb-brand?post=16823"},{"taxonomy":"product_brand","embeddable":true,"href":"https:\/\/d2dhunting.com\/es\/wp-json\/wp\/v2\/product_brand?post=16823"},{"taxonomy":"product_cat","embeddable":true,"href":"https:\/\/d2dhunting.com\/es\/wp-json\/wp\/v2\/product_cat?post=16823"},{"taxonomy":"product_tag","embeddable":true,"href":"https:\/\/d2dhunting.com\/es\/wp-json\/wp\/v2\/product_tag?post=16823"},{"taxonomy":"giftcard-category","embeddable":true,"href":"https:\/\/d2dhunting.com\/es\/wp-json\/wp\/v2\/giftcard-category?post=16823"}],"curies":[{"name":"wp","href":"https:\/\/api.w.org\/{rel}","templated":true}]}}