{"id":16844,"date":"2024-10-07T14:14:45","date_gmt":"2024-10-07T14:14:45","guid":{"rendered":"https:\/\/d2dhunting.com\/product\/big-mike-heavy-duty-crater-harvest\/"},"modified":"2026-04-30T10:00:52","modified_gmt":"2026-04-30T10:00:52","slug":"big-mike-heavy-duty-crater-harvest","status":"publish","type":"product","link":"https:\/\/d2dhunting.com\/es\/product\/big-mike-heavy-duty-crater-harvest\/","title":{"rendered":"BLIND BIG MIKE\u2122 HEAVY DUTY CRATER\u2122 HARVEST"},"content":{"rendered":"<p>El Big Mike Heavy-Duty tiene el mismo gran tama\u00f1o que su hermano el Big Mike\u2122 pero con algunas caracter\u00edsticas mejoradas. El Big Mike\u2122 Heavy-Duty est\u00e1 confeccionado con un tejido de poli\u00e9ster impermeable de 600 deniers para mayor durabilidad y con un revestimiento interior negro para mejorar la ocultaci\u00f3n. La tela tiene efecto cepillado para reducir los reflejos. Con una altura de 80&#8243; (2,03 m), el Big Mike\u2122 Heavy-Duty permite disparar de pie. El blind cuenta tambi\u00e9n con ventanas sin cremallera para un ajuste sin ruido y m\u00e1s opciones de disparo. Permite ser camuflado para mayor integraci\u00f3n con el entorno gracias a las correas exteriores de poli\u00e9ster para sujetar ramas.<\/p>\n","protected":false},"excerpt":{"rendered":"<p>El Big Mike Heavy-Duty tiene el mismo gran tama\u00f1o que su hermano el Big Mike\u2122 pero con algunas caracter\u00edsticas mejoradas.<\/p>\n","protected":false},"featured_media":16828,"template":"","meta":{"_acf_changed":false},"pwb-brand":[31],"product_brand":[],"product_cat":[115,121],"product_tag":[1836],"giftcard-category":[],"class_list":{"0":"post-16844","1":"product","2":"type-product","3":"status-publish","4":"has-post-thumbnail","6":"pwb-brand-barronett","7":"product_cat-blinds-es","8":"product_cat-large-es","9":"product_tag-pentagon-es","11":"first","12":"instock","13":"taxable","14":"shipping-taxable","15":"purchasable","16":"product-type-simple"},"acf":[],"yoast_head":"<!-- This site is optimized with the Yoast SEO plugin v27.2 - https:\/\/yoast.com\/product\/yoast-seo-wordpress\/ -->\n<title>BLIND BIG MIKE\u2122 HEAVY DUTY CRATER\u2122 HARVEST - D2D Hunting<\/title>\n<meta name=\"description\" content=\"El Big Mike Heavy-Duty tiene el mismo gran tama\u00f1o que su hermano el Big Mike\u2122 pero con algunas caracter\u00edsticas mejoradas.\" \/>\n<meta name=\"robots\" content=\"index, follow, max-snippet:-1, max-image-preview:large, max-video-preview:-1\" \/>\n<link rel=\"canonical\" href=\"https:\/\/d2dhunting.com\/es\/product\/big-mike-heavy-duty-crater-harvest\/\" \/>\n<meta property=\"og:locale\" content=\"es_ES\" \/>\n<meta property=\"og:type\" content=\"article\" \/>\n<meta property=\"og:title\" content=\"BLIND BIG MIKE\u2122 HEAVY DUTY CRATER\u2122 HARVEST - D2D Hunting\" \/>\n<meta property=\"og:description\" content=\"El Big Mike Heavy-Duty tiene el mismo gran tama\u00f1o que su hermano el Big Mike\u2122 pero con algunas caracter\u00edsticas mejoradas.\" \/>\n<meta property=\"og:url\" content=\"https:\/\/d2dhunting.com\/es\/product\/big-mike-heavy-duty-crater-harvest\/\" \/>\n<meta property=\"og:site_name\" content=\"D2D Hunting\" \/>\n<meta property=\"article:modified_time\" content=\"2026-04-30T10:00:52+00:00\" \/>\n<meta property=\"og:image\" content=\"https:\/\/d2dhunting.com\/wp-content\/uploads\/2024\/10\/BMHD300CH.webp\" \/>\n\t<meta property=\"og:image:width\" content=\"720\" \/>\n\t<meta property=\"og:image:height\" content=\"720\" \/>\n\t<meta property=\"og:image:type\" content=\"image\/webp\" \/>\n<meta name=\"twitter:card\" content=\"summary_large_image\" \/>\n<meta name=\"twitter:label1\" content=\"Tiempo de lectura\" \/>\n\t<meta name=\"twitter:data1\" content=\"1 minuto\" \/>\n<script type=\"application\/ld+json\" class=\"yoast-schema-graph\">{\"@context\":\"https:\/\/schema.org\",\"@graph\":[{\"@type\":[\"WebPage\",\"CollectionPage\"],\"@id\":\"https:\/\/d2dhunting.com\/es\/product\/big-mike-heavy-duty-crater-harvest\/\",\"url\":\"https:\/\/d2dhunting.com\/es\/product\/big-mike-heavy-duty-crater-harvest\/\",\"name\":\"BLIND BIG MIKE\u2122 HEAVY DUTY CRATER\u2122 HARVEST - D2D Hunting\",\"isPartOf\":{\"@id\":\"https:\/\/d2dhunting.com\/#website\"},\"primaryImageOfPage\":{\"@id\":\"https:\/\/d2dhunting.com\/es\/product\/big-mike-heavy-duty-crater-harvest\/#primaryimage\"},\"image\":{\"@id\":\"https:\/\/d2dhunting.com\/es\/product\/big-mike-heavy-duty-crater-harvest\/#primaryimage\"},\"thumbnailUrl\":\"https:\/\/d2dhunting.com\/wp-content\/uploads\/2024\/10\/BMHD300CH.webp\",\"datePublished\":\"2024-10-07T14:14:45+00:00\",\"dateModified\":\"2026-04-30T10:00:52+00:00\",\"description\":\"El Big Mike Heavy-Duty tiene el mismo gran tama\u00f1o que su hermano el Big Mike\u2122 pero con algunas caracter\u00edsticas mejoradas.\",\"breadcrumb\":{\"@id\":\"https:\/\/d2dhunting.com\/es\/product\/big-mike-heavy-duty-crater-harvest\/#breadcrumb\"},\"inLanguage\":\"es\"},{\"@type\":\"ImageObject\",\"inLanguage\":\"es\",\"@id\":\"https:\/\/d2dhunting.com\/es\/product\/big-mike-heavy-duty-crater-harvest\/#primaryimage\",\"url\":\"https:\/\/d2dhunting.com\/wp-content\/uploads\/2024\/10\/BMHD300CH.webp\",\"contentUrl\":\"https:\/\/d2dhunting.com\/wp-content\/uploads\/2024\/10\/BMHD300CH.webp\",\"width\":720,\"height\":720},{\"@type\":\"BreadcrumbList\",\"@id\":\"https:\/\/d2dhunting.com\/es\/product\/big-mike-heavy-duty-crater-harvest\/#breadcrumb\",\"itemListElement\":[{\"@type\":\"ListItem\",\"position\":1,\"name\":\"Home\",\"item\":\"https:\/\/d2dhunting.com\/es\/\"},{\"@type\":\"ListItem\",\"position\":2,\"name\":\"Tienda ES\",\"item\":\"https:\/\/d2dhunting.com\/es\/tienda-2\/\"},{\"@type\":\"ListItem\",\"position\":3,\"name\":\"BLIND BIG MIKE\u2122 HEAVY DUTY CRATER\u2122 HARVEST\"}]},{\"@type\":\"WebSite\",\"@id\":\"https:\/\/d2dhunting.com\/#website\",\"url\":\"https:\/\/d2dhunting.com\/\",\"name\":\"D2D Hunting\",\"description\":\"D2D was born with the idea of promoting still stalk hunting, through the distribution of quality equipment for the hunter.\",\"publisher\":{\"@id\":\"https:\/\/d2dhunting.com\/#organization\"},\"potentialAction\":[{\"@type\":\"SearchAction\",\"target\":{\"@type\":\"EntryPoint\",\"urlTemplate\":\"https:\/\/d2dhunting.com\/?s={search_term_string}\"},\"query-input\":{\"@type\":\"PropertyValueSpecification\",\"valueRequired\":true,\"valueName\":\"search_term_string\"}}],\"inLanguage\":\"es\"},{\"@type\":\"Organization\",\"@id\":\"https:\/\/d2dhunting.com\/#organization\",\"name\":\"D2D Hunting\",\"url\":\"https:\/\/d2dhunting.com\/\",\"logo\":{\"@type\":\"ImageObject\",\"inLanguage\":\"es\",\"@id\":\"https:\/\/d2dhunting.com\/#\/schema\/logo\/image\/\",\"url\":\"https:\/\/d2dhunting.com\/wp-content\/uploads\/2023\/12\/Logo_Completo.png\",\"contentUrl\":\"https:\/\/d2dhunting.com\/wp-content\/uploads\/2023\/12\/Logo_Completo.png\",\"width\":740,\"height\":308,\"caption\":\"D2D Hunting\"},\"image\":{\"@id\":\"https:\/\/d2dhunting.com\/#\/schema\/logo\/image\/\"}}]}<\/script>\n<!-- \/ Yoast SEO plugin. -->","yoast_head_json":{"title":"BLIND BIG MIKE\u2122 HEAVY DUTY CRATER\u2122 HARVEST - D2D Hunting","description":"El Big Mike Heavy-Duty tiene el mismo gran tama\u00f1o que su hermano el Big Mike\u2122 pero con algunas caracter\u00edsticas mejoradas.","robots":{"index":"index","follow":"follow","max-snippet":"max-snippet:-1","max-image-preview":"max-image-preview:large","max-video-preview":"max-video-preview:-1"},"canonical":"https:\/\/d2dhunting.com\/es\/product\/big-mike-heavy-duty-crater-harvest\/","og_locale":"es_ES","og_type":"article","og_title":"BLIND BIG MIKE\u2122 HEAVY DUTY CRATER\u2122 HARVEST - D2D Hunting","og_description":"El Big Mike Heavy-Duty tiene el mismo gran tama\u00f1o que su hermano el Big Mike\u2122 pero con algunas caracter\u00edsticas mejoradas.","og_url":"https:\/\/d2dhunting.com\/es\/product\/big-mike-heavy-duty-crater-harvest\/","og_site_name":"D2D Hunting","article_modified_time":"2026-04-30T10:00:52+00:00","og_image":[{"width":720,"height":720,"url":"https:\/\/d2dhunting.com\/wp-content\/uploads\/2024\/10\/BMHD300CH.webp","type":"image\/webp"}],"twitter_card":"summary_large_image","twitter_misc":{"Tiempo de lectura":"1 minuto"},"schema":{"@context":"https:\/\/schema.org","@graph":[{"@type":["WebPage","CollectionPage"],"@id":"https:\/\/d2dhunting.com\/es\/product\/big-mike-heavy-duty-crater-harvest\/","url":"https:\/\/d2dhunting.com\/es\/product\/big-mike-heavy-duty-crater-harvest\/","name":"BLIND BIG MIKE\u2122 HEAVY DUTY CRATER\u2122 HARVEST - D2D Hunting","isPartOf":{"@id":"https:\/\/d2dhunting.com\/#website"},"primaryImageOfPage":{"@id":"https:\/\/d2dhunting.com\/es\/product\/big-mike-heavy-duty-crater-harvest\/#primaryimage"},"image":{"@id":"https:\/\/d2dhunting.com\/es\/product\/big-mike-heavy-duty-crater-harvest\/#primaryimage"},"thumbnailUrl":"https:\/\/d2dhunting.com\/wp-content\/uploads\/2024\/10\/BMHD300CH.webp","datePublished":"2024-10-07T14:14:45+00:00","dateModified":"2026-04-30T10:00:52+00:00","description":"El Big Mike Heavy-Duty tiene el mismo gran tama\u00f1o que su hermano el Big Mike\u2122 pero con algunas caracter\u00edsticas mejoradas.","breadcrumb":{"@id":"https:\/\/d2dhunting.com\/es\/product\/big-mike-heavy-duty-crater-harvest\/#breadcrumb"},"inLanguage":"es"},{"@type":"ImageObject","inLanguage":"es","@id":"https:\/\/d2dhunting.com\/es\/product\/big-mike-heavy-duty-crater-harvest\/#primaryimage","url":"https:\/\/d2dhunting.com\/wp-content\/uploads\/2024\/10\/BMHD300CH.webp","contentUrl":"https:\/\/d2dhunting.com\/wp-content\/uploads\/2024\/10\/BMHD300CH.webp","width":720,"height":720},{"@type":"BreadcrumbList","@id":"https:\/\/d2dhunting.com\/es\/product\/big-mike-heavy-duty-crater-harvest\/#breadcrumb","itemListElement":[{"@type":"ListItem","position":1,"name":"Home","item":"https:\/\/d2dhunting.com\/es\/"},{"@type":"ListItem","position":2,"name":"Tienda ES","item":"https:\/\/d2dhunting.com\/es\/tienda-2\/"},{"@type":"ListItem","position":3,"name":"BLIND BIG MIKE\u2122 HEAVY DUTY CRATER\u2122 HARVEST"}]},{"@type":"WebSite","@id":"https:\/\/d2dhunting.com\/#website","url":"https:\/\/d2dhunting.com\/","name":"D2D Hunting","description":"D2D was born with the idea of promoting still stalk hunting, through the distribution of quality equipment for the hunter.","publisher":{"@id":"https:\/\/d2dhunting.com\/#organization"},"potentialAction":[{"@type":"SearchAction","target":{"@type":"EntryPoint","urlTemplate":"https:\/\/d2dhunting.com\/?s={search_term_string}"},"query-input":{"@type":"PropertyValueSpecification","valueRequired":true,"valueName":"search_term_string"}}],"inLanguage":"es"},{"@type":"Organization","@id":"https:\/\/d2dhunting.com\/#organization","name":"D2D Hunting","url":"https:\/\/d2dhunting.com\/","logo":{"@type":"ImageObject","inLanguage":"es","@id":"https:\/\/d2dhunting.com\/#\/schema\/logo\/image\/","url":"https:\/\/d2dhunting.com\/wp-content\/uploads\/2023\/12\/Logo_Completo.png","contentUrl":"https:\/\/d2dhunting.com\/wp-content\/uploads\/2023\/12\/Logo_Completo.png","width":740,"height":308,"caption":"D2D Hunting"},"image":{"@id":"https:\/\/d2dhunting.com\/#\/schema\/logo\/image\/"}}]}},"brands":[{"id":31,"name":"Barronett","slug":"barronett"}],"_links":{"self":[{"href":"https:\/\/d2dhunting.com\/es\/wp-json\/wp\/v2\/product\/16844","targetHints":{"allow":["GET"]}}],"collection":[{"href":"https:\/\/d2dhunting.com\/es\/wp-json\/wp\/v2\/product"}],"about":[{"href":"https:\/\/d2dhunting.com\/es\/wp-json\/wp\/v2\/types\/product"}],"wp:featuredmedia":[{"embeddable":true,"href":"https:\/\/d2dhunting.com\/es\/wp-json\/wp\/v2\/media\/16828"}],"wp:attachment":[{"href":"https:\/\/d2dhunting.com\/es\/wp-json\/wp\/v2\/media?parent=16844"}],"wp:term":[{"taxonomy":"pwb-brand","embeddable":true,"href":"https:\/\/d2dhunting.com\/es\/wp-json\/wp\/v2\/pwb-brand?post=16844"},{"taxonomy":"product_brand","embeddable":true,"href":"https:\/\/d2dhunting.com\/es\/wp-json\/wp\/v2\/product_brand?post=16844"},{"taxonomy":"product_cat","embeddable":true,"href":"https:\/\/d2dhunting.com\/es\/wp-json\/wp\/v2\/product_cat?post=16844"},{"taxonomy":"product_tag","embeddable":true,"href":"https:\/\/d2dhunting.com\/es\/wp-json\/wp\/v2\/product_tag?post=16844"},{"taxonomy":"giftcard-category","embeddable":true,"href":"https:\/\/d2dhunting.com\/es\/wp-json\/wp\/v2\/giftcard-category?post=16844"}],"curies":[{"name":"wp","href":"https:\/\/api.w.org\/{rel}","templated":true}]}}