{"id":17125,"date":"2024-11-11T15:41:00","date_gmt":"2024-11-11T15:41:00","guid":{"rendered":"https:\/\/d2dhunting.com\/product\/steel-force-premium-100-grain-2-blade-1-1875-inch-cut\/"},"modified":"2024-11-11T15:46:30","modified_gmt":"2024-11-11T15:46:30","slug":"steel-force-premium-100-grain-2-blade-1-1875-inch-cut","status":"publish","type":"product","link":"https:\/\/d2dhunting.com\/es\/product\/steel-force-premium-100-grain-2-blade-1-1875-inch-cut\/","title":{"rendered":"STEEL FORCE PREMIUM 100 GRAIN, 2 BLADE, 1.1875-INCH CUT"},"content":{"rendered":"<p>Las Steel Force Premium son puntas fijas de 2 hojas y 100 grains construidas con el mejor acero inoxidable. Se cortan con precisi\u00f3n utilizando los \u00faltimos equipos l\u00e1ser de \u00faltima generaci\u00f3n y se templan cuidadosamente a dureza Rockwell 49-51. Cada punta se afila individualmente hasta obtener un acabado de cuchilla y luego se ensambla y prueba para obtener una uniformidad absoluta.<\/p>\n","protected":false},"excerpt":{"rendered":"<p>Las Steel Force Premium son puntas fijas de 2 hojas y 100 grains construidas con el mejor acero inoxidable. Se cortan con precisi\u00f3n utilizando los \u00faltimos equipos l\u00e1ser de \u00faltima generaci\u00f3n y se templan cuidadosamente a dureza Rockwell 49-51. Cada punta se afila individualmente hasta obtener un acabado de cuchilla y luego se ensambla y [&hellip;]<\/p>\n","protected":false},"featured_media":17235,"template":"","meta":{"_acf_changed":false},"pwb-brand":[164],"product_brand":[],"product_cat":[820,225,2854],"product_tag":[],"giftcard-category":[],"class_list":{"0":"post-17125","1":"product","2":"type-product","3":"status-publish","4":"has-post-thumbnail","6":"pwb-brand-swhacker","7":"product_cat-fijas","8":"product_cat-puntos-de-caza","9":"product_cat-swhacker-es","11":"first","12":"instock","13":"taxable","14":"shipping-taxable","15":"purchasable","16":"product-type-simple"},"acf":[],"yoast_head":"<!-- This site is optimized with the Yoast SEO plugin v27.2 - https:\/\/yoast.com\/product\/yoast-seo-wordpress\/ -->\n<title>STEEL FORCE PREMIUM 100 GRAIN, 2 BLADE, 1.1875-INCH CUT - D2D Hunting<\/title>\n<meta name=\"robots\" content=\"index, follow, max-snippet:-1, max-image-preview:large, max-video-preview:-1\" \/>\n<link rel=\"canonical\" href=\"https:\/\/d2dhunting.com\/es\/product\/steel-force-premium-100-grain-2-blade-1-1875-inch-cut\/\" \/>\n<meta property=\"og:locale\" content=\"es_ES\" \/>\n<meta property=\"og:type\" content=\"article\" \/>\n<meta property=\"og:title\" content=\"STEEL FORCE PREMIUM 100 GRAIN, 2 BLADE, 1.1875-INCH CUT - D2D Hunting\" \/>\n<meta property=\"og:description\" content=\"Las Steel Force Premium son puntas fijas de 2 hojas y 100 grains construidas con el mejor acero inoxidable. Se cortan con precisi\u00f3n utilizando los \u00faltimos equipos l\u00e1ser de \u00faltima generaci\u00f3n y se templan cuidadosamente a dureza Rockwell 49-51. Cada punta se afila individualmente hasta obtener un acabado de cuchilla y luego se ensambla y [&hellip;]\" \/>\n<meta property=\"og:url\" content=\"https:\/\/d2dhunting.com\/es\/product\/steel-force-premium-100-grain-2-blade-1-1875-inch-cut\/\" \/>\n<meta property=\"og:site_name\" content=\"D2D Hunting\" \/>\n<meta property=\"article:modified_time\" content=\"2024-11-11T15:46:30+00:00\" \/>\n<meta property=\"og:image\" content=\"https:\/\/d2dhunting.com\/wp-content\/uploads\/2024\/11\/12222.jpg\" \/>\n\t<meta property=\"og:image:width\" content=\"268\" \/>\n\t<meta property=\"og:image:height\" content=\"405\" \/>\n\t<meta property=\"og:image:type\" content=\"image\/jpeg\" \/>\n<meta name=\"twitter:card\" content=\"summary_large_image\" \/>\n<meta name=\"twitter:label1\" content=\"Tiempo de lectura\" \/>\n\t<meta name=\"twitter:data1\" content=\"1 minuto\" \/>\n<script type=\"application\/ld+json\" class=\"yoast-schema-graph\">{\"@context\":\"https:\/\/schema.org\",\"@graph\":[{\"@type\":[\"WebPage\",\"CollectionPage\"],\"@id\":\"https:\/\/d2dhunting.com\/es\/product\/steel-force-premium-100-grain-2-blade-1-1875-inch-cut\/\",\"url\":\"https:\/\/d2dhunting.com\/es\/product\/steel-force-premium-100-grain-2-blade-1-1875-inch-cut\/\",\"name\":\"STEEL FORCE PREMIUM 100 GRAIN, 2 BLADE, 1.1875-INCH CUT - D2D Hunting\",\"isPartOf\":{\"@id\":\"https:\/\/d2dhunting.com\/#website\"},\"primaryImageOfPage\":{\"@id\":\"https:\/\/d2dhunting.com\/es\/product\/steel-force-premium-100-grain-2-blade-1-1875-inch-cut\/#primaryimage\"},\"image\":{\"@id\":\"https:\/\/d2dhunting.com\/es\/product\/steel-force-premium-100-grain-2-blade-1-1875-inch-cut\/#primaryimage\"},\"thumbnailUrl\":\"https:\/\/d2dhunting.com\/wp-content\/uploads\/2024\/11\/21003-Web_1.webp\",\"datePublished\":\"2024-11-11T15:41:00+00:00\",\"dateModified\":\"2024-11-11T15:46:30+00:00\",\"breadcrumb\":{\"@id\":\"https:\/\/d2dhunting.com\/es\/product\/steel-force-premium-100-grain-2-blade-1-1875-inch-cut\/#breadcrumb\"},\"inLanguage\":\"es\"},{\"@type\":\"ImageObject\",\"inLanguage\":\"es\",\"@id\":\"https:\/\/d2dhunting.com\/es\/product\/steel-force-premium-100-grain-2-blade-1-1875-inch-cut\/#primaryimage\",\"url\":\"https:\/\/d2dhunting.com\/wp-content\/uploads\/2024\/11\/21003-Web_1.webp\",\"contentUrl\":\"https:\/\/d2dhunting.com\/wp-content\/uploads\/2024\/11\/21003-Web_1.webp\",\"width\":1000,\"height\":1000},{\"@type\":\"BreadcrumbList\",\"@id\":\"https:\/\/d2dhunting.com\/es\/product\/steel-force-premium-100-grain-2-blade-1-1875-inch-cut\/#breadcrumb\",\"itemListElement\":[{\"@type\":\"ListItem\",\"position\":1,\"name\":\"Home\",\"item\":\"https:\/\/d2dhunting.com\/es\/\"},{\"@type\":\"ListItem\",\"position\":2,\"name\":\"Tienda ES\",\"item\":\"https:\/\/d2dhunting.com\/es\/tienda-2\/\"},{\"@type\":\"ListItem\",\"position\":3,\"name\":\"STEEL FORCE PREMIUM 100 GRAIN, 2 BLADE, 1.1875-INCH CUT\"}]},{\"@type\":\"WebSite\",\"@id\":\"https:\/\/d2dhunting.com\/#website\",\"url\":\"https:\/\/d2dhunting.com\/\",\"name\":\"D2D Hunting\",\"description\":\"D2D was born with the idea of promoting still stalk hunting, through the distribution of quality equipment for the hunter.\",\"publisher\":{\"@id\":\"https:\/\/d2dhunting.com\/#organization\"},\"potentialAction\":[{\"@type\":\"SearchAction\",\"target\":{\"@type\":\"EntryPoint\",\"urlTemplate\":\"https:\/\/d2dhunting.com\/?s={search_term_string}\"},\"query-input\":{\"@type\":\"PropertyValueSpecification\",\"valueRequired\":true,\"valueName\":\"search_term_string\"}}],\"inLanguage\":\"es\"},{\"@type\":\"Organization\",\"@id\":\"https:\/\/d2dhunting.com\/#organization\",\"name\":\"D2D Hunting\",\"url\":\"https:\/\/d2dhunting.com\/\",\"logo\":{\"@type\":\"ImageObject\",\"inLanguage\":\"es\",\"@id\":\"https:\/\/d2dhunting.com\/#\/schema\/logo\/image\/\",\"url\":\"https:\/\/d2dhunting.com\/wp-content\/uploads\/2023\/12\/Logo_Completo.png\",\"contentUrl\":\"https:\/\/d2dhunting.com\/wp-content\/uploads\/2023\/12\/Logo_Completo.png\",\"width\":740,\"height\":308,\"caption\":\"D2D Hunting\"},\"image\":{\"@id\":\"https:\/\/d2dhunting.com\/#\/schema\/logo\/image\/\"}}]}<\/script>\n<!-- \/ Yoast SEO plugin. -->","yoast_head_json":{"title":"STEEL FORCE PREMIUM 100 GRAIN, 2 BLADE, 1.1875-INCH CUT - D2D Hunting","robots":{"index":"index","follow":"follow","max-snippet":"max-snippet:-1","max-image-preview":"max-image-preview:large","max-video-preview":"max-video-preview:-1"},"canonical":"https:\/\/d2dhunting.com\/es\/product\/steel-force-premium-100-grain-2-blade-1-1875-inch-cut\/","og_locale":"es_ES","og_type":"article","og_title":"STEEL FORCE PREMIUM 100 GRAIN, 2 BLADE, 1.1875-INCH CUT - D2D Hunting","og_description":"Las Steel Force Premium son puntas fijas de 2 hojas y 100 grains construidas con el mejor acero inoxidable. Se cortan con precisi\u00f3n utilizando los \u00faltimos equipos l\u00e1ser de \u00faltima generaci\u00f3n y se templan cuidadosamente a dureza Rockwell 49-51. Cada punta se afila individualmente hasta obtener un acabado de cuchilla y luego se ensambla y [&hellip;]","og_url":"https:\/\/d2dhunting.com\/es\/product\/steel-force-premium-100-grain-2-blade-1-1875-inch-cut\/","og_site_name":"D2D Hunting","article_modified_time":"2024-11-11T15:46:30+00:00","og_image":[{"width":268,"height":405,"url":"https:\/\/d2dhunting.com\/wp-content\/uploads\/2024\/11\/12222.jpg","type":"image\/jpeg"}],"twitter_card":"summary_large_image","twitter_misc":{"Tiempo de lectura":"1 minuto"},"schema":{"@context":"https:\/\/schema.org","@graph":[{"@type":["WebPage","CollectionPage"],"@id":"https:\/\/d2dhunting.com\/es\/product\/steel-force-premium-100-grain-2-blade-1-1875-inch-cut\/","url":"https:\/\/d2dhunting.com\/es\/product\/steel-force-premium-100-grain-2-blade-1-1875-inch-cut\/","name":"STEEL FORCE PREMIUM 100 GRAIN, 2 BLADE, 1.1875-INCH CUT - D2D Hunting","isPartOf":{"@id":"https:\/\/d2dhunting.com\/#website"},"primaryImageOfPage":{"@id":"https:\/\/d2dhunting.com\/es\/product\/steel-force-premium-100-grain-2-blade-1-1875-inch-cut\/#primaryimage"},"image":{"@id":"https:\/\/d2dhunting.com\/es\/product\/steel-force-premium-100-grain-2-blade-1-1875-inch-cut\/#primaryimage"},"thumbnailUrl":"https:\/\/d2dhunting.com\/wp-content\/uploads\/2024\/11\/21003-Web_1.webp","datePublished":"2024-11-11T15:41:00+00:00","dateModified":"2024-11-11T15:46:30+00:00","breadcrumb":{"@id":"https:\/\/d2dhunting.com\/es\/product\/steel-force-premium-100-grain-2-blade-1-1875-inch-cut\/#breadcrumb"},"inLanguage":"es"},{"@type":"ImageObject","inLanguage":"es","@id":"https:\/\/d2dhunting.com\/es\/product\/steel-force-premium-100-grain-2-blade-1-1875-inch-cut\/#primaryimage","url":"https:\/\/d2dhunting.com\/wp-content\/uploads\/2024\/11\/21003-Web_1.webp","contentUrl":"https:\/\/d2dhunting.com\/wp-content\/uploads\/2024\/11\/21003-Web_1.webp","width":1000,"height":1000},{"@type":"BreadcrumbList","@id":"https:\/\/d2dhunting.com\/es\/product\/steel-force-premium-100-grain-2-blade-1-1875-inch-cut\/#breadcrumb","itemListElement":[{"@type":"ListItem","position":1,"name":"Home","item":"https:\/\/d2dhunting.com\/es\/"},{"@type":"ListItem","position":2,"name":"Tienda ES","item":"https:\/\/d2dhunting.com\/es\/tienda-2\/"},{"@type":"ListItem","position":3,"name":"STEEL FORCE PREMIUM 100 GRAIN, 2 BLADE, 1.1875-INCH CUT"}]},{"@type":"WebSite","@id":"https:\/\/d2dhunting.com\/#website","url":"https:\/\/d2dhunting.com\/","name":"D2D Hunting","description":"D2D was born with the idea of promoting still stalk hunting, through the distribution of quality equipment for the hunter.","publisher":{"@id":"https:\/\/d2dhunting.com\/#organization"},"potentialAction":[{"@type":"SearchAction","target":{"@type":"EntryPoint","urlTemplate":"https:\/\/d2dhunting.com\/?s={search_term_string}"},"query-input":{"@type":"PropertyValueSpecification","valueRequired":true,"valueName":"search_term_string"}}],"inLanguage":"es"},{"@type":"Organization","@id":"https:\/\/d2dhunting.com\/#organization","name":"D2D Hunting","url":"https:\/\/d2dhunting.com\/","logo":{"@type":"ImageObject","inLanguage":"es","@id":"https:\/\/d2dhunting.com\/#\/schema\/logo\/image\/","url":"https:\/\/d2dhunting.com\/wp-content\/uploads\/2023\/12\/Logo_Completo.png","contentUrl":"https:\/\/d2dhunting.com\/wp-content\/uploads\/2023\/12\/Logo_Completo.png","width":740,"height":308,"caption":"D2D Hunting"},"image":{"@id":"https:\/\/d2dhunting.com\/#\/schema\/logo\/image\/"}}]}},"brands":[{"id":164,"name":"SWHACKER","slug":"swhacker"}],"_links":{"self":[{"href":"https:\/\/d2dhunting.com\/es\/wp-json\/wp\/v2\/product\/17125","targetHints":{"allow":["GET"]}}],"collection":[{"href":"https:\/\/d2dhunting.com\/es\/wp-json\/wp\/v2\/product"}],"about":[{"href":"https:\/\/d2dhunting.com\/es\/wp-json\/wp\/v2\/types\/product"}],"wp:featuredmedia":[{"embeddable":true,"href":"https:\/\/d2dhunting.com\/es\/wp-json\/wp\/v2\/media\/17235"}],"wp:attachment":[{"href":"https:\/\/d2dhunting.com\/es\/wp-json\/wp\/v2\/media?parent=17125"}],"wp:term":[{"taxonomy":"pwb-brand","embeddable":true,"href":"https:\/\/d2dhunting.com\/es\/wp-json\/wp\/v2\/pwb-brand?post=17125"},{"taxonomy":"product_brand","embeddable":true,"href":"https:\/\/d2dhunting.com\/es\/wp-json\/wp\/v2\/product_brand?post=17125"},{"taxonomy":"product_cat","embeddable":true,"href":"https:\/\/d2dhunting.com\/es\/wp-json\/wp\/v2\/product_cat?post=17125"},{"taxonomy":"product_tag","embeddable":true,"href":"https:\/\/d2dhunting.com\/es\/wp-json\/wp\/v2\/product_tag?post=17125"},{"taxonomy":"giftcard-category","embeddable":true,"href":"https:\/\/d2dhunting.com\/es\/wp-json\/wp\/v2\/giftcard-category?post=17125"}],"curies":[{"name":"wp","href":"https:\/\/api.w.org\/{rel}","templated":true}]}}