{"id":17357,"date":"2024-12-10T08:07:59","date_gmt":"2024-12-10T08:07:59","guid":{"rendered":"https:\/\/d2dhunting.com\/product\/profile-saddle-platform\/"},"modified":"2026-01-27T19:32:30","modified_gmt":"2026-01-27T19:32:30","slug":"profile-saddle-platform","status":"publish","type":"product","link":"https:\/\/d2dhunting.com\/es\/product\/profile-saddle-platform\/","title":{"rendered":"Profile Gen 2 Saddle Platform"},"content":{"rendered":"<p>La Plataforma Profile es la primera plataforma de saddle, que ofrece un perfil compacto inigualable. Con un borde delantero en \u00e1ngulo para eliminar la fatiga del pie y un mando de ajuste de f\u00e1cil acceso que se puede accionar con el pie, la Plataforma Profile garantiza la m\u00e1xima comodidad y capacidad de carga. Su dise\u00f1o de poste empotrado y su perfil ultrafino la convierten en la plataforma m\u00e1s compacta del mercado. Con una banda de rodadura de tracci\u00f3n que proporciona agarre en todas las condiciones meteorol\u00f3gicas, la Plataforma Profile es perfecta para los cazadores que priorizan la movilidad pero no quieren sacrificar la comodidad.<\/p>\n","protected":false},"excerpt":{"rendered":"<p>La Plataforma Profile es la primera plataforma de saddle, que ofrece un perfil compacto inigualable. Con un borde delantero en \u00e1ngulo para eliminar la fatiga del pie y un mando de ajuste de f\u00e1cil acceso que se puede accionar con el pie, la Plataforma Profile garantiza la m\u00e1xima comodidad y capacidad de carga. Su dise\u00f1o [&hellip;]<\/p>\n","protected":false},"featured_media":17334,"template":"","meta":{"_acf_changed":false},"pwb-brand":[],"product_brand":[],"product_cat":[201,1001],"product_tag":[],"giftcard-category":[],"class_list":{"0":"post-17357","1":"product","2":"type-product","3":"status-publish","4":"has-post-thumbnail","6":"product_cat-plataformas-y-peldanos","7":"product_cat-saddle","9":"first","10":"instock","11":"taxable","12":"shipping-taxable","13":"purchasable","14":"product-type-simple"},"acf":[],"yoast_head":"<!-- This site is optimized with the Yoast SEO plugin v27.2 - https:\/\/yoast.com\/product\/yoast-seo-wordpress\/ -->\n<title>Profile Gen 2 Saddle Platform - D2D Hunting<\/title>\n<meta name=\"description\" content=\"La Plataforma Profile es la primera plataforma de saddle, que ofrece un perfil compacto inigualable, Con un borde delantero para eliminar la fatiga del pie\" \/>\n<meta name=\"robots\" content=\"index, follow, max-snippet:-1, max-image-preview:large, max-video-preview:-1\" \/>\n<link rel=\"canonical\" href=\"https:\/\/d2dhunting.com\/es\/product\/profile-saddle-platform\/\" \/>\n<meta property=\"og:locale\" content=\"es_ES\" \/>\n<meta property=\"og:type\" content=\"article\" \/>\n<meta property=\"og:title\" content=\"Profile Gen 2 Saddle Platform - D2D Hunting\" \/>\n<meta property=\"og:description\" content=\"La Plataforma Profile es la primera plataforma de saddle, que ofrece un perfil compacto inigualable, Con un borde delantero para eliminar la fatiga del pie\" \/>\n<meta property=\"og:url\" content=\"https:\/\/d2dhunting.com\/es\/product\/profile-saddle-platform\/\" \/>\n<meta property=\"og:site_name\" content=\"D2D Hunting\" \/>\n<meta property=\"article:modified_time\" content=\"2026-01-27T19:32:30+00:00\" \/>\n<meta property=\"og:image\" content=\"https:\/\/d2dhunting.com\/wp-content\/uploads\/2024\/12\/platform-profile.webp\" \/>\n\t<meta property=\"og:image:width\" content=\"800\" \/>\n\t<meta property=\"og:image:height\" content=\"800\" \/>\n\t<meta property=\"og:image:type\" content=\"image\/webp\" \/>\n<meta name=\"twitter:card\" content=\"summary_large_image\" \/>\n<meta name=\"twitter:label1\" content=\"Tiempo de lectura\" \/>\n\t<meta name=\"twitter:data1\" content=\"1 minuto\" \/>\n<script type=\"application\/ld+json\" class=\"yoast-schema-graph\">{\"@context\":\"https:\/\/schema.org\",\"@graph\":[{\"@type\":[\"WebPage\",\"CollectionPage\"],\"@id\":\"https:\/\/d2dhunting.com\/es\/product\/profile-saddle-platform\/\",\"url\":\"https:\/\/d2dhunting.com\/es\/product\/profile-saddle-platform\/\",\"name\":\"Profile Gen 2 Saddle Platform - D2D Hunting\",\"isPartOf\":{\"@id\":\"https:\/\/d2dhunting.com\/#website\"},\"primaryImageOfPage\":{\"@id\":\"https:\/\/d2dhunting.com\/es\/product\/profile-saddle-platform\/#primaryimage\"},\"image\":{\"@id\":\"https:\/\/d2dhunting.com\/es\/product\/profile-saddle-platform\/#primaryimage\"},\"thumbnailUrl\":\"https:\/\/d2dhunting.com\/wp-content\/uploads\/2024\/12\/platform-profile.webp\",\"datePublished\":\"2024-12-10T08:07:59+00:00\",\"dateModified\":\"2026-01-27T19:32:30+00:00\",\"description\":\"La Plataforma Profile es la primera plataforma de saddle, que ofrece un perfil compacto inigualable, Con un borde delantero para eliminar la fatiga del pie\",\"breadcrumb\":{\"@id\":\"https:\/\/d2dhunting.com\/es\/product\/profile-saddle-platform\/#breadcrumb\"},\"inLanguage\":\"es\"},{\"@type\":\"ImageObject\",\"inLanguage\":\"es\",\"@id\":\"https:\/\/d2dhunting.com\/es\/product\/profile-saddle-platform\/#primaryimage\",\"url\":\"https:\/\/d2dhunting.com\/wp-content\/uploads\/2024\/12\/platform-profile.webp\",\"contentUrl\":\"https:\/\/d2dhunting.com\/wp-content\/uploads\/2024\/12\/platform-profile.webp\",\"width\":800,\"height\":800},{\"@type\":\"BreadcrumbList\",\"@id\":\"https:\/\/d2dhunting.com\/es\/product\/profile-saddle-platform\/#breadcrumb\",\"itemListElement\":[{\"@type\":\"ListItem\",\"position\":1,\"name\":\"Home\",\"item\":\"https:\/\/d2dhunting.com\/es\/\"},{\"@type\":\"ListItem\",\"position\":2,\"name\":\"Tienda ES\",\"item\":\"https:\/\/d2dhunting.com\/es\/tienda-2\/\"},{\"@type\":\"ListItem\",\"position\":3,\"name\":\"Profile Gen 2 Saddle Platform\"}]},{\"@type\":\"WebSite\",\"@id\":\"https:\/\/d2dhunting.com\/#website\",\"url\":\"https:\/\/d2dhunting.com\/\",\"name\":\"D2D Hunting\",\"description\":\"D2D was born with the idea of promoting still stalk hunting, through the distribution of quality equipment for the hunter.\",\"publisher\":{\"@id\":\"https:\/\/d2dhunting.com\/#organization\"},\"potentialAction\":[{\"@type\":\"SearchAction\",\"target\":{\"@type\":\"EntryPoint\",\"urlTemplate\":\"https:\/\/d2dhunting.com\/?s={search_term_string}\"},\"query-input\":{\"@type\":\"PropertyValueSpecification\",\"valueRequired\":true,\"valueName\":\"search_term_string\"}}],\"inLanguage\":\"es\"},{\"@type\":\"Organization\",\"@id\":\"https:\/\/d2dhunting.com\/#organization\",\"name\":\"D2D Hunting\",\"url\":\"https:\/\/d2dhunting.com\/\",\"logo\":{\"@type\":\"ImageObject\",\"inLanguage\":\"es\",\"@id\":\"https:\/\/d2dhunting.com\/#\/schema\/logo\/image\/\",\"url\":\"https:\/\/d2dhunting.com\/wp-content\/uploads\/2023\/12\/Logo_Completo.png\",\"contentUrl\":\"https:\/\/d2dhunting.com\/wp-content\/uploads\/2023\/12\/Logo_Completo.png\",\"width\":740,\"height\":308,\"caption\":\"D2D Hunting\"},\"image\":{\"@id\":\"https:\/\/d2dhunting.com\/#\/schema\/logo\/image\/\"}}]}<\/script>\n<!-- \/ Yoast SEO plugin. -->","yoast_head_json":{"title":"Profile Gen 2 Saddle Platform - D2D Hunting","description":"La Plataforma Profile es la primera plataforma de saddle, que ofrece un perfil compacto inigualable, Con un borde delantero para eliminar la fatiga del pie","robots":{"index":"index","follow":"follow","max-snippet":"max-snippet:-1","max-image-preview":"max-image-preview:large","max-video-preview":"max-video-preview:-1"},"canonical":"https:\/\/d2dhunting.com\/es\/product\/profile-saddle-platform\/","og_locale":"es_ES","og_type":"article","og_title":"Profile Gen 2 Saddle Platform - D2D Hunting","og_description":"La Plataforma Profile es la primera plataforma de saddle, que ofrece un perfil compacto inigualable, Con un borde delantero para eliminar la fatiga del pie","og_url":"https:\/\/d2dhunting.com\/es\/product\/profile-saddle-platform\/","og_site_name":"D2D Hunting","article_modified_time":"2026-01-27T19:32:30+00:00","og_image":[{"width":800,"height":800,"url":"https:\/\/d2dhunting.com\/wp-content\/uploads\/2024\/12\/platform-profile.webp","type":"image\/webp"}],"twitter_card":"summary_large_image","twitter_misc":{"Tiempo de lectura":"1 minuto"},"schema":{"@context":"https:\/\/schema.org","@graph":[{"@type":["WebPage","CollectionPage"],"@id":"https:\/\/d2dhunting.com\/es\/product\/profile-saddle-platform\/","url":"https:\/\/d2dhunting.com\/es\/product\/profile-saddle-platform\/","name":"Profile Gen 2 Saddle Platform - D2D Hunting","isPartOf":{"@id":"https:\/\/d2dhunting.com\/#website"},"primaryImageOfPage":{"@id":"https:\/\/d2dhunting.com\/es\/product\/profile-saddle-platform\/#primaryimage"},"image":{"@id":"https:\/\/d2dhunting.com\/es\/product\/profile-saddle-platform\/#primaryimage"},"thumbnailUrl":"https:\/\/d2dhunting.com\/wp-content\/uploads\/2024\/12\/platform-profile.webp","datePublished":"2024-12-10T08:07:59+00:00","dateModified":"2026-01-27T19:32:30+00:00","description":"La Plataforma Profile es la primera plataforma de saddle, que ofrece un perfil compacto inigualable, Con un borde delantero para eliminar la fatiga del pie","breadcrumb":{"@id":"https:\/\/d2dhunting.com\/es\/product\/profile-saddle-platform\/#breadcrumb"},"inLanguage":"es"},{"@type":"ImageObject","inLanguage":"es","@id":"https:\/\/d2dhunting.com\/es\/product\/profile-saddle-platform\/#primaryimage","url":"https:\/\/d2dhunting.com\/wp-content\/uploads\/2024\/12\/platform-profile.webp","contentUrl":"https:\/\/d2dhunting.com\/wp-content\/uploads\/2024\/12\/platform-profile.webp","width":800,"height":800},{"@type":"BreadcrumbList","@id":"https:\/\/d2dhunting.com\/es\/product\/profile-saddle-platform\/#breadcrumb","itemListElement":[{"@type":"ListItem","position":1,"name":"Home","item":"https:\/\/d2dhunting.com\/es\/"},{"@type":"ListItem","position":2,"name":"Tienda ES","item":"https:\/\/d2dhunting.com\/es\/tienda-2\/"},{"@type":"ListItem","position":3,"name":"Profile Gen 2 Saddle Platform"}]},{"@type":"WebSite","@id":"https:\/\/d2dhunting.com\/#website","url":"https:\/\/d2dhunting.com\/","name":"D2D Hunting","description":"D2D was born with the idea of promoting still stalk hunting, through the distribution of quality equipment for the hunter.","publisher":{"@id":"https:\/\/d2dhunting.com\/#organization"},"potentialAction":[{"@type":"SearchAction","target":{"@type":"EntryPoint","urlTemplate":"https:\/\/d2dhunting.com\/?s={search_term_string}"},"query-input":{"@type":"PropertyValueSpecification","valueRequired":true,"valueName":"search_term_string"}}],"inLanguage":"es"},{"@type":"Organization","@id":"https:\/\/d2dhunting.com\/#organization","name":"D2D Hunting","url":"https:\/\/d2dhunting.com\/","logo":{"@type":"ImageObject","inLanguage":"es","@id":"https:\/\/d2dhunting.com\/#\/schema\/logo\/image\/","url":"https:\/\/d2dhunting.com\/wp-content\/uploads\/2023\/12\/Logo_Completo.png","contentUrl":"https:\/\/d2dhunting.com\/wp-content\/uploads\/2023\/12\/Logo_Completo.png","width":740,"height":308,"caption":"D2D Hunting"},"image":{"@id":"https:\/\/d2dhunting.com\/#\/schema\/logo\/image\/"}}]}},"brands":[],"_links":{"self":[{"href":"https:\/\/d2dhunting.com\/es\/wp-json\/wp\/v2\/product\/17357","targetHints":{"allow":["GET"]}}],"collection":[{"href":"https:\/\/d2dhunting.com\/es\/wp-json\/wp\/v2\/product"}],"about":[{"href":"https:\/\/d2dhunting.com\/es\/wp-json\/wp\/v2\/types\/product"}],"wp:featuredmedia":[{"embeddable":true,"href":"https:\/\/d2dhunting.com\/es\/wp-json\/wp\/v2\/media\/17334"}],"wp:attachment":[{"href":"https:\/\/d2dhunting.com\/es\/wp-json\/wp\/v2\/media?parent=17357"}],"wp:term":[{"taxonomy":"pwb-brand","embeddable":true,"href":"https:\/\/d2dhunting.com\/es\/wp-json\/wp\/v2\/pwb-brand?post=17357"},{"taxonomy":"product_brand","embeddable":true,"href":"https:\/\/d2dhunting.com\/es\/wp-json\/wp\/v2\/product_brand?post=17357"},{"taxonomy":"product_cat","embeddable":true,"href":"https:\/\/d2dhunting.com\/es\/wp-json\/wp\/v2\/product_cat?post=17357"},{"taxonomy":"product_tag","embeddable":true,"href":"https:\/\/d2dhunting.com\/es\/wp-json\/wp\/v2\/product_tag?post=17357"},{"taxonomy":"giftcard-category","embeddable":true,"href":"https:\/\/d2dhunting.com\/es\/wp-json\/wp\/v2\/giftcard-category?post=17357"}],"curies":[{"name":"wp","href":"https:\/\/api.w.org\/{rel}","templated":true}]}}