{"id":17532,"date":"2024-12-16T09:35:38","date_gmt":"2024-12-16T09:35:38","guid":{"rendered":"https:\/\/d2dhunting.com\/product\/lonestar-saddle\/"},"modified":"2025-01-14T15:56:42","modified_gmt":"2025-01-14T15:56:42","slug":"lonestar-saddle","status":"publish","type":"product","link":"https:\/\/d2dhunting.com\/es\/product\/lonestar-saddle\/","title":{"rendered":"Lonestar Saddle"},"content":{"rendered":"<p>El Saddle lonestar est\u00e1 dise\u00f1ado para ofrecer la m\u00e1xima comodidad y es el sill\u00edn m\u00e1s sofisticado y con m\u00e1s funciones que jam\u00e1s haya existido. Este saddle establece un nuevo est\u00e1ndar de comodidad, con nuestra patente pendiente Cradle Chassis construida con cinchas de 4 pulgadas que proporcionan el doble de superficie de apoyo, redefiniendo lo que es la comodidad en un sill\u00edn. Esto combinado con el Stretch Pleat del Lonestar asegura una perfecta distribuci\u00f3n del peso y un ajuste perfecto para cualquier tipo de cuerpo.<\/p>\n<p>El dise\u00f1o tambi\u00e9n cuenta con un exclusivo Sistema de Reducci\u00f3n de Pellizcos en la Cadera que evita que el sill\u00edn se colapse sobre s\u00ed mismo y asegura una tracci\u00f3n uniforme desde la parte superior, inferior y central del sill\u00edn &#8211; no m\u00e1s puntos de presi\u00f3n, s\u00f3lo un apoyo s\u00f3lido e inquebrantable. En el interior, lo hemos forrado con Airflow Padding transpirable que te mantiene fresco en condiciones clim\u00e1ticas c\u00e1lidas. El Lonestar es \u00abAmbi-Beltrous\u00bb, lo que significa que puede utilizar nuestro cintur\u00f3n de cuerda o un cintur\u00f3n de hebilla est\u00e1ndar. Viene de serie con nuestro cintur\u00f3n de cuerda sin metal, pero si ese no es tu estilo, tambi\u00e9n est\u00e1 preparada para funcionar con un cintur\u00f3n de hebilla est\u00e1ndar.<\/p>\n","protected":false},"excerpt":{"rendered":"<p>The Lonestar single-panel saddle is designed for maximum comfort and is the most feature-rich, sophisticated saddle to ever exist.<\/p>\n","protected":false},"featured_media":17511,"template":"","meta":{"_acf_changed":false},"pwb-brand":[837],"product_brand":[],"product_cat":[1001,229],"product_tag":[],"giftcard-category":[],"class_list":{"0":"post-17532","1":"product","2":"type-product","3":"status-publish","4":"has-post-thumbnail","6":"pwb-brand-latitude","7":"product_cat-saddle","8":"product_cat-saddles-and-starter-kits-es","10":"first","11":"instock","12":"taxable","13":"shipping-taxable","14":"purchasable","15":"product-type-variable"},"acf":[],"yoast_head":"<!-- This site is optimized with the Yoast SEO plugin v27.2 - https:\/\/yoast.com\/product\/yoast-seo-wordpress\/ -->\n<title>Lonestar Saddle - D2D Hunting<\/title>\n<meta name=\"robots\" content=\"index, follow, max-snippet:-1, max-image-preview:large, max-video-preview:-1\" \/>\n<link rel=\"canonical\" href=\"https:\/\/d2dhunting.com\/es\/product\/lonestar-saddle\/\" \/>\n<meta property=\"og:locale\" content=\"es_ES\" \/>\n<meta property=\"og:type\" content=\"article\" \/>\n<meta property=\"og:title\" content=\"Lonestar Saddle - D2D Hunting\" \/>\n<meta property=\"og:description\" content=\"The Lonestar single-panel saddle is designed for maximum comfort and is the most feature-rich, sophisticated saddle to ever exist.\" \/>\n<meta property=\"og:url\" content=\"https:\/\/d2dhunting.com\/es\/product\/lonestar-saddle\/\" \/>\n<meta property=\"og:site_name\" content=\"D2D Hunting\" \/>\n<meta property=\"article:modified_time\" content=\"2025-01-14T15:56:42+00:00\" \/>\n<meta property=\"og:image\" content=\"https:\/\/d2dhunting.com\/wp-content\/uploads\/2024\/12\/lonestar-p1-1.webp\" \/>\n\t<meta property=\"og:image:width\" content=\"800\" \/>\n\t<meta property=\"og:image:height\" content=\"800\" \/>\n\t<meta property=\"og:image:type\" content=\"image\/webp\" \/>\n<meta name=\"twitter:card\" content=\"summary_large_image\" \/>\n<meta name=\"twitter:label1\" content=\"Tiempo de lectura\" \/>\n\t<meta name=\"twitter:data1\" content=\"2 minutos\" \/>\n<script type=\"application\/ld+json\" class=\"yoast-schema-graph\">{\"@context\":\"https:\/\/schema.org\",\"@graph\":[{\"@type\":[\"WebPage\",\"CollectionPage\"],\"@id\":\"https:\/\/d2dhunting.com\/es\/product\/lonestar-saddle\/\",\"url\":\"https:\/\/d2dhunting.com\/es\/product\/lonestar-saddle\/\",\"name\":\"Lonestar Saddle - D2D Hunting\",\"isPartOf\":{\"@id\":\"https:\/\/d2dhunting.com\/#website\"},\"primaryImageOfPage\":{\"@id\":\"https:\/\/d2dhunting.com\/es\/product\/lonestar-saddle\/#primaryimage\"},\"image\":{\"@id\":\"https:\/\/d2dhunting.com\/es\/product\/lonestar-saddle\/#primaryimage\"},\"thumbnailUrl\":\"https:\/\/d2dhunting.com\/wp-content\/uploads\/2024\/12\/lonestar-p1-1.webp\",\"datePublished\":\"2024-12-16T09:35:38+00:00\",\"dateModified\":\"2025-01-14T15:56:42+00:00\",\"breadcrumb\":{\"@id\":\"https:\/\/d2dhunting.com\/es\/product\/lonestar-saddle\/#breadcrumb\"},\"inLanguage\":\"es\"},{\"@type\":\"ImageObject\",\"inLanguage\":\"es\",\"@id\":\"https:\/\/d2dhunting.com\/es\/product\/lonestar-saddle\/#primaryimage\",\"url\":\"https:\/\/d2dhunting.com\/wp-content\/uploads\/2024\/12\/lonestar-p1-1.webp\",\"contentUrl\":\"https:\/\/d2dhunting.com\/wp-content\/uploads\/2024\/12\/lonestar-p1-1.webp\",\"width\":800,\"height\":800},{\"@type\":\"BreadcrumbList\",\"@id\":\"https:\/\/d2dhunting.com\/es\/product\/lonestar-saddle\/#breadcrumb\",\"itemListElement\":[{\"@type\":\"ListItem\",\"position\":1,\"name\":\"Home\",\"item\":\"https:\/\/d2dhunting.com\/es\/\"},{\"@type\":\"ListItem\",\"position\":2,\"name\":\"Tienda ES\",\"item\":\"https:\/\/d2dhunting.com\/es\/tienda-2\/\"},{\"@type\":\"ListItem\",\"position\":3,\"name\":\"Lonestar Saddle\"}]},{\"@type\":\"WebSite\",\"@id\":\"https:\/\/d2dhunting.com\/#website\",\"url\":\"https:\/\/d2dhunting.com\/\",\"name\":\"D2D Hunting\",\"description\":\"D2D was born with the idea of promoting still stalk hunting, through the distribution of quality equipment for the hunter.\",\"publisher\":{\"@id\":\"https:\/\/d2dhunting.com\/#organization\"},\"potentialAction\":[{\"@type\":\"SearchAction\",\"target\":{\"@type\":\"EntryPoint\",\"urlTemplate\":\"https:\/\/d2dhunting.com\/?s={search_term_string}\"},\"query-input\":{\"@type\":\"PropertyValueSpecification\",\"valueRequired\":true,\"valueName\":\"search_term_string\"}}],\"inLanguage\":\"es\"},{\"@type\":\"Organization\",\"@id\":\"https:\/\/d2dhunting.com\/#organization\",\"name\":\"D2D Hunting\",\"url\":\"https:\/\/d2dhunting.com\/\",\"logo\":{\"@type\":\"ImageObject\",\"inLanguage\":\"es\",\"@id\":\"https:\/\/d2dhunting.com\/#\/schema\/logo\/image\/\",\"url\":\"https:\/\/d2dhunting.com\/wp-content\/uploads\/2023\/12\/Logo_Completo.png\",\"contentUrl\":\"https:\/\/d2dhunting.com\/wp-content\/uploads\/2023\/12\/Logo_Completo.png\",\"width\":740,\"height\":308,\"caption\":\"D2D Hunting\"},\"image\":{\"@id\":\"https:\/\/d2dhunting.com\/#\/schema\/logo\/image\/\"}}]}<\/script>\n<!-- \/ Yoast SEO plugin. -->","yoast_head_json":{"title":"Lonestar Saddle - D2D Hunting","robots":{"index":"index","follow":"follow","max-snippet":"max-snippet:-1","max-image-preview":"max-image-preview:large","max-video-preview":"max-video-preview:-1"},"canonical":"https:\/\/d2dhunting.com\/es\/product\/lonestar-saddle\/","og_locale":"es_ES","og_type":"article","og_title":"Lonestar Saddle - D2D Hunting","og_description":"The Lonestar single-panel saddle is designed for maximum comfort and is the most feature-rich, sophisticated saddle to ever exist.","og_url":"https:\/\/d2dhunting.com\/es\/product\/lonestar-saddle\/","og_site_name":"D2D Hunting","article_modified_time":"2025-01-14T15:56:42+00:00","og_image":[{"width":800,"height":800,"url":"https:\/\/d2dhunting.com\/wp-content\/uploads\/2024\/12\/lonestar-p1-1.webp","type":"image\/webp"}],"twitter_card":"summary_large_image","twitter_misc":{"Tiempo de lectura":"2 minutos"},"schema":{"@context":"https:\/\/schema.org","@graph":[{"@type":["WebPage","CollectionPage"],"@id":"https:\/\/d2dhunting.com\/es\/product\/lonestar-saddle\/","url":"https:\/\/d2dhunting.com\/es\/product\/lonestar-saddle\/","name":"Lonestar Saddle - D2D Hunting","isPartOf":{"@id":"https:\/\/d2dhunting.com\/#website"},"primaryImageOfPage":{"@id":"https:\/\/d2dhunting.com\/es\/product\/lonestar-saddle\/#primaryimage"},"image":{"@id":"https:\/\/d2dhunting.com\/es\/product\/lonestar-saddle\/#primaryimage"},"thumbnailUrl":"https:\/\/d2dhunting.com\/wp-content\/uploads\/2024\/12\/lonestar-p1-1.webp","datePublished":"2024-12-16T09:35:38+00:00","dateModified":"2025-01-14T15:56:42+00:00","breadcrumb":{"@id":"https:\/\/d2dhunting.com\/es\/product\/lonestar-saddle\/#breadcrumb"},"inLanguage":"es"},{"@type":"ImageObject","inLanguage":"es","@id":"https:\/\/d2dhunting.com\/es\/product\/lonestar-saddle\/#primaryimage","url":"https:\/\/d2dhunting.com\/wp-content\/uploads\/2024\/12\/lonestar-p1-1.webp","contentUrl":"https:\/\/d2dhunting.com\/wp-content\/uploads\/2024\/12\/lonestar-p1-1.webp","width":800,"height":800},{"@type":"BreadcrumbList","@id":"https:\/\/d2dhunting.com\/es\/product\/lonestar-saddle\/#breadcrumb","itemListElement":[{"@type":"ListItem","position":1,"name":"Home","item":"https:\/\/d2dhunting.com\/es\/"},{"@type":"ListItem","position":2,"name":"Tienda ES","item":"https:\/\/d2dhunting.com\/es\/tienda-2\/"},{"@type":"ListItem","position":3,"name":"Lonestar Saddle"}]},{"@type":"WebSite","@id":"https:\/\/d2dhunting.com\/#website","url":"https:\/\/d2dhunting.com\/","name":"D2D Hunting","description":"D2D was born with the idea of promoting still stalk hunting, through the distribution of quality equipment for the hunter.","publisher":{"@id":"https:\/\/d2dhunting.com\/#organization"},"potentialAction":[{"@type":"SearchAction","target":{"@type":"EntryPoint","urlTemplate":"https:\/\/d2dhunting.com\/?s={search_term_string}"},"query-input":{"@type":"PropertyValueSpecification","valueRequired":true,"valueName":"search_term_string"}}],"inLanguage":"es"},{"@type":"Organization","@id":"https:\/\/d2dhunting.com\/#organization","name":"D2D Hunting","url":"https:\/\/d2dhunting.com\/","logo":{"@type":"ImageObject","inLanguage":"es","@id":"https:\/\/d2dhunting.com\/#\/schema\/logo\/image\/","url":"https:\/\/d2dhunting.com\/wp-content\/uploads\/2023\/12\/Logo_Completo.png","contentUrl":"https:\/\/d2dhunting.com\/wp-content\/uploads\/2023\/12\/Logo_Completo.png","width":740,"height":308,"caption":"D2D Hunting"},"image":{"@id":"https:\/\/d2dhunting.com\/#\/schema\/logo\/image\/"}}]}},"brands":[{"id":837,"name":"LATITUDE","slug":"latitude"}],"_links":{"self":[{"href":"https:\/\/d2dhunting.com\/es\/wp-json\/wp\/v2\/product\/17532","targetHints":{"allow":["GET"]}}],"collection":[{"href":"https:\/\/d2dhunting.com\/es\/wp-json\/wp\/v2\/product"}],"about":[{"href":"https:\/\/d2dhunting.com\/es\/wp-json\/wp\/v2\/types\/product"}],"wp:featuredmedia":[{"embeddable":true,"href":"https:\/\/d2dhunting.com\/es\/wp-json\/wp\/v2\/media\/17511"}],"wp:attachment":[{"href":"https:\/\/d2dhunting.com\/es\/wp-json\/wp\/v2\/media?parent=17532"}],"wp:term":[{"taxonomy":"pwb-brand","embeddable":true,"href":"https:\/\/d2dhunting.com\/es\/wp-json\/wp\/v2\/pwb-brand?post=17532"},{"taxonomy":"product_brand","embeddable":true,"href":"https:\/\/d2dhunting.com\/es\/wp-json\/wp\/v2\/product_brand?post=17532"},{"taxonomy":"product_cat","embeddable":true,"href":"https:\/\/d2dhunting.com\/es\/wp-json\/wp\/v2\/product_cat?post=17532"},{"taxonomy":"product_tag","embeddable":true,"href":"https:\/\/d2dhunting.com\/es\/wp-json\/wp\/v2\/product_tag?post=17532"},{"taxonomy":"giftcard-category","embeddable":true,"href":"https:\/\/d2dhunting.com\/es\/wp-json\/wp\/v2\/giftcard-category?post=17532"}],"curies":[{"name":"wp","href":"https:\/\/api.w.org\/{rel}","templated":true}]}}