{"id":17587,"date":"2024-12-16T11:27:45","date_gmt":"2024-12-16T11:27:45","guid":{"rendered":"https:\/\/d2dhunting.com\/product\/backpack-ranger-22\/"},"modified":"2025-04-03T09:23:14","modified_gmt":"2025-04-03T09:23:14","slug":"backpack-ranger-22","status":"publish","type":"product","link":"https:\/\/d2dhunting.com\/es\/product\/backpack-ranger-22\/","title":{"rendered":"MOCHILA RANGER 22"},"content":{"rendered":"<p>El Ranger 22 fue meticulosamente dise\u00f1ado. El objetivo principal era ofrecer un solo paquete que funciona para la exploraci\u00f3n en la primavera, a principios de temporada de caza en el calor, y al final de la temporada de caza cuando se necesita a\u00f1adir capas.<\/p>\n<p><strong>ASG &#8211; All Season Gear<\/strong><\/p>\n<p>All Season Gear es una iniciativa importante en Latitude Outdoors. Creemos que el equipo en el que usted invierte su dinero duramente ganado debe ser optimizado para todos los casos de uso. La mochila Ranger 22 se fabric\u00f3 teniendo esto en cuenta.<\/p>\n<p>Empaca una vez, caza todo el a\u00f1o.<\/p>\n<p>Con sus opciones de almacenamiento personalizables, la mochila Ranger 22 le permite organizar su equipo exactamente como usted quiera, manteniendo todo seguro y accesible &#8211; no m\u00e1s rebuscar en su mochila en la base del \u00e1rbol. Su dise\u00f1o ergon\u00f3mico proporciona una comodidad inigualable, para que pueda centrarse en la caza, no en su equipo. Tanto si est\u00e1s explorando durante el calor del verano o desafiando el fr\u00edo de las frescas ma\u00f1anas de noviembre, el Ranger 22 es tu aliado para todas las estaciones.<\/p>\n","protected":false},"excerpt":{"rendered":"<p>El Ranger 22 fue meticulosamente dise\u00f1ado. El objetivo principal era ofrecer un solo paquete que funciona para la exploraci\u00f3n en la primavera, a principios de temporada de caza en el calor, y al final de la temporada de caza cuando se necesita a\u00f1adir capas. ASG &#8211; All Season Gear All Season Gear es una iniciativa [&hellip;]<\/p>\n","protected":false},"featured_media":17570,"template":"","meta":{"_acf_changed":false},"pwb-brand":[837],"product_brand":[],"product_cat":[2608,1001],"product_tag":[],"giftcard-category":[],"class_list":{"0":"post-17587","1":"product","2":"type-product","3":"status-publish","4":"has-post-thumbnail","6":"pwb-brand-latitude","7":"product_cat-mochilas","8":"product_cat-saddle","10":"first","11":"instock","12":"taxable","13":"shipping-taxable","14":"purchasable","15":"product-type-simple"},"acf":[],"yoast_head":"<!-- This site is optimized with the Yoast SEO plugin v27.2 - https:\/\/yoast.com\/product\/yoast-seo-wordpress\/ -->\n<title>MOCHILA RANGER 22 - D2D Hunting<\/title>\n<meta name=\"description\" content=\"El Ranger 22 fue meticulosamente dise\u00f1ado para el cazador de cola blanca m\u00f3vil. El objetivo principal era ofrecer un solo paquete...\" \/>\n<meta name=\"robots\" content=\"index, follow, max-snippet:-1, max-image-preview:large, max-video-preview:-1\" \/>\n<link rel=\"canonical\" href=\"https:\/\/d2dhunting.com\/es\/product\/backpack-ranger-22\/\" \/>\n<meta property=\"og:locale\" content=\"es_ES\" \/>\n<meta property=\"og:type\" content=\"article\" \/>\n<meta property=\"og:title\" content=\"MOCHILA RANGER 22 - D2D Hunting\" \/>\n<meta property=\"og:description\" content=\"El Ranger 22 fue meticulosamente dise\u00f1ado para el cazador de cola blanca m\u00f3vil. El objetivo principal era ofrecer un solo paquete...\" \/>\n<meta property=\"og:url\" content=\"https:\/\/d2dhunting.com\/es\/product\/backpack-ranger-22\/\" \/>\n<meta property=\"og:site_name\" content=\"D2D Hunting\" \/>\n<meta property=\"article:modified_time\" content=\"2025-04-03T09:23:14+00:00\" \/>\n<meta property=\"og:image\" content=\"https:\/\/d2dhunting.com\/wp-content\/uploads\/2024\/12\/ranger-22-TAN1.webp\" \/>\n\t<meta property=\"og:image:width\" content=\"800\" \/>\n\t<meta property=\"og:image:height\" content=\"800\" \/>\n\t<meta property=\"og:image:type\" content=\"image\/webp\" \/>\n<meta name=\"twitter:card\" content=\"summary_large_image\" \/>\n<meta name=\"twitter:label1\" content=\"Tiempo de lectura\" \/>\n\t<meta name=\"twitter:data1\" content=\"2 minutos\" \/>\n<script type=\"application\/ld+json\" class=\"yoast-schema-graph\">{\"@context\":\"https:\/\/schema.org\",\"@graph\":[{\"@type\":[\"WebPage\",\"CollectionPage\"],\"@id\":\"https:\/\/d2dhunting.com\/es\/product\/backpack-ranger-22\/\",\"url\":\"https:\/\/d2dhunting.com\/es\/product\/backpack-ranger-22\/\",\"name\":\"MOCHILA RANGER 22 - D2D Hunting\",\"isPartOf\":{\"@id\":\"https:\/\/d2dhunting.com\/#website\"},\"primaryImageOfPage\":{\"@id\":\"https:\/\/d2dhunting.com\/es\/product\/backpack-ranger-22\/#primaryimage\"},\"image\":{\"@id\":\"https:\/\/d2dhunting.com\/es\/product\/backpack-ranger-22\/#primaryimage\"},\"thumbnailUrl\":\"https:\/\/d2dhunting.com\/wp-content\/uploads\/2024\/12\/ranger-22-TAN1.webp\",\"datePublished\":\"2024-12-16T11:27:45+00:00\",\"dateModified\":\"2025-04-03T09:23:14+00:00\",\"description\":\"El Ranger 22 fue meticulosamente dise\u00f1ado para el cazador de cola blanca m\u00f3vil. El objetivo principal era ofrecer un solo paquete...\",\"breadcrumb\":{\"@id\":\"https:\/\/d2dhunting.com\/es\/product\/backpack-ranger-22\/#breadcrumb\"},\"inLanguage\":\"es\"},{\"@type\":\"ImageObject\",\"inLanguage\":\"es\",\"@id\":\"https:\/\/d2dhunting.com\/es\/product\/backpack-ranger-22\/#primaryimage\",\"url\":\"https:\/\/d2dhunting.com\/wp-content\/uploads\/2024\/12\/ranger-22-TAN1.webp\",\"contentUrl\":\"https:\/\/d2dhunting.com\/wp-content\/uploads\/2024\/12\/ranger-22-TAN1.webp\",\"width\":800,\"height\":800},{\"@type\":\"BreadcrumbList\",\"@id\":\"https:\/\/d2dhunting.com\/es\/product\/backpack-ranger-22\/#breadcrumb\",\"itemListElement\":[{\"@type\":\"ListItem\",\"position\":1,\"name\":\"Home\",\"item\":\"https:\/\/d2dhunting.com\/es\/\"},{\"@type\":\"ListItem\",\"position\":2,\"name\":\"Tienda ES\",\"item\":\"https:\/\/d2dhunting.com\/es\/tienda-2\/\"},{\"@type\":\"ListItem\",\"position\":3,\"name\":\"MOCHILA RANGER 22\"}]},{\"@type\":\"WebSite\",\"@id\":\"https:\/\/d2dhunting.com\/#website\",\"url\":\"https:\/\/d2dhunting.com\/\",\"name\":\"D2D Hunting\",\"description\":\"D2D was born with the idea of promoting still stalk hunting, through the distribution of quality equipment for the hunter.\",\"publisher\":{\"@id\":\"https:\/\/d2dhunting.com\/#organization\"},\"potentialAction\":[{\"@type\":\"SearchAction\",\"target\":{\"@type\":\"EntryPoint\",\"urlTemplate\":\"https:\/\/d2dhunting.com\/?s={search_term_string}\"},\"query-input\":{\"@type\":\"PropertyValueSpecification\",\"valueRequired\":true,\"valueName\":\"search_term_string\"}}],\"inLanguage\":\"es\"},{\"@type\":\"Organization\",\"@id\":\"https:\/\/d2dhunting.com\/#organization\",\"name\":\"D2D Hunting\",\"url\":\"https:\/\/d2dhunting.com\/\",\"logo\":{\"@type\":\"ImageObject\",\"inLanguage\":\"es\",\"@id\":\"https:\/\/d2dhunting.com\/#\/schema\/logo\/image\/\",\"url\":\"https:\/\/d2dhunting.com\/wp-content\/uploads\/2023\/12\/Logo_Completo.png\",\"contentUrl\":\"https:\/\/d2dhunting.com\/wp-content\/uploads\/2023\/12\/Logo_Completo.png\",\"width\":740,\"height\":308,\"caption\":\"D2D Hunting\"},\"image\":{\"@id\":\"https:\/\/d2dhunting.com\/#\/schema\/logo\/image\/\"}}]}<\/script>\n<!-- \/ Yoast SEO plugin. -->","yoast_head_json":{"title":"MOCHILA RANGER 22 - D2D Hunting","description":"El Ranger 22 fue meticulosamente dise\u00f1ado para el cazador de cola blanca m\u00f3vil. El objetivo principal era ofrecer un solo paquete...","robots":{"index":"index","follow":"follow","max-snippet":"max-snippet:-1","max-image-preview":"max-image-preview:large","max-video-preview":"max-video-preview:-1"},"canonical":"https:\/\/d2dhunting.com\/es\/product\/backpack-ranger-22\/","og_locale":"es_ES","og_type":"article","og_title":"MOCHILA RANGER 22 - D2D Hunting","og_description":"El Ranger 22 fue meticulosamente dise\u00f1ado para el cazador de cola blanca m\u00f3vil. El objetivo principal era ofrecer un solo paquete...","og_url":"https:\/\/d2dhunting.com\/es\/product\/backpack-ranger-22\/","og_site_name":"D2D Hunting","article_modified_time":"2025-04-03T09:23:14+00:00","og_image":[{"width":800,"height":800,"url":"https:\/\/d2dhunting.com\/wp-content\/uploads\/2024\/12\/ranger-22-TAN1.webp","type":"image\/webp"}],"twitter_card":"summary_large_image","twitter_misc":{"Tiempo de lectura":"2 minutos"},"schema":{"@context":"https:\/\/schema.org","@graph":[{"@type":["WebPage","CollectionPage"],"@id":"https:\/\/d2dhunting.com\/es\/product\/backpack-ranger-22\/","url":"https:\/\/d2dhunting.com\/es\/product\/backpack-ranger-22\/","name":"MOCHILA RANGER 22 - D2D Hunting","isPartOf":{"@id":"https:\/\/d2dhunting.com\/#website"},"primaryImageOfPage":{"@id":"https:\/\/d2dhunting.com\/es\/product\/backpack-ranger-22\/#primaryimage"},"image":{"@id":"https:\/\/d2dhunting.com\/es\/product\/backpack-ranger-22\/#primaryimage"},"thumbnailUrl":"https:\/\/d2dhunting.com\/wp-content\/uploads\/2024\/12\/ranger-22-TAN1.webp","datePublished":"2024-12-16T11:27:45+00:00","dateModified":"2025-04-03T09:23:14+00:00","description":"El Ranger 22 fue meticulosamente dise\u00f1ado para el cazador de cola blanca m\u00f3vil. El objetivo principal era ofrecer un solo paquete...","breadcrumb":{"@id":"https:\/\/d2dhunting.com\/es\/product\/backpack-ranger-22\/#breadcrumb"},"inLanguage":"es"},{"@type":"ImageObject","inLanguage":"es","@id":"https:\/\/d2dhunting.com\/es\/product\/backpack-ranger-22\/#primaryimage","url":"https:\/\/d2dhunting.com\/wp-content\/uploads\/2024\/12\/ranger-22-TAN1.webp","contentUrl":"https:\/\/d2dhunting.com\/wp-content\/uploads\/2024\/12\/ranger-22-TAN1.webp","width":800,"height":800},{"@type":"BreadcrumbList","@id":"https:\/\/d2dhunting.com\/es\/product\/backpack-ranger-22\/#breadcrumb","itemListElement":[{"@type":"ListItem","position":1,"name":"Home","item":"https:\/\/d2dhunting.com\/es\/"},{"@type":"ListItem","position":2,"name":"Tienda ES","item":"https:\/\/d2dhunting.com\/es\/tienda-2\/"},{"@type":"ListItem","position":3,"name":"MOCHILA RANGER 22"}]},{"@type":"WebSite","@id":"https:\/\/d2dhunting.com\/#website","url":"https:\/\/d2dhunting.com\/","name":"D2D Hunting","description":"D2D was born with the idea of promoting still stalk hunting, through the distribution of quality equipment for the hunter.","publisher":{"@id":"https:\/\/d2dhunting.com\/#organization"},"potentialAction":[{"@type":"SearchAction","target":{"@type":"EntryPoint","urlTemplate":"https:\/\/d2dhunting.com\/?s={search_term_string}"},"query-input":{"@type":"PropertyValueSpecification","valueRequired":true,"valueName":"search_term_string"}}],"inLanguage":"es"},{"@type":"Organization","@id":"https:\/\/d2dhunting.com\/#organization","name":"D2D Hunting","url":"https:\/\/d2dhunting.com\/","logo":{"@type":"ImageObject","inLanguage":"es","@id":"https:\/\/d2dhunting.com\/#\/schema\/logo\/image\/","url":"https:\/\/d2dhunting.com\/wp-content\/uploads\/2023\/12\/Logo_Completo.png","contentUrl":"https:\/\/d2dhunting.com\/wp-content\/uploads\/2023\/12\/Logo_Completo.png","width":740,"height":308,"caption":"D2D Hunting"},"image":{"@id":"https:\/\/d2dhunting.com\/#\/schema\/logo\/image\/"}}]}},"brands":[{"id":837,"name":"LATITUDE","slug":"latitude"}],"_links":{"self":[{"href":"https:\/\/d2dhunting.com\/es\/wp-json\/wp\/v2\/product\/17587","targetHints":{"allow":["GET"]}}],"collection":[{"href":"https:\/\/d2dhunting.com\/es\/wp-json\/wp\/v2\/product"}],"about":[{"href":"https:\/\/d2dhunting.com\/es\/wp-json\/wp\/v2\/types\/product"}],"wp:featuredmedia":[{"embeddable":true,"href":"https:\/\/d2dhunting.com\/es\/wp-json\/wp\/v2\/media\/17570"}],"wp:attachment":[{"href":"https:\/\/d2dhunting.com\/es\/wp-json\/wp\/v2\/media?parent=17587"}],"wp:term":[{"taxonomy":"pwb-brand","embeddable":true,"href":"https:\/\/d2dhunting.com\/es\/wp-json\/wp\/v2\/pwb-brand?post=17587"},{"taxonomy":"product_brand","embeddable":true,"href":"https:\/\/d2dhunting.com\/es\/wp-json\/wp\/v2\/product_brand?post=17587"},{"taxonomy":"product_cat","embeddable":true,"href":"https:\/\/d2dhunting.com\/es\/wp-json\/wp\/v2\/product_cat?post=17587"},{"taxonomy":"product_tag","embeddable":true,"href":"https:\/\/d2dhunting.com\/es\/wp-json\/wp\/v2\/product_tag?post=17587"},{"taxonomy":"giftcard-category","embeddable":true,"href":"https:\/\/d2dhunting.com\/es\/wp-json\/wp\/v2\/giftcard-category?post=17587"}],"curies":[{"name":"wp","href":"https:\/\/api.w.org\/{rel}","templated":true}]}}