{"id":17938,"date":"2025-01-21T15:45:06","date_gmt":"2025-01-21T15:45:06","guid":{"rendered":"https:\/\/d2dhunting.com\/product\/beast-2-3-100-grain-3-pack\/"},"modified":"2026-03-17T08:14:42","modified_gmt":"2026-03-17T08:14:42","slug":"beast-2-3-100-grain-3-pack","status":"publish","type":"product","link":"https:\/\/d2dhunting.com\/es\/product\/beast-2-3-100-grain-3-pack\/","title":{"rendered":"Beast 2.3&#8243; &#8211; 100 grain (3 PACK)"},"content":{"rendered":"<p>La punta de caza BEAST, dise\u00f1ada con tecnolog\u00edas patentadas y pendientes durante m\u00e1s de tres a\u00f1os, revoluciona la caza con arco con su penetraci\u00f3n profunda y su dise\u00f1o innovador. Esta punta mec\u00e1nica cuenta con cuchillas que evaden los huesos y un despliegue de alta velocidad, lo que la convierte en la opci\u00f3n m\u00e1s avanzada del mercado.<\/p>\n","protected":false},"excerpt":{"rendered":"<p>La punta de caza BEAST, dise\u00f1ada con tecnolog\u00edas patentadas y pendientes durante m\u00e1s de tres a\u00f1os, revoluciona la caza con arco con su penetraci\u00f3n profunda y su dise\u00f1o innovador. Esta punta mec\u00e1nica cuenta con cuchillas que evaden los huesos y un despliegue de alta velocidad, lo que la convierte en la opci\u00f3n m\u00e1s avanzada del [&hellip;]<\/p>\n","protected":false},"featured_media":17929,"template":"","meta":{"_acf_changed":false},"pwb-brand":[2857],"product_brand":[],"product_cat":[2866,2852,225],"product_tag":[],"giftcard-category":[],"class_list":{"0":"post-17938","1":"product","2":"type-product","3":"status-publish","4":"has-post-thumbnail","6":"pwb-brand-bowmar-archery","7":"product_cat-beast-broadhead-es","8":"product_cat-bowmar-es","9":"product_cat-puntos-de-caza","11":"first","12":"instock","13":"taxable","14":"shipping-taxable","15":"purchasable","16":"product-type-simple"},"acf":[],"yoast_head":"<!-- This site is optimized with the Yoast SEO plugin v27.2 - https:\/\/yoast.com\/product\/yoast-seo-wordpress\/ -->\n<title>Beast 2.3&quot; - 100 grain (3 PACK) - D2D Hunting<\/title>\n<meta name=\"robots\" content=\"index, follow, max-snippet:-1, max-image-preview:large, max-video-preview:-1\" \/>\n<link rel=\"canonical\" href=\"https:\/\/d2dhunting.com\/es\/product\/beast-2-3-100-grain-3-pack\/\" \/>\n<meta property=\"og:locale\" content=\"es_ES\" \/>\n<meta property=\"og:type\" content=\"article\" \/>\n<meta property=\"og:title\" content=\"Beast 2.3&quot; - 100 grain (3 PACK) - D2D Hunting\" \/>\n<meta property=\"og:description\" content=\"La punta de caza BEAST, dise\u00f1ada con tecnolog\u00edas patentadas y pendientes durante m\u00e1s de tres a\u00f1os, revoluciona la caza con arco con su penetraci\u00f3n profunda y su dise\u00f1o innovador. Esta punta mec\u00e1nica cuenta con cuchillas que evaden los huesos y un despliegue de alta velocidad, lo que la convierte en la opci\u00f3n m\u00e1s avanzada del [&hellip;]\" \/>\n<meta property=\"og:url\" content=\"https:\/\/d2dhunting.com\/es\/product\/beast-2-3-100-grain-3-pack\/\" \/>\n<meta property=\"og:site_name\" content=\"D2D Hunting\" \/>\n<meta property=\"article:modified_time\" content=\"2026-03-17T08:14:42+00:00\" \/>\n<meta property=\"og:image\" content=\"https:\/\/d2dhunting.com\/wp-content\/uploads\/2025\/01\/Beast_2.3_100_Mockup_Open-2.webp\" \/>\n\t<meta property=\"og:image:width\" content=\"1125\" \/>\n\t<meta property=\"og:image:height\" content=\"1125\" \/>\n\t<meta property=\"og:image:type\" content=\"image\/webp\" \/>\n<meta name=\"twitter:card\" content=\"summary_large_image\" \/>\n<meta name=\"twitter:label1\" content=\"Tiempo de lectura\" \/>\n\t<meta name=\"twitter:data1\" content=\"1 minuto\" \/>\n<script type=\"application\/ld+json\" class=\"yoast-schema-graph\">{\"@context\":\"https:\/\/schema.org\",\"@graph\":[{\"@type\":[\"WebPage\",\"CollectionPage\"],\"@id\":\"https:\/\/d2dhunting.com\/es\/product\/beast-2-3-100-grain-3-pack\/\",\"url\":\"https:\/\/d2dhunting.com\/es\/product\/beast-2-3-100-grain-3-pack\/\",\"name\":\"Beast 2.3\\\" - 100 grain (3 PACK) - D2D Hunting\",\"isPartOf\":{\"@id\":\"https:\/\/d2dhunting.com\/#website\"},\"primaryImageOfPage\":{\"@id\":\"https:\/\/d2dhunting.com\/es\/product\/beast-2-3-100-grain-3-pack\/#primaryimage\"},\"image\":{\"@id\":\"https:\/\/d2dhunting.com\/es\/product\/beast-2-3-100-grain-3-pack\/#primaryimage\"},\"thumbnailUrl\":\"https:\/\/d2dhunting.com\/wp-content\/uploads\/2025\/01\/Beast_2.3_100_Mockup_Open-2.webp\",\"datePublished\":\"2025-01-21T15:45:06+00:00\",\"dateModified\":\"2026-03-17T08:14:42+00:00\",\"breadcrumb\":{\"@id\":\"https:\/\/d2dhunting.com\/es\/product\/beast-2-3-100-grain-3-pack\/#breadcrumb\"},\"inLanguage\":\"es\"},{\"@type\":\"ImageObject\",\"inLanguage\":\"es\",\"@id\":\"https:\/\/d2dhunting.com\/es\/product\/beast-2-3-100-grain-3-pack\/#primaryimage\",\"url\":\"https:\/\/d2dhunting.com\/wp-content\/uploads\/2025\/01\/Beast_2.3_100_Mockup_Open-2.webp\",\"contentUrl\":\"https:\/\/d2dhunting.com\/wp-content\/uploads\/2025\/01\/Beast_2.3_100_Mockup_Open-2.webp\",\"width\":1125,\"height\":1125},{\"@type\":\"BreadcrumbList\",\"@id\":\"https:\/\/d2dhunting.com\/es\/product\/beast-2-3-100-grain-3-pack\/#breadcrumb\",\"itemListElement\":[{\"@type\":\"ListItem\",\"position\":1,\"name\":\"Home\",\"item\":\"https:\/\/d2dhunting.com\/es\/\"},{\"@type\":\"ListItem\",\"position\":2,\"name\":\"Tienda ES\",\"item\":\"https:\/\/d2dhunting.com\/es\/tienda-2\/\"},{\"@type\":\"ListItem\",\"position\":3,\"name\":\"Beast 2.3&#8243; &#8211; 100 grain (3 PACK)\"}]},{\"@type\":\"WebSite\",\"@id\":\"https:\/\/d2dhunting.com\/#website\",\"url\":\"https:\/\/d2dhunting.com\/\",\"name\":\"D2D Hunting\",\"description\":\"D2D was born with the idea of promoting still stalk hunting, through the distribution of quality equipment for the hunter.\",\"publisher\":{\"@id\":\"https:\/\/d2dhunting.com\/#organization\"},\"potentialAction\":[{\"@type\":\"SearchAction\",\"target\":{\"@type\":\"EntryPoint\",\"urlTemplate\":\"https:\/\/d2dhunting.com\/?s={search_term_string}\"},\"query-input\":{\"@type\":\"PropertyValueSpecification\",\"valueRequired\":true,\"valueName\":\"search_term_string\"}}],\"inLanguage\":\"es\"},{\"@type\":\"Organization\",\"@id\":\"https:\/\/d2dhunting.com\/#organization\",\"name\":\"D2D Hunting\",\"url\":\"https:\/\/d2dhunting.com\/\",\"logo\":{\"@type\":\"ImageObject\",\"inLanguage\":\"es\",\"@id\":\"https:\/\/d2dhunting.com\/#\/schema\/logo\/image\/\",\"url\":\"https:\/\/d2dhunting.com\/wp-content\/uploads\/2023\/12\/Logo_Completo.png\",\"contentUrl\":\"https:\/\/d2dhunting.com\/wp-content\/uploads\/2023\/12\/Logo_Completo.png\",\"width\":740,\"height\":308,\"caption\":\"D2D Hunting\"},\"image\":{\"@id\":\"https:\/\/d2dhunting.com\/#\/schema\/logo\/image\/\"}}]}<\/script>\n<!-- \/ Yoast SEO plugin. -->","yoast_head_json":{"title":"Beast 2.3\" - 100 grain (3 PACK) - D2D Hunting","robots":{"index":"index","follow":"follow","max-snippet":"max-snippet:-1","max-image-preview":"max-image-preview:large","max-video-preview":"max-video-preview:-1"},"canonical":"https:\/\/d2dhunting.com\/es\/product\/beast-2-3-100-grain-3-pack\/","og_locale":"es_ES","og_type":"article","og_title":"Beast 2.3\" - 100 grain (3 PACK) - D2D Hunting","og_description":"La punta de caza BEAST, dise\u00f1ada con tecnolog\u00edas patentadas y pendientes durante m\u00e1s de tres a\u00f1os, revoluciona la caza con arco con su penetraci\u00f3n profunda y su dise\u00f1o innovador. Esta punta mec\u00e1nica cuenta con cuchillas que evaden los huesos y un despliegue de alta velocidad, lo que la convierte en la opci\u00f3n m\u00e1s avanzada del [&hellip;]","og_url":"https:\/\/d2dhunting.com\/es\/product\/beast-2-3-100-grain-3-pack\/","og_site_name":"D2D Hunting","article_modified_time":"2026-03-17T08:14:42+00:00","og_image":[{"width":1125,"height":1125,"url":"https:\/\/d2dhunting.com\/wp-content\/uploads\/2025\/01\/Beast_2.3_100_Mockup_Open-2.webp","type":"image\/webp"}],"twitter_card":"summary_large_image","twitter_misc":{"Tiempo de lectura":"1 minuto"},"schema":{"@context":"https:\/\/schema.org","@graph":[{"@type":["WebPage","CollectionPage"],"@id":"https:\/\/d2dhunting.com\/es\/product\/beast-2-3-100-grain-3-pack\/","url":"https:\/\/d2dhunting.com\/es\/product\/beast-2-3-100-grain-3-pack\/","name":"Beast 2.3\" - 100 grain (3 PACK) - D2D Hunting","isPartOf":{"@id":"https:\/\/d2dhunting.com\/#website"},"primaryImageOfPage":{"@id":"https:\/\/d2dhunting.com\/es\/product\/beast-2-3-100-grain-3-pack\/#primaryimage"},"image":{"@id":"https:\/\/d2dhunting.com\/es\/product\/beast-2-3-100-grain-3-pack\/#primaryimage"},"thumbnailUrl":"https:\/\/d2dhunting.com\/wp-content\/uploads\/2025\/01\/Beast_2.3_100_Mockup_Open-2.webp","datePublished":"2025-01-21T15:45:06+00:00","dateModified":"2026-03-17T08:14:42+00:00","breadcrumb":{"@id":"https:\/\/d2dhunting.com\/es\/product\/beast-2-3-100-grain-3-pack\/#breadcrumb"},"inLanguage":"es"},{"@type":"ImageObject","inLanguage":"es","@id":"https:\/\/d2dhunting.com\/es\/product\/beast-2-3-100-grain-3-pack\/#primaryimage","url":"https:\/\/d2dhunting.com\/wp-content\/uploads\/2025\/01\/Beast_2.3_100_Mockup_Open-2.webp","contentUrl":"https:\/\/d2dhunting.com\/wp-content\/uploads\/2025\/01\/Beast_2.3_100_Mockup_Open-2.webp","width":1125,"height":1125},{"@type":"BreadcrumbList","@id":"https:\/\/d2dhunting.com\/es\/product\/beast-2-3-100-grain-3-pack\/#breadcrumb","itemListElement":[{"@type":"ListItem","position":1,"name":"Home","item":"https:\/\/d2dhunting.com\/es\/"},{"@type":"ListItem","position":2,"name":"Tienda ES","item":"https:\/\/d2dhunting.com\/es\/tienda-2\/"},{"@type":"ListItem","position":3,"name":"Beast 2.3&#8243; &#8211; 100 grain (3 PACK)"}]},{"@type":"WebSite","@id":"https:\/\/d2dhunting.com\/#website","url":"https:\/\/d2dhunting.com\/","name":"D2D Hunting","description":"D2D was born with the idea of promoting still stalk hunting, through the distribution of quality equipment for the hunter.","publisher":{"@id":"https:\/\/d2dhunting.com\/#organization"},"potentialAction":[{"@type":"SearchAction","target":{"@type":"EntryPoint","urlTemplate":"https:\/\/d2dhunting.com\/?s={search_term_string}"},"query-input":{"@type":"PropertyValueSpecification","valueRequired":true,"valueName":"search_term_string"}}],"inLanguage":"es"},{"@type":"Organization","@id":"https:\/\/d2dhunting.com\/#organization","name":"D2D Hunting","url":"https:\/\/d2dhunting.com\/","logo":{"@type":"ImageObject","inLanguage":"es","@id":"https:\/\/d2dhunting.com\/#\/schema\/logo\/image\/","url":"https:\/\/d2dhunting.com\/wp-content\/uploads\/2023\/12\/Logo_Completo.png","contentUrl":"https:\/\/d2dhunting.com\/wp-content\/uploads\/2023\/12\/Logo_Completo.png","width":740,"height":308,"caption":"D2D Hunting"},"image":{"@id":"https:\/\/d2dhunting.com\/#\/schema\/logo\/image\/"}}]}},"brands":[{"id":2857,"name":"Bowmar archery","slug":"bowmar-archery"}],"_links":{"self":[{"href":"https:\/\/d2dhunting.com\/es\/wp-json\/wp\/v2\/product\/17938","targetHints":{"allow":["GET"]}}],"collection":[{"href":"https:\/\/d2dhunting.com\/es\/wp-json\/wp\/v2\/product"}],"about":[{"href":"https:\/\/d2dhunting.com\/es\/wp-json\/wp\/v2\/types\/product"}],"wp:featuredmedia":[{"embeddable":true,"href":"https:\/\/d2dhunting.com\/es\/wp-json\/wp\/v2\/media\/17929"}],"wp:attachment":[{"href":"https:\/\/d2dhunting.com\/es\/wp-json\/wp\/v2\/media?parent=17938"}],"wp:term":[{"taxonomy":"pwb-brand","embeddable":true,"href":"https:\/\/d2dhunting.com\/es\/wp-json\/wp\/v2\/pwb-brand?post=17938"},{"taxonomy":"product_brand","embeddable":true,"href":"https:\/\/d2dhunting.com\/es\/wp-json\/wp\/v2\/product_brand?post=17938"},{"taxonomy":"product_cat","embeddable":true,"href":"https:\/\/d2dhunting.com\/es\/wp-json\/wp\/v2\/product_cat?post=17938"},{"taxonomy":"product_tag","embeddable":true,"href":"https:\/\/d2dhunting.com\/es\/wp-json\/wp\/v2\/product_tag?post=17938"},{"taxonomy":"giftcard-category","embeddable":true,"href":"https:\/\/d2dhunting.com\/es\/wp-json\/wp\/v2\/giftcard-category?post=17938"}],"curies":[{"name":"wp","href":"https:\/\/api.w.org\/{rel}","templated":true}]}}