{"id":18025,"date":"2025-01-21T17:00:47","date_gmt":"2025-01-21T17:00:47","guid":{"rendered":"https:\/\/d2dhunting.com\/product\/beast-3-pack-practice-tip-125g\/"},"modified":"2025-01-21T17:02:23","modified_gmt":"2025-01-21T17:02:23","slug":"beast-3-pack-practice-tip-125g","status":"publish","type":"product","link":"https:\/\/d2dhunting.com\/es\/product\/beast-3-pack-practice-tip-125g\/","title":{"rendered":"Beast 3 pack practice tip 125g"},"content":{"rendered":"<p>\u00a12-Pack de puntas de pr\u00e1ctica ahora disponibles!<\/p>\n<p>Estas puntas de pr\u00e1ctica fueron dise\u00f1adas para imitar las caracter\u00edsticas de vuelo id\u00e9nticas a todas las puntas Beast Broadheads. Nuestras puntas de pr\u00e1ctica se ajustan bal\u00edsticamente a una punta de campo. Fabricadas con materiales duraderos de alta calidad, est\u00e1n construidas para soportar el uso repetido en una variedad de objetivos. Estas puntas de pr\u00e1ctica aseguran sesiones de entrenamiento precisas y consistentes. Si usted es un arquero principiante o un cazador experimentado nuestras puntas de pr\u00e1ctica de 2-pack son esenciales para perfeccionar su punter\u00eda y asegurar una caza exitosa.<\/p>\n","protected":false},"excerpt":{"rendered":"<p>\u00a12-Pack de puntas de pr\u00e1ctica ahora disponibles! Estas puntas de pr\u00e1ctica fueron dise\u00f1adas para imitar las caracter\u00edsticas de vuelo id\u00e9nticas a todas las puntas Beast Broadheads. Nuestras puntas de pr\u00e1ctica se ajustan bal\u00edsticamente a una punta de campo. Fabricadas con materiales duraderos de alta calidad, est\u00e1n construidas para soportar el uso repetido en una variedad [&hellip;]<\/p>\n","protected":false},"featured_media":18020,"template":"","meta":{"_acf_changed":false},"pwb-brand":[2857],"product_brand":[],"product_cat":[2852,2869,225],"product_tag":[],"giftcard-category":[],"class_list":{"0":"post-18025","1":"product","2":"type-product","3":"status-publish","4":"has-post-thumbnail","6":"pwb-brand-bowmar-archery","7":"product_cat-bowmar-es","8":"product_cat-practice-tips-es","9":"product_cat-puntos-de-caza","11":"first","12":"instock","13":"taxable","14":"shipping-taxable","15":"purchasable","16":"product-type-simple"},"acf":[],"yoast_head":"<!-- This site is optimized with the Yoast SEO plugin v27.2 - https:\/\/yoast.com\/product\/yoast-seo-wordpress\/ -->\n<title>Beast 3 pack practice tip 125g - D2D Hunting<\/title>\n<meta name=\"robots\" content=\"index, follow, max-snippet:-1, max-image-preview:large, max-video-preview:-1\" \/>\n<link rel=\"canonical\" href=\"https:\/\/d2dhunting.com\/es\/product\/beast-3-pack-practice-tip-125g\/\" \/>\n<meta property=\"og:locale\" content=\"es_ES\" \/>\n<meta property=\"og:type\" content=\"article\" \/>\n<meta property=\"og:title\" content=\"Beast 3 pack practice tip 125g - D2D Hunting\" \/>\n<meta property=\"og:description\" content=\"\u00a12-Pack de puntas de pr\u00e1ctica ahora disponibles! Estas puntas de pr\u00e1ctica fueron dise\u00f1adas para imitar las caracter\u00edsticas de vuelo id\u00e9nticas a todas las puntas Beast Broadheads. Nuestras puntas de pr\u00e1ctica se ajustan bal\u00edsticamente a una punta de campo. Fabricadas con materiales duraderos de alta calidad, est\u00e1n construidas para soportar el uso repetido en una variedad [&hellip;]\" \/>\n<meta property=\"og:url\" content=\"https:\/\/d2dhunting.com\/es\/product\/beast-3-pack-practice-tip-125g\/\" \/>\n<meta property=\"og:site_name\" content=\"D2D Hunting\" \/>\n<meta property=\"article:modified_time\" content=\"2025-01-21T17:02:23+00:00\" \/>\n<meta property=\"og:image\" content=\"https:\/\/d2dhunting.com\/wp-content\/uploads\/2025\/01\/Beast_125_Mockup_Practice_2pack.webp\" \/>\n\t<meta property=\"og:image:width\" content=\"1125\" \/>\n\t<meta property=\"og:image:height\" content=\"1125\" \/>\n\t<meta property=\"og:image:type\" content=\"image\/webp\" \/>\n<meta name=\"twitter:card\" content=\"summary_large_image\" \/>\n<meta name=\"twitter:label1\" content=\"Tiempo de lectura\" \/>\n\t<meta name=\"twitter:data1\" content=\"1 minuto\" \/>\n<script type=\"application\/ld+json\" class=\"yoast-schema-graph\">{\"@context\":\"https:\/\/schema.org\",\"@graph\":[{\"@type\":[\"WebPage\",\"CollectionPage\"],\"@id\":\"https:\/\/d2dhunting.com\/es\/product\/beast-3-pack-practice-tip-125g\/\",\"url\":\"https:\/\/d2dhunting.com\/es\/product\/beast-3-pack-practice-tip-125g\/\",\"name\":\"Beast 3 pack practice tip 125g - D2D Hunting\",\"isPartOf\":{\"@id\":\"https:\/\/d2dhunting.com\/#website\"},\"primaryImageOfPage\":{\"@id\":\"https:\/\/d2dhunting.com\/es\/product\/beast-3-pack-practice-tip-125g\/#primaryimage\"},\"image\":{\"@id\":\"https:\/\/d2dhunting.com\/es\/product\/beast-3-pack-practice-tip-125g\/#primaryimage\"},\"thumbnailUrl\":\"https:\/\/d2dhunting.com\/wp-content\/uploads\/2025\/01\/Beast_125_Mockup_Practice_2pack.webp\",\"datePublished\":\"2025-01-21T17:00:47+00:00\",\"dateModified\":\"2025-01-21T17:02:23+00:00\",\"breadcrumb\":{\"@id\":\"https:\/\/d2dhunting.com\/es\/product\/beast-3-pack-practice-tip-125g\/#breadcrumb\"},\"inLanguage\":\"es\"},{\"@type\":\"ImageObject\",\"inLanguage\":\"es\",\"@id\":\"https:\/\/d2dhunting.com\/es\/product\/beast-3-pack-practice-tip-125g\/#primaryimage\",\"url\":\"https:\/\/d2dhunting.com\/wp-content\/uploads\/2025\/01\/Beast_125_Mockup_Practice_2pack.webp\",\"contentUrl\":\"https:\/\/d2dhunting.com\/wp-content\/uploads\/2025\/01\/Beast_125_Mockup_Practice_2pack.webp\",\"width\":1125,\"height\":1125},{\"@type\":\"BreadcrumbList\",\"@id\":\"https:\/\/d2dhunting.com\/es\/product\/beast-3-pack-practice-tip-125g\/#breadcrumb\",\"itemListElement\":[{\"@type\":\"ListItem\",\"position\":1,\"name\":\"Home\",\"item\":\"https:\/\/d2dhunting.com\/es\/\"},{\"@type\":\"ListItem\",\"position\":2,\"name\":\"Tienda ES\",\"item\":\"https:\/\/d2dhunting.com\/es\/tienda-2\/\"},{\"@type\":\"ListItem\",\"position\":3,\"name\":\"Beast 3 pack practice tip 125g\"}]},{\"@type\":\"WebSite\",\"@id\":\"https:\/\/d2dhunting.com\/#website\",\"url\":\"https:\/\/d2dhunting.com\/\",\"name\":\"D2D Hunting\",\"description\":\"D2D was born with the idea of promoting still stalk hunting, through the distribution of quality equipment for the hunter.\",\"publisher\":{\"@id\":\"https:\/\/d2dhunting.com\/#organization\"},\"potentialAction\":[{\"@type\":\"SearchAction\",\"target\":{\"@type\":\"EntryPoint\",\"urlTemplate\":\"https:\/\/d2dhunting.com\/?s={search_term_string}\"},\"query-input\":{\"@type\":\"PropertyValueSpecification\",\"valueRequired\":true,\"valueName\":\"search_term_string\"}}],\"inLanguage\":\"es\"},{\"@type\":\"Organization\",\"@id\":\"https:\/\/d2dhunting.com\/#organization\",\"name\":\"D2D Hunting\",\"url\":\"https:\/\/d2dhunting.com\/\",\"logo\":{\"@type\":\"ImageObject\",\"inLanguage\":\"es\",\"@id\":\"https:\/\/d2dhunting.com\/#\/schema\/logo\/image\/\",\"url\":\"https:\/\/d2dhunting.com\/wp-content\/uploads\/2023\/12\/Logo_Completo.png\",\"contentUrl\":\"https:\/\/d2dhunting.com\/wp-content\/uploads\/2023\/12\/Logo_Completo.png\",\"width\":740,\"height\":308,\"caption\":\"D2D Hunting\"},\"image\":{\"@id\":\"https:\/\/d2dhunting.com\/#\/schema\/logo\/image\/\"}}]}<\/script>\n<!-- \/ Yoast SEO plugin. -->","yoast_head_json":{"title":"Beast 3 pack practice tip 125g - D2D Hunting","robots":{"index":"index","follow":"follow","max-snippet":"max-snippet:-1","max-image-preview":"max-image-preview:large","max-video-preview":"max-video-preview:-1"},"canonical":"https:\/\/d2dhunting.com\/es\/product\/beast-3-pack-practice-tip-125g\/","og_locale":"es_ES","og_type":"article","og_title":"Beast 3 pack practice tip 125g - D2D Hunting","og_description":"\u00a12-Pack de puntas de pr\u00e1ctica ahora disponibles! Estas puntas de pr\u00e1ctica fueron dise\u00f1adas para imitar las caracter\u00edsticas de vuelo id\u00e9nticas a todas las puntas Beast Broadheads. Nuestras puntas de pr\u00e1ctica se ajustan bal\u00edsticamente a una punta de campo. Fabricadas con materiales duraderos de alta calidad, est\u00e1n construidas para soportar el uso repetido en una variedad [&hellip;]","og_url":"https:\/\/d2dhunting.com\/es\/product\/beast-3-pack-practice-tip-125g\/","og_site_name":"D2D Hunting","article_modified_time":"2025-01-21T17:02:23+00:00","og_image":[{"width":1125,"height":1125,"url":"https:\/\/d2dhunting.com\/wp-content\/uploads\/2025\/01\/Beast_125_Mockup_Practice_2pack.webp","type":"image\/webp"}],"twitter_card":"summary_large_image","twitter_misc":{"Tiempo de lectura":"1 minuto"},"schema":{"@context":"https:\/\/schema.org","@graph":[{"@type":["WebPage","CollectionPage"],"@id":"https:\/\/d2dhunting.com\/es\/product\/beast-3-pack-practice-tip-125g\/","url":"https:\/\/d2dhunting.com\/es\/product\/beast-3-pack-practice-tip-125g\/","name":"Beast 3 pack practice tip 125g - D2D Hunting","isPartOf":{"@id":"https:\/\/d2dhunting.com\/#website"},"primaryImageOfPage":{"@id":"https:\/\/d2dhunting.com\/es\/product\/beast-3-pack-practice-tip-125g\/#primaryimage"},"image":{"@id":"https:\/\/d2dhunting.com\/es\/product\/beast-3-pack-practice-tip-125g\/#primaryimage"},"thumbnailUrl":"https:\/\/d2dhunting.com\/wp-content\/uploads\/2025\/01\/Beast_125_Mockup_Practice_2pack.webp","datePublished":"2025-01-21T17:00:47+00:00","dateModified":"2025-01-21T17:02:23+00:00","breadcrumb":{"@id":"https:\/\/d2dhunting.com\/es\/product\/beast-3-pack-practice-tip-125g\/#breadcrumb"},"inLanguage":"es"},{"@type":"ImageObject","inLanguage":"es","@id":"https:\/\/d2dhunting.com\/es\/product\/beast-3-pack-practice-tip-125g\/#primaryimage","url":"https:\/\/d2dhunting.com\/wp-content\/uploads\/2025\/01\/Beast_125_Mockup_Practice_2pack.webp","contentUrl":"https:\/\/d2dhunting.com\/wp-content\/uploads\/2025\/01\/Beast_125_Mockup_Practice_2pack.webp","width":1125,"height":1125},{"@type":"BreadcrumbList","@id":"https:\/\/d2dhunting.com\/es\/product\/beast-3-pack-practice-tip-125g\/#breadcrumb","itemListElement":[{"@type":"ListItem","position":1,"name":"Home","item":"https:\/\/d2dhunting.com\/es\/"},{"@type":"ListItem","position":2,"name":"Tienda ES","item":"https:\/\/d2dhunting.com\/es\/tienda-2\/"},{"@type":"ListItem","position":3,"name":"Beast 3 pack practice tip 125g"}]},{"@type":"WebSite","@id":"https:\/\/d2dhunting.com\/#website","url":"https:\/\/d2dhunting.com\/","name":"D2D Hunting","description":"D2D was born with the idea of promoting still stalk hunting, through the distribution of quality equipment for the hunter.","publisher":{"@id":"https:\/\/d2dhunting.com\/#organization"},"potentialAction":[{"@type":"SearchAction","target":{"@type":"EntryPoint","urlTemplate":"https:\/\/d2dhunting.com\/?s={search_term_string}"},"query-input":{"@type":"PropertyValueSpecification","valueRequired":true,"valueName":"search_term_string"}}],"inLanguage":"es"},{"@type":"Organization","@id":"https:\/\/d2dhunting.com\/#organization","name":"D2D Hunting","url":"https:\/\/d2dhunting.com\/","logo":{"@type":"ImageObject","inLanguage":"es","@id":"https:\/\/d2dhunting.com\/#\/schema\/logo\/image\/","url":"https:\/\/d2dhunting.com\/wp-content\/uploads\/2023\/12\/Logo_Completo.png","contentUrl":"https:\/\/d2dhunting.com\/wp-content\/uploads\/2023\/12\/Logo_Completo.png","width":740,"height":308,"caption":"D2D Hunting"},"image":{"@id":"https:\/\/d2dhunting.com\/#\/schema\/logo\/image\/"}}]}},"brands":[{"id":2857,"name":"Bowmar archery","slug":"bowmar-archery"}],"_links":{"self":[{"href":"https:\/\/d2dhunting.com\/es\/wp-json\/wp\/v2\/product\/18025","targetHints":{"allow":["GET"]}}],"collection":[{"href":"https:\/\/d2dhunting.com\/es\/wp-json\/wp\/v2\/product"}],"about":[{"href":"https:\/\/d2dhunting.com\/es\/wp-json\/wp\/v2\/types\/product"}],"wp:featuredmedia":[{"embeddable":true,"href":"https:\/\/d2dhunting.com\/es\/wp-json\/wp\/v2\/media\/18020"}],"wp:attachment":[{"href":"https:\/\/d2dhunting.com\/es\/wp-json\/wp\/v2\/media?parent=18025"}],"wp:term":[{"taxonomy":"pwb-brand","embeddable":true,"href":"https:\/\/d2dhunting.com\/es\/wp-json\/wp\/v2\/pwb-brand?post=18025"},{"taxonomy":"product_brand","embeddable":true,"href":"https:\/\/d2dhunting.com\/es\/wp-json\/wp\/v2\/product_brand?post=18025"},{"taxonomy":"product_cat","embeddable":true,"href":"https:\/\/d2dhunting.com\/es\/wp-json\/wp\/v2\/product_cat?post=18025"},{"taxonomy":"product_tag","embeddable":true,"href":"https:\/\/d2dhunting.com\/es\/wp-json\/wp\/v2\/product_tag?post=18025"},{"taxonomy":"giftcard-category","embeddable":true,"href":"https:\/\/d2dhunting.com\/es\/wp-json\/wp\/v2\/giftcard-category?post=18025"}],"curies":[{"name":"wp","href":"https:\/\/api.w.org\/{rel}","templated":true}]}}