{"id":18363,"date":"2025-01-23T12:28:36","date_gmt":"2025-01-23T12:28:36","guid":{"rendered":"https:\/\/d2dhunting.com\/product\/treestalker-ii-realtree\/"},"modified":"2025-03-21T16:44:11","modified_gmt":"2025-03-21T16:44:11","slug":"treestalker-ii-realtree","status":"publish","type":"product","link":"https:\/\/d2dhunting.com\/es\/product\/treestalker-ii-realtree\/","title":{"rendered":"ARN\u00c9S TREESTALKER"},"content":{"rendered":"<p>El Treestalker est\u00e1 dise\u00f1ado para la caza en todas las estaciones. Los tejidos ligeros favorecen la transpirabilidad, mientras que los dos pr\u00e1cticos bolsillos proporcionan un amplio espacio de almacenamiento. La cincha superior de 1,25\u00bb, la correa de sujeci\u00f3n y la hebilla de la cintura proporcionan la resistencia que se espera del HSS sin a\u00f1adir peso ni volumen. Todo esto se basa en el dise\u00f1o de arn\u00e9s patentado en el que los cazadores han confiado durante m\u00e1s de veinte a\u00f1os.<\/p>\n<p>Incluye:<\/p>\n<p>Arn\u00e9s<br \/>\nCorrea ajustable para el \u00e1rbol<br \/>\nCorrea de alivio de la suspensi\u00f3n\/arrastre para ciervos<br \/>\nDVD de seguridad en el \u00e1rbol<br \/>\nInstrucciones de uso seguro<br \/>\nTarjeta de garant\u00eda<\/p>\n","protected":false},"excerpt":{"rendered":"<p>El Treestalker est\u00e1 dise\u00f1ado para la caza en todas las estaciones. Los tejidos ligeros favorecen la transpirabilidad, mientras que los dos pr\u00e1cticos bolsillos proporcionan un amplio espacio de almacenamiento.<\/p>\n","protected":false},"featured_media":18367,"template":"","meta":{"_acf_changed":false},"pwb-brand":[2949],"product_brand":[],"product_cat":[2948,3006],"product_tag":[],"giftcard-category":[],"class_list":{"0":"post-18363","1":"product","2":"type-product","3":"status-publish","4":"has-post-thumbnail","6":"pwb-brand-hss","7":"product_cat-arnes-de-seguridad","8":"product_cat-arneses","10":"first","11":"instock","12":"taxable","13":"shipping-taxable","14":"purchasable","15":"product-type-variable"},"acf":[],"yoast_head":"<!-- This site is optimized with the Yoast SEO plugin v27.2 - https:\/\/yoast.com\/product\/yoast-seo-wordpress\/ -->\n<title>ARN\u00c9S TREESTALKER - D2D Hunting<\/title>\n<meta name=\"description\" content=\"El Treestalker est\u00e1 dise\u00f1ado para la caza en todas las estaciones. Los tejidos ligeros favorecen la transpirabilidad, mientras que los dos pr\u00e1cticos...\" \/>\n<meta name=\"robots\" content=\"index, follow, max-snippet:-1, max-image-preview:large, max-video-preview:-1\" \/>\n<link rel=\"canonical\" href=\"https:\/\/d2dhunting.com\/es\/product\/treestalker-ii-realtree\/\" \/>\n<meta property=\"og:locale\" content=\"es_ES\" \/>\n<meta property=\"og:type\" content=\"article\" \/>\n<meta property=\"og:title\" content=\"ARN\u00c9S TREESTALKER - D2D Hunting\" \/>\n<meta property=\"og:description\" content=\"El Treestalker est\u00e1 dise\u00f1ado para la caza en todas las estaciones. Los tejidos ligeros favorecen la transpirabilidad, mientras que los dos pr\u00e1cticos...\" \/>\n<meta property=\"og:url\" content=\"https:\/\/d2dhunting.com\/es\/product\/treestalker-ii-realtree\/\" \/>\n<meta property=\"og:site_name\" content=\"D2D Hunting\" \/>\n<meta property=\"article:modified_time\" content=\"2025-03-21T16:44:11+00:00\" \/>\n<meta property=\"og:image\" content=\"https:\/\/d2dhunting.com\/wp-content\/uploads\/2025\/01\/YTTrjJjg.jpeg\" \/>\n\t<meta property=\"og:image:width\" content=\"2048\" \/>\n\t<meta property=\"og:image:height\" content=\"2048\" \/>\n\t<meta property=\"og:image:type\" content=\"image\/jpeg\" \/>\n<meta name=\"twitter:card\" content=\"summary_large_image\" \/>\n<meta name=\"twitter:label1\" content=\"Tiempo de lectura\" \/>\n\t<meta name=\"twitter:data1\" content=\"1 minuto\" \/>\n<script type=\"application\/ld+json\" class=\"yoast-schema-graph\">{\"@context\":\"https:\/\/schema.org\",\"@graph\":[{\"@type\":[\"WebPage\",\"CollectionPage\"],\"@id\":\"https:\/\/d2dhunting.com\/es\/product\/treestalker-ii-realtree\/\",\"url\":\"https:\/\/d2dhunting.com\/es\/product\/treestalker-ii-realtree\/\",\"name\":\"ARN\u00c9S TREESTALKER - D2D Hunting\",\"isPartOf\":{\"@id\":\"https:\/\/d2dhunting.com\/#website\"},\"primaryImageOfPage\":{\"@id\":\"https:\/\/d2dhunting.com\/es\/product\/treestalker-ii-realtree\/#primaryimage\"},\"image\":{\"@id\":\"https:\/\/d2dhunting.com\/es\/product\/treestalker-ii-realtree\/#primaryimage\"},\"thumbnailUrl\":\"https:\/\/d2dhunting.com\/wp-content\/uploads\/2025\/01\/YTTrjJjg.jpeg\",\"datePublished\":\"2025-01-23T12:28:36+00:00\",\"dateModified\":\"2025-03-21T16:44:11+00:00\",\"description\":\"El Treestalker est\u00e1 dise\u00f1ado para la caza en todas las estaciones. Los tejidos ligeros favorecen la transpirabilidad, mientras que los dos pr\u00e1cticos...\",\"breadcrumb\":{\"@id\":\"https:\/\/d2dhunting.com\/es\/product\/treestalker-ii-realtree\/#breadcrumb\"},\"inLanguage\":\"es\"},{\"@type\":\"ImageObject\",\"inLanguage\":\"es\",\"@id\":\"https:\/\/d2dhunting.com\/es\/product\/treestalker-ii-realtree\/#primaryimage\",\"url\":\"https:\/\/d2dhunting.com\/wp-content\/uploads\/2025\/01\/YTTrjJjg.jpeg\",\"contentUrl\":\"https:\/\/d2dhunting.com\/wp-content\/uploads\/2025\/01\/YTTrjJjg.jpeg\",\"width\":2048,\"height\":2048},{\"@type\":\"BreadcrumbList\",\"@id\":\"https:\/\/d2dhunting.com\/es\/product\/treestalker-ii-realtree\/#breadcrumb\",\"itemListElement\":[{\"@type\":\"ListItem\",\"position\":1,\"name\":\"Home\",\"item\":\"https:\/\/d2dhunting.com\/es\/\"},{\"@type\":\"ListItem\",\"position\":2,\"name\":\"Tienda ES\",\"item\":\"https:\/\/d2dhunting.com\/es\/tienda-2\/\"},{\"@type\":\"ListItem\",\"position\":3,\"name\":\"ARN\u00c9S TREESTALKER\"}]},{\"@type\":\"WebSite\",\"@id\":\"https:\/\/d2dhunting.com\/#website\",\"url\":\"https:\/\/d2dhunting.com\/\",\"name\":\"D2D Hunting\",\"description\":\"D2D was born with the idea of promoting still stalk hunting, through the distribution of quality equipment for the hunter.\",\"publisher\":{\"@id\":\"https:\/\/d2dhunting.com\/#organization\"},\"potentialAction\":[{\"@type\":\"SearchAction\",\"target\":{\"@type\":\"EntryPoint\",\"urlTemplate\":\"https:\/\/d2dhunting.com\/?s={search_term_string}\"},\"query-input\":{\"@type\":\"PropertyValueSpecification\",\"valueRequired\":true,\"valueName\":\"search_term_string\"}}],\"inLanguage\":\"es\"},{\"@type\":\"Organization\",\"@id\":\"https:\/\/d2dhunting.com\/#organization\",\"name\":\"D2D Hunting\",\"url\":\"https:\/\/d2dhunting.com\/\",\"logo\":{\"@type\":\"ImageObject\",\"inLanguage\":\"es\",\"@id\":\"https:\/\/d2dhunting.com\/#\/schema\/logo\/image\/\",\"url\":\"https:\/\/d2dhunting.com\/wp-content\/uploads\/2023\/12\/Logo_Completo.png\",\"contentUrl\":\"https:\/\/d2dhunting.com\/wp-content\/uploads\/2023\/12\/Logo_Completo.png\",\"width\":740,\"height\":308,\"caption\":\"D2D Hunting\"},\"image\":{\"@id\":\"https:\/\/d2dhunting.com\/#\/schema\/logo\/image\/\"}}]}<\/script>\n<!-- \/ Yoast SEO plugin. -->","yoast_head_json":{"title":"ARN\u00c9S TREESTALKER - D2D Hunting","description":"El Treestalker est\u00e1 dise\u00f1ado para la caza en todas las estaciones. Los tejidos ligeros favorecen la transpirabilidad, mientras que los dos pr\u00e1cticos...","robots":{"index":"index","follow":"follow","max-snippet":"max-snippet:-1","max-image-preview":"max-image-preview:large","max-video-preview":"max-video-preview:-1"},"canonical":"https:\/\/d2dhunting.com\/es\/product\/treestalker-ii-realtree\/","og_locale":"es_ES","og_type":"article","og_title":"ARN\u00c9S TREESTALKER - D2D Hunting","og_description":"El Treestalker est\u00e1 dise\u00f1ado para la caza en todas las estaciones. Los tejidos ligeros favorecen la transpirabilidad, mientras que los dos pr\u00e1cticos...","og_url":"https:\/\/d2dhunting.com\/es\/product\/treestalker-ii-realtree\/","og_site_name":"D2D Hunting","article_modified_time":"2025-03-21T16:44:11+00:00","og_image":[{"width":2048,"height":2048,"url":"https:\/\/d2dhunting.com\/wp-content\/uploads\/2025\/01\/YTTrjJjg.jpeg","type":"image\/jpeg"}],"twitter_card":"summary_large_image","twitter_misc":{"Tiempo de lectura":"1 minuto"},"schema":{"@context":"https:\/\/schema.org","@graph":[{"@type":["WebPage","CollectionPage"],"@id":"https:\/\/d2dhunting.com\/es\/product\/treestalker-ii-realtree\/","url":"https:\/\/d2dhunting.com\/es\/product\/treestalker-ii-realtree\/","name":"ARN\u00c9S TREESTALKER - D2D Hunting","isPartOf":{"@id":"https:\/\/d2dhunting.com\/#website"},"primaryImageOfPage":{"@id":"https:\/\/d2dhunting.com\/es\/product\/treestalker-ii-realtree\/#primaryimage"},"image":{"@id":"https:\/\/d2dhunting.com\/es\/product\/treestalker-ii-realtree\/#primaryimage"},"thumbnailUrl":"https:\/\/d2dhunting.com\/wp-content\/uploads\/2025\/01\/YTTrjJjg.jpeg","datePublished":"2025-01-23T12:28:36+00:00","dateModified":"2025-03-21T16:44:11+00:00","description":"El Treestalker est\u00e1 dise\u00f1ado para la caza en todas las estaciones. Los tejidos ligeros favorecen la transpirabilidad, mientras que los dos pr\u00e1cticos...","breadcrumb":{"@id":"https:\/\/d2dhunting.com\/es\/product\/treestalker-ii-realtree\/#breadcrumb"},"inLanguage":"es"},{"@type":"ImageObject","inLanguage":"es","@id":"https:\/\/d2dhunting.com\/es\/product\/treestalker-ii-realtree\/#primaryimage","url":"https:\/\/d2dhunting.com\/wp-content\/uploads\/2025\/01\/YTTrjJjg.jpeg","contentUrl":"https:\/\/d2dhunting.com\/wp-content\/uploads\/2025\/01\/YTTrjJjg.jpeg","width":2048,"height":2048},{"@type":"BreadcrumbList","@id":"https:\/\/d2dhunting.com\/es\/product\/treestalker-ii-realtree\/#breadcrumb","itemListElement":[{"@type":"ListItem","position":1,"name":"Home","item":"https:\/\/d2dhunting.com\/es\/"},{"@type":"ListItem","position":2,"name":"Tienda ES","item":"https:\/\/d2dhunting.com\/es\/tienda-2\/"},{"@type":"ListItem","position":3,"name":"ARN\u00c9S TREESTALKER"}]},{"@type":"WebSite","@id":"https:\/\/d2dhunting.com\/#website","url":"https:\/\/d2dhunting.com\/","name":"D2D Hunting","description":"D2D was born with the idea of promoting still stalk hunting, through the distribution of quality equipment for the hunter.","publisher":{"@id":"https:\/\/d2dhunting.com\/#organization"},"potentialAction":[{"@type":"SearchAction","target":{"@type":"EntryPoint","urlTemplate":"https:\/\/d2dhunting.com\/?s={search_term_string}"},"query-input":{"@type":"PropertyValueSpecification","valueRequired":true,"valueName":"search_term_string"}}],"inLanguage":"es"},{"@type":"Organization","@id":"https:\/\/d2dhunting.com\/#organization","name":"D2D Hunting","url":"https:\/\/d2dhunting.com\/","logo":{"@type":"ImageObject","inLanguage":"es","@id":"https:\/\/d2dhunting.com\/#\/schema\/logo\/image\/","url":"https:\/\/d2dhunting.com\/wp-content\/uploads\/2023\/12\/Logo_Completo.png","contentUrl":"https:\/\/d2dhunting.com\/wp-content\/uploads\/2023\/12\/Logo_Completo.png","width":740,"height":308,"caption":"D2D Hunting"},"image":{"@id":"https:\/\/d2dhunting.com\/#\/schema\/logo\/image\/"}}]}},"brands":[{"id":2949,"name":"HSS","slug":"hss"}],"_links":{"self":[{"href":"https:\/\/d2dhunting.com\/es\/wp-json\/wp\/v2\/product\/18363","targetHints":{"allow":["GET"]}}],"collection":[{"href":"https:\/\/d2dhunting.com\/es\/wp-json\/wp\/v2\/product"}],"about":[{"href":"https:\/\/d2dhunting.com\/es\/wp-json\/wp\/v2\/types\/product"}],"wp:featuredmedia":[{"embeddable":true,"href":"https:\/\/d2dhunting.com\/es\/wp-json\/wp\/v2\/media\/18367"}],"wp:attachment":[{"href":"https:\/\/d2dhunting.com\/es\/wp-json\/wp\/v2\/media?parent=18363"}],"wp:term":[{"taxonomy":"pwb-brand","embeddable":true,"href":"https:\/\/d2dhunting.com\/es\/wp-json\/wp\/v2\/pwb-brand?post=18363"},{"taxonomy":"product_brand","embeddable":true,"href":"https:\/\/d2dhunting.com\/es\/wp-json\/wp\/v2\/product_brand?post=18363"},{"taxonomy":"product_cat","embeddable":true,"href":"https:\/\/d2dhunting.com\/es\/wp-json\/wp\/v2\/product_cat?post=18363"},{"taxonomy":"product_tag","embeddable":true,"href":"https:\/\/d2dhunting.com\/es\/wp-json\/wp\/v2\/product_tag?post=18363"},{"taxonomy":"giftcard-category","embeddable":true,"href":"https:\/\/d2dhunting.com\/es\/wp-json\/wp\/v2\/giftcard-category?post=18363"}],"curies":[{"name":"wp","href":"https:\/\/api.w.org\/{rel}","templated":true}]}}