{"id":18373,"date":"2025-01-23T12:45:15","date_gmt":"2025-01-23T12:45:15","guid":{"rendered":"https:\/\/d2dhunting.com\/product\/pro-series-realtree\/"},"modified":"2025-03-18T19:37:14","modified_gmt":"2025-03-18T19:37:14","slug":"pro-series-realtree","status":"publish","type":"product","link":"https:\/\/d2dhunting.com\/es\/product\/pro-series-realtree\/","title":{"rendered":"ARN\u00c9S PRO-SERIES"},"content":{"rendered":"<p>La nueva Pro-Series es un arn\u00e9s premium para todas las estaciones que combina la \u00faltima tecnolog\u00eda en seguridad en el \u00e1rbol con las caracter\u00edsticas cl\u00e1sicas que hacen de este arn\u00e9s uno de los favoritos de los aficionados. El Pro-Series es un 40% m\u00e1s ligero que los modelos anteriores gracias a los tejidos ligeros y la malla de ventilaci\u00f3n. Los cazadores apreciar\u00e1n su c\u00f3modo ajuste y su dise\u00f1o de perfil bajo. Las correas para binoculares y tel\u00e9metros y los ocho pr\u00e1cticos bolsillos mantienen los objetos de caza al alcance de la mano. Todo esto se basa en el dise\u00f1o patentado Hunter Safety System en el que los cazadores han confiado durante m\u00e1s de veinte a\u00f1os.<\/p>\n<p>Incluye:<\/p>\n<p>Arn\u00e9s<br \/>\nCorrea ajustable para el \u00e1rbol<br \/>\nCorrea de suspensi\u00f3n\/arrastre para ciervos<br \/>\nDVD de seguridad<br \/>\nInstrucciones de uso seguro<br \/>\nTarjeta de garant\u00eda<\/p>\n","protected":false},"excerpt":{"rendered":"<p>La nueva Pro-Series es un arn\u00e9s premium para todas las estaciones que combina la \u00faltima tecnolog\u00eda en seguridad en el \u00e1rbol con las caracter\u00edsticas cl\u00e1sicas que hacen de este arn\u00e9s uno de los favoritos de los aficionados.<\/p>\n","protected":false},"featured_media":18370,"template":"","meta":{"_acf_changed":false},"pwb-brand":[2949],"product_brand":[],"product_cat":[2948,3006],"product_tag":[],"giftcard-category":[],"class_list":{"0":"post-18373","1":"product","2":"type-product","3":"status-publish","4":"has-post-thumbnail","6":"pwb-brand-hss","7":"product_cat-arnes-de-seguridad","8":"product_cat-arneses","10":"first","11":"instock","12":"taxable","13":"shipping-taxable","14":"purchasable","15":"product-type-variable"},"acf":[],"yoast_head":"<!-- This site is optimized with the Yoast SEO plugin v27.2 - https:\/\/yoast.com\/product\/yoast-seo-wordpress\/ -->\n<title>ARN\u00c9S PRO-SERIES - D2D Hunting<\/title>\n<meta name=\"description\" content=\"La nueva Pro-Series es un arn\u00e9s premium para todas las estaciones que combina la \u00faltima tecnolog\u00eda en seguridad en el \u00e1rbol con las caracter\u00edsticas...\" \/>\n<meta name=\"robots\" content=\"index, follow, max-snippet:-1, max-image-preview:large, max-video-preview:-1\" \/>\n<link rel=\"canonical\" href=\"https:\/\/d2dhunting.com\/es\/product\/pro-series-realtree\/\" \/>\n<meta property=\"og:locale\" content=\"es_ES\" \/>\n<meta property=\"og:type\" content=\"article\" \/>\n<meta property=\"og:title\" content=\"ARN\u00c9S PRO-SERIES - D2D Hunting\" \/>\n<meta property=\"og:description\" content=\"La nueva Pro-Series es un arn\u00e9s premium para todas las estaciones que combina la \u00faltima tecnolog\u00eda en seguridad en el \u00e1rbol con las caracter\u00edsticas...\" \/>\n<meta property=\"og:url\" content=\"https:\/\/d2dhunting.com\/es\/product\/pro-series-realtree\/\" \/>\n<meta property=\"og:site_name\" content=\"D2D Hunting\" \/>\n<meta property=\"article:modified_time\" content=\"2025-03-18T19:37:14+00:00\" \/>\n<meta property=\"og:image\" content=\"https:\/\/d2dhunting.com\/wp-content\/uploads\/2025\/01\/pro-r_360x.webp\" \/>\n\t<meta property=\"og:image:width\" content=\"360\" \/>\n\t<meta property=\"og:image:height\" content=\"360\" \/>\n\t<meta property=\"og:image:type\" content=\"image\/webp\" \/>\n<meta name=\"twitter:card\" content=\"summary_large_image\" \/>\n<meta name=\"twitter:label1\" content=\"Tiempo de lectura\" \/>\n\t<meta name=\"twitter:data1\" content=\"1 minuto\" \/>\n<script type=\"application\/ld+json\" class=\"yoast-schema-graph\">{\"@context\":\"https:\/\/schema.org\",\"@graph\":[{\"@type\":[\"WebPage\",\"CollectionPage\"],\"@id\":\"https:\/\/d2dhunting.com\/es\/product\/pro-series-realtree\/\",\"url\":\"https:\/\/d2dhunting.com\/es\/product\/pro-series-realtree\/\",\"name\":\"ARN\u00c9S PRO-SERIES - D2D Hunting\",\"isPartOf\":{\"@id\":\"https:\/\/d2dhunting.com\/#website\"},\"primaryImageOfPage\":{\"@id\":\"https:\/\/d2dhunting.com\/es\/product\/pro-series-realtree\/#primaryimage\"},\"image\":{\"@id\":\"https:\/\/d2dhunting.com\/es\/product\/pro-series-realtree\/#primaryimage\"},\"thumbnailUrl\":\"https:\/\/d2dhunting.com\/wp-content\/uploads\/2025\/01\/pro-r_360x.webp\",\"datePublished\":\"2025-01-23T12:45:15+00:00\",\"dateModified\":\"2025-03-18T19:37:14+00:00\",\"description\":\"La nueva Pro-Series es un arn\u00e9s premium para todas las estaciones que combina la \u00faltima tecnolog\u00eda en seguridad en el \u00e1rbol con las caracter\u00edsticas...\",\"breadcrumb\":{\"@id\":\"https:\/\/d2dhunting.com\/es\/product\/pro-series-realtree\/#breadcrumb\"},\"inLanguage\":\"es\"},{\"@type\":\"ImageObject\",\"inLanguage\":\"es\",\"@id\":\"https:\/\/d2dhunting.com\/es\/product\/pro-series-realtree\/#primaryimage\",\"url\":\"https:\/\/d2dhunting.com\/wp-content\/uploads\/2025\/01\/pro-r_360x.webp\",\"contentUrl\":\"https:\/\/d2dhunting.com\/wp-content\/uploads\/2025\/01\/pro-r_360x.webp\",\"width\":360,\"height\":360},{\"@type\":\"BreadcrumbList\",\"@id\":\"https:\/\/d2dhunting.com\/es\/product\/pro-series-realtree\/#breadcrumb\",\"itemListElement\":[{\"@type\":\"ListItem\",\"position\":1,\"name\":\"Home\",\"item\":\"https:\/\/d2dhunting.com\/es\/\"},{\"@type\":\"ListItem\",\"position\":2,\"name\":\"Tienda ES\",\"item\":\"https:\/\/d2dhunting.com\/es\/tienda-2\/\"},{\"@type\":\"ListItem\",\"position\":3,\"name\":\"ARN\u00c9S PRO-SERIES\"}]},{\"@type\":\"WebSite\",\"@id\":\"https:\/\/d2dhunting.com\/#website\",\"url\":\"https:\/\/d2dhunting.com\/\",\"name\":\"D2D Hunting\",\"description\":\"D2D was born with the idea of promoting still stalk hunting, through the distribution of quality equipment for the hunter.\",\"publisher\":{\"@id\":\"https:\/\/d2dhunting.com\/#organization\"},\"potentialAction\":[{\"@type\":\"SearchAction\",\"target\":{\"@type\":\"EntryPoint\",\"urlTemplate\":\"https:\/\/d2dhunting.com\/?s={search_term_string}\"},\"query-input\":{\"@type\":\"PropertyValueSpecification\",\"valueRequired\":true,\"valueName\":\"search_term_string\"}}],\"inLanguage\":\"es\"},{\"@type\":\"Organization\",\"@id\":\"https:\/\/d2dhunting.com\/#organization\",\"name\":\"D2D Hunting\",\"url\":\"https:\/\/d2dhunting.com\/\",\"logo\":{\"@type\":\"ImageObject\",\"inLanguage\":\"es\",\"@id\":\"https:\/\/d2dhunting.com\/#\/schema\/logo\/image\/\",\"url\":\"https:\/\/d2dhunting.com\/wp-content\/uploads\/2023\/12\/Logo_Completo.png\",\"contentUrl\":\"https:\/\/d2dhunting.com\/wp-content\/uploads\/2023\/12\/Logo_Completo.png\",\"width\":740,\"height\":308,\"caption\":\"D2D Hunting\"},\"image\":{\"@id\":\"https:\/\/d2dhunting.com\/#\/schema\/logo\/image\/\"}}]}<\/script>\n<!-- \/ Yoast SEO plugin. -->","yoast_head_json":{"title":"ARN\u00c9S PRO-SERIES - D2D Hunting","description":"La nueva Pro-Series es un arn\u00e9s premium para todas las estaciones que combina la \u00faltima tecnolog\u00eda en seguridad en el \u00e1rbol con las caracter\u00edsticas...","robots":{"index":"index","follow":"follow","max-snippet":"max-snippet:-1","max-image-preview":"max-image-preview:large","max-video-preview":"max-video-preview:-1"},"canonical":"https:\/\/d2dhunting.com\/es\/product\/pro-series-realtree\/","og_locale":"es_ES","og_type":"article","og_title":"ARN\u00c9S PRO-SERIES - D2D Hunting","og_description":"La nueva Pro-Series es un arn\u00e9s premium para todas las estaciones que combina la \u00faltima tecnolog\u00eda en seguridad en el \u00e1rbol con las caracter\u00edsticas...","og_url":"https:\/\/d2dhunting.com\/es\/product\/pro-series-realtree\/","og_site_name":"D2D Hunting","article_modified_time":"2025-03-18T19:37:14+00:00","og_image":[{"width":360,"height":360,"url":"https:\/\/d2dhunting.com\/wp-content\/uploads\/2025\/01\/pro-r_360x.webp","type":"image\/webp"}],"twitter_card":"summary_large_image","twitter_misc":{"Tiempo de lectura":"1 minuto"},"schema":{"@context":"https:\/\/schema.org","@graph":[{"@type":["WebPage","CollectionPage"],"@id":"https:\/\/d2dhunting.com\/es\/product\/pro-series-realtree\/","url":"https:\/\/d2dhunting.com\/es\/product\/pro-series-realtree\/","name":"ARN\u00c9S PRO-SERIES - D2D Hunting","isPartOf":{"@id":"https:\/\/d2dhunting.com\/#website"},"primaryImageOfPage":{"@id":"https:\/\/d2dhunting.com\/es\/product\/pro-series-realtree\/#primaryimage"},"image":{"@id":"https:\/\/d2dhunting.com\/es\/product\/pro-series-realtree\/#primaryimage"},"thumbnailUrl":"https:\/\/d2dhunting.com\/wp-content\/uploads\/2025\/01\/pro-r_360x.webp","datePublished":"2025-01-23T12:45:15+00:00","dateModified":"2025-03-18T19:37:14+00:00","description":"La nueva Pro-Series es un arn\u00e9s premium para todas las estaciones que combina la \u00faltima tecnolog\u00eda en seguridad en el \u00e1rbol con las caracter\u00edsticas...","breadcrumb":{"@id":"https:\/\/d2dhunting.com\/es\/product\/pro-series-realtree\/#breadcrumb"},"inLanguage":"es"},{"@type":"ImageObject","inLanguage":"es","@id":"https:\/\/d2dhunting.com\/es\/product\/pro-series-realtree\/#primaryimage","url":"https:\/\/d2dhunting.com\/wp-content\/uploads\/2025\/01\/pro-r_360x.webp","contentUrl":"https:\/\/d2dhunting.com\/wp-content\/uploads\/2025\/01\/pro-r_360x.webp","width":360,"height":360},{"@type":"BreadcrumbList","@id":"https:\/\/d2dhunting.com\/es\/product\/pro-series-realtree\/#breadcrumb","itemListElement":[{"@type":"ListItem","position":1,"name":"Home","item":"https:\/\/d2dhunting.com\/es\/"},{"@type":"ListItem","position":2,"name":"Tienda ES","item":"https:\/\/d2dhunting.com\/es\/tienda-2\/"},{"@type":"ListItem","position":3,"name":"ARN\u00c9S PRO-SERIES"}]},{"@type":"WebSite","@id":"https:\/\/d2dhunting.com\/#website","url":"https:\/\/d2dhunting.com\/","name":"D2D Hunting","description":"D2D was born with the idea of promoting still stalk hunting, through the distribution of quality equipment for the hunter.","publisher":{"@id":"https:\/\/d2dhunting.com\/#organization"},"potentialAction":[{"@type":"SearchAction","target":{"@type":"EntryPoint","urlTemplate":"https:\/\/d2dhunting.com\/?s={search_term_string}"},"query-input":{"@type":"PropertyValueSpecification","valueRequired":true,"valueName":"search_term_string"}}],"inLanguage":"es"},{"@type":"Organization","@id":"https:\/\/d2dhunting.com\/#organization","name":"D2D Hunting","url":"https:\/\/d2dhunting.com\/","logo":{"@type":"ImageObject","inLanguage":"es","@id":"https:\/\/d2dhunting.com\/#\/schema\/logo\/image\/","url":"https:\/\/d2dhunting.com\/wp-content\/uploads\/2023\/12\/Logo_Completo.png","contentUrl":"https:\/\/d2dhunting.com\/wp-content\/uploads\/2023\/12\/Logo_Completo.png","width":740,"height":308,"caption":"D2D Hunting"},"image":{"@id":"https:\/\/d2dhunting.com\/#\/schema\/logo\/image\/"}}]}},"brands":[{"id":2949,"name":"HSS","slug":"hss"}],"_links":{"self":[{"href":"https:\/\/d2dhunting.com\/es\/wp-json\/wp\/v2\/product\/18373","targetHints":{"allow":["GET"]}}],"collection":[{"href":"https:\/\/d2dhunting.com\/es\/wp-json\/wp\/v2\/product"}],"about":[{"href":"https:\/\/d2dhunting.com\/es\/wp-json\/wp\/v2\/types\/product"}],"wp:featuredmedia":[{"embeddable":true,"href":"https:\/\/d2dhunting.com\/es\/wp-json\/wp\/v2\/media\/18370"}],"wp:attachment":[{"href":"https:\/\/d2dhunting.com\/es\/wp-json\/wp\/v2\/media?parent=18373"}],"wp:term":[{"taxonomy":"pwb-brand","embeddable":true,"href":"https:\/\/d2dhunting.com\/es\/wp-json\/wp\/v2\/pwb-brand?post=18373"},{"taxonomy":"product_brand","embeddable":true,"href":"https:\/\/d2dhunting.com\/es\/wp-json\/wp\/v2\/product_brand?post=18373"},{"taxonomy":"product_cat","embeddable":true,"href":"https:\/\/d2dhunting.com\/es\/wp-json\/wp\/v2\/product_cat?post=18373"},{"taxonomy":"product_tag","embeddable":true,"href":"https:\/\/d2dhunting.com\/es\/wp-json\/wp\/v2\/product_tag?post=18373"},{"taxonomy":"giftcard-category","embeddable":true,"href":"https:\/\/d2dhunting.com\/es\/wp-json\/wp\/v2\/giftcard-category?post=18373"}],"curies":[{"name":"wp","href":"https:\/\/api.w.org\/{rel}","templated":true}]}}