{"id":18487,"date":"2025-01-24T11:05:12","date_gmt":"2025-01-24T11:05:12","guid":{"rendered":"https:\/\/d2dhunting.com\/product\/foot-warmer-boot-muff\/"},"modified":"2025-03-12T11:18:25","modified_gmt":"2025-03-12T11:18:25","slug":"foot-warmer-boot-muff","status":"publish","type":"product","link":"https:\/\/d2dhunting.com\/es\/product\/foot-warmer-boot-muff\/","title":{"rendered":"CALENTADOR DE PIES &#8211;  CUBREBOTAS"},"content":{"rendered":"<p>Experimenta la m\u00e1xima calidez y comodidad con nuestro cubrebotas HSS. Forrado con forro polar, presenta un exterior silencioso y suave al tacto y un cord\u00f3n ajustable para un ajuste perfecto. El bolsillo con cremallera para calentadores de pies a\u00f1ade calor extra, mientras que la correa del tal\u00f3n permite ajustarlo y quitarlo f\u00e1cilmente. Perfecto para la caza, la pesca o cualquier actividad en climas fr\u00edos.<\/p>\n","protected":false},"excerpt":{"rendered":"<p>Experimenta la m\u00e1xima calidez y comodidad con nuestro cubrebotas HSS. Forrado con forro polar presenta un exterior silencioso&#8230;<\/p>\n","protected":false},"featured_media":18480,"template":"","meta":{"_acf_changed":false},"pwb-brand":[2949],"product_brand":[],"product_cat":[2948,3004],"product_tag":[],"giftcard-category":[],"class_list":{"0":"post-18487","1":"product","2":"type-product","3":"status-publish","4":"has-post-thumbnail","6":"pwb-brand-hss","7":"product_cat-arnes-de-seguridad","8":"product_cat-hss-accesorios-es","10":"first","11":"instock","12":"taxable","13":"shipping-taxable","14":"purchasable","15":"product-type-simple"},"acf":[],"yoast_head":"<!-- This site is optimized with the Yoast SEO plugin v27.2 - https:\/\/yoast.com\/product\/yoast-seo-wordpress\/ -->\n<title>CALENTADOR DE PIES - CUBREBOTAS - D2D Hunting<\/title>\n<meta name=\"description\" content=\"Experimenta la m\u00e1xima calidez y comodidad con nuestro cubrebotas HSS. Forrado con forro polar presenta un exterior silencioso...\" \/>\n<meta name=\"robots\" content=\"index, follow, max-snippet:-1, max-image-preview:large, max-video-preview:-1\" \/>\n<link rel=\"canonical\" href=\"https:\/\/d2dhunting.com\/es\/product\/foot-warmer-boot-muff\/\" \/>\n<meta property=\"og:locale\" content=\"es_ES\" \/>\n<meta property=\"og:type\" content=\"article\" \/>\n<meta property=\"og:title\" content=\"CALENTADOR DE PIES - CUBREBOTAS - D2D Hunting\" \/>\n<meta property=\"og:description\" content=\"Experimenta la m\u00e1xima calidez y comodidad con nuestro cubrebotas HSS. Forrado con forro polar presenta un exterior silencioso...\" \/>\n<meta property=\"og:url\" content=\"https:\/\/d2dhunting.com\/es\/product\/foot-warmer-boot-muff\/\" \/>\n<meta property=\"og:site_name\" content=\"D2D Hunting\" \/>\n<meta property=\"article:modified_time\" content=\"2025-03-12T11:18:25+00:00\" \/>\n<meta property=\"og:image\" content=\"https:\/\/d2dhunting.com\/wp-content\/uploads\/2025\/01\/HSSProduct6-24BootMuffwearTh-2_1_360x.webp\" \/>\n\t<meta property=\"og:image:width\" content=\"360\" \/>\n\t<meta property=\"og:image:height\" content=\"360\" \/>\n\t<meta property=\"og:image:type\" content=\"image\/webp\" \/>\n<meta name=\"twitter:card\" content=\"summary_large_image\" \/>\n<meta name=\"twitter:label1\" content=\"Tiempo de lectura\" \/>\n\t<meta name=\"twitter:data1\" content=\"1 minuto\" \/>\n<script type=\"application\/ld+json\" class=\"yoast-schema-graph\">{\"@context\":\"https:\/\/schema.org\",\"@graph\":[{\"@type\":[\"WebPage\",\"CollectionPage\"],\"@id\":\"https:\/\/d2dhunting.com\/es\/product\/foot-warmer-boot-muff\/\",\"url\":\"https:\/\/d2dhunting.com\/es\/product\/foot-warmer-boot-muff\/\",\"name\":\"CALENTADOR DE PIES - CUBREBOTAS - D2D Hunting\",\"isPartOf\":{\"@id\":\"https:\/\/d2dhunting.com\/#website\"},\"primaryImageOfPage\":{\"@id\":\"https:\/\/d2dhunting.com\/es\/product\/foot-warmer-boot-muff\/#primaryimage\"},\"image\":{\"@id\":\"https:\/\/d2dhunting.com\/es\/product\/foot-warmer-boot-muff\/#primaryimage\"},\"thumbnailUrl\":\"https:\/\/d2dhunting.com\/wp-content\/uploads\/2025\/01\/HSSProduct6-24BootMuffwearTh-2_1_360x.webp\",\"datePublished\":\"2025-01-24T11:05:12+00:00\",\"dateModified\":\"2025-03-12T11:18:25+00:00\",\"description\":\"Experimenta la m\u00e1xima calidez y comodidad con nuestro cubrebotas HSS. Forrado con forro polar presenta un exterior silencioso...\",\"breadcrumb\":{\"@id\":\"https:\/\/d2dhunting.com\/es\/product\/foot-warmer-boot-muff\/#breadcrumb\"},\"inLanguage\":\"es\"},{\"@type\":\"ImageObject\",\"inLanguage\":\"es\",\"@id\":\"https:\/\/d2dhunting.com\/es\/product\/foot-warmer-boot-muff\/#primaryimage\",\"url\":\"https:\/\/d2dhunting.com\/wp-content\/uploads\/2025\/01\/HSSProduct6-24BootMuffwearTh-2_1_360x.webp\",\"contentUrl\":\"https:\/\/d2dhunting.com\/wp-content\/uploads\/2025\/01\/HSSProduct6-24BootMuffwearTh-2_1_360x.webp\",\"width\":360,\"height\":360},{\"@type\":\"BreadcrumbList\",\"@id\":\"https:\/\/d2dhunting.com\/es\/product\/foot-warmer-boot-muff\/#breadcrumb\",\"itemListElement\":[{\"@type\":\"ListItem\",\"position\":1,\"name\":\"Home\",\"item\":\"https:\/\/d2dhunting.com\/es\/\"},{\"@type\":\"ListItem\",\"position\":2,\"name\":\"Tienda ES\",\"item\":\"https:\/\/d2dhunting.com\/es\/tienda-2\/\"},{\"@type\":\"ListItem\",\"position\":3,\"name\":\"CALENTADOR DE PIES &#8211; CUBREBOTAS\"}]},{\"@type\":\"WebSite\",\"@id\":\"https:\/\/d2dhunting.com\/#website\",\"url\":\"https:\/\/d2dhunting.com\/\",\"name\":\"D2D Hunting\",\"description\":\"D2D was born with the idea of promoting still stalk hunting, through the distribution of quality equipment for the hunter.\",\"publisher\":{\"@id\":\"https:\/\/d2dhunting.com\/#organization\"},\"potentialAction\":[{\"@type\":\"SearchAction\",\"target\":{\"@type\":\"EntryPoint\",\"urlTemplate\":\"https:\/\/d2dhunting.com\/?s={search_term_string}\"},\"query-input\":{\"@type\":\"PropertyValueSpecification\",\"valueRequired\":true,\"valueName\":\"search_term_string\"}}],\"inLanguage\":\"es\"},{\"@type\":\"Organization\",\"@id\":\"https:\/\/d2dhunting.com\/#organization\",\"name\":\"D2D Hunting\",\"url\":\"https:\/\/d2dhunting.com\/\",\"logo\":{\"@type\":\"ImageObject\",\"inLanguage\":\"es\",\"@id\":\"https:\/\/d2dhunting.com\/#\/schema\/logo\/image\/\",\"url\":\"https:\/\/d2dhunting.com\/wp-content\/uploads\/2023\/12\/Logo_Completo.png\",\"contentUrl\":\"https:\/\/d2dhunting.com\/wp-content\/uploads\/2023\/12\/Logo_Completo.png\",\"width\":740,\"height\":308,\"caption\":\"D2D Hunting\"},\"image\":{\"@id\":\"https:\/\/d2dhunting.com\/#\/schema\/logo\/image\/\"}}]}<\/script>\n<!-- \/ Yoast SEO plugin. -->","yoast_head_json":{"title":"CALENTADOR DE PIES - CUBREBOTAS - D2D Hunting","description":"Experimenta la m\u00e1xima calidez y comodidad con nuestro cubrebotas HSS. Forrado con forro polar presenta un exterior silencioso...","robots":{"index":"index","follow":"follow","max-snippet":"max-snippet:-1","max-image-preview":"max-image-preview:large","max-video-preview":"max-video-preview:-1"},"canonical":"https:\/\/d2dhunting.com\/es\/product\/foot-warmer-boot-muff\/","og_locale":"es_ES","og_type":"article","og_title":"CALENTADOR DE PIES - CUBREBOTAS - D2D Hunting","og_description":"Experimenta la m\u00e1xima calidez y comodidad con nuestro cubrebotas HSS. Forrado con forro polar presenta un exterior silencioso...","og_url":"https:\/\/d2dhunting.com\/es\/product\/foot-warmer-boot-muff\/","og_site_name":"D2D Hunting","article_modified_time":"2025-03-12T11:18:25+00:00","og_image":[{"width":360,"height":360,"url":"https:\/\/d2dhunting.com\/wp-content\/uploads\/2025\/01\/HSSProduct6-24BootMuffwearTh-2_1_360x.webp","type":"image\/webp"}],"twitter_card":"summary_large_image","twitter_misc":{"Tiempo de lectura":"1 minuto"},"schema":{"@context":"https:\/\/schema.org","@graph":[{"@type":["WebPage","CollectionPage"],"@id":"https:\/\/d2dhunting.com\/es\/product\/foot-warmer-boot-muff\/","url":"https:\/\/d2dhunting.com\/es\/product\/foot-warmer-boot-muff\/","name":"CALENTADOR DE PIES - CUBREBOTAS - D2D Hunting","isPartOf":{"@id":"https:\/\/d2dhunting.com\/#website"},"primaryImageOfPage":{"@id":"https:\/\/d2dhunting.com\/es\/product\/foot-warmer-boot-muff\/#primaryimage"},"image":{"@id":"https:\/\/d2dhunting.com\/es\/product\/foot-warmer-boot-muff\/#primaryimage"},"thumbnailUrl":"https:\/\/d2dhunting.com\/wp-content\/uploads\/2025\/01\/HSSProduct6-24BootMuffwearTh-2_1_360x.webp","datePublished":"2025-01-24T11:05:12+00:00","dateModified":"2025-03-12T11:18:25+00:00","description":"Experimenta la m\u00e1xima calidez y comodidad con nuestro cubrebotas HSS. Forrado con forro polar presenta un exterior silencioso...","breadcrumb":{"@id":"https:\/\/d2dhunting.com\/es\/product\/foot-warmer-boot-muff\/#breadcrumb"},"inLanguage":"es"},{"@type":"ImageObject","inLanguage":"es","@id":"https:\/\/d2dhunting.com\/es\/product\/foot-warmer-boot-muff\/#primaryimage","url":"https:\/\/d2dhunting.com\/wp-content\/uploads\/2025\/01\/HSSProduct6-24BootMuffwearTh-2_1_360x.webp","contentUrl":"https:\/\/d2dhunting.com\/wp-content\/uploads\/2025\/01\/HSSProduct6-24BootMuffwearTh-2_1_360x.webp","width":360,"height":360},{"@type":"BreadcrumbList","@id":"https:\/\/d2dhunting.com\/es\/product\/foot-warmer-boot-muff\/#breadcrumb","itemListElement":[{"@type":"ListItem","position":1,"name":"Home","item":"https:\/\/d2dhunting.com\/es\/"},{"@type":"ListItem","position":2,"name":"Tienda ES","item":"https:\/\/d2dhunting.com\/es\/tienda-2\/"},{"@type":"ListItem","position":3,"name":"CALENTADOR DE PIES &#8211; CUBREBOTAS"}]},{"@type":"WebSite","@id":"https:\/\/d2dhunting.com\/#website","url":"https:\/\/d2dhunting.com\/","name":"D2D Hunting","description":"D2D was born with the idea of promoting still stalk hunting, through the distribution of quality equipment for the hunter.","publisher":{"@id":"https:\/\/d2dhunting.com\/#organization"},"potentialAction":[{"@type":"SearchAction","target":{"@type":"EntryPoint","urlTemplate":"https:\/\/d2dhunting.com\/?s={search_term_string}"},"query-input":{"@type":"PropertyValueSpecification","valueRequired":true,"valueName":"search_term_string"}}],"inLanguage":"es"},{"@type":"Organization","@id":"https:\/\/d2dhunting.com\/#organization","name":"D2D Hunting","url":"https:\/\/d2dhunting.com\/","logo":{"@type":"ImageObject","inLanguage":"es","@id":"https:\/\/d2dhunting.com\/#\/schema\/logo\/image\/","url":"https:\/\/d2dhunting.com\/wp-content\/uploads\/2023\/12\/Logo_Completo.png","contentUrl":"https:\/\/d2dhunting.com\/wp-content\/uploads\/2023\/12\/Logo_Completo.png","width":740,"height":308,"caption":"D2D Hunting"},"image":{"@id":"https:\/\/d2dhunting.com\/#\/schema\/logo\/image\/"}}]}},"brands":[{"id":2949,"name":"HSS","slug":"hss"}],"_links":{"self":[{"href":"https:\/\/d2dhunting.com\/es\/wp-json\/wp\/v2\/product\/18487","targetHints":{"allow":["GET"]}}],"collection":[{"href":"https:\/\/d2dhunting.com\/es\/wp-json\/wp\/v2\/product"}],"about":[{"href":"https:\/\/d2dhunting.com\/es\/wp-json\/wp\/v2\/types\/product"}],"wp:featuredmedia":[{"embeddable":true,"href":"https:\/\/d2dhunting.com\/es\/wp-json\/wp\/v2\/media\/18480"}],"wp:attachment":[{"href":"https:\/\/d2dhunting.com\/es\/wp-json\/wp\/v2\/media?parent=18487"}],"wp:term":[{"taxonomy":"pwb-brand","embeddable":true,"href":"https:\/\/d2dhunting.com\/es\/wp-json\/wp\/v2\/pwb-brand?post=18487"},{"taxonomy":"product_brand","embeddable":true,"href":"https:\/\/d2dhunting.com\/es\/wp-json\/wp\/v2\/product_brand?post=18487"},{"taxonomy":"product_cat","embeddable":true,"href":"https:\/\/d2dhunting.com\/es\/wp-json\/wp\/v2\/product_cat?post=18487"},{"taxonomy":"product_tag","embeddable":true,"href":"https:\/\/d2dhunting.com\/es\/wp-json\/wp\/v2\/product_tag?post=18487"},{"taxonomy":"giftcard-category","embeddable":true,"href":"https:\/\/d2dhunting.com\/es\/wp-json\/wp\/v2\/giftcard-category?post=18487"}],"curies":[{"name":"wp","href":"https:\/\/api.w.org\/{rel}","templated":true}]}}