{"id":18543,"date":"2025-01-25T14:17:41","date_gmt":"2025-01-25T14:17:41","guid":{"rendered":"https:\/\/d2dhunting.com\/product\/saddlelite-kit-black-arm\/"},"modified":"2025-03-12T11:09:27","modified_gmt":"2025-03-12T11:09:27","slug":"saddlelite-kit-black-arm","status":"publish","type":"product","link":"https:\/\/d2dhunting.com\/es\/product\/saddlelite-kit-black-arm\/","title":{"rendered":"KIT SADDLELITE ARM FOR CAMERA"},"content":{"rendered":"<p>Presentamos el nuevo brazo SaddleLite de Fourth Arrow. El brazo SaddleLite se construy\u00f3 desde cero con dos cosas en mente: debe ser lo m\u00e1s ligero y f\u00e1cil de transportar posible. Con s\u00f3lo 2 libras y 6 onzas, el SaddleLite es nuestro brazo m\u00e1s ligero hasta la fecha. La base del SaddleLite est\u00e1 separada del brazo para que pueda guardarlo en un bolsillo o bolsa.<\/p>\n<p>Con una f\u00e1cil nivelaci\u00f3n sin herramientas de casi 20 grados y una correa de hebilla de leva silenciosa, puede configurar el brazo SaddleLight silenciosamente y en segundos. El brazo triple de 3 secciones se extiende hasta 60, 96cm para garantizar que pueda capturar cada momento, pero es lo suficientemente peque\u00f1o como para deslizarse f\u00e1cilmente entre su puente.<\/p>\n<p>Con un peso nominal de 2,25 kg, el brazo SaddleLight es perfecto para cualquier tel\u00e9fono m\u00f3vil o peque\u00f1a handycam. Filmar desde una silla de montar nunca ha sido tan f\u00e1cil. Ve m\u00e1s ligero y m\u00e1s profundo en el bosque con el nuevo SaddleLite Arm de Fourth Arrow.<\/p>\n","protected":false},"excerpt":{"rendered":"<p>Presentamos el nuevo brazo SaddleLite de Fourth Arrow. El brazo SaddleLite se construy\u00f3 desde cero con dos cosas en mente: debe ser lo m\u00e1s ligero y f\u00e1cil de transportar posible.<\/p>\n","protected":false},"featured_media":18541,"template":"","meta":{"_acf_changed":false},"pwb-brand":[3034],"product_brand":[],"product_cat":[2945],"product_tag":[],"giftcard-category":[],"class_list":{"0":"post-18543","1":"product","2":"type-product","3":"status-publish","4":"has-post-thumbnail","6":"pwb-brand-fourth-arrow-camera-armas","7":"product_cat-brazos-de-camara","9":"first","10":"instock","11":"taxable","12":"shipping-taxable","13":"purchasable","14":"product-type-simple"},"acf":[],"yoast_head":"<!-- This site is optimized with the Yoast SEO plugin v27.2 - https:\/\/yoast.com\/product\/yoast-seo-wordpress\/ -->\n<title>KIT SADDLELITE ARM FOR CAMERA - D2D Hunting<\/title>\n<meta name=\"description\" content=\"Presentamos el nuevo brazo SaddleLite de Fourth Arrow. El brazo SaddleLite fue construido desde cero con dos cosas en mente...\" \/>\n<meta name=\"robots\" content=\"index, follow, max-snippet:-1, max-image-preview:large, max-video-preview:-1\" \/>\n<link rel=\"canonical\" href=\"https:\/\/d2dhunting.com\/es\/product\/saddlelite-kit-black-arm\/\" \/>\n<meta property=\"og:locale\" content=\"es_ES\" \/>\n<meta property=\"og:type\" content=\"article\" \/>\n<meta property=\"og:title\" content=\"KIT SADDLELITE ARM FOR CAMERA - D2D Hunting\" \/>\n<meta property=\"og:description\" content=\"Presentamos el nuevo brazo SaddleLite de Fourth Arrow. El brazo SaddleLite fue construido desde cero con dos cosas en mente...\" \/>\n<meta property=\"og:url\" content=\"https:\/\/d2dhunting.com\/es\/product\/saddlelite-kit-black-arm\/\" \/>\n<meta property=\"og:site_name\" content=\"D2D Hunting\" \/>\n<meta property=\"article:modified_time\" content=\"2025-03-12T11:09:27+00:00\" \/>\n<meta property=\"og:image\" content=\"https:\/\/d2dhunting.com\/wp-content\/uploads\/2025\/01\/SaddleLite-Arm-01-1.webp\" \/>\n\t<meta property=\"og:image:width\" content=\"960\" \/>\n\t<meta property=\"og:image:height\" content=\"960\" \/>\n\t<meta property=\"og:image:type\" content=\"image\/webp\" \/>\n<meta name=\"twitter:card\" content=\"summary_large_image\" \/>\n<meta name=\"twitter:label1\" content=\"Tiempo de lectura\" \/>\n\t<meta name=\"twitter:data1\" content=\"1 minuto\" \/>\n<script type=\"application\/ld+json\" class=\"yoast-schema-graph\">{\"@context\":\"https:\/\/schema.org\",\"@graph\":[{\"@type\":[\"WebPage\",\"CollectionPage\"],\"@id\":\"https:\/\/d2dhunting.com\/es\/product\/saddlelite-kit-black-arm\/\",\"url\":\"https:\/\/d2dhunting.com\/es\/product\/saddlelite-kit-black-arm\/\",\"name\":\"KIT SADDLELITE ARM FOR CAMERA - D2D Hunting\",\"isPartOf\":{\"@id\":\"https:\/\/d2dhunting.com\/#website\"},\"primaryImageOfPage\":{\"@id\":\"https:\/\/d2dhunting.com\/es\/product\/saddlelite-kit-black-arm\/#primaryimage\"},\"image\":{\"@id\":\"https:\/\/d2dhunting.com\/es\/product\/saddlelite-kit-black-arm\/#primaryimage\"},\"thumbnailUrl\":\"https:\/\/d2dhunting.com\/wp-content\/uploads\/2025\/01\/SaddleLite-Arm-01-1.webp\",\"datePublished\":\"2025-01-25T14:17:41+00:00\",\"dateModified\":\"2025-03-12T11:09:27+00:00\",\"description\":\"Presentamos el nuevo brazo SaddleLite de Fourth Arrow. El brazo SaddleLite fue construido desde cero con dos cosas en mente...\",\"breadcrumb\":{\"@id\":\"https:\/\/d2dhunting.com\/es\/product\/saddlelite-kit-black-arm\/#breadcrumb\"},\"inLanguage\":\"es\"},{\"@type\":\"ImageObject\",\"inLanguage\":\"es\",\"@id\":\"https:\/\/d2dhunting.com\/es\/product\/saddlelite-kit-black-arm\/#primaryimage\",\"url\":\"https:\/\/d2dhunting.com\/wp-content\/uploads\/2025\/01\/SaddleLite-Arm-01-1.webp\",\"contentUrl\":\"https:\/\/d2dhunting.com\/wp-content\/uploads\/2025\/01\/SaddleLite-Arm-01-1.webp\",\"width\":960,\"height\":960},{\"@type\":\"BreadcrumbList\",\"@id\":\"https:\/\/d2dhunting.com\/es\/product\/saddlelite-kit-black-arm\/#breadcrumb\",\"itemListElement\":[{\"@type\":\"ListItem\",\"position\":1,\"name\":\"Home\",\"item\":\"https:\/\/d2dhunting.com\/es\/\"},{\"@type\":\"ListItem\",\"position\":2,\"name\":\"Tienda ES\",\"item\":\"https:\/\/d2dhunting.com\/es\/tienda-2\/\"},{\"@type\":\"ListItem\",\"position\":3,\"name\":\"KIT SADDLELITE ARM FOR CAMERA\"}]},{\"@type\":\"WebSite\",\"@id\":\"https:\/\/d2dhunting.com\/#website\",\"url\":\"https:\/\/d2dhunting.com\/\",\"name\":\"D2D Hunting\",\"description\":\"D2D was born with the idea of promoting still stalk hunting, through the distribution of quality equipment for the hunter.\",\"publisher\":{\"@id\":\"https:\/\/d2dhunting.com\/#organization\"},\"potentialAction\":[{\"@type\":\"SearchAction\",\"target\":{\"@type\":\"EntryPoint\",\"urlTemplate\":\"https:\/\/d2dhunting.com\/?s={search_term_string}\"},\"query-input\":{\"@type\":\"PropertyValueSpecification\",\"valueRequired\":true,\"valueName\":\"search_term_string\"}}],\"inLanguage\":\"es\"},{\"@type\":\"Organization\",\"@id\":\"https:\/\/d2dhunting.com\/#organization\",\"name\":\"D2D Hunting\",\"url\":\"https:\/\/d2dhunting.com\/\",\"logo\":{\"@type\":\"ImageObject\",\"inLanguage\":\"es\",\"@id\":\"https:\/\/d2dhunting.com\/#\/schema\/logo\/image\/\",\"url\":\"https:\/\/d2dhunting.com\/wp-content\/uploads\/2023\/12\/Logo_Completo.png\",\"contentUrl\":\"https:\/\/d2dhunting.com\/wp-content\/uploads\/2023\/12\/Logo_Completo.png\",\"width\":740,\"height\":308,\"caption\":\"D2D Hunting\"},\"image\":{\"@id\":\"https:\/\/d2dhunting.com\/#\/schema\/logo\/image\/\"}}]}<\/script>\n<!-- \/ Yoast SEO plugin. -->","yoast_head_json":{"title":"KIT SADDLELITE ARM FOR CAMERA - D2D Hunting","description":"Presentamos el nuevo brazo SaddleLite de Fourth Arrow. El brazo SaddleLite fue construido desde cero con dos cosas en mente...","robots":{"index":"index","follow":"follow","max-snippet":"max-snippet:-1","max-image-preview":"max-image-preview:large","max-video-preview":"max-video-preview:-1"},"canonical":"https:\/\/d2dhunting.com\/es\/product\/saddlelite-kit-black-arm\/","og_locale":"es_ES","og_type":"article","og_title":"KIT SADDLELITE ARM FOR CAMERA - D2D Hunting","og_description":"Presentamos el nuevo brazo SaddleLite de Fourth Arrow. El brazo SaddleLite fue construido desde cero con dos cosas en mente...","og_url":"https:\/\/d2dhunting.com\/es\/product\/saddlelite-kit-black-arm\/","og_site_name":"D2D Hunting","article_modified_time":"2025-03-12T11:09:27+00:00","og_image":[{"width":960,"height":960,"url":"https:\/\/d2dhunting.com\/wp-content\/uploads\/2025\/01\/SaddleLite-Arm-01-1.webp","type":"image\/webp"}],"twitter_card":"summary_large_image","twitter_misc":{"Tiempo de lectura":"1 minuto"},"schema":{"@context":"https:\/\/schema.org","@graph":[{"@type":["WebPage","CollectionPage"],"@id":"https:\/\/d2dhunting.com\/es\/product\/saddlelite-kit-black-arm\/","url":"https:\/\/d2dhunting.com\/es\/product\/saddlelite-kit-black-arm\/","name":"KIT SADDLELITE ARM FOR CAMERA - D2D Hunting","isPartOf":{"@id":"https:\/\/d2dhunting.com\/#website"},"primaryImageOfPage":{"@id":"https:\/\/d2dhunting.com\/es\/product\/saddlelite-kit-black-arm\/#primaryimage"},"image":{"@id":"https:\/\/d2dhunting.com\/es\/product\/saddlelite-kit-black-arm\/#primaryimage"},"thumbnailUrl":"https:\/\/d2dhunting.com\/wp-content\/uploads\/2025\/01\/SaddleLite-Arm-01-1.webp","datePublished":"2025-01-25T14:17:41+00:00","dateModified":"2025-03-12T11:09:27+00:00","description":"Presentamos el nuevo brazo SaddleLite de Fourth Arrow. El brazo SaddleLite fue construido desde cero con dos cosas en mente...","breadcrumb":{"@id":"https:\/\/d2dhunting.com\/es\/product\/saddlelite-kit-black-arm\/#breadcrumb"},"inLanguage":"es"},{"@type":"ImageObject","inLanguage":"es","@id":"https:\/\/d2dhunting.com\/es\/product\/saddlelite-kit-black-arm\/#primaryimage","url":"https:\/\/d2dhunting.com\/wp-content\/uploads\/2025\/01\/SaddleLite-Arm-01-1.webp","contentUrl":"https:\/\/d2dhunting.com\/wp-content\/uploads\/2025\/01\/SaddleLite-Arm-01-1.webp","width":960,"height":960},{"@type":"BreadcrumbList","@id":"https:\/\/d2dhunting.com\/es\/product\/saddlelite-kit-black-arm\/#breadcrumb","itemListElement":[{"@type":"ListItem","position":1,"name":"Home","item":"https:\/\/d2dhunting.com\/es\/"},{"@type":"ListItem","position":2,"name":"Tienda ES","item":"https:\/\/d2dhunting.com\/es\/tienda-2\/"},{"@type":"ListItem","position":3,"name":"KIT SADDLELITE ARM FOR CAMERA"}]},{"@type":"WebSite","@id":"https:\/\/d2dhunting.com\/#website","url":"https:\/\/d2dhunting.com\/","name":"D2D Hunting","description":"D2D was born with the idea of promoting still stalk hunting, through the distribution of quality equipment for the hunter.","publisher":{"@id":"https:\/\/d2dhunting.com\/#organization"},"potentialAction":[{"@type":"SearchAction","target":{"@type":"EntryPoint","urlTemplate":"https:\/\/d2dhunting.com\/?s={search_term_string}"},"query-input":{"@type":"PropertyValueSpecification","valueRequired":true,"valueName":"search_term_string"}}],"inLanguage":"es"},{"@type":"Organization","@id":"https:\/\/d2dhunting.com\/#organization","name":"D2D Hunting","url":"https:\/\/d2dhunting.com\/","logo":{"@type":"ImageObject","inLanguage":"es","@id":"https:\/\/d2dhunting.com\/#\/schema\/logo\/image\/","url":"https:\/\/d2dhunting.com\/wp-content\/uploads\/2023\/12\/Logo_Completo.png","contentUrl":"https:\/\/d2dhunting.com\/wp-content\/uploads\/2023\/12\/Logo_Completo.png","width":740,"height":308,"caption":"D2D Hunting"},"image":{"@id":"https:\/\/d2dhunting.com\/#\/schema\/logo\/image\/"}}]}},"brands":[{"id":3034,"name":"Fourth arrow camera armas","slug":"fourth-arrow-camera-armas"}],"_links":{"self":[{"href":"https:\/\/d2dhunting.com\/es\/wp-json\/wp\/v2\/product\/18543","targetHints":{"allow":["GET"]}}],"collection":[{"href":"https:\/\/d2dhunting.com\/es\/wp-json\/wp\/v2\/product"}],"about":[{"href":"https:\/\/d2dhunting.com\/es\/wp-json\/wp\/v2\/types\/product"}],"wp:featuredmedia":[{"embeddable":true,"href":"https:\/\/d2dhunting.com\/es\/wp-json\/wp\/v2\/media\/18541"}],"wp:attachment":[{"href":"https:\/\/d2dhunting.com\/es\/wp-json\/wp\/v2\/media?parent=18543"}],"wp:term":[{"taxonomy":"pwb-brand","embeddable":true,"href":"https:\/\/d2dhunting.com\/es\/wp-json\/wp\/v2\/pwb-brand?post=18543"},{"taxonomy":"product_brand","embeddable":true,"href":"https:\/\/d2dhunting.com\/es\/wp-json\/wp\/v2\/product_brand?post=18543"},{"taxonomy":"product_cat","embeddable":true,"href":"https:\/\/d2dhunting.com\/es\/wp-json\/wp\/v2\/product_cat?post=18543"},{"taxonomy":"product_tag","embeddable":true,"href":"https:\/\/d2dhunting.com\/es\/wp-json\/wp\/v2\/product_tag?post=18543"},{"taxonomy":"giftcard-category","embeddable":true,"href":"https:\/\/d2dhunting.com\/es\/wp-json\/wp\/v2\/giftcard-category?post=18543"}],"curies":[{"name":"wp","href":"https:\/\/api.w.org\/{rel}","templated":true}]}}