{"id":18573,"date":"2025-01-25T15:01:55","date_gmt":"2025-01-25T15:01:55","guid":{"rendered":"https:\/\/d2dhunting.com\/product\/talon-micro-triple-arm-talon\/"},"modified":"2025-03-12T11:05:15","modified_gmt":"2025-03-12T11:05:15","slug":"talon-micro-triple-arm-talon","status":"publish","type":"product","link":"https:\/\/d2dhunting.com\/es\/product\/talon-micro-triple-arm-talon\/","title":{"rendered":"MICRO TRIPLE BRAZO TALON"},"content":{"rendered":"<div id=\"shopify-section-template--17284949147905__rich_text_9dr37w\" class=\"shopify-section featured-text-section\">\n<div class=\"rich-text px-rail py-section border-b border-primary-section-border text-align-section\" data-section-id=\"template--17284949147905__rich_text_9dr37w\" data-section-type=\"rich-text\">\n<div class=\"rich-text__contain mx-auto max-w-screen space-y-6\">\n<div class=\"rich-text__content mx-auto rte\">\n<p>Presentamos el nuevo Micro Triple Arm. El Micro Triple Brazo ha sido sometido a una revisi\u00f3n a fondo y ahora es medio kilo m\u00e1s ligero que el modelo anterior. Para nosotros los cazadores de silla, el ahorro de media libra es una gran cosa en esas largas caminatas en el bosque. Este robusto brazo de aluminio soporta hasta 10 libras de c\u00e1mara, y tiene una tercera secci\u00f3n recubierta de goma para un uso silencioso. El brazo Micro Triple junto con nuestro hombro 3.0 y Talon es ultra compacto y ligero y lleva la caza m\u00f3vil al siguiente nivel. Una configuraci\u00f3n m\u00e1s ligera significa que puede adentrarse m\u00e1s en el bosque.<\/p>\n<\/div>\n<\/div>\n<\/div>\n<\/div>\n","protected":false},"excerpt":{"rendered":"<p>Presentamos el nuevo Micro Triple Arm. El Micro Triple Arm ha sido sometido a una revisi\u00f3n a fondo y ahora es medio kilo m\u00e1s ligero que el modelo anterior.<\/p>\n","protected":false},"featured_media":18566,"template":"","meta":{"_acf_changed":false},"pwb-brand":[3034],"product_brand":[],"product_cat":[2945],"product_tag":[],"giftcard-category":[],"class_list":{"0":"post-18573","1":"product","2":"type-product","3":"status-publish","4":"has-post-thumbnail","6":"pwb-brand-fourth-arrow-camera-armas","7":"product_cat-brazos-de-camara","9":"first","10":"instock","11":"taxable","12":"shipping-taxable","13":"purchasable","14":"product-type-simple"},"acf":[],"yoast_head":"<!-- This site is optimized with the Yoast SEO plugin v27.2 - https:\/\/yoast.com\/product\/yoast-seo-wordpress\/ -->\n<title>MICRO TRIPLE BRAZO TALON - D2D Hunting<\/title>\n<meta name=\"description\" content=\"Presentamos el nuevo Micro Triple Arm. El Micro Triple Brazo ha sido sometido a una revisi\u00f3n a fondo y ahora es medio kilo m\u00e1s ligero que el modelo...\" \/>\n<meta name=\"robots\" content=\"index, follow, max-snippet:-1, max-image-preview:large, max-video-preview:-1\" \/>\n<link rel=\"canonical\" href=\"https:\/\/d2dhunting.com\/es\/product\/talon-micro-triple-arm-talon\/\" \/>\n<meta property=\"og:locale\" content=\"es_ES\" \/>\n<meta property=\"og:type\" content=\"article\" \/>\n<meta property=\"og:title\" content=\"MICRO TRIPLE BRAZO TALON - D2D Hunting\" \/>\n<meta property=\"og:description\" content=\"Presentamos el nuevo Micro Triple Arm. El Micro Triple Brazo ha sido sometido a una revisi\u00f3n a fondo y ahora es medio kilo m\u00e1s ligero que el modelo...\" \/>\n<meta property=\"og:url\" content=\"https:\/\/d2dhunting.com\/es\/product\/talon-micro-triple-arm-talon\/\" \/>\n<meta property=\"og:site_name\" content=\"D2D Hunting\" \/>\n<meta property=\"article:modified_time\" content=\"2025-03-12T11:05:15+00:00\" \/>\n<meta property=\"og:image\" content=\"https:\/\/d2dhunting.com\/wp-content\/uploads\/2025\/01\/New-Micro-Triple-Arm-Kit-01.webp\" \/>\n\t<meta property=\"og:image:width\" content=\"960\" \/>\n\t<meta property=\"og:image:height\" content=\"960\" \/>\n\t<meta property=\"og:image:type\" content=\"image\/webp\" \/>\n<meta name=\"twitter:card\" content=\"summary_large_image\" \/>\n<meta name=\"twitter:label1\" content=\"Tiempo de lectura\" \/>\n\t<meta name=\"twitter:data1\" content=\"1 minuto\" \/>\n<script type=\"application\/ld+json\" class=\"yoast-schema-graph\">{\"@context\":\"https:\/\/schema.org\",\"@graph\":[{\"@type\":[\"WebPage\",\"CollectionPage\"],\"@id\":\"https:\/\/d2dhunting.com\/es\/product\/talon-micro-triple-arm-talon\/\",\"url\":\"https:\/\/d2dhunting.com\/es\/product\/talon-micro-triple-arm-talon\/\",\"name\":\"MICRO TRIPLE BRAZO TALON - D2D Hunting\",\"isPartOf\":{\"@id\":\"https:\/\/d2dhunting.com\/#website\"},\"primaryImageOfPage\":{\"@id\":\"https:\/\/d2dhunting.com\/es\/product\/talon-micro-triple-arm-talon\/#primaryimage\"},\"image\":{\"@id\":\"https:\/\/d2dhunting.com\/es\/product\/talon-micro-triple-arm-talon\/#primaryimage\"},\"thumbnailUrl\":\"https:\/\/d2dhunting.com\/wp-content\/uploads\/2025\/01\/New-Micro-Triple-Arm-Kit-01.webp\",\"datePublished\":\"2025-01-25T15:01:55+00:00\",\"dateModified\":\"2025-03-12T11:05:15+00:00\",\"description\":\"Presentamos el nuevo Micro Triple Arm. El Micro Triple Brazo ha sido sometido a una revisi\u00f3n a fondo y ahora es medio kilo m\u00e1s ligero que el modelo...\",\"breadcrumb\":{\"@id\":\"https:\/\/d2dhunting.com\/es\/product\/talon-micro-triple-arm-talon\/#breadcrumb\"},\"inLanguage\":\"es\"},{\"@type\":\"ImageObject\",\"inLanguage\":\"es\",\"@id\":\"https:\/\/d2dhunting.com\/es\/product\/talon-micro-triple-arm-talon\/#primaryimage\",\"url\":\"https:\/\/d2dhunting.com\/wp-content\/uploads\/2025\/01\/New-Micro-Triple-Arm-Kit-01.webp\",\"contentUrl\":\"https:\/\/d2dhunting.com\/wp-content\/uploads\/2025\/01\/New-Micro-Triple-Arm-Kit-01.webp\",\"width\":960,\"height\":960},{\"@type\":\"BreadcrumbList\",\"@id\":\"https:\/\/d2dhunting.com\/es\/product\/talon-micro-triple-arm-talon\/#breadcrumb\",\"itemListElement\":[{\"@type\":\"ListItem\",\"position\":1,\"name\":\"Home\",\"item\":\"https:\/\/d2dhunting.com\/es\/\"},{\"@type\":\"ListItem\",\"position\":2,\"name\":\"Tienda ES\",\"item\":\"https:\/\/d2dhunting.com\/es\/tienda-2\/\"},{\"@type\":\"ListItem\",\"position\":3,\"name\":\"MICRO TRIPLE BRAZO TALON\"}]},{\"@type\":\"WebSite\",\"@id\":\"https:\/\/d2dhunting.com\/#website\",\"url\":\"https:\/\/d2dhunting.com\/\",\"name\":\"D2D Hunting\",\"description\":\"D2D was born with the idea of promoting still stalk hunting, through the distribution of quality equipment for the hunter.\",\"publisher\":{\"@id\":\"https:\/\/d2dhunting.com\/#organization\"},\"potentialAction\":[{\"@type\":\"SearchAction\",\"target\":{\"@type\":\"EntryPoint\",\"urlTemplate\":\"https:\/\/d2dhunting.com\/?s={search_term_string}\"},\"query-input\":{\"@type\":\"PropertyValueSpecification\",\"valueRequired\":true,\"valueName\":\"search_term_string\"}}],\"inLanguage\":\"es\"},{\"@type\":\"Organization\",\"@id\":\"https:\/\/d2dhunting.com\/#organization\",\"name\":\"D2D Hunting\",\"url\":\"https:\/\/d2dhunting.com\/\",\"logo\":{\"@type\":\"ImageObject\",\"inLanguage\":\"es\",\"@id\":\"https:\/\/d2dhunting.com\/#\/schema\/logo\/image\/\",\"url\":\"https:\/\/d2dhunting.com\/wp-content\/uploads\/2023\/12\/Logo_Completo.png\",\"contentUrl\":\"https:\/\/d2dhunting.com\/wp-content\/uploads\/2023\/12\/Logo_Completo.png\",\"width\":740,\"height\":308,\"caption\":\"D2D Hunting\"},\"image\":{\"@id\":\"https:\/\/d2dhunting.com\/#\/schema\/logo\/image\/\"}}]}<\/script>\n<!-- \/ Yoast SEO plugin. -->","yoast_head_json":{"title":"MICRO TRIPLE BRAZO TALON - D2D Hunting","description":"Presentamos el nuevo Micro Triple Arm. El Micro Triple Brazo ha sido sometido a una revisi\u00f3n a fondo y ahora es medio kilo m\u00e1s ligero que el modelo...","robots":{"index":"index","follow":"follow","max-snippet":"max-snippet:-1","max-image-preview":"max-image-preview:large","max-video-preview":"max-video-preview:-1"},"canonical":"https:\/\/d2dhunting.com\/es\/product\/talon-micro-triple-arm-talon\/","og_locale":"es_ES","og_type":"article","og_title":"MICRO TRIPLE BRAZO TALON - D2D Hunting","og_description":"Presentamos el nuevo Micro Triple Arm. El Micro Triple Brazo ha sido sometido a una revisi\u00f3n a fondo y ahora es medio kilo m\u00e1s ligero que el modelo...","og_url":"https:\/\/d2dhunting.com\/es\/product\/talon-micro-triple-arm-talon\/","og_site_name":"D2D Hunting","article_modified_time":"2025-03-12T11:05:15+00:00","og_image":[{"width":960,"height":960,"url":"https:\/\/d2dhunting.com\/wp-content\/uploads\/2025\/01\/New-Micro-Triple-Arm-Kit-01.webp","type":"image\/webp"}],"twitter_card":"summary_large_image","twitter_misc":{"Tiempo de lectura":"1 minuto"},"schema":{"@context":"https:\/\/schema.org","@graph":[{"@type":["WebPage","CollectionPage"],"@id":"https:\/\/d2dhunting.com\/es\/product\/talon-micro-triple-arm-talon\/","url":"https:\/\/d2dhunting.com\/es\/product\/talon-micro-triple-arm-talon\/","name":"MICRO TRIPLE BRAZO TALON - D2D Hunting","isPartOf":{"@id":"https:\/\/d2dhunting.com\/#website"},"primaryImageOfPage":{"@id":"https:\/\/d2dhunting.com\/es\/product\/talon-micro-triple-arm-talon\/#primaryimage"},"image":{"@id":"https:\/\/d2dhunting.com\/es\/product\/talon-micro-triple-arm-talon\/#primaryimage"},"thumbnailUrl":"https:\/\/d2dhunting.com\/wp-content\/uploads\/2025\/01\/New-Micro-Triple-Arm-Kit-01.webp","datePublished":"2025-01-25T15:01:55+00:00","dateModified":"2025-03-12T11:05:15+00:00","description":"Presentamos el nuevo Micro Triple Arm. El Micro Triple Brazo ha sido sometido a una revisi\u00f3n a fondo y ahora es medio kilo m\u00e1s ligero que el modelo...","breadcrumb":{"@id":"https:\/\/d2dhunting.com\/es\/product\/talon-micro-triple-arm-talon\/#breadcrumb"},"inLanguage":"es"},{"@type":"ImageObject","inLanguage":"es","@id":"https:\/\/d2dhunting.com\/es\/product\/talon-micro-triple-arm-talon\/#primaryimage","url":"https:\/\/d2dhunting.com\/wp-content\/uploads\/2025\/01\/New-Micro-Triple-Arm-Kit-01.webp","contentUrl":"https:\/\/d2dhunting.com\/wp-content\/uploads\/2025\/01\/New-Micro-Triple-Arm-Kit-01.webp","width":960,"height":960},{"@type":"BreadcrumbList","@id":"https:\/\/d2dhunting.com\/es\/product\/talon-micro-triple-arm-talon\/#breadcrumb","itemListElement":[{"@type":"ListItem","position":1,"name":"Home","item":"https:\/\/d2dhunting.com\/es\/"},{"@type":"ListItem","position":2,"name":"Tienda ES","item":"https:\/\/d2dhunting.com\/es\/tienda-2\/"},{"@type":"ListItem","position":3,"name":"MICRO TRIPLE BRAZO TALON"}]},{"@type":"WebSite","@id":"https:\/\/d2dhunting.com\/#website","url":"https:\/\/d2dhunting.com\/","name":"D2D Hunting","description":"D2D was born with the idea of promoting still stalk hunting, through the distribution of quality equipment for the hunter.","publisher":{"@id":"https:\/\/d2dhunting.com\/#organization"},"potentialAction":[{"@type":"SearchAction","target":{"@type":"EntryPoint","urlTemplate":"https:\/\/d2dhunting.com\/?s={search_term_string}"},"query-input":{"@type":"PropertyValueSpecification","valueRequired":true,"valueName":"search_term_string"}}],"inLanguage":"es"},{"@type":"Organization","@id":"https:\/\/d2dhunting.com\/#organization","name":"D2D Hunting","url":"https:\/\/d2dhunting.com\/","logo":{"@type":"ImageObject","inLanguage":"es","@id":"https:\/\/d2dhunting.com\/#\/schema\/logo\/image\/","url":"https:\/\/d2dhunting.com\/wp-content\/uploads\/2023\/12\/Logo_Completo.png","contentUrl":"https:\/\/d2dhunting.com\/wp-content\/uploads\/2023\/12\/Logo_Completo.png","width":740,"height":308,"caption":"D2D Hunting"},"image":{"@id":"https:\/\/d2dhunting.com\/#\/schema\/logo\/image\/"}}]}},"brands":[{"id":3034,"name":"Fourth arrow camera armas","slug":"fourth-arrow-camera-armas"}],"_links":{"self":[{"href":"https:\/\/d2dhunting.com\/es\/wp-json\/wp\/v2\/product\/18573","targetHints":{"allow":["GET"]}}],"collection":[{"href":"https:\/\/d2dhunting.com\/es\/wp-json\/wp\/v2\/product"}],"about":[{"href":"https:\/\/d2dhunting.com\/es\/wp-json\/wp\/v2\/types\/product"}],"wp:featuredmedia":[{"embeddable":true,"href":"https:\/\/d2dhunting.com\/es\/wp-json\/wp\/v2\/media\/18566"}],"wp:attachment":[{"href":"https:\/\/d2dhunting.com\/es\/wp-json\/wp\/v2\/media?parent=18573"}],"wp:term":[{"taxonomy":"pwb-brand","embeddable":true,"href":"https:\/\/d2dhunting.com\/es\/wp-json\/wp\/v2\/pwb-brand?post=18573"},{"taxonomy":"product_brand","embeddable":true,"href":"https:\/\/d2dhunting.com\/es\/wp-json\/wp\/v2\/product_brand?post=18573"},{"taxonomy":"product_cat","embeddable":true,"href":"https:\/\/d2dhunting.com\/es\/wp-json\/wp\/v2\/product_cat?post=18573"},{"taxonomy":"product_tag","embeddable":true,"href":"https:\/\/d2dhunting.com\/es\/wp-json\/wp\/v2\/product_tag?post=18573"},{"taxonomy":"giftcard-category","embeddable":true,"href":"https:\/\/d2dhunting.com\/es\/wp-json\/wp\/v2\/giftcard-category?post=18573"}],"curies":[{"name":"wp","href":"https:\/\/api.w.org\/{rel}","templated":true}]}}