{"id":18589,"date":"2025-01-25T15:20:34","date_gmt":"2025-01-25T15:20:34","guid":{"rendered":"https:\/\/d2dhunting.com\/product\/video-head-s\/"},"modified":"2025-02-25T12:20:43","modified_gmt":"2025-02-25T12:20:43","slug":"video-head-s","status":"publish","type":"product","link":"https:\/\/d2dhunting.com\/es\/product\/video-head-s\/","title":{"rendered":"Video Head S"},"content":{"rendered":"<p>Presentamos el nuevo cabezal de v\u00eddeo S. El cabezal de v\u00eddeo S es extra suave y compacto. Pesa s\u00f3lo 1\/2 libra que es la mitad del peso de nuestra cabeza de v\u00eddeo original. Esta hecha de aluminio de alta calidad y es super suave y solida. El mango est\u00e1 dise\u00f1ado para ser lo suficientemente largo para su uso con mandos a distancia de la c\u00e1mara. Funciona perfecto para celulares o camaras de hasta 6 libras. Incluye una placa de liberaci\u00f3n r\u00e1pida para quitar r\u00e1pidamente su c\u00e1mara.<\/p>\n<p>Tiene rosca de 3\/8\u00bb 16 en el bot\u00f3n. La placa de liberaci\u00f3n r\u00e1pida tiene rosca de 1\/4\u00bb 20.<\/p>\n<p>&nbsp;<\/p>\n","protected":false},"excerpt":{"rendered":"<p>Presentamos la nueva Video Head S. La Video Head S es extra suave y compacta.<\/p>\n","protected":false},"featured_media":18580,"template":"","meta":{"_acf_changed":false},"pwb-brand":[3034],"product_brand":[],"product_cat":[2945],"product_tag":[],"giftcard-category":[],"class_list":{"0":"post-18589","1":"product","2":"type-product","3":"status-publish","4":"has-post-thumbnail","6":"pwb-brand-fourth-arrow-camera-armas","7":"product_cat-brazos-de-camara","9":"first","10":"instock","11":"taxable","12":"shipping-taxable","13":"purchasable","14":"product-type-simple"},"acf":[],"yoast_head":"<!-- This site is optimized with the Yoast SEO plugin v27.2 - https:\/\/yoast.com\/product\/yoast-seo-wordpress\/ -->\n<title>Video Head S - D2D Hunting<\/title>\n<meta name=\"description\" content=\"Presentamos el nuevo cabezal de v\u00eddeo S. El cabezal de v\u00eddeo S es extra suave y compacto. Pesa s\u00f3lo 1\/2 libra que es la mitad del peso...\" \/>\n<meta name=\"robots\" content=\"index, follow, max-snippet:-1, max-image-preview:large, max-video-preview:-1\" \/>\n<link rel=\"canonical\" href=\"https:\/\/d2dhunting.com\/es\/product\/video-head-s\/\" \/>\n<meta property=\"og:locale\" content=\"es_ES\" \/>\n<meta property=\"og:type\" content=\"article\" \/>\n<meta property=\"og:title\" content=\"Video Head S - D2D Hunting\" \/>\n<meta property=\"og:description\" content=\"Presentamos el nuevo cabezal de v\u00eddeo S. El cabezal de v\u00eddeo S es extra suave y compacto. Pesa s\u00f3lo 1\/2 libra que es la mitad del peso...\" \/>\n<meta property=\"og:url\" content=\"https:\/\/d2dhunting.com\/es\/product\/video-head-s\/\" \/>\n<meta property=\"og:site_name\" content=\"D2D Hunting\" \/>\n<meta property=\"article:modified_time\" content=\"2025-02-25T12:20:43+00:00\" \/>\n<meta property=\"og:image\" content=\"https:\/\/d2dhunting.com\/wp-content\/uploads\/2025\/01\/Video-head-S-side.webp\" \/>\n\t<meta property=\"og:image:width\" content=\"960\" \/>\n\t<meta property=\"og:image:height\" content=\"960\" \/>\n\t<meta property=\"og:image:type\" content=\"image\/webp\" \/>\n<meta name=\"twitter:card\" content=\"summary_large_image\" \/>\n<meta name=\"twitter:label1\" content=\"Tiempo de lectura\" \/>\n\t<meta name=\"twitter:data1\" content=\"1 minuto\" \/>\n<script type=\"application\/ld+json\" class=\"yoast-schema-graph\">{\"@context\":\"https:\/\/schema.org\",\"@graph\":[{\"@type\":[\"WebPage\",\"CollectionPage\"],\"@id\":\"https:\/\/d2dhunting.com\/es\/product\/video-head-s\/\",\"url\":\"https:\/\/d2dhunting.com\/es\/product\/video-head-s\/\",\"name\":\"Video Head S - D2D Hunting\",\"isPartOf\":{\"@id\":\"https:\/\/d2dhunting.com\/#website\"},\"primaryImageOfPage\":{\"@id\":\"https:\/\/d2dhunting.com\/es\/product\/video-head-s\/#primaryimage\"},\"image\":{\"@id\":\"https:\/\/d2dhunting.com\/es\/product\/video-head-s\/#primaryimage\"},\"thumbnailUrl\":\"https:\/\/d2dhunting.com\/wp-content\/uploads\/2025\/01\/Video-head-S-side.webp\",\"datePublished\":\"2025-01-25T15:20:34+00:00\",\"dateModified\":\"2025-02-25T12:20:43+00:00\",\"description\":\"Presentamos el nuevo cabezal de v\u00eddeo S. El cabezal de v\u00eddeo S es extra suave y compacto. Pesa s\u00f3lo 1\/2 libra que es la mitad del peso...\",\"breadcrumb\":{\"@id\":\"https:\/\/d2dhunting.com\/es\/product\/video-head-s\/#breadcrumb\"},\"inLanguage\":\"es\"},{\"@type\":\"ImageObject\",\"inLanguage\":\"es\",\"@id\":\"https:\/\/d2dhunting.com\/es\/product\/video-head-s\/#primaryimage\",\"url\":\"https:\/\/d2dhunting.com\/wp-content\/uploads\/2025\/01\/Video-head-S-side.webp\",\"contentUrl\":\"https:\/\/d2dhunting.com\/wp-content\/uploads\/2025\/01\/Video-head-S-side.webp\",\"width\":960,\"height\":960},{\"@type\":\"BreadcrumbList\",\"@id\":\"https:\/\/d2dhunting.com\/es\/product\/video-head-s\/#breadcrumb\",\"itemListElement\":[{\"@type\":\"ListItem\",\"position\":1,\"name\":\"Home\",\"item\":\"https:\/\/d2dhunting.com\/es\/\"},{\"@type\":\"ListItem\",\"position\":2,\"name\":\"Tienda ES\",\"item\":\"https:\/\/d2dhunting.com\/es\/tienda-2\/\"},{\"@type\":\"ListItem\",\"position\":3,\"name\":\"Video Head S\"}]},{\"@type\":\"WebSite\",\"@id\":\"https:\/\/d2dhunting.com\/#website\",\"url\":\"https:\/\/d2dhunting.com\/\",\"name\":\"D2D Hunting\",\"description\":\"D2D was born with the idea of promoting still stalk hunting, through the distribution of quality equipment for the hunter.\",\"publisher\":{\"@id\":\"https:\/\/d2dhunting.com\/#organization\"},\"potentialAction\":[{\"@type\":\"SearchAction\",\"target\":{\"@type\":\"EntryPoint\",\"urlTemplate\":\"https:\/\/d2dhunting.com\/?s={search_term_string}\"},\"query-input\":{\"@type\":\"PropertyValueSpecification\",\"valueRequired\":true,\"valueName\":\"search_term_string\"}}],\"inLanguage\":\"es\"},{\"@type\":\"Organization\",\"@id\":\"https:\/\/d2dhunting.com\/#organization\",\"name\":\"D2D Hunting\",\"url\":\"https:\/\/d2dhunting.com\/\",\"logo\":{\"@type\":\"ImageObject\",\"inLanguage\":\"es\",\"@id\":\"https:\/\/d2dhunting.com\/#\/schema\/logo\/image\/\",\"url\":\"https:\/\/d2dhunting.com\/wp-content\/uploads\/2023\/12\/Logo_Completo.png\",\"contentUrl\":\"https:\/\/d2dhunting.com\/wp-content\/uploads\/2023\/12\/Logo_Completo.png\",\"width\":740,\"height\":308,\"caption\":\"D2D Hunting\"},\"image\":{\"@id\":\"https:\/\/d2dhunting.com\/#\/schema\/logo\/image\/\"}}]}<\/script>\n<!-- \/ Yoast SEO plugin. -->","yoast_head_json":{"title":"Video Head S - D2D Hunting","description":"Presentamos el nuevo cabezal de v\u00eddeo S. El cabezal de v\u00eddeo S es extra suave y compacto. Pesa s\u00f3lo 1\/2 libra que es la mitad del peso...","robots":{"index":"index","follow":"follow","max-snippet":"max-snippet:-1","max-image-preview":"max-image-preview:large","max-video-preview":"max-video-preview:-1"},"canonical":"https:\/\/d2dhunting.com\/es\/product\/video-head-s\/","og_locale":"es_ES","og_type":"article","og_title":"Video Head S - D2D Hunting","og_description":"Presentamos el nuevo cabezal de v\u00eddeo S. El cabezal de v\u00eddeo S es extra suave y compacto. Pesa s\u00f3lo 1\/2 libra que es la mitad del peso...","og_url":"https:\/\/d2dhunting.com\/es\/product\/video-head-s\/","og_site_name":"D2D Hunting","article_modified_time":"2025-02-25T12:20:43+00:00","og_image":[{"width":960,"height":960,"url":"https:\/\/d2dhunting.com\/wp-content\/uploads\/2025\/01\/Video-head-S-side.webp","type":"image\/webp"}],"twitter_card":"summary_large_image","twitter_misc":{"Tiempo de lectura":"1 minuto"},"schema":{"@context":"https:\/\/schema.org","@graph":[{"@type":["WebPage","CollectionPage"],"@id":"https:\/\/d2dhunting.com\/es\/product\/video-head-s\/","url":"https:\/\/d2dhunting.com\/es\/product\/video-head-s\/","name":"Video Head S - D2D Hunting","isPartOf":{"@id":"https:\/\/d2dhunting.com\/#website"},"primaryImageOfPage":{"@id":"https:\/\/d2dhunting.com\/es\/product\/video-head-s\/#primaryimage"},"image":{"@id":"https:\/\/d2dhunting.com\/es\/product\/video-head-s\/#primaryimage"},"thumbnailUrl":"https:\/\/d2dhunting.com\/wp-content\/uploads\/2025\/01\/Video-head-S-side.webp","datePublished":"2025-01-25T15:20:34+00:00","dateModified":"2025-02-25T12:20:43+00:00","description":"Presentamos el nuevo cabezal de v\u00eddeo S. El cabezal de v\u00eddeo S es extra suave y compacto. Pesa s\u00f3lo 1\/2 libra que es la mitad del peso...","breadcrumb":{"@id":"https:\/\/d2dhunting.com\/es\/product\/video-head-s\/#breadcrumb"},"inLanguage":"es"},{"@type":"ImageObject","inLanguage":"es","@id":"https:\/\/d2dhunting.com\/es\/product\/video-head-s\/#primaryimage","url":"https:\/\/d2dhunting.com\/wp-content\/uploads\/2025\/01\/Video-head-S-side.webp","contentUrl":"https:\/\/d2dhunting.com\/wp-content\/uploads\/2025\/01\/Video-head-S-side.webp","width":960,"height":960},{"@type":"BreadcrumbList","@id":"https:\/\/d2dhunting.com\/es\/product\/video-head-s\/#breadcrumb","itemListElement":[{"@type":"ListItem","position":1,"name":"Home","item":"https:\/\/d2dhunting.com\/es\/"},{"@type":"ListItem","position":2,"name":"Tienda ES","item":"https:\/\/d2dhunting.com\/es\/tienda-2\/"},{"@type":"ListItem","position":3,"name":"Video Head S"}]},{"@type":"WebSite","@id":"https:\/\/d2dhunting.com\/#website","url":"https:\/\/d2dhunting.com\/","name":"D2D Hunting","description":"D2D was born with the idea of promoting still stalk hunting, through the distribution of quality equipment for the hunter.","publisher":{"@id":"https:\/\/d2dhunting.com\/#organization"},"potentialAction":[{"@type":"SearchAction","target":{"@type":"EntryPoint","urlTemplate":"https:\/\/d2dhunting.com\/?s={search_term_string}"},"query-input":{"@type":"PropertyValueSpecification","valueRequired":true,"valueName":"search_term_string"}}],"inLanguage":"es"},{"@type":"Organization","@id":"https:\/\/d2dhunting.com\/#organization","name":"D2D Hunting","url":"https:\/\/d2dhunting.com\/","logo":{"@type":"ImageObject","inLanguage":"es","@id":"https:\/\/d2dhunting.com\/#\/schema\/logo\/image\/","url":"https:\/\/d2dhunting.com\/wp-content\/uploads\/2023\/12\/Logo_Completo.png","contentUrl":"https:\/\/d2dhunting.com\/wp-content\/uploads\/2023\/12\/Logo_Completo.png","width":740,"height":308,"caption":"D2D Hunting"},"image":{"@id":"https:\/\/d2dhunting.com\/#\/schema\/logo\/image\/"}}]}},"brands":[{"id":3034,"name":"Fourth arrow camera armas","slug":"fourth-arrow-camera-armas"}],"_links":{"self":[{"href":"https:\/\/d2dhunting.com\/es\/wp-json\/wp\/v2\/product\/18589","targetHints":{"allow":["GET"]}}],"collection":[{"href":"https:\/\/d2dhunting.com\/es\/wp-json\/wp\/v2\/product"}],"about":[{"href":"https:\/\/d2dhunting.com\/es\/wp-json\/wp\/v2\/types\/product"}],"wp:featuredmedia":[{"embeddable":true,"href":"https:\/\/d2dhunting.com\/es\/wp-json\/wp\/v2\/media\/18580"}],"wp:attachment":[{"href":"https:\/\/d2dhunting.com\/es\/wp-json\/wp\/v2\/media?parent=18589"}],"wp:term":[{"taxonomy":"pwb-brand","embeddable":true,"href":"https:\/\/d2dhunting.com\/es\/wp-json\/wp\/v2\/pwb-brand?post=18589"},{"taxonomy":"product_brand","embeddable":true,"href":"https:\/\/d2dhunting.com\/es\/wp-json\/wp\/v2\/product_brand?post=18589"},{"taxonomy":"product_cat","embeddable":true,"href":"https:\/\/d2dhunting.com\/es\/wp-json\/wp\/v2\/product_cat?post=18589"},{"taxonomy":"product_tag","embeddable":true,"href":"https:\/\/d2dhunting.com\/es\/wp-json\/wp\/v2\/product_tag?post=18589"},{"taxonomy":"giftcard-category","embeddable":true,"href":"https:\/\/d2dhunting.com\/es\/wp-json\/wp\/v2\/giftcard-category?post=18589"}],"curies":[{"name":"wp","href":"https:\/\/api.w.org\/{rel}","templated":true}]}}