{"id":18603,"date":"2025-01-26T18:48:23","date_gmt":"2025-01-26T18:48:23","guid":{"rendered":"https:\/\/d2dhunting.com\/product\/mini-video-head\/"},"modified":"2025-01-26T19:01:51","modified_gmt":"2025-01-26T19:01:51","slug":"mini-video-head","status":"publish","type":"product","link":"https:\/\/d2dhunting.com\/es\/product\/mini-video-head\/","title":{"rendered":"Minicabezal de v\u00eddeo"},"content":{"rendered":"<p>Los cabezales de v\u00eddeo son esenciales para obtener un metraje fluido mientras filma su caza. El Mini Video Head es super ligero y compacto y est\u00e1 dise\u00f1ado para peque\u00f1as handycams y tel\u00e9fonos m\u00f3viles con la adici\u00f3n del soporte del tel\u00e9fono celular. La placa de liberaci\u00f3n r\u00e1pida incluida hace que sea muy f\u00e1cil de quitar r\u00e1pidamente la c\u00e1mara de la cabeza. Una cabeza peque\u00f1a y b\u00e1sica, pero totalmente funcional para grabar su caza.<\/p>\n<p>S\u00f3lo para uso con handycams peque\u00f1as o tel\u00e9fonos m\u00f3viles.<\/p>\n","protected":false},"excerpt":{"rendered":"<p>Los cabezales de v\u00eddeo son esenciales para obtener un metraje fluido mientras filma su caza.<\/p>\n","protected":false},"featured_media":18602,"template":"","meta":{"_acf_changed":false},"pwb-brand":[3034],"product_brand":[],"product_cat":[2945],"product_tag":[],"giftcard-category":[],"class_list":{"0":"post-18603","1":"product","2":"type-product","3":"status-publish","4":"has-post-thumbnail","6":"pwb-brand-fourth-arrow-camera-armas","7":"product_cat-brazos-de-camara","9":"first","10":"instock","11":"taxable","12":"shipping-taxable","13":"purchasable","14":"product-type-simple"},"acf":[],"yoast_head":"<!-- This site is optimized with the Yoast SEO plugin v27.2 - https:\/\/yoast.com\/product\/yoast-seo-wordpress\/ -->\n<title>Minicabezal de v\u00eddeo - D2D Hunting<\/title>\n<meta name=\"description\" content=\"Los cabezales de v\u00eddeo son esenciales para obtener un metraje fluido mientras filma su caza.\" \/>\n<meta name=\"robots\" content=\"index, follow, max-snippet:-1, max-image-preview:large, max-video-preview:-1\" \/>\n<link rel=\"canonical\" href=\"https:\/\/d2dhunting.com\/es\/product\/mini-video-head\/\" \/>\n<meta property=\"og:locale\" content=\"es_ES\" \/>\n<meta property=\"og:type\" content=\"article\" \/>\n<meta property=\"og:title\" content=\"Minicabezal de v\u00eddeo - D2D Hunting\" \/>\n<meta property=\"og:description\" content=\"Los cabezales de v\u00eddeo son esenciales para obtener un metraje fluido mientras filma su caza.\" \/>\n<meta property=\"og:url\" content=\"https:\/\/d2dhunting.com\/es\/product\/mini-video-head\/\" \/>\n<meta property=\"og:site_name\" content=\"D2D Hunting\" \/>\n<meta property=\"article:modified_time\" content=\"2025-01-26T19:01:51+00:00\" \/>\n<meta property=\"og:image\" content=\"https:\/\/d2dhunting.com\/wp-content\/uploads\/2025\/01\/Mini-Video-Head-with-Phone-Mount-02-_1.jpg\" \/>\n\t<meta property=\"og:image:width\" content=\"960\" \/>\n\t<meta property=\"og:image:height\" content=\"960\" \/>\n\t<meta property=\"og:image:type\" content=\"image\/jpeg\" \/>\n<meta name=\"twitter:card\" content=\"summary_large_image\" \/>\n<meta name=\"twitter:label1\" content=\"Tiempo de lectura\" \/>\n\t<meta name=\"twitter:data1\" content=\"1 minuto\" \/>\n<script type=\"application\/ld+json\" class=\"yoast-schema-graph\">{\"@context\":\"https:\/\/schema.org\",\"@graph\":[{\"@type\":[\"WebPage\",\"CollectionPage\"],\"@id\":\"https:\/\/d2dhunting.com\/es\/product\/mini-video-head\/\",\"url\":\"https:\/\/d2dhunting.com\/es\/product\/mini-video-head\/\",\"name\":\"Minicabezal de v\u00eddeo - D2D Hunting\",\"isPartOf\":{\"@id\":\"https:\/\/d2dhunting.com\/#website\"},\"primaryImageOfPage\":{\"@id\":\"https:\/\/d2dhunting.com\/es\/product\/mini-video-head\/#primaryimage\"},\"image\":{\"@id\":\"https:\/\/d2dhunting.com\/es\/product\/mini-video-head\/#primaryimage\"},\"thumbnailUrl\":\"https:\/\/d2dhunting.com\/wp-content\/uploads\/2025\/01\/Mini-Video-Head-with-Phone-Mount-02-_1.jpg\",\"datePublished\":\"2025-01-26T18:48:23+00:00\",\"dateModified\":\"2025-01-26T19:01:51+00:00\",\"description\":\"Los cabezales de v\u00eddeo son esenciales para obtener un metraje fluido mientras filma su caza.\",\"breadcrumb\":{\"@id\":\"https:\/\/d2dhunting.com\/es\/product\/mini-video-head\/#breadcrumb\"},\"inLanguage\":\"es\"},{\"@type\":\"ImageObject\",\"inLanguage\":\"es\",\"@id\":\"https:\/\/d2dhunting.com\/es\/product\/mini-video-head\/#primaryimage\",\"url\":\"https:\/\/d2dhunting.com\/wp-content\/uploads\/2025\/01\/Mini-Video-Head-with-Phone-Mount-02-_1.jpg\",\"contentUrl\":\"https:\/\/d2dhunting.com\/wp-content\/uploads\/2025\/01\/Mini-Video-Head-with-Phone-Mount-02-_1.jpg\",\"width\":960,\"height\":960},{\"@type\":\"BreadcrumbList\",\"@id\":\"https:\/\/d2dhunting.com\/es\/product\/mini-video-head\/#breadcrumb\",\"itemListElement\":[{\"@type\":\"ListItem\",\"position\":1,\"name\":\"Home\",\"item\":\"https:\/\/d2dhunting.com\/es\/\"},{\"@type\":\"ListItem\",\"position\":2,\"name\":\"Tienda ES\",\"item\":\"https:\/\/d2dhunting.com\/es\/tienda-2\/\"},{\"@type\":\"ListItem\",\"position\":3,\"name\":\"Minicabezal de v\u00eddeo\"}]},{\"@type\":\"WebSite\",\"@id\":\"https:\/\/d2dhunting.com\/#website\",\"url\":\"https:\/\/d2dhunting.com\/\",\"name\":\"D2D Hunting\",\"description\":\"D2D was born with the idea of promoting still stalk hunting, through the distribution of quality equipment for the hunter.\",\"publisher\":{\"@id\":\"https:\/\/d2dhunting.com\/#organization\"},\"potentialAction\":[{\"@type\":\"SearchAction\",\"target\":{\"@type\":\"EntryPoint\",\"urlTemplate\":\"https:\/\/d2dhunting.com\/?s={search_term_string}\"},\"query-input\":{\"@type\":\"PropertyValueSpecification\",\"valueRequired\":true,\"valueName\":\"search_term_string\"}}],\"inLanguage\":\"es\"},{\"@type\":\"Organization\",\"@id\":\"https:\/\/d2dhunting.com\/#organization\",\"name\":\"D2D Hunting\",\"url\":\"https:\/\/d2dhunting.com\/\",\"logo\":{\"@type\":\"ImageObject\",\"inLanguage\":\"es\",\"@id\":\"https:\/\/d2dhunting.com\/#\/schema\/logo\/image\/\",\"url\":\"https:\/\/d2dhunting.com\/wp-content\/uploads\/2023\/12\/Logo_Completo.png\",\"contentUrl\":\"https:\/\/d2dhunting.com\/wp-content\/uploads\/2023\/12\/Logo_Completo.png\",\"width\":740,\"height\":308,\"caption\":\"D2D Hunting\"},\"image\":{\"@id\":\"https:\/\/d2dhunting.com\/#\/schema\/logo\/image\/\"}}]}<\/script>\n<!-- \/ Yoast SEO plugin. -->","yoast_head_json":{"title":"Minicabezal de v\u00eddeo - D2D Hunting","description":"Los cabezales de v\u00eddeo son esenciales para obtener un metraje fluido mientras filma su caza.","robots":{"index":"index","follow":"follow","max-snippet":"max-snippet:-1","max-image-preview":"max-image-preview:large","max-video-preview":"max-video-preview:-1"},"canonical":"https:\/\/d2dhunting.com\/es\/product\/mini-video-head\/","og_locale":"es_ES","og_type":"article","og_title":"Minicabezal de v\u00eddeo - D2D Hunting","og_description":"Los cabezales de v\u00eddeo son esenciales para obtener un metraje fluido mientras filma su caza.","og_url":"https:\/\/d2dhunting.com\/es\/product\/mini-video-head\/","og_site_name":"D2D Hunting","article_modified_time":"2025-01-26T19:01:51+00:00","og_image":[{"width":960,"height":960,"url":"https:\/\/d2dhunting.com\/wp-content\/uploads\/2025\/01\/Mini-Video-Head-with-Phone-Mount-02-_1.jpg","type":"image\/jpeg"}],"twitter_card":"summary_large_image","twitter_misc":{"Tiempo de lectura":"1 minuto"},"schema":{"@context":"https:\/\/schema.org","@graph":[{"@type":["WebPage","CollectionPage"],"@id":"https:\/\/d2dhunting.com\/es\/product\/mini-video-head\/","url":"https:\/\/d2dhunting.com\/es\/product\/mini-video-head\/","name":"Minicabezal de v\u00eddeo - D2D Hunting","isPartOf":{"@id":"https:\/\/d2dhunting.com\/#website"},"primaryImageOfPage":{"@id":"https:\/\/d2dhunting.com\/es\/product\/mini-video-head\/#primaryimage"},"image":{"@id":"https:\/\/d2dhunting.com\/es\/product\/mini-video-head\/#primaryimage"},"thumbnailUrl":"https:\/\/d2dhunting.com\/wp-content\/uploads\/2025\/01\/Mini-Video-Head-with-Phone-Mount-02-_1.jpg","datePublished":"2025-01-26T18:48:23+00:00","dateModified":"2025-01-26T19:01:51+00:00","description":"Los cabezales de v\u00eddeo son esenciales para obtener un metraje fluido mientras filma su caza.","breadcrumb":{"@id":"https:\/\/d2dhunting.com\/es\/product\/mini-video-head\/#breadcrumb"},"inLanguage":"es"},{"@type":"ImageObject","inLanguage":"es","@id":"https:\/\/d2dhunting.com\/es\/product\/mini-video-head\/#primaryimage","url":"https:\/\/d2dhunting.com\/wp-content\/uploads\/2025\/01\/Mini-Video-Head-with-Phone-Mount-02-_1.jpg","contentUrl":"https:\/\/d2dhunting.com\/wp-content\/uploads\/2025\/01\/Mini-Video-Head-with-Phone-Mount-02-_1.jpg","width":960,"height":960},{"@type":"BreadcrumbList","@id":"https:\/\/d2dhunting.com\/es\/product\/mini-video-head\/#breadcrumb","itemListElement":[{"@type":"ListItem","position":1,"name":"Home","item":"https:\/\/d2dhunting.com\/es\/"},{"@type":"ListItem","position":2,"name":"Tienda ES","item":"https:\/\/d2dhunting.com\/es\/tienda-2\/"},{"@type":"ListItem","position":3,"name":"Minicabezal de v\u00eddeo"}]},{"@type":"WebSite","@id":"https:\/\/d2dhunting.com\/#website","url":"https:\/\/d2dhunting.com\/","name":"D2D Hunting","description":"D2D was born with the idea of promoting still stalk hunting, through the distribution of quality equipment for the hunter.","publisher":{"@id":"https:\/\/d2dhunting.com\/#organization"},"potentialAction":[{"@type":"SearchAction","target":{"@type":"EntryPoint","urlTemplate":"https:\/\/d2dhunting.com\/?s={search_term_string}"},"query-input":{"@type":"PropertyValueSpecification","valueRequired":true,"valueName":"search_term_string"}}],"inLanguage":"es"},{"@type":"Organization","@id":"https:\/\/d2dhunting.com\/#organization","name":"D2D Hunting","url":"https:\/\/d2dhunting.com\/","logo":{"@type":"ImageObject","inLanguage":"es","@id":"https:\/\/d2dhunting.com\/#\/schema\/logo\/image\/","url":"https:\/\/d2dhunting.com\/wp-content\/uploads\/2023\/12\/Logo_Completo.png","contentUrl":"https:\/\/d2dhunting.com\/wp-content\/uploads\/2023\/12\/Logo_Completo.png","width":740,"height":308,"caption":"D2D Hunting"},"image":{"@id":"https:\/\/d2dhunting.com\/#\/schema\/logo\/image\/"}}]}},"brands":[{"id":3034,"name":"Fourth arrow camera armas","slug":"fourth-arrow-camera-armas"}],"_links":{"self":[{"href":"https:\/\/d2dhunting.com\/es\/wp-json\/wp\/v2\/product\/18603","targetHints":{"allow":["GET"]}}],"collection":[{"href":"https:\/\/d2dhunting.com\/es\/wp-json\/wp\/v2\/product"}],"about":[{"href":"https:\/\/d2dhunting.com\/es\/wp-json\/wp\/v2\/types\/product"}],"wp:featuredmedia":[{"embeddable":true,"href":"https:\/\/d2dhunting.com\/es\/wp-json\/wp\/v2\/media\/18602"}],"wp:attachment":[{"href":"https:\/\/d2dhunting.com\/es\/wp-json\/wp\/v2\/media?parent=18603"}],"wp:term":[{"taxonomy":"pwb-brand","embeddable":true,"href":"https:\/\/d2dhunting.com\/es\/wp-json\/wp\/v2\/pwb-brand?post=18603"},{"taxonomy":"product_brand","embeddable":true,"href":"https:\/\/d2dhunting.com\/es\/wp-json\/wp\/v2\/product_brand?post=18603"},{"taxonomy":"product_cat","embeddable":true,"href":"https:\/\/d2dhunting.com\/es\/wp-json\/wp\/v2\/product_cat?post=18603"},{"taxonomy":"product_tag","embeddable":true,"href":"https:\/\/d2dhunting.com\/es\/wp-json\/wp\/v2\/product_tag?post=18603"},{"taxonomy":"giftcard-category","embeddable":true,"href":"https:\/\/d2dhunting.com\/es\/wp-json\/wp\/v2\/giftcard-category?post=18603"}],"curies":[{"name":"wp","href":"https:\/\/api.w.org\/{rel}","templated":true}]}}