{"id":18626,"date":"2025-01-26T19:12:36","date_gmt":"2025-01-26T19:12:36","guid":{"rendered":"https:\/\/d2dhunting.com\/product\/fluid-head\/"},"modified":"2025-02-04T10:00:51","modified_gmt":"2025-02-04T10:00:51","slug":"fluid-head","status":"publish","type":"product","link":"https:\/\/d2dhunting.com\/es\/product\/fluid-head\/","title":{"rendered":"Fluid Head"},"content":{"rendered":"<p>Las cabezas de fluido son esenciales para obtener un metraje fluido mientras graba su caza. El cabezal de fluido Fourth Arrow es un cabezal de tama\u00f1o medio, resistente con movimiento fluido dise\u00f1ado para su uso con c\u00e1maras medianas y grandes (DSRLs, Bridge, Mirrorless y videoc\u00e1maras). Nuestra cabeza de fluido viene completa con una placa de liberaci\u00f3n r\u00e1pida que se atornilla en la parte inferior de su c\u00e1mara y se une al cuerpo de la cabeza de v\u00eddeo para facilitar su extracci\u00f3n. Una cabeza de fluido de alta resistencia, pero compacta con todos los ajustes que necesita para tomar im\u00e1genes suaves de su caza.<\/p>\n<p>Esta cabeza de fluido no se recomienda para c\u00e1maras peque\u00f1as. Funciona mejor con c\u00e1maras que pesen al menos 2,5 libras y que sean ligeramente pesadas en la parte delantera. La funci\u00f3n de contrapeso de la cabeza de fluido no se recomienda para c\u00e1maras peque\u00f1as y ligeras.<\/p>\n","protected":false},"excerpt":{"rendered":"<p>Las cabezas de fluido son esenciales para obtener un metraje fluido mientras graba su caza. El cabezal de fluido Fourth Arrow es un cabezal de tama\u00f1o medio, resistente con movimiento fluido dise\u00f1ado para su uso con c\u00e1maras medianas y grandes (DSRLs, Bridge, Mirrorless y videoc\u00e1maras).<\/p>\n","protected":false},"featured_media":18613,"template":"","meta":{"_acf_changed":false},"pwb-brand":[3034],"product_brand":[],"product_cat":[2945],"product_tag":[],"giftcard-category":[],"class_list":{"0":"post-18626","1":"product","2":"type-product","3":"status-publish","4":"has-post-thumbnail","6":"pwb-brand-fourth-arrow-camera-armas","7":"product_cat-brazos-de-camara","9":"first","10":"instock","11":"taxable","12":"shipping-taxable","13":"purchasable","14":"product-type-simple"},"acf":[],"yoast_head":"<!-- This site is optimized with the Yoast SEO plugin v27.2 - https:\/\/yoast.com\/product\/yoast-seo-wordpress\/ -->\n<title>Fluid Head - D2D Hunting<\/title>\n<meta name=\"description\" content=\"Las cabezas de fluido son esenciales para obtener un metraje fluido mientras graba su caza. El cabezal de fluido Fourth Arrow es un cabezal de tama\u00f1o medio, resistente con movimiento fluido dise\u00f1ado para su uso con c\u00e1maras medianas y grandes (DSRLs, Bridge, Mirrorless y videoc\u00e1maras).\" \/>\n<meta name=\"robots\" content=\"index, follow, max-snippet:-1, max-image-preview:large, max-video-preview:-1\" \/>\n<link rel=\"canonical\" href=\"https:\/\/d2dhunting.com\/es\/product\/fluid-head\/\" \/>\n<meta property=\"og:locale\" content=\"es_ES\" \/>\n<meta property=\"og:type\" content=\"article\" \/>\n<meta property=\"og:title\" content=\"Fluid Head - D2D Hunting\" \/>\n<meta property=\"og:description\" content=\"Las cabezas de fluido son esenciales para obtener un metraje fluido mientras graba su caza. El cabezal de fluido Fourth Arrow es un cabezal de tama\u00f1o medio, resistente con movimiento fluido dise\u00f1ado para su uso con c\u00e1maras medianas y grandes (DSRLs, Bridge, Mirrorless y videoc\u00e1maras).\" \/>\n<meta property=\"og:url\" content=\"https:\/\/d2dhunting.com\/es\/product\/fluid-head\/\" \/>\n<meta property=\"og:site_name\" content=\"D2D Hunting\" \/>\n<meta property=\"article:modified_time\" content=\"2025-02-04T10:00:51+00:00\" \/>\n<meta property=\"og:image\" content=\"https:\/\/d2dhunting.com\/wp-content\/uploads\/2025\/01\/0000795_fourth-arrow-fluid-head.webp\" \/>\n\t<meta property=\"og:image:width\" content=\"960\" \/>\n\t<meta property=\"og:image:height\" content=\"960\" \/>\n\t<meta property=\"og:image:type\" content=\"image\/webp\" \/>\n<meta name=\"twitter:card\" content=\"summary_large_image\" \/>\n<meta name=\"twitter:label1\" content=\"Tiempo de lectura\" \/>\n\t<meta name=\"twitter:data1\" content=\"1 minuto\" \/>\n<script type=\"application\/ld+json\" class=\"yoast-schema-graph\">{\"@context\":\"https:\/\/schema.org\",\"@graph\":[{\"@type\":[\"WebPage\",\"CollectionPage\"],\"@id\":\"https:\/\/d2dhunting.com\/es\/product\/fluid-head\/\",\"url\":\"https:\/\/d2dhunting.com\/es\/product\/fluid-head\/\",\"name\":\"Fluid Head - D2D Hunting\",\"isPartOf\":{\"@id\":\"https:\/\/d2dhunting.com\/#website\"},\"primaryImageOfPage\":{\"@id\":\"https:\/\/d2dhunting.com\/es\/product\/fluid-head\/#primaryimage\"},\"image\":{\"@id\":\"https:\/\/d2dhunting.com\/es\/product\/fluid-head\/#primaryimage\"},\"thumbnailUrl\":\"https:\/\/d2dhunting.com\/wp-content\/uploads\/2025\/01\/0000795_fourth-arrow-fluid-head.webp\",\"datePublished\":\"2025-01-26T19:12:36+00:00\",\"dateModified\":\"2025-02-04T10:00:51+00:00\",\"description\":\"Las cabezas de fluido son esenciales para obtener un metraje fluido mientras graba su caza. El cabezal de fluido Fourth Arrow es un cabezal de tama\u00f1o medio, resistente con movimiento fluido dise\u00f1ado para su uso con c\u00e1maras medianas y grandes (DSRLs, Bridge, Mirrorless y videoc\u00e1maras).\",\"breadcrumb\":{\"@id\":\"https:\/\/d2dhunting.com\/es\/product\/fluid-head\/#breadcrumb\"},\"inLanguage\":\"es\"},{\"@type\":\"ImageObject\",\"inLanguage\":\"es\",\"@id\":\"https:\/\/d2dhunting.com\/es\/product\/fluid-head\/#primaryimage\",\"url\":\"https:\/\/d2dhunting.com\/wp-content\/uploads\/2025\/01\/0000795_fourth-arrow-fluid-head.webp\",\"contentUrl\":\"https:\/\/d2dhunting.com\/wp-content\/uploads\/2025\/01\/0000795_fourth-arrow-fluid-head.webp\",\"width\":960,\"height\":960},{\"@type\":\"BreadcrumbList\",\"@id\":\"https:\/\/d2dhunting.com\/es\/product\/fluid-head\/#breadcrumb\",\"itemListElement\":[{\"@type\":\"ListItem\",\"position\":1,\"name\":\"Home\",\"item\":\"https:\/\/d2dhunting.com\/es\/\"},{\"@type\":\"ListItem\",\"position\":2,\"name\":\"Tienda ES\",\"item\":\"https:\/\/d2dhunting.com\/es\/tienda-2\/\"},{\"@type\":\"ListItem\",\"position\":3,\"name\":\"Fluid Head\"}]},{\"@type\":\"WebSite\",\"@id\":\"https:\/\/d2dhunting.com\/#website\",\"url\":\"https:\/\/d2dhunting.com\/\",\"name\":\"D2D Hunting\",\"description\":\"D2D was born with the idea of promoting still stalk hunting, through the distribution of quality equipment for the hunter.\",\"publisher\":{\"@id\":\"https:\/\/d2dhunting.com\/#organization\"},\"potentialAction\":[{\"@type\":\"SearchAction\",\"target\":{\"@type\":\"EntryPoint\",\"urlTemplate\":\"https:\/\/d2dhunting.com\/?s={search_term_string}\"},\"query-input\":{\"@type\":\"PropertyValueSpecification\",\"valueRequired\":true,\"valueName\":\"search_term_string\"}}],\"inLanguage\":\"es\"},{\"@type\":\"Organization\",\"@id\":\"https:\/\/d2dhunting.com\/#organization\",\"name\":\"D2D Hunting\",\"url\":\"https:\/\/d2dhunting.com\/\",\"logo\":{\"@type\":\"ImageObject\",\"inLanguage\":\"es\",\"@id\":\"https:\/\/d2dhunting.com\/#\/schema\/logo\/image\/\",\"url\":\"https:\/\/d2dhunting.com\/wp-content\/uploads\/2023\/12\/Logo_Completo.png\",\"contentUrl\":\"https:\/\/d2dhunting.com\/wp-content\/uploads\/2023\/12\/Logo_Completo.png\",\"width\":740,\"height\":308,\"caption\":\"D2D Hunting\"},\"image\":{\"@id\":\"https:\/\/d2dhunting.com\/#\/schema\/logo\/image\/\"}}]}<\/script>\n<!-- \/ Yoast SEO plugin. -->","yoast_head_json":{"title":"Fluid Head - D2D Hunting","description":"Las cabezas de fluido son esenciales para obtener un metraje fluido mientras graba su caza. El cabezal de fluido Fourth Arrow es un cabezal de tama\u00f1o medio, resistente con movimiento fluido dise\u00f1ado para su uso con c\u00e1maras medianas y grandes (DSRLs, Bridge, Mirrorless y videoc\u00e1maras).","robots":{"index":"index","follow":"follow","max-snippet":"max-snippet:-1","max-image-preview":"max-image-preview:large","max-video-preview":"max-video-preview:-1"},"canonical":"https:\/\/d2dhunting.com\/es\/product\/fluid-head\/","og_locale":"es_ES","og_type":"article","og_title":"Fluid Head - D2D Hunting","og_description":"Las cabezas de fluido son esenciales para obtener un metraje fluido mientras graba su caza. El cabezal de fluido Fourth Arrow es un cabezal de tama\u00f1o medio, resistente con movimiento fluido dise\u00f1ado para su uso con c\u00e1maras medianas y grandes (DSRLs, Bridge, Mirrorless y videoc\u00e1maras).","og_url":"https:\/\/d2dhunting.com\/es\/product\/fluid-head\/","og_site_name":"D2D Hunting","article_modified_time":"2025-02-04T10:00:51+00:00","og_image":[{"width":960,"height":960,"url":"https:\/\/d2dhunting.com\/wp-content\/uploads\/2025\/01\/0000795_fourth-arrow-fluid-head.webp","type":"image\/webp"}],"twitter_card":"summary_large_image","twitter_misc":{"Tiempo de lectura":"1 minuto"},"schema":{"@context":"https:\/\/schema.org","@graph":[{"@type":["WebPage","CollectionPage"],"@id":"https:\/\/d2dhunting.com\/es\/product\/fluid-head\/","url":"https:\/\/d2dhunting.com\/es\/product\/fluid-head\/","name":"Fluid Head - D2D Hunting","isPartOf":{"@id":"https:\/\/d2dhunting.com\/#website"},"primaryImageOfPage":{"@id":"https:\/\/d2dhunting.com\/es\/product\/fluid-head\/#primaryimage"},"image":{"@id":"https:\/\/d2dhunting.com\/es\/product\/fluid-head\/#primaryimage"},"thumbnailUrl":"https:\/\/d2dhunting.com\/wp-content\/uploads\/2025\/01\/0000795_fourth-arrow-fluid-head.webp","datePublished":"2025-01-26T19:12:36+00:00","dateModified":"2025-02-04T10:00:51+00:00","description":"Las cabezas de fluido son esenciales para obtener un metraje fluido mientras graba su caza. El cabezal de fluido Fourth Arrow es un cabezal de tama\u00f1o medio, resistente con movimiento fluido dise\u00f1ado para su uso con c\u00e1maras medianas y grandes (DSRLs, Bridge, Mirrorless y videoc\u00e1maras).","breadcrumb":{"@id":"https:\/\/d2dhunting.com\/es\/product\/fluid-head\/#breadcrumb"},"inLanguage":"es"},{"@type":"ImageObject","inLanguage":"es","@id":"https:\/\/d2dhunting.com\/es\/product\/fluid-head\/#primaryimage","url":"https:\/\/d2dhunting.com\/wp-content\/uploads\/2025\/01\/0000795_fourth-arrow-fluid-head.webp","contentUrl":"https:\/\/d2dhunting.com\/wp-content\/uploads\/2025\/01\/0000795_fourth-arrow-fluid-head.webp","width":960,"height":960},{"@type":"BreadcrumbList","@id":"https:\/\/d2dhunting.com\/es\/product\/fluid-head\/#breadcrumb","itemListElement":[{"@type":"ListItem","position":1,"name":"Home","item":"https:\/\/d2dhunting.com\/es\/"},{"@type":"ListItem","position":2,"name":"Tienda ES","item":"https:\/\/d2dhunting.com\/es\/tienda-2\/"},{"@type":"ListItem","position":3,"name":"Fluid Head"}]},{"@type":"WebSite","@id":"https:\/\/d2dhunting.com\/#website","url":"https:\/\/d2dhunting.com\/","name":"D2D Hunting","description":"D2D was born with the idea of promoting still stalk hunting, through the distribution of quality equipment for the hunter.","publisher":{"@id":"https:\/\/d2dhunting.com\/#organization"},"potentialAction":[{"@type":"SearchAction","target":{"@type":"EntryPoint","urlTemplate":"https:\/\/d2dhunting.com\/?s={search_term_string}"},"query-input":{"@type":"PropertyValueSpecification","valueRequired":true,"valueName":"search_term_string"}}],"inLanguage":"es"},{"@type":"Organization","@id":"https:\/\/d2dhunting.com\/#organization","name":"D2D Hunting","url":"https:\/\/d2dhunting.com\/","logo":{"@type":"ImageObject","inLanguage":"es","@id":"https:\/\/d2dhunting.com\/#\/schema\/logo\/image\/","url":"https:\/\/d2dhunting.com\/wp-content\/uploads\/2023\/12\/Logo_Completo.png","contentUrl":"https:\/\/d2dhunting.com\/wp-content\/uploads\/2023\/12\/Logo_Completo.png","width":740,"height":308,"caption":"D2D Hunting"},"image":{"@id":"https:\/\/d2dhunting.com\/#\/schema\/logo\/image\/"}}]}},"brands":[{"id":3034,"name":"Fourth arrow camera armas","slug":"fourth-arrow-camera-armas"}],"_links":{"self":[{"href":"https:\/\/d2dhunting.com\/es\/wp-json\/wp\/v2\/product\/18626","targetHints":{"allow":["GET"]}}],"collection":[{"href":"https:\/\/d2dhunting.com\/es\/wp-json\/wp\/v2\/product"}],"about":[{"href":"https:\/\/d2dhunting.com\/es\/wp-json\/wp\/v2\/types\/product"}],"wp:featuredmedia":[{"embeddable":true,"href":"https:\/\/d2dhunting.com\/es\/wp-json\/wp\/v2\/media\/18613"}],"wp:attachment":[{"href":"https:\/\/d2dhunting.com\/es\/wp-json\/wp\/v2\/media?parent=18626"}],"wp:term":[{"taxonomy":"pwb-brand","embeddable":true,"href":"https:\/\/d2dhunting.com\/es\/wp-json\/wp\/v2\/pwb-brand?post=18626"},{"taxonomy":"product_brand","embeddable":true,"href":"https:\/\/d2dhunting.com\/es\/wp-json\/wp\/v2\/product_brand?post=18626"},{"taxonomy":"product_cat","embeddable":true,"href":"https:\/\/d2dhunting.com\/es\/wp-json\/wp\/v2\/product_cat?post=18626"},{"taxonomy":"product_tag","embeddable":true,"href":"https:\/\/d2dhunting.com\/es\/wp-json\/wp\/v2\/product_tag?post=18626"},{"taxonomy":"giftcard-category","embeddable":true,"href":"https:\/\/d2dhunting.com\/es\/wp-json\/wp\/v2\/giftcard-category?post=18626"}],"curies":[{"name":"wp","href":"https:\/\/api.w.org\/{rel}","templated":true}]}}